{"id":18141,"date":"2026-03-09T14:01:07","date_gmt":"2026-03-09T14:01:07","guid":{"rendered":"https:\/\/wmtbaltic.lv\/?post_type=product&#038;p=18141"},"modified":"2026-03-09T14:33:57","modified_gmt":"2026-03-09T14:33:57","slug":"fiksators-kl100-50kg-swl","status":"publish","type":"product","link":"https:\/\/wmtbaltic.lv\/en\/product\/fiksators-kl100-50kg-swl\/","title":{"rendered":"Fiksators KL100 50kg SWL"},"content":{"rendered":"","protected":false},"excerpt":{"rendered":"<div class=\"elementor-element elementor-element-459efad e-con-full e-flex e-con e-child\" data-id=\"459efad\" data-element_type=\"container\" data-e-type=\"container\">\r\n<div class=\"elementor-element elementor-element-1b8be9a elementor-hidden-mobile elementor-widget elementor-widget-woocommerce-product-content\" data-id=\"1b8be9a\" data-element_type=\"widget\" data-e-type=\"widget\" data-widget_type=\"woocommerce-product-content.default\">\r\n<div class=\"elementor-widget-container\">\r\n\r\nFiksators KL100 50kg SWL\r\n\r\n&nbsp;\r\n<p data-path-to-node=\"1\">Iepaz\u012bstieties ar Zip-Clip Rize \u2014 t\u0113rauda troses fiksatoru ar vieglu atbr\u012bvo\u0161anas sist\u0113mu bez speci\u0101las atsl\u0113gas. Tas ir piem\u0113rots lieto\u0161anai ar cinkota t\u0113rauda tros\u0113m un ir izmantojams atk\u0101rtoti.<\/p>\r\n<p data-path-to-node=\"2\">\u0160ie troses fiksatori ir lieliski piem\u0113roti da\u017e\u0101diem uzdevumiem un ir izmantojami kop\u0101 ar t\u0113rauda konstrukcij\u0101m.<\/p>\r\n<p data-path-to-node=\"2\">\u0160ie fiksatori ir ide\u0101li piem\u0113roti HVAC (ventil\u0101cijas un gaisa kondicion\u0113\u0161anas), elektrosist\u0113mu, izk\u0101rt\u0146u un daudzu citu konstrukciju piek\u0101r\u0161anai, kur nepiecie\u0161ama \u0101tra un dro\u0161a troses nostiprin\u0101\u0161ana.<\/p>\r\n\r\n<\/div>\r\n<\/div>\r\n<\/div>","protected":false},"featured_media":18142,"comment_status":"closed","ping_status":"closed","template":"","meta":[],"product_brand":[],"product_cat":[951],"product_tag":[1332],"class_list":{"0":"post-18141","1":"product","2":"type-product","3":"status-publish","4":"has-post-thumbnail","6":"product_cat-speciali-stiprinajumi","7":"product_tag-galda-plaksnisu-tuetajs","9":"first","10":"instock","11":"shipping-taxable","12":"purchasable","13":"product-type-simple"},"yoast_head":"<!-- This site is optimized with the Yoast SEO plugin v27.4 - https:\/\/yoast.com\/product\/yoast-seo-wordpress\/ -->\n<title>Tur\u0113t\u0101js galda pl\u0101ksn\u012bt\u0113m Salzburg , nopirkt veikal\u0101 R\u012bg\u0101<\/title>\n<meta name=\"robots\" content=\"index, follow, max-snippet:-1, max-image-preview:large, max-video-preview:-1\" \/>\n<link rel=\"canonical\" href=\"https:\/\/wmtbaltic.lv\/product\/fiksators-kl100-50kg-swl\/\" \/>\n<meta property=\"og:locale\" content=\"en_US\" \/>\n<meta property=\"og:type\" content=\"article\" \/>\n<meta property=\"og:title\" content=\"Tur\u0113t\u0101js galda pl\u0101ksn\u012bt\u0113m Salzburg , nopirkt veikal\u0101 R\u012bg\u0101\" \/>\n<meta property=\"og:description\" content=\"Fiksators KL100 50kg SWL  &nbsp; Iepaz\u012bstieties ar Zip-Clip Rize \u2014 t\u0113rauda troses fiksatoru ar vieglu atbr\u012bvo\u0161anas sist\u0113mu bez speci\u0101las atsl\u0113gas. Tas ir piem\u0113rots lieto\u0161anai ar cinkota t\u0113rauda tros\u0113m un ir izmantojams atk\u0101rtoti. \u0160ie troses fiksatori ir lieliski piem\u0113roti da\u017e\u0101diem uzdevumiem un ir izmantojami kop\u0101 ar t\u0113rauda konstrukcij\u0101m. \u0160ie fiksatori ir ide\u0101li piem\u0113roti HVAC (ventil\u0101cijas un gaisa kondicion\u0113\u0161anas), elektrosist\u0113mu, izk\u0101rt\u0146u un daudzu citu konstrukciju piek\u0101r\u0161anai, kur nepiecie\u0161ama \u0101tra un dro\u0161a troses nostiprin\u0101\u0161ana.\" \/>\n<meta property=\"og:url\" content=\"https:\/\/wmtbaltic.lv\/product\/fiksators-kl100-50kg-swl\/\" \/>\n<meta property=\"og:site_name\" content=\"WMT Baltic\" \/>\n<meta property=\"article:publisher\" content=\"https:\/\/www.facebook.com\/WMT.Baltic.viscom\/?locale=lv_LV\" \/>\n<meta property=\"article:modified_time\" content=\"2026-03-09T14:33:57+00:00\" \/>\n<meta property=\"og:image\" content=\"http:\/\/wmtbaltic.lv\/wp-content\/uploads\/2026\/03\/fiksators-KL100_art.22340020-600x600-1.jpg\" \/>\n\t<meta property=\"og:image:width\" content=\"600\" \/>\n\t<meta property=\"og:image:height\" content=\"600\" \/>\n\t<meta property=\"og:image:type\" content=\"image\/jpeg\" \/>\n<meta name=\"twitter:card\" content=\"summary_large_image\" \/>\n<meta name=\"twitter:label1\" content=\"Est. reading time\" \/>\n\t<meta name=\"twitter:data1\" content=\"1 minute\" \/>\n<script type=\"application\/ld+json\" class=\"yoast-schema-graph\">{\"@context\":\"https:\\\/\\\/schema.org\",\"@graph\":[{\"@type\":\"WebPage\",\"@id\":\"https:\\\/\\\/wmtbaltic.lv\\\/product\\\/fiksators-kl100-50kg-swl\\\/\",\"url\":\"https:\\\/\\\/wmtbaltic.lv\\\/product\\\/fiksators-kl100-50kg-swl\\\/\",\"name\":\"Tur\u0113t\u0101js galda pl\u0101ksn\u012bt\u0113m Salzburg , nopirkt veikal\u0101 R\u012bg\u0101\",\"isPartOf\":{\"@id\":\"https:\\\/\\\/wmtbaltic.lv\\\/#website\"},\"primaryImageOfPage\":{\"@id\":\"https:\\\/\\\/wmtbaltic.lv\\\/product\\\/fiksators-kl100-50kg-swl\\\/#primaryimage\"},\"image\":{\"@id\":\"https:\\\/\\\/wmtbaltic.lv\\\/product\\\/fiksators-kl100-50kg-swl\\\/#primaryimage\"},\"thumbnailUrl\":\"https:\\\/\\\/wmtbaltic.lv\\\/wp-content\\\/uploads\\\/2026\\\/03\\\/fiksators-KL100_art.22340020-600x600-1.jpg\",\"datePublished\":\"2026-03-09T14:01:07+00:00\",\"dateModified\":\"2026-03-09T14:33:57+00:00\",\"breadcrumb\":{\"@id\":\"https:\\\/\\\/wmtbaltic.lv\\\/product\\\/fiksators-kl100-50kg-swl\\\/#breadcrumb\"},\"inLanguage\":\"en-US\",\"potentialAction\":[{\"@type\":\"ReadAction\",\"target\":[\"https:\\\/\\\/wmtbaltic.lv\\\/product\\\/fiksators-kl100-50kg-swl\\\/\"]}]},{\"@type\":\"ImageObject\",\"inLanguage\":\"en-US\",\"@id\":\"https:\\\/\\\/wmtbaltic.lv\\\/product\\\/fiksators-kl100-50kg-swl\\\/#primaryimage\",\"url\":\"https:\\\/\\\/wmtbaltic.lv\\\/wp-content\\\/uploads\\\/2026\\\/03\\\/fiksators-KL100_art.22340020-600x600-1.jpg\",\"contentUrl\":\"https:\\\/\\\/wmtbaltic.lv\\\/wp-content\\\/uploads\\\/2026\\\/03\\\/fiksators-KL100_art.22340020-600x600-1.jpg\",\"width\":600,\"height\":600},{\"@type\":\"BreadcrumbList\",\"@id\":\"https:\\\/\\\/wmtbaltic.lv\\\/product\\\/fiksators-kl100-50kg-swl\\\/#breadcrumb\",\"itemListElement\":[{\"@type\":\"ListItem\",\"position\":1,\"name\":\"Home\",\"item\":\"https:\\\/\\\/wmtbaltic.lv\\\/en\\\/\"},{\"@type\":\"ListItem\",\"position\":2,\"name\":\"Products\",\"item\":\"https:\\\/\\\/wmtbaltic.lv\\\/en\\\/shop\\\/\"},{\"@type\":\"ListItem\",\"position\":3,\"name\":\"Fiksators KL100 50kg SWL\"}]},{\"@type\":\"WebSite\",\"@id\":\"https:\\\/\\\/wmtbaltic.lv\\\/#website\",\"url\":\"https:\\\/\\\/wmtbaltic.lv\\\/\",\"name\":\"WMT Baltic\",\"description\":\"Rekl\u0101mas produkti, pl\u0113ves\",\"publisher\":{\"@id\":\"https:\\\/\\\/wmtbaltic.lv\\\/#organization\"},\"potentialAction\":[{\"@type\":\"SearchAction\",\"target\":{\"@type\":\"EntryPoint\",\"urlTemplate\":\"https:\\\/\\\/wmtbaltic.lv\\\/?s={search_term_string}\"},\"query-input\":{\"@type\":\"PropertyValueSpecification\",\"valueRequired\":true,\"valueName\":\"search_term_string\"}}],\"inLanguage\":\"en-US\"},{\"@type\":\"Organization\",\"@id\":\"https:\\\/\\\/wmtbaltic.lv\\\/#organization\",\"name\":\"WMT Baltic\",\"url\":\"https:\\\/\\\/wmtbaltic.lv\\\/\",\"logo\":{\"@type\":\"ImageObject\",\"inLanguage\":\"en-US\",\"@id\":\"https:\\\/\\\/wmtbaltic.lv\\\/#\\\/schema\\\/logo\\\/image\\\/\",\"url\":\"https:\\\/\\\/wmtbaltic.lv\\\/wp-content\\\/uploads\\\/2024\\\/12\\\/wmt-baltic-sia_107142_9_420x180.jpg\",\"contentUrl\":\"https:\\\/\\\/wmtbaltic.lv\\\/wp-content\\\/uploads\\\/2024\\\/12\\\/wmt-baltic-sia_107142_9_420x180.jpg\",\"width\":420,\"height\":180,\"caption\":\"WMT Baltic\"},\"image\":{\"@id\":\"https:\\\/\\\/wmtbaltic.lv\\\/#\\\/schema\\\/logo\\\/image\\\/\"},\"sameAs\":[\"https:\\\/\\\/www.facebook.com\\\/WMT.Baltic.viscom\\\/?locale=lv_LV\",\"https:\\\/\\\/www.instagram.com\\\/viscom_wmt\\\/\"]}]}<\/script>\n<!-- \/ Yoast SEO plugin. -->","yoast_head_json":{"title":"Tur\u0113t\u0101js galda pl\u0101ksn\u012bt\u0113m Salzburg , nopirkt veikal\u0101 R\u012bg\u0101","robots":{"index":"index","follow":"follow","max-snippet":"max-snippet:-1","max-image-preview":"max-image-preview:large","max-video-preview":"max-video-preview:-1"},"canonical":"https:\/\/wmtbaltic.lv\/product\/fiksators-kl100-50kg-swl\/","og_locale":"en_US","og_type":"article","og_title":"Tur\u0113t\u0101js galda pl\u0101ksn\u012bt\u0113m Salzburg , nopirkt veikal\u0101 R\u012bg\u0101","og_description":"Fiksators KL100 50kg SWL  &nbsp; Iepaz\u012bstieties ar Zip-Clip Rize \u2014 t\u0113rauda troses fiksatoru ar vieglu atbr\u012bvo\u0161anas sist\u0113mu bez speci\u0101las atsl\u0113gas. Tas ir piem\u0113rots lieto\u0161anai ar cinkota t\u0113rauda tros\u0113m un ir izmantojams atk\u0101rtoti. \u0160ie troses fiksatori ir lieliski piem\u0113roti da\u017e\u0101diem uzdevumiem un ir izmantojami kop\u0101 ar t\u0113rauda konstrukcij\u0101m. \u0160ie fiksatori ir ide\u0101li piem\u0113roti HVAC (ventil\u0101cijas un gaisa kondicion\u0113\u0161anas), elektrosist\u0113mu, izk\u0101rt\u0146u un daudzu citu konstrukciju piek\u0101r\u0161anai, kur nepiecie\u0161ama \u0101tra un dro\u0161a troses nostiprin\u0101\u0161ana.","og_url":"https:\/\/wmtbaltic.lv\/product\/fiksators-kl100-50kg-swl\/","og_site_name":"WMT Baltic","article_publisher":"https:\/\/www.facebook.com\/WMT.Baltic.viscom\/?locale=lv_LV","article_modified_time":"2026-03-09T14:33:57+00:00","og_image":[{"width":600,"height":600,"url":"http:\/\/wmtbaltic.lv\/wp-content\/uploads\/2026\/03\/fiksators-KL100_art.22340020-600x600-1.jpg","type":"image\/jpeg"}],"twitter_card":"summary_large_image","twitter_misc":{"Est. reading time":"1 minute"},"schema":{"@context":"https:\/\/schema.org","@graph":[{"@type":"WebPage","@id":"https:\/\/wmtbaltic.lv\/product\/fiksators-kl100-50kg-swl\/","url":"https:\/\/wmtbaltic.lv\/product\/fiksators-kl100-50kg-swl\/","name":"Tur\u0113t\u0101js galda pl\u0101ksn\u012bt\u0113m Salzburg , nopirkt veikal\u0101 R\u012bg\u0101","isPartOf":{"@id":"https:\/\/wmtbaltic.lv\/#website"},"primaryImageOfPage":{"@id":"https:\/\/wmtbaltic.lv\/product\/fiksators-kl100-50kg-swl\/#primaryimage"},"image":{"@id":"https:\/\/wmtbaltic.lv\/product\/fiksators-kl100-50kg-swl\/#primaryimage"},"thumbnailUrl":"https:\/\/wmtbaltic.lv\/wp-content\/uploads\/2026\/03\/fiksators-KL100_art.22340020-600x600-1.jpg","datePublished":"2026-03-09T14:01:07+00:00","dateModified":"2026-03-09T14:33:57+00:00","breadcrumb":{"@id":"https:\/\/wmtbaltic.lv\/product\/fiksators-kl100-50kg-swl\/#breadcrumb"},"inLanguage":"en-US","potentialAction":[{"@type":"ReadAction","target":["https:\/\/wmtbaltic.lv\/product\/fiksators-kl100-50kg-swl\/"]}]},{"@type":"ImageObject","inLanguage":"en-US","@id":"https:\/\/wmtbaltic.lv\/product\/fiksators-kl100-50kg-swl\/#primaryimage","url":"https:\/\/wmtbaltic.lv\/wp-content\/uploads\/2026\/03\/fiksators-KL100_art.22340020-600x600-1.jpg","contentUrl":"https:\/\/wmtbaltic.lv\/wp-content\/uploads\/2026\/03\/fiksators-KL100_art.22340020-600x600-1.jpg","width":600,"height":600},{"@type":"BreadcrumbList","@id":"https:\/\/wmtbaltic.lv\/product\/fiksators-kl100-50kg-swl\/#breadcrumb","itemListElement":[{"@type":"ListItem","position":1,"name":"Home","item":"https:\/\/wmtbaltic.lv\/en\/"},{"@type":"ListItem","position":2,"name":"Products","item":"https:\/\/wmtbaltic.lv\/en\/shop\/"},{"@type":"ListItem","position":3,"name":"Fiksators KL100 50kg SWL"}]},{"@type":"WebSite","@id":"https:\/\/wmtbaltic.lv\/#website","url":"https:\/\/wmtbaltic.lv\/","name":"WMT Baltic","description":"Rekl\u0101mas produkti, pl\u0113ves","publisher":{"@id":"https:\/\/wmtbaltic.lv\/#organization"},"potentialAction":[{"@type":"SearchAction","target":{"@type":"EntryPoint","urlTemplate":"https:\/\/wmtbaltic.lv\/?s={search_term_string}"},"query-input":{"@type":"PropertyValueSpecification","valueRequired":true,"valueName":"search_term_string"}}],"inLanguage":"en-US"},{"@type":"Organization","@id":"https:\/\/wmtbaltic.lv\/#organization","name":"WMT Baltic","url":"https:\/\/wmtbaltic.lv\/","logo":{"@type":"ImageObject","inLanguage":"en-US","@id":"https:\/\/wmtbaltic.lv\/#\/schema\/logo\/image\/","url":"https:\/\/wmtbaltic.lv\/wp-content\/uploads\/2024\/12\/wmt-baltic-sia_107142_9_420x180.jpg","contentUrl":"https:\/\/wmtbaltic.lv\/wp-content\/uploads\/2024\/12\/wmt-baltic-sia_107142_9_420x180.jpg","width":420,"height":180,"caption":"WMT Baltic"},"image":{"@id":"https:\/\/wmtbaltic.lv\/#\/schema\/logo\/image\/"},"sameAs":["https:\/\/www.facebook.com\/WMT.Baltic.viscom\/?locale=lv_LV","https:\/\/www.instagram.com\/viscom_wmt\/"]}]}},"_links":{"self":[{"href":"https:\/\/wmtbaltic.lv\/en\/wp-json\/wp\/v2\/product\/18141","targetHints":{"allow":["GET"]}}],"collection":[{"href":"https:\/\/wmtbaltic.lv\/en\/wp-json\/wp\/v2\/product"}],"about":[{"href":"https:\/\/wmtbaltic.lv\/en\/wp-json\/wp\/v2\/types\/product"}],"replies":[{"embeddable":true,"href":"https:\/\/wmtbaltic.lv\/en\/wp-json\/wp\/v2\/comments?post=18141"}],"wp:featuredmedia":[{"embeddable":true,"href":"https:\/\/wmtbaltic.lv\/en\/wp-json\/wp\/v2\/media\/18142"}],"wp:attachment":[{"href":"https:\/\/wmtbaltic.lv\/en\/wp-json\/wp\/v2\/media?parent=18141"}],"wp:term":[{"taxonomy":"product_brand","embeddable":true,"href":"https:\/\/wmtbaltic.lv\/en\/wp-json\/wp\/v2\/product_brand?post=18141"},{"taxonomy":"product_cat","embeddable":true,"href":"https:\/\/wmtbaltic.lv\/en\/wp-json\/wp\/v2\/product_cat?post=18141"},{"taxonomy":"product_tag","embeddable":true,"href":"https:\/\/wmtbaltic.lv\/en\/wp-json\/wp\/v2\/product_tag?post=18141"}],"curies":[{"name":"wp","href":"https:\/\/api.w.org\/{rel}","templated":true}]}}