{"id":17962,"date":"2025-09-17T08:51:13","date_gmt":"2025-09-17T08:51:13","guid":{"rendered":"https:\/\/wmtbaltic.lv\/?post_type=product&#038;p=17962"},"modified":"2025-09-17T08:52:48","modified_gmt":"2025-09-17T08:52:48","slug":"termoprese-cepurem-secabo-tcc-lite","status":"publish","type":"product","link":"https:\/\/wmtbaltic.lv\/en\/product\/termoprese-cepurem-secabo-tcc-lite\/","title":{"rendered":"Termoprese cepur\u0113m SECABO TCC LITE"},"content":{"rendered":"<p>Ar Secabo LITE s\u0113riju lietot\u0101ji ieg\u016bst vislab\u0101ko veiktsp\u0113ju un maksim\u0101lu \u0113rt\u012bbu, apstr\u0101d\u0101jot beisbola cepures un l\u012bdz\u012bgus izstr\u0101d\u0101jumus. Inovat\u012bv\u0101 TCC LITE cepuru termoprese nodro\u0161ina v\u0113l lab\u0101ku veiktsp\u0113ju, pateicoties jaun\u0101m apdares metod\u0113m.<\/p>\n<p>Lietot\u0101ji var veikt citas darb\u012bbas, jo vi\u0146iem nav j\u0101gaida blakus termopresei. Termopreses autom\u0101tisko atv\u0113r\u0161anu p\u0113c iestat\u012bt\u0101 laika beig\u0101m signaliz\u0113 ar ska\u0146as sign\u0101lu.<\/p>\n<p>Temperat\u016bru un termop\u0101rneses laiku var \u0113rti iepriek\u0161 izv\u0113l\u0113ties, izmantojot digit\u0101lo displeju. Autom\u0101tiski atveramajai TCC LITE termopresei ir liels atv\u0113r\u0161anas le\u0146\u0137is. Turkl\u0101t da\u017e\u0101du izm\u0113ru pamatnes elementi \u013cauj perfekti apstr\u0101d\u0101t ar\u012b \u012bpa\u0161i mazas vai \u012bpa\u0161i lielas cepures.<\/p>\n<p>Ar Secabo LITE s\u0113riju lietot\u0101ji ieg\u016bst vislab\u0101ko veiktsp\u0113ju un maksim\u0101lu \u0113rt\u012bbu.<\/p>\n<p>&nbsp;<\/p>\n<p><strong>Tehnisk\u0101 specifik\u0101cija:<\/strong><\/p>\n<p>Darba zona: 15 cm x 8 cm<br \/>\nSaloc\u012b\u0161anas le\u0146\u0137is: 0\u00b0 &#8211; 35\u00b0<br \/>\nMaksim\u0101l\u0101 temperat\u016bra: 220\u00b0C<br \/>\nMaksim\u0101lais iepriek\u0161 iestat\u012btais laiks: 999 s<br \/>\nMaks. piespied\u0113jsp\u0113ks: 300 g\/cm\u00b2<br \/>\nBaro\u0161anas avots: 230 V \/ 50 Hz &#8211; 60 Hz, 1,0 kW<br \/>\nApk\u0101rt\u0113j\u0101 vide: +5 \u00b0C &#8211; +35 \u00b0C \/ 30 % &#8211; 70 % mitrums<br \/>\nIzm\u0113ri aizv\u0113rt\u0101 veid\u0101 (P x A x Dz): 24 cm x 59 cm x 53 cm<br \/>\nIzm\u0113ri atv\u0113rt\u0101 veid\u0101 (P x A x Dz): 24 cm x 71 cm x 53 cm<br \/>\nPapildapr\u012bkojums: Pamatelementi citos izm\u0113ros<br \/>\nPieg\u0101des komplekts: Meh\u0101nisk\u0101 pamatne ar sildelementu, pamatelements 14,6 cm x 7,6 cm, vad\u012bbas bloks, C13 baro\u0161anas kabelis, instrumenti, lieto\u0161anas instrukcija<br \/>\nTermopreses svars bez iepakojuma: 20 kg<br \/>\nSvars ar iepakojumu: 24,60 kg<br \/>\nZ\u012bmols: Secabo<\/p>\n","protected":false},"excerpt":{"rendered":"Ar Secabo LITE s\u0113riju lietot\u0101ji ieg\u016bst vislab\u0101ko veiktsp\u0113ju un maksim\u0101lu \u0113rt\u012bbu, apstr\u0101d\u0101jot beisbola cepures un l\u012bdz\u012bgus izstr\u0101d\u0101jumus. Inovat\u012bv\u0101 TCC LITE cepuru termoprese nodro\u0161ina v\u0113l lab\u0101ku veiktsp\u0113ju, pateicoties jaun\u0101m apdares metod\u0113m. Lietot\u0101ji var veikt citas darb\u012bbas, jo vi\u0146iem nav j\u0101gaida blakus termopresei. Termopreses autom\u0101tisko atv\u0113r\u0161anu p\u0113c iestat\u012bt\u0101 laika beig\u0101m signaliz\u0113 ar ska\u0146as sign\u0101lu. Temperat\u016bru un termop\u0101rneses [...]","protected":false},"featured_media":17963,"template":"","meta":[],"product_brand":[],"product_cat":[244,260],"product_tag":[],"class_list":{"0":"post-17962","1":"product","2":"type-product","3":"status-publish","4":"has-post-thumbnail","6":"product_cat-specialas-termopreses","7":"product_cat-termopreses-iekartas-un-izejmateriali","9":"first","10":"instock","11":"shipping-taxable","12":"purchasable","13":"product-type-simple"},"yoast_head":"<!-- This site is optimized with the Yoast SEO plugin v27.5 - https:\/\/yoast.com\/product\/yoast-seo-wordpress\/ -->\n<title>Termoprese cepur\u0113m SECABO TCC LITE - WMT Baltic<\/title>\n<meta name=\"robots\" content=\"index, follow, max-snippet:-1, max-image-preview:large, max-video-preview:-1\" \/>\n<link rel=\"canonical\" href=\"https:\/\/wmtbaltic.lv\/product\/termoprese-cepurem-secabo-tcc-lite\/\" \/>\n<meta property=\"og:locale\" content=\"en_US\" \/>\n<meta property=\"og:type\" content=\"article\" \/>\n<meta property=\"og:title\" content=\"Termoprese cepur\u0113m SECABO TCC LITE - WMT Baltic\" \/>\n<meta property=\"og:url\" content=\"https:\/\/wmtbaltic.lv\/product\/termoprese-cepurem-secabo-tcc-lite\/\" \/>\n<meta property=\"og:site_name\" content=\"WMT Baltic\" \/>\n<meta property=\"article:publisher\" content=\"https:\/\/www.facebook.com\/WMT.Baltic.viscom\/?locale=lv_LV\" \/>\n<meta property=\"article:modified_time\" content=\"2025-09-17T08:52:48+00:00\" \/>\n<meta property=\"og:image\" content=\"http:\/\/wmtbaltic.lv\/wp-content\/uploads\/2025\/09\/Secabo-TCC-LITE-cap-press_1.jpg\" \/>\n\t<meta property=\"og:image:width\" content=\"800\" \/>\n\t<meta property=\"og:image:height\" content=\"800\" \/>\n\t<meta property=\"og:image:type\" content=\"image\/jpeg\" \/>\n<meta name=\"twitter:card\" content=\"summary_large_image\" \/>\n<meta name=\"twitter:label1\" content=\"Est. reading time\" \/>\n\t<meta name=\"twitter:data1\" content=\"2 minutes\" \/>\n<script type=\"application\/ld+json\" class=\"yoast-schema-graph\">{\"@context\":\"https:\\\/\\\/schema.org\",\"@graph\":[{\"@type\":\"WebPage\",\"@id\":\"https:\\\/\\\/wmtbaltic.lv\\\/product\\\/termoprese-cepurem-secabo-tcc-lite\\\/\",\"url\":\"https:\\\/\\\/wmtbaltic.lv\\\/product\\\/termoprese-cepurem-secabo-tcc-lite\\\/\",\"name\":\"Termoprese cepur\u0113m SECABO TCC LITE - WMT Baltic\",\"isPartOf\":{\"@id\":\"https:\\\/\\\/wmtbaltic.lv\\\/#website\"},\"primaryImageOfPage\":{\"@id\":\"https:\\\/\\\/wmtbaltic.lv\\\/product\\\/termoprese-cepurem-secabo-tcc-lite\\\/#primaryimage\"},\"image\":{\"@id\":\"https:\\\/\\\/wmtbaltic.lv\\\/product\\\/termoprese-cepurem-secabo-tcc-lite\\\/#primaryimage\"},\"thumbnailUrl\":\"https:\\\/\\\/wmtbaltic.lv\\\/wp-content\\\/uploads\\\/2025\\\/09\\\/Secabo-TCC-LITE-cap-press_1.jpg\",\"datePublished\":\"2025-09-17T08:51:13+00:00\",\"dateModified\":\"2025-09-17T08:52:48+00:00\",\"breadcrumb\":{\"@id\":\"https:\\\/\\\/wmtbaltic.lv\\\/product\\\/termoprese-cepurem-secabo-tcc-lite\\\/#breadcrumb\"},\"inLanguage\":\"en-US\",\"potentialAction\":[{\"@type\":\"ReadAction\",\"target\":[\"https:\\\/\\\/wmtbaltic.lv\\\/product\\\/termoprese-cepurem-secabo-tcc-lite\\\/\"]}]},{\"@type\":\"ImageObject\",\"inLanguage\":\"en-US\",\"@id\":\"https:\\\/\\\/wmtbaltic.lv\\\/product\\\/termoprese-cepurem-secabo-tcc-lite\\\/#primaryimage\",\"url\":\"https:\\\/\\\/wmtbaltic.lv\\\/wp-content\\\/uploads\\\/2025\\\/09\\\/Secabo-TCC-LITE-cap-press_1.jpg\",\"contentUrl\":\"https:\\\/\\\/wmtbaltic.lv\\\/wp-content\\\/uploads\\\/2025\\\/09\\\/Secabo-TCC-LITE-cap-press_1.jpg\",\"width\":800,\"height\":800},{\"@type\":\"BreadcrumbList\",\"@id\":\"https:\\\/\\\/wmtbaltic.lv\\\/product\\\/termoprese-cepurem-secabo-tcc-lite\\\/#breadcrumb\",\"itemListElement\":[{\"@type\":\"ListItem\",\"position\":1,\"name\":\"Home\",\"item\":\"https:\\\/\\\/wmtbaltic.lv\\\/en\\\/\"},{\"@type\":\"ListItem\",\"position\":2,\"name\":\"Shop\",\"item\":\"https:\\\/\\\/wmtbaltic.lv\\\/shop\\\/\"},{\"@type\":\"ListItem\",\"position\":3,\"name\":\"Termoprese cepur\u0113m SECABO TCC LITE\"}]},{\"@type\":\"WebSite\",\"@id\":\"https:\\\/\\\/wmtbaltic.lv\\\/#website\",\"url\":\"https:\\\/\\\/wmtbaltic.lv\\\/\",\"name\":\"WMT Baltic\",\"description\":\"Rekl\u0101mas produkti, pl\u0113ves\",\"publisher\":{\"@id\":\"https:\\\/\\\/wmtbaltic.lv\\\/#organization\"},\"potentialAction\":[{\"@type\":\"SearchAction\",\"target\":{\"@type\":\"EntryPoint\",\"urlTemplate\":\"https:\\\/\\\/wmtbaltic.lv\\\/?s={search_term_string}\"},\"query-input\":{\"@type\":\"PropertyValueSpecification\",\"valueRequired\":true,\"valueName\":\"search_term_string\"}}],\"inLanguage\":\"en-US\"},{\"@type\":\"Organization\",\"@id\":\"https:\\\/\\\/wmtbaltic.lv\\\/#organization\",\"name\":\"WMT Baltic\",\"url\":\"https:\\\/\\\/wmtbaltic.lv\\\/\",\"logo\":{\"@type\":\"ImageObject\",\"inLanguage\":\"en-US\",\"@id\":\"https:\\\/\\\/wmtbaltic.lv\\\/#\\\/schema\\\/logo\\\/image\\\/\",\"url\":\"https:\\\/\\\/wmtbaltic.lv\\\/wp-content\\\/uploads\\\/2024\\\/12\\\/wmt-baltic-sia_107142_9_420x180.jpg\",\"contentUrl\":\"https:\\\/\\\/wmtbaltic.lv\\\/wp-content\\\/uploads\\\/2024\\\/12\\\/wmt-baltic-sia_107142_9_420x180.jpg\",\"width\":420,\"height\":180,\"caption\":\"WMT Baltic\"},\"image\":{\"@id\":\"https:\\\/\\\/wmtbaltic.lv\\\/#\\\/schema\\\/logo\\\/image\\\/\"},\"sameAs\":[\"https:\\\/\\\/www.facebook.com\\\/WMT.Baltic.viscom\\\/?locale=lv_LV\",\"https:\\\/\\\/www.instagram.com\\\/viscom_wmt\\\/\"]}]}<\/script>\n<!-- \/ Yoast SEO plugin. -->","yoast_head_json":{"title":"Termoprese cepur\u0113m SECABO TCC LITE - WMT Baltic","robots":{"index":"index","follow":"follow","max-snippet":"max-snippet:-1","max-image-preview":"max-image-preview:large","max-video-preview":"max-video-preview:-1"},"canonical":"https:\/\/wmtbaltic.lv\/product\/termoprese-cepurem-secabo-tcc-lite\/","og_locale":"en_US","og_type":"article","og_title":"Termoprese cepur\u0113m SECABO TCC LITE - WMT Baltic","og_url":"https:\/\/wmtbaltic.lv\/product\/termoprese-cepurem-secabo-tcc-lite\/","og_site_name":"WMT Baltic","article_publisher":"https:\/\/www.facebook.com\/WMT.Baltic.viscom\/?locale=lv_LV","article_modified_time":"2025-09-17T08:52:48+00:00","og_image":[{"width":800,"height":800,"url":"http:\/\/wmtbaltic.lv\/wp-content\/uploads\/2025\/09\/Secabo-TCC-LITE-cap-press_1.jpg","type":"image\/jpeg"}],"twitter_card":"summary_large_image","twitter_misc":{"Est. reading time":"2 minutes"},"schema":{"@context":"https:\/\/schema.org","@graph":[{"@type":"WebPage","@id":"https:\/\/wmtbaltic.lv\/product\/termoprese-cepurem-secabo-tcc-lite\/","url":"https:\/\/wmtbaltic.lv\/product\/termoprese-cepurem-secabo-tcc-lite\/","name":"Termoprese cepur\u0113m SECABO TCC LITE - WMT Baltic","isPartOf":{"@id":"https:\/\/wmtbaltic.lv\/#website"},"primaryImageOfPage":{"@id":"https:\/\/wmtbaltic.lv\/product\/termoprese-cepurem-secabo-tcc-lite\/#primaryimage"},"image":{"@id":"https:\/\/wmtbaltic.lv\/product\/termoprese-cepurem-secabo-tcc-lite\/#primaryimage"},"thumbnailUrl":"https:\/\/wmtbaltic.lv\/wp-content\/uploads\/2025\/09\/Secabo-TCC-LITE-cap-press_1.jpg","datePublished":"2025-09-17T08:51:13+00:00","dateModified":"2025-09-17T08:52:48+00:00","breadcrumb":{"@id":"https:\/\/wmtbaltic.lv\/product\/termoprese-cepurem-secabo-tcc-lite\/#breadcrumb"},"inLanguage":"en-US","potentialAction":[{"@type":"ReadAction","target":["https:\/\/wmtbaltic.lv\/product\/termoprese-cepurem-secabo-tcc-lite\/"]}]},{"@type":"ImageObject","inLanguage":"en-US","@id":"https:\/\/wmtbaltic.lv\/product\/termoprese-cepurem-secabo-tcc-lite\/#primaryimage","url":"https:\/\/wmtbaltic.lv\/wp-content\/uploads\/2025\/09\/Secabo-TCC-LITE-cap-press_1.jpg","contentUrl":"https:\/\/wmtbaltic.lv\/wp-content\/uploads\/2025\/09\/Secabo-TCC-LITE-cap-press_1.jpg","width":800,"height":800},{"@type":"BreadcrumbList","@id":"https:\/\/wmtbaltic.lv\/product\/termoprese-cepurem-secabo-tcc-lite\/#breadcrumb","itemListElement":[{"@type":"ListItem","position":1,"name":"Home","item":"https:\/\/wmtbaltic.lv\/en\/"},{"@type":"ListItem","position":2,"name":"Shop","item":"https:\/\/wmtbaltic.lv\/shop\/"},{"@type":"ListItem","position":3,"name":"Termoprese cepur\u0113m SECABO TCC LITE"}]},{"@type":"WebSite","@id":"https:\/\/wmtbaltic.lv\/#website","url":"https:\/\/wmtbaltic.lv\/","name":"WMT Baltic","description":"Rekl\u0101mas produkti, pl\u0113ves","publisher":{"@id":"https:\/\/wmtbaltic.lv\/#organization"},"potentialAction":[{"@type":"SearchAction","target":{"@type":"EntryPoint","urlTemplate":"https:\/\/wmtbaltic.lv\/?s={search_term_string}"},"query-input":{"@type":"PropertyValueSpecification","valueRequired":true,"valueName":"search_term_string"}}],"inLanguage":"en-US"},{"@type":"Organization","@id":"https:\/\/wmtbaltic.lv\/#organization","name":"WMT Baltic","url":"https:\/\/wmtbaltic.lv\/","logo":{"@type":"ImageObject","inLanguage":"en-US","@id":"https:\/\/wmtbaltic.lv\/#\/schema\/logo\/image\/","url":"https:\/\/wmtbaltic.lv\/wp-content\/uploads\/2024\/12\/wmt-baltic-sia_107142_9_420x180.jpg","contentUrl":"https:\/\/wmtbaltic.lv\/wp-content\/uploads\/2024\/12\/wmt-baltic-sia_107142_9_420x180.jpg","width":420,"height":180,"caption":"WMT Baltic"},"image":{"@id":"https:\/\/wmtbaltic.lv\/#\/schema\/logo\/image\/"},"sameAs":["https:\/\/www.facebook.com\/WMT.Baltic.viscom\/?locale=lv_LV","https:\/\/www.instagram.com\/viscom_wmt\/"]}]}},"_links":{"self":[{"href":"https:\/\/wmtbaltic.lv\/en\/wp-json\/wp\/v2\/product\/17962","targetHints":{"allow":["GET"]}}],"collection":[{"href":"https:\/\/wmtbaltic.lv\/en\/wp-json\/wp\/v2\/product"}],"about":[{"href":"https:\/\/wmtbaltic.lv\/en\/wp-json\/wp\/v2\/types\/product"}],"wp:featuredmedia":[{"embeddable":true,"href":"https:\/\/wmtbaltic.lv\/en\/wp-json\/wp\/v2\/media\/17963"}],"wp:attachment":[{"href":"https:\/\/wmtbaltic.lv\/en\/wp-json\/wp\/v2\/media?parent=17962"}],"wp:term":[{"taxonomy":"product_brand","embeddable":true,"href":"https:\/\/wmtbaltic.lv\/en\/wp-json\/wp\/v2\/product_brand?post=17962"},{"taxonomy":"product_cat","embeddable":true,"href":"https:\/\/wmtbaltic.lv\/en\/wp-json\/wp\/v2\/product_cat?post=17962"},{"taxonomy":"product_tag","embeddable":true,"href":"https:\/\/wmtbaltic.lv\/en\/wp-json\/wp\/v2\/product_tag?post=17962"}],"curies":[{"name":"wp","href":"https:\/\/api.w.org\/{rel}","templated":true}]}}