{"id":17915,"date":"2025-07-24T13:22:45","date_gmt":"2025-07-24T13:22:45","guid":{"rendered":"https:\/\/wmtbaltic.lv\/?post_type=product&#038;p=17915"},"modified":"2025-07-24T13:28:51","modified_gmt":"2025-07-24T13:28:51","slug":"silver-80-c-solarscreen","status":"publish","type":"product","link":"https:\/\/wmtbaltic.lv\/en\/product\/silver-80-c-solarscreen\/","title":{"rendered":"Pl\u0113ve stiklam ar spogu\u013cefektu, Silver 80C (1.22m)"},"content":{"rendered":"<p>Sudraba 80 C pl\u0113ve ir \u013coti efekt\u012bva, samazinot saules siltuma ieguvumu, vienlaikus \u013caujot liel\u0101kajai da\u013cai dab\u012bg\u0101s gaismas iek\u013c\u016bt. Saules atsp\u012bdums ir iev\u0113rojami samazin\u0101ts, un t\u0101s vienvirziena spogu\u013ca aspekts garant\u0113 priv\u0101tumu no zi\u0146k\u0101r\u012bg\u0101m ac\u012bm, vienlaikus pie\u0161\u0137irot modernu izskatu \u0113kas \u0101rpusei.<\/p>\n<p>L\u012bmpl\u0113ve uzst\u0101d\u012b\u0161anai iek\u0161telp\u0101s<br \/>\nGaismas caurlaid\u012bba: 23%<br \/>\nGarantija SOLAR SCREEN\u00ae: 12 gadi<br \/>\nUgunsiztur\u012bbas klase: M1<br \/>\nUzglab\u0101\u0161ana no -5\u00b0C l\u012bdz +40\u00b0C: 3 gadi<\/p>\n<p><strong>Strukt\u016bra:<\/strong><br \/>\n1. Iztur\u012bga pret skr\u0101p\u0113jumiem, lai nodro\u0161in\u0101tu iztur\u012bbu un vieglu apkopi logu t\u012br\u012b\u0161anas laik\u0101<br \/>\n2. Augstas optisk\u0101s kvalit\u0101tes poliesters ar anti-IR met\u0101la da\u013ci\u0146u p\u0101rkl\u0101jumu<br \/>\n3. L\u012bmsl\u0101\u0146a pamatne<br \/>\n4. Stikla polimeriz\u0101cija 15 dienu laik\u0101<br \/>\n5. Aizsarg\u0101jo\u0161s sl\u0101nis, no\u0146emams p\u0113c uzst\u0101d\u012b\u0161anas<\/p>\n<p><strong>Apkope:<\/strong><br \/>\nMazg\u0101\u0161anas l\u012bdzek\u013ca \u0161\u0137\u012bdums, neizt\u012br\u012bt vismaz m\u0113nesi un nepiem\u0113rot nek\u0101du veidu uzl\u012bmi vai l\u012bmi uz pl\u0113ves.<\/p>\n<p>&nbsp;<\/p>\n<p>Pl\u0113ves platums: 1.22m<br \/>\nCena nor\u0101d\u012bta par vienu teko\u0161o metru<\/p>\n<p><strong>Tehnisk\u0101 inform\u0101cija (PDF): <a href=\"http:\/\/wmtbaltic.lv\/wp-content\/uploads\/2025\/07\/silver-80-c.pdf\">silver-80-c<\/a><\/strong><\/p>\n","protected":false},"excerpt":{"rendered":"Sudraba 80 C pl\u0113ve ir \u013coti efekt\u012bva, samazinot saules siltuma ieguvumu, vienlaikus \u013caujot liel\u0101kajai da\u013cai dab\u012bg\u0101s gaismas iek\u013c\u016bt. Saules atsp\u012bdums ir iev\u0113rojami samazin\u0101ts, un t\u0101s vienvirziena spogu\u013ca aspekts garant\u0113 priv\u0101tumu no zi\u0146k\u0101r\u012bg\u0101m ac\u012bm, vienlaikus pie\u0161\u0137irot modernu izskatu \u0113kas \u0101rpusei. L\u012bmpl\u0113ve uzst\u0101d\u012b\u0161anai iek\u0161telp\u0101s Gaismas caurlaid\u012bba: 23% Garantija SOLAR SCREEN\u00ae: 12 gadi Ugunsiztur\u012bbas klase: M1 Uzglab\u0101\u0161ana no [...]","protected":false},"featured_media":17916,"template":"","meta":[],"product_brand":[],"product_cat":[413,58],"product_tag":[1257,1594,1186],"class_list":{"0":"post-17915","1":"product","2":"type-product","3":"status-publish","4":"has-post-thumbnail","6":"product_cat-limpleves-ar-dekorativo-dizainu","7":"product_cat-stikla-dekoresanas-limpleves","8":"product_tag-limpleve","9":"product_tag-silver80c","10":"product_tag-stikls","12":"first","13":"instock","14":"shipping-taxable","15":"purchasable","16":"product-type-simple"},"yoast_head":"<!-- This site is optimized with the Yoast SEO plugin v27.4 - https:\/\/yoast.com\/product\/yoast-seo-wordpress\/ -->\n<title>Pl\u0113ve stiklam ar spogu\u013cefektu, Silver 80C (1.22m) - WMT Baltic<\/title>\n<meta name=\"robots\" content=\"index, follow, max-snippet:-1, max-image-preview:large, max-video-preview:-1\" \/>\n<link rel=\"canonical\" href=\"https:\/\/wmtbaltic.lv\/product\/silver-80-c-solarscreen\/\" \/>\n<meta property=\"og:locale\" content=\"en_US\" \/>\n<meta property=\"og:type\" content=\"article\" \/>\n<meta property=\"og:title\" content=\"Pl\u0113ve stiklam ar spogu\u013cefektu, Silver 80C (1.22m) - WMT Baltic\" \/>\n<meta property=\"og:url\" content=\"https:\/\/wmtbaltic.lv\/product\/silver-80-c-solarscreen\/\" \/>\n<meta property=\"og:site_name\" content=\"WMT Baltic\" \/>\n<meta property=\"article:publisher\" content=\"https:\/\/www.facebook.com\/WMT.Baltic.viscom\/?locale=lv_LV\" \/>\n<meta property=\"article:modified_time\" content=\"2025-07-24T13:28:51+00:00\" \/>\n<meta property=\"og:image\" content=\"http:\/\/wmtbaltic.lv\/wp-content\/uploads\/2025\/07\/solar_film_silver_80_c_9be0bf54f0.jpg\" \/>\n\t<meta property=\"og:image:width\" content=\"800\" \/>\n\t<meta property=\"og:image:height\" content=\"600\" \/>\n\t<meta property=\"og:image:type\" content=\"image\/jpeg\" \/>\n<meta name=\"twitter:card\" content=\"summary_large_image\" \/>\n<meta name=\"twitter:label1\" content=\"Est. reading time\" \/>\n\t<meta name=\"twitter:data1\" content=\"1 minute\" \/>\n<script type=\"application\/ld+json\" class=\"yoast-schema-graph\">{\"@context\":\"https:\\\/\\\/schema.org\",\"@graph\":[{\"@type\":\"WebPage\",\"@id\":\"https:\\\/\\\/wmtbaltic.lv\\\/product\\\/silver-80-c-solarscreen\\\/\",\"url\":\"https:\\\/\\\/wmtbaltic.lv\\\/product\\\/silver-80-c-solarscreen\\\/\",\"name\":\"Pl\u0113ve stiklam ar spogu\u013cefektu, Silver 80C (1.22m) - WMT Baltic\",\"isPartOf\":{\"@id\":\"https:\\\/\\\/wmtbaltic.lv\\\/#website\"},\"primaryImageOfPage\":{\"@id\":\"https:\\\/\\\/wmtbaltic.lv\\\/product\\\/silver-80-c-solarscreen\\\/#primaryimage\"},\"image\":{\"@id\":\"https:\\\/\\\/wmtbaltic.lv\\\/product\\\/silver-80-c-solarscreen\\\/#primaryimage\"},\"thumbnailUrl\":\"https:\\\/\\\/wmtbaltic.lv\\\/wp-content\\\/uploads\\\/2025\\\/07\\\/solar_film_silver_80_c_9be0bf54f0.jpg\",\"datePublished\":\"2025-07-24T13:22:45+00:00\",\"dateModified\":\"2025-07-24T13:28:51+00:00\",\"breadcrumb\":{\"@id\":\"https:\\\/\\\/wmtbaltic.lv\\\/product\\\/silver-80-c-solarscreen\\\/#breadcrumb\"},\"inLanguage\":\"en-US\",\"potentialAction\":[{\"@type\":\"ReadAction\",\"target\":[\"https:\\\/\\\/wmtbaltic.lv\\\/product\\\/silver-80-c-solarscreen\\\/\"]}]},{\"@type\":\"ImageObject\",\"inLanguage\":\"en-US\",\"@id\":\"https:\\\/\\\/wmtbaltic.lv\\\/product\\\/silver-80-c-solarscreen\\\/#primaryimage\",\"url\":\"https:\\\/\\\/wmtbaltic.lv\\\/wp-content\\\/uploads\\\/2025\\\/07\\\/solar_film_silver_80_c_9be0bf54f0.jpg\",\"contentUrl\":\"https:\\\/\\\/wmtbaltic.lv\\\/wp-content\\\/uploads\\\/2025\\\/07\\\/solar_film_silver_80_c_9be0bf54f0.jpg\",\"width\":800,\"height\":600},{\"@type\":\"BreadcrumbList\",\"@id\":\"https:\\\/\\\/wmtbaltic.lv\\\/product\\\/silver-80-c-solarscreen\\\/#breadcrumb\",\"itemListElement\":[{\"@type\":\"ListItem\",\"position\":1,\"name\":\"Home\",\"item\":\"https:\\\/\\\/wmtbaltic.lv\\\/en\\\/\"},{\"@type\":\"ListItem\",\"position\":2,\"name\":\"Shop\",\"item\":\"https:\\\/\\\/wmtbaltic.lv\\\/shop\\\/\"},{\"@type\":\"ListItem\",\"position\":3,\"name\":\"Pl\u0113ve stiklam ar spogu\u013cefektu, Silver 80C (1.22m)\"}]},{\"@type\":\"WebSite\",\"@id\":\"https:\\\/\\\/wmtbaltic.lv\\\/#website\",\"url\":\"https:\\\/\\\/wmtbaltic.lv\\\/\",\"name\":\"WMT Baltic\",\"description\":\"Rekl\u0101mas produkti, pl\u0113ves\",\"publisher\":{\"@id\":\"https:\\\/\\\/wmtbaltic.lv\\\/#organization\"},\"potentialAction\":[{\"@type\":\"SearchAction\",\"target\":{\"@type\":\"EntryPoint\",\"urlTemplate\":\"https:\\\/\\\/wmtbaltic.lv\\\/?s={search_term_string}\"},\"query-input\":{\"@type\":\"PropertyValueSpecification\",\"valueRequired\":true,\"valueName\":\"search_term_string\"}}],\"inLanguage\":\"en-US\"},{\"@type\":\"Organization\",\"@id\":\"https:\\\/\\\/wmtbaltic.lv\\\/#organization\",\"name\":\"WMT Baltic\",\"url\":\"https:\\\/\\\/wmtbaltic.lv\\\/\",\"logo\":{\"@type\":\"ImageObject\",\"inLanguage\":\"en-US\",\"@id\":\"https:\\\/\\\/wmtbaltic.lv\\\/#\\\/schema\\\/logo\\\/image\\\/\",\"url\":\"https:\\\/\\\/wmtbaltic.lv\\\/wp-content\\\/uploads\\\/2024\\\/12\\\/wmt-baltic-sia_107142_9_420x180.jpg\",\"contentUrl\":\"https:\\\/\\\/wmtbaltic.lv\\\/wp-content\\\/uploads\\\/2024\\\/12\\\/wmt-baltic-sia_107142_9_420x180.jpg\",\"width\":420,\"height\":180,\"caption\":\"WMT Baltic\"},\"image\":{\"@id\":\"https:\\\/\\\/wmtbaltic.lv\\\/#\\\/schema\\\/logo\\\/image\\\/\"},\"sameAs\":[\"https:\\\/\\\/www.facebook.com\\\/WMT.Baltic.viscom\\\/?locale=lv_LV\",\"https:\\\/\\\/www.instagram.com\\\/viscom_wmt\\\/\"]}]}<\/script>\n<!-- \/ Yoast SEO plugin. -->","yoast_head_json":{"title":"Pl\u0113ve stiklam ar spogu\u013cefektu, Silver 80C (1.22m) - WMT Baltic","robots":{"index":"index","follow":"follow","max-snippet":"max-snippet:-1","max-image-preview":"max-image-preview:large","max-video-preview":"max-video-preview:-1"},"canonical":"https:\/\/wmtbaltic.lv\/product\/silver-80-c-solarscreen\/","og_locale":"en_US","og_type":"article","og_title":"Pl\u0113ve stiklam ar spogu\u013cefektu, Silver 80C (1.22m) - WMT Baltic","og_url":"https:\/\/wmtbaltic.lv\/product\/silver-80-c-solarscreen\/","og_site_name":"WMT Baltic","article_publisher":"https:\/\/www.facebook.com\/WMT.Baltic.viscom\/?locale=lv_LV","article_modified_time":"2025-07-24T13:28:51+00:00","og_image":[{"width":800,"height":600,"url":"http:\/\/wmtbaltic.lv\/wp-content\/uploads\/2025\/07\/solar_film_silver_80_c_9be0bf54f0.jpg","type":"image\/jpeg"}],"twitter_card":"summary_large_image","twitter_misc":{"Est. reading time":"1 minute"},"schema":{"@context":"https:\/\/schema.org","@graph":[{"@type":"WebPage","@id":"https:\/\/wmtbaltic.lv\/product\/silver-80-c-solarscreen\/","url":"https:\/\/wmtbaltic.lv\/product\/silver-80-c-solarscreen\/","name":"Pl\u0113ve stiklam ar spogu\u013cefektu, Silver 80C (1.22m) - WMT Baltic","isPartOf":{"@id":"https:\/\/wmtbaltic.lv\/#website"},"primaryImageOfPage":{"@id":"https:\/\/wmtbaltic.lv\/product\/silver-80-c-solarscreen\/#primaryimage"},"image":{"@id":"https:\/\/wmtbaltic.lv\/product\/silver-80-c-solarscreen\/#primaryimage"},"thumbnailUrl":"https:\/\/wmtbaltic.lv\/wp-content\/uploads\/2025\/07\/solar_film_silver_80_c_9be0bf54f0.jpg","datePublished":"2025-07-24T13:22:45+00:00","dateModified":"2025-07-24T13:28:51+00:00","breadcrumb":{"@id":"https:\/\/wmtbaltic.lv\/product\/silver-80-c-solarscreen\/#breadcrumb"},"inLanguage":"en-US","potentialAction":[{"@type":"ReadAction","target":["https:\/\/wmtbaltic.lv\/product\/silver-80-c-solarscreen\/"]}]},{"@type":"ImageObject","inLanguage":"en-US","@id":"https:\/\/wmtbaltic.lv\/product\/silver-80-c-solarscreen\/#primaryimage","url":"https:\/\/wmtbaltic.lv\/wp-content\/uploads\/2025\/07\/solar_film_silver_80_c_9be0bf54f0.jpg","contentUrl":"https:\/\/wmtbaltic.lv\/wp-content\/uploads\/2025\/07\/solar_film_silver_80_c_9be0bf54f0.jpg","width":800,"height":600},{"@type":"BreadcrumbList","@id":"https:\/\/wmtbaltic.lv\/product\/silver-80-c-solarscreen\/#breadcrumb","itemListElement":[{"@type":"ListItem","position":1,"name":"Home","item":"https:\/\/wmtbaltic.lv\/en\/"},{"@type":"ListItem","position":2,"name":"Shop","item":"https:\/\/wmtbaltic.lv\/shop\/"},{"@type":"ListItem","position":3,"name":"Pl\u0113ve stiklam ar spogu\u013cefektu, Silver 80C (1.22m)"}]},{"@type":"WebSite","@id":"https:\/\/wmtbaltic.lv\/#website","url":"https:\/\/wmtbaltic.lv\/","name":"WMT Baltic","description":"Rekl\u0101mas produkti, pl\u0113ves","publisher":{"@id":"https:\/\/wmtbaltic.lv\/#organization"},"potentialAction":[{"@type":"SearchAction","target":{"@type":"EntryPoint","urlTemplate":"https:\/\/wmtbaltic.lv\/?s={search_term_string}"},"query-input":{"@type":"PropertyValueSpecification","valueRequired":true,"valueName":"search_term_string"}}],"inLanguage":"en-US"},{"@type":"Organization","@id":"https:\/\/wmtbaltic.lv\/#organization","name":"WMT Baltic","url":"https:\/\/wmtbaltic.lv\/","logo":{"@type":"ImageObject","inLanguage":"en-US","@id":"https:\/\/wmtbaltic.lv\/#\/schema\/logo\/image\/","url":"https:\/\/wmtbaltic.lv\/wp-content\/uploads\/2024\/12\/wmt-baltic-sia_107142_9_420x180.jpg","contentUrl":"https:\/\/wmtbaltic.lv\/wp-content\/uploads\/2024\/12\/wmt-baltic-sia_107142_9_420x180.jpg","width":420,"height":180,"caption":"WMT Baltic"},"image":{"@id":"https:\/\/wmtbaltic.lv\/#\/schema\/logo\/image\/"},"sameAs":["https:\/\/www.facebook.com\/WMT.Baltic.viscom\/?locale=lv_LV","https:\/\/www.instagram.com\/viscom_wmt\/"]}]}},"_links":{"self":[{"href":"https:\/\/wmtbaltic.lv\/en\/wp-json\/wp\/v2\/product\/17915","targetHints":{"allow":["GET"]}}],"collection":[{"href":"https:\/\/wmtbaltic.lv\/en\/wp-json\/wp\/v2\/product"}],"about":[{"href":"https:\/\/wmtbaltic.lv\/en\/wp-json\/wp\/v2\/types\/product"}],"wp:featuredmedia":[{"embeddable":true,"href":"https:\/\/wmtbaltic.lv\/en\/wp-json\/wp\/v2\/media\/17916"}],"wp:attachment":[{"href":"https:\/\/wmtbaltic.lv\/en\/wp-json\/wp\/v2\/media?parent=17915"}],"wp:term":[{"taxonomy":"product_brand","embeddable":true,"href":"https:\/\/wmtbaltic.lv\/en\/wp-json\/wp\/v2\/product_brand?post=17915"},{"taxonomy":"product_cat","embeddable":true,"href":"https:\/\/wmtbaltic.lv\/en\/wp-json\/wp\/v2\/product_cat?post=17915"},{"taxonomy":"product_tag","embeddable":true,"href":"https:\/\/wmtbaltic.lv\/en\/wp-json\/wp\/v2\/product_tag?post=17915"}],"curies":[{"name":"wp","href":"https:\/\/api.w.org\/{rel}","templated":true}]}}