{"id":17561,"date":"2025-02-10T08:34:56","date_gmt":"2025-02-10T08:34:56","guid":{"rendered":"https:\/\/wmtbaltic.lv\/?post_type=product&#038;p=17561"},"modified":"2026-03-10T10:00:49","modified_gmt":"2026-03-10T10:00:49","slug":"karogu-masts-nordic-winch-7m-cokola-diametrs-120mm","status":"publish","type":"product","link":"https:\/\/wmtbaltic.lv\/en\/product\/karogu-masts-nordic-winch-7m-cokola-diametrs-120mm\/","title":{"rendered":"Karogu masts Nordic winch 7m cokola diametrs: 120mm"},"content":{"rendered":"<p><span style=\"font-size: medium;\"><strong>Grunt\u012b uzst\u0101d\u0101mi stikl\u0161\u0137iedras karogu masti<\/strong><\/span><\/p>\n<table width=\"100%\" cellpadding=\"2\">\n<colgroup>\n<col width=\"420\" \/>\n<col width=\"20\" \/>\n<col width=\"250\" \/><\/colgroup>\n<tbody class=\"ancv\">\n<tr>\n<td width=\"420\"><span style=\"font-size: medium; color: #000000;\">Galven\u0101s \u012bpa\u0161\u012bbas:<\/span><\/p>\n<p>&nbsp;<\/p>\n<p><span style=\"font-size: small; color: #000000;\"><span style=\"font-family: Arial, sans-serif;\">\u25cf Elegance.<\/span><\/span><\/p>\n<p align=\"justify\"><span style=\"font-size: small; color: #000000;\"><span style=\"font-family: Arial, sans-serif;\">\u25cf Iztur\u012bba.<\/span>\u00a0<span style=\"font-family: Arial, sans-serif;\">Karogu masti atbilst Eiropas standartam, iztur v\u0113ja slodzi l\u012bdz 25 m\/sek.<\/span><\/span><\/p>\n<p align=\"justify\"><span style=\"font-size: small; color: #000000;\"><span style=\"font-family: Arial, sans-serif;\">\u25cf Ilgm\u016b\u017e\u012bba.<\/span>\u00a0<span style=\"font-family: Arial, sans-serif;\">Notur\u012bgi pret nelabv\u0113l\u012bgiem laika apst\u0101k\u013ciem un UV-starojumu. Nav nepiecie\u0161ama papildus apr\u016bpe. Karogu masti ner\u016bs\u0113 un nemaina kr\u0101su, k\u0101 rezult\u0101t\u0101 nav nepiecie\u0161ama papildus apstr\u0101de un kr\u0101so\u0161ana.<\/span><\/span><\/p>\n<p align=\"justify\"><span style=\"font-size: small; color: #000000;\"><span style=\"font-family: Arial, sans-serif;\">\u25cf Formas saglab\u0101\u0161an\u0101s<\/span><span style=\"font-family: Arial, sans-serif;\">. At\u0161\u0137ir\u012bb\u0101 no met\u0101la karogu mastiem, saliecoties stikl\u0161\u0137iedras karoga masts nedeform\u0113j\u0101s, bet atgrie\u017eas sav\u0101 iepriek\u0161\u0113j\u0101 st\u0101vokl\u012b.<\/span><\/span><\/p>\n<p align=\"justify\"><span style=\"font-family: Arial, sans-serif; color: #000000;\"><span style=\"font-size: small;\">\u25cf Vienk\u0101r\u0161\u012bba uzst\u0101d\u012b\u0161an\u0101.\u00a0Pateicoties\u00a0vieglumam un cilpu unik\u0101lajai sist\u0113mai, karogs mast\u0101 ir viegli pace\u013cams un nolai\u017eams, karogu mastu var uzst\u0101d\u012bt pat viens cilv\u0113ks bez citu pal\u012bdz\u012bbas.<\/span><\/span><\/p>\n<\/td>\n<\/tr>\n<\/tbody>\n<\/table>\n","protected":false},"excerpt":{"rendered":"Grunt\u012b uzst\u0101d\u0101mi stikl\u0161\u0137iedras karogu masti Galven\u0101s \u012bpa\u0161\u012bbas: &nbsp; \u25cf Elegance. \u25cf Iztur\u012bba.\u00a0Karogu masti atbilst Eiropas standartam, iztur v\u0113ja slodzi l\u012bdz 25 m\/sek. \u25cf Ilgm\u016b\u017e\u012bba.\u00a0Notur\u012bgi pret nelabv\u0113l\u012bgiem laika apst\u0101k\u013ciem un UV-starojumu. Nav nepiecie\u0161ama papildus apr\u016bpe. Karogu masti ner\u016bs\u0113 un nemaina kr\u0101su, k\u0101 rezult\u0101t\u0101 nav nepiecie\u0161ama papildus apstr\u0101de un kr\u0101so\u0161ana. \u25cf Formas saglab\u0101\u0161an\u0101s. At\u0161\u0137ir\u012bb\u0101 no met\u0101la karogu [...]","protected":false},"featured_media":17557,"template":"","meta":[],"product_brand":[],"product_cat":[54,158],"product_tag":[479,625,1579,624],"class_list":{"0":"post-17561","1":"product","2":"type-product","3":"status-publish","4":"has-post-thumbnail","6":"product_cat-karogu-masti","7":"product_cat-stiklskiedras-karogu-masti","8":"product_tag-celtnieciba","9":"product_tag-grunti-uzstadami-stiklskiedras-karogu-masti","10":"product_tag-nordic-winch","11":"product_tag-stiklskiedras-karogu-masti","13":"first","14":"instock","15":"shipping-taxable","16":"purchasable","17":"product-type-simple"},"yoast_head":"<!-- This site is optimized with the Yoast SEO plugin v27.4 - https:\/\/yoast.com\/product\/yoast-seo-wordpress\/ -->\n<title>Stikl\u0161\u0137iedras karogu masts R\u012bg\u0101 5m Nordic EXT FM<\/title>\n<meta name=\"robots\" content=\"index, follow, max-snippet:-1, max-image-preview:large, max-video-preview:-1\" \/>\n<link rel=\"canonical\" href=\"https:\/\/wmtbaltic.lv\/product\/karogu-masts-nordic-winch-7m-cokola-diametrs-120mm\/\" \/>\n<meta property=\"og:locale\" content=\"en_US\" \/>\n<meta property=\"og:type\" content=\"article\" \/>\n<meta property=\"og:title\" content=\"Stikl\u0161\u0137iedras karogu masts R\u012bg\u0101 5m Nordic EXT FM\" \/>\n<meta property=\"og:url\" content=\"https:\/\/wmtbaltic.lv\/product\/karogu-masts-nordic-winch-7m-cokola-diametrs-120mm\/\" \/>\n<meta property=\"og:site_name\" content=\"WMT Baltic\" \/>\n<meta property=\"article:publisher\" content=\"https:\/\/www.facebook.com\/WMT.Baltic.viscom\/?locale=lv_LV\" \/>\n<meta property=\"article:modified_time\" content=\"2026-03-10T10:00:49+00:00\" \/>\n<meta property=\"og:image\" content=\"http:\/\/wmtbaltic.lv\/wp-content\/uploads\/2025\/02\/karogumasti_wmtvaltic.png\" \/>\n\t<meta property=\"og:image:width\" content=\"1080\" \/>\n\t<meta property=\"og:image:height\" content=\"1440\" \/>\n\t<meta property=\"og:image:type\" content=\"image\/png\" \/>\n<meta name=\"twitter:card\" content=\"summary_large_image\" \/>\n<meta name=\"twitter:label1\" content=\"Est. reading time\" \/>\n\t<meta name=\"twitter:data1\" content=\"1 minute\" \/>\n<script type=\"application\/ld+json\" class=\"yoast-schema-graph\">{\"@context\":\"https:\\\/\\\/schema.org\",\"@graph\":[{\"@type\":\"WebPage\",\"@id\":\"https:\\\/\\\/wmtbaltic.lv\\\/product\\\/karogu-masts-nordic-winch-7m-cokola-diametrs-120mm\\\/\",\"url\":\"https:\\\/\\\/wmtbaltic.lv\\\/product\\\/karogu-masts-nordic-winch-7m-cokola-diametrs-120mm\\\/\",\"name\":\"Stikl\u0161\u0137iedras karogu masts R\u012bg\u0101 5m Nordic EXT FM\",\"isPartOf\":{\"@id\":\"https:\\\/\\\/wmtbaltic.lv\\\/#website\"},\"primaryImageOfPage\":{\"@id\":\"https:\\\/\\\/wmtbaltic.lv\\\/product\\\/karogu-masts-nordic-winch-7m-cokola-diametrs-120mm\\\/#primaryimage\"},\"image\":{\"@id\":\"https:\\\/\\\/wmtbaltic.lv\\\/product\\\/karogu-masts-nordic-winch-7m-cokola-diametrs-120mm\\\/#primaryimage\"},\"thumbnailUrl\":\"https:\\\/\\\/wmtbaltic.lv\\\/wp-content\\\/uploads\\\/2025\\\/02\\\/karogumasti_wmtvaltic.png\",\"datePublished\":\"2025-02-10T08:34:56+00:00\",\"dateModified\":\"2026-03-10T10:00:49+00:00\",\"breadcrumb\":{\"@id\":\"https:\\\/\\\/wmtbaltic.lv\\\/product\\\/karogu-masts-nordic-winch-7m-cokola-diametrs-120mm\\\/#breadcrumb\"},\"inLanguage\":\"en-US\",\"potentialAction\":[{\"@type\":\"ReadAction\",\"target\":[\"https:\\\/\\\/wmtbaltic.lv\\\/product\\\/karogu-masts-nordic-winch-7m-cokola-diametrs-120mm\\\/\"]}]},{\"@type\":\"ImageObject\",\"inLanguage\":\"en-US\",\"@id\":\"https:\\\/\\\/wmtbaltic.lv\\\/product\\\/karogu-masts-nordic-winch-7m-cokola-diametrs-120mm\\\/#primaryimage\",\"url\":\"https:\\\/\\\/wmtbaltic.lv\\\/wp-content\\\/uploads\\\/2025\\\/02\\\/karogumasti_wmtvaltic.png\",\"contentUrl\":\"https:\\\/\\\/wmtbaltic.lv\\\/wp-content\\\/uploads\\\/2025\\\/02\\\/karogumasti_wmtvaltic.png\",\"width\":1080,\"height\":1440},{\"@type\":\"BreadcrumbList\",\"@id\":\"https:\\\/\\\/wmtbaltic.lv\\\/product\\\/karogu-masts-nordic-winch-7m-cokola-diametrs-120mm\\\/#breadcrumb\",\"itemListElement\":[{\"@type\":\"ListItem\",\"position\":1,\"name\":\"Home\",\"item\":\"https:\\\/\\\/wmtbaltic.lv\\\/en\\\/\"},{\"@type\":\"ListItem\",\"position\":2,\"name\":\"Shop\",\"item\":\"https:\\\/\\\/wmtbaltic.lv\\\/shop\\\/\"},{\"@type\":\"ListItem\",\"position\":3,\"name\":\"Karogu masts Nordic winch 7m cokola diametrs: 120mm\"}]},{\"@type\":\"WebSite\",\"@id\":\"https:\\\/\\\/wmtbaltic.lv\\\/#website\",\"url\":\"https:\\\/\\\/wmtbaltic.lv\\\/\",\"name\":\"WMT Baltic\",\"description\":\"Rekl\u0101mas produkti, pl\u0113ves\",\"publisher\":{\"@id\":\"https:\\\/\\\/wmtbaltic.lv\\\/#organization\"},\"potentialAction\":[{\"@type\":\"SearchAction\",\"target\":{\"@type\":\"EntryPoint\",\"urlTemplate\":\"https:\\\/\\\/wmtbaltic.lv\\\/?s={search_term_string}\"},\"query-input\":{\"@type\":\"PropertyValueSpecification\",\"valueRequired\":true,\"valueName\":\"search_term_string\"}}],\"inLanguage\":\"en-US\"},{\"@type\":\"Organization\",\"@id\":\"https:\\\/\\\/wmtbaltic.lv\\\/#organization\",\"name\":\"WMT Baltic\",\"url\":\"https:\\\/\\\/wmtbaltic.lv\\\/\",\"logo\":{\"@type\":\"ImageObject\",\"inLanguage\":\"en-US\",\"@id\":\"https:\\\/\\\/wmtbaltic.lv\\\/#\\\/schema\\\/logo\\\/image\\\/\",\"url\":\"https:\\\/\\\/wmtbaltic.lv\\\/wp-content\\\/uploads\\\/2024\\\/12\\\/wmt-baltic-sia_107142_9_420x180.jpg\",\"contentUrl\":\"https:\\\/\\\/wmtbaltic.lv\\\/wp-content\\\/uploads\\\/2024\\\/12\\\/wmt-baltic-sia_107142_9_420x180.jpg\",\"width\":420,\"height\":180,\"caption\":\"WMT Baltic\"},\"image\":{\"@id\":\"https:\\\/\\\/wmtbaltic.lv\\\/#\\\/schema\\\/logo\\\/image\\\/\"},\"sameAs\":[\"https:\\\/\\\/www.facebook.com\\\/WMT.Baltic.viscom\\\/?locale=lv_LV\",\"https:\\\/\\\/www.instagram.com\\\/viscom_wmt\\\/\"]}]}<\/script>\n<!-- \/ Yoast SEO plugin. -->","yoast_head_json":{"title":"Stikl\u0161\u0137iedras karogu masts R\u012bg\u0101 5m Nordic EXT FM","robots":{"index":"index","follow":"follow","max-snippet":"max-snippet:-1","max-image-preview":"max-image-preview:large","max-video-preview":"max-video-preview:-1"},"canonical":"https:\/\/wmtbaltic.lv\/product\/karogu-masts-nordic-winch-7m-cokola-diametrs-120mm\/","og_locale":"en_US","og_type":"article","og_title":"Stikl\u0161\u0137iedras karogu masts R\u012bg\u0101 5m Nordic EXT FM","og_url":"https:\/\/wmtbaltic.lv\/product\/karogu-masts-nordic-winch-7m-cokola-diametrs-120mm\/","og_site_name":"WMT Baltic","article_publisher":"https:\/\/www.facebook.com\/WMT.Baltic.viscom\/?locale=lv_LV","article_modified_time":"2026-03-10T10:00:49+00:00","og_image":[{"width":1080,"height":1440,"url":"http:\/\/wmtbaltic.lv\/wp-content\/uploads\/2025\/02\/karogumasti_wmtvaltic.png","type":"image\/png"}],"twitter_card":"summary_large_image","twitter_misc":{"Est. reading time":"1 minute"},"schema":{"@context":"https:\/\/schema.org","@graph":[{"@type":"WebPage","@id":"https:\/\/wmtbaltic.lv\/product\/karogu-masts-nordic-winch-7m-cokola-diametrs-120mm\/","url":"https:\/\/wmtbaltic.lv\/product\/karogu-masts-nordic-winch-7m-cokola-diametrs-120mm\/","name":"Stikl\u0161\u0137iedras karogu masts R\u012bg\u0101 5m Nordic EXT FM","isPartOf":{"@id":"https:\/\/wmtbaltic.lv\/#website"},"primaryImageOfPage":{"@id":"https:\/\/wmtbaltic.lv\/product\/karogu-masts-nordic-winch-7m-cokola-diametrs-120mm\/#primaryimage"},"image":{"@id":"https:\/\/wmtbaltic.lv\/product\/karogu-masts-nordic-winch-7m-cokola-diametrs-120mm\/#primaryimage"},"thumbnailUrl":"https:\/\/wmtbaltic.lv\/wp-content\/uploads\/2025\/02\/karogumasti_wmtvaltic.png","datePublished":"2025-02-10T08:34:56+00:00","dateModified":"2026-03-10T10:00:49+00:00","breadcrumb":{"@id":"https:\/\/wmtbaltic.lv\/product\/karogu-masts-nordic-winch-7m-cokola-diametrs-120mm\/#breadcrumb"},"inLanguage":"en-US","potentialAction":[{"@type":"ReadAction","target":["https:\/\/wmtbaltic.lv\/product\/karogu-masts-nordic-winch-7m-cokola-diametrs-120mm\/"]}]},{"@type":"ImageObject","inLanguage":"en-US","@id":"https:\/\/wmtbaltic.lv\/product\/karogu-masts-nordic-winch-7m-cokola-diametrs-120mm\/#primaryimage","url":"https:\/\/wmtbaltic.lv\/wp-content\/uploads\/2025\/02\/karogumasti_wmtvaltic.png","contentUrl":"https:\/\/wmtbaltic.lv\/wp-content\/uploads\/2025\/02\/karogumasti_wmtvaltic.png","width":1080,"height":1440},{"@type":"BreadcrumbList","@id":"https:\/\/wmtbaltic.lv\/product\/karogu-masts-nordic-winch-7m-cokola-diametrs-120mm\/#breadcrumb","itemListElement":[{"@type":"ListItem","position":1,"name":"Home","item":"https:\/\/wmtbaltic.lv\/en\/"},{"@type":"ListItem","position":2,"name":"Shop","item":"https:\/\/wmtbaltic.lv\/shop\/"},{"@type":"ListItem","position":3,"name":"Karogu masts Nordic winch 7m cokola diametrs: 120mm"}]},{"@type":"WebSite","@id":"https:\/\/wmtbaltic.lv\/#website","url":"https:\/\/wmtbaltic.lv\/","name":"WMT Baltic","description":"Rekl\u0101mas produkti, pl\u0113ves","publisher":{"@id":"https:\/\/wmtbaltic.lv\/#organization"},"potentialAction":[{"@type":"SearchAction","target":{"@type":"EntryPoint","urlTemplate":"https:\/\/wmtbaltic.lv\/?s={search_term_string}"},"query-input":{"@type":"PropertyValueSpecification","valueRequired":true,"valueName":"search_term_string"}}],"inLanguage":"en-US"},{"@type":"Organization","@id":"https:\/\/wmtbaltic.lv\/#organization","name":"WMT Baltic","url":"https:\/\/wmtbaltic.lv\/","logo":{"@type":"ImageObject","inLanguage":"en-US","@id":"https:\/\/wmtbaltic.lv\/#\/schema\/logo\/image\/","url":"https:\/\/wmtbaltic.lv\/wp-content\/uploads\/2024\/12\/wmt-baltic-sia_107142_9_420x180.jpg","contentUrl":"https:\/\/wmtbaltic.lv\/wp-content\/uploads\/2024\/12\/wmt-baltic-sia_107142_9_420x180.jpg","width":420,"height":180,"caption":"WMT Baltic"},"image":{"@id":"https:\/\/wmtbaltic.lv\/#\/schema\/logo\/image\/"},"sameAs":["https:\/\/www.facebook.com\/WMT.Baltic.viscom\/?locale=lv_LV","https:\/\/www.instagram.com\/viscom_wmt\/"]}]}},"_links":{"self":[{"href":"https:\/\/wmtbaltic.lv\/en\/wp-json\/wp\/v2\/product\/17561","targetHints":{"allow":["GET"]}}],"collection":[{"href":"https:\/\/wmtbaltic.lv\/en\/wp-json\/wp\/v2\/product"}],"about":[{"href":"https:\/\/wmtbaltic.lv\/en\/wp-json\/wp\/v2\/types\/product"}],"wp:featuredmedia":[{"embeddable":true,"href":"https:\/\/wmtbaltic.lv\/en\/wp-json\/wp\/v2\/media\/17557"}],"wp:attachment":[{"href":"https:\/\/wmtbaltic.lv\/en\/wp-json\/wp\/v2\/media?parent=17561"}],"wp:term":[{"taxonomy":"product_brand","embeddable":true,"href":"https:\/\/wmtbaltic.lv\/en\/wp-json\/wp\/v2\/product_brand?post=17561"},{"taxonomy":"product_cat","embeddable":true,"href":"https:\/\/wmtbaltic.lv\/en\/wp-json\/wp\/v2\/product_cat?post=17561"},{"taxonomy":"product_tag","embeddable":true,"href":"https:\/\/wmtbaltic.lv\/en\/wp-json\/wp\/v2\/product_tag?post=17561"}],"curies":[{"name":"wp","href":"https:\/\/api.w.org\/{rel}","templated":true}]}}