{"id":17472,"date":"2025-01-16T09:44:37","date_gmt":"2025-01-16T09:44:37","guid":{"rendered":"https:\/\/wmtbaltic.lv\/?post_type=product&#038;p=17472"},"modified":"2025-01-16T09:51:49","modified_gmt":"2025-01-16T09:51:49","slug":"loklik-limpleve-305-cm-x-180-m-matte-red","status":"publish","type":"product","link":"https:\/\/wmtbaltic.lv\/en\/product\/loklik-limpleve-305-cm-x-180-m-matte-red\/","title":{"rendered":"LOKLiK l\u012bmpl\u0113ve 30,5 cm x 1,80 m &#8211; Matte Red"},"content":{"rendered":"<p>LOKLiK l\u012bmpl\u0113ve ar permanento l\u012bmi\u00a0 ide\u0101li piem\u0113rota logotipu un uzrakstu ploter\u0113\u0161anai.<\/p>\n<p>Ru\u013c\u013ca izm\u0113rs: 30,5 cm x 1,80 m<\/p>\n<p>Notur\u012bga\u00a0 l\u012bdz 5 gadiem iek\u0161telp\u0101s un 3 gadus \u0101rtelp\u0101m.<\/p>\n<p>&nbsp;<\/p>\n<p>&nbsp;<\/p>\n<pre id=\"tw-target-text\" class=\"tw-data-text tw-text-large tw-ta\" dir=\"ltr\" data-placeholder=\"Tulkojums\" data-ved=\"2ahUKEwjF-PjN8vmKAxWsFhAIHehNAgUQ3ewLegQIBBAT\" aria-label=\"Tulkotais teksts: Kas ir mat\u0113ts past\u0101v\u012bgs l\u012bmes vinils Melns past\u0101v\u012bgi l\u012bm\u0113jo\u0161ais vinils ir ide\u0101li piem\u0113rots iztur\u012bgu dizainu veido\u0161anai uz ciet\u0101m virsm\u0101m, piem\u0113ram, stikla, keramikas, plastmasas un cit\u0101m. To ir viegli griezt ar LOKLiK iCraft\u2122, Crafter, Cricut vai Silhouette griez\u0113jma\u0161\u012bnu vai pat ar roku. Ar sp\u0113c\u012bgu l\u012bmes pamatni tas iztur \u0101ra apst\u0101k\u013cus un mazg\u0101\u0161anu, padarot to lieliski piem\u0113rotu uzl\u012bm\u0113m, z\u012bm\u0113m un personaliz\u0113tiem priek\u0161metiem. Caursp\u012bd\u012bg\u0101 PET pamatne nodro\u0161ina vieglu grie\u0161anu, nov\u0113r\u0161ot pl\u012bsumus un burbu\u013cus. M\u0113s iesak\u0101m izmantot p\u0101rne\u0161anas lenti, lai neman\u0101mi p\u0101rnestu izgriezuma dizainu no s\u0101kotn\u0113j\u0101 pamatnes uz projekta virsmu. LOKLiK mat\u0113tais permanentais adhez\u012bvs vinils ir pieejams da\u017e\u0101d\u0101s kr\u0101s\u0101s un kalpo l\u012bdz 5 gadiem telp\u0101s un 3 gadus \u0101r\u0101. Skats no aug\u0161as uz roz\u0101 plati uz zila fona. Roka noloba laim\u012bg\u0101 ka\u0137a dizaina re\u017e\u0123a p\u0101rneses lenti. K\u0101 lietot mat\u0113tu past\u0101v\u012bgo l\u012bmes vinilu\"><span class=\"Y2IQFc\" lang=\"lv\">\u00a0<\/span><\/pre>\n","protected":false},"excerpt":{"rendered":"LOKLiK l\u012bmpl\u0113ve ar permanento l\u012bmi\u00a0 ide\u0101li piem\u0113rota logotipu un uzrakstu ploter\u0113\u0161anai. Ru\u013c\u013ca izm\u0113rs: 30,5 cm x 1,80 m Notur\u012bga\u00a0 l\u012bdz 5 gadiem iek\u0161telp\u0101s un 3 gadus \u0101rtelp\u0101m. &nbsp; &nbsp; \u00a0","protected":false},"featured_media":17474,"template":"","meta":[],"product_brand":[],"product_cat":[1558],"product_tag":[1575],"class_list":{"0":"post-17472","1":"product","2":"type-product","3":"status-publish","4":"has-post-thumbnail","6":"product_cat-loklik-aksesuari","7":"product_tag-loklik-limpleve","9":"first","10":"instock","11":"shipping-taxable","12":"purchasable","13":"product-type-simple"},"yoast_head":"<!-- This site is optimized with the Yoast SEO plugin v27.4 - https:\/\/yoast.com\/product\/yoast-seo-wordpress\/ -->\n<title>LOKLiK l\u012bmpl\u0113ve 30,5 cm x 1,80 m - Matte Red - WMT Baltic<\/title>\n<meta name=\"description\" content=\"LOKLiK l\u012bmpl\u0113ve ar permanento l\u012bmi\u00a0 ide\u0101li piem\u0113rota logotipu un uzrakstu ploter\u0113\u0161anai.Ru\u013c\u013ca izm\u0113rs: 30,5 cm x 1,80 mNotur\u012bga\u00a0 l\u012bdz 5 gadiem iek\u0161telp\u0101s un 3 gadus \u0101r\u0101.\" \/>\n<meta name=\"robots\" content=\"index, follow, max-snippet:-1, max-image-preview:large, max-video-preview:-1\" \/>\n<link rel=\"canonical\" href=\"https:\/\/wmtbaltic.lv\/product\/loklik-limpleve-305-cm-x-180-m-matte-red\/\" \/>\n<meta property=\"og:locale\" content=\"en_US\" \/>\n<meta property=\"og:type\" content=\"article\" \/>\n<meta property=\"og:title\" content=\"LOKLiK l\u012bmpl\u0113ve 30,5 cm x 1,80 m - Matte Red - WMT Baltic\" \/>\n<meta property=\"og:description\" content=\"LOKLiK l\u012bmpl\u0113ve ar permanento l\u012bmi\u00a0 ide\u0101li piem\u0113rota logotipu un uzrakstu ploter\u0113\u0161anai.Ru\u013c\u013ca izm\u0113rs: 30,5 cm x 1,80 mNotur\u012bga\u00a0 l\u012bdz 5 gadiem iek\u0161telp\u0101s un 3 gadus \u0101r\u0101.\" \/>\n<meta property=\"og:url\" content=\"https:\/\/wmtbaltic.lv\/product\/loklik-limpleve-305-cm-x-180-m-matte-red\/\" \/>\n<meta property=\"og:site_name\" content=\"WMT Baltic\" \/>\n<meta property=\"article:publisher\" content=\"https:\/\/www.facebook.com\/WMT.Baltic.viscom\/?locale=lv_LV\" \/>\n<meta property=\"article:modified_time\" content=\"2025-01-16T09:51:49+00:00\" \/>\n<meta property=\"og:image\" content=\"http:\/\/wmtbaltic.lv\/wp-content\/uploads\/2025\/01\/loklik-permanent-adhesive-vinyl-matte-red-305-x-18.jpg\" \/>\n\t<meta property=\"og:image:width\" content=\"1180\" \/>\n\t<meta property=\"og:image:height\" content=\"1180\" \/>\n\t<meta property=\"og:image:type\" content=\"image\/jpeg\" \/>\n<meta name=\"twitter:card\" content=\"summary_large_image\" \/>\n<meta name=\"twitter:label1\" content=\"Est. reading time\" \/>\n\t<meta name=\"twitter:data1\" content=\"1 minute\" \/>\n<script type=\"application\/ld+json\" class=\"yoast-schema-graph\">{\"@context\":\"https:\\\/\\\/schema.org\",\"@graph\":[{\"@type\":\"WebPage\",\"@id\":\"https:\\\/\\\/wmtbaltic.lv\\\/product\\\/loklik-limpleve-305-cm-x-180-m-matte-red\\\/\",\"url\":\"https:\\\/\\\/wmtbaltic.lv\\\/product\\\/loklik-limpleve-305-cm-x-180-m-matte-red\\\/\",\"name\":\"LOKLiK l\u012bmpl\u0113ve 30,5 cm x 1,80 m - Matte Red - WMT Baltic\",\"isPartOf\":{\"@id\":\"https:\\\/\\\/wmtbaltic.lv\\\/#website\"},\"primaryImageOfPage\":{\"@id\":\"https:\\\/\\\/wmtbaltic.lv\\\/product\\\/loklik-limpleve-305-cm-x-180-m-matte-red\\\/#primaryimage\"},\"image\":{\"@id\":\"https:\\\/\\\/wmtbaltic.lv\\\/product\\\/loklik-limpleve-305-cm-x-180-m-matte-red\\\/#primaryimage\"},\"thumbnailUrl\":\"https:\\\/\\\/wmtbaltic.lv\\\/wp-content\\\/uploads\\\/2025\\\/01\\\/loklik-permanent-adhesive-vinyl-matte-red-305-x-18.jpg\",\"datePublished\":\"2025-01-16T09:44:37+00:00\",\"dateModified\":\"2025-01-16T09:51:49+00:00\",\"description\":\"LOKLiK l\u012bmpl\u0113ve ar permanento l\u012bmi\u00a0 ide\u0101li piem\u0113rota logotipu un uzrakstu ploter\u0113\u0161anai.Ru\u013c\u013ca izm\u0113rs: 30,5 cm x 1,80 mNotur\u012bga\u00a0 l\u012bdz 5 gadiem iek\u0161telp\u0101s un 3 gadus \u0101r\u0101.\",\"breadcrumb\":{\"@id\":\"https:\\\/\\\/wmtbaltic.lv\\\/product\\\/loklik-limpleve-305-cm-x-180-m-matte-red\\\/#breadcrumb\"},\"inLanguage\":\"en-US\",\"potentialAction\":[{\"@type\":\"ReadAction\",\"target\":[\"https:\\\/\\\/wmtbaltic.lv\\\/product\\\/loklik-limpleve-305-cm-x-180-m-matte-red\\\/\"]}]},{\"@type\":\"ImageObject\",\"inLanguage\":\"en-US\",\"@id\":\"https:\\\/\\\/wmtbaltic.lv\\\/product\\\/loklik-limpleve-305-cm-x-180-m-matte-red\\\/#primaryimage\",\"url\":\"https:\\\/\\\/wmtbaltic.lv\\\/wp-content\\\/uploads\\\/2025\\\/01\\\/loklik-permanent-adhesive-vinyl-matte-red-305-x-18.jpg\",\"contentUrl\":\"https:\\\/\\\/wmtbaltic.lv\\\/wp-content\\\/uploads\\\/2025\\\/01\\\/loklik-permanent-adhesive-vinyl-matte-red-305-x-18.jpg\",\"width\":1180,\"height\":1180},{\"@type\":\"BreadcrumbList\",\"@id\":\"https:\\\/\\\/wmtbaltic.lv\\\/product\\\/loklik-limpleve-305-cm-x-180-m-matte-red\\\/#breadcrumb\",\"itemListElement\":[{\"@type\":\"ListItem\",\"position\":1,\"name\":\"Home\",\"item\":\"https:\\\/\\\/wmtbaltic.lv\\\/en\\\/\"},{\"@type\":\"ListItem\",\"position\":2,\"name\":\"Shop\",\"item\":\"https:\\\/\\\/wmtbaltic.lv\\\/shop\\\/\"},{\"@type\":\"ListItem\",\"position\":3,\"name\":\"LOKLiK l\u012bmpl\u0113ve 30,5 cm x 1,80 m &#8211; Matte Red\"}]},{\"@type\":\"WebSite\",\"@id\":\"https:\\\/\\\/wmtbaltic.lv\\\/#website\",\"url\":\"https:\\\/\\\/wmtbaltic.lv\\\/\",\"name\":\"WMT Baltic\",\"description\":\"Rekl\u0101mas produkti, pl\u0113ves\",\"publisher\":{\"@id\":\"https:\\\/\\\/wmtbaltic.lv\\\/#organization\"},\"potentialAction\":[{\"@type\":\"SearchAction\",\"target\":{\"@type\":\"EntryPoint\",\"urlTemplate\":\"https:\\\/\\\/wmtbaltic.lv\\\/?s={search_term_string}\"},\"query-input\":{\"@type\":\"PropertyValueSpecification\",\"valueRequired\":true,\"valueName\":\"search_term_string\"}}],\"inLanguage\":\"en-US\"},{\"@type\":\"Organization\",\"@id\":\"https:\\\/\\\/wmtbaltic.lv\\\/#organization\",\"name\":\"WMT Baltic\",\"url\":\"https:\\\/\\\/wmtbaltic.lv\\\/\",\"logo\":{\"@type\":\"ImageObject\",\"inLanguage\":\"en-US\",\"@id\":\"https:\\\/\\\/wmtbaltic.lv\\\/#\\\/schema\\\/logo\\\/image\\\/\",\"url\":\"https:\\\/\\\/wmtbaltic.lv\\\/wp-content\\\/uploads\\\/2024\\\/12\\\/wmt-baltic-sia_107142_9_420x180.jpg\",\"contentUrl\":\"https:\\\/\\\/wmtbaltic.lv\\\/wp-content\\\/uploads\\\/2024\\\/12\\\/wmt-baltic-sia_107142_9_420x180.jpg\",\"width\":420,\"height\":180,\"caption\":\"WMT Baltic\"},\"image\":{\"@id\":\"https:\\\/\\\/wmtbaltic.lv\\\/#\\\/schema\\\/logo\\\/image\\\/\"},\"sameAs\":[\"https:\\\/\\\/www.facebook.com\\\/WMT.Baltic.viscom\\\/?locale=lv_LV\",\"https:\\\/\\\/www.instagram.com\\\/viscom_wmt\\\/\"]}]}<\/script>\n<!-- \/ Yoast SEO plugin. -->","yoast_head_json":{"title":"LOKLiK l\u012bmpl\u0113ve 30,5 cm x 1,80 m - Matte Red - WMT Baltic","description":"LOKLiK l\u012bmpl\u0113ve ar permanento l\u012bmi\u00a0 ide\u0101li piem\u0113rota logotipu un uzrakstu ploter\u0113\u0161anai.Ru\u013c\u013ca izm\u0113rs: 30,5 cm x 1,80 mNotur\u012bga\u00a0 l\u012bdz 5 gadiem iek\u0161telp\u0101s un 3 gadus \u0101r\u0101.","robots":{"index":"index","follow":"follow","max-snippet":"max-snippet:-1","max-image-preview":"max-image-preview:large","max-video-preview":"max-video-preview:-1"},"canonical":"https:\/\/wmtbaltic.lv\/product\/loklik-limpleve-305-cm-x-180-m-matte-red\/","og_locale":"en_US","og_type":"article","og_title":"LOKLiK l\u012bmpl\u0113ve 30,5 cm x 1,80 m - Matte Red - WMT Baltic","og_description":"LOKLiK l\u012bmpl\u0113ve ar permanento l\u012bmi\u00a0 ide\u0101li piem\u0113rota logotipu un uzrakstu ploter\u0113\u0161anai.Ru\u013c\u013ca izm\u0113rs: 30,5 cm x 1,80 mNotur\u012bga\u00a0 l\u012bdz 5 gadiem iek\u0161telp\u0101s un 3 gadus \u0101r\u0101.","og_url":"https:\/\/wmtbaltic.lv\/product\/loklik-limpleve-305-cm-x-180-m-matte-red\/","og_site_name":"WMT Baltic","article_publisher":"https:\/\/www.facebook.com\/WMT.Baltic.viscom\/?locale=lv_LV","article_modified_time":"2025-01-16T09:51:49+00:00","og_image":[{"width":1180,"height":1180,"url":"http:\/\/wmtbaltic.lv\/wp-content\/uploads\/2025\/01\/loklik-permanent-adhesive-vinyl-matte-red-305-x-18.jpg","type":"image\/jpeg"}],"twitter_card":"summary_large_image","twitter_misc":{"Est. reading time":"1 minute"},"schema":{"@context":"https:\/\/schema.org","@graph":[{"@type":"WebPage","@id":"https:\/\/wmtbaltic.lv\/product\/loklik-limpleve-305-cm-x-180-m-matte-red\/","url":"https:\/\/wmtbaltic.lv\/product\/loklik-limpleve-305-cm-x-180-m-matte-red\/","name":"LOKLiK l\u012bmpl\u0113ve 30,5 cm x 1,80 m - Matte Red - WMT Baltic","isPartOf":{"@id":"https:\/\/wmtbaltic.lv\/#website"},"primaryImageOfPage":{"@id":"https:\/\/wmtbaltic.lv\/product\/loklik-limpleve-305-cm-x-180-m-matte-red\/#primaryimage"},"image":{"@id":"https:\/\/wmtbaltic.lv\/product\/loklik-limpleve-305-cm-x-180-m-matte-red\/#primaryimage"},"thumbnailUrl":"https:\/\/wmtbaltic.lv\/wp-content\/uploads\/2025\/01\/loklik-permanent-adhesive-vinyl-matte-red-305-x-18.jpg","datePublished":"2025-01-16T09:44:37+00:00","dateModified":"2025-01-16T09:51:49+00:00","description":"LOKLiK l\u012bmpl\u0113ve ar permanento l\u012bmi\u00a0 ide\u0101li piem\u0113rota logotipu un uzrakstu ploter\u0113\u0161anai.Ru\u013c\u013ca izm\u0113rs: 30,5 cm x 1,80 mNotur\u012bga\u00a0 l\u012bdz 5 gadiem iek\u0161telp\u0101s un 3 gadus \u0101r\u0101.","breadcrumb":{"@id":"https:\/\/wmtbaltic.lv\/product\/loklik-limpleve-305-cm-x-180-m-matte-red\/#breadcrumb"},"inLanguage":"en-US","potentialAction":[{"@type":"ReadAction","target":["https:\/\/wmtbaltic.lv\/product\/loklik-limpleve-305-cm-x-180-m-matte-red\/"]}]},{"@type":"ImageObject","inLanguage":"en-US","@id":"https:\/\/wmtbaltic.lv\/product\/loklik-limpleve-305-cm-x-180-m-matte-red\/#primaryimage","url":"https:\/\/wmtbaltic.lv\/wp-content\/uploads\/2025\/01\/loklik-permanent-adhesive-vinyl-matte-red-305-x-18.jpg","contentUrl":"https:\/\/wmtbaltic.lv\/wp-content\/uploads\/2025\/01\/loklik-permanent-adhesive-vinyl-matte-red-305-x-18.jpg","width":1180,"height":1180},{"@type":"BreadcrumbList","@id":"https:\/\/wmtbaltic.lv\/product\/loklik-limpleve-305-cm-x-180-m-matte-red\/#breadcrumb","itemListElement":[{"@type":"ListItem","position":1,"name":"Home","item":"https:\/\/wmtbaltic.lv\/en\/"},{"@type":"ListItem","position":2,"name":"Shop","item":"https:\/\/wmtbaltic.lv\/shop\/"},{"@type":"ListItem","position":3,"name":"LOKLiK l\u012bmpl\u0113ve 30,5 cm x 1,80 m &#8211; Matte Red"}]},{"@type":"WebSite","@id":"https:\/\/wmtbaltic.lv\/#website","url":"https:\/\/wmtbaltic.lv\/","name":"WMT Baltic","description":"Rekl\u0101mas produkti, pl\u0113ves","publisher":{"@id":"https:\/\/wmtbaltic.lv\/#organization"},"potentialAction":[{"@type":"SearchAction","target":{"@type":"EntryPoint","urlTemplate":"https:\/\/wmtbaltic.lv\/?s={search_term_string}"},"query-input":{"@type":"PropertyValueSpecification","valueRequired":true,"valueName":"search_term_string"}}],"inLanguage":"en-US"},{"@type":"Organization","@id":"https:\/\/wmtbaltic.lv\/#organization","name":"WMT Baltic","url":"https:\/\/wmtbaltic.lv\/","logo":{"@type":"ImageObject","inLanguage":"en-US","@id":"https:\/\/wmtbaltic.lv\/#\/schema\/logo\/image\/","url":"https:\/\/wmtbaltic.lv\/wp-content\/uploads\/2024\/12\/wmt-baltic-sia_107142_9_420x180.jpg","contentUrl":"https:\/\/wmtbaltic.lv\/wp-content\/uploads\/2024\/12\/wmt-baltic-sia_107142_9_420x180.jpg","width":420,"height":180,"caption":"WMT Baltic"},"image":{"@id":"https:\/\/wmtbaltic.lv\/#\/schema\/logo\/image\/"},"sameAs":["https:\/\/www.facebook.com\/WMT.Baltic.viscom\/?locale=lv_LV","https:\/\/www.instagram.com\/viscom_wmt\/"]}]}},"_links":{"self":[{"href":"https:\/\/wmtbaltic.lv\/en\/wp-json\/wp\/v2\/product\/17472","targetHints":{"allow":["GET"]}}],"collection":[{"href":"https:\/\/wmtbaltic.lv\/en\/wp-json\/wp\/v2\/product"}],"about":[{"href":"https:\/\/wmtbaltic.lv\/en\/wp-json\/wp\/v2\/types\/product"}],"wp:featuredmedia":[{"embeddable":true,"href":"https:\/\/wmtbaltic.lv\/en\/wp-json\/wp\/v2\/media\/17474"}],"wp:attachment":[{"href":"https:\/\/wmtbaltic.lv\/en\/wp-json\/wp\/v2\/media?parent=17472"}],"wp:term":[{"taxonomy":"product_brand","embeddable":true,"href":"https:\/\/wmtbaltic.lv\/en\/wp-json\/wp\/v2\/product_brand?post=17472"},{"taxonomy":"product_cat","embeddable":true,"href":"https:\/\/wmtbaltic.lv\/en\/wp-json\/wp\/v2\/product_cat?post=17472"},{"taxonomy":"product_tag","embeddable":true,"href":"https:\/\/wmtbaltic.lv\/en\/wp-json\/wp\/v2\/product_tag?post=17472"}],"curies":[{"name":"wp","href":"https:\/\/api.w.org\/{rel}","templated":true}]}}