{"id":17318,"date":"2025-01-09T09:32:50","date_gmt":"2025-01-09T09:32:50","guid":{"rendered":"https:\/\/wmtbaltic.lv\/?post_type=product&#038;p=17318"},"modified":"2025-01-09T11:40:22","modified_gmt":"2025-01-09T11:40:22","slug":"nazis-ploterim-loklik-crafter-60","status":"publish","type":"product","link":"https:\/\/wmtbaltic.lv\/en\/product\/nazis-ploterim-loklik-crafter-60\/","title":{"rendered":"Nazis ploterim LOKLiK Crafter 60\u00b0"},"content":{"rendered":"<p>LOKLiK grie\u0161anas asmens 60\u00b0 &#8211;\u00a0 ir \u012bpa\u0161i izstr\u0101d\u0101ts biez\u0101ku materi\u0101lu prec\u012bzai grie\u0161anai l\u012bdz 1,5 mm.<\/p>\n<p>Ar 60\u00b0 grie\u0161anas le\u0146\u0137i \u0161ie asme\u0146i ir lieliski piem\u0113roti projektiem, kuriem nepiecie\u0161ama papildu precizit\u0101te, piem\u0113ram, detaliz\u0113ti raksti, grie\u017eot bl\u012bvus materi\u0101lus, piem\u0113ram, smagu kartonu un speci\u0101lu pap\u012bru.<\/p>\n<p>\u0160ie asme\u0146i ir iztur\u012bgi un saglab\u0101 asumu pat bie\u017ei lietojot, nodro\u0161inot vienm\u0113r\u012bgus, t\u012brus griezumus katru reizi.<\/p>\n<p>Komplekt\u0101 2 gab<\/p>\n","protected":false},"excerpt":{"rendered":"LOKLiK grie\u0161anas asmens 60\u00b0 -\u00a0 ir \u012bpa\u0161i izstr\u0101d\u0101ts biez\u0101ku materi\u0101lu prec\u012bzai grie\u0161anai l\u012bdz 1,5 mm. Ar 60\u00b0 grie\u0161anas le\u0146\u0137i \u0161ie asme\u0146i ir lieliski piem\u0113roti projektiem, kuriem nepiecie\u0161ama papildu precizit\u0101te, piem\u0113ram, detaliz\u0113ti raksti, grie\u017eot bl\u012bvus materi\u0101lus, piem\u0113ram, smagu kartonu un speci\u0101lu pap\u012bru. \u0160ie asme\u0146i ir iztur\u012bgi un saglab\u0101 asumu pat bie\u017ei lietojot, nodro\u0161inot vienm\u0113r\u012bgus, t\u012brus griezumus [...]","protected":false},"featured_media":17313,"template":"","meta":[],"product_brand":[],"product_cat":[1558],"product_tag":[1562,1072,1097],"class_list":{"0":"post-17318","1":"product","2":"type-product","3":"status-publish","4":"has-post-thumbnail","6":"product_cat-loklik-aksesuari","7":"product_tag-loklik-crafter","8":"product_tag-nazi","9":"product_tag-nazis-ploterim","11":"first","12":"instock","13":"shipping-taxable","14":"purchasable","15":"product-type-simple"},"yoast_head":"<!-- This site is optimized with the Yoast SEO plugin v27.4 - https:\/\/yoast.com\/product\/yoast-seo-wordpress\/ -->\n<title>Nazis ploterim LOKLiK Crafter 60\u00b0 - WMT Baltic<\/title>\n<meta name=\"robots\" content=\"index, follow, max-snippet:-1, max-image-preview:large, max-video-preview:-1\" \/>\n<link rel=\"canonical\" href=\"https:\/\/wmtbaltic.lv\/product\/nazis-ploterim-loklik-crafter-60\/\" \/>\n<meta property=\"og:locale\" content=\"en_US\" \/>\n<meta property=\"og:type\" content=\"article\" \/>\n<meta property=\"og:title\" content=\"Nazis ploterim LOKLiK Crafter 60\u00b0 - WMT Baltic\" \/>\n<meta property=\"og:url\" content=\"https:\/\/wmtbaltic.lv\/product\/nazis-ploterim-loklik-crafter-60\/\" \/>\n<meta property=\"og:site_name\" content=\"WMT Baltic\" \/>\n<meta property=\"article:publisher\" content=\"https:\/\/www.facebook.com\/WMT.Baltic.viscom\/?locale=lv_LV\" \/>\n<meta property=\"article:modified_time\" content=\"2025-01-09T11:40:22+00:00\" \/>\n<meta property=\"og:image\" content=\"http:\/\/wmtbaltic.lv\/wp-content\/uploads\/2025\/01\/LOKLiK-Crafter-60\u00b0_wmtbaltic.jpg\" \/>\n\t<meta property=\"og:image:width\" content=\"1180\" \/>\n\t<meta property=\"og:image:height\" content=\"1180\" \/>\n\t<meta property=\"og:image:type\" content=\"image\/jpeg\" \/>\n<meta name=\"twitter:card\" content=\"summary_large_image\" \/>\n<meta name=\"twitter:label1\" content=\"Est. reading time\" \/>\n\t<meta name=\"twitter:data1\" content=\"1 minute\" \/>\n<script type=\"application\/ld+json\" class=\"yoast-schema-graph\">{\"@context\":\"https:\\\/\\\/schema.org\",\"@graph\":[{\"@type\":\"WebPage\",\"@id\":\"https:\\\/\\\/wmtbaltic.lv\\\/product\\\/nazis-ploterim-loklik-crafter-60\\\/\",\"url\":\"https:\\\/\\\/wmtbaltic.lv\\\/product\\\/nazis-ploterim-loklik-crafter-60\\\/\",\"name\":\"Nazis ploterim LOKLiK Crafter 60\u00b0 - WMT Baltic\",\"isPartOf\":{\"@id\":\"https:\\\/\\\/wmtbaltic.lv\\\/#website\"},\"primaryImageOfPage\":{\"@id\":\"https:\\\/\\\/wmtbaltic.lv\\\/product\\\/nazis-ploterim-loklik-crafter-60\\\/#primaryimage\"},\"image\":{\"@id\":\"https:\\\/\\\/wmtbaltic.lv\\\/product\\\/nazis-ploterim-loklik-crafter-60\\\/#primaryimage\"},\"thumbnailUrl\":\"https:\\\/\\\/wmtbaltic.lv\\\/wp-content\\\/uploads\\\/2025\\\/01\\\/LOKLiK-Crafter-60\u00b0_wmtbaltic.jpg\",\"datePublished\":\"2025-01-09T09:32:50+00:00\",\"dateModified\":\"2025-01-09T11:40:22+00:00\",\"breadcrumb\":{\"@id\":\"https:\\\/\\\/wmtbaltic.lv\\\/product\\\/nazis-ploterim-loklik-crafter-60\\\/#breadcrumb\"},\"inLanguage\":\"en-US\",\"potentialAction\":[{\"@type\":\"ReadAction\",\"target\":[\"https:\\\/\\\/wmtbaltic.lv\\\/product\\\/nazis-ploterim-loklik-crafter-60\\\/\"]}]},{\"@type\":\"ImageObject\",\"inLanguage\":\"en-US\",\"@id\":\"https:\\\/\\\/wmtbaltic.lv\\\/product\\\/nazis-ploterim-loklik-crafter-60\\\/#primaryimage\",\"url\":\"https:\\\/\\\/wmtbaltic.lv\\\/wp-content\\\/uploads\\\/2025\\\/01\\\/LOKLiK-Crafter-60\u00b0_wmtbaltic.jpg\",\"contentUrl\":\"https:\\\/\\\/wmtbaltic.lv\\\/wp-content\\\/uploads\\\/2025\\\/01\\\/LOKLiK-Crafter-60\u00b0_wmtbaltic.jpg\",\"width\":1180,\"height\":1180},{\"@type\":\"BreadcrumbList\",\"@id\":\"https:\\\/\\\/wmtbaltic.lv\\\/product\\\/nazis-ploterim-loklik-crafter-60\\\/#breadcrumb\",\"itemListElement\":[{\"@type\":\"ListItem\",\"position\":1,\"name\":\"Home\",\"item\":\"https:\\\/\\\/wmtbaltic.lv\\\/en\\\/\"},{\"@type\":\"ListItem\",\"position\":2,\"name\":\"Shop\",\"item\":\"https:\\\/\\\/wmtbaltic.lv\\\/shop\\\/\"},{\"@type\":\"ListItem\",\"position\":3,\"name\":\"Nazis ploterim LOKLiK Crafter 60\u00b0\"}]},{\"@type\":\"WebSite\",\"@id\":\"https:\\\/\\\/wmtbaltic.lv\\\/#website\",\"url\":\"https:\\\/\\\/wmtbaltic.lv\\\/\",\"name\":\"WMT Baltic\",\"description\":\"Rekl\u0101mas produkti, pl\u0113ves\",\"publisher\":{\"@id\":\"https:\\\/\\\/wmtbaltic.lv\\\/#organization\"},\"potentialAction\":[{\"@type\":\"SearchAction\",\"target\":{\"@type\":\"EntryPoint\",\"urlTemplate\":\"https:\\\/\\\/wmtbaltic.lv\\\/?s={search_term_string}\"},\"query-input\":{\"@type\":\"PropertyValueSpecification\",\"valueRequired\":true,\"valueName\":\"search_term_string\"}}],\"inLanguage\":\"en-US\"},{\"@type\":\"Organization\",\"@id\":\"https:\\\/\\\/wmtbaltic.lv\\\/#organization\",\"name\":\"WMT Baltic\",\"url\":\"https:\\\/\\\/wmtbaltic.lv\\\/\",\"logo\":{\"@type\":\"ImageObject\",\"inLanguage\":\"en-US\",\"@id\":\"https:\\\/\\\/wmtbaltic.lv\\\/#\\\/schema\\\/logo\\\/image\\\/\",\"url\":\"https:\\\/\\\/wmtbaltic.lv\\\/wp-content\\\/uploads\\\/2024\\\/12\\\/wmt-baltic-sia_107142_9_420x180.jpg\",\"contentUrl\":\"https:\\\/\\\/wmtbaltic.lv\\\/wp-content\\\/uploads\\\/2024\\\/12\\\/wmt-baltic-sia_107142_9_420x180.jpg\",\"width\":420,\"height\":180,\"caption\":\"WMT Baltic\"},\"image\":{\"@id\":\"https:\\\/\\\/wmtbaltic.lv\\\/#\\\/schema\\\/logo\\\/image\\\/\"},\"sameAs\":[\"https:\\\/\\\/www.facebook.com\\\/WMT.Baltic.viscom\\\/?locale=lv_LV\",\"https:\\\/\\\/www.instagram.com\\\/viscom_wmt\\\/\"]}]}<\/script>\n<!-- \/ Yoast SEO plugin. -->","yoast_head_json":{"title":"Nazis ploterim LOKLiK Crafter 60\u00b0 - WMT Baltic","robots":{"index":"index","follow":"follow","max-snippet":"max-snippet:-1","max-image-preview":"max-image-preview:large","max-video-preview":"max-video-preview:-1"},"canonical":"https:\/\/wmtbaltic.lv\/product\/nazis-ploterim-loklik-crafter-60\/","og_locale":"en_US","og_type":"article","og_title":"Nazis ploterim LOKLiK Crafter 60\u00b0 - WMT Baltic","og_url":"https:\/\/wmtbaltic.lv\/product\/nazis-ploterim-loklik-crafter-60\/","og_site_name":"WMT Baltic","article_publisher":"https:\/\/www.facebook.com\/WMT.Baltic.viscom\/?locale=lv_LV","article_modified_time":"2025-01-09T11:40:22+00:00","og_image":[{"width":1180,"height":1180,"url":"http:\/\/wmtbaltic.lv\/wp-content\/uploads\/2025\/01\/LOKLiK-Crafter-60\u00b0_wmtbaltic.jpg","type":"image\/jpeg"}],"twitter_card":"summary_large_image","twitter_misc":{"Est. reading time":"1 minute"},"schema":{"@context":"https:\/\/schema.org","@graph":[{"@type":"WebPage","@id":"https:\/\/wmtbaltic.lv\/product\/nazis-ploterim-loklik-crafter-60\/","url":"https:\/\/wmtbaltic.lv\/product\/nazis-ploterim-loklik-crafter-60\/","name":"Nazis ploterim LOKLiK Crafter 60\u00b0 - WMT Baltic","isPartOf":{"@id":"https:\/\/wmtbaltic.lv\/#website"},"primaryImageOfPage":{"@id":"https:\/\/wmtbaltic.lv\/product\/nazis-ploterim-loklik-crafter-60\/#primaryimage"},"image":{"@id":"https:\/\/wmtbaltic.lv\/product\/nazis-ploterim-loklik-crafter-60\/#primaryimage"},"thumbnailUrl":"https:\/\/wmtbaltic.lv\/wp-content\/uploads\/2025\/01\/LOKLiK-Crafter-60\u00b0_wmtbaltic.jpg","datePublished":"2025-01-09T09:32:50+00:00","dateModified":"2025-01-09T11:40:22+00:00","breadcrumb":{"@id":"https:\/\/wmtbaltic.lv\/product\/nazis-ploterim-loklik-crafter-60\/#breadcrumb"},"inLanguage":"en-US","potentialAction":[{"@type":"ReadAction","target":["https:\/\/wmtbaltic.lv\/product\/nazis-ploterim-loklik-crafter-60\/"]}]},{"@type":"ImageObject","inLanguage":"en-US","@id":"https:\/\/wmtbaltic.lv\/product\/nazis-ploterim-loklik-crafter-60\/#primaryimage","url":"https:\/\/wmtbaltic.lv\/wp-content\/uploads\/2025\/01\/LOKLiK-Crafter-60\u00b0_wmtbaltic.jpg","contentUrl":"https:\/\/wmtbaltic.lv\/wp-content\/uploads\/2025\/01\/LOKLiK-Crafter-60\u00b0_wmtbaltic.jpg","width":1180,"height":1180},{"@type":"BreadcrumbList","@id":"https:\/\/wmtbaltic.lv\/product\/nazis-ploterim-loklik-crafter-60\/#breadcrumb","itemListElement":[{"@type":"ListItem","position":1,"name":"Home","item":"https:\/\/wmtbaltic.lv\/en\/"},{"@type":"ListItem","position":2,"name":"Shop","item":"https:\/\/wmtbaltic.lv\/shop\/"},{"@type":"ListItem","position":3,"name":"Nazis ploterim LOKLiK Crafter 60\u00b0"}]},{"@type":"WebSite","@id":"https:\/\/wmtbaltic.lv\/#website","url":"https:\/\/wmtbaltic.lv\/","name":"WMT Baltic","description":"Rekl\u0101mas produkti, pl\u0113ves","publisher":{"@id":"https:\/\/wmtbaltic.lv\/#organization"},"potentialAction":[{"@type":"SearchAction","target":{"@type":"EntryPoint","urlTemplate":"https:\/\/wmtbaltic.lv\/?s={search_term_string}"},"query-input":{"@type":"PropertyValueSpecification","valueRequired":true,"valueName":"search_term_string"}}],"inLanguage":"en-US"},{"@type":"Organization","@id":"https:\/\/wmtbaltic.lv\/#organization","name":"WMT Baltic","url":"https:\/\/wmtbaltic.lv\/","logo":{"@type":"ImageObject","inLanguage":"en-US","@id":"https:\/\/wmtbaltic.lv\/#\/schema\/logo\/image\/","url":"https:\/\/wmtbaltic.lv\/wp-content\/uploads\/2024\/12\/wmt-baltic-sia_107142_9_420x180.jpg","contentUrl":"https:\/\/wmtbaltic.lv\/wp-content\/uploads\/2024\/12\/wmt-baltic-sia_107142_9_420x180.jpg","width":420,"height":180,"caption":"WMT Baltic"},"image":{"@id":"https:\/\/wmtbaltic.lv\/#\/schema\/logo\/image\/"},"sameAs":["https:\/\/www.facebook.com\/WMT.Baltic.viscom\/?locale=lv_LV","https:\/\/www.instagram.com\/viscom_wmt\/"]}]}},"_links":{"self":[{"href":"https:\/\/wmtbaltic.lv\/en\/wp-json\/wp\/v2\/product\/17318","targetHints":{"allow":["GET"]}}],"collection":[{"href":"https:\/\/wmtbaltic.lv\/en\/wp-json\/wp\/v2\/product"}],"about":[{"href":"https:\/\/wmtbaltic.lv\/en\/wp-json\/wp\/v2\/types\/product"}],"wp:featuredmedia":[{"embeddable":true,"href":"https:\/\/wmtbaltic.lv\/en\/wp-json\/wp\/v2\/media\/17313"}],"wp:attachment":[{"href":"https:\/\/wmtbaltic.lv\/en\/wp-json\/wp\/v2\/media?parent=17318"}],"wp:term":[{"taxonomy":"product_brand","embeddable":true,"href":"https:\/\/wmtbaltic.lv\/en\/wp-json\/wp\/v2\/product_brand?post=17318"},{"taxonomy":"product_cat","embeddable":true,"href":"https:\/\/wmtbaltic.lv\/en\/wp-json\/wp\/v2\/product_cat?post=17318"},{"taxonomy":"product_tag","embeddable":true,"href":"https:\/\/wmtbaltic.lv\/en\/wp-json\/wp\/v2\/product_tag?post=17318"}],"curies":[{"name":"wp","href":"https:\/\/api.w.org\/{rel}","templated":true}]}}