{"id":17264,"date":"2025-01-07T07:27:29","date_gmt":"2025-01-07T07:27:29","guid":{"rendered":"https:\/\/wmtbaltic.lv\/?post_type=product&#038;p=17264"},"modified":"2025-01-27T10:23:40","modified_gmt":"2025-01-27T10:23:40","slug":"fotoluminescenta-pleve-glo-brite-1-37m","status":"publish","type":"product","link":"https:\/\/wmtbaltic.lv\/en\/product\/fotoluminescenta-pleve-glo-brite-1-37m\/","title":{"rendered":"Fotoluminescenta pl\u0113ve Glo Brite 1.37m"},"content":{"rendered":"<div class=\"lRu31\" dir=\"ltr\"><span class=\"HwtZe\" lang=\"lv\"><span class=\"jCAhz ChMk0b\"><span class=\"ryNqvb\">Sertific\u0113ta gaismu uzkr\u0101jo\u0161a pl\u0113ve dro\u0161ai navig\u0101cijai iek\u0161telp\u0101s.<\/span><\/span> <span class=\"jCAhz ChMk0b\"><span class=\"ryNqvb\">Fotoluminisc\u0113jo\u0161a polim\u0113ra pl\u0113ve ar akrila l\u012bmi.<\/span><\/span> <span class=\"jCAhz ChMk0b\"><span class=\"ryNqvb\">\u0160\u012b pl\u0113ve ir uzreiz redzama tums\u0101 vai v\u0101j\u0101 apgaismojum\u0101.<\/span><\/span> Glo Brite\u00a0 pl\u0113ve\u00a0 <span class=\"jCAhz ChMk0b\"><span class=\"ryNqvb\"> ir paredz\u0113ta\u00a0 iek\u0161telpu un \u0101ra dro\u0161\u012bbas pielietojumam, piem\u0113ram, ugunsdro\u0161\u012bbas un izejas z\u012bm\u0113m <\/span><\/span><span class=\"jCAhz ChMk0b\"><span class=\"ryNqvb\">\u0113kam, dzelzce\u013ciemun milit\u0101rie pielietojumiem<\/span><\/span><span class=\"jCAhz ChMk0b\"><span class=\"ryNqvb\">.<\/span><\/span> <span class=\"jCAhz ChMk0b\"><span class=\"ryNqvb\">Sertific\u0113t\u0101 pl\u0113ve atbilst visstingr\u0101kajiem nozares standartiem.<\/span><\/span> Pl\u0113vi <span class=\"jCAhz ChMk0b\"><span class=\"ryNqvb\">var apdruk\u0101t ar Solvent un UV tint\u0113m.<\/span><\/span><\/span><\/div>\n<div dir=\"ltr\"><\/div>\n<div class=\"lRu31\" dir=\"ltr\"><span class=\"HwtZe\" lang=\"lv\"> <span class=\"jCAhz\"><span class=\"ryNqvb\">Apraksts:<\/span><\/span><\/span><\/div>\n<div class=\"lRu31\" dir=\"ltr\"><span class=\"HwtZe\" lang=\"lv\"> <span class=\"jCAhz ChMk0b\"><span class=\"ryNqvb\">Ru\u013c\u013ca izm\u0113rs: 1,37 x 45,7 m. <\/span><\/span><\/span><\/div>\n<div class=\"lRu31\" dir=\"ltr\"><span class=\"HwtZe\" lang=\"lv\"><span class=\"jCAhz ChMk0b\"><span class=\"ryNqvb\">Materi\u0101ls: polim\u0113ra pl\u0113ve <\/span><\/span><\/span><\/div>\n<div class=\"lRu31\" dir=\"ltr\"><span class=\"HwtZe\" lang=\"lv\"><span class=\"jCAhz ChMk0b\"><span class=\"ryNqvb\">Biezums: 230 mikroni <\/span><\/span><\/span><\/div>\n<div class=\"lRu31\" dir=\"ltr\"><span class=\"HwtZe\" lang=\"lv\"><span class=\"jCAhz ChMk0b\"><span class=\"ryNqvb\"><span style=\"color: #000000;\">Virsmas materi\u0101ls:<\/span> mat\u0113ts <\/span><\/span><span class=\"jCAhz ChMk0b\"><span class=\"ryNqvb\">L\u012bme: iztur\u012bga akrila l\u012bme<\/span><\/span><\/span><\/div>\n<div class=\"lRu31\" dir=\"ltr\"><span class=\"HwtZe\" lang=\"lv\"> <span class=\"jCAhz\"><span class=\"ryNqvb\">Sertifik\u0101ts: B klase <\/span><\/span><\/span><\/div>\n<div class=\"lRu31\" dir=\"ltr\"><span class=\"HwtZe\" lang=\"lv\"><span class=\"jCAhz ChMk0b\"><span class=\"ryNqvb\">Sertifik\u0101ti: ASTM 2072, ISO 15370, PSPA Class B, DIN67510, IMO RES A.752(18).<\/span><\/span><\/span><\/div>\n<div dir=\"ltr\"><\/div>\n<div class=\"lRu31\" dir=\"ltr\"><span class=\"HwtZe\" lang=\"lv\"><span class=\"jCAhz\"><span class=\"ryNqvb\">Lieto\u0161ana:<\/span><\/span><\/span><\/div>\n<div class=\"lRu31\" dir=\"ltr\"><span class=\"HwtZe\" lang=\"lv\"> <span class=\"jCAhz\"><span class=\"ryNqvb\">Ugunsdro\u0161\u012bbas z\u012bmes <\/span><\/span><\/span><\/div>\n<div class=\"lRu31\" dir=\"ltr\"><span class=\"HwtZe\" lang=\"lv\"><span class=\"jCAhz\"><span class=\"ryNqvb\">Izejas z\u012bmes <\/span><\/span><\/span><\/div>\n<div class=\"lRu31\" dir=\"ltr\"><span class=\"HwtZe\" lang=\"lv\"><span class=\"jCAhz\"><span class=\"ryNqvb\">J\u016bras ku\u0123i<\/span><\/span><\/span><\/div>\n<div class=\"lRu31\" dir=\"ltr\"><span class=\"HwtZe\" lang=\"lv\"> <span class=\"jCAhz\"><span class=\"ryNqvb\">Dzelzce\u013ca dro\u0161\u012bbas z\u012bmes <\/span><\/span><\/span><\/div>\n<div class=\"lRu31\" dir=\"ltr\"><span class=\"HwtZe\" lang=\"lv\"><span class=\"jCAhz\"><span class=\"ryNqvb\">Milit\u0101r\u0101s\u00a0z\u012bmes<\/span><\/span><\/span><\/div>\n<div dir=\"ltr\"><\/div>\n<div class=\"lRu31\" dir=\"ltr\"><span class=\"HwtZe\" lang=\"lv\"><span class=\"jCAhz\"><span class=\"ryNqvb\">Cena nor\u0101d\u012bta par teko\u0161o metru.<\/span><\/span><\/span><\/div>\n<div class=\"lRu31\" dir=\"ltr\"><\/div>\n<div class=\"lRu31\" dir=\"ltr\"><span class=\"HwtZe\" lang=\"lv\"><span class=\"jCAhz\"><span class=\"ryNqvb\"><a href=\"https:\/\/wmt.lt\/wp-content\/uploads\/2024\/09\/glo_brite_7630_tds.pdf\">Tehniskais apraksts:<\/a><br \/>\n<\/span><\/span><\/span><\/p>\n<div class=\"OvtS8d\"><\/div>\n<div id=\"ow16\"><\/div>\n<\/div>\n<div class=\"UdTY9 WdefRb\" aria-hidden=\"true\" data-location=\"2\">\n<div class=\"kO6q6e\"><\/div>\n<\/div>\n<div class=\"XL3Kf XExWNc\">\n<div class=\"a8FIud\">\n<div data-show-delay-ms=\"250\" data-append-to-body=\"false\" data-propagate-tooltip-mouseover-events=\"true\" data-anchor-corner=\"bottom-end\" data-enable-skip-handler=\"true\" data-popup-corner=\"top-end\">\n<div class=\"dig2sb\"><\/div>\n<\/div>\n<\/div>\n<\/div>\n<div class=\"ebT7ne VOLvac sMVRZe\">\n<div class=\"F0pQVc\"><\/div>\n<\/div>\n<div class=\"VO9ucd\">\n<div class=\"aJIq1d\" dir=\"ltr\" data-language-code=\"lv\" data-language-name=\"latvie\u0161u\" data-text=\"Sertific\u0113ta gaismu akumul\u0113jo\u0161a pl\u0113ve dro\u0161ai navig\u0101cijai iek\u0161telp\u0101s. Fotoluminisc\u0113jo\u0161a polim\u0113ra pl\u0113ve ar akrila l\u012bmi. \u0160\u012b filma ir uzreiz redzama tums\u0101 vai v\u0101j\u0101 apgaismojum\u0101. Izmantojiet \u0161o pl\u0113vi, lai izveidotu dro\u0161\u012bbas z\u012bmes un navig\u0101cijas uzl\u012bmes sadz\u012bves, j\u016bras un milit\u0101r\u0101m vajadz\u012bb\u0101m. Sertific\u0113t\u0101 pl\u0113ve atbilst visstingr\u0101kajiem nozares standartiem. Filmu var apdruk\u0101t ar Solvent un UV tint\u0113m. Apraksts: Ru\u013c\u013ca izm\u0113rs: 1,37 x 45,7 m. Materi\u0101ls: polim\u0113ru pl\u0113ve Biezums: 230 mikroni Virsmas materi\u0101ls: mat\u0113ts L\u012bme: iztur\u012bga akrila l\u012bme Sertifik\u0101ts: B klase Sertifik\u0101ti: ASTM 2072, ISO 15370, PSPA Class B, DIN67510, IMO RES A.752(18). Lieto\u0161ana: Ugunsdro\u0161\u012bbas z\u012bmes Izejas z\u012bmes J\u016bras ku\u0123i Dzelzce\u013ca dro\u0161\u012bbas z\u012bmes Milit\u0101r\u0101s z\u012bmotnes Cena nor\u0101d\u012bta par teko\u0161o metru. Tehniskais apraksts: glo_brite_7630_tds\" data-crosslingual-hint=\"\" data-location=\"2\" data-enable-toggle-playback-speed=\"true\" data-results-count=\"1\" data-result-index=\"1\">\n<div class=\"m0Qfkd\"><\/div>\n<\/div>\n<\/div>\n","protected":false},"excerpt":{"rendered":"Sertific\u0113ta gaismu uzkr\u0101jo\u0161a pl\u0113ve dro\u0161ai navig\u0101cijai iek\u0161telp\u0101s. Fotoluminisc\u0113jo\u0161a polim\u0113ra pl\u0113ve ar akrila l\u012bmi. \u0160\u012b pl\u0113ve ir uzreiz redzama tums\u0101 vai v\u0101j\u0101 apgaismojum\u0101. Glo Brite\u00a0 pl\u0113ve\u00a0 ir paredz\u0113ta\u00a0 iek\u0161telpu un \u0101ra dro\u0161\u012bbas pielietojumam, piem\u0113ram, ugunsdro\u0161\u012bbas un izejas z\u012bm\u0113m \u0113kam, dzelzce\u013ciemun milit\u0101rie pielietojumiem. Sertific\u0113t\u0101 pl\u0113ve atbilst visstingr\u0101kajiem nozares standartiem. Pl\u0113vi var apdruk\u0101t ar Solvent un UV tint\u0113m. [...]","protected":false},"featured_media":17265,"comment_status":"closed","ping_status":"closed","template":"","meta":[],"product_brand":[],"product_cat":[180,403,1375,55],"product_tag":[1556,1557,675],"class_list":{"0":"post-17264","1":"product","2":"type-product","3":"status-publish","4":"has-post-thumbnail","6":"product_cat-drukas-materiali-stendu-izgatavosanai-nopirkt-riga","7":"product_cat-gaismu-uzkrajosas-limpleves","8":"product_cat-gaismu-uzkrajosas-limpleves-2","9":"product_cat-pleves-limlentes","10":"product_tag-fotoluminescenta","11":"product_tag-glo-brite","12":"product_tag-pleve","14":"first","15":"instock","16":"shipping-taxable","17":"purchasable","18":"product-type-simple"},"yoast_head":"<!-- This site is optimized with the Yoast SEO plugin v27.4 - https:\/\/yoast.com\/product\/yoast-seo-wordpress\/ -->\n<title>Fotoluminescenta pl\u0113ve Glo Brite 1.37m - WMT Baltic<\/title>\n<meta name=\"robots\" content=\"index, follow, max-snippet:-1, max-image-preview:large, max-video-preview:-1\" \/>\n<link rel=\"canonical\" href=\"https:\/\/wmtbaltic.lv\/product\/fotoluminescenta-pleve-glo-brite-1-37m\/\" \/>\n<meta property=\"og:locale\" content=\"en_US\" \/>\n<meta property=\"og:type\" content=\"article\" \/>\n<meta property=\"og:title\" content=\"Fotoluminescenta pl\u0113ve Glo Brite 1.37m - WMT Baltic\" \/>\n<meta property=\"og:url\" content=\"https:\/\/wmtbaltic.lv\/product\/fotoluminescenta-pleve-glo-brite-1-37m\/\" \/>\n<meta property=\"og:site_name\" content=\"WMT Baltic\" \/>\n<meta property=\"article:publisher\" content=\"https:\/\/www.facebook.com\/WMT.Baltic.viscom\/?locale=lv_LV\" \/>\n<meta property=\"article:modified_time\" content=\"2025-01-27T10:23:40+00:00\" \/>\n<meta property=\"og:image\" content=\"http:\/\/wmtbaltic.lv\/wp-content\/uploads\/2025\/01\/001.jpg\" \/>\n\t<meta property=\"og:image:width\" content=\"550\" \/>\n\t<meta property=\"og:image:height\" content=\"550\" \/>\n\t<meta property=\"og:image:type\" content=\"image\/jpeg\" \/>\n<meta name=\"twitter:card\" content=\"summary_large_image\" \/>\n<meta name=\"twitter:label1\" content=\"Est. reading time\" \/>\n\t<meta name=\"twitter:data1\" content=\"1 minute\" \/>\n<script type=\"application\/ld+json\" class=\"yoast-schema-graph\">{\"@context\":\"https:\\\/\\\/schema.org\",\"@graph\":[{\"@type\":\"WebPage\",\"@id\":\"https:\\\/\\\/wmtbaltic.lv\\\/product\\\/fotoluminescenta-pleve-glo-brite-1-37m\\\/\",\"url\":\"https:\\\/\\\/wmtbaltic.lv\\\/product\\\/fotoluminescenta-pleve-glo-brite-1-37m\\\/\",\"name\":\"Fotoluminescenta pl\u0113ve Glo Brite 1.37m - WMT Baltic\",\"isPartOf\":{\"@id\":\"https:\\\/\\\/wmtbaltic.lv\\\/#website\"},\"primaryImageOfPage\":{\"@id\":\"https:\\\/\\\/wmtbaltic.lv\\\/product\\\/fotoluminescenta-pleve-glo-brite-1-37m\\\/#primaryimage\"},\"image\":{\"@id\":\"https:\\\/\\\/wmtbaltic.lv\\\/product\\\/fotoluminescenta-pleve-glo-brite-1-37m\\\/#primaryimage\"},\"thumbnailUrl\":\"https:\\\/\\\/wmtbaltic.lv\\\/wp-content\\\/uploads\\\/2025\\\/01\\\/001.jpg\",\"datePublished\":\"2025-01-07T07:27:29+00:00\",\"dateModified\":\"2025-01-27T10:23:40+00:00\",\"breadcrumb\":{\"@id\":\"https:\\\/\\\/wmtbaltic.lv\\\/product\\\/fotoluminescenta-pleve-glo-brite-1-37m\\\/#breadcrumb\"},\"inLanguage\":\"en-US\",\"potentialAction\":[{\"@type\":\"ReadAction\",\"target\":[\"https:\\\/\\\/wmtbaltic.lv\\\/product\\\/fotoluminescenta-pleve-glo-brite-1-37m\\\/\"]}]},{\"@type\":\"ImageObject\",\"inLanguage\":\"en-US\",\"@id\":\"https:\\\/\\\/wmtbaltic.lv\\\/product\\\/fotoluminescenta-pleve-glo-brite-1-37m\\\/#primaryimage\",\"url\":\"https:\\\/\\\/wmtbaltic.lv\\\/wp-content\\\/uploads\\\/2025\\\/01\\\/001.jpg\",\"contentUrl\":\"https:\\\/\\\/wmtbaltic.lv\\\/wp-content\\\/uploads\\\/2025\\\/01\\\/001.jpg\",\"width\":550,\"height\":550},{\"@type\":\"BreadcrumbList\",\"@id\":\"https:\\\/\\\/wmtbaltic.lv\\\/product\\\/fotoluminescenta-pleve-glo-brite-1-37m\\\/#breadcrumb\",\"itemListElement\":[{\"@type\":\"ListItem\",\"position\":1,\"name\":\"Home\",\"item\":\"https:\\\/\\\/wmtbaltic.lv\\\/en\\\/\"},{\"@type\":\"ListItem\",\"position\":2,\"name\":\"Products\",\"item\":\"https:\\\/\\\/wmtbaltic.lv\\\/en\\\/shop\\\/\"},{\"@type\":\"ListItem\",\"position\":3,\"name\":\"Fotoluminescenta pl\u0113ve Glo Brite 1.37m\"}]},{\"@type\":\"WebSite\",\"@id\":\"https:\\\/\\\/wmtbaltic.lv\\\/#website\",\"url\":\"https:\\\/\\\/wmtbaltic.lv\\\/\",\"name\":\"WMT Baltic\",\"description\":\"Rekl\u0101mas produkti, pl\u0113ves\",\"publisher\":{\"@id\":\"https:\\\/\\\/wmtbaltic.lv\\\/#organization\"},\"potentialAction\":[{\"@type\":\"SearchAction\",\"target\":{\"@type\":\"EntryPoint\",\"urlTemplate\":\"https:\\\/\\\/wmtbaltic.lv\\\/?s={search_term_string}\"},\"query-input\":{\"@type\":\"PropertyValueSpecification\",\"valueRequired\":true,\"valueName\":\"search_term_string\"}}],\"inLanguage\":\"en-US\"},{\"@type\":\"Organization\",\"@id\":\"https:\\\/\\\/wmtbaltic.lv\\\/#organization\",\"name\":\"WMT Baltic\",\"url\":\"https:\\\/\\\/wmtbaltic.lv\\\/\",\"logo\":{\"@type\":\"ImageObject\",\"inLanguage\":\"en-US\",\"@id\":\"https:\\\/\\\/wmtbaltic.lv\\\/#\\\/schema\\\/logo\\\/image\\\/\",\"url\":\"https:\\\/\\\/wmtbaltic.lv\\\/wp-content\\\/uploads\\\/2024\\\/12\\\/wmt-baltic-sia_107142_9_420x180.jpg\",\"contentUrl\":\"https:\\\/\\\/wmtbaltic.lv\\\/wp-content\\\/uploads\\\/2024\\\/12\\\/wmt-baltic-sia_107142_9_420x180.jpg\",\"width\":420,\"height\":180,\"caption\":\"WMT Baltic\"},\"image\":{\"@id\":\"https:\\\/\\\/wmtbaltic.lv\\\/#\\\/schema\\\/logo\\\/image\\\/\"},\"sameAs\":[\"https:\\\/\\\/www.facebook.com\\\/WMT.Baltic.viscom\\\/?locale=lv_LV\",\"https:\\\/\\\/www.instagram.com\\\/viscom_wmt\\\/\"]}]}<\/script>\n<!-- \/ Yoast SEO plugin. -->","yoast_head_json":{"title":"Fotoluminescenta pl\u0113ve Glo Brite 1.37m - WMT Baltic","robots":{"index":"index","follow":"follow","max-snippet":"max-snippet:-1","max-image-preview":"max-image-preview:large","max-video-preview":"max-video-preview:-1"},"canonical":"https:\/\/wmtbaltic.lv\/product\/fotoluminescenta-pleve-glo-brite-1-37m\/","og_locale":"en_US","og_type":"article","og_title":"Fotoluminescenta pl\u0113ve Glo Brite 1.37m - WMT Baltic","og_url":"https:\/\/wmtbaltic.lv\/product\/fotoluminescenta-pleve-glo-brite-1-37m\/","og_site_name":"WMT Baltic","article_publisher":"https:\/\/www.facebook.com\/WMT.Baltic.viscom\/?locale=lv_LV","article_modified_time":"2025-01-27T10:23:40+00:00","og_image":[{"width":550,"height":550,"url":"http:\/\/wmtbaltic.lv\/wp-content\/uploads\/2025\/01\/001.jpg","type":"image\/jpeg"}],"twitter_card":"summary_large_image","twitter_misc":{"Est. reading time":"1 minute"},"schema":{"@context":"https:\/\/schema.org","@graph":[{"@type":"WebPage","@id":"https:\/\/wmtbaltic.lv\/product\/fotoluminescenta-pleve-glo-brite-1-37m\/","url":"https:\/\/wmtbaltic.lv\/product\/fotoluminescenta-pleve-glo-brite-1-37m\/","name":"Fotoluminescenta pl\u0113ve Glo Brite 1.37m - WMT Baltic","isPartOf":{"@id":"https:\/\/wmtbaltic.lv\/#website"},"primaryImageOfPage":{"@id":"https:\/\/wmtbaltic.lv\/product\/fotoluminescenta-pleve-glo-brite-1-37m\/#primaryimage"},"image":{"@id":"https:\/\/wmtbaltic.lv\/product\/fotoluminescenta-pleve-glo-brite-1-37m\/#primaryimage"},"thumbnailUrl":"https:\/\/wmtbaltic.lv\/wp-content\/uploads\/2025\/01\/001.jpg","datePublished":"2025-01-07T07:27:29+00:00","dateModified":"2025-01-27T10:23:40+00:00","breadcrumb":{"@id":"https:\/\/wmtbaltic.lv\/product\/fotoluminescenta-pleve-glo-brite-1-37m\/#breadcrumb"},"inLanguage":"en-US","potentialAction":[{"@type":"ReadAction","target":["https:\/\/wmtbaltic.lv\/product\/fotoluminescenta-pleve-glo-brite-1-37m\/"]}]},{"@type":"ImageObject","inLanguage":"en-US","@id":"https:\/\/wmtbaltic.lv\/product\/fotoluminescenta-pleve-glo-brite-1-37m\/#primaryimage","url":"https:\/\/wmtbaltic.lv\/wp-content\/uploads\/2025\/01\/001.jpg","contentUrl":"https:\/\/wmtbaltic.lv\/wp-content\/uploads\/2025\/01\/001.jpg","width":550,"height":550},{"@type":"BreadcrumbList","@id":"https:\/\/wmtbaltic.lv\/product\/fotoluminescenta-pleve-glo-brite-1-37m\/#breadcrumb","itemListElement":[{"@type":"ListItem","position":1,"name":"Home","item":"https:\/\/wmtbaltic.lv\/en\/"},{"@type":"ListItem","position":2,"name":"Products","item":"https:\/\/wmtbaltic.lv\/en\/shop\/"},{"@type":"ListItem","position":3,"name":"Fotoluminescenta pl\u0113ve Glo Brite 1.37m"}]},{"@type":"WebSite","@id":"https:\/\/wmtbaltic.lv\/#website","url":"https:\/\/wmtbaltic.lv\/","name":"WMT Baltic","description":"Rekl\u0101mas produkti, pl\u0113ves","publisher":{"@id":"https:\/\/wmtbaltic.lv\/#organization"},"potentialAction":[{"@type":"SearchAction","target":{"@type":"EntryPoint","urlTemplate":"https:\/\/wmtbaltic.lv\/?s={search_term_string}"},"query-input":{"@type":"PropertyValueSpecification","valueRequired":true,"valueName":"search_term_string"}}],"inLanguage":"en-US"},{"@type":"Organization","@id":"https:\/\/wmtbaltic.lv\/#organization","name":"WMT Baltic","url":"https:\/\/wmtbaltic.lv\/","logo":{"@type":"ImageObject","inLanguage":"en-US","@id":"https:\/\/wmtbaltic.lv\/#\/schema\/logo\/image\/","url":"https:\/\/wmtbaltic.lv\/wp-content\/uploads\/2024\/12\/wmt-baltic-sia_107142_9_420x180.jpg","contentUrl":"https:\/\/wmtbaltic.lv\/wp-content\/uploads\/2024\/12\/wmt-baltic-sia_107142_9_420x180.jpg","width":420,"height":180,"caption":"WMT Baltic"},"image":{"@id":"https:\/\/wmtbaltic.lv\/#\/schema\/logo\/image\/"},"sameAs":["https:\/\/www.facebook.com\/WMT.Baltic.viscom\/?locale=lv_LV","https:\/\/www.instagram.com\/viscom_wmt\/"]}]}},"_links":{"self":[{"href":"https:\/\/wmtbaltic.lv\/en\/wp-json\/wp\/v2\/product\/17264","targetHints":{"allow":["GET"]}}],"collection":[{"href":"https:\/\/wmtbaltic.lv\/en\/wp-json\/wp\/v2\/product"}],"about":[{"href":"https:\/\/wmtbaltic.lv\/en\/wp-json\/wp\/v2\/types\/product"}],"replies":[{"embeddable":true,"href":"https:\/\/wmtbaltic.lv\/en\/wp-json\/wp\/v2\/comments?post=17264"}],"wp:featuredmedia":[{"embeddable":true,"href":"https:\/\/wmtbaltic.lv\/en\/wp-json\/wp\/v2\/media\/17265"}],"wp:attachment":[{"href":"https:\/\/wmtbaltic.lv\/en\/wp-json\/wp\/v2\/media?parent=17264"}],"wp:term":[{"taxonomy":"product_brand","embeddable":true,"href":"https:\/\/wmtbaltic.lv\/en\/wp-json\/wp\/v2\/product_brand?post=17264"},{"taxonomy":"product_cat","embeddable":true,"href":"https:\/\/wmtbaltic.lv\/en\/wp-json\/wp\/v2\/product_cat?post=17264"},{"taxonomy":"product_tag","embeddable":true,"href":"https:\/\/wmtbaltic.lv\/en\/wp-json\/wp\/v2\/product_tag?post=17264"}],"curies":[{"name":"wp","href":"https:\/\/api.w.org\/{rel}","templated":true}]}}