{"id":17112,"date":"2024-12-04T08:05:59","date_gmt":"2024-12-04T08:05:59","guid":{"rendered":"https:\/\/wmtbaltic.lv\/?post_type=product&#038;p=17112"},"modified":"2024-12-04T08:06:01","modified_gmt":"2024-12-04T08:06:01","slug":"nazis-ploterim-zec-u3050-0-5mm","status":"publish","type":"product","link":"https:\/\/wmtbaltic.lv\/en\/product\/nazis-ploterim-zec-u3050-0-5mm\/","title":{"rendered":"Nazis ploterim ZEC-U3050, 0.5mm"},"content":{"rendered":"<p>ZEC-U3050 nazim ir pietieko\u0161i ass le\u0146\u0137is. Tiek izmantots darbam ar smil\u0161str\u016bklas pl\u0113vi vai biezu termopl\u0113vi, ka ar\u012b biez\u0101ku gaismu atstarojo\u0161u vinilu, kartonu. Ar\u012b standarta vinila grie\u0161anai, ta\u010du lab\u0101ki rezult\u0101ti sasniedzami pielietojot ZEC-U1005 vai ZEC-U5025. Lab\u0101kais nazis kartona, smil\u0161str\u016bklas un citu polim\u0113rmateri\u0101lu grie\u0161anai\u2013ZEC-U3100. Le\u0146\u0137is 60o. Offset 0,500mm.<\/p>\n","protected":false},"excerpt":{"rendered":"ZEC-U3050 nazim ir pietieko\u0161i ass le\u0146\u0137is. Tiek izmantots darbam ar smil\u0161str\u016bklas pl\u0113vi vai biezu termopl\u0113vi, ka ar\u012b biez\u0101ku gaismu atstarojo\u0161u vinilu, kartonu. Ar\u012b standarta vinila grie\u0161anai, ta\u010du lab\u0101ki rezult\u0101ti sasniedzami pielietojot ZEC-U1005 vai ZEC-U5025. Lab\u0101kais nazis kartona, smil\u0161str\u016bklas un citu polim\u0113rmateri\u0101lu grie\u0161anai\u2013ZEC-U3100. Le\u0146\u0137is 60o. Offset 0,500mm.","protected":false},"featured_media":17113,"template":"","meta":[],"product_brand":[],"product_cat":[258,1023,1542],"product_tag":[378,1547,497],"class_list":{"0":"post-17112","1":"product","2":"type-product","3":"status-publish","4":"has-post-thumbnail","6":"product_cat-iekartas-un-izejmateriali","7":"product_cat-rezerves-materiali-un-aksesuari","8":"product_cat-roland-ploteru-nazi-un-nazu-teretaji","9":"product_tag-aksesuari","10":"product_tag-rezerves-dalas","11":"product_tag-roland","13":"first","14":"instock","15":"shipping-taxable","16":"purchasable","17":"product-type-simple"},"yoast_head":"<!-- This site is optimized with the Yoast SEO plugin v27.5 - https:\/\/yoast.com\/product\/yoast-seo-wordpress\/ -->\n<title>Nazis ploterim ZEC-U3050, 0.5mm - WMT Baltic<\/title>\n<meta name=\"description\" content=\"EC-U30500 nazim ir pietieko\u0161i ass le\u0146\u0137is. Tiek izmantots darbam ar smil\u0161str\u016bklas pl\u0113vi vai biezu termopl\u0113vi, ka ar\u012b biez\u0101ku gaismu atstarojo\u0161u vinilu, kartonu.\" \/>\n<meta name=\"robots\" content=\"index, follow, max-snippet:-1, max-image-preview:large, max-video-preview:-1\" \/>\n<link rel=\"canonical\" href=\"https:\/\/wmtbaltic.lv\/product\/nazis-ploterim-zec-u3050-0-5mm\/\" \/>\n<meta property=\"og:locale\" content=\"en_US\" \/>\n<meta property=\"og:type\" content=\"article\" \/>\n<meta property=\"og:title\" content=\"Nazis ploterim ZEC-U3050, 0.5mm - WMT Baltic\" \/>\n<meta property=\"og:description\" content=\"EC-U30500 nazim ir pietieko\u0161i ass le\u0146\u0137is. Tiek izmantots darbam ar smil\u0161str\u016bklas pl\u0113vi vai biezu termopl\u0113vi, ka ar\u012b biez\u0101ku gaismu atstarojo\u0161u vinilu, kartonu.\" \/>\n<meta property=\"og:url\" content=\"https:\/\/wmtbaltic.lv\/product\/nazis-ploterim-zec-u3050-0-5mm\/\" \/>\n<meta property=\"og:site_name\" content=\"WMT Baltic\" \/>\n<meta property=\"article:publisher\" content=\"https:\/\/www.facebook.com\/WMT.Baltic.viscom\/?locale=lv_LV\" \/>\n<meta property=\"article:modified_time\" content=\"2024-12-04T08:06:01+00:00\" \/>\n<meta property=\"og:image\" content=\"http:\/\/wmtbaltic.lv\/wp-content\/uploads\/2024\/12\/ZEC-U3050-.jpg\" \/>\n\t<meta property=\"og:image:width\" content=\"1400\" \/>\n\t<meta property=\"og:image:height\" content=\"1050\" \/>\n\t<meta property=\"og:image:type\" content=\"image\/jpeg\" \/>\n<meta name=\"twitter:card\" content=\"summary_large_image\" \/>\n<meta name=\"twitter:label1\" content=\"Est. reading time\" \/>\n\t<meta name=\"twitter:data1\" content=\"1 minute\" \/>\n<script type=\"application\/ld+json\" class=\"yoast-schema-graph\">{\"@context\":\"https:\\\/\\\/schema.org\",\"@graph\":[{\"@type\":\"WebPage\",\"@id\":\"https:\\\/\\\/wmtbaltic.lv\\\/product\\\/nazis-ploterim-zec-u3050-0-5mm\\\/\",\"url\":\"https:\\\/\\\/wmtbaltic.lv\\\/product\\\/nazis-ploterim-zec-u3050-0-5mm\\\/\",\"name\":\"Nazis ploterim ZEC-U3050, 0.5mm - WMT Baltic\",\"isPartOf\":{\"@id\":\"https:\\\/\\\/wmtbaltic.lv\\\/#website\"},\"primaryImageOfPage\":{\"@id\":\"https:\\\/\\\/wmtbaltic.lv\\\/product\\\/nazis-ploterim-zec-u3050-0-5mm\\\/#primaryimage\"},\"image\":{\"@id\":\"https:\\\/\\\/wmtbaltic.lv\\\/product\\\/nazis-ploterim-zec-u3050-0-5mm\\\/#primaryimage\"},\"thumbnailUrl\":\"https:\\\/\\\/wmtbaltic.lv\\\/wp-content\\\/uploads\\\/2024\\\/12\\\/ZEC-U3050-.jpg\",\"datePublished\":\"2024-12-04T08:05:59+00:00\",\"dateModified\":\"2024-12-04T08:06:01+00:00\",\"description\":\"EC-U30500 nazim ir pietieko\u0161i ass le\u0146\u0137is. Tiek izmantots darbam ar smil\u0161str\u016bklas pl\u0113vi vai biezu termopl\u0113vi, ka ar\u012b biez\u0101ku gaismu atstarojo\u0161u vinilu, kartonu.\",\"breadcrumb\":{\"@id\":\"https:\\\/\\\/wmtbaltic.lv\\\/product\\\/nazis-ploterim-zec-u3050-0-5mm\\\/#breadcrumb\"},\"inLanguage\":\"en-US\",\"potentialAction\":[{\"@type\":\"ReadAction\",\"target\":[\"https:\\\/\\\/wmtbaltic.lv\\\/product\\\/nazis-ploterim-zec-u3050-0-5mm\\\/\"]}]},{\"@type\":\"ImageObject\",\"inLanguage\":\"en-US\",\"@id\":\"https:\\\/\\\/wmtbaltic.lv\\\/product\\\/nazis-ploterim-zec-u3050-0-5mm\\\/#primaryimage\",\"url\":\"https:\\\/\\\/wmtbaltic.lv\\\/wp-content\\\/uploads\\\/2024\\\/12\\\/ZEC-U3050-.jpg\",\"contentUrl\":\"https:\\\/\\\/wmtbaltic.lv\\\/wp-content\\\/uploads\\\/2024\\\/12\\\/ZEC-U3050-.jpg\",\"width\":1400,\"height\":1050},{\"@type\":\"BreadcrumbList\",\"@id\":\"https:\\\/\\\/wmtbaltic.lv\\\/product\\\/nazis-ploterim-zec-u3050-0-5mm\\\/#breadcrumb\",\"itemListElement\":[{\"@type\":\"ListItem\",\"position\":1,\"name\":\"Home\",\"item\":\"https:\\\/\\\/wmtbaltic.lv\\\/en\\\/\"},{\"@type\":\"ListItem\",\"position\":2,\"name\":\"Shop\",\"item\":\"https:\\\/\\\/wmtbaltic.lv\\\/shop\\\/\"},{\"@type\":\"ListItem\",\"position\":3,\"name\":\"Nazis ploterim ZEC-U3050, 0.5mm\"}]},{\"@type\":\"WebSite\",\"@id\":\"https:\\\/\\\/wmtbaltic.lv\\\/#website\",\"url\":\"https:\\\/\\\/wmtbaltic.lv\\\/\",\"name\":\"WMT Baltic\",\"description\":\"Rekl\u0101mas produkti, pl\u0113ves\",\"publisher\":{\"@id\":\"https:\\\/\\\/wmtbaltic.lv\\\/#organization\"},\"potentialAction\":[{\"@type\":\"SearchAction\",\"target\":{\"@type\":\"EntryPoint\",\"urlTemplate\":\"https:\\\/\\\/wmtbaltic.lv\\\/?s={search_term_string}\"},\"query-input\":{\"@type\":\"PropertyValueSpecification\",\"valueRequired\":true,\"valueName\":\"search_term_string\"}}],\"inLanguage\":\"en-US\"},{\"@type\":\"Organization\",\"@id\":\"https:\\\/\\\/wmtbaltic.lv\\\/#organization\",\"name\":\"WMT Baltic\",\"url\":\"https:\\\/\\\/wmtbaltic.lv\\\/\",\"logo\":{\"@type\":\"ImageObject\",\"inLanguage\":\"en-US\",\"@id\":\"https:\\\/\\\/wmtbaltic.lv\\\/#\\\/schema\\\/logo\\\/image\\\/\",\"url\":\"https:\\\/\\\/wmtbaltic.lv\\\/wp-content\\\/uploads\\\/2024\\\/12\\\/wmt-baltic-sia_107142_9_420x180.jpg\",\"contentUrl\":\"https:\\\/\\\/wmtbaltic.lv\\\/wp-content\\\/uploads\\\/2024\\\/12\\\/wmt-baltic-sia_107142_9_420x180.jpg\",\"width\":420,\"height\":180,\"caption\":\"WMT Baltic\"},\"image\":{\"@id\":\"https:\\\/\\\/wmtbaltic.lv\\\/#\\\/schema\\\/logo\\\/image\\\/\"},\"sameAs\":[\"https:\\\/\\\/www.facebook.com\\\/WMT.Baltic.viscom\\\/?locale=lv_LV\",\"https:\\\/\\\/www.instagram.com\\\/viscom_wmt\\\/\"]}]}<\/script>\n<!-- \/ Yoast SEO plugin. -->","yoast_head_json":{"title":"Nazis ploterim ZEC-U3050, 0.5mm - WMT Baltic","description":"EC-U30500 nazim ir pietieko\u0161i ass le\u0146\u0137is. Tiek izmantots darbam ar smil\u0161str\u016bklas pl\u0113vi vai biezu termopl\u0113vi, ka ar\u012b biez\u0101ku gaismu atstarojo\u0161u vinilu, kartonu.","robots":{"index":"index","follow":"follow","max-snippet":"max-snippet:-1","max-image-preview":"max-image-preview:large","max-video-preview":"max-video-preview:-1"},"canonical":"https:\/\/wmtbaltic.lv\/product\/nazis-ploterim-zec-u3050-0-5mm\/","og_locale":"en_US","og_type":"article","og_title":"Nazis ploterim ZEC-U3050, 0.5mm - WMT Baltic","og_description":"EC-U30500 nazim ir pietieko\u0161i ass le\u0146\u0137is. Tiek izmantots darbam ar smil\u0161str\u016bklas pl\u0113vi vai biezu termopl\u0113vi, ka ar\u012b biez\u0101ku gaismu atstarojo\u0161u vinilu, kartonu.","og_url":"https:\/\/wmtbaltic.lv\/product\/nazis-ploterim-zec-u3050-0-5mm\/","og_site_name":"WMT Baltic","article_publisher":"https:\/\/www.facebook.com\/WMT.Baltic.viscom\/?locale=lv_LV","article_modified_time":"2024-12-04T08:06:01+00:00","og_image":[{"width":1400,"height":1050,"url":"http:\/\/wmtbaltic.lv\/wp-content\/uploads\/2024\/12\/ZEC-U3050-.jpg","type":"image\/jpeg"}],"twitter_card":"summary_large_image","twitter_misc":{"Est. reading time":"1 minute"},"schema":{"@context":"https:\/\/schema.org","@graph":[{"@type":"WebPage","@id":"https:\/\/wmtbaltic.lv\/product\/nazis-ploterim-zec-u3050-0-5mm\/","url":"https:\/\/wmtbaltic.lv\/product\/nazis-ploterim-zec-u3050-0-5mm\/","name":"Nazis ploterim ZEC-U3050, 0.5mm - WMT Baltic","isPartOf":{"@id":"https:\/\/wmtbaltic.lv\/#website"},"primaryImageOfPage":{"@id":"https:\/\/wmtbaltic.lv\/product\/nazis-ploterim-zec-u3050-0-5mm\/#primaryimage"},"image":{"@id":"https:\/\/wmtbaltic.lv\/product\/nazis-ploterim-zec-u3050-0-5mm\/#primaryimage"},"thumbnailUrl":"https:\/\/wmtbaltic.lv\/wp-content\/uploads\/2024\/12\/ZEC-U3050-.jpg","datePublished":"2024-12-04T08:05:59+00:00","dateModified":"2024-12-04T08:06:01+00:00","description":"EC-U30500 nazim ir pietieko\u0161i ass le\u0146\u0137is. Tiek izmantots darbam ar smil\u0161str\u016bklas pl\u0113vi vai biezu termopl\u0113vi, ka ar\u012b biez\u0101ku gaismu atstarojo\u0161u vinilu, kartonu.","breadcrumb":{"@id":"https:\/\/wmtbaltic.lv\/product\/nazis-ploterim-zec-u3050-0-5mm\/#breadcrumb"},"inLanguage":"en-US","potentialAction":[{"@type":"ReadAction","target":["https:\/\/wmtbaltic.lv\/product\/nazis-ploterim-zec-u3050-0-5mm\/"]}]},{"@type":"ImageObject","inLanguage":"en-US","@id":"https:\/\/wmtbaltic.lv\/product\/nazis-ploterim-zec-u3050-0-5mm\/#primaryimage","url":"https:\/\/wmtbaltic.lv\/wp-content\/uploads\/2024\/12\/ZEC-U3050-.jpg","contentUrl":"https:\/\/wmtbaltic.lv\/wp-content\/uploads\/2024\/12\/ZEC-U3050-.jpg","width":1400,"height":1050},{"@type":"BreadcrumbList","@id":"https:\/\/wmtbaltic.lv\/product\/nazis-ploterim-zec-u3050-0-5mm\/#breadcrumb","itemListElement":[{"@type":"ListItem","position":1,"name":"Home","item":"https:\/\/wmtbaltic.lv\/en\/"},{"@type":"ListItem","position":2,"name":"Shop","item":"https:\/\/wmtbaltic.lv\/shop\/"},{"@type":"ListItem","position":3,"name":"Nazis ploterim ZEC-U3050, 0.5mm"}]},{"@type":"WebSite","@id":"https:\/\/wmtbaltic.lv\/#website","url":"https:\/\/wmtbaltic.lv\/","name":"WMT Baltic","description":"Rekl\u0101mas produkti, pl\u0113ves","publisher":{"@id":"https:\/\/wmtbaltic.lv\/#organization"},"potentialAction":[{"@type":"SearchAction","target":{"@type":"EntryPoint","urlTemplate":"https:\/\/wmtbaltic.lv\/?s={search_term_string}"},"query-input":{"@type":"PropertyValueSpecification","valueRequired":true,"valueName":"search_term_string"}}],"inLanguage":"en-US"},{"@type":"Organization","@id":"https:\/\/wmtbaltic.lv\/#organization","name":"WMT Baltic","url":"https:\/\/wmtbaltic.lv\/","logo":{"@type":"ImageObject","inLanguage":"en-US","@id":"https:\/\/wmtbaltic.lv\/#\/schema\/logo\/image\/","url":"https:\/\/wmtbaltic.lv\/wp-content\/uploads\/2024\/12\/wmt-baltic-sia_107142_9_420x180.jpg","contentUrl":"https:\/\/wmtbaltic.lv\/wp-content\/uploads\/2024\/12\/wmt-baltic-sia_107142_9_420x180.jpg","width":420,"height":180,"caption":"WMT Baltic"},"image":{"@id":"https:\/\/wmtbaltic.lv\/#\/schema\/logo\/image\/"},"sameAs":["https:\/\/www.facebook.com\/WMT.Baltic.viscom\/?locale=lv_LV","https:\/\/www.instagram.com\/viscom_wmt\/"]}]}},"_links":{"self":[{"href":"https:\/\/wmtbaltic.lv\/en\/wp-json\/wp\/v2\/product\/17112","targetHints":{"allow":["GET"]}}],"collection":[{"href":"https:\/\/wmtbaltic.lv\/en\/wp-json\/wp\/v2\/product"}],"about":[{"href":"https:\/\/wmtbaltic.lv\/en\/wp-json\/wp\/v2\/types\/product"}],"wp:featuredmedia":[{"embeddable":true,"href":"https:\/\/wmtbaltic.lv\/en\/wp-json\/wp\/v2\/media\/17113"}],"wp:attachment":[{"href":"https:\/\/wmtbaltic.lv\/en\/wp-json\/wp\/v2\/media?parent=17112"}],"wp:term":[{"taxonomy":"product_brand","embeddable":true,"href":"https:\/\/wmtbaltic.lv\/en\/wp-json\/wp\/v2\/product_brand?post=17112"},{"taxonomy":"product_cat","embeddable":true,"href":"https:\/\/wmtbaltic.lv\/en\/wp-json\/wp\/v2\/product_cat?post=17112"},{"taxonomy":"product_tag","embeddable":true,"href":"https:\/\/wmtbaltic.lv\/en\/wp-json\/wp\/v2\/product_tag?post=17112"}],"curies":[{"name":"wp","href":"https:\/\/api.w.org\/{rel}","templated":true}]}}