{"id":17104,"date":"2024-12-04T07:48:49","date_gmt":"2024-12-04T07:48:49","guid":{"rendered":"https:\/\/wmtbaltic.lv\/?post_type=product&#038;p=17104"},"modified":"2024-12-04T07:48:52","modified_gmt":"2024-12-04T07:48:52","slug":"nazis-ploterim-zec-u5025-0-25mm","status":"publish","type":"product","link":"https:\/\/wmtbaltic.lv\/en\/product\/nazis-ploterim-zec-u5025-0-25mm\/","title":{"rendered":"Nazis ploterim ZEC-U5025, 0.25mm"},"content":{"rendered":"<p>ZEC-U5025 nazis \u013cauj izgriezt objektus ar \u012bpa\u0161u precizit\u0101ti. Na\u017ea asmens ir as\u0101ks nek\u0101 ZEC\u2013U1005, t\u0101p\u0113c tas ir ieteicams darbam ar vinilu, termopl\u0113v\u0113m, standarta gaismu atstarojo\u0161u vai fluoriscento pl\u0113v\u0113m. Ta\u010du, pie darba ar vec\u0101ku pl\u0113vi, nazis var izr\u0101d\u012btes p\u0101r\u0101k ass, un l\u012bmes sl\u0101nis slikti atdal\u012bsies no silikonpap\u012bra, objekta atbr\u012bvo\u0161ana var tikt apgr\u016btin\u0101ta. Var b\u016bt aizst\u0101ts ar ZEC-U1005. Le\u0146\u0137is 45o. Offset 0,250mm.<\/p>\n","protected":false},"excerpt":{"rendered":"ZEC-U5025 nazis \u013cauj izgriezt objektus ar \u012bpa\u0161u precizit\u0101ti. Na\u017ea asmens ir as\u0101ks nek\u0101 ZEC\u2013U1005, t\u0101p\u0113c tas ir ieteicams darbam ar vinilu, termopl\u0113v\u0113m, standarta gaismu atstarojo\u0161u vai fluoriscento pl\u0113v\u0113m. Ta\u010du, pie darba ar vec\u0101ku pl\u0113vi, nazis var izr\u0101d\u012btes p\u0101r\u0101k ass, un l\u012bmes sl\u0101nis slikti atdal\u012bsies no silikonpap\u012bra, objekta atbr\u012bvo\u0161ana var tikt apgr\u016btin\u0101ta. Var b\u016bt aizst\u0101ts ar [...]","protected":false},"featured_media":17105,"comment_status":"closed","ping_status":"closed","template":"","meta":[],"product_brand":[],"product_cat":[258,1023,1542],"product_tag":[1072,1544,497],"class_list":{"0":"post-17104","1":"product","2":"type-product","3":"status-publish","4":"has-post-thumbnail","6":"product_cat-iekartas-un-izejmateriali","7":"product_cat-rezerves-materiali-un-aksesuari","8":"product_cat-roland-ploteru-nazi-un-nazu-teretaji","9":"product_tag-nazi","10":"product_tag-nazu-teretaji","11":"product_tag-roland","13":"first","14":"instock","15":"shipping-taxable","16":"purchasable","17":"product-type-simple"},"yoast_head":"<!-- This site is optimized with the Yoast SEO plugin v27.4 - https:\/\/yoast.com\/product\/yoast-seo-wordpress\/ -->\n<title>Nazis ploterim ZEC-U5025, 0.25mm - WMT Baltic<\/title>\n<meta name=\"description\" content=\"ZEC-U5025 nazis \u013cauj izgriezt objektus ar \u012bpa\u0161u precizit\u0101ti.\" \/>\n<meta name=\"robots\" content=\"index, follow, max-snippet:-1, max-image-preview:large, max-video-preview:-1\" \/>\n<link rel=\"canonical\" href=\"https:\/\/wmtbaltic.lv\/product\/nazis-ploterim-zec-u5025-0-25mm\/\" \/>\n<meta property=\"og:locale\" content=\"en_US\" \/>\n<meta property=\"og:type\" content=\"article\" \/>\n<meta property=\"og:title\" content=\"Nazis ploterim ZEC-U5025, 0.25mm - WMT Baltic\" \/>\n<meta property=\"og:description\" content=\"ZEC-U5025 nazis \u013cauj izgriezt objektus ar \u012bpa\u0161u precizit\u0101ti.\" \/>\n<meta property=\"og:url\" content=\"https:\/\/wmtbaltic.lv\/product\/nazis-ploterim-zec-u5025-0-25mm\/\" \/>\n<meta property=\"og:site_name\" content=\"WMT Baltic\" \/>\n<meta property=\"article:publisher\" content=\"https:\/\/www.facebook.com\/WMT.Baltic.viscom\/?locale=lv_LV\" \/>\n<meta property=\"article:modified_time\" content=\"2024-12-04T07:48:52+00:00\" \/>\n<meta property=\"og:image\" content=\"http:\/\/wmtbaltic.lv\/wp-content\/uploads\/2024\/12\/ZEC-U5025-1_wmtbaltic.jpg\" \/>\n\t<meta property=\"og:image:width\" content=\"1400\" \/>\n\t<meta property=\"og:image:height\" content=\"1050\" \/>\n\t<meta property=\"og:image:type\" content=\"image\/jpeg\" \/>\n<meta name=\"twitter:card\" content=\"summary_large_image\" \/>\n<meta name=\"twitter:label1\" content=\"Est. reading time\" \/>\n\t<meta name=\"twitter:data1\" content=\"1 minute\" \/>\n<script type=\"application\/ld+json\" class=\"yoast-schema-graph\">{\"@context\":\"https:\\\/\\\/schema.org\",\"@graph\":[{\"@type\":\"WebPage\",\"@id\":\"https:\\\/\\\/wmtbaltic.lv\\\/product\\\/nazis-ploterim-zec-u5025-0-25mm\\\/\",\"url\":\"https:\\\/\\\/wmtbaltic.lv\\\/product\\\/nazis-ploterim-zec-u5025-0-25mm\\\/\",\"name\":\"Nazis ploterim ZEC-U5025, 0.25mm - WMT Baltic\",\"isPartOf\":{\"@id\":\"https:\\\/\\\/wmtbaltic.lv\\\/#website\"},\"primaryImageOfPage\":{\"@id\":\"https:\\\/\\\/wmtbaltic.lv\\\/product\\\/nazis-ploterim-zec-u5025-0-25mm\\\/#primaryimage\"},\"image\":{\"@id\":\"https:\\\/\\\/wmtbaltic.lv\\\/product\\\/nazis-ploterim-zec-u5025-0-25mm\\\/#primaryimage\"},\"thumbnailUrl\":\"https:\\\/\\\/wmtbaltic.lv\\\/wp-content\\\/uploads\\\/2024\\\/12\\\/ZEC-U5025-1_wmtbaltic.jpg\",\"datePublished\":\"2024-12-04T07:48:49+00:00\",\"dateModified\":\"2024-12-04T07:48:52+00:00\",\"description\":\"ZEC-U5025 nazis \u013cauj izgriezt objektus ar \u012bpa\u0161u precizit\u0101ti.\",\"breadcrumb\":{\"@id\":\"https:\\\/\\\/wmtbaltic.lv\\\/product\\\/nazis-ploterim-zec-u5025-0-25mm\\\/#breadcrumb\"},\"inLanguage\":\"en-US\",\"potentialAction\":[{\"@type\":\"ReadAction\",\"target\":[\"https:\\\/\\\/wmtbaltic.lv\\\/product\\\/nazis-ploterim-zec-u5025-0-25mm\\\/\"]}]},{\"@type\":\"ImageObject\",\"inLanguage\":\"en-US\",\"@id\":\"https:\\\/\\\/wmtbaltic.lv\\\/product\\\/nazis-ploterim-zec-u5025-0-25mm\\\/#primaryimage\",\"url\":\"https:\\\/\\\/wmtbaltic.lv\\\/wp-content\\\/uploads\\\/2024\\\/12\\\/ZEC-U5025-1_wmtbaltic.jpg\",\"contentUrl\":\"https:\\\/\\\/wmtbaltic.lv\\\/wp-content\\\/uploads\\\/2024\\\/12\\\/ZEC-U5025-1_wmtbaltic.jpg\",\"width\":1400,\"height\":1050},{\"@type\":\"BreadcrumbList\",\"@id\":\"https:\\\/\\\/wmtbaltic.lv\\\/product\\\/nazis-ploterim-zec-u5025-0-25mm\\\/#breadcrumb\",\"itemListElement\":[{\"@type\":\"ListItem\",\"position\":1,\"name\":\"Home\",\"item\":\"https:\\\/\\\/wmtbaltic.lv\\\/en\\\/\"},{\"@type\":\"ListItem\",\"position\":2,\"name\":\"Products\",\"item\":\"https:\\\/\\\/wmtbaltic.lv\\\/en\\\/shop\\\/\"},{\"@type\":\"ListItem\",\"position\":3,\"name\":\"Nazis ploterim ZEC-U5025, 0.25mm\"}]},{\"@type\":\"WebSite\",\"@id\":\"https:\\\/\\\/wmtbaltic.lv\\\/#website\",\"url\":\"https:\\\/\\\/wmtbaltic.lv\\\/\",\"name\":\"WMT Baltic\",\"description\":\"Rekl\u0101mas produkti, pl\u0113ves\",\"publisher\":{\"@id\":\"https:\\\/\\\/wmtbaltic.lv\\\/#organization\"},\"potentialAction\":[{\"@type\":\"SearchAction\",\"target\":{\"@type\":\"EntryPoint\",\"urlTemplate\":\"https:\\\/\\\/wmtbaltic.lv\\\/?s={search_term_string}\"},\"query-input\":{\"@type\":\"PropertyValueSpecification\",\"valueRequired\":true,\"valueName\":\"search_term_string\"}}],\"inLanguage\":\"en-US\"},{\"@type\":\"Organization\",\"@id\":\"https:\\\/\\\/wmtbaltic.lv\\\/#organization\",\"name\":\"WMT Baltic\",\"url\":\"https:\\\/\\\/wmtbaltic.lv\\\/\",\"logo\":{\"@type\":\"ImageObject\",\"inLanguage\":\"en-US\",\"@id\":\"https:\\\/\\\/wmtbaltic.lv\\\/#\\\/schema\\\/logo\\\/image\\\/\",\"url\":\"https:\\\/\\\/wmtbaltic.lv\\\/wp-content\\\/uploads\\\/2024\\\/12\\\/wmt-baltic-sia_107142_9_420x180.jpg\",\"contentUrl\":\"https:\\\/\\\/wmtbaltic.lv\\\/wp-content\\\/uploads\\\/2024\\\/12\\\/wmt-baltic-sia_107142_9_420x180.jpg\",\"width\":420,\"height\":180,\"caption\":\"WMT Baltic\"},\"image\":{\"@id\":\"https:\\\/\\\/wmtbaltic.lv\\\/#\\\/schema\\\/logo\\\/image\\\/\"},\"sameAs\":[\"https:\\\/\\\/www.facebook.com\\\/WMT.Baltic.viscom\\\/?locale=lv_LV\",\"https:\\\/\\\/www.instagram.com\\\/viscom_wmt\\\/\"]}]}<\/script>\n<!-- \/ Yoast SEO plugin. -->","yoast_head_json":{"title":"Nazis ploterim ZEC-U5025, 0.25mm - WMT Baltic","description":"ZEC-U5025 nazis \u013cauj izgriezt objektus ar \u012bpa\u0161u precizit\u0101ti.","robots":{"index":"index","follow":"follow","max-snippet":"max-snippet:-1","max-image-preview":"max-image-preview:large","max-video-preview":"max-video-preview:-1"},"canonical":"https:\/\/wmtbaltic.lv\/product\/nazis-ploterim-zec-u5025-0-25mm\/","og_locale":"en_US","og_type":"article","og_title":"Nazis ploterim ZEC-U5025, 0.25mm - WMT Baltic","og_description":"ZEC-U5025 nazis \u013cauj izgriezt objektus ar \u012bpa\u0161u precizit\u0101ti.","og_url":"https:\/\/wmtbaltic.lv\/product\/nazis-ploterim-zec-u5025-0-25mm\/","og_site_name":"WMT Baltic","article_publisher":"https:\/\/www.facebook.com\/WMT.Baltic.viscom\/?locale=lv_LV","article_modified_time":"2024-12-04T07:48:52+00:00","og_image":[{"width":1400,"height":1050,"url":"http:\/\/wmtbaltic.lv\/wp-content\/uploads\/2024\/12\/ZEC-U5025-1_wmtbaltic.jpg","type":"image\/jpeg"}],"twitter_card":"summary_large_image","twitter_misc":{"Est. reading time":"1 minute"},"schema":{"@context":"https:\/\/schema.org","@graph":[{"@type":"WebPage","@id":"https:\/\/wmtbaltic.lv\/product\/nazis-ploterim-zec-u5025-0-25mm\/","url":"https:\/\/wmtbaltic.lv\/product\/nazis-ploterim-zec-u5025-0-25mm\/","name":"Nazis ploterim ZEC-U5025, 0.25mm - WMT Baltic","isPartOf":{"@id":"https:\/\/wmtbaltic.lv\/#website"},"primaryImageOfPage":{"@id":"https:\/\/wmtbaltic.lv\/product\/nazis-ploterim-zec-u5025-0-25mm\/#primaryimage"},"image":{"@id":"https:\/\/wmtbaltic.lv\/product\/nazis-ploterim-zec-u5025-0-25mm\/#primaryimage"},"thumbnailUrl":"https:\/\/wmtbaltic.lv\/wp-content\/uploads\/2024\/12\/ZEC-U5025-1_wmtbaltic.jpg","datePublished":"2024-12-04T07:48:49+00:00","dateModified":"2024-12-04T07:48:52+00:00","description":"ZEC-U5025 nazis \u013cauj izgriezt objektus ar \u012bpa\u0161u precizit\u0101ti.","breadcrumb":{"@id":"https:\/\/wmtbaltic.lv\/product\/nazis-ploterim-zec-u5025-0-25mm\/#breadcrumb"},"inLanguage":"en-US","potentialAction":[{"@type":"ReadAction","target":["https:\/\/wmtbaltic.lv\/product\/nazis-ploterim-zec-u5025-0-25mm\/"]}]},{"@type":"ImageObject","inLanguage":"en-US","@id":"https:\/\/wmtbaltic.lv\/product\/nazis-ploterim-zec-u5025-0-25mm\/#primaryimage","url":"https:\/\/wmtbaltic.lv\/wp-content\/uploads\/2024\/12\/ZEC-U5025-1_wmtbaltic.jpg","contentUrl":"https:\/\/wmtbaltic.lv\/wp-content\/uploads\/2024\/12\/ZEC-U5025-1_wmtbaltic.jpg","width":1400,"height":1050},{"@type":"BreadcrumbList","@id":"https:\/\/wmtbaltic.lv\/product\/nazis-ploterim-zec-u5025-0-25mm\/#breadcrumb","itemListElement":[{"@type":"ListItem","position":1,"name":"Home","item":"https:\/\/wmtbaltic.lv\/en\/"},{"@type":"ListItem","position":2,"name":"Products","item":"https:\/\/wmtbaltic.lv\/en\/shop\/"},{"@type":"ListItem","position":3,"name":"Nazis ploterim ZEC-U5025, 0.25mm"}]},{"@type":"WebSite","@id":"https:\/\/wmtbaltic.lv\/#website","url":"https:\/\/wmtbaltic.lv\/","name":"WMT Baltic","description":"Rekl\u0101mas produkti, pl\u0113ves","publisher":{"@id":"https:\/\/wmtbaltic.lv\/#organization"},"potentialAction":[{"@type":"SearchAction","target":{"@type":"EntryPoint","urlTemplate":"https:\/\/wmtbaltic.lv\/?s={search_term_string}"},"query-input":{"@type":"PropertyValueSpecification","valueRequired":true,"valueName":"search_term_string"}}],"inLanguage":"en-US"},{"@type":"Organization","@id":"https:\/\/wmtbaltic.lv\/#organization","name":"WMT Baltic","url":"https:\/\/wmtbaltic.lv\/","logo":{"@type":"ImageObject","inLanguage":"en-US","@id":"https:\/\/wmtbaltic.lv\/#\/schema\/logo\/image\/","url":"https:\/\/wmtbaltic.lv\/wp-content\/uploads\/2024\/12\/wmt-baltic-sia_107142_9_420x180.jpg","contentUrl":"https:\/\/wmtbaltic.lv\/wp-content\/uploads\/2024\/12\/wmt-baltic-sia_107142_9_420x180.jpg","width":420,"height":180,"caption":"WMT Baltic"},"image":{"@id":"https:\/\/wmtbaltic.lv\/#\/schema\/logo\/image\/"},"sameAs":["https:\/\/www.facebook.com\/WMT.Baltic.viscom\/?locale=lv_LV","https:\/\/www.instagram.com\/viscom_wmt\/"]}]}},"_links":{"self":[{"href":"https:\/\/wmtbaltic.lv\/en\/wp-json\/wp\/v2\/product\/17104","targetHints":{"allow":["GET"]}}],"collection":[{"href":"https:\/\/wmtbaltic.lv\/en\/wp-json\/wp\/v2\/product"}],"about":[{"href":"https:\/\/wmtbaltic.lv\/en\/wp-json\/wp\/v2\/types\/product"}],"replies":[{"embeddable":true,"href":"https:\/\/wmtbaltic.lv\/en\/wp-json\/wp\/v2\/comments?post=17104"}],"wp:featuredmedia":[{"embeddable":true,"href":"https:\/\/wmtbaltic.lv\/en\/wp-json\/wp\/v2\/media\/17105"}],"wp:attachment":[{"href":"https:\/\/wmtbaltic.lv\/en\/wp-json\/wp\/v2\/media?parent=17104"}],"wp:term":[{"taxonomy":"product_brand","embeddable":true,"href":"https:\/\/wmtbaltic.lv\/en\/wp-json\/wp\/v2\/product_brand?post=17104"},{"taxonomy":"product_cat","embeddable":true,"href":"https:\/\/wmtbaltic.lv\/en\/wp-json\/wp\/v2\/product_cat?post=17104"},{"taxonomy":"product_tag","embeddable":true,"href":"https:\/\/wmtbaltic.lv\/en\/wp-json\/wp\/v2\/product_tag?post=17104"}],"curies":[{"name":"wp","href":"https:\/\/api.w.org\/{rel}","templated":true}]}}