{"id":17009,"date":"2024-12-03T12:44:12","date_gmt":"2024-12-03T12:44:12","guid":{"rendered":"https:\/\/wmtbaltic.lv\/?post_type=product&#038;p=17009"},"modified":"2024-12-03T13:01:04","modified_gmt":"2024-12-03T13:01:04","slug":"loklik-easy-termoprese-loklik-blue","status":"publish","type":"product","link":"https:\/\/wmtbaltic.lv\/en\/product\/loklik-easy-termoprese-loklik-blue\/","title":{"rendered":"LOKLIK Easy termoprese  LOKLIK Blue"},"content":{"rendered":"<p>Easy Heat termopresei ir\u00a0 ieb\u016bv\u0113ti 4 spiediena sensori un LED ekr\u0101ns. \u0160\u012b funkcija nodro\u0161ina re\u0101llaika uzraudz\u012bbu un piln\u012bgu kontroli.<\/p>\n<p>Augstas kvalit\u0101tes sildelements ar iztur\u012bgu keramikas p\u0101rkl\u0101jumu garant\u0113 vienm\u0113r\u012bgu uzsildi, tas \u013cauj \u0113rti str\u0101d\u0101t ar termopl\u0113vem un sublim\u0101cijas pap\u012briem.<\/p>\n<p>Ergonomisks dizains\u00a0LOKLiK Easy Heat Press pal\u012bdz jums izv\u0113l\u0113ties lab\u0101ko spiediena re\u017e\u012bmu ar diviem rokturiem.<\/p>\n<p>Termopresei ir ne tikai FCC un UL sertifik\u0101ts, bet ar\u012b daudzsl\u0101\u0146u siltumizol\u0101cija un siltumnotur\u012bga dro\u0161\u012bbas pamatne.\u00a0Iek\u0101rt\u0101\u00a0ir iek\u013cauta ar\u012b autom\u0101tisk\u0101s izsl\u0113g\u0161an\u0101s funkcija, kas aktiviz\u0113jas\u00a0 p\u0113c 15 min\u016bt\u0113m, ja termoprese atrodas miera st\u0101vokl\u012b.<\/p>\n<p>Tehnisk\u0101 inform\u0101cija:<\/p>\n<p>Temperat\u016bras diapazons: l\u012bdz 210 \u00b0C<\/p>\n<p>Siltuma pl\u0101ksnes izm\u0113rs: 25,5 x 25,5 cm<\/p>\n<p>Termopreses izm\u0113rs: 30 x 30 x 13 cm<\/p>\n<p>Svars: 3,62 kg<\/p>\n<p>Jaudas pat\u0113ri\u0146\u0161: 1200 W<\/p>\n<p>Komplekt\u0101:\u00a0 termoprese,\u00a0pamatne, maisi\u0146\u0161, lietot\u0101ja rokasgr\u0101mata.<\/p>\n","protected":false},"excerpt":{"rendered":"Easy Heat termopresei ir\u00a0 ieb\u016bv\u0113ti 4 spiediena sensori un LED ekr\u0101ns. \u0160\u012b funkcija nodro\u0161ina re\u0101llaika uzraudz\u012bbu un piln\u012bgu kontroli. Augstas kvalit\u0101tes sildelements ar iztur\u012bgu keramikas p\u0101rkl\u0101jumu garant\u0113 vienm\u0113r\u012bgu uzsildi, tas \u013cauj \u0113rti str\u0101d\u0101t ar termopl\u0113vem un sublim\u0101cijas pap\u012briem. Ergonomisks dizains\u00a0LOKLiK Easy Heat Press pal\u012bdz jums izv\u0113l\u0113ties lab\u0101ko spiediena re\u017e\u012bmu ar diviem rokturiem. Termopresei ir ne [...]","protected":false},"featured_media":17012,"template":"","meta":[],"product_brand":[],"product_cat":[258,260,243],"product_tag":[1539],"class_list":{"0":"post-17009","1":"product","2":"type-product","3":"status-publish","4":"has-post-thumbnail","6":"product_cat-iekartas-un-izejmateriali","7":"product_cat-termopreses-iekartas-un-izejmateriali","8":"product_cat-termopreses-hobijam","9":"product_tag-loklik-easy-termoprese","11":"first","12":"instock","13":"shipping-taxable","14":"purchasable","15":"product-type-simple"},"yoast_head":"<!-- This site is optimized with the Yoast SEO plugin v27.3 - https:\/\/yoast.com\/product\/yoast-seo-wordpress\/ -->\n<title>LOKLIK Easy termoprese LOKLIK Blue - WMT Baltic<\/title>\n<meta name=\"description\" content=\"Easy Heat termopresei ir\u00a0 ieb\u016bv\u0113ti 4 spiediena sensori un LED ekr\u0101ns. \u0160\u012b funkcija nodro\u0161ina re\u0101llaika uzraudz\u012bbu un piln\u012bgu kontroli.\" \/>\n<meta name=\"robots\" content=\"index, follow, max-snippet:-1, max-image-preview:large, max-video-preview:-1\" \/>\n<link rel=\"canonical\" href=\"https:\/\/wmtbaltic.lv\/product\/loklik-easy-termoprese-loklik-blue\/\" \/>\n<meta property=\"og:locale\" content=\"en_US\" \/>\n<meta property=\"og:type\" content=\"article\" \/>\n<meta property=\"og:title\" content=\"LOKLIK Easy termoprese LOKLIK Blue - WMT Baltic\" \/>\n<meta property=\"og:description\" content=\"Easy Heat termopresei ir\u00a0 ieb\u016bv\u0113ti 4 spiediena sensori un LED ekr\u0101ns. \u0160\u012b funkcija nodro\u0161ina re\u0101llaika uzraudz\u012bbu un piln\u012bgu kontroli.\" \/>\n<meta property=\"og:url\" content=\"https:\/\/wmtbaltic.lv\/product\/loklik-easy-termoprese-loklik-blue\/\" \/>\n<meta property=\"og:site_name\" content=\"WMT Baltic\" \/>\n<meta property=\"article:publisher\" content=\"https:\/\/www.facebook.com\/WMT.Baltic.viscom\/?locale=lv_LV\" \/>\n<meta property=\"article:modified_time\" content=\"2024-12-03T13:01:04+00:00\" \/>\n<meta property=\"og:image\" content=\"http:\/\/wmtbaltic.lv\/wp-content\/uploads\/2024\/12\/loklik-easy-heat-termoprese-wmtbaltic.jpg\" \/>\n\t<meta property=\"og:image:width\" content=\"766\" \/>\n\t<meta property=\"og:image:height\" content=\"798\" \/>\n\t<meta property=\"og:image:type\" content=\"image\/jpeg\" \/>\n<meta name=\"twitter:card\" content=\"summary_large_image\" \/>\n<meta name=\"twitter:label1\" content=\"Est. reading time\" \/>\n\t<meta name=\"twitter:data1\" content=\"1 minute\" \/>\n<script type=\"application\/ld+json\" class=\"yoast-schema-graph\">{\"@context\":\"https:\\\/\\\/schema.org\",\"@graph\":[{\"@type\":\"WebPage\",\"@id\":\"https:\\\/\\\/wmtbaltic.lv\\\/product\\\/loklik-easy-termoprese-loklik-blue\\\/\",\"url\":\"https:\\\/\\\/wmtbaltic.lv\\\/product\\\/loklik-easy-termoprese-loklik-blue\\\/\",\"name\":\"LOKLIK Easy termoprese LOKLIK Blue - WMT Baltic\",\"isPartOf\":{\"@id\":\"https:\\\/\\\/wmtbaltic.lv\\\/#website\"},\"primaryImageOfPage\":{\"@id\":\"https:\\\/\\\/wmtbaltic.lv\\\/product\\\/loklik-easy-termoprese-loklik-blue\\\/#primaryimage\"},\"image\":{\"@id\":\"https:\\\/\\\/wmtbaltic.lv\\\/product\\\/loklik-easy-termoprese-loklik-blue\\\/#primaryimage\"},\"thumbnailUrl\":\"https:\\\/\\\/wmtbaltic.lv\\\/wp-content\\\/uploads\\\/2024\\\/12\\\/loklik-easy-heat-termoprese-wmtbaltic.jpg\",\"datePublished\":\"2024-12-03T12:44:12+00:00\",\"dateModified\":\"2024-12-03T13:01:04+00:00\",\"description\":\"Easy Heat termopresei ir\u00a0 ieb\u016bv\u0113ti 4 spiediena sensori un LED ekr\u0101ns. \u0160\u012b funkcija nodro\u0161ina re\u0101llaika uzraudz\u012bbu un piln\u012bgu kontroli.\",\"breadcrumb\":{\"@id\":\"https:\\\/\\\/wmtbaltic.lv\\\/product\\\/loklik-easy-termoprese-loklik-blue\\\/#breadcrumb\"},\"inLanguage\":\"en-US\",\"potentialAction\":[{\"@type\":\"ReadAction\",\"target\":[\"https:\\\/\\\/wmtbaltic.lv\\\/product\\\/loklik-easy-termoprese-loklik-blue\\\/\"]}]},{\"@type\":\"ImageObject\",\"inLanguage\":\"en-US\",\"@id\":\"https:\\\/\\\/wmtbaltic.lv\\\/product\\\/loklik-easy-termoprese-loklik-blue\\\/#primaryimage\",\"url\":\"https:\\\/\\\/wmtbaltic.lv\\\/wp-content\\\/uploads\\\/2024\\\/12\\\/loklik-easy-heat-termoprese-wmtbaltic.jpg\",\"contentUrl\":\"https:\\\/\\\/wmtbaltic.lv\\\/wp-content\\\/uploads\\\/2024\\\/12\\\/loklik-easy-heat-termoprese-wmtbaltic.jpg\",\"width\":766,\"height\":798},{\"@type\":\"BreadcrumbList\",\"@id\":\"https:\\\/\\\/wmtbaltic.lv\\\/product\\\/loklik-easy-termoprese-loklik-blue\\\/#breadcrumb\",\"itemListElement\":[{\"@type\":\"ListItem\",\"position\":1,\"name\":\"Home\",\"item\":\"https:\\\/\\\/wmtbaltic.lv\\\/en\\\/\"},{\"@type\":\"ListItem\",\"position\":2,\"name\":\"Shop\",\"item\":\"https:\\\/\\\/wmtbaltic.lv\\\/shop\\\/\"},{\"@type\":\"ListItem\",\"position\":3,\"name\":\"LOKLIK Easy termoprese LOKLIK Blue\"}]},{\"@type\":\"WebSite\",\"@id\":\"https:\\\/\\\/wmtbaltic.lv\\\/#website\",\"url\":\"https:\\\/\\\/wmtbaltic.lv\\\/\",\"name\":\"WMT Baltic\",\"description\":\"Rekl\u0101mas produkti, pl\u0113ves\",\"publisher\":{\"@id\":\"https:\\\/\\\/wmtbaltic.lv\\\/#organization\"},\"potentialAction\":[{\"@type\":\"SearchAction\",\"target\":{\"@type\":\"EntryPoint\",\"urlTemplate\":\"https:\\\/\\\/wmtbaltic.lv\\\/?s={search_term_string}\"},\"query-input\":{\"@type\":\"PropertyValueSpecification\",\"valueRequired\":true,\"valueName\":\"search_term_string\"}}],\"inLanguage\":\"en-US\"},{\"@type\":\"Organization\",\"@id\":\"https:\\\/\\\/wmtbaltic.lv\\\/#organization\",\"name\":\"WMT Baltic\",\"url\":\"https:\\\/\\\/wmtbaltic.lv\\\/\",\"logo\":{\"@type\":\"ImageObject\",\"inLanguage\":\"en-US\",\"@id\":\"https:\\\/\\\/wmtbaltic.lv\\\/#\\\/schema\\\/logo\\\/image\\\/\",\"url\":\"https:\\\/\\\/wmtbaltic.lv\\\/wp-content\\\/uploads\\\/2024\\\/12\\\/wmt-baltic-sia_107142_9_420x180.jpg\",\"contentUrl\":\"https:\\\/\\\/wmtbaltic.lv\\\/wp-content\\\/uploads\\\/2024\\\/12\\\/wmt-baltic-sia_107142_9_420x180.jpg\",\"width\":420,\"height\":180,\"caption\":\"WMT Baltic\"},\"image\":{\"@id\":\"https:\\\/\\\/wmtbaltic.lv\\\/#\\\/schema\\\/logo\\\/image\\\/\"},\"sameAs\":[\"https:\\\/\\\/www.facebook.com\\\/WMT.Baltic.viscom\\\/?locale=lv_LV\",\"https:\\\/\\\/www.instagram.com\\\/viscom_wmt\\\/\"]}]}<\/script>\n<!-- \/ Yoast SEO plugin. -->","yoast_head_json":{"title":"LOKLIK Easy termoprese LOKLIK Blue - WMT Baltic","description":"Easy Heat termopresei ir\u00a0 ieb\u016bv\u0113ti 4 spiediena sensori un LED ekr\u0101ns. \u0160\u012b funkcija nodro\u0161ina re\u0101llaika uzraudz\u012bbu un piln\u012bgu kontroli.","robots":{"index":"index","follow":"follow","max-snippet":"max-snippet:-1","max-image-preview":"max-image-preview:large","max-video-preview":"max-video-preview:-1"},"canonical":"https:\/\/wmtbaltic.lv\/product\/loklik-easy-termoprese-loklik-blue\/","og_locale":"en_US","og_type":"article","og_title":"LOKLIK Easy termoprese LOKLIK Blue - WMT Baltic","og_description":"Easy Heat termopresei ir\u00a0 ieb\u016bv\u0113ti 4 spiediena sensori un LED ekr\u0101ns. \u0160\u012b funkcija nodro\u0161ina re\u0101llaika uzraudz\u012bbu un piln\u012bgu kontroli.","og_url":"https:\/\/wmtbaltic.lv\/product\/loklik-easy-termoprese-loklik-blue\/","og_site_name":"WMT Baltic","article_publisher":"https:\/\/www.facebook.com\/WMT.Baltic.viscom\/?locale=lv_LV","article_modified_time":"2024-12-03T13:01:04+00:00","og_image":[{"width":766,"height":798,"url":"http:\/\/wmtbaltic.lv\/wp-content\/uploads\/2024\/12\/loklik-easy-heat-termoprese-wmtbaltic.jpg","type":"image\/jpeg"}],"twitter_card":"summary_large_image","twitter_misc":{"Est. reading time":"1 minute"},"schema":{"@context":"https:\/\/schema.org","@graph":[{"@type":"WebPage","@id":"https:\/\/wmtbaltic.lv\/product\/loklik-easy-termoprese-loklik-blue\/","url":"https:\/\/wmtbaltic.lv\/product\/loklik-easy-termoprese-loklik-blue\/","name":"LOKLIK Easy termoprese LOKLIK Blue - WMT Baltic","isPartOf":{"@id":"https:\/\/wmtbaltic.lv\/#website"},"primaryImageOfPage":{"@id":"https:\/\/wmtbaltic.lv\/product\/loklik-easy-termoprese-loklik-blue\/#primaryimage"},"image":{"@id":"https:\/\/wmtbaltic.lv\/product\/loklik-easy-termoprese-loklik-blue\/#primaryimage"},"thumbnailUrl":"https:\/\/wmtbaltic.lv\/wp-content\/uploads\/2024\/12\/loklik-easy-heat-termoprese-wmtbaltic.jpg","datePublished":"2024-12-03T12:44:12+00:00","dateModified":"2024-12-03T13:01:04+00:00","description":"Easy Heat termopresei ir\u00a0 ieb\u016bv\u0113ti 4 spiediena sensori un LED ekr\u0101ns. \u0160\u012b funkcija nodro\u0161ina re\u0101llaika uzraudz\u012bbu un piln\u012bgu kontroli.","breadcrumb":{"@id":"https:\/\/wmtbaltic.lv\/product\/loklik-easy-termoprese-loklik-blue\/#breadcrumb"},"inLanguage":"en-US","potentialAction":[{"@type":"ReadAction","target":["https:\/\/wmtbaltic.lv\/product\/loklik-easy-termoprese-loklik-blue\/"]}]},{"@type":"ImageObject","inLanguage":"en-US","@id":"https:\/\/wmtbaltic.lv\/product\/loklik-easy-termoprese-loklik-blue\/#primaryimage","url":"https:\/\/wmtbaltic.lv\/wp-content\/uploads\/2024\/12\/loklik-easy-heat-termoprese-wmtbaltic.jpg","contentUrl":"https:\/\/wmtbaltic.lv\/wp-content\/uploads\/2024\/12\/loklik-easy-heat-termoprese-wmtbaltic.jpg","width":766,"height":798},{"@type":"BreadcrumbList","@id":"https:\/\/wmtbaltic.lv\/product\/loklik-easy-termoprese-loklik-blue\/#breadcrumb","itemListElement":[{"@type":"ListItem","position":1,"name":"Home","item":"https:\/\/wmtbaltic.lv\/en\/"},{"@type":"ListItem","position":2,"name":"Shop","item":"https:\/\/wmtbaltic.lv\/shop\/"},{"@type":"ListItem","position":3,"name":"LOKLIK Easy termoprese LOKLIK Blue"}]},{"@type":"WebSite","@id":"https:\/\/wmtbaltic.lv\/#website","url":"https:\/\/wmtbaltic.lv\/","name":"WMT Baltic","description":"Rekl\u0101mas produkti, pl\u0113ves","publisher":{"@id":"https:\/\/wmtbaltic.lv\/#organization"},"potentialAction":[{"@type":"SearchAction","target":{"@type":"EntryPoint","urlTemplate":"https:\/\/wmtbaltic.lv\/?s={search_term_string}"},"query-input":{"@type":"PropertyValueSpecification","valueRequired":true,"valueName":"search_term_string"}}],"inLanguage":"en-US"},{"@type":"Organization","@id":"https:\/\/wmtbaltic.lv\/#organization","name":"WMT Baltic","url":"https:\/\/wmtbaltic.lv\/","logo":{"@type":"ImageObject","inLanguage":"en-US","@id":"https:\/\/wmtbaltic.lv\/#\/schema\/logo\/image\/","url":"https:\/\/wmtbaltic.lv\/wp-content\/uploads\/2024\/12\/wmt-baltic-sia_107142_9_420x180.jpg","contentUrl":"https:\/\/wmtbaltic.lv\/wp-content\/uploads\/2024\/12\/wmt-baltic-sia_107142_9_420x180.jpg","width":420,"height":180,"caption":"WMT Baltic"},"image":{"@id":"https:\/\/wmtbaltic.lv\/#\/schema\/logo\/image\/"},"sameAs":["https:\/\/www.facebook.com\/WMT.Baltic.viscom\/?locale=lv_LV","https:\/\/www.instagram.com\/viscom_wmt\/"]}]}},"_links":{"self":[{"href":"https:\/\/wmtbaltic.lv\/en\/wp-json\/wp\/v2\/product\/17009","targetHints":{"allow":["GET"]}}],"collection":[{"href":"https:\/\/wmtbaltic.lv\/en\/wp-json\/wp\/v2\/product"}],"about":[{"href":"https:\/\/wmtbaltic.lv\/en\/wp-json\/wp\/v2\/types\/product"}],"wp:featuredmedia":[{"embeddable":true,"href":"https:\/\/wmtbaltic.lv\/en\/wp-json\/wp\/v2\/media\/17012"}],"wp:attachment":[{"href":"https:\/\/wmtbaltic.lv\/en\/wp-json\/wp\/v2\/media?parent=17009"}],"wp:term":[{"taxonomy":"product_brand","embeddable":true,"href":"https:\/\/wmtbaltic.lv\/en\/wp-json\/wp\/v2\/product_brand?post=17009"},{"taxonomy":"product_cat","embeddable":true,"href":"https:\/\/wmtbaltic.lv\/en\/wp-json\/wp\/v2\/product_cat?post=17009"},{"taxonomy":"product_tag","embeddable":true,"href":"https:\/\/wmtbaltic.lv\/en\/wp-json\/wp\/v2\/product_tag?post=17009"}],"curies":[{"name":"wp","href":"https:\/\/api.w.org\/{rel}","templated":true}]}}