{"id":16976,"date":"2024-12-03T08:21:07","date_gmt":"2024-12-03T08:21:07","guid":{"rendered":"https:\/\/wmtbaltic.lv\/?post_type=product&#038;p=16976"},"modified":"2024-12-03T08:21:09","modified_gmt":"2024-12-03T08:21:09","slug":"loklik-impress-termoprese-cepurem-loklik-blue","status":"publish","type":"product","link":"https:\/\/wmtbaltic.lv\/en\/product\/loklik-impress-termoprese-cepurem-loklik-blue\/","title":{"rendered":"LOKLIK ImPress termoprese cepur\u0113m  LOKLIK Blue"},"content":{"rendered":"<p>LOKLIK ImPress termoprese ir izstr\u0101d\u0101ta, lai pilnveidotu jebkuru cepures dizainu\u00a0da\u017eu sekun\u017eu laik\u0101!<\/p>\n<p>Pateicoties LED ekr\u0101nam un\u00a0inovat\u012bviem iestat\u012bjumiem\u00a0\u00a0(l\u012bdz 200 \u00b0C un 600 s) J\u016bs varat realiz\u0113t savus projektus dz\u012bv\u0113.<\/p>\n<p>Augstas kvalit\u0101tes termopl\u0101ksne ar iztur\u012bgu keramikas p\u0101rkl\u0101jumu garant\u0113 vienm\u0113r\u012bgu uzsildi.<\/p>\n<p>Termopreses\u00a0 svars 1,0 kg<\/p>\n<p>Komplekt\u0101 iek\u013cauts:<\/p>\n<ul>\n<li>LOKLIK ImPress termoprese<\/li>\n<li>Gludin\u0101\u0161anas pakl\u0101ji\u0146\u0161<\/li>\n<li>Cepures pres\u0113jamais v\u0101ks<\/li>\n<li>Ce\u013cojumu soma<\/li>\n<\/ul>\n","protected":false},"excerpt":{"rendered":"LOKLIK ImPress termoprese ir izstr\u0101d\u0101ta, lai pilnveidotu jebkuru cepures dizainu\u00a0da\u017eu sekun\u017eu laik\u0101! Pateicoties LED ekr\u0101nam un\u00a0inovat\u012bviem iestat\u012bjumiem\u00a0\u00a0(l\u012bdz 200 \u00b0C un 600 s) J\u016bs varat realiz\u0113t savus projektus dz\u012bv\u0113. Augstas kvalit\u0101tes termopl\u0101ksne ar iztur\u012bgu keramikas p\u0101rkl\u0101jumu garant\u0113 vienm\u0113r\u012bgu uzsildi. Termopreses\u00a0 svars 1,0 kg Komplekt\u0101 iek\u013cauts: LOKLIK ImPress termoprese Gludin\u0101\u0161anas pakl\u0101ji\u0146\u0161 Cepures pres\u0113jamais v\u0101ks Ce\u013cojumu soma","protected":false},"featured_media":16977,"template":"","meta":[],"product_brand":[],"product_cat":[258,260,243],"product_tag":[1537,1538],"class_list":{"0":"post-16976","1":"product","2":"type-product","3":"status-publish","4":"has-post-thumbnail","6":"product_cat-iekartas-un-izejmateriali","7":"product_cat-termopreses-iekartas-un-izejmateriali","8":"product_cat-termopreses-hobijam","9":"product_tag-termoprese-cepurem","10":"product_tag-termopreses-hobijam","12":"first","13":"instock","14":"shipping-taxable","15":"purchasable","16":"product-type-simple"},"yoast_head":"<!-- This site is optimized with the Yoast SEO plugin v27.3 - https:\/\/yoast.com\/product\/yoast-seo-wordpress\/ -->\n<title>LOKLIK ImPress termoprese cepur\u0113m LOKLIK Blue - WMT Baltic<\/title>\n<meta name=\"description\" content=\"LOKLIK ImPress termoprese ir izstr\u0101d\u0101ta, lai pilnveidotu jebkuru cepures dizainu\u00a0da\u017eu sekun\u017eu laik\u0101!\" \/>\n<meta name=\"robots\" content=\"index, follow, max-snippet:-1, max-image-preview:large, max-video-preview:-1\" \/>\n<link rel=\"canonical\" href=\"https:\/\/wmtbaltic.lv\/product\/loklik-impress-termoprese-cepurem-loklik-blue\/\" \/>\n<meta property=\"og:locale\" content=\"en_US\" \/>\n<meta property=\"og:type\" content=\"article\" \/>\n<meta property=\"og:title\" content=\"LOKLIK ImPress termoprese cepur\u0113m LOKLIK Blue - WMT Baltic\" \/>\n<meta property=\"og:description\" content=\"LOKLIK ImPress termoprese ir izstr\u0101d\u0101ta, lai pilnveidotu jebkuru cepures dizainu\u00a0da\u017eu sekun\u017eu laik\u0101!\" \/>\n<meta property=\"og:url\" content=\"https:\/\/wmtbaltic.lv\/product\/loklik-impress-termoprese-cepurem-loklik-blue\/\" \/>\n<meta property=\"og:site_name\" content=\"WMT Baltic\" \/>\n<meta property=\"article:publisher\" content=\"https:\/\/www.facebook.com\/WMT.Baltic.viscom\/?locale=lv_LV\" \/>\n<meta property=\"article:modified_time\" content=\"2024-12-03T08:21:09+00:00\" \/>\n<meta property=\"og:image\" content=\"http:\/\/wmtbaltic.lv\/wp-content\/uploads\/2024\/12\/loklik-impress-termoprese-cepurem-8aa2c_reference.jpg\" \/>\n\t<meta property=\"og:image:width\" content=\"1398\" \/>\n\t<meta property=\"og:image:height\" content=\"1024\" \/>\n\t<meta property=\"og:image:type\" content=\"image\/jpeg\" \/>\n<meta name=\"twitter:card\" content=\"summary_large_image\" \/>\n<meta name=\"twitter:label1\" content=\"Est. reading time\" \/>\n\t<meta name=\"twitter:data1\" content=\"1 minute\" \/>\n<script type=\"application\/ld+json\" class=\"yoast-schema-graph\">{\"@context\":\"https:\\\/\\\/schema.org\",\"@graph\":[{\"@type\":\"WebPage\",\"@id\":\"https:\\\/\\\/wmtbaltic.lv\\\/product\\\/loklik-impress-termoprese-cepurem-loklik-blue\\\/\",\"url\":\"https:\\\/\\\/wmtbaltic.lv\\\/product\\\/loklik-impress-termoprese-cepurem-loklik-blue\\\/\",\"name\":\"LOKLIK ImPress termoprese cepur\u0113m LOKLIK Blue - WMT Baltic\",\"isPartOf\":{\"@id\":\"https:\\\/\\\/wmtbaltic.lv\\\/#website\"},\"primaryImageOfPage\":{\"@id\":\"https:\\\/\\\/wmtbaltic.lv\\\/product\\\/loklik-impress-termoprese-cepurem-loklik-blue\\\/#primaryimage\"},\"image\":{\"@id\":\"https:\\\/\\\/wmtbaltic.lv\\\/product\\\/loklik-impress-termoprese-cepurem-loklik-blue\\\/#primaryimage\"},\"thumbnailUrl\":\"https:\\\/\\\/wmtbaltic.lv\\\/wp-content\\\/uploads\\\/2024\\\/12\\\/loklik-impress-termoprese-cepurem-8aa2c_reference.jpg\",\"datePublished\":\"2024-12-03T08:21:07+00:00\",\"dateModified\":\"2024-12-03T08:21:09+00:00\",\"description\":\"LOKLIK ImPress termoprese ir izstr\u0101d\u0101ta, lai pilnveidotu jebkuru cepures dizainu\u00a0da\u017eu sekun\u017eu laik\u0101!\",\"breadcrumb\":{\"@id\":\"https:\\\/\\\/wmtbaltic.lv\\\/product\\\/loklik-impress-termoprese-cepurem-loklik-blue\\\/#breadcrumb\"},\"inLanguage\":\"en-US\",\"potentialAction\":[{\"@type\":\"ReadAction\",\"target\":[\"https:\\\/\\\/wmtbaltic.lv\\\/product\\\/loklik-impress-termoprese-cepurem-loklik-blue\\\/\"]}]},{\"@type\":\"ImageObject\",\"inLanguage\":\"en-US\",\"@id\":\"https:\\\/\\\/wmtbaltic.lv\\\/product\\\/loklik-impress-termoprese-cepurem-loklik-blue\\\/#primaryimage\",\"url\":\"https:\\\/\\\/wmtbaltic.lv\\\/wp-content\\\/uploads\\\/2024\\\/12\\\/loklik-impress-termoprese-cepurem-8aa2c_reference.jpg\",\"contentUrl\":\"https:\\\/\\\/wmtbaltic.lv\\\/wp-content\\\/uploads\\\/2024\\\/12\\\/loklik-impress-termoprese-cepurem-8aa2c_reference.jpg\",\"width\":1398,\"height\":1024},{\"@type\":\"BreadcrumbList\",\"@id\":\"https:\\\/\\\/wmtbaltic.lv\\\/product\\\/loklik-impress-termoprese-cepurem-loklik-blue\\\/#breadcrumb\",\"itemListElement\":[{\"@type\":\"ListItem\",\"position\":1,\"name\":\"Home\",\"item\":\"https:\\\/\\\/wmtbaltic.lv\\\/en\\\/\"},{\"@type\":\"ListItem\",\"position\":2,\"name\":\"Shop\",\"item\":\"https:\\\/\\\/wmtbaltic.lv\\\/shop\\\/\"},{\"@type\":\"ListItem\",\"position\":3,\"name\":\"LOKLIK ImPress termoprese cepur\u0113m LOKLIK Blue\"}]},{\"@type\":\"WebSite\",\"@id\":\"https:\\\/\\\/wmtbaltic.lv\\\/#website\",\"url\":\"https:\\\/\\\/wmtbaltic.lv\\\/\",\"name\":\"WMT Baltic\",\"description\":\"Rekl\u0101mas produkti, pl\u0113ves\",\"publisher\":{\"@id\":\"https:\\\/\\\/wmtbaltic.lv\\\/#organization\"},\"potentialAction\":[{\"@type\":\"SearchAction\",\"target\":{\"@type\":\"EntryPoint\",\"urlTemplate\":\"https:\\\/\\\/wmtbaltic.lv\\\/?s={search_term_string}\"},\"query-input\":{\"@type\":\"PropertyValueSpecification\",\"valueRequired\":true,\"valueName\":\"search_term_string\"}}],\"inLanguage\":\"en-US\"},{\"@type\":\"Organization\",\"@id\":\"https:\\\/\\\/wmtbaltic.lv\\\/#organization\",\"name\":\"WMT Baltic\",\"url\":\"https:\\\/\\\/wmtbaltic.lv\\\/\",\"logo\":{\"@type\":\"ImageObject\",\"inLanguage\":\"en-US\",\"@id\":\"https:\\\/\\\/wmtbaltic.lv\\\/#\\\/schema\\\/logo\\\/image\\\/\",\"url\":\"https:\\\/\\\/wmtbaltic.lv\\\/wp-content\\\/uploads\\\/2024\\\/12\\\/wmt-baltic-sia_107142_9_420x180.jpg\",\"contentUrl\":\"https:\\\/\\\/wmtbaltic.lv\\\/wp-content\\\/uploads\\\/2024\\\/12\\\/wmt-baltic-sia_107142_9_420x180.jpg\",\"width\":420,\"height\":180,\"caption\":\"WMT Baltic\"},\"image\":{\"@id\":\"https:\\\/\\\/wmtbaltic.lv\\\/#\\\/schema\\\/logo\\\/image\\\/\"},\"sameAs\":[\"https:\\\/\\\/www.facebook.com\\\/WMT.Baltic.viscom\\\/?locale=lv_LV\",\"https:\\\/\\\/www.instagram.com\\\/viscom_wmt\\\/\"]}]}<\/script>\n<!-- \/ Yoast SEO plugin. -->","yoast_head_json":{"title":"LOKLIK ImPress termoprese cepur\u0113m LOKLIK Blue - WMT Baltic","description":"LOKLIK ImPress termoprese ir izstr\u0101d\u0101ta, lai pilnveidotu jebkuru cepures dizainu\u00a0da\u017eu sekun\u017eu laik\u0101!","robots":{"index":"index","follow":"follow","max-snippet":"max-snippet:-1","max-image-preview":"max-image-preview:large","max-video-preview":"max-video-preview:-1"},"canonical":"https:\/\/wmtbaltic.lv\/product\/loklik-impress-termoprese-cepurem-loklik-blue\/","og_locale":"en_US","og_type":"article","og_title":"LOKLIK ImPress termoprese cepur\u0113m LOKLIK Blue - WMT Baltic","og_description":"LOKLIK ImPress termoprese ir izstr\u0101d\u0101ta, lai pilnveidotu jebkuru cepures dizainu\u00a0da\u017eu sekun\u017eu laik\u0101!","og_url":"https:\/\/wmtbaltic.lv\/product\/loklik-impress-termoprese-cepurem-loklik-blue\/","og_site_name":"WMT Baltic","article_publisher":"https:\/\/www.facebook.com\/WMT.Baltic.viscom\/?locale=lv_LV","article_modified_time":"2024-12-03T08:21:09+00:00","og_image":[{"width":1398,"height":1024,"url":"http:\/\/wmtbaltic.lv\/wp-content\/uploads\/2024\/12\/loklik-impress-termoprese-cepurem-8aa2c_reference.jpg","type":"image\/jpeg"}],"twitter_card":"summary_large_image","twitter_misc":{"Est. reading time":"1 minute"},"schema":{"@context":"https:\/\/schema.org","@graph":[{"@type":"WebPage","@id":"https:\/\/wmtbaltic.lv\/product\/loklik-impress-termoprese-cepurem-loklik-blue\/","url":"https:\/\/wmtbaltic.lv\/product\/loklik-impress-termoprese-cepurem-loklik-blue\/","name":"LOKLIK ImPress termoprese cepur\u0113m LOKLIK Blue - WMT Baltic","isPartOf":{"@id":"https:\/\/wmtbaltic.lv\/#website"},"primaryImageOfPage":{"@id":"https:\/\/wmtbaltic.lv\/product\/loklik-impress-termoprese-cepurem-loklik-blue\/#primaryimage"},"image":{"@id":"https:\/\/wmtbaltic.lv\/product\/loklik-impress-termoprese-cepurem-loklik-blue\/#primaryimage"},"thumbnailUrl":"https:\/\/wmtbaltic.lv\/wp-content\/uploads\/2024\/12\/loklik-impress-termoprese-cepurem-8aa2c_reference.jpg","datePublished":"2024-12-03T08:21:07+00:00","dateModified":"2024-12-03T08:21:09+00:00","description":"LOKLIK ImPress termoprese ir izstr\u0101d\u0101ta, lai pilnveidotu jebkuru cepures dizainu\u00a0da\u017eu sekun\u017eu laik\u0101!","breadcrumb":{"@id":"https:\/\/wmtbaltic.lv\/product\/loklik-impress-termoprese-cepurem-loklik-blue\/#breadcrumb"},"inLanguage":"en-US","potentialAction":[{"@type":"ReadAction","target":["https:\/\/wmtbaltic.lv\/product\/loklik-impress-termoprese-cepurem-loklik-blue\/"]}]},{"@type":"ImageObject","inLanguage":"en-US","@id":"https:\/\/wmtbaltic.lv\/product\/loklik-impress-termoprese-cepurem-loklik-blue\/#primaryimage","url":"https:\/\/wmtbaltic.lv\/wp-content\/uploads\/2024\/12\/loklik-impress-termoprese-cepurem-8aa2c_reference.jpg","contentUrl":"https:\/\/wmtbaltic.lv\/wp-content\/uploads\/2024\/12\/loklik-impress-termoprese-cepurem-8aa2c_reference.jpg","width":1398,"height":1024},{"@type":"BreadcrumbList","@id":"https:\/\/wmtbaltic.lv\/product\/loklik-impress-termoprese-cepurem-loklik-blue\/#breadcrumb","itemListElement":[{"@type":"ListItem","position":1,"name":"Home","item":"https:\/\/wmtbaltic.lv\/en\/"},{"@type":"ListItem","position":2,"name":"Shop","item":"https:\/\/wmtbaltic.lv\/shop\/"},{"@type":"ListItem","position":3,"name":"LOKLIK ImPress termoprese cepur\u0113m LOKLIK Blue"}]},{"@type":"WebSite","@id":"https:\/\/wmtbaltic.lv\/#website","url":"https:\/\/wmtbaltic.lv\/","name":"WMT Baltic","description":"Rekl\u0101mas produkti, pl\u0113ves","publisher":{"@id":"https:\/\/wmtbaltic.lv\/#organization"},"potentialAction":[{"@type":"SearchAction","target":{"@type":"EntryPoint","urlTemplate":"https:\/\/wmtbaltic.lv\/?s={search_term_string}"},"query-input":{"@type":"PropertyValueSpecification","valueRequired":true,"valueName":"search_term_string"}}],"inLanguage":"en-US"},{"@type":"Organization","@id":"https:\/\/wmtbaltic.lv\/#organization","name":"WMT Baltic","url":"https:\/\/wmtbaltic.lv\/","logo":{"@type":"ImageObject","inLanguage":"en-US","@id":"https:\/\/wmtbaltic.lv\/#\/schema\/logo\/image\/","url":"https:\/\/wmtbaltic.lv\/wp-content\/uploads\/2024\/12\/wmt-baltic-sia_107142_9_420x180.jpg","contentUrl":"https:\/\/wmtbaltic.lv\/wp-content\/uploads\/2024\/12\/wmt-baltic-sia_107142_9_420x180.jpg","width":420,"height":180,"caption":"WMT Baltic"},"image":{"@id":"https:\/\/wmtbaltic.lv\/#\/schema\/logo\/image\/"},"sameAs":["https:\/\/www.facebook.com\/WMT.Baltic.viscom\/?locale=lv_LV","https:\/\/www.instagram.com\/viscom_wmt\/"]}]}},"_links":{"self":[{"href":"https:\/\/wmtbaltic.lv\/en\/wp-json\/wp\/v2\/product\/16976","targetHints":{"allow":["GET"]}}],"collection":[{"href":"https:\/\/wmtbaltic.lv\/en\/wp-json\/wp\/v2\/product"}],"about":[{"href":"https:\/\/wmtbaltic.lv\/en\/wp-json\/wp\/v2\/types\/product"}],"wp:featuredmedia":[{"embeddable":true,"href":"https:\/\/wmtbaltic.lv\/en\/wp-json\/wp\/v2\/media\/16977"}],"wp:attachment":[{"href":"https:\/\/wmtbaltic.lv\/en\/wp-json\/wp\/v2\/media?parent=16976"}],"wp:term":[{"taxonomy":"product_brand","embeddable":true,"href":"https:\/\/wmtbaltic.lv\/en\/wp-json\/wp\/v2\/product_brand?post=16976"},{"taxonomy":"product_cat","embeddable":true,"href":"https:\/\/wmtbaltic.lv\/en\/wp-json\/wp\/v2\/product_cat?post=16976"},{"taxonomy":"product_tag","embeddable":true,"href":"https:\/\/wmtbaltic.lv\/en\/wp-json\/wp\/v2\/product_tag?post=16976"}],"curies":[{"name":"wp","href":"https:\/\/api.w.org\/{rel}","templated":true}]}}