{"id":16945,"date":"2024-12-02T14:41:04","date_gmt":"2024-12-02T14:41:04","guid":{"rendered":"https:\/\/wmtbaltic.lv\/?post_type=product&#038;p=16945"},"modified":"2024-12-03T07:17:52","modified_gmt":"2024-12-03T07:17:52","slug":"loklik-mini-termoprese-denim-blue-2","status":"publish","type":"product","link":"https:\/\/wmtbaltic.lv\/en\/product\/loklik-mini-termoprese-denim-blue-2\/","title":{"rendered":"LOKLIK Mini termoprese  LOKLIK Blue"},"content":{"rendered":"<p><span lang=\"LV\" style=\"font-size: 10.5pt; font-family: 'Open Sans',sans-serif; color: black;\">LOKLIK Mini termoprese \u013cauj amatniekiem viegli izveidot sare\u017e\u0123\u012btus dizainus.<\/span><\/p>\n<p><span lang=\"LV\" style=\"font-size: 10.5pt; font-family: 'Open Sans',sans-serif; color: black;\">Keramikas p\u0101rkl\u0101juma sild\u012b\u0161anas pl\u0101ksne (66 x 110 mm) uzsilst \u0101tri un vienm\u0113r\u012bgi, kas garant\u0113 \u0101trus rezult\u0101tus.\u00a0ImPress Mini termoprese pied\u0101v\u0101 3 da\u017e\u0101dus sild\u012b\u0161anas re\u017e\u012bmus: zemas temperat\u016bras re\u017e\u012bmu (l\u012bdz 140 \u00baC), vid\u0113jas temperat\u016bras re\u017e\u012bmu (l\u012bdz 160 \u00baC) un augstas temperat\u016bras re\u017e\u012bmu (l\u012bdz 180 \u00baC).<\/span><\/p>\n<p><span lang=\"LV\" style=\"font-size: 10.5pt; font-family: 'Open Sans',sans-serif; color: black;\">Termopresei ir ne tikai FCC un UL sertifik\u0101ts, bet ar\u012b daudzsl\u0101\u0146u siltumizol\u0101cija un siltumnotur\u012bga dro\u0161\u012bbas pamatne.\u00a0Iek\u0101rt\u0101\u00a0ir iek\u013cauta ar\u012b autom\u0101tisk\u0101s izsl\u0113g\u0161an\u0101s funkcija, kas aktiviz\u0113jas\u00a0 p\u0113c 10 min\u016bt\u0113m, ja atrodas miera.<\/span><\/p>\n","protected":false},"excerpt":{"rendered":"LOKLIK Mini termoprese \u013cauj amatniekiem viegli izveidot sare\u017e\u0123\u012btus dizainus. Keramikas p\u0101rkl\u0101juma sild\u012b\u0161anas pl\u0101ksne (66 x 110 mm) uzsilst \u0101tri un vienm\u0113r\u012bgi, kas garant\u0113 \u0101trus rezult\u0101tus.\u00a0ImPress Mini termoprese pied\u0101v\u0101 3 da\u017e\u0101dus sild\u012b\u0161anas re\u017e\u012bmus: zemas temperat\u016bras re\u017e\u012bmu (l\u012bdz 140 \u00baC), vid\u0113jas temperat\u016bras re\u017e\u012bmu (l\u012bdz 160 \u00baC) un augstas temperat\u016bras re\u017e\u012bmu (l\u012bdz 180 \u00baC). Termopresei ir ne tikai [...]","protected":false},"featured_media":16947,"template":"","meta":[],"product_brand":[],"product_cat":[258,260,243],"product_tag":[1533,1531,1532,529],"class_list":{"0":"post-16945","1":"product","2":"type-product","3":"status-publish","4":"has-post-thumbnail","6":"product_cat-iekartas-un-izejmateriali","7":"product_cat-termopreses-iekartas-un-izejmateriali","8":"product_cat-termopreses-hobijam","9":"product_tag-hobijam","10":"product_tag-loklik","11":"product_tag-mini-termoprese","12":"product_tag-termoprese","14":"first","15":"instock","16":"shipping-taxable","17":"purchasable","18":"product-type-simple"},"yoast_head":"<!-- This site is optimized with the Yoast SEO plugin v27.3 - https:\/\/yoast.com\/product\/yoast-seo-wordpress\/ -->\n<title>LOKLIK Mini termoprese LOKLIK Blue - WMT Baltic<\/title>\n<meta name=\"robots\" content=\"index, follow, max-snippet:-1, max-image-preview:large, max-video-preview:-1\" \/>\n<link rel=\"canonical\" href=\"https:\/\/wmtbaltic.lv\/product\/loklik-mini-termoprese-denim-blue-2\/\" \/>\n<meta property=\"og:locale\" content=\"en_US\" \/>\n<meta property=\"og:type\" content=\"article\" \/>\n<meta property=\"og:title\" content=\"LOKLIK Mini termoprese LOKLIK Blue - WMT Baltic\" \/>\n<meta property=\"og:url\" content=\"https:\/\/wmtbaltic.lv\/product\/loklik-mini-termoprese-denim-blue-2\/\" \/>\n<meta property=\"og:site_name\" content=\"WMT Baltic\" \/>\n<meta property=\"article:publisher\" content=\"https:\/\/www.facebook.com\/WMT.Baltic.viscom\/?locale=lv_LV\" \/>\n<meta property=\"article:modified_time\" content=\"2024-12-03T07:17:52+00:00\" \/>\n<meta property=\"og:image\" content=\"http:\/\/wmtbaltic.lv\/wp-content\/uploads\/2024\/12\/loklik-mini-termoprese-zila-37366_reference.webp\" \/>\n\t<meta property=\"og:image:width\" content=\"1024\" \/>\n\t<meta property=\"og:image:height\" content=\"1024\" \/>\n\t<meta property=\"og:image:type\" content=\"image\/webp\" \/>\n<meta name=\"twitter:card\" content=\"summary_large_image\" \/>\n<meta name=\"twitter:label1\" content=\"Est. reading time\" \/>\n\t<meta name=\"twitter:data1\" content=\"1 minute\" \/>\n<script type=\"application\/ld+json\" class=\"yoast-schema-graph\">{\"@context\":\"https:\\\/\\\/schema.org\",\"@graph\":[{\"@type\":\"WebPage\",\"@id\":\"https:\\\/\\\/wmtbaltic.lv\\\/product\\\/loklik-mini-termoprese-denim-blue-2\\\/\",\"url\":\"https:\\\/\\\/wmtbaltic.lv\\\/product\\\/loklik-mini-termoprese-denim-blue-2\\\/\",\"name\":\"LOKLIK Mini termoprese LOKLIK Blue - WMT Baltic\",\"isPartOf\":{\"@id\":\"https:\\\/\\\/wmtbaltic.lv\\\/#website\"},\"primaryImageOfPage\":{\"@id\":\"https:\\\/\\\/wmtbaltic.lv\\\/product\\\/loklik-mini-termoprese-denim-blue-2\\\/#primaryimage\"},\"image\":{\"@id\":\"https:\\\/\\\/wmtbaltic.lv\\\/product\\\/loklik-mini-termoprese-denim-blue-2\\\/#primaryimage\"},\"thumbnailUrl\":\"https:\\\/\\\/wmtbaltic.lv\\\/wp-content\\\/uploads\\\/2024\\\/12\\\/loklik-mini-termoprese-zila-37366_reference.webp\",\"datePublished\":\"2024-12-02T14:41:04+00:00\",\"dateModified\":\"2024-12-03T07:17:52+00:00\",\"breadcrumb\":{\"@id\":\"https:\\\/\\\/wmtbaltic.lv\\\/product\\\/loklik-mini-termoprese-denim-blue-2\\\/#breadcrumb\"},\"inLanguage\":\"en-US\",\"potentialAction\":[{\"@type\":\"ReadAction\",\"target\":[\"https:\\\/\\\/wmtbaltic.lv\\\/product\\\/loklik-mini-termoprese-denim-blue-2\\\/\"]}]},{\"@type\":\"ImageObject\",\"inLanguage\":\"en-US\",\"@id\":\"https:\\\/\\\/wmtbaltic.lv\\\/product\\\/loklik-mini-termoprese-denim-blue-2\\\/#primaryimage\",\"url\":\"https:\\\/\\\/wmtbaltic.lv\\\/wp-content\\\/uploads\\\/2024\\\/12\\\/loklik-mini-termoprese-zila-37366_reference.webp\",\"contentUrl\":\"https:\\\/\\\/wmtbaltic.lv\\\/wp-content\\\/uploads\\\/2024\\\/12\\\/loklik-mini-termoprese-zila-37366_reference.webp\",\"width\":1024,\"height\":1024},{\"@type\":\"BreadcrumbList\",\"@id\":\"https:\\\/\\\/wmtbaltic.lv\\\/product\\\/loklik-mini-termoprese-denim-blue-2\\\/#breadcrumb\",\"itemListElement\":[{\"@type\":\"ListItem\",\"position\":1,\"name\":\"Home\",\"item\":\"https:\\\/\\\/wmtbaltic.lv\\\/en\\\/\"},{\"@type\":\"ListItem\",\"position\":2,\"name\":\"Shop\",\"item\":\"https:\\\/\\\/wmtbaltic.lv\\\/shop\\\/\"},{\"@type\":\"ListItem\",\"position\":3,\"name\":\"LOKLIK Mini termoprese LOKLIK Blue\"}]},{\"@type\":\"WebSite\",\"@id\":\"https:\\\/\\\/wmtbaltic.lv\\\/#website\",\"url\":\"https:\\\/\\\/wmtbaltic.lv\\\/\",\"name\":\"WMT Baltic\",\"description\":\"Rekl\u0101mas produkti, pl\u0113ves\",\"publisher\":{\"@id\":\"https:\\\/\\\/wmtbaltic.lv\\\/#organization\"},\"potentialAction\":[{\"@type\":\"SearchAction\",\"target\":{\"@type\":\"EntryPoint\",\"urlTemplate\":\"https:\\\/\\\/wmtbaltic.lv\\\/?s={search_term_string}\"},\"query-input\":{\"@type\":\"PropertyValueSpecification\",\"valueRequired\":true,\"valueName\":\"search_term_string\"}}],\"inLanguage\":\"en-US\"},{\"@type\":\"Organization\",\"@id\":\"https:\\\/\\\/wmtbaltic.lv\\\/#organization\",\"name\":\"WMT Baltic\",\"url\":\"https:\\\/\\\/wmtbaltic.lv\\\/\",\"logo\":{\"@type\":\"ImageObject\",\"inLanguage\":\"en-US\",\"@id\":\"https:\\\/\\\/wmtbaltic.lv\\\/#\\\/schema\\\/logo\\\/image\\\/\",\"url\":\"https:\\\/\\\/wmtbaltic.lv\\\/wp-content\\\/uploads\\\/2024\\\/12\\\/wmt-baltic-sia_107142_9_420x180.jpg\",\"contentUrl\":\"https:\\\/\\\/wmtbaltic.lv\\\/wp-content\\\/uploads\\\/2024\\\/12\\\/wmt-baltic-sia_107142_9_420x180.jpg\",\"width\":420,\"height\":180,\"caption\":\"WMT Baltic\"},\"image\":{\"@id\":\"https:\\\/\\\/wmtbaltic.lv\\\/#\\\/schema\\\/logo\\\/image\\\/\"},\"sameAs\":[\"https:\\\/\\\/www.facebook.com\\\/WMT.Baltic.viscom\\\/?locale=lv_LV\",\"https:\\\/\\\/www.instagram.com\\\/viscom_wmt\\\/\"]}]}<\/script>\n<!-- \/ Yoast SEO plugin. -->","yoast_head_json":{"title":"LOKLIK Mini termoprese LOKLIK Blue - WMT Baltic","robots":{"index":"index","follow":"follow","max-snippet":"max-snippet:-1","max-image-preview":"max-image-preview:large","max-video-preview":"max-video-preview:-1"},"canonical":"https:\/\/wmtbaltic.lv\/product\/loklik-mini-termoprese-denim-blue-2\/","og_locale":"en_US","og_type":"article","og_title":"LOKLIK Mini termoprese LOKLIK Blue - WMT Baltic","og_url":"https:\/\/wmtbaltic.lv\/product\/loklik-mini-termoprese-denim-blue-2\/","og_site_name":"WMT Baltic","article_publisher":"https:\/\/www.facebook.com\/WMT.Baltic.viscom\/?locale=lv_LV","article_modified_time":"2024-12-03T07:17:52+00:00","og_image":[{"width":1024,"height":1024,"url":"http:\/\/wmtbaltic.lv\/wp-content\/uploads\/2024\/12\/loklik-mini-termoprese-zila-37366_reference.webp","type":"image\/webp"}],"twitter_card":"summary_large_image","twitter_misc":{"Est. reading time":"1 minute"},"schema":{"@context":"https:\/\/schema.org","@graph":[{"@type":"WebPage","@id":"https:\/\/wmtbaltic.lv\/product\/loklik-mini-termoprese-denim-blue-2\/","url":"https:\/\/wmtbaltic.lv\/product\/loklik-mini-termoprese-denim-blue-2\/","name":"LOKLIK Mini termoprese LOKLIK Blue - WMT Baltic","isPartOf":{"@id":"https:\/\/wmtbaltic.lv\/#website"},"primaryImageOfPage":{"@id":"https:\/\/wmtbaltic.lv\/product\/loklik-mini-termoprese-denim-blue-2\/#primaryimage"},"image":{"@id":"https:\/\/wmtbaltic.lv\/product\/loklik-mini-termoprese-denim-blue-2\/#primaryimage"},"thumbnailUrl":"https:\/\/wmtbaltic.lv\/wp-content\/uploads\/2024\/12\/loklik-mini-termoprese-zila-37366_reference.webp","datePublished":"2024-12-02T14:41:04+00:00","dateModified":"2024-12-03T07:17:52+00:00","breadcrumb":{"@id":"https:\/\/wmtbaltic.lv\/product\/loklik-mini-termoprese-denim-blue-2\/#breadcrumb"},"inLanguage":"en-US","potentialAction":[{"@type":"ReadAction","target":["https:\/\/wmtbaltic.lv\/product\/loklik-mini-termoprese-denim-blue-2\/"]}]},{"@type":"ImageObject","inLanguage":"en-US","@id":"https:\/\/wmtbaltic.lv\/product\/loklik-mini-termoprese-denim-blue-2\/#primaryimage","url":"https:\/\/wmtbaltic.lv\/wp-content\/uploads\/2024\/12\/loklik-mini-termoprese-zila-37366_reference.webp","contentUrl":"https:\/\/wmtbaltic.lv\/wp-content\/uploads\/2024\/12\/loklik-mini-termoprese-zila-37366_reference.webp","width":1024,"height":1024},{"@type":"BreadcrumbList","@id":"https:\/\/wmtbaltic.lv\/product\/loklik-mini-termoprese-denim-blue-2\/#breadcrumb","itemListElement":[{"@type":"ListItem","position":1,"name":"Home","item":"https:\/\/wmtbaltic.lv\/en\/"},{"@type":"ListItem","position":2,"name":"Shop","item":"https:\/\/wmtbaltic.lv\/shop\/"},{"@type":"ListItem","position":3,"name":"LOKLIK Mini termoprese LOKLIK Blue"}]},{"@type":"WebSite","@id":"https:\/\/wmtbaltic.lv\/#website","url":"https:\/\/wmtbaltic.lv\/","name":"WMT Baltic","description":"Rekl\u0101mas produkti, pl\u0113ves","publisher":{"@id":"https:\/\/wmtbaltic.lv\/#organization"},"potentialAction":[{"@type":"SearchAction","target":{"@type":"EntryPoint","urlTemplate":"https:\/\/wmtbaltic.lv\/?s={search_term_string}"},"query-input":{"@type":"PropertyValueSpecification","valueRequired":true,"valueName":"search_term_string"}}],"inLanguage":"en-US"},{"@type":"Organization","@id":"https:\/\/wmtbaltic.lv\/#organization","name":"WMT Baltic","url":"https:\/\/wmtbaltic.lv\/","logo":{"@type":"ImageObject","inLanguage":"en-US","@id":"https:\/\/wmtbaltic.lv\/#\/schema\/logo\/image\/","url":"https:\/\/wmtbaltic.lv\/wp-content\/uploads\/2024\/12\/wmt-baltic-sia_107142_9_420x180.jpg","contentUrl":"https:\/\/wmtbaltic.lv\/wp-content\/uploads\/2024\/12\/wmt-baltic-sia_107142_9_420x180.jpg","width":420,"height":180,"caption":"WMT Baltic"},"image":{"@id":"https:\/\/wmtbaltic.lv\/#\/schema\/logo\/image\/"},"sameAs":["https:\/\/www.facebook.com\/WMT.Baltic.viscom\/?locale=lv_LV","https:\/\/www.instagram.com\/viscom_wmt\/"]}]}},"_links":{"self":[{"href":"https:\/\/wmtbaltic.lv\/en\/wp-json\/wp\/v2\/product\/16945","targetHints":{"allow":["GET"]}}],"collection":[{"href":"https:\/\/wmtbaltic.lv\/en\/wp-json\/wp\/v2\/product"}],"about":[{"href":"https:\/\/wmtbaltic.lv\/en\/wp-json\/wp\/v2\/types\/product"}],"wp:featuredmedia":[{"embeddable":true,"href":"https:\/\/wmtbaltic.lv\/en\/wp-json\/wp\/v2\/media\/16947"}],"wp:attachment":[{"href":"https:\/\/wmtbaltic.lv\/en\/wp-json\/wp\/v2\/media?parent=16945"}],"wp:term":[{"taxonomy":"product_brand","embeddable":true,"href":"https:\/\/wmtbaltic.lv\/en\/wp-json\/wp\/v2\/product_brand?post=16945"},{"taxonomy":"product_cat","embeddable":true,"href":"https:\/\/wmtbaltic.lv\/en\/wp-json\/wp\/v2\/product_cat?post=16945"},{"taxonomy":"product_tag","embeddable":true,"href":"https:\/\/wmtbaltic.lv\/en\/wp-json\/wp\/v2\/product_tag?post=16945"}],"curies":[{"name":"wp","href":"https:\/\/api.w.org\/{rel}","templated":true}]}}