{"id":16836,"date":"2024-03-25T11:49:59","date_gmt":"2024-03-25T11:49:59","guid":{"rendered":"https:\/\/wmtbaltic.lv\/?post_type=product&#038;p=16836"},"modified":"2024-04-02T08:23:55","modified_gmt":"2024-04-02T08:23:55","slug":"limpleve-nsb2-dark-grey-concrete1-23m","status":"publish","type":"product","link":"https:\/\/wmtbaltic.lv\/en\/product\/limpleve-nsb2-dark-grey-concrete1-23m\/","title":{"rendered":"L\u012bmpl\u0113ve NSB2 Dark Grey Concrete,1.23m"},"content":{"rendered":"<p>Decor Eco Range m\u0113be\u013cu un citu virsmu imit\u0101cijas l\u012bmpl\u0113ves pal\u012bdz atjaunot virsmu un aizsarg\u0101t to no skrap\u0113jumiem, sniedzot re\u0101l\u0101s tekst\u016bras saj\u016btu. L\u012bmpl\u0113ves paredz\u0113tas vis\u0101m dz\u012bvojam\u0101m un publiskaj\u0101m telp\u0101m: viesn\u012bc\u0101m, dz\u012bvojam\u0101m istab\u0101m, virtuv\u0113m, birojiem, konferen\u010du z\u0101l\u0113m, p\u0101rdo\u0161anas viet\u0101m, kafejn\u012bc\u0101m un restor\u0101niem.<\/p>\n<p>Ide\u0101li piem\u0113rots iek\u0161\u0113jo virsmu atjauno\u0161anai. Ieteicams uzkl\u0101t tikai uz taisnam vai nedaudz izliekt\u0101m virsm\u0101m (2D)<\/p>\n<p><span class=\"HwtZe\" lang=\"lv\"><span class=\"jCAhz ChMk0b\"><span class=\"ryNqvb\">Pielietojums:\u00a0 Interjers (sienas, durvis, skapji, galdi un citas m\u0113beles)<\/span><\/span><\/span><\/p>\n<p>Uzkl\u0101\u0161anas temperat\u016bra: +12\u00b0C min<\/p>\n<p>Pl\u0113ves tips: polim\u0113ra, kalandr\u0113ta<\/p>\n<p>Ilgtsp\u0113j\u012bgs 2 gadu garantija<\/p>\n<p>Pl\u0113ves platums 1.23m | Biezums: 180-330 \u00b5 |Rull\u012b 50 t\/m.<\/p>\n<div class=\"text\">\n<p>Cena nor\u0101d\u012bta par teko\u0161o metru<\/p>\n<p>&nbsp;<\/p>\n<\/div>\n<p><span style=\"color: #99cc00;\"><strong>Ir noliktav\u0101! <\/strong><\/span><\/p>\n<p><span style=\"color: #99cc00;\"><strong>Pilniem ru\u013c\u013ciem atlaide l\u012bdz 25%<\/strong><\/span><\/p>\n<p><strong>DEKORAT\u012aVA L\u012aMPL\u0112VE + APL\u012aM\u0112\u0160ANAS SERVISS + DRUKA + GRIE\u0160ANA<\/strong><\/p>\n<p><strong>KONSULT\u0100CIJAS PIE SERTIFIC\u0112TIEM SPECI\u0100LISTIEM<\/strong><\/p>\n<p><strong>BEZMAKSAS MATERI\u0100LU PARAUGI: +371 67800830 | <a href=\"mailto:INFO@ADV24.LV\">INFO@ADV24.LV<\/a> <\/strong><\/p>\n<p>Sniedzam pla\u0161u servisa kl\u0101stu dekorat\u012bv\u0101m l\u012bmpl\u0113v\u0113m:<\/p>\n<p>Pied\u0101v\u0101jam drukas pakalpojumus uz dekorat\u012bv\u0101m l\u012bmpl\u0113v\u0113m (UV druka, eko-solventa druka), grie\u017eam materi\u0101lu da\u017e\u0101dos form\u0101tos, sniedzam kont\u016brgrie\u0161anas pakalpojumus, lamin\u0113jam un apl\u012bm\u0113jam m\u0113be\u013cu virsmas ar l\u012bmpl\u0113vi, k\u0101 ar\u012b fr\u0113z\u0113jam m\u0113be\u013cu deta\u013cas. M\u016bsu komand\u0101 ir tr\u012bs sertific\u0113ti speci\u0101listi, kuri sniedz konsult\u0101cijas par j\u016bsu projektiem.<\/p>\n<p>&nbsp;<\/p>\n<p><strong>Jei norite \u012fsigyti Eco Range NSB2 Dark Grey Concrete,1.23m prek\u0119\u00a0 m\u016bs\u0173 ofise Lietuvoje,Vilniuje \u201dWMT Vilnius\u201dkambinkite: +37065562119, ra\u0161ykite:<\/strong> <a href=\"mailto:info@wmt.lt\">info@wmt.lt<\/a><\/p>\n<p><strong>Bendravimui su ofisu Rygoje WMT Baltic SIA, Skambinkite: +371 67800830,ra\u0161ykite<\/strong>: <a href=\"mailto:info@adv24.lv\">info@adv24.lv<\/a><\/p>\n","protected":false},"excerpt":{"rendered":"Decor Eco Range m\u0113be\u013cu un citu virsmu imit\u0101cijas l\u012bmpl\u0113ves pal\u012bdz atjaunot virsmu un aizsarg\u0101t to no skrap\u0113jumiem, sniedzot re\u0101l\u0101s tekst\u016bras saj\u016btu. L\u012bmpl\u0113ves paredz\u0113tas vis\u0101m dz\u012bvojam\u0101m un publiskaj\u0101m telp\u0101m: viesn\u012bc\u0101m, dz\u012bvojam\u0101m istab\u0101m, virtuv\u0113m, birojiem, konferen\u010du z\u0101l\u0113m, p\u0101rdo\u0161anas viet\u0101m, kafejn\u012bc\u0101m un restor\u0101niem. Ide\u0101li piem\u0113rots iek\u0161\u0113jo virsmu atjauno\u0161anai. Ieteicams uzkl\u0101t tikai uz taisnam vai nedaudz izliekt\u0101m virsm\u0101m (2D) [...]","protected":false},"featured_media":16837,"comment_status":"closed","ping_status":"closed","template":"","meta":[],"product_brand":[],"product_cat":[417,55,60],"product_tag":[1495,1494,1511,1061,1509,888,1493,1512,1496],"class_list":{"0":"post-16836","1":"product","2":"type-product","3":"status-publish","4":"has-post-thumbnail","6":"product_cat-limpleves-mebelem","7":"product_cat-pleves-limlentes","8":"product_cat-speciala-pielietojuma-limpleves","9":"product_tag-atjaunot","10":"product_tag-atjaunot-virsmu","11":"product_tag-grey-concrete","12":"product_tag-interjers","13":"product_tag-light-brown-fabric","14":"product_tag-limpleves","15":"product_tag-mebelem","16":"product_tag-nsb2","17":"product_tag-virsmu","19":"first","20":"instock","21":"shipping-taxable","22":"purchasable","23":"product-type-simple"},"yoast_head":"<!-- This site is optimized with the Yoast SEO plugin v27.4 - https:\/\/yoast.com\/product\/yoast-seo-wordpress\/ -->\n<title>L\u012bmpl\u0113ve NSB2 Dark Grey Concrete,1.23m - WMT Baltic<\/title>\n<meta name=\"description\" content=\"M\u0113be\u013cu un citu virsmu imit\u0101cijas l\u012bmpl\u0113ves pal\u012bdz atjaunot virsmu un aizsarg\u0101t to no skrap\u0113jumiem, sniedzot re\u0101l\u0101s tekst\u016bras saj\u016btu.\" \/>\n<meta name=\"robots\" content=\"index, follow, max-snippet:-1, max-image-preview:large, max-video-preview:-1\" \/>\n<link rel=\"canonical\" href=\"https:\/\/wmtbaltic.lv\/Produkts\/limpleve-nsb2-dark-grey-concrete1-23m\/\" \/>\n<meta property=\"og:locale\" content=\"en_US\" \/>\n<meta property=\"og:type\" content=\"article\" \/>\n<meta property=\"og:title\" content=\"L\u012bmpl\u0113ve NSB2 Dark Grey Concrete,1.23m - WMT Baltic\" \/>\n<meta property=\"og:description\" content=\"M\u0113be\u013cu un citu virsmu imit\u0101cijas l\u012bmpl\u0113ves pal\u012bdz atjaunot virsmu un aizsarg\u0101t to no skrap\u0113jumiem, sniedzot re\u0101l\u0101s tekst\u016bras saj\u016btu.\" \/>\n<meta property=\"og:url\" content=\"https:\/\/wmtbaltic.lv\/Produkts\/limpleve-nsb2-dark-grey-concrete1-23m\/\" \/>\n<meta property=\"og:site_name\" content=\"WMT Baltic\" \/>\n<meta property=\"article:publisher\" content=\"https:\/\/www.facebook.com\/WMT.Baltic.viscom\/?locale=lv_LV\" \/>\n<meta property=\"article:modified_time\" content=\"2024-04-02T08:23:55+00:00\" \/>\n<meta property=\"og:image\" content=\"http:\/\/wmtbaltic.lv\/wp-content\/uploads\/2024\/03\/NSB2-Dark-Grey-Concrete.jpg\" \/>\n\t<meta property=\"og:image:width\" content=\"700\" \/>\n\t<meta property=\"og:image:height\" content=\"700\" \/>\n\t<meta property=\"og:image:type\" content=\"image\/jpeg\" \/>\n<meta name=\"twitter:card\" content=\"summary_large_image\" \/>\n<meta name=\"twitter:label1\" content=\"Est. reading time\" \/>\n\t<meta name=\"twitter:data1\" content=\"1 minute\" \/>\n<script type=\"application\/ld+json\" class=\"yoast-schema-graph\">{\"@context\":\"https:\\\/\\\/schema.org\",\"@graph\":[{\"@type\":\"WebPage\",\"@id\":\"https:\\\/\\\/wmtbaltic.lv\\\/Produkts\\\/limpleve-nsb2-dark-grey-concrete1-23m\\\/\",\"url\":\"https:\\\/\\\/wmtbaltic.lv\\\/Produkts\\\/limpleve-nsb2-dark-grey-concrete1-23m\\\/\",\"name\":\"L\u012bmpl\u0113ve NSB2 Dark Grey Concrete,1.23m - WMT Baltic\",\"isPartOf\":{\"@id\":\"https:\\\/\\\/wmtbaltic.lv\\\/#website\"},\"primaryImageOfPage\":{\"@id\":\"https:\\\/\\\/wmtbaltic.lv\\\/Produkts\\\/limpleve-nsb2-dark-grey-concrete1-23m\\\/#primaryimage\"},\"image\":{\"@id\":\"https:\\\/\\\/wmtbaltic.lv\\\/Produkts\\\/limpleve-nsb2-dark-grey-concrete1-23m\\\/#primaryimage\"},\"thumbnailUrl\":\"https:\\\/\\\/wmtbaltic.lv\\\/wp-content\\\/uploads\\\/2024\\\/03\\\/NSB2-Dark-Grey-Concrete.jpg\",\"datePublished\":\"2024-03-25T11:49:59+00:00\",\"dateModified\":\"2024-04-02T08:23:55+00:00\",\"description\":\"M\u0113be\u013cu un citu virsmu imit\u0101cijas l\u012bmpl\u0113ves pal\u012bdz atjaunot virsmu un aizsarg\u0101t to no skrap\u0113jumiem, sniedzot re\u0101l\u0101s tekst\u016bras saj\u016btu.\",\"breadcrumb\":{\"@id\":\"https:\\\/\\\/wmtbaltic.lv\\\/Produkts\\\/limpleve-nsb2-dark-grey-concrete1-23m\\\/#breadcrumb\"},\"inLanguage\":\"en-US\",\"potentialAction\":[{\"@type\":\"ReadAction\",\"target\":[\"https:\\\/\\\/wmtbaltic.lv\\\/Produkts\\\/limpleve-nsb2-dark-grey-concrete1-23m\\\/\"]}]},{\"@type\":\"ImageObject\",\"inLanguage\":\"en-US\",\"@id\":\"https:\\\/\\\/wmtbaltic.lv\\\/Produkts\\\/limpleve-nsb2-dark-grey-concrete1-23m\\\/#primaryimage\",\"url\":\"https:\\\/\\\/wmtbaltic.lv\\\/wp-content\\\/uploads\\\/2024\\\/03\\\/NSB2-Dark-Grey-Concrete.jpg\",\"contentUrl\":\"https:\\\/\\\/wmtbaltic.lv\\\/wp-content\\\/uploads\\\/2024\\\/03\\\/NSB2-Dark-Grey-Concrete.jpg\",\"width\":700,\"height\":700},{\"@type\":\"BreadcrumbList\",\"@id\":\"https:\\\/\\\/wmtbaltic.lv\\\/Produkts\\\/limpleve-nsb2-dark-grey-concrete1-23m\\\/#breadcrumb\",\"itemListElement\":[{\"@type\":\"ListItem\",\"position\":1,\"name\":\"Home\",\"item\":\"https:\\\/\\\/wmtbaltic.lv\\\/en\\\/\"},{\"@type\":\"ListItem\",\"position\":2,\"name\":\"Products\",\"item\":\"https:\\\/\\\/wmtbaltic.lv\\\/en\\\/shop\\\/\"},{\"@type\":\"ListItem\",\"position\":3,\"name\":\"L\u012bmpl\u0113ve NSB2 Dark Grey Concrete,1.23m\"}]},{\"@type\":\"WebSite\",\"@id\":\"https:\\\/\\\/wmtbaltic.lv\\\/#website\",\"url\":\"https:\\\/\\\/wmtbaltic.lv\\\/\",\"name\":\"WMT Baltic\",\"description\":\"Rekl\u0101mas produkti, pl\u0113ves\",\"publisher\":{\"@id\":\"https:\\\/\\\/wmtbaltic.lv\\\/#organization\"},\"potentialAction\":[{\"@type\":\"SearchAction\",\"target\":{\"@type\":\"EntryPoint\",\"urlTemplate\":\"https:\\\/\\\/wmtbaltic.lv\\\/?s={search_term_string}\"},\"query-input\":{\"@type\":\"PropertyValueSpecification\",\"valueRequired\":true,\"valueName\":\"search_term_string\"}}],\"inLanguage\":\"en-US\"},{\"@type\":\"Organization\",\"@id\":\"https:\\\/\\\/wmtbaltic.lv\\\/#organization\",\"name\":\"WMT Baltic\",\"url\":\"https:\\\/\\\/wmtbaltic.lv\\\/\",\"logo\":{\"@type\":\"ImageObject\",\"inLanguage\":\"en-US\",\"@id\":\"https:\\\/\\\/wmtbaltic.lv\\\/#\\\/schema\\\/logo\\\/image\\\/\",\"url\":\"https:\\\/\\\/wmtbaltic.lv\\\/wp-content\\\/uploads\\\/2024\\\/12\\\/wmt-baltic-sia_107142_9_420x180.jpg\",\"contentUrl\":\"https:\\\/\\\/wmtbaltic.lv\\\/wp-content\\\/uploads\\\/2024\\\/12\\\/wmt-baltic-sia_107142_9_420x180.jpg\",\"width\":420,\"height\":180,\"caption\":\"WMT Baltic\"},\"image\":{\"@id\":\"https:\\\/\\\/wmtbaltic.lv\\\/#\\\/schema\\\/logo\\\/image\\\/\"},\"sameAs\":[\"https:\\\/\\\/www.facebook.com\\\/WMT.Baltic.viscom\\\/?locale=lv_LV\",\"https:\\\/\\\/www.instagram.com\\\/viscom_wmt\\\/\"]}]}<\/script>\n<!-- \/ Yoast SEO plugin. -->","yoast_head_json":{"title":"L\u012bmpl\u0113ve NSB2 Dark Grey Concrete,1.23m - WMT Baltic","description":"M\u0113be\u013cu un citu virsmu imit\u0101cijas l\u012bmpl\u0113ves pal\u012bdz atjaunot virsmu un aizsarg\u0101t to no skrap\u0113jumiem, sniedzot re\u0101l\u0101s tekst\u016bras saj\u016btu.","robots":{"index":"index","follow":"follow","max-snippet":"max-snippet:-1","max-image-preview":"max-image-preview:large","max-video-preview":"max-video-preview:-1"},"canonical":"https:\/\/wmtbaltic.lv\/Produkts\/limpleve-nsb2-dark-grey-concrete1-23m\/","og_locale":"en_US","og_type":"article","og_title":"L\u012bmpl\u0113ve NSB2 Dark Grey Concrete,1.23m - WMT Baltic","og_description":"M\u0113be\u013cu un citu virsmu imit\u0101cijas l\u012bmpl\u0113ves pal\u012bdz atjaunot virsmu un aizsarg\u0101t to no skrap\u0113jumiem, sniedzot re\u0101l\u0101s tekst\u016bras saj\u016btu.","og_url":"https:\/\/wmtbaltic.lv\/Produkts\/limpleve-nsb2-dark-grey-concrete1-23m\/","og_site_name":"WMT Baltic","article_publisher":"https:\/\/www.facebook.com\/WMT.Baltic.viscom\/?locale=lv_LV","article_modified_time":"2024-04-02T08:23:55+00:00","og_image":[{"width":700,"height":700,"url":"http:\/\/wmtbaltic.lv\/wp-content\/uploads\/2024\/03\/NSB2-Dark-Grey-Concrete.jpg","type":"image\/jpeg"}],"twitter_card":"summary_large_image","twitter_misc":{"Est. reading time":"1 minute"},"schema":{"@context":"https:\/\/schema.org","@graph":[{"@type":"WebPage","@id":"https:\/\/wmtbaltic.lv\/Produkts\/limpleve-nsb2-dark-grey-concrete1-23m\/","url":"https:\/\/wmtbaltic.lv\/Produkts\/limpleve-nsb2-dark-grey-concrete1-23m\/","name":"L\u012bmpl\u0113ve NSB2 Dark Grey Concrete,1.23m - WMT Baltic","isPartOf":{"@id":"https:\/\/wmtbaltic.lv\/#website"},"primaryImageOfPage":{"@id":"https:\/\/wmtbaltic.lv\/Produkts\/limpleve-nsb2-dark-grey-concrete1-23m\/#primaryimage"},"image":{"@id":"https:\/\/wmtbaltic.lv\/Produkts\/limpleve-nsb2-dark-grey-concrete1-23m\/#primaryimage"},"thumbnailUrl":"https:\/\/wmtbaltic.lv\/wp-content\/uploads\/2024\/03\/NSB2-Dark-Grey-Concrete.jpg","datePublished":"2024-03-25T11:49:59+00:00","dateModified":"2024-04-02T08:23:55+00:00","description":"M\u0113be\u013cu un citu virsmu imit\u0101cijas l\u012bmpl\u0113ves pal\u012bdz atjaunot virsmu un aizsarg\u0101t to no skrap\u0113jumiem, sniedzot re\u0101l\u0101s tekst\u016bras saj\u016btu.","breadcrumb":{"@id":"https:\/\/wmtbaltic.lv\/Produkts\/limpleve-nsb2-dark-grey-concrete1-23m\/#breadcrumb"},"inLanguage":"en-US","potentialAction":[{"@type":"ReadAction","target":["https:\/\/wmtbaltic.lv\/Produkts\/limpleve-nsb2-dark-grey-concrete1-23m\/"]}]},{"@type":"ImageObject","inLanguage":"en-US","@id":"https:\/\/wmtbaltic.lv\/Produkts\/limpleve-nsb2-dark-grey-concrete1-23m\/#primaryimage","url":"https:\/\/wmtbaltic.lv\/wp-content\/uploads\/2024\/03\/NSB2-Dark-Grey-Concrete.jpg","contentUrl":"https:\/\/wmtbaltic.lv\/wp-content\/uploads\/2024\/03\/NSB2-Dark-Grey-Concrete.jpg","width":700,"height":700},{"@type":"BreadcrumbList","@id":"https:\/\/wmtbaltic.lv\/Produkts\/limpleve-nsb2-dark-grey-concrete1-23m\/#breadcrumb","itemListElement":[{"@type":"ListItem","position":1,"name":"Home","item":"https:\/\/wmtbaltic.lv\/en\/"},{"@type":"ListItem","position":2,"name":"Products","item":"https:\/\/wmtbaltic.lv\/en\/shop\/"},{"@type":"ListItem","position":3,"name":"L\u012bmpl\u0113ve NSB2 Dark Grey Concrete,1.23m"}]},{"@type":"WebSite","@id":"https:\/\/wmtbaltic.lv\/#website","url":"https:\/\/wmtbaltic.lv\/","name":"WMT Baltic","description":"Rekl\u0101mas produkti, pl\u0113ves","publisher":{"@id":"https:\/\/wmtbaltic.lv\/#organization"},"potentialAction":[{"@type":"SearchAction","target":{"@type":"EntryPoint","urlTemplate":"https:\/\/wmtbaltic.lv\/?s={search_term_string}"},"query-input":{"@type":"PropertyValueSpecification","valueRequired":true,"valueName":"search_term_string"}}],"inLanguage":"en-US"},{"@type":"Organization","@id":"https:\/\/wmtbaltic.lv\/#organization","name":"WMT Baltic","url":"https:\/\/wmtbaltic.lv\/","logo":{"@type":"ImageObject","inLanguage":"en-US","@id":"https:\/\/wmtbaltic.lv\/#\/schema\/logo\/image\/","url":"https:\/\/wmtbaltic.lv\/wp-content\/uploads\/2024\/12\/wmt-baltic-sia_107142_9_420x180.jpg","contentUrl":"https:\/\/wmtbaltic.lv\/wp-content\/uploads\/2024\/12\/wmt-baltic-sia_107142_9_420x180.jpg","width":420,"height":180,"caption":"WMT Baltic"},"image":{"@id":"https:\/\/wmtbaltic.lv\/#\/schema\/logo\/image\/"},"sameAs":["https:\/\/www.facebook.com\/WMT.Baltic.viscom\/?locale=lv_LV","https:\/\/www.instagram.com\/viscom_wmt\/"]}]}},"_links":{"self":[{"href":"https:\/\/wmtbaltic.lv\/en\/wp-json\/wp\/v2\/product\/16836","targetHints":{"allow":["GET"]}}],"collection":[{"href":"https:\/\/wmtbaltic.lv\/en\/wp-json\/wp\/v2\/product"}],"about":[{"href":"https:\/\/wmtbaltic.lv\/en\/wp-json\/wp\/v2\/types\/product"}],"replies":[{"embeddable":true,"href":"https:\/\/wmtbaltic.lv\/en\/wp-json\/wp\/v2\/comments?post=16836"}],"wp:featuredmedia":[{"embeddable":true,"href":"https:\/\/wmtbaltic.lv\/en\/wp-json\/wp\/v2\/media\/16837"}],"wp:attachment":[{"href":"https:\/\/wmtbaltic.lv\/en\/wp-json\/wp\/v2\/media?parent=16836"}],"wp:term":[{"taxonomy":"product_brand","embeddable":true,"href":"https:\/\/wmtbaltic.lv\/en\/wp-json\/wp\/v2\/product_brand?post=16836"},{"taxonomy":"product_cat","embeddable":true,"href":"https:\/\/wmtbaltic.lv\/en\/wp-json\/wp\/v2\/product_cat?post=16836"},{"taxonomy":"product_tag","embeddable":true,"href":"https:\/\/wmtbaltic.lv\/en\/wp-json\/wp\/v2\/product_tag?post=16836"}],"curies":[{"name":"wp","href":"https:\/\/api.w.org\/{rel}","templated":true}]}}