{"id":16652,"date":"2024-03-11T09:13:26","date_gmt":"2024-03-11T09:13:26","guid":{"rendered":"https:\/\/wmtbaltic.lv\/?post_type=product&#038;p=16652"},"modified":"2024-03-11T09:25:24","modified_gmt":"2024-03-11T09:25:24","slug":"informacijas-stends-ar-magnetisko-kabatu-a4","status":"publish","type":"product","link":"https:\/\/wmtbaltic.lv\/en\/product\/informacijas-stends-ar-magnetisko-kabatu-a4\/","title":{"rendered":"Inform\u0101cijas stends ar magn\u0113tisko kabatu A4"},"content":{"rendered":"<p><span class=\"HwtZe\" lang=\"lv\"><span class=\"jCAhz ChMk0b\"><span class=\"ryNqvb\">Ekskluz\u012bvs A4 inform\u0101cijas stends <\/span><\/span><\/span><span class=\"HwtZe\" lang=\"lv\"><span class=\"jCAhz ChMk0b\"><span class=\"ryNqvb\">ar magn\u0113tisko kabatu :<\/span><\/span> <\/span><\/p>\n<p><span class=\"HwtZe\" lang=\"lv\"><span class=\"jCAhz ChMk0b\"><span class=\"ryNqvb\">\u0100<\/span><\/span><\/span><span class=\"HwtZe\" lang=\"lv\"><span class=\"jCAhz ChMk0b\"><span class=\"ryNqvb\">tra un vienk\u0101r\u0161a infom\u0101cijas mai\u0146a no aizmugures ar magn\u0113tisku kabatu<\/span><\/span><\/span><\/p>\n<p><span class=\"HwtZe\" lang=\"lv\"><span class=\"jCAhz ChMk0b\"><span class=\"ryNqvb\">Pl\u0101nas plakanas fas\u0101des kolonnas dizains ar le\u0146\u0137a tur\u0113t\u0101ju<\/span><\/span><\/span><\/p>\n<p><span class=\"HwtZe\" lang=\"lv\"> P<span class=\"jCAhz ChMk0b\"><span class=\"ryNqvb\">iem\u0113rots lieto\u0161anai iek\u0161telp\u0101s<\/span><\/span><\/span><\/p>\n<p><span class=\"HwtZe\" lang=\"lv\"><span class=\"jCAhz ChMk0b\"><span class=\"ryNqvb\">svars (kg) 5,7<\/span><\/span><\/span><\/p>\n<p><span class=\"HwtZe\" lang=\"lv\"> <span class=\"jCAhz ChMk0b\"><span class=\"ryNqvb\">platums (mm) 218<\/span><\/span> <\/span><\/p>\n<p><span class=\"HwtZe\" lang=\"lv\"><span class=\"jCAhz ChMk0b\"><span class=\"ryNqvb\">dzi\u013cums (mm) 218<\/span><\/span> <\/span><\/p>\n<p><span class=\"HwtZe\" lang=\"lv\"><span class=\"jCAhz ChMk0b\"><span class=\"ryNqvb\">augstums (mm) 1152<\/span><\/span><\/span><\/p>\n<p><a href=\"http:\/\/wmtbaltic.lv\/wp-content\/uploads\/2024\/03\/Informacijas-stends.pdf\">Tehnisk\u0101 inform\u0101cija<\/a><\/p>\n<p><span style=\"color: #ff0000;\"><em>*p\u0113c pas\u016bt\u012bjuma<\/em><\/span><\/p>\n","protected":false},"excerpt":{"rendered":"Ekskluz\u012bvs A4 inform\u0101cijas stends ar magn\u0113tisko kabatu : \u0100tra un vienk\u0101r\u0161a infom\u0101cijas mai\u0146a no aizmugures ar magn\u0113tisku kabatu Pl\u0101nas plakanas fas\u0101des kolonnas dizains ar le\u0146\u0137a tur\u0113t\u0101ju Piem\u0113rots lieto\u0161anai iek\u0161telp\u0101s svars (kg) 5,7 platums (mm) 218 dzi\u013cums (mm) 218 augstums (mm) 1152 Tehnisk\u0101 inform\u0101cija *p\u0113c pas\u016bt\u012bjuma","protected":false},"featured_media":16655,"template":"","meta":[],"product_brand":[],"product_cat":[63,64],"product_tag":[1347,1476,614],"class_list":{"0":"post-16652","1":"product","2":"type-product","3":"status-publish","4":"has-post-thumbnail","6":"product_cat-konstrukcijas-reklamas-izvietosanai","7":"product_cat-stendi-roll-up-baneru-sistemas","8":"product_tag-a4","9":"product_tag-informacijas","10":"product_tag-stends","12":"first","13":"onbackorder","14":"shipping-taxable","15":"product-type-simple"},"yoast_head":"<!-- This site is optimized with the Yoast SEO plugin v27.4 - https:\/\/yoast.com\/product\/yoast-seo-wordpress\/ -->\n<title>Inform\u0101cijas stends ar magn\u0113tisko kabatu A4 - WMT Baltic<\/title>\n<meta name=\"robots\" content=\"index, follow, max-snippet:-1, max-image-preview:large, max-video-preview:-1\" \/>\n<link rel=\"canonical\" href=\"https:\/\/wmtbaltic.lv\/Produkts\/informacijas-stends-ar-magnetisko-kabatu-a4\/\" \/>\n<meta property=\"og:locale\" content=\"en_US\" \/>\n<meta property=\"og:type\" content=\"article\" \/>\n<meta property=\"og:title\" content=\"Inform\u0101cijas stends ar magn\u0113tisko kabatu A4 - WMT Baltic\" \/>\n<meta property=\"og:url\" content=\"https:\/\/wmtbaltic.lv\/Produkts\/informacijas-stends-ar-magnetisko-kabatu-a4\/\" \/>\n<meta property=\"og:site_name\" content=\"WMT Baltic\" \/>\n<meta property=\"article:publisher\" content=\"https:\/\/www.facebook.com\/WMT.Baltic.viscom\/?locale=lv_LV\" \/>\n<meta property=\"article:modified_time\" content=\"2024-03-11T09:25:24+00:00\" \/>\n<meta property=\"og:image\" content=\"http:\/\/wmtbaltic.lv\/wp-content\/uploads\/2024\/03\/informacijas-_stends_wmtbaltic.jpg\" \/>\n\t<meta property=\"og:image:width\" content=\"1000\" \/>\n\t<meta property=\"og:image:height\" content=\"1000\" \/>\n\t<meta property=\"og:image:type\" content=\"image\/jpeg\" \/>\n<meta name=\"twitter:card\" content=\"summary_large_image\" \/>\n<meta name=\"twitter:label1\" content=\"Est. reading time\" \/>\n\t<meta name=\"twitter:data1\" content=\"1 minute\" \/>\n<script type=\"application\/ld+json\" class=\"yoast-schema-graph\">{\"@context\":\"https:\\\/\\\/schema.org\",\"@graph\":[{\"@type\":\"WebPage\",\"@id\":\"https:\\\/\\\/wmtbaltic.lv\\\/Produkts\\\/informacijas-stends-ar-magnetisko-kabatu-a4\\\/\",\"url\":\"https:\\\/\\\/wmtbaltic.lv\\\/Produkts\\\/informacijas-stends-ar-magnetisko-kabatu-a4\\\/\",\"name\":\"Inform\u0101cijas stends ar magn\u0113tisko kabatu A4 - WMT Baltic\",\"isPartOf\":{\"@id\":\"https:\\\/\\\/wmtbaltic.lv\\\/#website\"},\"primaryImageOfPage\":{\"@id\":\"https:\\\/\\\/wmtbaltic.lv\\\/Produkts\\\/informacijas-stends-ar-magnetisko-kabatu-a4\\\/#primaryimage\"},\"image\":{\"@id\":\"https:\\\/\\\/wmtbaltic.lv\\\/Produkts\\\/informacijas-stends-ar-magnetisko-kabatu-a4\\\/#primaryimage\"},\"thumbnailUrl\":\"https:\\\/\\\/wmtbaltic.lv\\\/wp-content\\\/uploads\\\/2024\\\/03\\\/informacijas-_stends_wmtbaltic.jpg\",\"datePublished\":\"2024-03-11T09:13:26+00:00\",\"dateModified\":\"2024-03-11T09:25:24+00:00\",\"breadcrumb\":{\"@id\":\"https:\\\/\\\/wmtbaltic.lv\\\/Produkts\\\/informacijas-stends-ar-magnetisko-kabatu-a4\\\/#breadcrumb\"},\"inLanguage\":\"en-US\",\"potentialAction\":[{\"@type\":\"ReadAction\",\"target\":[\"https:\\\/\\\/wmtbaltic.lv\\\/Produkts\\\/informacijas-stends-ar-magnetisko-kabatu-a4\\\/\"]}]},{\"@type\":\"ImageObject\",\"inLanguage\":\"en-US\",\"@id\":\"https:\\\/\\\/wmtbaltic.lv\\\/Produkts\\\/informacijas-stends-ar-magnetisko-kabatu-a4\\\/#primaryimage\",\"url\":\"https:\\\/\\\/wmtbaltic.lv\\\/wp-content\\\/uploads\\\/2024\\\/03\\\/informacijas-_stends_wmtbaltic.jpg\",\"contentUrl\":\"https:\\\/\\\/wmtbaltic.lv\\\/wp-content\\\/uploads\\\/2024\\\/03\\\/informacijas-_stends_wmtbaltic.jpg\",\"width\":1000,\"height\":1000},{\"@type\":\"BreadcrumbList\",\"@id\":\"https:\\\/\\\/wmtbaltic.lv\\\/Produkts\\\/informacijas-stends-ar-magnetisko-kabatu-a4\\\/#breadcrumb\",\"itemListElement\":[{\"@type\":\"ListItem\",\"position\":1,\"name\":\"Home\",\"item\":\"https:\\\/\\\/wmtbaltic.lv\\\/en\\\/\"},{\"@type\":\"ListItem\",\"position\":2,\"name\":\"Shop\",\"item\":\"https:\\\/\\\/wmtbaltic.lv\\\/shop\\\/\"},{\"@type\":\"ListItem\",\"position\":3,\"name\":\"Inform\u0101cijas stends ar magn\u0113tisko kabatu A4\"}]},{\"@type\":\"WebSite\",\"@id\":\"https:\\\/\\\/wmtbaltic.lv\\\/#website\",\"url\":\"https:\\\/\\\/wmtbaltic.lv\\\/\",\"name\":\"WMT Baltic\",\"description\":\"Rekl\u0101mas produkti, pl\u0113ves\",\"publisher\":{\"@id\":\"https:\\\/\\\/wmtbaltic.lv\\\/#organization\"},\"potentialAction\":[{\"@type\":\"SearchAction\",\"target\":{\"@type\":\"EntryPoint\",\"urlTemplate\":\"https:\\\/\\\/wmtbaltic.lv\\\/?s={search_term_string}\"},\"query-input\":{\"@type\":\"PropertyValueSpecification\",\"valueRequired\":true,\"valueName\":\"search_term_string\"}}],\"inLanguage\":\"en-US\"},{\"@type\":\"Organization\",\"@id\":\"https:\\\/\\\/wmtbaltic.lv\\\/#organization\",\"name\":\"WMT Baltic\",\"url\":\"https:\\\/\\\/wmtbaltic.lv\\\/\",\"logo\":{\"@type\":\"ImageObject\",\"inLanguage\":\"en-US\",\"@id\":\"https:\\\/\\\/wmtbaltic.lv\\\/#\\\/schema\\\/logo\\\/image\\\/\",\"url\":\"https:\\\/\\\/wmtbaltic.lv\\\/wp-content\\\/uploads\\\/2024\\\/12\\\/wmt-baltic-sia_107142_9_420x180.jpg\",\"contentUrl\":\"https:\\\/\\\/wmtbaltic.lv\\\/wp-content\\\/uploads\\\/2024\\\/12\\\/wmt-baltic-sia_107142_9_420x180.jpg\",\"width\":420,\"height\":180,\"caption\":\"WMT Baltic\"},\"image\":{\"@id\":\"https:\\\/\\\/wmtbaltic.lv\\\/#\\\/schema\\\/logo\\\/image\\\/\"},\"sameAs\":[\"https:\\\/\\\/www.facebook.com\\\/WMT.Baltic.viscom\\\/?locale=lv_LV\",\"https:\\\/\\\/www.instagram.com\\\/viscom_wmt\\\/\"]}]}<\/script>\n<!-- \/ Yoast SEO plugin. -->","yoast_head_json":{"title":"Inform\u0101cijas stends ar magn\u0113tisko kabatu A4 - WMT Baltic","robots":{"index":"index","follow":"follow","max-snippet":"max-snippet:-1","max-image-preview":"max-image-preview:large","max-video-preview":"max-video-preview:-1"},"canonical":"https:\/\/wmtbaltic.lv\/Produkts\/informacijas-stends-ar-magnetisko-kabatu-a4\/","og_locale":"en_US","og_type":"article","og_title":"Inform\u0101cijas stends ar magn\u0113tisko kabatu A4 - WMT Baltic","og_url":"https:\/\/wmtbaltic.lv\/Produkts\/informacijas-stends-ar-magnetisko-kabatu-a4\/","og_site_name":"WMT Baltic","article_publisher":"https:\/\/www.facebook.com\/WMT.Baltic.viscom\/?locale=lv_LV","article_modified_time":"2024-03-11T09:25:24+00:00","og_image":[{"width":1000,"height":1000,"url":"http:\/\/wmtbaltic.lv\/wp-content\/uploads\/2024\/03\/informacijas-_stends_wmtbaltic.jpg","type":"image\/jpeg"}],"twitter_card":"summary_large_image","twitter_misc":{"Est. reading time":"1 minute"},"schema":{"@context":"https:\/\/schema.org","@graph":[{"@type":"WebPage","@id":"https:\/\/wmtbaltic.lv\/Produkts\/informacijas-stends-ar-magnetisko-kabatu-a4\/","url":"https:\/\/wmtbaltic.lv\/Produkts\/informacijas-stends-ar-magnetisko-kabatu-a4\/","name":"Inform\u0101cijas stends ar magn\u0113tisko kabatu A4 - WMT Baltic","isPartOf":{"@id":"https:\/\/wmtbaltic.lv\/#website"},"primaryImageOfPage":{"@id":"https:\/\/wmtbaltic.lv\/Produkts\/informacijas-stends-ar-magnetisko-kabatu-a4\/#primaryimage"},"image":{"@id":"https:\/\/wmtbaltic.lv\/Produkts\/informacijas-stends-ar-magnetisko-kabatu-a4\/#primaryimage"},"thumbnailUrl":"https:\/\/wmtbaltic.lv\/wp-content\/uploads\/2024\/03\/informacijas-_stends_wmtbaltic.jpg","datePublished":"2024-03-11T09:13:26+00:00","dateModified":"2024-03-11T09:25:24+00:00","breadcrumb":{"@id":"https:\/\/wmtbaltic.lv\/Produkts\/informacijas-stends-ar-magnetisko-kabatu-a4\/#breadcrumb"},"inLanguage":"en-US","potentialAction":[{"@type":"ReadAction","target":["https:\/\/wmtbaltic.lv\/Produkts\/informacijas-stends-ar-magnetisko-kabatu-a4\/"]}]},{"@type":"ImageObject","inLanguage":"en-US","@id":"https:\/\/wmtbaltic.lv\/Produkts\/informacijas-stends-ar-magnetisko-kabatu-a4\/#primaryimage","url":"https:\/\/wmtbaltic.lv\/wp-content\/uploads\/2024\/03\/informacijas-_stends_wmtbaltic.jpg","contentUrl":"https:\/\/wmtbaltic.lv\/wp-content\/uploads\/2024\/03\/informacijas-_stends_wmtbaltic.jpg","width":1000,"height":1000},{"@type":"BreadcrumbList","@id":"https:\/\/wmtbaltic.lv\/Produkts\/informacijas-stends-ar-magnetisko-kabatu-a4\/#breadcrumb","itemListElement":[{"@type":"ListItem","position":1,"name":"Home","item":"https:\/\/wmtbaltic.lv\/en\/"},{"@type":"ListItem","position":2,"name":"Shop","item":"https:\/\/wmtbaltic.lv\/shop\/"},{"@type":"ListItem","position":3,"name":"Inform\u0101cijas stends ar magn\u0113tisko kabatu A4"}]},{"@type":"WebSite","@id":"https:\/\/wmtbaltic.lv\/#website","url":"https:\/\/wmtbaltic.lv\/","name":"WMT Baltic","description":"Rekl\u0101mas produkti, pl\u0113ves","publisher":{"@id":"https:\/\/wmtbaltic.lv\/#organization"},"potentialAction":[{"@type":"SearchAction","target":{"@type":"EntryPoint","urlTemplate":"https:\/\/wmtbaltic.lv\/?s={search_term_string}"},"query-input":{"@type":"PropertyValueSpecification","valueRequired":true,"valueName":"search_term_string"}}],"inLanguage":"en-US"},{"@type":"Organization","@id":"https:\/\/wmtbaltic.lv\/#organization","name":"WMT Baltic","url":"https:\/\/wmtbaltic.lv\/","logo":{"@type":"ImageObject","inLanguage":"en-US","@id":"https:\/\/wmtbaltic.lv\/#\/schema\/logo\/image\/","url":"https:\/\/wmtbaltic.lv\/wp-content\/uploads\/2024\/12\/wmt-baltic-sia_107142_9_420x180.jpg","contentUrl":"https:\/\/wmtbaltic.lv\/wp-content\/uploads\/2024\/12\/wmt-baltic-sia_107142_9_420x180.jpg","width":420,"height":180,"caption":"WMT Baltic"},"image":{"@id":"https:\/\/wmtbaltic.lv\/#\/schema\/logo\/image\/"},"sameAs":["https:\/\/www.facebook.com\/WMT.Baltic.viscom\/?locale=lv_LV","https:\/\/www.instagram.com\/viscom_wmt\/"]}]}},"_links":{"self":[{"href":"https:\/\/wmtbaltic.lv\/en\/wp-json\/wp\/v2\/product\/16652","targetHints":{"allow":["GET"]}}],"collection":[{"href":"https:\/\/wmtbaltic.lv\/en\/wp-json\/wp\/v2\/product"}],"about":[{"href":"https:\/\/wmtbaltic.lv\/en\/wp-json\/wp\/v2\/types\/product"}],"wp:featuredmedia":[{"embeddable":true,"href":"https:\/\/wmtbaltic.lv\/en\/wp-json\/wp\/v2\/media\/16655"}],"wp:attachment":[{"href":"https:\/\/wmtbaltic.lv\/en\/wp-json\/wp\/v2\/media?parent=16652"}],"wp:term":[{"taxonomy":"product_brand","embeddable":true,"href":"https:\/\/wmtbaltic.lv\/en\/wp-json\/wp\/v2\/product_brand?post=16652"},{"taxonomy":"product_cat","embeddable":true,"href":"https:\/\/wmtbaltic.lv\/en\/wp-json\/wp\/v2\/product_cat?post=16652"},{"taxonomy":"product_tag","embeddable":true,"href":"https:\/\/wmtbaltic.lv\/en\/wp-json\/wp\/v2\/product_tag?post=16652"}],"curies":[{"name":"wp","href":"https:\/\/api.w.org\/{rel}","templated":true}]}}