{"id":16632,"date":"2024-03-08T08:42:15","date_gmt":"2024-03-08T08:42:15","guid":{"rendered":"https:\/\/wmtbaltic.lv\/?post_type=product&#038;p=16632"},"modified":"2024-03-08T08:42:18","modified_gmt":"2024-03-08T08:42:18","slug":"laminators-bls-professional-2","status":"publish","type":"product","link":"https:\/\/wmtbaltic.lv\/en\/product\/laminators-bls-professional-2\/","title":{"rendered":"LAMINATORS BLS-PROFESSIONAL"},"content":{"rendered":"<p class=\"western\"><span style=\"color: #000000;\"><span style=\"font-family: Arial, sans-serif;\"><span lang=\"lv-LV\">Laminators\u00a0profesion\u0101lai lieto\u0161anai un \u0101trai lamin\u0113\u0161anai,\u00a0lielam skaitam gr\u0101mat\u0101m.\u00a0Integr\u0113ta skala gr\u0101matas izm\u0113ru m\u0113r\u012b\u0161anai, viegla lamin\u0101cijas pl\u0113vju padeve un augsti efekt\u012bva mont\u0101\u017eas ier\u012bce. <\/span><\/span><\/span><\/p>\n<p class=\"western\" lang=\"lv-LV\"><span style=\"color: #000000;\"><span style=\"font-family: Arial, sans-serif;\">\u0160\u012b ir efekt\u012bva un operat\u012bva sist\u0113ma, ka ar\u012b laba laika ekonomija.<\/span><\/span><\/p>\n<p lang=\"lv-LV\">\n","protected":false},"excerpt":{"rendered":"Laminators\u00a0profesion\u0101lai lieto\u0161anai un \u0101trai lamin\u0113\u0161anai,\u00a0lielam skaitam gr\u0101mat\u0101m.\u00a0Integr\u0113ta skala gr\u0101matas izm\u0113ru m\u0113r\u012b\u0161anai, viegla lamin\u0101cijas pl\u0113vju padeve un augsti efekt\u012bva mont\u0101\u017eas ier\u012bce. \u0160\u012b ir efekt\u012bva un operat\u012bva sist\u0113ma, ka ar\u012b laba laika ekonomija.","protected":false},"featured_media":16633,"template":"","meta":[],"product_brand":[],"product_cat":[1450],"product_tag":[729,1471,1452,1451],"class_list":{"0":"post-16632","1":"product","2":"type-product","3":"status-publish","4":"has-post-thumbnail","6":"product_cat-gramatu-un-dokumentu-restauracijas-materiali","7":"product_tag-iekartas","8":"product_tag-laminators","9":"product_tag-materiali","10":"product_tag-restauracijas","12":"first","13":"instock","14":"shipping-taxable","15":"product-type-simple"},"yoast_head":"<!-- This site is optimized with the Yoast SEO plugin v27.4 - https:\/\/yoast.com\/product\/yoast-seo-wordpress\/ -->\n<title>LAMINATORS BLS-PROFESSIONAL - WMT Baltic<\/title>\n<meta name=\"description\" content=\"Laminators\u00a0profesion\u0101lai lieto\u0161anai un \u0101trai lamin\u0113\u0161anai,\u00a0lielam skaitam gr\u0101mat\u0101m.\" \/>\n<meta name=\"robots\" content=\"index, follow, max-snippet:-1, max-image-preview:large, max-video-preview:-1\" \/>\n<link rel=\"canonical\" href=\"https:\/\/wmtbaltic.lv\/Produkts\/laminators-bls-professional-2\/\" \/>\n<meta property=\"og:locale\" content=\"en_US\" \/>\n<meta property=\"og:type\" content=\"article\" \/>\n<meta property=\"og:title\" content=\"LAMINATORS BLS-PROFESSIONAL - WMT Baltic\" \/>\n<meta property=\"og:description\" content=\"Laminators\u00a0profesion\u0101lai lieto\u0161anai un \u0101trai lamin\u0113\u0161anai,\u00a0lielam skaitam gr\u0101mat\u0101m.\" \/>\n<meta property=\"og:url\" content=\"https:\/\/wmtbaltic.lv\/Produkts\/laminators-bls-professional-2\/\" \/>\n<meta property=\"og:site_name\" content=\"WMT Baltic\" \/>\n<meta property=\"article:publisher\" content=\"https:\/\/www.facebook.com\/WMT.Baltic.viscom\/?locale=lv_LV\" \/>\n<meta property=\"article:modified_time\" content=\"2024-03-08T08:42:18+00:00\" \/>\n<meta property=\"og:image\" content=\"http:\/\/wmtbaltic.lv\/wp-content\/uploads\/2024\/03\/wmtbaltic_laminators_Nesch_407.png\" \/>\n\t<meta property=\"og:image:width\" content=\"532\" \/>\n\t<meta property=\"og:image:height\" content=\"480\" \/>\n\t<meta property=\"og:image:type\" content=\"image\/png\" \/>\n<meta name=\"twitter:card\" content=\"summary_large_image\" \/>\n<meta name=\"twitter:label1\" content=\"Est. reading time\" \/>\n\t<meta name=\"twitter:data1\" content=\"1 minute\" \/>\n<script type=\"application\/ld+json\" class=\"yoast-schema-graph\">{\"@context\":\"https:\\\/\\\/schema.org\",\"@graph\":[{\"@type\":\"WebPage\",\"@id\":\"https:\\\/\\\/wmtbaltic.lv\\\/Produkts\\\/laminators-bls-professional-2\\\/\",\"url\":\"https:\\\/\\\/wmtbaltic.lv\\\/Produkts\\\/laminators-bls-professional-2\\\/\",\"name\":\"LAMINATORS BLS-PROFESSIONAL - WMT Baltic\",\"isPartOf\":{\"@id\":\"https:\\\/\\\/wmtbaltic.lv\\\/#website\"},\"primaryImageOfPage\":{\"@id\":\"https:\\\/\\\/wmtbaltic.lv\\\/Produkts\\\/laminators-bls-professional-2\\\/#primaryimage\"},\"image\":{\"@id\":\"https:\\\/\\\/wmtbaltic.lv\\\/Produkts\\\/laminators-bls-professional-2\\\/#primaryimage\"},\"thumbnailUrl\":\"https:\\\/\\\/wmtbaltic.lv\\\/wp-content\\\/uploads\\\/2024\\\/03\\\/wmtbaltic_laminators_Nesch_407.png\",\"datePublished\":\"2024-03-08T08:42:15+00:00\",\"dateModified\":\"2024-03-08T08:42:18+00:00\",\"description\":\"Laminators\u00a0profesion\u0101lai lieto\u0161anai un \u0101trai lamin\u0113\u0161anai,\u00a0lielam skaitam gr\u0101mat\u0101m.\",\"breadcrumb\":{\"@id\":\"https:\\\/\\\/wmtbaltic.lv\\\/Produkts\\\/laminators-bls-professional-2\\\/#breadcrumb\"},\"inLanguage\":\"en-US\",\"potentialAction\":[{\"@type\":\"ReadAction\",\"target\":[\"https:\\\/\\\/wmtbaltic.lv\\\/Produkts\\\/laminators-bls-professional-2\\\/\"]}]},{\"@type\":\"ImageObject\",\"inLanguage\":\"en-US\",\"@id\":\"https:\\\/\\\/wmtbaltic.lv\\\/Produkts\\\/laminators-bls-professional-2\\\/#primaryimage\",\"url\":\"https:\\\/\\\/wmtbaltic.lv\\\/wp-content\\\/uploads\\\/2024\\\/03\\\/wmtbaltic_laminators_Nesch_407.png\",\"contentUrl\":\"https:\\\/\\\/wmtbaltic.lv\\\/wp-content\\\/uploads\\\/2024\\\/03\\\/wmtbaltic_laminators_Nesch_407.png\",\"width\":532,\"height\":480},{\"@type\":\"BreadcrumbList\",\"@id\":\"https:\\\/\\\/wmtbaltic.lv\\\/Produkts\\\/laminators-bls-professional-2\\\/#breadcrumb\",\"itemListElement\":[{\"@type\":\"ListItem\",\"position\":1,\"name\":\"Home\",\"item\":\"https:\\\/\\\/wmtbaltic.lv\\\/en\\\/\"},{\"@type\":\"ListItem\",\"position\":2,\"name\":\"Shop\",\"item\":\"https:\\\/\\\/wmtbaltic.lv\\\/shop\\\/\"},{\"@type\":\"ListItem\",\"position\":3,\"name\":\"LAMINATORS BLS-PROFESSIONAL\"}]},{\"@type\":\"WebSite\",\"@id\":\"https:\\\/\\\/wmtbaltic.lv\\\/#website\",\"url\":\"https:\\\/\\\/wmtbaltic.lv\\\/\",\"name\":\"WMT Baltic\",\"description\":\"Rekl\u0101mas produkti, pl\u0113ves\",\"publisher\":{\"@id\":\"https:\\\/\\\/wmtbaltic.lv\\\/#organization\"},\"potentialAction\":[{\"@type\":\"SearchAction\",\"target\":{\"@type\":\"EntryPoint\",\"urlTemplate\":\"https:\\\/\\\/wmtbaltic.lv\\\/?s={search_term_string}\"},\"query-input\":{\"@type\":\"PropertyValueSpecification\",\"valueRequired\":true,\"valueName\":\"search_term_string\"}}],\"inLanguage\":\"en-US\"},{\"@type\":\"Organization\",\"@id\":\"https:\\\/\\\/wmtbaltic.lv\\\/#organization\",\"name\":\"WMT Baltic\",\"url\":\"https:\\\/\\\/wmtbaltic.lv\\\/\",\"logo\":{\"@type\":\"ImageObject\",\"inLanguage\":\"en-US\",\"@id\":\"https:\\\/\\\/wmtbaltic.lv\\\/#\\\/schema\\\/logo\\\/image\\\/\",\"url\":\"https:\\\/\\\/wmtbaltic.lv\\\/wp-content\\\/uploads\\\/2024\\\/12\\\/wmt-baltic-sia_107142_9_420x180.jpg\",\"contentUrl\":\"https:\\\/\\\/wmtbaltic.lv\\\/wp-content\\\/uploads\\\/2024\\\/12\\\/wmt-baltic-sia_107142_9_420x180.jpg\",\"width\":420,\"height\":180,\"caption\":\"WMT Baltic\"},\"image\":{\"@id\":\"https:\\\/\\\/wmtbaltic.lv\\\/#\\\/schema\\\/logo\\\/image\\\/\"},\"sameAs\":[\"https:\\\/\\\/www.facebook.com\\\/WMT.Baltic.viscom\\\/?locale=lv_LV\",\"https:\\\/\\\/www.instagram.com\\\/viscom_wmt\\\/\"]}]}<\/script>\n<!-- \/ Yoast SEO plugin. -->","yoast_head_json":{"title":"LAMINATORS BLS-PROFESSIONAL - WMT Baltic","description":"Laminators\u00a0profesion\u0101lai lieto\u0161anai un \u0101trai lamin\u0113\u0161anai,\u00a0lielam skaitam gr\u0101mat\u0101m.","robots":{"index":"index","follow":"follow","max-snippet":"max-snippet:-1","max-image-preview":"max-image-preview:large","max-video-preview":"max-video-preview:-1"},"canonical":"https:\/\/wmtbaltic.lv\/Produkts\/laminators-bls-professional-2\/","og_locale":"en_US","og_type":"article","og_title":"LAMINATORS BLS-PROFESSIONAL - WMT Baltic","og_description":"Laminators\u00a0profesion\u0101lai lieto\u0161anai un \u0101trai lamin\u0113\u0161anai,\u00a0lielam skaitam gr\u0101mat\u0101m.","og_url":"https:\/\/wmtbaltic.lv\/Produkts\/laminators-bls-professional-2\/","og_site_name":"WMT Baltic","article_publisher":"https:\/\/www.facebook.com\/WMT.Baltic.viscom\/?locale=lv_LV","article_modified_time":"2024-03-08T08:42:18+00:00","og_image":[{"width":532,"height":480,"url":"http:\/\/wmtbaltic.lv\/wp-content\/uploads\/2024\/03\/wmtbaltic_laminators_Nesch_407.png","type":"image\/png"}],"twitter_card":"summary_large_image","twitter_misc":{"Est. reading time":"1 minute"},"schema":{"@context":"https:\/\/schema.org","@graph":[{"@type":"WebPage","@id":"https:\/\/wmtbaltic.lv\/Produkts\/laminators-bls-professional-2\/","url":"https:\/\/wmtbaltic.lv\/Produkts\/laminators-bls-professional-2\/","name":"LAMINATORS BLS-PROFESSIONAL - WMT Baltic","isPartOf":{"@id":"https:\/\/wmtbaltic.lv\/#website"},"primaryImageOfPage":{"@id":"https:\/\/wmtbaltic.lv\/Produkts\/laminators-bls-professional-2\/#primaryimage"},"image":{"@id":"https:\/\/wmtbaltic.lv\/Produkts\/laminators-bls-professional-2\/#primaryimage"},"thumbnailUrl":"https:\/\/wmtbaltic.lv\/wp-content\/uploads\/2024\/03\/wmtbaltic_laminators_Nesch_407.png","datePublished":"2024-03-08T08:42:15+00:00","dateModified":"2024-03-08T08:42:18+00:00","description":"Laminators\u00a0profesion\u0101lai lieto\u0161anai un \u0101trai lamin\u0113\u0161anai,\u00a0lielam skaitam gr\u0101mat\u0101m.","breadcrumb":{"@id":"https:\/\/wmtbaltic.lv\/Produkts\/laminators-bls-professional-2\/#breadcrumb"},"inLanguage":"en-US","potentialAction":[{"@type":"ReadAction","target":["https:\/\/wmtbaltic.lv\/Produkts\/laminators-bls-professional-2\/"]}]},{"@type":"ImageObject","inLanguage":"en-US","@id":"https:\/\/wmtbaltic.lv\/Produkts\/laminators-bls-professional-2\/#primaryimage","url":"https:\/\/wmtbaltic.lv\/wp-content\/uploads\/2024\/03\/wmtbaltic_laminators_Nesch_407.png","contentUrl":"https:\/\/wmtbaltic.lv\/wp-content\/uploads\/2024\/03\/wmtbaltic_laminators_Nesch_407.png","width":532,"height":480},{"@type":"BreadcrumbList","@id":"https:\/\/wmtbaltic.lv\/Produkts\/laminators-bls-professional-2\/#breadcrumb","itemListElement":[{"@type":"ListItem","position":1,"name":"Home","item":"https:\/\/wmtbaltic.lv\/en\/"},{"@type":"ListItem","position":2,"name":"Shop","item":"https:\/\/wmtbaltic.lv\/shop\/"},{"@type":"ListItem","position":3,"name":"LAMINATORS BLS-PROFESSIONAL"}]},{"@type":"WebSite","@id":"https:\/\/wmtbaltic.lv\/#website","url":"https:\/\/wmtbaltic.lv\/","name":"WMT Baltic","description":"Rekl\u0101mas produkti, pl\u0113ves","publisher":{"@id":"https:\/\/wmtbaltic.lv\/#organization"},"potentialAction":[{"@type":"SearchAction","target":{"@type":"EntryPoint","urlTemplate":"https:\/\/wmtbaltic.lv\/?s={search_term_string}"},"query-input":{"@type":"PropertyValueSpecification","valueRequired":true,"valueName":"search_term_string"}}],"inLanguage":"en-US"},{"@type":"Organization","@id":"https:\/\/wmtbaltic.lv\/#organization","name":"WMT Baltic","url":"https:\/\/wmtbaltic.lv\/","logo":{"@type":"ImageObject","inLanguage":"en-US","@id":"https:\/\/wmtbaltic.lv\/#\/schema\/logo\/image\/","url":"https:\/\/wmtbaltic.lv\/wp-content\/uploads\/2024\/12\/wmt-baltic-sia_107142_9_420x180.jpg","contentUrl":"https:\/\/wmtbaltic.lv\/wp-content\/uploads\/2024\/12\/wmt-baltic-sia_107142_9_420x180.jpg","width":420,"height":180,"caption":"WMT Baltic"},"image":{"@id":"https:\/\/wmtbaltic.lv\/#\/schema\/logo\/image\/"},"sameAs":["https:\/\/www.facebook.com\/WMT.Baltic.viscom\/?locale=lv_LV","https:\/\/www.instagram.com\/viscom_wmt\/"]}]}},"_links":{"self":[{"href":"https:\/\/wmtbaltic.lv\/en\/wp-json\/wp\/v2\/product\/16632","targetHints":{"allow":["GET"]}}],"collection":[{"href":"https:\/\/wmtbaltic.lv\/en\/wp-json\/wp\/v2\/product"}],"about":[{"href":"https:\/\/wmtbaltic.lv\/en\/wp-json\/wp\/v2\/types\/product"}],"wp:featuredmedia":[{"embeddable":true,"href":"https:\/\/wmtbaltic.lv\/en\/wp-json\/wp\/v2\/media\/16633"}],"wp:attachment":[{"href":"https:\/\/wmtbaltic.lv\/en\/wp-json\/wp\/v2\/media?parent=16632"}],"wp:term":[{"taxonomy":"product_brand","embeddable":true,"href":"https:\/\/wmtbaltic.lv\/en\/wp-json\/wp\/v2\/product_brand?post=16632"},{"taxonomy":"product_cat","embeddable":true,"href":"https:\/\/wmtbaltic.lv\/en\/wp-json\/wp\/v2\/product_cat?post=16632"},{"taxonomy":"product_tag","embeddable":true,"href":"https:\/\/wmtbaltic.lv\/en\/wp-json\/wp\/v2\/product_tag?post=16632"}],"curies":[{"name":"wp","href":"https:\/\/api.w.org\/{rel}","templated":true}]}}