{"id":16621,"date":"2024-03-08T07:25:35","date_gmt":"2024-03-08T07:25:35","guid":{"rendered":"https:\/\/wmtbaltic.lv\/?post_type=product&#038;p=16621"},"modified":"2024-03-08T07:25:38","modified_gmt":"2024-03-08T07:25:38","slug":"gludeklitis-rt","status":"publish","type":"product","link":"https:\/\/wmtbaltic.lv\/en\/product\/gludeklitis-rt\/","title":{"rendered":"GLUDEKLITIS RT"},"content":{"rendered":"<p class=\"western\" align=\"JUSTIFY\"><span style=\"font-family: Arial, sans-serif;\"><span lang=\"lv-LV\">Piem\u0113rots<\/span><\/span><span style=\"font-family: Arial, sans-serif;\"><span lang=\"lv-LV\"> FILMOPLAST R <\/span><\/span><span style=\"font-family: Arial, sans-serif;\"><span lang=\"lv-LV\">mazo<\/span><\/span> <span style=\"font-family: Arial, sans-serif;\"><span lang=\"lv-LV\">ru\u013c\u013cu<\/span><\/span><span style=\"font-family: Arial, sans-serif;\"><span lang=\"lv-LV\"> ap<\/span><\/span><span style=\"font-family: Arial, sans-serif;\"><span lang=\"lv-LV\">str\u0101dei<\/span><\/span><span style=\"font-family: Arial, sans-serif;\"><span lang=\"lv-LV\">, <\/span><\/span><span style=\"font-family: Arial, sans-serif;\"><span lang=\"lv-LV\">izmanto pl\u012bsumu<\/span><\/span><span style=\"font-family: Arial, sans-serif;\"><span lang=\"lv-LV\"> labo\u0161anai. <\/span><\/span><span style=\"font-family: Arial, sans-serif;\"><span lang=\"lv-LV\">Temperat\u016bra<\/span><\/span><span style=\"font-family: Arial, sans-serif;\"><span lang=\"lv-LV\"> regul\u0113jama <\/span><\/span><span style=\"font-family: Arial, sans-serif;\"><span lang=\"lv-LV\">l\u012bdz<\/span><\/span> <span style=\"font-family: Arial, sans-serif;\"><span lang=\"lv-LV\">220\u00b0<\/span><\/span> <span style=\"font-family: Arial, sans-serif;\"><span lang=\"lv-LV\">C.<\/span><\/span><\/p>\n","protected":false},"excerpt":{"rendered":"Piem\u0113rots FILMOPLAST R mazo ru\u013c\u013cu apstr\u0101dei, izmanto pl\u012bsumu labo\u0161anai. Temperat\u016bra regul\u0113jama l\u012bdz 220\u00b0 C.","protected":false},"featured_media":16622,"comment_status":"closed","ping_status":"closed","template":"","meta":[],"product_brand":[],"product_cat":[1450],"product_tag":[1455,1456,729,1451],"class_list":{"0":"post-16621","1":"product","2":"type-product","3":"status-publish","4":"has-post-thumbnail","6":"product_cat-gramatu-un-dokumentu-restauracijas-materiali","7":"product_tag-dokumentu","8":"product_tag-gramatu","9":"product_tag-iekartas","10":"product_tag-restauracijas","12":"first","13":"instock","14":"shipping-taxable","15":"product-type-simple"},"yoast_head":"<!-- This site is optimized with the Yoast SEO plugin v27.4 - https:\/\/yoast.com\/product\/yoast-seo-wordpress\/ -->\n<title>GLUDEKLITIS RT - WMT Baltic<\/title>\n<meta name=\"description\" content=\"Piem\u0113rots FILMOPLAST R mazo ru\u013c\u013cu apstr\u0101dei, izmanto pl\u012bsumu labo\u0161anai. Temperat\u016bra regul\u0113jama l\u012bdz 220\u00b0 C.\" \/>\n<meta name=\"robots\" content=\"index, follow, max-snippet:-1, max-image-preview:large, max-video-preview:-1\" \/>\n<link rel=\"canonical\" href=\"https:\/\/wmtbaltic.lv\/Produkts\/gludeklitis-rt\/\" \/>\n<meta property=\"og:locale\" content=\"en_US\" \/>\n<meta property=\"og:type\" content=\"article\" \/>\n<meta property=\"og:title\" content=\"GLUDEKLITIS RT - WMT Baltic\" \/>\n<meta property=\"og:description\" content=\"Piem\u0113rots FILMOPLAST R mazo ru\u013c\u013cu apstr\u0101dei, izmanto pl\u012bsumu labo\u0161anai. Temperat\u016bra regul\u0113jama l\u012bdz 220\u00b0 C.\" \/>\n<meta property=\"og:url\" content=\"https:\/\/wmtbaltic.lv\/Produkts\/gludeklitis-rt\/\" \/>\n<meta property=\"og:site_name\" content=\"WMT Baltic\" \/>\n<meta property=\"article:publisher\" content=\"https:\/\/www.facebook.com\/WMT.Baltic.viscom\/?locale=lv_LV\" \/>\n<meta property=\"article:modified_time\" content=\"2024-03-08T07:25:38+00:00\" \/>\n<meta property=\"og:image\" content=\"http:\/\/wmtbaltic.lv\/wp-content\/uploads\/2024\/03\/wmtbaltic_documents_sealingironRT.png\" \/>\n\t<meta property=\"og:image:width\" content=\"600\" \/>\n\t<meta property=\"og:image:height\" content=\"400\" \/>\n\t<meta property=\"og:image:type\" content=\"image\/png\" \/>\n<meta name=\"twitter:card\" content=\"summary_large_image\" \/>\n<meta name=\"twitter:label1\" content=\"Est. reading time\" \/>\n\t<meta name=\"twitter:data1\" content=\"1 minute\" \/>\n<script type=\"application\/ld+json\" class=\"yoast-schema-graph\">{\"@context\":\"https:\\\/\\\/schema.org\",\"@graph\":[{\"@type\":\"WebPage\",\"@id\":\"https:\\\/\\\/wmtbaltic.lv\\\/Produkts\\\/gludeklitis-rt\\\/\",\"url\":\"https:\\\/\\\/wmtbaltic.lv\\\/Produkts\\\/gludeklitis-rt\\\/\",\"name\":\"GLUDEKLITIS RT - WMT Baltic\",\"isPartOf\":{\"@id\":\"https:\\\/\\\/wmtbaltic.lv\\\/#website\"},\"primaryImageOfPage\":{\"@id\":\"https:\\\/\\\/wmtbaltic.lv\\\/Produkts\\\/gludeklitis-rt\\\/#primaryimage\"},\"image\":{\"@id\":\"https:\\\/\\\/wmtbaltic.lv\\\/Produkts\\\/gludeklitis-rt\\\/#primaryimage\"},\"thumbnailUrl\":\"https:\\\/\\\/wmtbaltic.lv\\\/wp-content\\\/uploads\\\/2024\\\/03\\\/wmtbaltic_documents_sealingironRT.png\",\"datePublished\":\"2024-03-08T07:25:35+00:00\",\"dateModified\":\"2024-03-08T07:25:38+00:00\",\"description\":\"Piem\u0113rots FILMOPLAST R mazo ru\u013c\u013cu apstr\u0101dei, izmanto pl\u012bsumu labo\u0161anai. Temperat\u016bra regul\u0113jama l\u012bdz 220\u00b0 C.\",\"breadcrumb\":{\"@id\":\"https:\\\/\\\/wmtbaltic.lv\\\/Produkts\\\/gludeklitis-rt\\\/#breadcrumb\"},\"inLanguage\":\"en-US\",\"potentialAction\":[{\"@type\":\"ReadAction\",\"target\":[\"https:\\\/\\\/wmtbaltic.lv\\\/Produkts\\\/gludeklitis-rt\\\/\"]}]},{\"@type\":\"ImageObject\",\"inLanguage\":\"en-US\",\"@id\":\"https:\\\/\\\/wmtbaltic.lv\\\/Produkts\\\/gludeklitis-rt\\\/#primaryimage\",\"url\":\"https:\\\/\\\/wmtbaltic.lv\\\/wp-content\\\/uploads\\\/2024\\\/03\\\/wmtbaltic_documents_sealingironRT.png\",\"contentUrl\":\"https:\\\/\\\/wmtbaltic.lv\\\/wp-content\\\/uploads\\\/2024\\\/03\\\/wmtbaltic_documents_sealingironRT.png\",\"width\":600,\"height\":400},{\"@type\":\"BreadcrumbList\",\"@id\":\"https:\\\/\\\/wmtbaltic.lv\\\/Produkts\\\/gludeklitis-rt\\\/#breadcrumb\",\"itemListElement\":[{\"@type\":\"ListItem\",\"position\":1,\"name\":\"Home\",\"item\":\"https:\\\/\\\/wmtbaltic.lv\\\/en\\\/\"},{\"@type\":\"ListItem\",\"position\":2,\"name\":\"Products\",\"item\":\"https:\\\/\\\/wmtbaltic.lv\\\/en\\\/shop\\\/\"},{\"@type\":\"ListItem\",\"position\":3,\"name\":\"GLUDEKLITIS RT\"}]},{\"@type\":\"WebSite\",\"@id\":\"https:\\\/\\\/wmtbaltic.lv\\\/#website\",\"url\":\"https:\\\/\\\/wmtbaltic.lv\\\/\",\"name\":\"WMT Baltic\",\"description\":\"Rekl\u0101mas produkti, pl\u0113ves\",\"publisher\":{\"@id\":\"https:\\\/\\\/wmtbaltic.lv\\\/#organization\"},\"potentialAction\":[{\"@type\":\"SearchAction\",\"target\":{\"@type\":\"EntryPoint\",\"urlTemplate\":\"https:\\\/\\\/wmtbaltic.lv\\\/?s={search_term_string}\"},\"query-input\":{\"@type\":\"PropertyValueSpecification\",\"valueRequired\":true,\"valueName\":\"search_term_string\"}}],\"inLanguage\":\"en-US\"},{\"@type\":\"Organization\",\"@id\":\"https:\\\/\\\/wmtbaltic.lv\\\/#organization\",\"name\":\"WMT Baltic\",\"url\":\"https:\\\/\\\/wmtbaltic.lv\\\/\",\"logo\":{\"@type\":\"ImageObject\",\"inLanguage\":\"en-US\",\"@id\":\"https:\\\/\\\/wmtbaltic.lv\\\/#\\\/schema\\\/logo\\\/image\\\/\",\"url\":\"https:\\\/\\\/wmtbaltic.lv\\\/wp-content\\\/uploads\\\/2024\\\/12\\\/wmt-baltic-sia_107142_9_420x180.jpg\",\"contentUrl\":\"https:\\\/\\\/wmtbaltic.lv\\\/wp-content\\\/uploads\\\/2024\\\/12\\\/wmt-baltic-sia_107142_9_420x180.jpg\",\"width\":420,\"height\":180,\"caption\":\"WMT Baltic\"},\"image\":{\"@id\":\"https:\\\/\\\/wmtbaltic.lv\\\/#\\\/schema\\\/logo\\\/image\\\/\"},\"sameAs\":[\"https:\\\/\\\/www.facebook.com\\\/WMT.Baltic.viscom\\\/?locale=lv_LV\",\"https:\\\/\\\/www.instagram.com\\\/viscom_wmt\\\/\"]}]}<\/script>\n<!-- \/ Yoast SEO plugin. -->","yoast_head_json":{"title":"GLUDEKLITIS RT - WMT Baltic","description":"Piem\u0113rots FILMOPLAST R mazo ru\u013c\u013cu apstr\u0101dei, izmanto pl\u012bsumu labo\u0161anai. Temperat\u016bra regul\u0113jama l\u012bdz 220\u00b0 C.","robots":{"index":"index","follow":"follow","max-snippet":"max-snippet:-1","max-image-preview":"max-image-preview:large","max-video-preview":"max-video-preview:-1"},"canonical":"https:\/\/wmtbaltic.lv\/Produkts\/gludeklitis-rt\/","og_locale":"en_US","og_type":"article","og_title":"GLUDEKLITIS RT - WMT Baltic","og_description":"Piem\u0113rots FILMOPLAST R mazo ru\u013c\u013cu apstr\u0101dei, izmanto pl\u012bsumu labo\u0161anai. Temperat\u016bra regul\u0113jama l\u012bdz 220\u00b0 C.","og_url":"https:\/\/wmtbaltic.lv\/Produkts\/gludeklitis-rt\/","og_site_name":"WMT Baltic","article_publisher":"https:\/\/www.facebook.com\/WMT.Baltic.viscom\/?locale=lv_LV","article_modified_time":"2024-03-08T07:25:38+00:00","og_image":[{"width":600,"height":400,"url":"http:\/\/wmtbaltic.lv\/wp-content\/uploads\/2024\/03\/wmtbaltic_documents_sealingironRT.png","type":"image\/png"}],"twitter_card":"summary_large_image","twitter_misc":{"Est. reading time":"1 minute"},"schema":{"@context":"https:\/\/schema.org","@graph":[{"@type":"WebPage","@id":"https:\/\/wmtbaltic.lv\/Produkts\/gludeklitis-rt\/","url":"https:\/\/wmtbaltic.lv\/Produkts\/gludeklitis-rt\/","name":"GLUDEKLITIS RT - WMT Baltic","isPartOf":{"@id":"https:\/\/wmtbaltic.lv\/#website"},"primaryImageOfPage":{"@id":"https:\/\/wmtbaltic.lv\/Produkts\/gludeklitis-rt\/#primaryimage"},"image":{"@id":"https:\/\/wmtbaltic.lv\/Produkts\/gludeklitis-rt\/#primaryimage"},"thumbnailUrl":"https:\/\/wmtbaltic.lv\/wp-content\/uploads\/2024\/03\/wmtbaltic_documents_sealingironRT.png","datePublished":"2024-03-08T07:25:35+00:00","dateModified":"2024-03-08T07:25:38+00:00","description":"Piem\u0113rots FILMOPLAST R mazo ru\u013c\u013cu apstr\u0101dei, izmanto pl\u012bsumu labo\u0161anai. Temperat\u016bra regul\u0113jama l\u012bdz 220\u00b0 C.","breadcrumb":{"@id":"https:\/\/wmtbaltic.lv\/Produkts\/gludeklitis-rt\/#breadcrumb"},"inLanguage":"en-US","potentialAction":[{"@type":"ReadAction","target":["https:\/\/wmtbaltic.lv\/Produkts\/gludeklitis-rt\/"]}]},{"@type":"ImageObject","inLanguage":"en-US","@id":"https:\/\/wmtbaltic.lv\/Produkts\/gludeklitis-rt\/#primaryimage","url":"https:\/\/wmtbaltic.lv\/wp-content\/uploads\/2024\/03\/wmtbaltic_documents_sealingironRT.png","contentUrl":"https:\/\/wmtbaltic.lv\/wp-content\/uploads\/2024\/03\/wmtbaltic_documents_sealingironRT.png","width":600,"height":400},{"@type":"BreadcrumbList","@id":"https:\/\/wmtbaltic.lv\/Produkts\/gludeklitis-rt\/#breadcrumb","itemListElement":[{"@type":"ListItem","position":1,"name":"Home","item":"https:\/\/wmtbaltic.lv\/en\/"},{"@type":"ListItem","position":2,"name":"Products","item":"https:\/\/wmtbaltic.lv\/en\/shop\/"},{"@type":"ListItem","position":3,"name":"GLUDEKLITIS RT"}]},{"@type":"WebSite","@id":"https:\/\/wmtbaltic.lv\/#website","url":"https:\/\/wmtbaltic.lv\/","name":"WMT Baltic","description":"Rekl\u0101mas produkti, pl\u0113ves","publisher":{"@id":"https:\/\/wmtbaltic.lv\/#organization"},"potentialAction":[{"@type":"SearchAction","target":{"@type":"EntryPoint","urlTemplate":"https:\/\/wmtbaltic.lv\/?s={search_term_string}"},"query-input":{"@type":"PropertyValueSpecification","valueRequired":true,"valueName":"search_term_string"}}],"inLanguage":"en-US"},{"@type":"Organization","@id":"https:\/\/wmtbaltic.lv\/#organization","name":"WMT Baltic","url":"https:\/\/wmtbaltic.lv\/","logo":{"@type":"ImageObject","inLanguage":"en-US","@id":"https:\/\/wmtbaltic.lv\/#\/schema\/logo\/image\/","url":"https:\/\/wmtbaltic.lv\/wp-content\/uploads\/2024\/12\/wmt-baltic-sia_107142_9_420x180.jpg","contentUrl":"https:\/\/wmtbaltic.lv\/wp-content\/uploads\/2024\/12\/wmt-baltic-sia_107142_9_420x180.jpg","width":420,"height":180,"caption":"WMT Baltic"},"image":{"@id":"https:\/\/wmtbaltic.lv\/#\/schema\/logo\/image\/"},"sameAs":["https:\/\/www.facebook.com\/WMT.Baltic.viscom\/?locale=lv_LV","https:\/\/www.instagram.com\/viscom_wmt\/"]}]}},"_links":{"self":[{"href":"https:\/\/wmtbaltic.lv\/en\/wp-json\/wp\/v2\/product\/16621","targetHints":{"allow":["GET"]}}],"collection":[{"href":"https:\/\/wmtbaltic.lv\/en\/wp-json\/wp\/v2\/product"}],"about":[{"href":"https:\/\/wmtbaltic.lv\/en\/wp-json\/wp\/v2\/types\/product"}],"replies":[{"embeddable":true,"href":"https:\/\/wmtbaltic.lv\/en\/wp-json\/wp\/v2\/comments?post=16621"}],"wp:featuredmedia":[{"embeddable":true,"href":"https:\/\/wmtbaltic.lv\/en\/wp-json\/wp\/v2\/media\/16622"}],"wp:attachment":[{"href":"https:\/\/wmtbaltic.lv\/en\/wp-json\/wp\/v2\/media?parent=16621"}],"wp:term":[{"taxonomy":"product_brand","embeddable":true,"href":"https:\/\/wmtbaltic.lv\/en\/wp-json\/wp\/v2\/product_brand?post=16621"},{"taxonomy":"product_cat","embeddable":true,"href":"https:\/\/wmtbaltic.lv\/en\/wp-json\/wp\/v2\/product_cat?post=16621"},{"taxonomy":"product_tag","embeddable":true,"href":"https:\/\/wmtbaltic.lv\/en\/wp-json\/wp\/v2\/product_tag?post=16621"}],"curies":[{"name":"wp","href":"https:\/\/api.w.org\/{rel}","templated":true}]}}