{"id":16573,"date":"2024-03-07T11:18:15","date_gmt":"2024-03-07T11:18:15","guid":{"rendered":"https:\/\/wmtbaltic.lv\/?post_type=product&#038;p=16573"},"modified":"2024-03-07T12:47:07","modified_gmt":"2024-03-07T12:47:07","slug":"filmoplast-r","status":"publish","type":"product","link":"https:\/\/wmtbaltic.lv\/en\/product\/filmoplast-r\/","title":{"rendered":"Filmoplast R"},"content":{"rendered":"<p class=\"western\" lang=\"lv-LV\" align=\"JUSTIFY\"><span style=\"font-family: Arial, sans-serif;\">Caursp\u012bd\u012bgs tehniskais \u201djap\u0101\u0146u\u201d pap\u012brs, 8,5 g\/m2. Notur\u012bgs pret noveco\u0161anu.<\/span><\/p>\n<p class=\"western\" align=\"JUSTIFY\"><span style=\"font-family: Arial, sans-serif;\"><span lang=\"lv-LV\">Nesatur hemicelulozi, bet satur lielu % da\u013cu alfacelulozes un ir p\u0101rkl\u0101ts ar termoj\u016bt\u012bgu l\u012bmi. Nepaliek dzeltena. Materi\u0101la darba t\u00b0 120\u00b0C. Viegli parl\u012bm\u0113jams. Iesp\u0113jams salabot pap\u012bru t\u0101, ka gandr\u012bz nav redzamas labojuma vietas. Ielamin\u0113jot dokumentus \u0161aj\u0101 materi\u0101l\u0101, var daudzk\u0101rt palielin\u0101t to m\u016b\u017eu<\/span><\/span><\/p>\n","protected":false},"excerpt":{"rendered":"Caursp\u012bd\u012bgs tehniskais \u201djap\u0101\u0146u\u201d pap\u012brs, 8,5 g\/m2. Notur\u012bgs pret noveco\u0161anu. Nesatur hemicelulozi, bet satur lielu % da\u013cu alfacelulozes un ir p\u0101rkl\u0101ts ar termoj\u016bt\u012bgu l\u012bmi. Nepaliek dzeltena. Materi\u0101la darba t\u00b0 120\u00b0C. Viegli parl\u012bm\u0113jams. Iesp\u0113jams salabot pap\u012bru t\u0101, ka gandr\u012bz nav redzamas labojuma vietas. Ielamin\u0113jot dokumentus \u0161aj\u0101 materi\u0101l\u0101, var daudzk\u0101rt palielin\u0101t to m\u016b\u017eu","protected":false},"featured_media":16586,"comment_status":"closed","ping_status":"closed","template":"","meta":[],"product_brand":[],"product_cat":[1450],"product_tag":[1461,1462,1460],"class_list":{"0":"post-16573","1":"product","2":"type-product","3":"status-publish","4":"has-post-thumbnail","6":"product_cat-gramatu-un-dokumentu-restauracijas-materiali","7":"product_tag-japanu","8":"product_tag-papirs","9":"product_tag-tehniskais","11":"first","12":"instock","13":"shipping-taxable","14":"product-type-simple"},"yoast_head":"<!-- This site is optimized with the Yoast SEO plugin v27.4 - https:\/\/yoast.com\/product\/yoast-seo-wordpress\/ -->\n<title>Filmoplast R - WMT Baltic<\/title>\n<meta name=\"description\" content=\"Caursp\u012bd\u012bgs tehniskais \u201djap\u0101\u0146u\u201d pap\u012brs, 8,5 g\/m2. Notur\u012bgs pret noveco\u0161anu.Nesatur hemicelulozi, bet satur lielu % da\u013cu alfacelulozes un ir p\u0101rkl\u0101ts ar termoj\u016bt\u012bgu l\u012bmi.\" \/>\n<meta name=\"robots\" content=\"index, follow, max-snippet:-1, max-image-preview:large, max-video-preview:-1\" \/>\n<link rel=\"canonical\" href=\"https:\/\/wmtbaltic.lv\/Produkts\/filmoplast-r\/\" \/>\n<meta property=\"og:locale\" content=\"en_US\" \/>\n<meta property=\"og:type\" content=\"article\" \/>\n<meta property=\"og:title\" content=\"Filmoplast R - WMT Baltic\" \/>\n<meta property=\"og:description\" content=\"Caursp\u012bd\u012bgs tehniskais \u201djap\u0101\u0146u\u201d pap\u012brs, 8,5 g\/m2. Notur\u012bgs pret noveco\u0161anu.Nesatur hemicelulozi, bet satur lielu % da\u013cu alfacelulozes un ir p\u0101rkl\u0101ts ar termoj\u016bt\u012bgu l\u012bmi.\" \/>\n<meta property=\"og:url\" content=\"https:\/\/wmtbaltic.lv\/Produkts\/filmoplast-r\/\" \/>\n<meta property=\"og:site_name\" content=\"WMT Baltic\" \/>\n<meta property=\"article:publisher\" content=\"https:\/\/www.facebook.com\/WMT.Baltic.viscom\/?locale=lv_LV\" \/>\n<meta property=\"article:modified_time\" content=\"2024-03-07T12:47:07+00:00\" \/>\n<meta property=\"og:image\" content=\"http:\/\/wmtbaltic.lv\/wp-content\/uploads\/2024\/03\/papier-japonski-filmoplast-r.jpg\" \/>\n\t<meta property=\"og:image:width\" content=\"800\" \/>\n\t<meta property=\"og:image:height\" content=\"800\" \/>\n\t<meta property=\"og:image:type\" content=\"image\/jpeg\" \/>\n<meta name=\"twitter:card\" content=\"summary_large_image\" \/>\n<meta name=\"twitter:label1\" content=\"Est. reading time\" \/>\n\t<meta name=\"twitter:data1\" content=\"1 minute\" \/>\n<script type=\"application\/ld+json\" class=\"yoast-schema-graph\">{\"@context\":\"https:\\\/\\\/schema.org\",\"@graph\":[{\"@type\":\"WebPage\",\"@id\":\"https:\\\/\\\/wmtbaltic.lv\\\/Produkts\\\/filmoplast-r\\\/\",\"url\":\"https:\\\/\\\/wmtbaltic.lv\\\/Produkts\\\/filmoplast-r\\\/\",\"name\":\"Filmoplast R - WMT Baltic\",\"isPartOf\":{\"@id\":\"https:\\\/\\\/wmtbaltic.lv\\\/#website\"},\"primaryImageOfPage\":{\"@id\":\"https:\\\/\\\/wmtbaltic.lv\\\/Produkts\\\/filmoplast-r\\\/#primaryimage\"},\"image\":{\"@id\":\"https:\\\/\\\/wmtbaltic.lv\\\/Produkts\\\/filmoplast-r\\\/#primaryimage\"},\"thumbnailUrl\":\"https:\\\/\\\/wmtbaltic.lv\\\/wp-content\\\/uploads\\\/2024\\\/03\\\/papier-japonski-filmoplast-r.jpg\",\"datePublished\":\"2024-03-07T11:18:15+00:00\",\"dateModified\":\"2024-03-07T12:47:07+00:00\",\"description\":\"Caursp\u012bd\u012bgs tehniskais \u201djap\u0101\u0146u\u201d pap\u012brs, 8,5 g\\\/m2. Notur\u012bgs pret noveco\u0161anu.Nesatur hemicelulozi, bet satur lielu % da\u013cu alfacelulozes un ir p\u0101rkl\u0101ts ar termoj\u016bt\u012bgu l\u012bmi.\",\"breadcrumb\":{\"@id\":\"https:\\\/\\\/wmtbaltic.lv\\\/Produkts\\\/filmoplast-r\\\/#breadcrumb\"},\"inLanguage\":\"en-US\",\"potentialAction\":[{\"@type\":\"ReadAction\",\"target\":[\"https:\\\/\\\/wmtbaltic.lv\\\/Produkts\\\/filmoplast-r\\\/\"]}]},{\"@type\":\"ImageObject\",\"inLanguage\":\"en-US\",\"@id\":\"https:\\\/\\\/wmtbaltic.lv\\\/Produkts\\\/filmoplast-r\\\/#primaryimage\",\"url\":\"https:\\\/\\\/wmtbaltic.lv\\\/wp-content\\\/uploads\\\/2024\\\/03\\\/papier-japonski-filmoplast-r.jpg\",\"contentUrl\":\"https:\\\/\\\/wmtbaltic.lv\\\/wp-content\\\/uploads\\\/2024\\\/03\\\/papier-japonski-filmoplast-r.jpg\",\"width\":800,\"height\":800},{\"@type\":\"BreadcrumbList\",\"@id\":\"https:\\\/\\\/wmtbaltic.lv\\\/Produkts\\\/filmoplast-r\\\/#breadcrumb\",\"itemListElement\":[{\"@type\":\"ListItem\",\"position\":1,\"name\":\"Home\",\"item\":\"https:\\\/\\\/wmtbaltic.lv\\\/en\\\/\"},{\"@type\":\"ListItem\",\"position\":2,\"name\":\"Products\",\"item\":\"https:\\\/\\\/wmtbaltic.lv\\\/en\\\/shop\\\/\"},{\"@type\":\"ListItem\",\"position\":3,\"name\":\"Filmoplast R\"}]},{\"@type\":\"WebSite\",\"@id\":\"https:\\\/\\\/wmtbaltic.lv\\\/#website\",\"url\":\"https:\\\/\\\/wmtbaltic.lv\\\/\",\"name\":\"WMT Baltic\",\"description\":\"Rekl\u0101mas produkti, pl\u0113ves\",\"publisher\":{\"@id\":\"https:\\\/\\\/wmtbaltic.lv\\\/#organization\"},\"potentialAction\":[{\"@type\":\"SearchAction\",\"target\":{\"@type\":\"EntryPoint\",\"urlTemplate\":\"https:\\\/\\\/wmtbaltic.lv\\\/?s={search_term_string}\"},\"query-input\":{\"@type\":\"PropertyValueSpecification\",\"valueRequired\":true,\"valueName\":\"search_term_string\"}}],\"inLanguage\":\"en-US\"},{\"@type\":\"Organization\",\"@id\":\"https:\\\/\\\/wmtbaltic.lv\\\/#organization\",\"name\":\"WMT Baltic\",\"url\":\"https:\\\/\\\/wmtbaltic.lv\\\/\",\"logo\":{\"@type\":\"ImageObject\",\"inLanguage\":\"en-US\",\"@id\":\"https:\\\/\\\/wmtbaltic.lv\\\/#\\\/schema\\\/logo\\\/image\\\/\",\"url\":\"https:\\\/\\\/wmtbaltic.lv\\\/wp-content\\\/uploads\\\/2024\\\/12\\\/wmt-baltic-sia_107142_9_420x180.jpg\",\"contentUrl\":\"https:\\\/\\\/wmtbaltic.lv\\\/wp-content\\\/uploads\\\/2024\\\/12\\\/wmt-baltic-sia_107142_9_420x180.jpg\",\"width\":420,\"height\":180,\"caption\":\"WMT Baltic\"},\"image\":{\"@id\":\"https:\\\/\\\/wmtbaltic.lv\\\/#\\\/schema\\\/logo\\\/image\\\/\"},\"sameAs\":[\"https:\\\/\\\/www.facebook.com\\\/WMT.Baltic.viscom\\\/?locale=lv_LV\",\"https:\\\/\\\/www.instagram.com\\\/viscom_wmt\\\/\"]}]}<\/script>\n<!-- \/ Yoast SEO plugin. -->","yoast_head_json":{"title":"Filmoplast R - WMT Baltic","description":"Caursp\u012bd\u012bgs tehniskais \u201djap\u0101\u0146u\u201d pap\u012brs, 8,5 g\/m2. Notur\u012bgs pret noveco\u0161anu.Nesatur hemicelulozi, bet satur lielu % da\u013cu alfacelulozes un ir p\u0101rkl\u0101ts ar termoj\u016bt\u012bgu l\u012bmi.","robots":{"index":"index","follow":"follow","max-snippet":"max-snippet:-1","max-image-preview":"max-image-preview:large","max-video-preview":"max-video-preview:-1"},"canonical":"https:\/\/wmtbaltic.lv\/Produkts\/filmoplast-r\/","og_locale":"en_US","og_type":"article","og_title":"Filmoplast R - WMT Baltic","og_description":"Caursp\u012bd\u012bgs tehniskais \u201djap\u0101\u0146u\u201d pap\u012brs, 8,5 g\/m2. Notur\u012bgs pret noveco\u0161anu.Nesatur hemicelulozi, bet satur lielu % da\u013cu alfacelulozes un ir p\u0101rkl\u0101ts ar termoj\u016bt\u012bgu l\u012bmi.","og_url":"https:\/\/wmtbaltic.lv\/Produkts\/filmoplast-r\/","og_site_name":"WMT Baltic","article_publisher":"https:\/\/www.facebook.com\/WMT.Baltic.viscom\/?locale=lv_LV","article_modified_time":"2024-03-07T12:47:07+00:00","og_image":[{"width":800,"height":800,"url":"http:\/\/wmtbaltic.lv\/wp-content\/uploads\/2024\/03\/papier-japonski-filmoplast-r.jpg","type":"image\/jpeg"}],"twitter_card":"summary_large_image","twitter_misc":{"Est. reading time":"1 minute"},"schema":{"@context":"https:\/\/schema.org","@graph":[{"@type":"WebPage","@id":"https:\/\/wmtbaltic.lv\/Produkts\/filmoplast-r\/","url":"https:\/\/wmtbaltic.lv\/Produkts\/filmoplast-r\/","name":"Filmoplast R - WMT Baltic","isPartOf":{"@id":"https:\/\/wmtbaltic.lv\/#website"},"primaryImageOfPage":{"@id":"https:\/\/wmtbaltic.lv\/Produkts\/filmoplast-r\/#primaryimage"},"image":{"@id":"https:\/\/wmtbaltic.lv\/Produkts\/filmoplast-r\/#primaryimage"},"thumbnailUrl":"https:\/\/wmtbaltic.lv\/wp-content\/uploads\/2024\/03\/papier-japonski-filmoplast-r.jpg","datePublished":"2024-03-07T11:18:15+00:00","dateModified":"2024-03-07T12:47:07+00:00","description":"Caursp\u012bd\u012bgs tehniskais \u201djap\u0101\u0146u\u201d pap\u012brs, 8,5 g\/m2. Notur\u012bgs pret noveco\u0161anu.Nesatur hemicelulozi, bet satur lielu % da\u013cu alfacelulozes un ir p\u0101rkl\u0101ts ar termoj\u016bt\u012bgu l\u012bmi.","breadcrumb":{"@id":"https:\/\/wmtbaltic.lv\/Produkts\/filmoplast-r\/#breadcrumb"},"inLanguage":"en-US","potentialAction":[{"@type":"ReadAction","target":["https:\/\/wmtbaltic.lv\/Produkts\/filmoplast-r\/"]}]},{"@type":"ImageObject","inLanguage":"en-US","@id":"https:\/\/wmtbaltic.lv\/Produkts\/filmoplast-r\/#primaryimage","url":"https:\/\/wmtbaltic.lv\/wp-content\/uploads\/2024\/03\/papier-japonski-filmoplast-r.jpg","contentUrl":"https:\/\/wmtbaltic.lv\/wp-content\/uploads\/2024\/03\/papier-japonski-filmoplast-r.jpg","width":800,"height":800},{"@type":"BreadcrumbList","@id":"https:\/\/wmtbaltic.lv\/Produkts\/filmoplast-r\/#breadcrumb","itemListElement":[{"@type":"ListItem","position":1,"name":"Home","item":"https:\/\/wmtbaltic.lv\/en\/"},{"@type":"ListItem","position":2,"name":"Products","item":"https:\/\/wmtbaltic.lv\/en\/shop\/"},{"@type":"ListItem","position":3,"name":"Filmoplast R"}]},{"@type":"WebSite","@id":"https:\/\/wmtbaltic.lv\/#website","url":"https:\/\/wmtbaltic.lv\/","name":"WMT Baltic","description":"Rekl\u0101mas produkti, pl\u0113ves","publisher":{"@id":"https:\/\/wmtbaltic.lv\/#organization"},"potentialAction":[{"@type":"SearchAction","target":{"@type":"EntryPoint","urlTemplate":"https:\/\/wmtbaltic.lv\/?s={search_term_string}"},"query-input":{"@type":"PropertyValueSpecification","valueRequired":true,"valueName":"search_term_string"}}],"inLanguage":"en-US"},{"@type":"Organization","@id":"https:\/\/wmtbaltic.lv\/#organization","name":"WMT Baltic","url":"https:\/\/wmtbaltic.lv\/","logo":{"@type":"ImageObject","inLanguage":"en-US","@id":"https:\/\/wmtbaltic.lv\/#\/schema\/logo\/image\/","url":"https:\/\/wmtbaltic.lv\/wp-content\/uploads\/2024\/12\/wmt-baltic-sia_107142_9_420x180.jpg","contentUrl":"https:\/\/wmtbaltic.lv\/wp-content\/uploads\/2024\/12\/wmt-baltic-sia_107142_9_420x180.jpg","width":420,"height":180,"caption":"WMT Baltic"},"image":{"@id":"https:\/\/wmtbaltic.lv\/#\/schema\/logo\/image\/"},"sameAs":["https:\/\/www.facebook.com\/WMT.Baltic.viscom\/?locale=lv_LV","https:\/\/www.instagram.com\/viscom_wmt\/"]}]}},"_links":{"self":[{"href":"https:\/\/wmtbaltic.lv\/en\/wp-json\/wp\/v2\/product\/16573","targetHints":{"allow":["GET"]}}],"collection":[{"href":"https:\/\/wmtbaltic.lv\/en\/wp-json\/wp\/v2\/product"}],"about":[{"href":"https:\/\/wmtbaltic.lv\/en\/wp-json\/wp\/v2\/types\/product"}],"replies":[{"embeddable":true,"href":"https:\/\/wmtbaltic.lv\/en\/wp-json\/wp\/v2\/comments?post=16573"}],"wp:featuredmedia":[{"embeddable":true,"href":"https:\/\/wmtbaltic.lv\/en\/wp-json\/wp\/v2\/media\/16586"}],"wp:attachment":[{"href":"https:\/\/wmtbaltic.lv\/en\/wp-json\/wp\/v2\/media?parent=16573"}],"wp:term":[{"taxonomy":"product_brand","embeddable":true,"href":"https:\/\/wmtbaltic.lv\/en\/wp-json\/wp\/v2\/product_brand?post=16573"},{"taxonomy":"product_cat","embeddable":true,"href":"https:\/\/wmtbaltic.lv\/en\/wp-json\/wp\/v2\/product_cat?post=16573"},{"taxonomy":"product_tag","embeddable":true,"href":"https:\/\/wmtbaltic.lv\/en\/wp-json\/wp\/v2\/product_tag?post=16573"}],"curies":[{"name":"wp","href":"https:\/\/api.w.org\/{rel}","templated":true}]}}