{"id":16570,"date":"2024-03-07T10:47:44","date_gmt":"2024-03-07T10:47:44","guid":{"rendered":"https:\/\/wmtbaltic.lv\/?post_type=product&#038;p=16570"},"modified":"2024-03-07T12:34:09","modified_gmt":"2024-03-07T12:34:09","slug":"filmoplast-p90-2","status":"publish","type":"product","link":"https:\/\/wmtbaltic.lv\/en\/product\/filmoplast-p90-2\/","title":{"rendered":"Filmoplast P90 plus"},"content":{"rendered":"<p class=\"western\"><span style=\"color: #000000;\"><span style=\"font-family: Arial, sans-serif;\"><span lang=\"lv-LV\">Balta pap\u012bra lente, 50 g\/m2, gr\u016bti paman\u0101ma, gr\u016bti sapl\u0113\u0161ama, nesatur kok\u0161\u0137iedras. <\/span><\/span><\/span><span style=\"font-family: Arial, sans-serif;\"><span lang=\"lv-LV\">Notur\u012bga pret noveco\u0161anu. Nepaliek dzeltena.<\/span><\/span><span style=\"color: #000000;\"><span style=\"font-family: Arial, sans-serif;\"><span lang=\"lv-LV\"> Ar \u012bpa\u0161i stipru adh\u0113ziju. Paredz\u0113ta att\u0113lu fiks\u0113\u0161anai, saboj\u0101tu lapu malu labo\u0161anai, pap\u012bra lapu iel\u012bm\u0113\u0161anai un gr\u0101matas s\u0113juma iestiprin\u0101\u0161anai apv\u0101kojum\u0101, k\u0101 ar\u012b iztur\u012bbas palielin\u0101\u0161anai. <\/span><\/span><\/span><\/p>\n","protected":false},"excerpt":{"rendered":"Balta pap\u012bra lente, 50 g\/m2, gr\u016bti paman\u0101ma, gr\u016bti sapl\u0113\u0161ama, nesatur kok\u0161\u0137iedras. Notur\u012bga pret noveco\u0161anu. Nepaliek dzeltena. Ar \u012bpa\u0161i stipru adh\u0113ziju. Paredz\u0113ta att\u0113lu fiks\u0113\u0161anai, saboj\u0101tu lapu malu labo\u0161anai, pap\u012bra lapu iel\u012bm\u0113\u0161anai un gr\u0101matas s\u0113juma iestiprin\u0101\u0161anai apv\u0101kojum\u0101, k\u0101 ar\u012b iztur\u012bbas palielin\u0101\u0161anai.","protected":false},"featured_media":16571,"template":"","meta":[],"product_brand":[],"product_cat":[1450],"product_tag":[1459,1458,1322],"class_list":{"0":"post-16570","1":"product","2":"type-product","3":"status-publish","4":"has-post-thumbnail","6":"product_cat-gramatu-un-dokumentu-restauracijas-materiali","7":"product_tag-ielimesanai","8":"product_tag-lapu","9":"product_tag-papira","11":"first","12":"instock","13":"shipping-taxable","14":"product-type-simple"},"yoast_head":"<!-- This site is optimized with the Yoast SEO plugin v27.4 - https:\/\/yoast.com\/product\/yoast-seo-wordpress\/ -->\n<title>Filmoplast P90 plus - WMT Baltic<\/title>\n<meta name=\"description\" content=\"Balta pap\u012bra lente, 50 g\/m2, gr\u016bti paman\u0101ma, gr\u016bti sapl\u0113\u0161ama, nesatur kok\u0161\u0137iedras. Notur\u012bga pret noveco\u0161anu. Nepaliek dzeltena. Ar \u012bpa\u0161i stipru adh\u0113ziju.\" \/>\n<meta name=\"robots\" content=\"index, follow, max-snippet:-1, max-image-preview:large, max-video-preview:-1\" \/>\n<link rel=\"canonical\" href=\"https:\/\/wmtbaltic.lv\/Produkts\/filmoplast-p90-2\/\" \/>\n<meta property=\"og:locale\" content=\"en_US\" \/>\n<meta property=\"og:type\" content=\"article\" \/>\n<meta property=\"og:title\" content=\"Filmoplast P90 plus - WMT Baltic\" \/>\n<meta property=\"og:description\" content=\"Balta pap\u012bra lente, 50 g\/m2, gr\u016bti paman\u0101ma, gr\u016bti sapl\u0113\u0161ama, nesatur kok\u0161\u0137iedras. Notur\u012bga pret noveco\u0161anu. Nepaliek dzeltena. Ar \u012bpa\u0161i stipru adh\u0113ziju.\" \/>\n<meta property=\"og:url\" content=\"https:\/\/wmtbaltic.lv\/Produkts\/filmoplast-p90-2\/\" \/>\n<meta property=\"og:site_name\" content=\"WMT Baltic\" \/>\n<meta property=\"article:publisher\" content=\"https:\/\/www.facebook.com\/WMT.Baltic.viscom\/?locale=lv_LV\" \/>\n<meta property=\"article:modified_time\" content=\"2024-03-07T12:34:09+00:00\" \/>\n<meta property=\"og:image\" content=\"http:\/\/wmtbaltic.lv\/wp-content\/uploads\/2024\/03\/C2_filmoplast_P90plus-1.png\" \/>\n\t<meta property=\"og:image:width\" content=\"600\" \/>\n\t<meta property=\"og:image:height\" content=\"402\" \/>\n\t<meta property=\"og:image:type\" content=\"image\/png\" \/>\n<meta name=\"twitter:card\" content=\"summary_large_image\" \/>\n<meta name=\"twitter:label1\" content=\"Est. reading time\" \/>\n\t<meta name=\"twitter:data1\" content=\"1 minute\" \/>\n<script type=\"application\/ld+json\" class=\"yoast-schema-graph\">{\"@context\":\"https:\\\/\\\/schema.org\",\"@graph\":[{\"@type\":\"WebPage\",\"@id\":\"https:\\\/\\\/wmtbaltic.lv\\\/Produkts\\\/filmoplast-p90-2\\\/\",\"url\":\"https:\\\/\\\/wmtbaltic.lv\\\/Produkts\\\/filmoplast-p90-2\\\/\",\"name\":\"Filmoplast P90 plus - WMT Baltic\",\"isPartOf\":{\"@id\":\"https:\\\/\\\/wmtbaltic.lv\\\/#website\"},\"primaryImageOfPage\":{\"@id\":\"https:\\\/\\\/wmtbaltic.lv\\\/Produkts\\\/filmoplast-p90-2\\\/#primaryimage\"},\"image\":{\"@id\":\"https:\\\/\\\/wmtbaltic.lv\\\/Produkts\\\/filmoplast-p90-2\\\/#primaryimage\"},\"thumbnailUrl\":\"https:\\\/\\\/wmtbaltic.lv\\\/wp-content\\\/uploads\\\/2024\\\/03\\\/C2_filmoplast_P90plus-1.png\",\"datePublished\":\"2024-03-07T10:47:44+00:00\",\"dateModified\":\"2024-03-07T12:34:09+00:00\",\"description\":\"Balta pap\u012bra lente, 50 g\\\/m2, gr\u016bti paman\u0101ma, gr\u016bti sapl\u0113\u0161ama, nesatur kok\u0161\u0137iedras. Notur\u012bga pret noveco\u0161anu. Nepaliek dzeltena. Ar \u012bpa\u0161i stipru adh\u0113ziju.\",\"breadcrumb\":{\"@id\":\"https:\\\/\\\/wmtbaltic.lv\\\/Produkts\\\/filmoplast-p90-2\\\/#breadcrumb\"},\"inLanguage\":\"en-US\",\"potentialAction\":[{\"@type\":\"ReadAction\",\"target\":[\"https:\\\/\\\/wmtbaltic.lv\\\/Produkts\\\/filmoplast-p90-2\\\/\"]}]},{\"@type\":\"ImageObject\",\"inLanguage\":\"en-US\",\"@id\":\"https:\\\/\\\/wmtbaltic.lv\\\/Produkts\\\/filmoplast-p90-2\\\/#primaryimage\",\"url\":\"https:\\\/\\\/wmtbaltic.lv\\\/wp-content\\\/uploads\\\/2024\\\/03\\\/C2_filmoplast_P90plus-1.png\",\"contentUrl\":\"https:\\\/\\\/wmtbaltic.lv\\\/wp-content\\\/uploads\\\/2024\\\/03\\\/C2_filmoplast_P90plus-1.png\",\"width\":600,\"height\":402},{\"@type\":\"BreadcrumbList\",\"@id\":\"https:\\\/\\\/wmtbaltic.lv\\\/Produkts\\\/filmoplast-p90-2\\\/#breadcrumb\",\"itemListElement\":[{\"@type\":\"ListItem\",\"position\":1,\"name\":\"Home\",\"item\":\"https:\\\/\\\/wmtbaltic.lv\\\/en\\\/\"},{\"@type\":\"ListItem\",\"position\":2,\"name\":\"Shop\",\"item\":\"https:\\\/\\\/wmtbaltic.lv\\\/shop\\\/\"},{\"@type\":\"ListItem\",\"position\":3,\"name\":\"Filmoplast P90 plus\"}]},{\"@type\":\"WebSite\",\"@id\":\"https:\\\/\\\/wmtbaltic.lv\\\/#website\",\"url\":\"https:\\\/\\\/wmtbaltic.lv\\\/\",\"name\":\"WMT Baltic\",\"description\":\"Rekl\u0101mas produkti, pl\u0113ves\",\"publisher\":{\"@id\":\"https:\\\/\\\/wmtbaltic.lv\\\/#organization\"},\"potentialAction\":[{\"@type\":\"SearchAction\",\"target\":{\"@type\":\"EntryPoint\",\"urlTemplate\":\"https:\\\/\\\/wmtbaltic.lv\\\/?s={search_term_string}\"},\"query-input\":{\"@type\":\"PropertyValueSpecification\",\"valueRequired\":true,\"valueName\":\"search_term_string\"}}],\"inLanguage\":\"en-US\"},{\"@type\":\"Organization\",\"@id\":\"https:\\\/\\\/wmtbaltic.lv\\\/#organization\",\"name\":\"WMT Baltic\",\"url\":\"https:\\\/\\\/wmtbaltic.lv\\\/\",\"logo\":{\"@type\":\"ImageObject\",\"inLanguage\":\"en-US\",\"@id\":\"https:\\\/\\\/wmtbaltic.lv\\\/#\\\/schema\\\/logo\\\/image\\\/\",\"url\":\"https:\\\/\\\/wmtbaltic.lv\\\/wp-content\\\/uploads\\\/2024\\\/12\\\/wmt-baltic-sia_107142_9_420x180.jpg\",\"contentUrl\":\"https:\\\/\\\/wmtbaltic.lv\\\/wp-content\\\/uploads\\\/2024\\\/12\\\/wmt-baltic-sia_107142_9_420x180.jpg\",\"width\":420,\"height\":180,\"caption\":\"WMT Baltic\"},\"image\":{\"@id\":\"https:\\\/\\\/wmtbaltic.lv\\\/#\\\/schema\\\/logo\\\/image\\\/\"},\"sameAs\":[\"https:\\\/\\\/www.facebook.com\\\/WMT.Baltic.viscom\\\/?locale=lv_LV\",\"https:\\\/\\\/www.instagram.com\\\/viscom_wmt\\\/\"]}]}<\/script>\n<!-- \/ Yoast SEO plugin. -->","yoast_head_json":{"title":"Filmoplast P90 plus - WMT Baltic","description":"Balta pap\u012bra lente, 50 g\/m2, gr\u016bti paman\u0101ma, gr\u016bti sapl\u0113\u0161ama, nesatur kok\u0161\u0137iedras. Notur\u012bga pret noveco\u0161anu. Nepaliek dzeltena. Ar \u012bpa\u0161i stipru adh\u0113ziju.","robots":{"index":"index","follow":"follow","max-snippet":"max-snippet:-1","max-image-preview":"max-image-preview:large","max-video-preview":"max-video-preview:-1"},"canonical":"https:\/\/wmtbaltic.lv\/Produkts\/filmoplast-p90-2\/","og_locale":"en_US","og_type":"article","og_title":"Filmoplast P90 plus - WMT Baltic","og_description":"Balta pap\u012bra lente, 50 g\/m2, gr\u016bti paman\u0101ma, gr\u016bti sapl\u0113\u0161ama, nesatur kok\u0161\u0137iedras. Notur\u012bga pret noveco\u0161anu. Nepaliek dzeltena. Ar \u012bpa\u0161i stipru adh\u0113ziju.","og_url":"https:\/\/wmtbaltic.lv\/Produkts\/filmoplast-p90-2\/","og_site_name":"WMT Baltic","article_publisher":"https:\/\/www.facebook.com\/WMT.Baltic.viscom\/?locale=lv_LV","article_modified_time":"2024-03-07T12:34:09+00:00","og_image":[{"width":600,"height":402,"url":"http:\/\/wmtbaltic.lv\/wp-content\/uploads\/2024\/03\/C2_filmoplast_P90plus-1.png","type":"image\/png"}],"twitter_card":"summary_large_image","twitter_misc":{"Est. reading time":"1 minute"},"schema":{"@context":"https:\/\/schema.org","@graph":[{"@type":"WebPage","@id":"https:\/\/wmtbaltic.lv\/Produkts\/filmoplast-p90-2\/","url":"https:\/\/wmtbaltic.lv\/Produkts\/filmoplast-p90-2\/","name":"Filmoplast P90 plus - WMT Baltic","isPartOf":{"@id":"https:\/\/wmtbaltic.lv\/#website"},"primaryImageOfPage":{"@id":"https:\/\/wmtbaltic.lv\/Produkts\/filmoplast-p90-2\/#primaryimage"},"image":{"@id":"https:\/\/wmtbaltic.lv\/Produkts\/filmoplast-p90-2\/#primaryimage"},"thumbnailUrl":"https:\/\/wmtbaltic.lv\/wp-content\/uploads\/2024\/03\/C2_filmoplast_P90plus-1.png","datePublished":"2024-03-07T10:47:44+00:00","dateModified":"2024-03-07T12:34:09+00:00","description":"Balta pap\u012bra lente, 50 g\/m2, gr\u016bti paman\u0101ma, gr\u016bti sapl\u0113\u0161ama, nesatur kok\u0161\u0137iedras. Notur\u012bga pret noveco\u0161anu. Nepaliek dzeltena. Ar \u012bpa\u0161i stipru adh\u0113ziju.","breadcrumb":{"@id":"https:\/\/wmtbaltic.lv\/Produkts\/filmoplast-p90-2\/#breadcrumb"},"inLanguage":"en-US","potentialAction":[{"@type":"ReadAction","target":["https:\/\/wmtbaltic.lv\/Produkts\/filmoplast-p90-2\/"]}]},{"@type":"ImageObject","inLanguage":"en-US","@id":"https:\/\/wmtbaltic.lv\/Produkts\/filmoplast-p90-2\/#primaryimage","url":"https:\/\/wmtbaltic.lv\/wp-content\/uploads\/2024\/03\/C2_filmoplast_P90plus-1.png","contentUrl":"https:\/\/wmtbaltic.lv\/wp-content\/uploads\/2024\/03\/C2_filmoplast_P90plus-1.png","width":600,"height":402},{"@type":"BreadcrumbList","@id":"https:\/\/wmtbaltic.lv\/Produkts\/filmoplast-p90-2\/#breadcrumb","itemListElement":[{"@type":"ListItem","position":1,"name":"Home","item":"https:\/\/wmtbaltic.lv\/en\/"},{"@type":"ListItem","position":2,"name":"Shop","item":"https:\/\/wmtbaltic.lv\/shop\/"},{"@type":"ListItem","position":3,"name":"Filmoplast P90 plus"}]},{"@type":"WebSite","@id":"https:\/\/wmtbaltic.lv\/#website","url":"https:\/\/wmtbaltic.lv\/","name":"WMT Baltic","description":"Rekl\u0101mas produkti, pl\u0113ves","publisher":{"@id":"https:\/\/wmtbaltic.lv\/#organization"},"potentialAction":[{"@type":"SearchAction","target":{"@type":"EntryPoint","urlTemplate":"https:\/\/wmtbaltic.lv\/?s={search_term_string}"},"query-input":{"@type":"PropertyValueSpecification","valueRequired":true,"valueName":"search_term_string"}}],"inLanguage":"en-US"},{"@type":"Organization","@id":"https:\/\/wmtbaltic.lv\/#organization","name":"WMT Baltic","url":"https:\/\/wmtbaltic.lv\/","logo":{"@type":"ImageObject","inLanguage":"en-US","@id":"https:\/\/wmtbaltic.lv\/#\/schema\/logo\/image\/","url":"https:\/\/wmtbaltic.lv\/wp-content\/uploads\/2024\/12\/wmt-baltic-sia_107142_9_420x180.jpg","contentUrl":"https:\/\/wmtbaltic.lv\/wp-content\/uploads\/2024\/12\/wmt-baltic-sia_107142_9_420x180.jpg","width":420,"height":180,"caption":"WMT Baltic"},"image":{"@id":"https:\/\/wmtbaltic.lv\/#\/schema\/logo\/image\/"},"sameAs":["https:\/\/www.facebook.com\/WMT.Baltic.viscom\/?locale=lv_LV","https:\/\/www.instagram.com\/viscom_wmt\/"]}]}},"_links":{"self":[{"href":"https:\/\/wmtbaltic.lv\/en\/wp-json\/wp\/v2\/product\/16570","targetHints":{"allow":["GET"]}}],"collection":[{"href":"https:\/\/wmtbaltic.lv\/en\/wp-json\/wp\/v2\/product"}],"about":[{"href":"https:\/\/wmtbaltic.lv\/en\/wp-json\/wp\/v2\/types\/product"}],"wp:featuredmedia":[{"embeddable":true,"href":"https:\/\/wmtbaltic.lv\/en\/wp-json\/wp\/v2\/media\/16571"}],"wp:attachment":[{"href":"https:\/\/wmtbaltic.lv\/en\/wp-json\/wp\/v2\/media?parent=16570"}],"wp:term":[{"taxonomy":"product_brand","embeddable":true,"href":"https:\/\/wmtbaltic.lv\/en\/wp-json\/wp\/v2\/product_brand?post=16570"},{"taxonomy":"product_cat","embeddable":true,"href":"https:\/\/wmtbaltic.lv\/en\/wp-json\/wp\/v2\/product_cat?post=16570"},{"taxonomy":"product_tag","embeddable":true,"href":"https:\/\/wmtbaltic.lv\/en\/wp-json\/wp\/v2\/product_tag?post=16570"}],"curies":[{"name":"wp","href":"https:\/\/api.w.org\/{rel}","templated":true}]}}