{"id":16557,"date":"2024-03-07T10:37:02","date_gmt":"2024-03-07T10:37:02","guid":{"rendered":"https:\/\/wmtbaltic.lv\/?post_type=product&#038;p=16557"},"modified":"2024-03-07T10:39:31","modified_gmt":"2024-03-07T10:39:31","slug":"filmoplast-p90","status":"publish","type":"product","link":"https:\/\/wmtbaltic.lv\/en\/product\/filmoplast-p90\/","title":{"rendered":"Filmoplast P90"},"content":{"rendered":"<p class=\"western\"><span style=\"font-family: Arial, sans-serif;\"><span lang=\"lv-LV\">Balta pap\u012bra lente, 50 g\/m2. Notur\u012bbas, stingr\u012bbas un elast\u012bguma ide\u0101la kombin\u0101cija. Notur\u012bga pret noveco\u0161anu. Nepaliek dzeltena. Speci\u0101la permanenta, elast\u012bga akrila l\u012bme<\/span><\/span><span style=\"font-family: Arial, sans-serif;\"><span lang=\"lv-LV\">, pasarg\u0101 dokumentu no boj\u0101jumiem. <\/span><\/span><span style=\"font-family: Arial, sans-serif;\"><span lang=\"lv-LV\">Paredz\u0113ta saboj\u0101tu lapu malu labo\u0161anai, pap\u012bra lapu iel\u012bm\u0113\u0161anai un gr\u0101matas s\u0113juma iestiprin\u0101\u0161anai apv\u0101kojum\u0101, k\u0101 ar\u012b iztur\u012bbas palielin\u0101\u0161anai.<\/span><\/span><\/p>\n","protected":false},"excerpt":{"rendered":"Balta pap\u012bra lente, 50 g\/m2. Notur\u012bbas, stingr\u012bbas un elast\u012bguma ide\u0101la kombin\u0101cija. Notur\u012bga pret noveco\u0161anu. Nepaliek dzeltena. Speci\u0101la permanenta, elast\u012bga akrila l\u012bme, pasarg\u0101 dokumentu no boj\u0101jumiem. Paredz\u0113ta saboj\u0101tu lapu malu labo\u0161anai, pap\u012bra lapu iel\u012bm\u0113\u0161anai un gr\u0101matas s\u0113juma iestiprin\u0101\u0161anai apv\u0101kojum\u0101, k\u0101 ar\u012b iztur\u012bbas palielin\u0101\u0161anai.","protected":false},"featured_media":16558,"template":"","meta":[],"product_brand":[],"product_cat":[1450],"product_tag":[1316,847,1322],"class_list":{"0":"post-16557","1":"product","2":"type-product","3":"status-publish","4":"has-post-thumbnail","6":"product_cat-gramatu-un-dokumentu-restauracijas-materiali","7":"product_tag-balta","8":"product_tag-lente","9":"product_tag-papira","11":"first","12":"instock","13":"shipping-taxable","14":"product-type-simple"},"yoast_head":"<!-- This site is optimized with the Yoast SEO plugin v27.4 - https:\/\/yoast.com\/product\/yoast-seo-wordpress\/ -->\n<title>Filmoplast P90 - WMT Baltic<\/title>\n<meta name=\"description\" content=\"Balta pap\u012bra lente, 50 g\/m2. Notur\u012bbas, stingr\u012bbas un elast\u012bguma ide\u0101la kombin\u0101cija. Notur\u012bga pret noveco\u0161anu. Nepaliek dzeltena.\" \/>\n<meta name=\"robots\" content=\"index, follow, max-snippet:-1, max-image-preview:large, max-video-preview:-1\" \/>\n<link rel=\"canonical\" href=\"https:\/\/wmtbaltic.lv\/Produkts\/filmoplast-p90\/\" \/>\n<meta property=\"og:locale\" content=\"en_US\" \/>\n<meta property=\"og:type\" content=\"article\" \/>\n<meta property=\"og:title\" content=\"Filmoplast P90 - WMT Baltic\" \/>\n<meta property=\"og:description\" content=\"Balta pap\u012bra lente, 50 g\/m2. Notur\u012bbas, stingr\u012bbas un elast\u012bguma ide\u0101la kombin\u0101cija. Notur\u012bga pret noveco\u0161anu. Nepaliek dzeltena.\" \/>\n<meta property=\"og:url\" content=\"https:\/\/wmtbaltic.lv\/Produkts\/filmoplast-p90\/\" \/>\n<meta property=\"og:site_name\" content=\"WMT Baltic\" \/>\n<meta property=\"article:publisher\" content=\"https:\/\/www.facebook.com\/WMT.Baltic.viscom\/?locale=lv_LV\" \/>\n<meta property=\"article:modified_time\" content=\"2024-03-07T10:39:31+00:00\" \/>\n<meta property=\"og:image\" content=\"http:\/\/wmtbaltic.lv\/wp-content\/uploads\/2024\/03\/C1_filmoplast_P90.png\" \/>\n\t<meta property=\"og:image:width\" content=\"320\" \/>\n\t<meta property=\"og:image:height\" content=\"480\" \/>\n\t<meta property=\"og:image:type\" content=\"image\/png\" \/>\n<meta name=\"twitter:card\" content=\"summary_large_image\" \/>\n<meta name=\"twitter:label1\" content=\"Est. reading time\" \/>\n\t<meta name=\"twitter:data1\" content=\"1 minute\" \/>\n<script type=\"application\/ld+json\" class=\"yoast-schema-graph\">{\"@context\":\"https:\\\/\\\/schema.org\",\"@graph\":[{\"@type\":\"WebPage\",\"@id\":\"https:\\\/\\\/wmtbaltic.lv\\\/Produkts\\\/filmoplast-p90\\\/\",\"url\":\"https:\\\/\\\/wmtbaltic.lv\\\/Produkts\\\/filmoplast-p90\\\/\",\"name\":\"Filmoplast P90 - WMT Baltic\",\"isPartOf\":{\"@id\":\"https:\\\/\\\/wmtbaltic.lv\\\/#website\"},\"primaryImageOfPage\":{\"@id\":\"https:\\\/\\\/wmtbaltic.lv\\\/Produkts\\\/filmoplast-p90\\\/#primaryimage\"},\"image\":{\"@id\":\"https:\\\/\\\/wmtbaltic.lv\\\/Produkts\\\/filmoplast-p90\\\/#primaryimage\"},\"thumbnailUrl\":\"https:\\\/\\\/wmtbaltic.lv\\\/wp-content\\\/uploads\\\/2024\\\/03\\\/C1_filmoplast_P90.png\",\"datePublished\":\"2024-03-07T10:37:02+00:00\",\"dateModified\":\"2024-03-07T10:39:31+00:00\",\"description\":\"Balta pap\u012bra lente, 50 g\\\/m2. Notur\u012bbas, stingr\u012bbas un elast\u012bguma ide\u0101la kombin\u0101cija. Notur\u012bga pret noveco\u0161anu. Nepaliek dzeltena.\",\"breadcrumb\":{\"@id\":\"https:\\\/\\\/wmtbaltic.lv\\\/Produkts\\\/filmoplast-p90\\\/#breadcrumb\"},\"inLanguage\":\"en-US\",\"potentialAction\":[{\"@type\":\"ReadAction\",\"target\":[\"https:\\\/\\\/wmtbaltic.lv\\\/Produkts\\\/filmoplast-p90\\\/\"]}]},{\"@type\":\"ImageObject\",\"inLanguage\":\"en-US\",\"@id\":\"https:\\\/\\\/wmtbaltic.lv\\\/Produkts\\\/filmoplast-p90\\\/#primaryimage\",\"url\":\"https:\\\/\\\/wmtbaltic.lv\\\/wp-content\\\/uploads\\\/2024\\\/03\\\/C1_filmoplast_P90.png\",\"contentUrl\":\"https:\\\/\\\/wmtbaltic.lv\\\/wp-content\\\/uploads\\\/2024\\\/03\\\/C1_filmoplast_P90.png\",\"width\":320,\"height\":480},{\"@type\":\"BreadcrumbList\",\"@id\":\"https:\\\/\\\/wmtbaltic.lv\\\/Produkts\\\/filmoplast-p90\\\/#breadcrumb\",\"itemListElement\":[{\"@type\":\"ListItem\",\"position\":1,\"name\":\"Home\",\"item\":\"https:\\\/\\\/wmtbaltic.lv\\\/en\\\/\"},{\"@type\":\"ListItem\",\"position\":2,\"name\":\"Shop\",\"item\":\"https:\\\/\\\/wmtbaltic.lv\\\/shop\\\/\"},{\"@type\":\"ListItem\",\"position\":3,\"name\":\"Filmoplast P90\"}]},{\"@type\":\"WebSite\",\"@id\":\"https:\\\/\\\/wmtbaltic.lv\\\/#website\",\"url\":\"https:\\\/\\\/wmtbaltic.lv\\\/\",\"name\":\"WMT Baltic\",\"description\":\"Rekl\u0101mas produkti, pl\u0113ves\",\"publisher\":{\"@id\":\"https:\\\/\\\/wmtbaltic.lv\\\/#organization\"},\"potentialAction\":[{\"@type\":\"SearchAction\",\"target\":{\"@type\":\"EntryPoint\",\"urlTemplate\":\"https:\\\/\\\/wmtbaltic.lv\\\/?s={search_term_string}\"},\"query-input\":{\"@type\":\"PropertyValueSpecification\",\"valueRequired\":true,\"valueName\":\"search_term_string\"}}],\"inLanguage\":\"en-US\"},{\"@type\":\"Organization\",\"@id\":\"https:\\\/\\\/wmtbaltic.lv\\\/#organization\",\"name\":\"WMT Baltic\",\"url\":\"https:\\\/\\\/wmtbaltic.lv\\\/\",\"logo\":{\"@type\":\"ImageObject\",\"inLanguage\":\"en-US\",\"@id\":\"https:\\\/\\\/wmtbaltic.lv\\\/#\\\/schema\\\/logo\\\/image\\\/\",\"url\":\"https:\\\/\\\/wmtbaltic.lv\\\/wp-content\\\/uploads\\\/2024\\\/12\\\/wmt-baltic-sia_107142_9_420x180.jpg\",\"contentUrl\":\"https:\\\/\\\/wmtbaltic.lv\\\/wp-content\\\/uploads\\\/2024\\\/12\\\/wmt-baltic-sia_107142_9_420x180.jpg\",\"width\":420,\"height\":180,\"caption\":\"WMT Baltic\"},\"image\":{\"@id\":\"https:\\\/\\\/wmtbaltic.lv\\\/#\\\/schema\\\/logo\\\/image\\\/\"},\"sameAs\":[\"https:\\\/\\\/www.facebook.com\\\/WMT.Baltic.viscom\\\/?locale=lv_LV\",\"https:\\\/\\\/www.instagram.com\\\/viscom_wmt\\\/\"]}]}<\/script>\n<!-- \/ Yoast SEO plugin. -->","yoast_head_json":{"title":"Filmoplast P90 - WMT Baltic","description":"Balta pap\u012bra lente, 50 g\/m2. Notur\u012bbas, stingr\u012bbas un elast\u012bguma ide\u0101la kombin\u0101cija. Notur\u012bga pret noveco\u0161anu. Nepaliek dzeltena.","robots":{"index":"index","follow":"follow","max-snippet":"max-snippet:-1","max-image-preview":"max-image-preview:large","max-video-preview":"max-video-preview:-1"},"canonical":"https:\/\/wmtbaltic.lv\/Produkts\/filmoplast-p90\/","og_locale":"en_US","og_type":"article","og_title":"Filmoplast P90 - WMT Baltic","og_description":"Balta pap\u012bra lente, 50 g\/m2. Notur\u012bbas, stingr\u012bbas un elast\u012bguma ide\u0101la kombin\u0101cija. Notur\u012bga pret noveco\u0161anu. Nepaliek dzeltena.","og_url":"https:\/\/wmtbaltic.lv\/Produkts\/filmoplast-p90\/","og_site_name":"WMT Baltic","article_publisher":"https:\/\/www.facebook.com\/WMT.Baltic.viscom\/?locale=lv_LV","article_modified_time":"2024-03-07T10:39:31+00:00","og_image":[{"width":320,"height":480,"url":"http:\/\/wmtbaltic.lv\/wp-content\/uploads\/2024\/03\/C1_filmoplast_P90.png","type":"image\/png"}],"twitter_card":"summary_large_image","twitter_misc":{"Est. reading time":"1 minute"},"schema":{"@context":"https:\/\/schema.org","@graph":[{"@type":"WebPage","@id":"https:\/\/wmtbaltic.lv\/Produkts\/filmoplast-p90\/","url":"https:\/\/wmtbaltic.lv\/Produkts\/filmoplast-p90\/","name":"Filmoplast P90 - WMT Baltic","isPartOf":{"@id":"https:\/\/wmtbaltic.lv\/#website"},"primaryImageOfPage":{"@id":"https:\/\/wmtbaltic.lv\/Produkts\/filmoplast-p90\/#primaryimage"},"image":{"@id":"https:\/\/wmtbaltic.lv\/Produkts\/filmoplast-p90\/#primaryimage"},"thumbnailUrl":"https:\/\/wmtbaltic.lv\/wp-content\/uploads\/2024\/03\/C1_filmoplast_P90.png","datePublished":"2024-03-07T10:37:02+00:00","dateModified":"2024-03-07T10:39:31+00:00","description":"Balta pap\u012bra lente, 50 g\/m2. Notur\u012bbas, stingr\u012bbas un elast\u012bguma ide\u0101la kombin\u0101cija. Notur\u012bga pret noveco\u0161anu. Nepaliek dzeltena.","breadcrumb":{"@id":"https:\/\/wmtbaltic.lv\/Produkts\/filmoplast-p90\/#breadcrumb"},"inLanguage":"en-US","potentialAction":[{"@type":"ReadAction","target":["https:\/\/wmtbaltic.lv\/Produkts\/filmoplast-p90\/"]}]},{"@type":"ImageObject","inLanguage":"en-US","@id":"https:\/\/wmtbaltic.lv\/Produkts\/filmoplast-p90\/#primaryimage","url":"https:\/\/wmtbaltic.lv\/wp-content\/uploads\/2024\/03\/C1_filmoplast_P90.png","contentUrl":"https:\/\/wmtbaltic.lv\/wp-content\/uploads\/2024\/03\/C1_filmoplast_P90.png","width":320,"height":480},{"@type":"BreadcrumbList","@id":"https:\/\/wmtbaltic.lv\/Produkts\/filmoplast-p90\/#breadcrumb","itemListElement":[{"@type":"ListItem","position":1,"name":"Home","item":"https:\/\/wmtbaltic.lv\/en\/"},{"@type":"ListItem","position":2,"name":"Shop","item":"https:\/\/wmtbaltic.lv\/shop\/"},{"@type":"ListItem","position":3,"name":"Filmoplast P90"}]},{"@type":"WebSite","@id":"https:\/\/wmtbaltic.lv\/#website","url":"https:\/\/wmtbaltic.lv\/","name":"WMT Baltic","description":"Rekl\u0101mas produkti, pl\u0113ves","publisher":{"@id":"https:\/\/wmtbaltic.lv\/#organization"},"potentialAction":[{"@type":"SearchAction","target":{"@type":"EntryPoint","urlTemplate":"https:\/\/wmtbaltic.lv\/?s={search_term_string}"},"query-input":{"@type":"PropertyValueSpecification","valueRequired":true,"valueName":"search_term_string"}}],"inLanguage":"en-US"},{"@type":"Organization","@id":"https:\/\/wmtbaltic.lv\/#organization","name":"WMT Baltic","url":"https:\/\/wmtbaltic.lv\/","logo":{"@type":"ImageObject","inLanguage":"en-US","@id":"https:\/\/wmtbaltic.lv\/#\/schema\/logo\/image\/","url":"https:\/\/wmtbaltic.lv\/wp-content\/uploads\/2024\/12\/wmt-baltic-sia_107142_9_420x180.jpg","contentUrl":"https:\/\/wmtbaltic.lv\/wp-content\/uploads\/2024\/12\/wmt-baltic-sia_107142_9_420x180.jpg","width":420,"height":180,"caption":"WMT Baltic"},"image":{"@id":"https:\/\/wmtbaltic.lv\/#\/schema\/logo\/image\/"},"sameAs":["https:\/\/www.facebook.com\/WMT.Baltic.viscom\/?locale=lv_LV","https:\/\/www.instagram.com\/viscom_wmt\/"]}]}},"_links":{"self":[{"href":"https:\/\/wmtbaltic.lv\/en\/wp-json\/wp\/v2\/product\/16557","targetHints":{"allow":["GET"]}}],"collection":[{"href":"https:\/\/wmtbaltic.lv\/en\/wp-json\/wp\/v2\/product"}],"about":[{"href":"https:\/\/wmtbaltic.lv\/en\/wp-json\/wp\/v2\/types\/product"}],"wp:featuredmedia":[{"embeddable":true,"href":"https:\/\/wmtbaltic.lv\/en\/wp-json\/wp\/v2\/media\/16558"}],"wp:attachment":[{"href":"https:\/\/wmtbaltic.lv\/en\/wp-json\/wp\/v2\/media?parent=16557"}],"wp:term":[{"taxonomy":"product_brand","embeddable":true,"href":"https:\/\/wmtbaltic.lv\/en\/wp-json\/wp\/v2\/product_brand?post=16557"},{"taxonomy":"product_cat","embeddable":true,"href":"https:\/\/wmtbaltic.lv\/en\/wp-json\/wp\/v2\/product_cat?post=16557"},{"taxonomy":"product_tag","embeddable":true,"href":"https:\/\/wmtbaltic.lv\/en\/wp-json\/wp\/v2\/product_tag?post=16557"}],"curies":[{"name":"wp","href":"https:\/\/api.w.org\/{rel}","templated":true}]}}