{"id":16533,"date":"2024-03-07T09:49:32","date_gmt":"2024-03-07T09:49:32","guid":{"rendered":"https:\/\/wmtbaltic.lv\/?post_type=product&#038;p=16533"},"modified":"2024-03-07T09:49:35","modified_gmt":"2024-03-07T09:49:35","slug":"filmolux-soft","status":"publish","type":"product","link":"https:\/\/wmtbaltic.lv\/en\/product\/filmolux-soft\/","title":{"rendered":"Filmolux soft"},"content":{"rendered":"<p class=\"western\" align=\"JUSTIFY\"><span style=\"font-family: Arial, sans-serif;\"><span lang=\"lv-LV\">Caursp\u012bd\u012bga, glanc\u0113ta PVC aizsargpl\u0113ve, UV stabila, 70 \u00b5m ar samazin\u0101tu s\u0101kotn\u0113jo adh\u0113ziju. \u013bauj labot darba gait\u0101 radu\u0161\u0101s k\u013c\u016bdas. L\u012bme nesatur \u0161\u0137\u012bdin\u0101t\u0101jus. Izmantojama k\u0101 aizsargsl\u0101nis pret nolieto\u0161anos. Pamatnei ir iegriezumi, kas atvieglo t\u0101s no\u0146em\u0161anu no pl\u0113ves.<\/span><\/span><\/p>\n","protected":false},"excerpt":{"rendered":"Caursp\u012bd\u012bga, glanc\u0113ta PVC aizsargpl\u0113ve, UV stabila, 70 \u00b5m ar samazin\u0101tu s\u0101kotn\u0113jo adh\u0113ziju. \u013bauj labot darba gait\u0101 radu\u0161\u0101s k\u013c\u016bdas. L\u012bme nesatur \u0161\u0137\u012bdin\u0101t\u0101jus. Izmantojama k\u0101 aizsargsl\u0101nis pret nolieto\u0161anos. Pamatnei ir iegriezumi, kas atvieglo t\u0101s no\u0146em\u0161anu no pl\u0113ves.","protected":false},"featured_media":16538,"template":"","meta":[],"product_brand":[],"product_cat":[1450],"product_tag":[1455,1456,729,1452,1451],"class_list":{"0":"post-16533","1":"product","2":"type-product","3":"status-publish","4":"has-post-thumbnail","6":"product_cat-gramatu-un-dokumentu-restauracijas-materiali","7":"product_tag-dokumentu","8":"product_tag-gramatu","9":"product_tag-iekartas","10":"product_tag-materiali","11":"product_tag-restauracijas","13":"first","14":"instock","15":"shipping-taxable","16":"product-type-simple"},"yoast_head":"<!-- This site is optimized with the Yoast SEO plugin v27.4 - https:\/\/yoast.com\/product\/yoast-seo-wordpress\/ -->\n<title>Filmolux soft - WMT Baltic<\/title>\n<meta name=\"description\" content=\"Caursp\u012bd\u012bga, glanc\u0113ta PVC aizsargpl\u0113ve, UV stabila, 70 \u00b5m ar samazin\u0101tu s\u0101kotn\u0113jo adh\u0113ziju. \u013bauj labot darba gait\u0101 radu\u0161\u0101s k\u013c\u016bdas.\" \/>\n<meta name=\"robots\" content=\"index, follow, max-snippet:-1, max-image-preview:large, max-video-preview:-1\" \/>\n<link rel=\"canonical\" href=\"https:\/\/wmtbaltic.lv\/Produkts\/filmolux-soft\/\" \/>\n<meta property=\"og:locale\" content=\"en_US\" \/>\n<meta property=\"og:type\" content=\"article\" \/>\n<meta property=\"og:title\" content=\"Filmolux soft - WMT Baltic\" \/>\n<meta property=\"og:description\" content=\"Caursp\u012bd\u012bga, glanc\u0113ta PVC aizsargpl\u0113ve, UV stabila, 70 \u00b5m ar samazin\u0101tu s\u0101kotn\u0113jo adh\u0113ziju. \u013bauj labot darba gait\u0101 radu\u0161\u0101s k\u013c\u016bdas.\" \/>\n<meta property=\"og:url\" content=\"https:\/\/wmtbaltic.lv\/Produkts\/filmolux-soft\/\" \/>\n<meta property=\"og:site_name\" content=\"WMT Baltic\" \/>\n<meta property=\"article:publisher\" content=\"https:\/\/www.facebook.com\/WMT.Baltic.viscom\/?locale=lv_LV\" \/>\n<meta property=\"article:modified_time\" content=\"2024-03-07T09:49:35+00:00\" \/>\n<meta property=\"og:image\" content=\"http:\/\/wmtbaltic.lv\/wp-content\/uploads\/2024\/03\/wmtbaltic_filmolux-soft.png\" \/>\n\t<meta property=\"og:image:width\" content=\"476\" \/>\n\t<meta property=\"og:image:height\" content=\"480\" \/>\n\t<meta property=\"og:image:type\" content=\"image\/png\" \/>\n<meta name=\"twitter:card\" content=\"summary_large_image\" \/>\n<meta name=\"twitter:label1\" content=\"Est. reading time\" \/>\n\t<meta name=\"twitter:data1\" content=\"1 minute\" \/>\n<script type=\"application\/ld+json\" class=\"yoast-schema-graph\">{\"@context\":\"https:\\\/\\\/schema.org\",\"@graph\":[{\"@type\":\"WebPage\",\"@id\":\"https:\\\/\\\/wmtbaltic.lv\\\/Produkts\\\/filmolux-soft\\\/\",\"url\":\"https:\\\/\\\/wmtbaltic.lv\\\/Produkts\\\/filmolux-soft\\\/\",\"name\":\"Filmolux soft - WMT Baltic\",\"isPartOf\":{\"@id\":\"https:\\\/\\\/wmtbaltic.lv\\\/#website\"},\"primaryImageOfPage\":{\"@id\":\"https:\\\/\\\/wmtbaltic.lv\\\/Produkts\\\/filmolux-soft\\\/#primaryimage\"},\"image\":{\"@id\":\"https:\\\/\\\/wmtbaltic.lv\\\/Produkts\\\/filmolux-soft\\\/#primaryimage\"},\"thumbnailUrl\":\"https:\\\/\\\/wmtbaltic.lv\\\/wp-content\\\/uploads\\\/2024\\\/03\\\/wmtbaltic_filmolux-soft.png\",\"datePublished\":\"2024-03-07T09:49:32+00:00\",\"dateModified\":\"2024-03-07T09:49:35+00:00\",\"description\":\"Caursp\u012bd\u012bga, glanc\u0113ta PVC aizsargpl\u0113ve, UV stabila, 70 \u00b5m ar samazin\u0101tu s\u0101kotn\u0113jo adh\u0113ziju. \u013bauj labot darba gait\u0101 radu\u0161\u0101s k\u013c\u016bdas.\",\"breadcrumb\":{\"@id\":\"https:\\\/\\\/wmtbaltic.lv\\\/Produkts\\\/filmolux-soft\\\/#breadcrumb\"},\"inLanguage\":\"en-US\",\"potentialAction\":[{\"@type\":\"ReadAction\",\"target\":[\"https:\\\/\\\/wmtbaltic.lv\\\/Produkts\\\/filmolux-soft\\\/\"]}]},{\"@type\":\"ImageObject\",\"inLanguage\":\"en-US\",\"@id\":\"https:\\\/\\\/wmtbaltic.lv\\\/Produkts\\\/filmolux-soft\\\/#primaryimage\",\"url\":\"https:\\\/\\\/wmtbaltic.lv\\\/wp-content\\\/uploads\\\/2024\\\/03\\\/wmtbaltic_filmolux-soft.png\",\"contentUrl\":\"https:\\\/\\\/wmtbaltic.lv\\\/wp-content\\\/uploads\\\/2024\\\/03\\\/wmtbaltic_filmolux-soft.png\",\"width\":476,\"height\":480},{\"@type\":\"BreadcrumbList\",\"@id\":\"https:\\\/\\\/wmtbaltic.lv\\\/Produkts\\\/filmolux-soft\\\/#breadcrumb\",\"itemListElement\":[{\"@type\":\"ListItem\",\"position\":1,\"name\":\"Home\",\"item\":\"https:\\\/\\\/wmtbaltic.lv\\\/en\\\/\"},{\"@type\":\"ListItem\",\"position\":2,\"name\":\"Shop\",\"item\":\"https:\\\/\\\/wmtbaltic.lv\\\/shop\\\/\"},{\"@type\":\"ListItem\",\"position\":3,\"name\":\"Filmolux soft\"}]},{\"@type\":\"WebSite\",\"@id\":\"https:\\\/\\\/wmtbaltic.lv\\\/#website\",\"url\":\"https:\\\/\\\/wmtbaltic.lv\\\/\",\"name\":\"WMT Baltic\",\"description\":\"Rekl\u0101mas produkti, pl\u0113ves\",\"publisher\":{\"@id\":\"https:\\\/\\\/wmtbaltic.lv\\\/#organization\"},\"potentialAction\":[{\"@type\":\"SearchAction\",\"target\":{\"@type\":\"EntryPoint\",\"urlTemplate\":\"https:\\\/\\\/wmtbaltic.lv\\\/?s={search_term_string}\"},\"query-input\":{\"@type\":\"PropertyValueSpecification\",\"valueRequired\":true,\"valueName\":\"search_term_string\"}}],\"inLanguage\":\"en-US\"},{\"@type\":\"Organization\",\"@id\":\"https:\\\/\\\/wmtbaltic.lv\\\/#organization\",\"name\":\"WMT Baltic\",\"url\":\"https:\\\/\\\/wmtbaltic.lv\\\/\",\"logo\":{\"@type\":\"ImageObject\",\"inLanguage\":\"en-US\",\"@id\":\"https:\\\/\\\/wmtbaltic.lv\\\/#\\\/schema\\\/logo\\\/image\\\/\",\"url\":\"https:\\\/\\\/wmtbaltic.lv\\\/wp-content\\\/uploads\\\/2024\\\/12\\\/wmt-baltic-sia_107142_9_420x180.jpg\",\"contentUrl\":\"https:\\\/\\\/wmtbaltic.lv\\\/wp-content\\\/uploads\\\/2024\\\/12\\\/wmt-baltic-sia_107142_9_420x180.jpg\",\"width\":420,\"height\":180,\"caption\":\"WMT Baltic\"},\"image\":{\"@id\":\"https:\\\/\\\/wmtbaltic.lv\\\/#\\\/schema\\\/logo\\\/image\\\/\"},\"sameAs\":[\"https:\\\/\\\/www.facebook.com\\\/WMT.Baltic.viscom\\\/?locale=lv_LV\",\"https:\\\/\\\/www.instagram.com\\\/viscom_wmt\\\/\"]}]}<\/script>\n<!-- \/ Yoast SEO plugin. -->","yoast_head_json":{"title":"Filmolux soft - WMT Baltic","description":"Caursp\u012bd\u012bga, glanc\u0113ta PVC aizsargpl\u0113ve, UV stabila, 70 \u00b5m ar samazin\u0101tu s\u0101kotn\u0113jo adh\u0113ziju. \u013bauj labot darba gait\u0101 radu\u0161\u0101s k\u013c\u016bdas.","robots":{"index":"index","follow":"follow","max-snippet":"max-snippet:-1","max-image-preview":"max-image-preview:large","max-video-preview":"max-video-preview:-1"},"canonical":"https:\/\/wmtbaltic.lv\/Produkts\/filmolux-soft\/","og_locale":"en_US","og_type":"article","og_title":"Filmolux soft - WMT Baltic","og_description":"Caursp\u012bd\u012bga, glanc\u0113ta PVC aizsargpl\u0113ve, UV stabila, 70 \u00b5m ar samazin\u0101tu s\u0101kotn\u0113jo adh\u0113ziju. \u013bauj labot darba gait\u0101 radu\u0161\u0101s k\u013c\u016bdas.","og_url":"https:\/\/wmtbaltic.lv\/Produkts\/filmolux-soft\/","og_site_name":"WMT Baltic","article_publisher":"https:\/\/www.facebook.com\/WMT.Baltic.viscom\/?locale=lv_LV","article_modified_time":"2024-03-07T09:49:35+00:00","og_image":[{"width":476,"height":480,"url":"http:\/\/wmtbaltic.lv\/wp-content\/uploads\/2024\/03\/wmtbaltic_filmolux-soft.png","type":"image\/png"}],"twitter_card":"summary_large_image","twitter_misc":{"Est. reading time":"1 minute"},"schema":{"@context":"https:\/\/schema.org","@graph":[{"@type":"WebPage","@id":"https:\/\/wmtbaltic.lv\/Produkts\/filmolux-soft\/","url":"https:\/\/wmtbaltic.lv\/Produkts\/filmolux-soft\/","name":"Filmolux soft - WMT Baltic","isPartOf":{"@id":"https:\/\/wmtbaltic.lv\/#website"},"primaryImageOfPage":{"@id":"https:\/\/wmtbaltic.lv\/Produkts\/filmolux-soft\/#primaryimage"},"image":{"@id":"https:\/\/wmtbaltic.lv\/Produkts\/filmolux-soft\/#primaryimage"},"thumbnailUrl":"https:\/\/wmtbaltic.lv\/wp-content\/uploads\/2024\/03\/wmtbaltic_filmolux-soft.png","datePublished":"2024-03-07T09:49:32+00:00","dateModified":"2024-03-07T09:49:35+00:00","description":"Caursp\u012bd\u012bga, glanc\u0113ta PVC aizsargpl\u0113ve, UV stabila, 70 \u00b5m ar samazin\u0101tu s\u0101kotn\u0113jo adh\u0113ziju. \u013bauj labot darba gait\u0101 radu\u0161\u0101s k\u013c\u016bdas.","breadcrumb":{"@id":"https:\/\/wmtbaltic.lv\/Produkts\/filmolux-soft\/#breadcrumb"},"inLanguage":"en-US","potentialAction":[{"@type":"ReadAction","target":["https:\/\/wmtbaltic.lv\/Produkts\/filmolux-soft\/"]}]},{"@type":"ImageObject","inLanguage":"en-US","@id":"https:\/\/wmtbaltic.lv\/Produkts\/filmolux-soft\/#primaryimage","url":"https:\/\/wmtbaltic.lv\/wp-content\/uploads\/2024\/03\/wmtbaltic_filmolux-soft.png","contentUrl":"https:\/\/wmtbaltic.lv\/wp-content\/uploads\/2024\/03\/wmtbaltic_filmolux-soft.png","width":476,"height":480},{"@type":"BreadcrumbList","@id":"https:\/\/wmtbaltic.lv\/Produkts\/filmolux-soft\/#breadcrumb","itemListElement":[{"@type":"ListItem","position":1,"name":"Home","item":"https:\/\/wmtbaltic.lv\/en\/"},{"@type":"ListItem","position":2,"name":"Shop","item":"https:\/\/wmtbaltic.lv\/shop\/"},{"@type":"ListItem","position":3,"name":"Filmolux soft"}]},{"@type":"WebSite","@id":"https:\/\/wmtbaltic.lv\/#website","url":"https:\/\/wmtbaltic.lv\/","name":"WMT Baltic","description":"Rekl\u0101mas produkti, pl\u0113ves","publisher":{"@id":"https:\/\/wmtbaltic.lv\/#organization"},"potentialAction":[{"@type":"SearchAction","target":{"@type":"EntryPoint","urlTemplate":"https:\/\/wmtbaltic.lv\/?s={search_term_string}"},"query-input":{"@type":"PropertyValueSpecification","valueRequired":true,"valueName":"search_term_string"}}],"inLanguage":"en-US"},{"@type":"Organization","@id":"https:\/\/wmtbaltic.lv\/#organization","name":"WMT Baltic","url":"https:\/\/wmtbaltic.lv\/","logo":{"@type":"ImageObject","inLanguage":"en-US","@id":"https:\/\/wmtbaltic.lv\/#\/schema\/logo\/image\/","url":"https:\/\/wmtbaltic.lv\/wp-content\/uploads\/2024\/12\/wmt-baltic-sia_107142_9_420x180.jpg","contentUrl":"https:\/\/wmtbaltic.lv\/wp-content\/uploads\/2024\/12\/wmt-baltic-sia_107142_9_420x180.jpg","width":420,"height":180,"caption":"WMT Baltic"},"image":{"@id":"https:\/\/wmtbaltic.lv\/#\/schema\/logo\/image\/"},"sameAs":["https:\/\/www.facebook.com\/WMT.Baltic.viscom\/?locale=lv_LV","https:\/\/www.instagram.com\/viscom_wmt\/"]}]}},"_links":{"self":[{"href":"https:\/\/wmtbaltic.lv\/en\/wp-json\/wp\/v2\/product\/16533","targetHints":{"allow":["GET"]}}],"collection":[{"href":"https:\/\/wmtbaltic.lv\/en\/wp-json\/wp\/v2\/product"}],"about":[{"href":"https:\/\/wmtbaltic.lv\/en\/wp-json\/wp\/v2\/types\/product"}],"wp:featuredmedia":[{"embeddable":true,"href":"https:\/\/wmtbaltic.lv\/en\/wp-json\/wp\/v2\/media\/16538"}],"wp:attachment":[{"href":"https:\/\/wmtbaltic.lv\/en\/wp-json\/wp\/v2\/media?parent=16533"}],"wp:term":[{"taxonomy":"product_brand","embeddable":true,"href":"https:\/\/wmtbaltic.lv\/en\/wp-json\/wp\/v2\/product_brand?post=16533"},{"taxonomy":"product_cat","embeddable":true,"href":"https:\/\/wmtbaltic.lv\/en\/wp-json\/wp\/v2\/product_cat?post=16533"},{"taxonomy":"product_tag","embeddable":true,"href":"https:\/\/wmtbaltic.lv\/en\/wp-json\/wp\/v2\/product_tag?post=16533"}],"curies":[{"name":"wp","href":"https:\/\/api.w.org\/{rel}","templated":true}]}}