{"id":16480,"date":"2024-02-29T09:20:55","date_gmt":"2024-02-29T09:20:55","guid":{"rendered":"https:\/\/wmtbaltic.lv\/?post_type=product&#038;p=16480"},"modified":"2024-02-29T09:58:46","modified_gmt":"2024-02-29T09:58:46","slug":"spogulpleve-mirror-me-1-27-m","status":"publish","type":"product","link":"https:\/\/wmtbaltic.lv\/en\/product\/spogulpleve-mirror-me-1-27-m\/","title":{"rendered":"Spogu\u013cpl\u0113ve Mirror Me, 1.27 m"},"content":{"rendered":"<p>Pa\u0161l\u012bm\u0113jo\u0161\u0101 spogu\u013cpl\u0113ve ar perfektu att\u0113la skaidr\u012bbu, tiek izmantota interjera dizainam un sienu dekor\u0113\u0161anai. Sal\u012bdzinot ar cit\u0101m pl\u0113v\u0113m, \u0161ai augstas kvalit\u0101tes pl\u0113vei ir \u012bsts spogu\u013ca efekts. L\u012bmpl\u0113ves biezums 180\u00b5m \u013cauj veidot \u012bsta spogu\u013ca efektu J\u016bsu interjer\u0101. Uz aug\u0161\u0113j\u0101 sl\u0101\u0146a aizsargpl\u0113ve. \u012apa\u0161i iztur\u012bga pret skr\u0101p\u0113jumiem, pamatnes \u012bpa\u0161a mikrostrukt\u016bra (Air Channel Technology) \u013cauj izvair\u012bties no gaisa burbul\u012b\u0161u veido\u0161anas, samazina aplik\u0101cijas p\u0101rneses laiku.<\/p>\n<p><strong>\u012apa\u0161\u012bbas:<\/strong><\/p>\n<p>&nbsp;<\/p>\n<p>Materi\u0101ls: PET<\/p>\n<p>Biezums: 180\u00b5m<\/p>\n<p>Kr\u0101sa: sudraba, glanc\u0113ta<\/p>\n<p>L\u012bmsl\u0101nis: solventa poliakril\u0101ts ar gaisa kan\u0101liem<\/p>\n<p>L\u012bm\u0113\u0161ana: uz l\u012bdzen\u0101m virsm\u0101m<\/p>\n<p>L\u012bm\u0113\u0161anas temperat\u016bra: &gt;10\u00b0C<\/p>\n<p>Temperat\u016bras iztur\u012bba: -30\u2103 &#8211; +60\u2103<\/p>\n<p>Pl\u0113ves pamatne: 23\u00b5m PET Liner<\/p>\n<p>&nbsp;<\/p>\n<p>Cena par teko\u0161o metru.<\/p>\n<p>Pl\u0113ves platums 1.27m.<\/p>\n<p>Rull\u012b 50 m.<\/p>\n<p>Tehniskais apraksts: <a href=\"http:\/\/wmtbaltic.lv\/wp-content\/uploads\/2024\/02\/orangeJet-MirrorMe-TDS-SMS.pdf\">MirrorMe TDS <\/a><\/p>\n","protected":false},"excerpt":{"rendered":"Pa\u0161l\u012bm\u0113jo\u0161\u0101 spogu\u013cpl\u0113ve ar perfektu att\u0113la skaidr\u012bbu, tiek izmantota interjera dizainam un sienu dekor\u0113\u0161anai. Sal\u012bdzinot ar cit\u0101m pl\u0113v\u0113m, \u0161ai augstas kvalit\u0101tes pl\u0113vei ir \u012bsts spogu\u013ca efekts. L\u012bmpl\u0113ves biezums 180\u00b5m \u013cauj veidot \u012bsta spogu\u013ca efektu J\u016bsu interjer\u0101. Uz aug\u0161\u0113j\u0101 sl\u0101\u0146a aizsargpl\u0113ve. \u012apa\u0161i iztur\u012bga pret skr\u0101p\u0113jumiem, pamatnes \u012bpa\u0161a mikrostrukt\u016bra (Air Channel Technology) \u013cauj izvair\u012bties no gaisa burbul\u012b\u0161u veido\u0161anas, [...]","protected":false},"featured_media":16483,"comment_status":"closed","ping_status":"closed","template":"","meta":[],"product_brand":[],"product_cat":[165,404,389],"product_tag":[485,492],"class_list":{"0":"post-16480","1":"product","2":"type-product","3":"status-publish","4":"has-post-thumbnail","6":"product_cat-metalizetas-pleves-drukai","7":"product_cat-metalizetas-un-holografiskas-limpleves","8":"product_cat-spogulpleves","9":"product_tag-metalizetas-pleves","10":"product_tag-spogulpleves","12":"first","13":"instock","14":"shipping-taxable","15":"purchasable","16":"product-type-simple"},"yoast_head":"<!-- This site is optimized with the Yoast SEO plugin v27.5 - https:\/\/yoast.com\/product\/yoast-seo-wordpress\/ -->\n<title>Spogu\u013cpl\u0113ve Mirror Me, 1.27 m , nopirkt R\u012bg\u0101<\/title>\n<meta name=\"description\" content=\"Spogu\u013cpl\u0113ve Mirror Silver Vinyl, nopirkt R\u012bg\u0101\" \/>\n<meta name=\"robots\" content=\"index, follow, max-snippet:-1, max-image-preview:large, max-video-preview:-1\" \/>\n<link rel=\"canonical\" href=\"https:\/\/wmtbaltic.lv\/Produkts\/spogulpleve-mirror-me-1-27-m\/\" \/>\n<meta property=\"og:locale\" content=\"en_US\" \/>\n<meta property=\"og:type\" content=\"article\" \/>\n<meta property=\"og:title\" content=\"Spogu\u013cpl\u0113ve Mirror Me, 1.27 m , nopirkt R\u012bg\u0101\" \/>\n<meta property=\"og:description\" content=\"Spogu\u013cpl\u0113ve Mirror Silver Vinyl, nopirkt R\u012bg\u0101\" \/>\n<meta property=\"og:url\" content=\"https:\/\/wmtbaltic.lv\/Produkts\/spogulpleve-mirror-me-1-27-m\/\" \/>\n<meta property=\"og:site_name\" content=\"WMT Baltic\" \/>\n<meta property=\"article:publisher\" content=\"https:\/\/www.facebook.com\/WMT.Baltic.viscom\/?locale=lv_LV\" \/>\n<meta property=\"article:modified_time\" content=\"2024-02-29T09:58:46+00:00\" \/>\n<meta property=\"og:image\" content=\"http:\/\/wmtbaltic.lv\/wp-content\/uploads\/2024\/02\/Spogulpleve-sienam_3_wmt.baltic-scaled.jpg\" \/>\n\t<meta property=\"og:image:width\" content=\"2560\" \/>\n\t<meta property=\"og:image:height\" content=\"2560\" \/>\n\t<meta property=\"og:image:type\" content=\"image\/jpeg\" \/>\n<meta name=\"twitter:card\" content=\"summary_large_image\" \/>\n<meta name=\"twitter:label1\" content=\"Est. reading time\" \/>\n\t<meta name=\"twitter:data1\" content=\"1 minute\" \/>\n<script type=\"application\/ld+json\" class=\"yoast-schema-graph\">{\"@context\":\"https:\\\/\\\/schema.org\",\"@graph\":[{\"@type\":\"WebPage\",\"@id\":\"https:\\\/\\\/wmtbaltic.lv\\\/Produkts\\\/spogulpleve-mirror-me-1-27-m\\\/\",\"url\":\"https:\\\/\\\/wmtbaltic.lv\\\/Produkts\\\/spogulpleve-mirror-me-1-27-m\\\/\",\"name\":\"Spogu\u013cpl\u0113ve Mirror Me, 1.27 m , nopirkt R\u012bg\u0101\",\"isPartOf\":{\"@id\":\"https:\\\/\\\/wmtbaltic.lv\\\/#website\"},\"primaryImageOfPage\":{\"@id\":\"https:\\\/\\\/wmtbaltic.lv\\\/Produkts\\\/spogulpleve-mirror-me-1-27-m\\\/#primaryimage\"},\"image\":{\"@id\":\"https:\\\/\\\/wmtbaltic.lv\\\/Produkts\\\/spogulpleve-mirror-me-1-27-m\\\/#primaryimage\"},\"thumbnailUrl\":\"https:\\\/\\\/wmtbaltic.lv\\\/wp-content\\\/uploads\\\/2024\\\/02\\\/Spogulpleve-sienam_3_wmt.baltic-scaled.jpg\",\"datePublished\":\"2024-02-29T09:20:55+00:00\",\"dateModified\":\"2024-02-29T09:58:46+00:00\",\"description\":\"Spogu\u013cpl\u0113ve Mirror Silver Vinyl, nopirkt R\u012bg\u0101\",\"breadcrumb\":{\"@id\":\"https:\\\/\\\/wmtbaltic.lv\\\/Produkts\\\/spogulpleve-mirror-me-1-27-m\\\/#breadcrumb\"},\"inLanguage\":\"en-US\",\"potentialAction\":[{\"@type\":\"ReadAction\",\"target\":[\"https:\\\/\\\/wmtbaltic.lv\\\/Produkts\\\/spogulpleve-mirror-me-1-27-m\\\/\"]}]},{\"@type\":\"ImageObject\",\"inLanguage\":\"en-US\",\"@id\":\"https:\\\/\\\/wmtbaltic.lv\\\/Produkts\\\/spogulpleve-mirror-me-1-27-m\\\/#primaryimage\",\"url\":\"https:\\\/\\\/wmtbaltic.lv\\\/wp-content\\\/uploads\\\/2024\\\/02\\\/Spogulpleve-sienam_3_wmt.baltic-scaled.jpg\",\"contentUrl\":\"https:\\\/\\\/wmtbaltic.lv\\\/wp-content\\\/uploads\\\/2024\\\/02\\\/Spogulpleve-sienam_3_wmt.baltic-scaled.jpg\",\"width\":2560,\"height\":2560},{\"@type\":\"BreadcrumbList\",\"@id\":\"https:\\\/\\\/wmtbaltic.lv\\\/Produkts\\\/spogulpleve-mirror-me-1-27-m\\\/#breadcrumb\",\"itemListElement\":[{\"@type\":\"ListItem\",\"position\":1,\"name\":\"Home\",\"item\":\"https:\\\/\\\/wmtbaltic.lv\\\/en\\\/\"},{\"@type\":\"ListItem\",\"position\":2,\"name\":\"Products\",\"item\":\"https:\\\/\\\/wmtbaltic.lv\\\/en\\\/shop\\\/\"},{\"@type\":\"ListItem\",\"position\":3,\"name\":\"Spogu\u013cpl\u0113ve Mirror Me, 1.27 m\"}]},{\"@type\":\"WebSite\",\"@id\":\"https:\\\/\\\/wmtbaltic.lv\\\/#website\",\"url\":\"https:\\\/\\\/wmtbaltic.lv\\\/\",\"name\":\"WMT Baltic\",\"description\":\"Rekl\u0101mas produkti, pl\u0113ves\",\"publisher\":{\"@id\":\"https:\\\/\\\/wmtbaltic.lv\\\/#organization\"},\"potentialAction\":[{\"@type\":\"SearchAction\",\"target\":{\"@type\":\"EntryPoint\",\"urlTemplate\":\"https:\\\/\\\/wmtbaltic.lv\\\/?s={search_term_string}\"},\"query-input\":{\"@type\":\"PropertyValueSpecification\",\"valueRequired\":true,\"valueName\":\"search_term_string\"}}],\"inLanguage\":\"en-US\"},{\"@type\":\"Organization\",\"@id\":\"https:\\\/\\\/wmtbaltic.lv\\\/#organization\",\"name\":\"WMT Baltic\",\"url\":\"https:\\\/\\\/wmtbaltic.lv\\\/\",\"logo\":{\"@type\":\"ImageObject\",\"inLanguage\":\"en-US\",\"@id\":\"https:\\\/\\\/wmtbaltic.lv\\\/#\\\/schema\\\/logo\\\/image\\\/\",\"url\":\"https:\\\/\\\/wmtbaltic.lv\\\/wp-content\\\/uploads\\\/2024\\\/12\\\/wmt-baltic-sia_107142_9_420x180.jpg\",\"contentUrl\":\"https:\\\/\\\/wmtbaltic.lv\\\/wp-content\\\/uploads\\\/2024\\\/12\\\/wmt-baltic-sia_107142_9_420x180.jpg\",\"width\":420,\"height\":180,\"caption\":\"WMT Baltic\"},\"image\":{\"@id\":\"https:\\\/\\\/wmtbaltic.lv\\\/#\\\/schema\\\/logo\\\/image\\\/\"},\"sameAs\":[\"https:\\\/\\\/www.facebook.com\\\/WMT.Baltic.viscom\\\/?locale=lv_LV\",\"https:\\\/\\\/www.instagram.com\\\/viscom_wmt\\\/\"]}]}<\/script>\n<!-- \/ Yoast SEO plugin. -->","yoast_head_json":{"title":"Spogu\u013cpl\u0113ve Mirror Me, 1.27 m , nopirkt R\u012bg\u0101","description":"Spogu\u013cpl\u0113ve Mirror Silver Vinyl, nopirkt R\u012bg\u0101","robots":{"index":"index","follow":"follow","max-snippet":"max-snippet:-1","max-image-preview":"max-image-preview:large","max-video-preview":"max-video-preview:-1"},"canonical":"https:\/\/wmtbaltic.lv\/Produkts\/spogulpleve-mirror-me-1-27-m\/","og_locale":"en_US","og_type":"article","og_title":"Spogu\u013cpl\u0113ve Mirror Me, 1.27 m , nopirkt R\u012bg\u0101","og_description":"Spogu\u013cpl\u0113ve Mirror Silver Vinyl, nopirkt R\u012bg\u0101","og_url":"https:\/\/wmtbaltic.lv\/Produkts\/spogulpleve-mirror-me-1-27-m\/","og_site_name":"WMT Baltic","article_publisher":"https:\/\/www.facebook.com\/WMT.Baltic.viscom\/?locale=lv_LV","article_modified_time":"2024-02-29T09:58:46+00:00","og_image":[{"width":2560,"height":2560,"url":"http:\/\/wmtbaltic.lv\/wp-content\/uploads\/2024\/02\/Spogulpleve-sienam_3_wmt.baltic-scaled.jpg","type":"image\/jpeg"}],"twitter_card":"summary_large_image","twitter_misc":{"Est. reading time":"1 minute"},"schema":{"@context":"https:\/\/schema.org","@graph":[{"@type":"WebPage","@id":"https:\/\/wmtbaltic.lv\/Produkts\/spogulpleve-mirror-me-1-27-m\/","url":"https:\/\/wmtbaltic.lv\/Produkts\/spogulpleve-mirror-me-1-27-m\/","name":"Spogu\u013cpl\u0113ve Mirror Me, 1.27 m , nopirkt R\u012bg\u0101","isPartOf":{"@id":"https:\/\/wmtbaltic.lv\/#website"},"primaryImageOfPage":{"@id":"https:\/\/wmtbaltic.lv\/Produkts\/spogulpleve-mirror-me-1-27-m\/#primaryimage"},"image":{"@id":"https:\/\/wmtbaltic.lv\/Produkts\/spogulpleve-mirror-me-1-27-m\/#primaryimage"},"thumbnailUrl":"https:\/\/wmtbaltic.lv\/wp-content\/uploads\/2024\/02\/Spogulpleve-sienam_3_wmt.baltic-scaled.jpg","datePublished":"2024-02-29T09:20:55+00:00","dateModified":"2024-02-29T09:58:46+00:00","description":"Spogu\u013cpl\u0113ve Mirror Silver Vinyl, nopirkt R\u012bg\u0101","breadcrumb":{"@id":"https:\/\/wmtbaltic.lv\/Produkts\/spogulpleve-mirror-me-1-27-m\/#breadcrumb"},"inLanguage":"en-US","potentialAction":[{"@type":"ReadAction","target":["https:\/\/wmtbaltic.lv\/Produkts\/spogulpleve-mirror-me-1-27-m\/"]}]},{"@type":"ImageObject","inLanguage":"en-US","@id":"https:\/\/wmtbaltic.lv\/Produkts\/spogulpleve-mirror-me-1-27-m\/#primaryimage","url":"https:\/\/wmtbaltic.lv\/wp-content\/uploads\/2024\/02\/Spogulpleve-sienam_3_wmt.baltic-scaled.jpg","contentUrl":"https:\/\/wmtbaltic.lv\/wp-content\/uploads\/2024\/02\/Spogulpleve-sienam_3_wmt.baltic-scaled.jpg","width":2560,"height":2560},{"@type":"BreadcrumbList","@id":"https:\/\/wmtbaltic.lv\/Produkts\/spogulpleve-mirror-me-1-27-m\/#breadcrumb","itemListElement":[{"@type":"ListItem","position":1,"name":"Home","item":"https:\/\/wmtbaltic.lv\/en\/"},{"@type":"ListItem","position":2,"name":"Products","item":"https:\/\/wmtbaltic.lv\/en\/shop\/"},{"@type":"ListItem","position":3,"name":"Spogu\u013cpl\u0113ve Mirror Me, 1.27 m"}]},{"@type":"WebSite","@id":"https:\/\/wmtbaltic.lv\/#website","url":"https:\/\/wmtbaltic.lv\/","name":"WMT Baltic","description":"Rekl\u0101mas produkti, pl\u0113ves","publisher":{"@id":"https:\/\/wmtbaltic.lv\/#organization"},"potentialAction":[{"@type":"SearchAction","target":{"@type":"EntryPoint","urlTemplate":"https:\/\/wmtbaltic.lv\/?s={search_term_string}"},"query-input":{"@type":"PropertyValueSpecification","valueRequired":true,"valueName":"search_term_string"}}],"inLanguage":"en-US"},{"@type":"Organization","@id":"https:\/\/wmtbaltic.lv\/#organization","name":"WMT Baltic","url":"https:\/\/wmtbaltic.lv\/","logo":{"@type":"ImageObject","inLanguage":"en-US","@id":"https:\/\/wmtbaltic.lv\/#\/schema\/logo\/image\/","url":"https:\/\/wmtbaltic.lv\/wp-content\/uploads\/2024\/12\/wmt-baltic-sia_107142_9_420x180.jpg","contentUrl":"https:\/\/wmtbaltic.lv\/wp-content\/uploads\/2024\/12\/wmt-baltic-sia_107142_9_420x180.jpg","width":420,"height":180,"caption":"WMT Baltic"},"image":{"@id":"https:\/\/wmtbaltic.lv\/#\/schema\/logo\/image\/"},"sameAs":["https:\/\/www.facebook.com\/WMT.Baltic.viscom\/?locale=lv_LV","https:\/\/www.instagram.com\/viscom_wmt\/"]}]}},"_links":{"self":[{"href":"https:\/\/wmtbaltic.lv\/en\/wp-json\/wp\/v2\/product\/16480","targetHints":{"allow":["GET"]}}],"collection":[{"href":"https:\/\/wmtbaltic.lv\/en\/wp-json\/wp\/v2\/product"}],"about":[{"href":"https:\/\/wmtbaltic.lv\/en\/wp-json\/wp\/v2\/types\/product"}],"replies":[{"embeddable":true,"href":"https:\/\/wmtbaltic.lv\/en\/wp-json\/wp\/v2\/comments?post=16480"}],"wp:featuredmedia":[{"embeddable":true,"href":"https:\/\/wmtbaltic.lv\/en\/wp-json\/wp\/v2\/media\/16483"}],"wp:attachment":[{"href":"https:\/\/wmtbaltic.lv\/en\/wp-json\/wp\/v2\/media?parent=16480"}],"wp:term":[{"taxonomy":"product_brand","embeddable":true,"href":"https:\/\/wmtbaltic.lv\/en\/wp-json\/wp\/v2\/product_brand?post=16480"},{"taxonomy":"product_cat","embeddable":true,"href":"https:\/\/wmtbaltic.lv\/en\/wp-json\/wp\/v2\/product_cat?post=16480"},{"taxonomy":"product_tag","embeddable":true,"href":"https:\/\/wmtbaltic.lv\/en\/wp-json\/wp\/v2\/product_tag?post=16480"}],"curies":[{"name":"wp","href":"https:\/\/api.w.org\/{rel}","templated":true}]}}