{"id":16413,"date":"2024-02-06T14:49:45","date_gmt":"2024-02-06T14:49:45","guid":{"rendered":"https:\/\/wmtbaltic.lv\/?post_type=product&#038;p=16413"},"modified":"2024-02-06T15:05:10","modified_gmt":"2024-02-06T15:05:10","slug":"rt-45-grip-fit-rotary-45-nazis-ar-apalu-asmeni","status":"publish","type":"product","link":"https:\/\/wmtbaltic.lv\/en\/product\/rt-45-grip-fit-rotary-45-nazis-ar-apalu-asmeni\/","title":{"rendered":"RT-45 Grip Fit Rotary 45 nazis ar apa\u013cu asmeni"},"content":{"rendered":"<p>Nazis ar rot\u0113jo\u0161u asmeni dro\u0161ai un \u0113rt\u0101kai grie\u0161anai ar ergonomisku, nesl\u012bdo\u0161u rokturi. Ide\u0101li piem\u0113rots lieto\u0161anai gan ar kreiso, gan ar labo roku. Pateicoties spiedienam uz asmeni, unik\u0101lais asmens aizsargs autom\u0101tiski piel\u0101go t\u0101 le\u0146\u0137i. Tiek izmantots t\u0101diem materi\u0101liem, k\u0101 pap\u012brs, tekstils, kartons u.c.<\/p>\n<p>&nbsp;<\/p>\n<p><strong>\u012apa\u0161\u012bbas:<\/strong><\/p>\n<p>Z\u012bmols: KDS (Muratec)<\/p>\n<p>Valsts: Jap\u0101na<\/p>\n<p>Pielieto\u0161ana: pap\u012brs, kartons, tekstils<\/p>\n<p>Asme\u0146a izm\u0113rs: 45mm<\/p>\n","protected":false},"excerpt":{"rendered":"Nazis ar rot\u0113jo\u0161u asmeni dro\u0161ai un \u0113rt\u0101kai grie\u0161anai ar ergonomisku, nesl\u012bdo\u0161u rokturi. Ide\u0101li piem\u0113rots lieto\u0161anai gan ar kreiso, gan ar labo roku. Pateicoties spiedienam uz asmeni, unik\u0101lais asmens aizsargs autom\u0101tiski piel\u0101go t\u0101 le\u0146\u0137i. Tiek izmantots t\u0101diem materi\u0101liem, k\u0101 pap\u012brs, tekstils, kartons u.c. &nbsp; \u012apa\u0161\u012bbas: Z\u012bmols: KDS (Muratec) Valsts: Jap\u0101na Pielieto\u0161ana: pap\u012brs, kartons, tekstils Asme\u0146a izm\u0113rs: [...]","protected":false},"featured_media":16414,"comment_status":"closed","ping_status":"closed","template":"","meta":[],"product_brand":[],"product_cat":[1362],"product_tag":[1385,1386,502,1387,461,1388,1389],"class_list":{"0":"post-16413","1":"product","2":"type-product","3":"status-publish","4":"has-post-thumbnail","6":"product_cat-gatava-produkcija","7":"product_tag-apals","8":"product_tag-asmenis","9":"product_tag-griesana","10":"product_tag-muratec","11":"product_tag-nazis","12":"product_tag-papiram","13":"product_tag-tekstilam","15":"first","16":"instock","17":"shipping-taxable","18":"purchasable","19":"product-type-simple"},"yoast_head":"<!-- This site is optimized with the Yoast SEO plugin v27.4 - https:\/\/yoast.com\/product\/yoast-seo-wordpress\/ -->\n<title>RT-45 Grip Fit Rotary 45 nazis ar apa\u013cu asmeni - WMT Baltic<\/title>\n<meta name=\"robots\" content=\"index, follow, max-snippet:-1, max-image-preview:large, max-video-preview:-1\" \/>\n<link rel=\"canonical\" href=\"https:\/\/wmtbaltic.lv\/Produkts\/rt-45-grip-fit-rotary-45-nazis-ar-apalu-asmeni\/\" \/>\n<meta property=\"og:locale\" content=\"en_US\" \/>\n<meta property=\"og:type\" content=\"article\" \/>\n<meta property=\"og:title\" content=\"RT-45 Grip Fit Rotary 45 nazis ar apa\u013cu asmeni - WMT Baltic\" \/>\n<meta property=\"og:url\" content=\"https:\/\/wmtbaltic.lv\/Produkts\/rt-45-grip-fit-rotary-45-nazis-ar-apalu-asmeni\/\" \/>\n<meta property=\"og:site_name\" content=\"WMT Baltic\" \/>\n<meta property=\"article:publisher\" content=\"https:\/\/www.facebook.com\/WMT.Baltic.viscom\/?locale=lv_LV\" \/>\n<meta property=\"article:modified_time\" content=\"2024-02-06T15:05:10+00:00\" \/>\n<meta property=\"og:image\" content=\"http:\/\/wmtbaltic.lv\/wp-content\/uploads\/2024\/02\/Rotary-RT-45-nazis_1.jpg\" \/>\n\t<meta property=\"og:image:width\" content=\"1327\" \/>\n\t<meta property=\"og:image:height\" content=\"1327\" \/>\n\t<meta property=\"og:image:type\" content=\"image\/jpeg\" \/>\n<meta name=\"twitter:card\" content=\"summary_large_image\" \/>\n<meta name=\"twitter:label1\" content=\"Est. reading time\" \/>\n\t<meta name=\"twitter:data1\" content=\"1 minute\" \/>\n<script type=\"application\/ld+json\" class=\"yoast-schema-graph\">{\"@context\":\"https:\\\/\\\/schema.org\",\"@graph\":[{\"@type\":\"WebPage\",\"@id\":\"https:\\\/\\\/wmtbaltic.lv\\\/Produkts\\\/rt-45-grip-fit-rotary-45-nazis-ar-apalu-asmeni\\\/\",\"url\":\"https:\\\/\\\/wmtbaltic.lv\\\/Produkts\\\/rt-45-grip-fit-rotary-45-nazis-ar-apalu-asmeni\\\/\",\"name\":\"RT-45 Grip Fit Rotary 45 nazis ar apa\u013cu asmeni - WMT Baltic\",\"isPartOf\":{\"@id\":\"https:\\\/\\\/wmtbaltic.lv\\\/#website\"},\"primaryImageOfPage\":{\"@id\":\"https:\\\/\\\/wmtbaltic.lv\\\/Produkts\\\/rt-45-grip-fit-rotary-45-nazis-ar-apalu-asmeni\\\/#primaryimage\"},\"image\":{\"@id\":\"https:\\\/\\\/wmtbaltic.lv\\\/Produkts\\\/rt-45-grip-fit-rotary-45-nazis-ar-apalu-asmeni\\\/#primaryimage\"},\"thumbnailUrl\":\"https:\\\/\\\/wmtbaltic.lv\\\/wp-content\\\/uploads\\\/2024\\\/02\\\/Rotary-RT-45-nazis_1.jpg\",\"datePublished\":\"2024-02-06T14:49:45+00:00\",\"dateModified\":\"2024-02-06T15:05:10+00:00\",\"breadcrumb\":{\"@id\":\"https:\\\/\\\/wmtbaltic.lv\\\/Produkts\\\/rt-45-grip-fit-rotary-45-nazis-ar-apalu-asmeni\\\/#breadcrumb\"},\"inLanguage\":\"en-US\",\"potentialAction\":[{\"@type\":\"ReadAction\",\"target\":[\"https:\\\/\\\/wmtbaltic.lv\\\/Produkts\\\/rt-45-grip-fit-rotary-45-nazis-ar-apalu-asmeni\\\/\"]}]},{\"@type\":\"ImageObject\",\"inLanguage\":\"en-US\",\"@id\":\"https:\\\/\\\/wmtbaltic.lv\\\/Produkts\\\/rt-45-grip-fit-rotary-45-nazis-ar-apalu-asmeni\\\/#primaryimage\",\"url\":\"https:\\\/\\\/wmtbaltic.lv\\\/wp-content\\\/uploads\\\/2024\\\/02\\\/Rotary-RT-45-nazis_1.jpg\",\"contentUrl\":\"https:\\\/\\\/wmtbaltic.lv\\\/wp-content\\\/uploads\\\/2024\\\/02\\\/Rotary-RT-45-nazis_1.jpg\",\"width\":1327,\"height\":1327},{\"@type\":\"BreadcrumbList\",\"@id\":\"https:\\\/\\\/wmtbaltic.lv\\\/Produkts\\\/rt-45-grip-fit-rotary-45-nazis-ar-apalu-asmeni\\\/#breadcrumb\",\"itemListElement\":[{\"@type\":\"ListItem\",\"position\":1,\"name\":\"Home\",\"item\":\"https:\\\/\\\/wmtbaltic.lv\\\/en\\\/\"},{\"@type\":\"ListItem\",\"position\":2,\"name\":\"Products\",\"item\":\"https:\\\/\\\/wmtbaltic.lv\\\/en\\\/shop\\\/\"},{\"@type\":\"ListItem\",\"position\":3,\"name\":\"RT-45 Grip Fit Rotary 45 nazis ar apa\u013cu asmeni\"}]},{\"@type\":\"WebSite\",\"@id\":\"https:\\\/\\\/wmtbaltic.lv\\\/#website\",\"url\":\"https:\\\/\\\/wmtbaltic.lv\\\/\",\"name\":\"WMT Baltic\",\"description\":\"Rekl\u0101mas produkti, pl\u0113ves\",\"publisher\":{\"@id\":\"https:\\\/\\\/wmtbaltic.lv\\\/#organization\"},\"potentialAction\":[{\"@type\":\"SearchAction\",\"target\":{\"@type\":\"EntryPoint\",\"urlTemplate\":\"https:\\\/\\\/wmtbaltic.lv\\\/?s={search_term_string}\"},\"query-input\":{\"@type\":\"PropertyValueSpecification\",\"valueRequired\":true,\"valueName\":\"search_term_string\"}}],\"inLanguage\":\"en-US\"},{\"@type\":\"Organization\",\"@id\":\"https:\\\/\\\/wmtbaltic.lv\\\/#organization\",\"name\":\"WMT Baltic\",\"url\":\"https:\\\/\\\/wmtbaltic.lv\\\/\",\"logo\":{\"@type\":\"ImageObject\",\"inLanguage\":\"en-US\",\"@id\":\"https:\\\/\\\/wmtbaltic.lv\\\/#\\\/schema\\\/logo\\\/image\\\/\",\"url\":\"https:\\\/\\\/wmtbaltic.lv\\\/wp-content\\\/uploads\\\/2024\\\/12\\\/wmt-baltic-sia_107142_9_420x180.jpg\",\"contentUrl\":\"https:\\\/\\\/wmtbaltic.lv\\\/wp-content\\\/uploads\\\/2024\\\/12\\\/wmt-baltic-sia_107142_9_420x180.jpg\",\"width\":420,\"height\":180,\"caption\":\"WMT Baltic\"},\"image\":{\"@id\":\"https:\\\/\\\/wmtbaltic.lv\\\/#\\\/schema\\\/logo\\\/image\\\/\"},\"sameAs\":[\"https:\\\/\\\/www.facebook.com\\\/WMT.Baltic.viscom\\\/?locale=lv_LV\",\"https:\\\/\\\/www.instagram.com\\\/viscom_wmt\\\/\"]}]}<\/script>\n<!-- \/ Yoast SEO plugin. -->","yoast_head_json":{"title":"RT-45 Grip Fit Rotary 45 nazis ar apa\u013cu asmeni - WMT Baltic","robots":{"index":"index","follow":"follow","max-snippet":"max-snippet:-1","max-image-preview":"max-image-preview:large","max-video-preview":"max-video-preview:-1"},"canonical":"https:\/\/wmtbaltic.lv\/Produkts\/rt-45-grip-fit-rotary-45-nazis-ar-apalu-asmeni\/","og_locale":"en_US","og_type":"article","og_title":"RT-45 Grip Fit Rotary 45 nazis ar apa\u013cu asmeni - WMT Baltic","og_url":"https:\/\/wmtbaltic.lv\/Produkts\/rt-45-grip-fit-rotary-45-nazis-ar-apalu-asmeni\/","og_site_name":"WMT Baltic","article_publisher":"https:\/\/www.facebook.com\/WMT.Baltic.viscom\/?locale=lv_LV","article_modified_time":"2024-02-06T15:05:10+00:00","og_image":[{"width":1327,"height":1327,"url":"http:\/\/wmtbaltic.lv\/wp-content\/uploads\/2024\/02\/Rotary-RT-45-nazis_1.jpg","type":"image\/jpeg"}],"twitter_card":"summary_large_image","twitter_misc":{"Est. reading time":"1 minute"},"schema":{"@context":"https:\/\/schema.org","@graph":[{"@type":"WebPage","@id":"https:\/\/wmtbaltic.lv\/Produkts\/rt-45-grip-fit-rotary-45-nazis-ar-apalu-asmeni\/","url":"https:\/\/wmtbaltic.lv\/Produkts\/rt-45-grip-fit-rotary-45-nazis-ar-apalu-asmeni\/","name":"RT-45 Grip Fit Rotary 45 nazis ar apa\u013cu asmeni - WMT Baltic","isPartOf":{"@id":"https:\/\/wmtbaltic.lv\/#website"},"primaryImageOfPage":{"@id":"https:\/\/wmtbaltic.lv\/Produkts\/rt-45-grip-fit-rotary-45-nazis-ar-apalu-asmeni\/#primaryimage"},"image":{"@id":"https:\/\/wmtbaltic.lv\/Produkts\/rt-45-grip-fit-rotary-45-nazis-ar-apalu-asmeni\/#primaryimage"},"thumbnailUrl":"https:\/\/wmtbaltic.lv\/wp-content\/uploads\/2024\/02\/Rotary-RT-45-nazis_1.jpg","datePublished":"2024-02-06T14:49:45+00:00","dateModified":"2024-02-06T15:05:10+00:00","breadcrumb":{"@id":"https:\/\/wmtbaltic.lv\/Produkts\/rt-45-grip-fit-rotary-45-nazis-ar-apalu-asmeni\/#breadcrumb"},"inLanguage":"en-US","potentialAction":[{"@type":"ReadAction","target":["https:\/\/wmtbaltic.lv\/Produkts\/rt-45-grip-fit-rotary-45-nazis-ar-apalu-asmeni\/"]}]},{"@type":"ImageObject","inLanguage":"en-US","@id":"https:\/\/wmtbaltic.lv\/Produkts\/rt-45-grip-fit-rotary-45-nazis-ar-apalu-asmeni\/#primaryimage","url":"https:\/\/wmtbaltic.lv\/wp-content\/uploads\/2024\/02\/Rotary-RT-45-nazis_1.jpg","contentUrl":"https:\/\/wmtbaltic.lv\/wp-content\/uploads\/2024\/02\/Rotary-RT-45-nazis_1.jpg","width":1327,"height":1327},{"@type":"BreadcrumbList","@id":"https:\/\/wmtbaltic.lv\/Produkts\/rt-45-grip-fit-rotary-45-nazis-ar-apalu-asmeni\/#breadcrumb","itemListElement":[{"@type":"ListItem","position":1,"name":"Home","item":"https:\/\/wmtbaltic.lv\/en\/"},{"@type":"ListItem","position":2,"name":"Products","item":"https:\/\/wmtbaltic.lv\/en\/shop\/"},{"@type":"ListItem","position":3,"name":"RT-45 Grip Fit Rotary 45 nazis ar apa\u013cu asmeni"}]},{"@type":"WebSite","@id":"https:\/\/wmtbaltic.lv\/#website","url":"https:\/\/wmtbaltic.lv\/","name":"WMT Baltic","description":"Rekl\u0101mas produkti, pl\u0113ves","publisher":{"@id":"https:\/\/wmtbaltic.lv\/#organization"},"potentialAction":[{"@type":"SearchAction","target":{"@type":"EntryPoint","urlTemplate":"https:\/\/wmtbaltic.lv\/?s={search_term_string}"},"query-input":{"@type":"PropertyValueSpecification","valueRequired":true,"valueName":"search_term_string"}}],"inLanguage":"en-US"},{"@type":"Organization","@id":"https:\/\/wmtbaltic.lv\/#organization","name":"WMT Baltic","url":"https:\/\/wmtbaltic.lv\/","logo":{"@type":"ImageObject","inLanguage":"en-US","@id":"https:\/\/wmtbaltic.lv\/#\/schema\/logo\/image\/","url":"https:\/\/wmtbaltic.lv\/wp-content\/uploads\/2024\/12\/wmt-baltic-sia_107142_9_420x180.jpg","contentUrl":"https:\/\/wmtbaltic.lv\/wp-content\/uploads\/2024\/12\/wmt-baltic-sia_107142_9_420x180.jpg","width":420,"height":180,"caption":"WMT Baltic"},"image":{"@id":"https:\/\/wmtbaltic.lv\/#\/schema\/logo\/image\/"},"sameAs":["https:\/\/www.facebook.com\/WMT.Baltic.viscom\/?locale=lv_LV","https:\/\/www.instagram.com\/viscom_wmt\/"]}]}},"_links":{"self":[{"href":"https:\/\/wmtbaltic.lv\/en\/wp-json\/wp\/v2\/product\/16413","targetHints":{"allow":["GET"]}}],"collection":[{"href":"https:\/\/wmtbaltic.lv\/en\/wp-json\/wp\/v2\/product"}],"about":[{"href":"https:\/\/wmtbaltic.lv\/en\/wp-json\/wp\/v2\/types\/product"}],"replies":[{"embeddable":true,"href":"https:\/\/wmtbaltic.lv\/en\/wp-json\/wp\/v2\/comments?post=16413"}],"wp:featuredmedia":[{"embeddable":true,"href":"https:\/\/wmtbaltic.lv\/en\/wp-json\/wp\/v2\/media\/16414"}],"wp:attachment":[{"href":"https:\/\/wmtbaltic.lv\/en\/wp-json\/wp\/v2\/media?parent=16413"}],"wp:term":[{"taxonomy":"product_brand","embeddable":true,"href":"https:\/\/wmtbaltic.lv\/en\/wp-json\/wp\/v2\/product_brand?post=16413"},{"taxonomy":"product_cat","embeddable":true,"href":"https:\/\/wmtbaltic.lv\/en\/wp-json\/wp\/v2\/product_cat?post=16413"},{"taxonomy":"product_tag","embeddable":true,"href":"https:\/\/wmtbaltic.lv\/en\/wp-json\/wp\/v2\/product_tag?post=16413"}],"curies":[{"name":"wp","href":"https:\/\/api.w.org\/{rel}","templated":true}]}}