{"id":16382,"date":"2024-02-02T14:50:39","date_gmt":"2024-02-02T14:50:39","guid":{"rendered":"https:\/\/wmtbaltic.lv\/?post_type=product&#038;p=16382"},"modified":"2024-02-02T14:50:42","modified_gmt":"2024-02-02T14:50:42","slug":"calortrans-ct-m55-termoprese-kruzem","status":"publish","type":"product","link":"https:\/\/wmtbaltic.lv\/en\/product\/calortrans-ct-m55-termoprese-kruzem\/","title":{"rendered":"Calortrans CT-M55 termoprese kr\u016bz\u0113m"},"content":{"rendered":"<p><strong>Calortrans CT-M55 Mug termoprese kr\u016bz\u0113m<\/strong><\/p>\n<p>Calortrans CT-M55 termoprese ir ide\u0101li piem\u0113rota sublim\u0101cijai un l\u0101zera p\u0101rnesei uz kr\u016bz\u0113m. Ar Calortrans M-55 termopresi var p\u0101rnest augst\u0101s kvalit\u0101tes att\u0113lus uz kr\u016bz\u0113m un cit\u0101m virsm\u0101m:<\/p>\n<ul>\n<li>alum\u012bnija korpusi;<\/li>\n<li>kafijas kr\u016bz\u012btes;<\/li>\n<li>Un citi cilindriski izstr\u0101d\u0101jumi.<\/li>\n<\/ul>\n<p>Elektronisk\u0101 temperat\u016bras korekcija, pateicoties kurai, temperat\u016bra uz displeja atbilst re\u0101lai temperat\u016brai.<\/p>\n<p><strong>Specifik\u0101cija:<\/strong><\/p>\n<p>\u2013 Termoprese kr\u016bz\u0113m<br \/>\n\u2013 Vienm\u0113r\u012bga siltuma sadale<br \/>\n\u2013 80 mm elements<br \/>\n\u2013 Iztur\u012bgs siltuma pakl\u0101jums<br \/>\n\u2013 Viegli lietojams digit\u0101lais displejs<br \/>\n\u2013 3 sekun\u017eu br\u012bdin\u0101\u0161anas sist\u0113ma<br \/>\n\u2013 \u013boti \u0101tra uzsild\u012b\u0161ana<br \/>\n&#8211; Pat\u0113r\u0113jam\u0101 jauda: 0.45 kW<br \/>\n&#8211; Darba temperat\u016bra: l\u012bdz 220\u00b0C<br \/>\n&#8211; Iek\u0101rtas gabar\u012btizm\u0113rs: 40 x 20 x 35cm<br \/>\n&#8211; Svars: 7kg<\/p>\n<iframe loading=\"lazy\"  id=\"_ytid_53001\"  width=\"780\" height=\"439\"  data-origwidth=\"780\" data-origheight=\"439\" src=\"https:\/\/www.youtube.com\/embed\/2-d9spiSjCI?enablejsapi=1&autoplay=0&cc_load_policy=0&cc_lang_pref=&iv_load_policy=1&loop=0&rel=1&fs=1&playsinline=0&autohide=2&theme=dark&color=red&controls=1&disablekb=0&\" class=\"__youtube_prefs__  no-lazyload\" title=\"YouTube player\"  allow=\"fullscreen; accelerometer; autoplay; clipboard-write; encrypted-media; gyroscope; picture-in-picture; web-share\" referrerpolicy=\"strict-origin-when-cross-origin\" allowfullscreen data-no-lazy=\"1\" data-skipgform_ajax_framebjll=\"\"><\/iframe>\n<p>&nbsp;<\/p>\n","protected":false},"excerpt":{"rendered":"Calortrans CT-M55 Mug termoprese kr\u016bz\u0113m Calortrans CT-M55 termoprese ir ide\u0101li piem\u0113rota sublim\u0101cijai un l\u0101zera p\u0101rnesei uz kr\u016bz\u0113m. Ar Calortrans M-55 termopresi var p\u0101rnest augst\u0101s kvalit\u0101tes att\u0113lus uz kr\u016bz\u0113m un cit\u0101m virsm\u0101m: alum\u012bnija korpusi; kafijas kr\u016bz\u012btes; Un citi cilindriski izstr\u0101d\u0101jumi. Elektronisk\u0101 temperat\u016bras korekcija, pateicoties kurai, temperat\u016bra uz displeja atbilst re\u0101lai temperat\u016brai. Specifik\u0101cija: \u2013 Termoprese kr\u016bz\u0113m \u2013 [...]","protected":false},"featured_media":16383,"comment_status":"closed","ping_status":"closed","template":"","meta":[],"product_brand":[],"product_cat":[1362],"product_tag":[530,667,532,529],"class_list":{"0":"post-16382","1":"product","2":"type-product","3":"status-publish","4":"has-post-thumbnail","6":"product_cat-gatava-produkcija","7":"product_tag-calortrans","8":"product_tag-kruzes","9":"product_tag-termoparnese","10":"product_tag-termoprese","12":"first","13":"instock","14":"shipping-taxable","15":"purchasable","16":"product-type-simple"},"yoast_head":"<!-- This site is optimized with the Yoast SEO plugin v27.4 - https:\/\/yoast.com\/product\/yoast-seo-wordpress\/ -->\n<title>C - WMT Baltic C<\/title>\n<meta name=\"robots\" content=\"index, follow, max-snippet:-1, max-image-preview:large, max-video-preview:-1\" \/>\n<link rel=\"canonical\" href=\"https:\/\/wmtbaltic.lv\/Produkts\/calortrans-ct-m55-termoprese-kruzem\/\" \/>\n<meta property=\"og:locale\" content=\"en_US\" \/>\n<meta property=\"og:type\" content=\"article\" \/>\n<meta property=\"og:title\" content=\"C - WMT Baltic C\" \/>\n<meta property=\"og:url\" content=\"https:\/\/wmtbaltic.lv\/Produkts\/calortrans-ct-m55-termoprese-kruzem\/\" \/>\n<meta property=\"og:site_name\" content=\"WMT Baltic\" \/>\n<meta property=\"article:publisher\" content=\"https:\/\/www.facebook.com\/WMT.Baltic.viscom\/?locale=lv_LV\" \/>\n<meta property=\"article:modified_time\" content=\"2024-02-02T14:50:42+00:00\" \/>\n<meta property=\"og:image\" content=\"http:\/\/wmtbaltic.lv\/wp-content\/uploads\/2024\/02\/Calortrans_CT_M55_termoprese-kruzem_2.jpg\" \/>\n\t<meta property=\"og:image:width\" content=\"1326\" \/>\n\t<meta property=\"og:image:height\" content=\"1326\" \/>\n\t<meta property=\"og:image:type\" content=\"image\/jpeg\" \/>\n<meta name=\"twitter:card\" content=\"summary_large_image\" \/>\n<meta name=\"twitter:label1\" content=\"Est. reading time\" \/>\n\t<meta name=\"twitter:data1\" content=\"1 minute\" \/>\n<script type=\"application\/ld+json\" class=\"yoast-schema-graph\">{\"@context\":\"https:\\\/\\\/schema.org\",\"@graph\":[{\"@type\":\"WebPage\",\"@id\":\"https:\\\/\\\/wmtbaltic.lv\\\/Produkts\\\/calortrans-ct-m55-termoprese-kruzem\\\/\",\"url\":\"https:\\\/\\\/wmtbaltic.lv\\\/Produkts\\\/calortrans-ct-m55-termoprese-kruzem\\\/\",\"name\":\"C - WMT Baltic C\",\"isPartOf\":{\"@id\":\"https:\\\/\\\/wmtbaltic.lv\\\/#website\"},\"primaryImageOfPage\":{\"@id\":\"https:\\\/\\\/wmtbaltic.lv\\\/Produkts\\\/calortrans-ct-m55-termoprese-kruzem\\\/#primaryimage\"},\"image\":{\"@id\":\"https:\\\/\\\/wmtbaltic.lv\\\/Produkts\\\/calortrans-ct-m55-termoprese-kruzem\\\/#primaryimage\"},\"thumbnailUrl\":\"https:\\\/\\\/wmtbaltic.lv\\\/wp-content\\\/uploads\\\/2024\\\/02\\\/Calortrans_CT_M55_termoprese-kruzem_2.jpg\",\"datePublished\":\"2024-02-02T14:50:39+00:00\",\"dateModified\":\"2024-02-02T14:50:42+00:00\",\"breadcrumb\":{\"@id\":\"https:\\\/\\\/wmtbaltic.lv\\\/Produkts\\\/calortrans-ct-m55-termoprese-kruzem\\\/#breadcrumb\"},\"inLanguage\":\"en-US\",\"potentialAction\":[{\"@type\":\"ReadAction\",\"target\":[\"https:\\\/\\\/wmtbaltic.lv\\\/Produkts\\\/calortrans-ct-m55-termoprese-kruzem\\\/\"]}]},{\"@type\":\"ImageObject\",\"inLanguage\":\"en-US\",\"@id\":\"https:\\\/\\\/wmtbaltic.lv\\\/Produkts\\\/calortrans-ct-m55-termoprese-kruzem\\\/#primaryimage\",\"url\":\"https:\\\/\\\/wmtbaltic.lv\\\/wp-content\\\/uploads\\\/2024\\\/02\\\/Calortrans_CT_M55_termoprese-kruzem_2.jpg\",\"contentUrl\":\"https:\\\/\\\/wmtbaltic.lv\\\/wp-content\\\/uploads\\\/2024\\\/02\\\/Calortrans_CT_M55_termoprese-kruzem_2.jpg\",\"width\":1326,\"height\":1326},{\"@type\":\"BreadcrumbList\",\"@id\":\"https:\\\/\\\/wmtbaltic.lv\\\/Produkts\\\/calortrans-ct-m55-termoprese-kruzem\\\/#breadcrumb\",\"itemListElement\":[{\"@type\":\"ListItem\",\"position\":1,\"name\":\"Home\",\"item\":\"https:\\\/\\\/wmtbaltic.lv\\\/en\\\/\"},{\"@type\":\"ListItem\",\"position\":2,\"name\":\"Products\",\"item\":\"https:\\\/\\\/wmtbaltic.lv\\\/en\\\/shop\\\/\"},{\"@type\":\"ListItem\",\"position\":3,\"name\":\"Calortrans CT-M55 termoprese kr\u016bz\u0113m\"}]},{\"@type\":\"WebSite\",\"@id\":\"https:\\\/\\\/wmtbaltic.lv\\\/#website\",\"url\":\"https:\\\/\\\/wmtbaltic.lv\\\/\",\"name\":\"WMT Baltic\",\"description\":\"Rekl\u0101mas produkti, pl\u0113ves\",\"publisher\":{\"@id\":\"https:\\\/\\\/wmtbaltic.lv\\\/#organization\"},\"potentialAction\":[{\"@type\":\"SearchAction\",\"target\":{\"@type\":\"EntryPoint\",\"urlTemplate\":\"https:\\\/\\\/wmtbaltic.lv\\\/?s={search_term_string}\"},\"query-input\":{\"@type\":\"PropertyValueSpecification\",\"valueRequired\":true,\"valueName\":\"search_term_string\"}}],\"inLanguage\":\"en-US\"},{\"@type\":\"Organization\",\"@id\":\"https:\\\/\\\/wmtbaltic.lv\\\/#organization\",\"name\":\"WMT Baltic\",\"url\":\"https:\\\/\\\/wmtbaltic.lv\\\/\",\"logo\":{\"@type\":\"ImageObject\",\"inLanguage\":\"en-US\",\"@id\":\"https:\\\/\\\/wmtbaltic.lv\\\/#\\\/schema\\\/logo\\\/image\\\/\",\"url\":\"https:\\\/\\\/wmtbaltic.lv\\\/wp-content\\\/uploads\\\/2024\\\/12\\\/wmt-baltic-sia_107142_9_420x180.jpg\",\"contentUrl\":\"https:\\\/\\\/wmtbaltic.lv\\\/wp-content\\\/uploads\\\/2024\\\/12\\\/wmt-baltic-sia_107142_9_420x180.jpg\",\"width\":420,\"height\":180,\"caption\":\"WMT Baltic\"},\"image\":{\"@id\":\"https:\\\/\\\/wmtbaltic.lv\\\/#\\\/schema\\\/logo\\\/image\\\/\"},\"sameAs\":[\"https:\\\/\\\/www.facebook.com\\\/WMT.Baltic.viscom\\\/?locale=lv_LV\",\"https:\\\/\\\/www.instagram.com\\\/viscom_wmt\\\/\"]}]}<\/script>\n<!-- \/ Yoast SEO plugin. -->","yoast_head_json":{"title":"C - WMT Baltic C","robots":{"index":"index","follow":"follow","max-snippet":"max-snippet:-1","max-image-preview":"max-image-preview:large","max-video-preview":"max-video-preview:-1"},"canonical":"https:\/\/wmtbaltic.lv\/Produkts\/calortrans-ct-m55-termoprese-kruzem\/","og_locale":"en_US","og_type":"article","og_title":"C - WMT Baltic C","og_url":"https:\/\/wmtbaltic.lv\/Produkts\/calortrans-ct-m55-termoprese-kruzem\/","og_site_name":"WMT Baltic","article_publisher":"https:\/\/www.facebook.com\/WMT.Baltic.viscom\/?locale=lv_LV","article_modified_time":"2024-02-02T14:50:42+00:00","og_image":[{"width":1326,"height":1326,"url":"http:\/\/wmtbaltic.lv\/wp-content\/uploads\/2024\/02\/Calortrans_CT_M55_termoprese-kruzem_2.jpg","type":"image\/jpeg"}],"twitter_card":"summary_large_image","twitter_misc":{"Est. reading time":"1 minute"},"schema":{"@context":"https:\/\/schema.org","@graph":[{"@type":"WebPage","@id":"https:\/\/wmtbaltic.lv\/Produkts\/calortrans-ct-m55-termoprese-kruzem\/","url":"https:\/\/wmtbaltic.lv\/Produkts\/calortrans-ct-m55-termoprese-kruzem\/","name":"C - WMT Baltic C","isPartOf":{"@id":"https:\/\/wmtbaltic.lv\/#website"},"primaryImageOfPage":{"@id":"https:\/\/wmtbaltic.lv\/Produkts\/calortrans-ct-m55-termoprese-kruzem\/#primaryimage"},"image":{"@id":"https:\/\/wmtbaltic.lv\/Produkts\/calortrans-ct-m55-termoprese-kruzem\/#primaryimage"},"thumbnailUrl":"https:\/\/wmtbaltic.lv\/wp-content\/uploads\/2024\/02\/Calortrans_CT_M55_termoprese-kruzem_2.jpg","datePublished":"2024-02-02T14:50:39+00:00","dateModified":"2024-02-02T14:50:42+00:00","breadcrumb":{"@id":"https:\/\/wmtbaltic.lv\/Produkts\/calortrans-ct-m55-termoprese-kruzem\/#breadcrumb"},"inLanguage":"en-US","potentialAction":[{"@type":"ReadAction","target":["https:\/\/wmtbaltic.lv\/Produkts\/calortrans-ct-m55-termoprese-kruzem\/"]}]},{"@type":"ImageObject","inLanguage":"en-US","@id":"https:\/\/wmtbaltic.lv\/Produkts\/calortrans-ct-m55-termoprese-kruzem\/#primaryimage","url":"https:\/\/wmtbaltic.lv\/wp-content\/uploads\/2024\/02\/Calortrans_CT_M55_termoprese-kruzem_2.jpg","contentUrl":"https:\/\/wmtbaltic.lv\/wp-content\/uploads\/2024\/02\/Calortrans_CT_M55_termoprese-kruzem_2.jpg","width":1326,"height":1326},{"@type":"BreadcrumbList","@id":"https:\/\/wmtbaltic.lv\/Produkts\/calortrans-ct-m55-termoprese-kruzem\/#breadcrumb","itemListElement":[{"@type":"ListItem","position":1,"name":"Home","item":"https:\/\/wmtbaltic.lv\/en\/"},{"@type":"ListItem","position":2,"name":"Products","item":"https:\/\/wmtbaltic.lv\/en\/shop\/"},{"@type":"ListItem","position":3,"name":"Calortrans CT-M55 termoprese kr\u016bz\u0113m"}]},{"@type":"WebSite","@id":"https:\/\/wmtbaltic.lv\/#website","url":"https:\/\/wmtbaltic.lv\/","name":"WMT Baltic","description":"Rekl\u0101mas produkti, pl\u0113ves","publisher":{"@id":"https:\/\/wmtbaltic.lv\/#organization"},"potentialAction":[{"@type":"SearchAction","target":{"@type":"EntryPoint","urlTemplate":"https:\/\/wmtbaltic.lv\/?s={search_term_string}"},"query-input":{"@type":"PropertyValueSpecification","valueRequired":true,"valueName":"search_term_string"}}],"inLanguage":"en-US"},{"@type":"Organization","@id":"https:\/\/wmtbaltic.lv\/#organization","name":"WMT Baltic","url":"https:\/\/wmtbaltic.lv\/","logo":{"@type":"ImageObject","inLanguage":"en-US","@id":"https:\/\/wmtbaltic.lv\/#\/schema\/logo\/image\/","url":"https:\/\/wmtbaltic.lv\/wp-content\/uploads\/2024\/12\/wmt-baltic-sia_107142_9_420x180.jpg","contentUrl":"https:\/\/wmtbaltic.lv\/wp-content\/uploads\/2024\/12\/wmt-baltic-sia_107142_9_420x180.jpg","width":420,"height":180,"caption":"WMT Baltic"},"image":{"@id":"https:\/\/wmtbaltic.lv\/#\/schema\/logo\/image\/"},"sameAs":["https:\/\/www.facebook.com\/WMT.Baltic.viscom\/?locale=lv_LV","https:\/\/www.instagram.com\/viscom_wmt\/"]}]}},"_links":{"self":[{"href":"https:\/\/wmtbaltic.lv\/en\/wp-json\/wp\/v2\/product\/16382","targetHints":{"allow":["GET"]}}],"collection":[{"href":"https:\/\/wmtbaltic.lv\/en\/wp-json\/wp\/v2\/product"}],"about":[{"href":"https:\/\/wmtbaltic.lv\/en\/wp-json\/wp\/v2\/types\/product"}],"replies":[{"embeddable":true,"href":"https:\/\/wmtbaltic.lv\/en\/wp-json\/wp\/v2\/comments?post=16382"}],"wp:featuredmedia":[{"embeddable":true,"href":"https:\/\/wmtbaltic.lv\/en\/wp-json\/wp\/v2\/media\/16383"}],"wp:attachment":[{"href":"https:\/\/wmtbaltic.lv\/en\/wp-json\/wp\/v2\/media?parent=16382"}],"wp:term":[{"taxonomy":"product_brand","embeddable":true,"href":"https:\/\/wmtbaltic.lv\/en\/wp-json\/wp\/v2\/product_brand?post=16382"},{"taxonomy":"product_cat","embeddable":true,"href":"https:\/\/wmtbaltic.lv\/en\/wp-json\/wp\/v2\/product_cat?post=16382"},{"taxonomy":"product_tag","embeddable":true,"href":"https:\/\/wmtbaltic.lv\/en\/wp-json\/wp\/v2\/product_tag?post=16382"}],"curies":[{"name":"wp","href":"https:\/\/api.w.org\/{rel}","templated":true}]}}