{"id":16370,"date":"2024-02-02T14:43:19","date_gmt":"2024-02-02T14:43:19","guid":{"rendered":"https:\/\/wmtbaltic.lv\/?post_type=product&#038;p=16370"},"modified":"2024-02-05T07:43:39","modified_gmt":"2024-02-05T07:43:39","slug":"paslimejosa-pleve-rakstisanai-ar-kritu-100-x-50cm-instruments-aplimesanai","status":"publish","type":"product","link":"https:\/\/wmtbaltic.lv\/en\/product\/paslimejosa-pleve-rakstisanai-ar-kritu-100-x-50cm-instruments-aplimesanai\/","title":{"rendered":"Pa\u0161l\u012bm\u0113jo\u0161\u0101 pl\u0113ve rakst\u012b\u0161anai ar kr\u012btu (100 x 50cm) + instruments apl\u012bm\u0113\u0161anai"},"content":{"rendered":"<p>Pa\u0161l\u012bm\u0113jo\u0161a melna pl\u0113ve ar nedaudz tekstur\u0113tu virsmu rakst\u012b\u0161anai ar kr\u012btu. Piem\u0113rota lieto\u0161anai iek\u0161telp\u0101s, tom\u0113r to var izmantot ar\u012b \u012bsu laiku \u0101rpus telp\u0101m. To var viegli sagriezt p\u0113c izm\u0113ra un uzl\u012bm\u0113t uz gl\u016bd\u0101m virsm\u0101m.<\/p>\n<p>&nbsp;<\/p>\n<p><strong>Komplekt\u0101:<\/strong><\/p>\n<p>&#8211; L\u012bmpl\u0113ve rakst\u012b\u0161anai ar kr\u012btu (100 x 50cm)<\/p>\n<p>&#8211; Instruments apl\u012bm\u0113\u0161anai<\/p>\n<p>* Kr\u012bti komplekt\u0101 nav iek\u013cauti<\/p>\n<p>&nbsp;<\/p>\n<p><strong>\u012apa\u0161\u012bbas:<\/strong><\/p>\n<p>&#8211; \u00a0vienpus\u0113ja pa\u0161l\u012bm\u0113jo\u0161a pl\u0113ve<\/p>\n<p>&#8211; \u00a0\u012bpa\u0161i izstr\u0101d\u0101ta rakst\u012b\u0161anai ar kr\u012btu lieto\u0161anai mazumtirdzniec\u012bbas veikalos, skol\u0101s, b\u0113rnud\u0101rzos, m\u0101j\u0101s, utt.<\/p>\n<p>&#8211; \u00a0pl\u0113ve nav piem\u0113rota svaigi lakot\u0101m virsm\u0101m<\/p>\n<p>&#8211; \u00a0var uzkl\u0101t uz glud\u0101m un nedaudz izliekt\u0101m virsm\u0101m<\/p>\n<p>&#8211; \u00a0l\u016bdzu, neizmantojiet pl\u0113ves t\u012br\u012b\u0161anai sp\u0113c\u012bgus iek\u0161telpu sienu t\u012br\u012b\u0161anas l\u012bdzek\u013cus vai neko, kas satur vieglus vai sp\u0113c\u012bgus \u0161\u0137\u012bdin\u0101t\u0101jus, amonjaku vai abraz\u012bvus l\u012bdzek\u013cus.<\/p>\n","protected":false},"excerpt":{"rendered":"Pa\u0161l\u012bm\u0113jo\u0161a melna pl\u0113ve ar nedaudz tekstur\u0113tu virsmu rakst\u012b\u0161anai ar kr\u012btu. Piem\u0113rota lieto\u0161anai iek\u0161telp\u0101s, tom\u0113r to var izmantot ar\u012b \u012bsu laiku \u0101rpus telp\u0101m. To var viegli sagriezt p\u0113c izm\u0113ra un uzl\u012bm\u0113t uz gl\u016bd\u0101m virsm\u0101m. &nbsp; Komplekt\u0101: - L\u012bmpl\u0113ve rakst\u012b\u0161anai ar kr\u012btu (100 x 50cm) - Instruments apl\u012bm\u0113\u0161anai * Kr\u012bti komplekt\u0101 nav iek\u013cauti &nbsp; \u012apa\u0161\u012bbas: - \u00a0vienpus\u0113ja [...]","protected":false},"featured_media":16371,"comment_status":"closed","ping_status":"closed","template":"","meta":[],"product_brand":[],"product_cat":[1362],"product_tag":[1384,1377,1382,1257,1381,1383],"class_list":{"0":"post-16370","1":"product","2":"type-product","3":"status-publish","4":"has-post-thumbnail","6":"product_cat-gatava-produkcija","7":"product_tag-birojam","8":"product_tag-dekors","9":"product_tag-kriti","10":"product_tag-limpleve","11":"product_tag-rakstisana","12":"product_tag-sienai","14":"first","15":"instock","16":"shipping-taxable","17":"purchasable","18":"product-type-simple"},"yoast_head":"<!-- This site is optimized with the Yoast SEO plugin v27.4 - https:\/\/yoast.com\/product\/yoast-seo-wordpress\/ -->\n<title>Pa\u0161l\u012bm\u0113jo\u0161\u0101 pl\u0113ve rakst\u012b\u0161anai ar kr\u012btu<\/title>\n<meta name=\"robots\" content=\"index, follow, max-snippet:-1, max-image-preview:large, max-video-preview:-1\" \/>\n<link rel=\"canonical\" href=\"https:\/\/wmtbaltic.lv\/Produkts\/paslimejosa-pleve-rakstisanai-ar-kritu-100-x-50cm-instruments-aplimesanai\/\" \/>\n<meta property=\"og:locale\" content=\"en_US\" \/>\n<meta property=\"og:type\" content=\"article\" \/>\n<meta property=\"og:title\" content=\"Pa\u0161l\u012bm\u0113jo\u0161\u0101 pl\u0113ve rakst\u012b\u0161anai ar kr\u012btu\" \/>\n<meta property=\"og:url\" content=\"https:\/\/wmtbaltic.lv\/Produkts\/paslimejosa-pleve-rakstisanai-ar-kritu-100-x-50cm-instruments-aplimesanai\/\" \/>\n<meta property=\"og:site_name\" content=\"WMT Baltic\" \/>\n<meta property=\"article:publisher\" content=\"https:\/\/www.facebook.com\/WMT.Baltic.viscom\/?locale=lv_LV\" \/>\n<meta property=\"article:modified_time\" content=\"2024-02-05T07:43:39+00:00\" \/>\n<meta property=\"og:image\" content=\"http:\/\/wmtbaltic.lv\/wp-content\/uploads\/2024\/02\/Limpleve-rakstisanai-ar-kritu_1.jpg\" \/>\n\t<meta property=\"og:image:width\" content=\"1327\" \/>\n\t<meta property=\"og:image:height\" content=\"1327\" \/>\n\t<meta property=\"og:image:type\" content=\"image\/jpeg\" \/>\n<meta name=\"twitter:card\" content=\"summary_large_image\" \/>\n<meta name=\"twitter:label1\" content=\"Est. reading time\" \/>\n\t<meta name=\"twitter:data1\" content=\"1 minute\" \/>\n<script type=\"application\/ld+json\" class=\"yoast-schema-graph\">{\"@context\":\"https:\\\/\\\/schema.org\",\"@graph\":[{\"@type\":\"WebPage\",\"@id\":\"https:\\\/\\\/wmtbaltic.lv\\\/Produkts\\\/paslimejosa-pleve-rakstisanai-ar-kritu-100-x-50cm-instruments-aplimesanai\\\/\",\"url\":\"https:\\\/\\\/wmtbaltic.lv\\\/Produkts\\\/paslimejosa-pleve-rakstisanai-ar-kritu-100-x-50cm-instruments-aplimesanai\\\/\",\"name\":\"Pa\u0161l\u012bm\u0113jo\u0161\u0101 pl\u0113ve rakst\u012b\u0161anai ar kr\u012btu\",\"isPartOf\":{\"@id\":\"https:\\\/\\\/wmtbaltic.lv\\\/#website\"},\"primaryImageOfPage\":{\"@id\":\"https:\\\/\\\/wmtbaltic.lv\\\/Produkts\\\/paslimejosa-pleve-rakstisanai-ar-kritu-100-x-50cm-instruments-aplimesanai\\\/#primaryimage\"},\"image\":{\"@id\":\"https:\\\/\\\/wmtbaltic.lv\\\/Produkts\\\/paslimejosa-pleve-rakstisanai-ar-kritu-100-x-50cm-instruments-aplimesanai\\\/#primaryimage\"},\"thumbnailUrl\":\"https:\\\/\\\/wmtbaltic.lv\\\/wp-content\\\/uploads\\\/2024\\\/02\\\/Limpleve-rakstisanai-ar-kritu_1.jpg\",\"datePublished\":\"2024-02-02T14:43:19+00:00\",\"dateModified\":\"2024-02-05T07:43:39+00:00\",\"breadcrumb\":{\"@id\":\"https:\\\/\\\/wmtbaltic.lv\\\/Produkts\\\/paslimejosa-pleve-rakstisanai-ar-kritu-100-x-50cm-instruments-aplimesanai\\\/#breadcrumb\"},\"inLanguage\":\"en-US\",\"potentialAction\":[{\"@type\":\"ReadAction\",\"target\":[\"https:\\\/\\\/wmtbaltic.lv\\\/Produkts\\\/paslimejosa-pleve-rakstisanai-ar-kritu-100-x-50cm-instruments-aplimesanai\\\/\"]}]},{\"@type\":\"ImageObject\",\"inLanguage\":\"en-US\",\"@id\":\"https:\\\/\\\/wmtbaltic.lv\\\/Produkts\\\/paslimejosa-pleve-rakstisanai-ar-kritu-100-x-50cm-instruments-aplimesanai\\\/#primaryimage\",\"url\":\"https:\\\/\\\/wmtbaltic.lv\\\/wp-content\\\/uploads\\\/2024\\\/02\\\/Limpleve-rakstisanai-ar-kritu_1.jpg\",\"contentUrl\":\"https:\\\/\\\/wmtbaltic.lv\\\/wp-content\\\/uploads\\\/2024\\\/02\\\/Limpleve-rakstisanai-ar-kritu_1.jpg\",\"width\":1327,\"height\":1327},{\"@type\":\"BreadcrumbList\",\"@id\":\"https:\\\/\\\/wmtbaltic.lv\\\/Produkts\\\/paslimejosa-pleve-rakstisanai-ar-kritu-100-x-50cm-instruments-aplimesanai\\\/#breadcrumb\",\"itemListElement\":[{\"@type\":\"ListItem\",\"position\":1,\"name\":\"Home\",\"item\":\"https:\\\/\\\/wmtbaltic.lv\\\/en\\\/\"},{\"@type\":\"ListItem\",\"position\":2,\"name\":\"Products\",\"item\":\"https:\\\/\\\/wmtbaltic.lv\\\/en\\\/shop\\\/\"},{\"@type\":\"ListItem\",\"position\":3,\"name\":\"Pa\u0161l\u012bm\u0113jo\u0161\u0101 pl\u0113ve rakst\u012b\u0161anai ar kr\u012btu (100 x 50cm) + instruments apl\u012bm\u0113\u0161anai\"}]},{\"@type\":\"WebSite\",\"@id\":\"https:\\\/\\\/wmtbaltic.lv\\\/#website\",\"url\":\"https:\\\/\\\/wmtbaltic.lv\\\/\",\"name\":\"WMT Baltic\",\"description\":\"Rekl\u0101mas produkti, pl\u0113ves\",\"publisher\":{\"@id\":\"https:\\\/\\\/wmtbaltic.lv\\\/#organization\"},\"potentialAction\":[{\"@type\":\"SearchAction\",\"target\":{\"@type\":\"EntryPoint\",\"urlTemplate\":\"https:\\\/\\\/wmtbaltic.lv\\\/?s={search_term_string}\"},\"query-input\":{\"@type\":\"PropertyValueSpecification\",\"valueRequired\":true,\"valueName\":\"search_term_string\"}}],\"inLanguage\":\"en-US\"},{\"@type\":\"Organization\",\"@id\":\"https:\\\/\\\/wmtbaltic.lv\\\/#organization\",\"name\":\"WMT Baltic\",\"url\":\"https:\\\/\\\/wmtbaltic.lv\\\/\",\"logo\":{\"@type\":\"ImageObject\",\"inLanguage\":\"en-US\",\"@id\":\"https:\\\/\\\/wmtbaltic.lv\\\/#\\\/schema\\\/logo\\\/image\\\/\",\"url\":\"https:\\\/\\\/wmtbaltic.lv\\\/wp-content\\\/uploads\\\/2024\\\/12\\\/wmt-baltic-sia_107142_9_420x180.jpg\",\"contentUrl\":\"https:\\\/\\\/wmtbaltic.lv\\\/wp-content\\\/uploads\\\/2024\\\/12\\\/wmt-baltic-sia_107142_9_420x180.jpg\",\"width\":420,\"height\":180,\"caption\":\"WMT Baltic\"},\"image\":{\"@id\":\"https:\\\/\\\/wmtbaltic.lv\\\/#\\\/schema\\\/logo\\\/image\\\/\"},\"sameAs\":[\"https:\\\/\\\/www.facebook.com\\\/WMT.Baltic.viscom\\\/?locale=lv_LV\",\"https:\\\/\\\/www.instagram.com\\\/viscom_wmt\\\/\"]}]}<\/script>\n<!-- \/ Yoast SEO plugin. -->","yoast_head_json":{"title":"Pa\u0161l\u012bm\u0113jo\u0161\u0101 pl\u0113ve rakst\u012b\u0161anai ar kr\u012btu","robots":{"index":"index","follow":"follow","max-snippet":"max-snippet:-1","max-image-preview":"max-image-preview:large","max-video-preview":"max-video-preview:-1"},"canonical":"https:\/\/wmtbaltic.lv\/Produkts\/paslimejosa-pleve-rakstisanai-ar-kritu-100-x-50cm-instruments-aplimesanai\/","og_locale":"en_US","og_type":"article","og_title":"Pa\u0161l\u012bm\u0113jo\u0161\u0101 pl\u0113ve rakst\u012b\u0161anai ar kr\u012btu","og_url":"https:\/\/wmtbaltic.lv\/Produkts\/paslimejosa-pleve-rakstisanai-ar-kritu-100-x-50cm-instruments-aplimesanai\/","og_site_name":"WMT Baltic","article_publisher":"https:\/\/www.facebook.com\/WMT.Baltic.viscom\/?locale=lv_LV","article_modified_time":"2024-02-05T07:43:39+00:00","og_image":[{"width":1327,"height":1327,"url":"http:\/\/wmtbaltic.lv\/wp-content\/uploads\/2024\/02\/Limpleve-rakstisanai-ar-kritu_1.jpg","type":"image\/jpeg"}],"twitter_card":"summary_large_image","twitter_misc":{"Est. reading time":"1 minute"},"schema":{"@context":"https:\/\/schema.org","@graph":[{"@type":"WebPage","@id":"https:\/\/wmtbaltic.lv\/Produkts\/paslimejosa-pleve-rakstisanai-ar-kritu-100-x-50cm-instruments-aplimesanai\/","url":"https:\/\/wmtbaltic.lv\/Produkts\/paslimejosa-pleve-rakstisanai-ar-kritu-100-x-50cm-instruments-aplimesanai\/","name":"Pa\u0161l\u012bm\u0113jo\u0161\u0101 pl\u0113ve rakst\u012b\u0161anai ar kr\u012btu","isPartOf":{"@id":"https:\/\/wmtbaltic.lv\/#website"},"primaryImageOfPage":{"@id":"https:\/\/wmtbaltic.lv\/Produkts\/paslimejosa-pleve-rakstisanai-ar-kritu-100-x-50cm-instruments-aplimesanai\/#primaryimage"},"image":{"@id":"https:\/\/wmtbaltic.lv\/Produkts\/paslimejosa-pleve-rakstisanai-ar-kritu-100-x-50cm-instruments-aplimesanai\/#primaryimage"},"thumbnailUrl":"https:\/\/wmtbaltic.lv\/wp-content\/uploads\/2024\/02\/Limpleve-rakstisanai-ar-kritu_1.jpg","datePublished":"2024-02-02T14:43:19+00:00","dateModified":"2024-02-05T07:43:39+00:00","breadcrumb":{"@id":"https:\/\/wmtbaltic.lv\/Produkts\/paslimejosa-pleve-rakstisanai-ar-kritu-100-x-50cm-instruments-aplimesanai\/#breadcrumb"},"inLanguage":"en-US","potentialAction":[{"@type":"ReadAction","target":["https:\/\/wmtbaltic.lv\/Produkts\/paslimejosa-pleve-rakstisanai-ar-kritu-100-x-50cm-instruments-aplimesanai\/"]}]},{"@type":"ImageObject","inLanguage":"en-US","@id":"https:\/\/wmtbaltic.lv\/Produkts\/paslimejosa-pleve-rakstisanai-ar-kritu-100-x-50cm-instruments-aplimesanai\/#primaryimage","url":"https:\/\/wmtbaltic.lv\/wp-content\/uploads\/2024\/02\/Limpleve-rakstisanai-ar-kritu_1.jpg","contentUrl":"https:\/\/wmtbaltic.lv\/wp-content\/uploads\/2024\/02\/Limpleve-rakstisanai-ar-kritu_1.jpg","width":1327,"height":1327},{"@type":"BreadcrumbList","@id":"https:\/\/wmtbaltic.lv\/Produkts\/paslimejosa-pleve-rakstisanai-ar-kritu-100-x-50cm-instruments-aplimesanai\/#breadcrumb","itemListElement":[{"@type":"ListItem","position":1,"name":"Home","item":"https:\/\/wmtbaltic.lv\/en\/"},{"@type":"ListItem","position":2,"name":"Products","item":"https:\/\/wmtbaltic.lv\/en\/shop\/"},{"@type":"ListItem","position":3,"name":"Pa\u0161l\u012bm\u0113jo\u0161\u0101 pl\u0113ve rakst\u012b\u0161anai ar kr\u012btu (100 x 50cm) + instruments apl\u012bm\u0113\u0161anai"}]},{"@type":"WebSite","@id":"https:\/\/wmtbaltic.lv\/#website","url":"https:\/\/wmtbaltic.lv\/","name":"WMT Baltic","description":"Rekl\u0101mas produkti, pl\u0113ves","publisher":{"@id":"https:\/\/wmtbaltic.lv\/#organization"},"potentialAction":[{"@type":"SearchAction","target":{"@type":"EntryPoint","urlTemplate":"https:\/\/wmtbaltic.lv\/?s={search_term_string}"},"query-input":{"@type":"PropertyValueSpecification","valueRequired":true,"valueName":"search_term_string"}}],"inLanguage":"en-US"},{"@type":"Organization","@id":"https:\/\/wmtbaltic.lv\/#organization","name":"WMT Baltic","url":"https:\/\/wmtbaltic.lv\/","logo":{"@type":"ImageObject","inLanguage":"en-US","@id":"https:\/\/wmtbaltic.lv\/#\/schema\/logo\/image\/","url":"https:\/\/wmtbaltic.lv\/wp-content\/uploads\/2024\/12\/wmt-baltic-sia_107142_9_420x180.jpg","contentUrl":"https:\/\/wmtbaltic.lv\/wp-content\/uploads\/2024\/12\/wmt-baltic-sia_107142_9_420x180.jpg","width":420,"height":180,"caption":"WMT Baltic"},"image":{"@id":"https:\/\/wmtbaltic.lv\/#\/schema\/logo\/image\/"},"sameAs":["https:\/\/www.facebook.com\/WMT.Baltic.viscom\/?locale=lv_LV","https:\/\/www.instagram.com\/viscom_wmt\/"]}]}},"_links":{"self":[{"href":"https:\/\/wmtbaltic.lv\/en\/wp-json\/wp\/v2\/product\/16370","targetHints":{"allow":["GET"]}}],"collection":[{"href":"https:\/\/wmtbaltic.lv\/en\/wp-json\/wp\/v2\/product"}],"about":[{"href":"https:\/\/wmtbaltic.lv\/en\/wp-json\/wp\/v2\/types\/product"}],"replies":[{"embeddable":true,"href":"https:\/\/wmtbaltic.lv\/en\/wp-json\/wp\/v2\/comments?post=16370"}],"wp:featuredmedia":[{"embeddable":true,"href":"https:\/\/wmtbaltic.lv\/en\/wp-json\/wp\/v2\/media\/16371"}],"wp:attachment":[{"href":"https:\/\/wmtbaltic.lv\/en\/wp-json\/wp\/v2\/media?parent=16370"}],"wp:term":[{"taxonomy":"product_brand","embeddable":true,"href":"https:\/\/wmtbaltic.lv\/en\/wp-json\/wp\/v2\/product_brand?post=16370"},{"taxonomy":"product_cat","embeddable":true,"href":"https:\/\/wmtbaltic.lv\/en\/wp-json\/wp\/v2\/product_cat?post=16370"},{"taxonomy":"product_tag","embeddable":true,"href":"https:\/\/wmtbaltic.lv\/en\/wp-json\/wp\/v2\/product_tag?post=16370"}],"curies":[{"name":"wp","href":"https:\/\/api.w.org\/{rel}","templated":true}]}}