{"id":16356,"date":"2024-02-02T14:34:09","date_gmt":"2024-02-02T14:34:09","guid":{"rendered":"https:\/\/wmtbaltic.lv\/?post_type=product&#038;p=16356"},"modified":"2024-02-02T14:34:14","modified_gmt":"2024-02-02T14:34:14","slug":"limpleve-stikla-dekoresanai-aslan-se-70-1340s-nebula-137-x-50cm","status":"publish","type":"product","link":"https:\/\/wmtbaltic.lv\/en\/product\/limpleve-stikla-dekoresanai-aslan-se-70-1340s-nebula-137-x-50cm\/","title":{"rendered":"L\u012bmpl\u0113ve stikla dekor\u0113\u0161anai ASLAN SE 70\/1340S Nebula (137 x 50cm)"},"content":{"rendered":"<p>L\u012bmpl\u0113ve stikla dekor\u0113\u0161anai ASLAN SE 70\/1340S Nebula tiek izmantota iek\u0161telp\u0101s un \u0101r\u0101, uz l\u012bdzen\u0101m virsm\u0101m, piem\u0113ram, skatlogiem, POP\/POS displejiem u.c.<\/p>\n<p>&nbsp;<\/p>\n<p><strong>Priek\u0161roc\u012bbas:<\/strong><\/p>\n<ul>\n<li>Mainot skata le\u0146\u0137i vai apgaismojumu, rada pl\u016bsto\u0161u kr\u0101su p\u0101rsl\u0113g\u0161anu<\/li>\n<li>Uzkl\u0101\u0161ana uz stikla abpus\u0113ju efektu ieg\u016b\u0161anai<\/li>\n<\/ul>\n<p>&nbsp;<\/p>\n<p><strong>Specifik\u0101cijas:<\/strong><\/p>\n<ul>\n<li>Glanc\u0113ta poliestera pl\u0113ve ar p\u0101rkl\u0101jumu<\/li>\n<li>Pl\u0113ves biezums: 110 \u00b5m (mikroni)<\/li>\n<li>L\u012bme: poliakrila l\u012bme uz \u0161\u0137\u012bdin\u0101t\u0101ju b\u0101zes<\/li>\n<li>Uzkl\u0101\u0161anas temperat\u016bra: min 10 \u00b0C<\/li>\n<\/ul>\n<p>&nbsp;<\/p>\n<p><strong>L\u012bm\u0113\u0161ana:<\/strong><\/p>\n<p>Pl\u0113vi var uzkl\u0101t sausu. Mitr\u0101 uzkl\u0101\u0161ana samazina statisko slodzi un pal\u012bdz pozicion\u0113t. Uzkl\u0101jot pl\u0113vi ar \u016bdeni, viss izmantotais \u016bdens ir j\u0101izslauka.<\/p>\n<p>ASLAN SE 70 pl\u0113ve ir \u012bpa\u0161i piem\u0113rota glud\u0101m, l\u012bdzen\u0101m, neelast\u012bg\u0101m un neizliekt\u0101m virsm\u0101m. Pl\u0113vi nedr\u012bkst uzkl\u0101t uz g\u0101zu izvado\u0161\u0101m virsm\u0101m, piem\u0113ram, ner\u016bd\u012bta akrila stikla, jo var rasties burbu\u013ci, \u012bpa\u0161i \u012bslaic\u012bgas siltuma iedarb\u012bbas laik\u0101.<\/p>\n<p>Lai pan\u0101ktu p\u0113c iesp\u0113jas ide\u0101lu kr\u0101su efektu, pamatnei j\u0101b\u016bt piln\u012bgi gludai un viendab\u012bgai, k\u0101 ar\u012b bez putek\u013ciem, taukiem un e\u013c\u013cas.<\/p>\n<p>Pl\u0113ves pamatne j\u0101no\u0146em vien\u0101 gabal\u0101 un p\u0113c iesp\u0113jas vienm\u0113r\u012bg\u0101k. Uzkl\u0101jot pl\u0113vi, j\u0101izmanto l\u012bm\u0113\u0161anas instruments. Lai ieg\u016btu viendab\u012bgu izskatu, katra pl\u0113ves loksne vienm\u0113r j\u0101uzkl\u0101j vien\u0101 virzien\u0101, lai izvair\u012btos no pret\u0113jiem kr\u0101su efektiem.<\/p>\n","protected":false},"excerpt":{"rendered":"L\u012bmpl\u0113ve stikla dekor\u0113\u0161anai ASLAN SE 70\/1340S Nebula tiek izmantota iek\u0161telp\u0101s un \u0101r\u0101, uz l\u012bdzen\u0101m virsm\u0101m, piem\u0113ram, skatlogiem, POP\/POS displejiem u.c.","protected":false},"featured_media":16357,"comment_status":"closed","ping_status":"closed","template":"","meta":[],"product_brand":[],"product_cat":[1362],"product_tag":[1378,1377,1257,1186,1379,1380],"class_list":{"0":"post-16356","1":"product","2":"type-product","3":"status-publish","4":"has-post-thumbnail","6":"product_cat-gatava-produkcija","7":"product_tag-aslan","8":"product_tag-dekors","9":"product_tag-limpleve","10":"product_tag-stikls","11":"product_tag-tonesana","12":"product_tag-vitraza","14":"first","15":"instock","16":"shipping-taxable","17":"purchasable","18":"product-type-simple"},"yoast_head":"<!-- This site is optimized with the Yoast SEO plugin v27.4 - https:\/\/yoast.com\/product\/yoast-seo-wordpress\/ -->\n<title>L\u012bmpl\u0113ve stikla dekor\u0113\u0161anai ASLAN Nebula<\/title>\n<meta name=\"robots\" content=\"index, follow, max-snippet:-1, max-image-preview:large, max-video-preview:-1\" \/>\n<link rel=\"canonical\" href=\"https:\/\/wmtbaltic.lv\/Produkts\/limpleve-stikla-dekoresanai-aslan-se-70-1340s-nebula-137-x-50cm\/\" \/>\n<meta property=\"og:locale\" content=\"en_US\" \/>\n<meta property=\"og:type\" content=\"article\" \/>\n<meta property=\"og:title\" content=\"L\u012bmpl\u0113ve stikla dekor\u0113\u0161anai ASLAN Nebula\" \/>\n<meta property=\"og:description\" content=\"L\u012bmpl\u0113ve stikla dekor\u0113\u0161anai ASLAN SE 70\/1340S Nebula tiek izmantota iek\u0161telp\u0101s un \u0101r\u0101, uz l\u012bdzen\u0101m virsm\u0101m, piem\u0113ram, skatlogiem, POP\/POS displejiem u.c.\" \/>\n<meta property=\"og:url\" content=\"https:\/\/wmtbaltic.lv\/Produkts\/limpleve-stikla-dekoresanai-aslan-se-70-1340s-nebula-137-x-50cm\/\" \/>\n<meta property=\"og:site_name\" content=\"WMT Baltic\" \/>\n<meta property=\"article:publisher\" content=\"https:\/\/www.facebook.com\/WMT.Baltic.viscom\/?locale=lv_LV\" \/>\n<meta property=\"article:modified_time\" content=\"2024-02-02T14:34:14+00:00\" \/>\n<meta property=\"og:image\" content=\"http:\/\/wmtbaltic.lv\/wp-content\/uploads\/2024\/02\/Limpleve-stikla-dekoresanai_Aslan_1.jpg\" \/>\n\t<meta property=\"og:image:width\" content=\"1326\" \/>\n\t<meta property=\"og:image:height\" content=\"1326\" \/>\n\t<meta property=\"og:image:type\" content=\"image\/jpeg\" \/>\n<meta name=\"twitter:card\" content=\"summary_large_image\" \/>\n<meta name=\"twitter:label1\" content=\"Est. reading time\" \/>\n\t<meta name=\"twitter:data1\" content=\"1 minute\" \/>\n<script type=\"application\/ld+json\" class=\"yoast-schema-graph\">{\"@context\":\"https:\\\/\\\/schema.org\",\"@graph\":[{\"@type\":\"WebPage\",\"@id\":\"https:\\\/\\\/wmtbaltic.lv\\\/Produkts\\\/limpleve-stikla-dekoresanai-aslan-se-70-1340s-nebula-137-x-50cm\\\/\",\"url\":\"https:\\\/\\\/wmtbaltic.lv\\\/Produkts\\\/limpleve-stikla-dekoresanai-aslan-se-70-1340s-nebula-137-x-50cm\\\/\",\"name\":\"L\u012bmpl\u0113ve stikla dekor\u0113\u0161anai ASLAN Nebula\",\"isPartOf\":{\"@id\":\"https:\\\/\\\/wmtbaltic.lv\\\/#website\"},\"primaryImageOfPage\":{\"@id\":\"https:\\\/\\\/wmtbaltic.lv\\\/Produkts\\\/limpleve-stikla-dekoresanai-aslan-se-70-1340s-nebula-137-x-50cm\\\/#primaryimage\"},\"image\":{\"@id\":\"https:\\\/\\\/wmtbaltic.lv\\\/Produkts\\\/limpleve-stikla-dekoresanai-aslan-se-70-1340s-nebula-137-x-50cm\\\/#primaryimage\"},\"thumbnailUrl\":\"https:\\\/\\\/wmtbaltic.lv\\\/wp-content\\\/uploads\\\/2024\\\/02\\\/Limpleve-stikla-dekoresanai_Aslan_1.jpg\",\"datePublished\":\"2024-02-02T14:34:09+00:00\",\"dateModified\":\"2024-02-02T14:34:14+00:00\",\"breadcrumb\":{\"@id\":\"https:\\\/\\\/wmtbaltic.lv\\\/Produkts\\\/limpleve-stikla-dekoresanai-aslan-se-70-1340s-nebula-137-x-50cm\\\/#breadcrumb\"},\"inLanguage\":\"en-US\",\"potentialAction\":[{\"@type\":\"ReadAction\",\"target\":[\"https:\\\/\\\/wmtbaltic.lv\\\/Produkts\\\/limpleve-stikla-dekoresanai-aslan-se-70-1340s-nebula-137-x-50cm\\\/\"]}]},{\"@type\":\"ImageObject\",\"inLanguage\":\"en-US\",\"@id\":\"https:\\\/\\\/wmtbaltic.lv\\\/Produkts\\\/limpleve-stikla-dekoresanai-aslan-se-70-1340s-nebula-137-x-50cm\\\/#primaryimage\",\"url\":\"https:\\\/\\\/wmtbaltic.lv\\\/wp-content\\\/uploads\\\/2024\\\/02\\\/Limpleve-stikla-dekoresanai_Aslan_1.jpg\",\"contentUrl\":\"https:\\\/\\\/wmtbaltic.lv\\\/wp-content\\\/uploads\\\/2024\\\/02\\\/Limpleve-stikla-dekoresanai_Aslan_1.jpg\",\"width\":1326,\"height\":1326},{\"@type\":\"BreadcrumbList\",\"@id\":\"https:\\\/\\\/wmtbaltic.lv\\\/Produkts\\\/limpleve-stikla-dekoresanai-aslan-se-70-1340s-nebula-137-x-50cm\\\/#breadcrumb\",\"itemListElement\":[{\"@type\":\"ListItem\",\"position\":1,\"name\":\"Home\",\"item\":\"https:\\\/\\\/wmtbaltic.lv\\\/en\\\/\"},{\"@type\":\"ListItem\",\"position\":2,\"name\":\"Products\",\"item\":\"https:\\\/\\\/wmtbaltic.lv\\\/en\\\/shop\\\/\"},{\"@type\":\"ListItem\",\"position\":3,\"name\":\"L\u012bmpl\u0113ve stikla dekor\u0113\u0161anai ASLAN SE 70\\\/1340S Nebula (137 x 50cm)\"}]},{\"@type\":\"WebSite\",\"@id\":\"https:\\\/\\\/wmtbaltic.lv\\\/#website\",\"url\":\"https:\\\/\\\/wmtbaltic.lv\\\/\",\"name\":\"WMT Baltic\",\"description\":\"Rekl\u0101mas produkti, pl\u0113ves\",\"publisher\":{\"@id\":\"https:\\\/\\\/wmtbaltic.lv\\\/#organization\"},\"potentialAction\":[{\"@type\":\"SearchAction\",\"target\":{\"@type\":\"EntryPoint\",\"urlTemplate\":\"https:\\\/\\\/wmtbaltic.lv\\\/?s={search_term_string}\"},\"query-input\":{\"@type\":\"PropertyValueSpecification\",\"valueRequired\":true,\"valueName\":\"search_term_string\"}}],\"inLanguage\":\"en-US\"},{\"@type\":\"Organization\",\"@id\":\"https:\\\/\\\/wmtbaltic.lv\\\/#organization\",\"name\":\"WMT Baltic\",\"url\":\"https:\\\/\\\/wmtbaltic.lv\\\/\",\"logo\":{\"@type\":\"ImageObject\",\"inLanguage\":\"en-US\",\"@id\":\"https:\\\/\\\/wmtbaltic.lv\\\/#\\\/schema\\\/logo\\\/image\\\/\",\"url\":\"https:\\\/\\\/wmtbaltic.lv\\\/wp-content\\\/uploads\\\/2024\\\/12\\\/wmt-baltic-sia_107142_9_420x180.jpg\",\"contentUrl\":\"https:\\\/\\\/wmtbaltic.lv\\\/wp-content\\\/uploads\\\/2024\\\/12\\\/wmt-baltic-sia_107142_9_420x180.jpg\",\"width\":420,\"height\":180,\"caption\":\"WMT Baltic\"},\"image\":{\"@id\":\"https:\\\/\\\/wmtbaltic.lv\\\/#\\\/schema\\\/logo\\\/image\\\/\"},\"sameAs\":[\"https:\\\/\\\/www.facebook.com\\\/WMT.Baltic.viscom\\\/?locale=lv_LV\",\"https:\\\/\\\/www.instagram.com\\\/viscom_wmt\\\/\"]}]}<\/script>\n<!-- \/ Yoast SEO plugin. -->","yoast_head_json":{"title":"L\u012bmpl\u0113ve stikla dekor\u0113\u0161anai ASLAN Nebula","robots":{"index":"index","follow":"follow","max-snippet":"max-snippet:-1","max-image-preview":"max-image-preview:large","max-video-preview":"max-video-preview:-1"},"canonical":"https:\/\/wmtbaltic.lv\/Produkts\/limpleve-stikla-dekoresanai-aslan-se-70-1340s-nebula-137-x-50cm\/","og_locale":"en_US","og_type":"article","og_title":"L\u012bmpl\u0113ve stikla dekor\u0113\u0161anai ASLAN Nebula","og_description":"L\u012bmpl\u0113ve stikla dekor\u0113\u0161anai ASLAN SE 70\/1340S Nebula tiek izmantota iek\u0161telp\u0101s un \u0101r\u0101, uz l\u012bdzen\u0101m virsm\u0101m, piem\u0113ram, skatlogiem, POP\/POS displejiem u.c.","og_url":"https:\/\/wmtbaltic.lv\/Produkts\/limpleve-stikla-dekoresanai-aslan-se-70-1340s-nebula-137-x-50cm\/","og_site_name":"WMT Baltic","article_publisher":"https:\/\/www.facebook.com\/WMT.Baltic.viscom\/?locale=lv_LV","article_modified_time":"2024-02-02T14:34:14+00:00","og_image":[{"width":1326,"height":1326,"url":"http:\/\/wmtbaltic.lv\/wp-content\/uploads\/2024\/02\/Limpleve-stikla-dekoresanai_Aslan_1.jpg","type":"image\/jpeg"}],"twitter_card":"summary_large_image","twitter_misc":{"Est. reading time":"1 minute"},"schema":{"@context":"https:\/\/schema.org","@graph":[{"@type":"WebPage","@id":"https:\/\/wmtbaltic.lv\/Produkts\/limpleve-stikla-dekoresanai-aslan-se-70-1340s-nebula-137-x-50cm\/","url":"https:\/\/wmtbaltic.lv\/Produkts\/limpleve-stikla-dekoresanai-aslan-se-70-1340s-nebula-137-x-50cm\/","name":"L\u012bmpl\u0113ve stikla dekor\u0113\u0161anai ASLAN Nebula","isPartOf":{"@id":"https:\/\/wmtbaltic.lv\/#website"},"primaryImageOfPage":{"@id":"https:\/\/wmtbaltic.lv\/Produkts\/limpleve-stikla-dekoresanai-aslan-se-70-1340s-nebula-137-x-50cm\/#primaryimage"},"image":{"@id":"https:\/\/wmtbaltic.lv\/Produkts\/limpleve-stikla-dekoresanai-aslan-se-70-1340s-nebula-137-x-50cm\/#primaryimage"},"thumbnailUrl":"https:\/\/wmtbaltic.lv\/wp-content\/uploads\/2024\/02\/Limpleve-stikla-dekoresanai_Aslan_1.jpg","datePublished":"2024-02-02T14:34:09+00:00","dateModified":"2024-02-02T14:34:14+00:00","breadcrumb":{"@id":"https:\/\/wmtbaltic.lv\/Produkts\/limpleve-stikla-dekoresanai-aslan-se-70-1340s-nebula-137-x-50cm\/#breadcrumb"},"inLanguage":"en-US","potentialAction":[{"@type":"ReadAction","target":["https:\/\/wmtbaltic.lv\/Produkts\/limpleve-stikla-dekoresanai-aslan-se-70-1340s-nebula-137-x-50cm\/"]}]},{"@type":"ImageObject","inLanguage":"en-US","@id":"https:\/\/wmtbaltic.lv\/Produkts\/limpleve-stikla-dekoresanai-aslan-se-70-1340s-nebula-137-x-50cm\/#primaryimage","url":"https:\/\/wmtbaltic.lv\/wp-content\/uploads\/2024\/02\/Limpleve-stikla-dekoresanai_Aslan_1.jpg","contentUrl":"https:\/\/wmtbaltic.lv\/wp-content\/uploads\/2024\/02\/Limpleve-stikla-dekoresanai_Aslan_1.jpg","width":1326,"height":1326},{"@type":"BreadcrumbList","@id":"https:\/\/wmtbaltic.lv\/Produkts\/limpleve-stikla-dekoresanai-aslan-se-70-1340s-nebula-137-x-50cm\/#breadcrumb","itemListElement":[{"@type":"ListItem","position":1,"name":"Home","item":"https:\/\/wmtbaltic.lv\/en\/"},{"@type":"ListItem","position":2,"name":"Products","item":"https:\/\/wmtbaltic.lv\/en\/shop\/"},{"@type":"ListItem","position":3,"name":"L\u012bmpl\u0113ve stikla dekor\u0113\u0161anai ASLAN SE 70\/1340S Nebula (137 x 50cm)"}]},{"@type":"WebSite","@id":"https:\/\/wmtbaltic.lv\/#website","url":"https:\/\/wmtbaltic.lv\/","name":"WMT Baltic","description":"Rekl\u0101mas produkti, pl\u0113ves","publisher":{"@id":"https:\/\/wmtbaltic.lv\/#organization"},"potentialAction":[{"@type":"SearchAction","target":{"@type":"EntryPoint","urlTemplate":"https:\/\/wmtbaltic.lv\/?s={search_term_string}"},"query-input":{"@type":"PropertyValueSpecification","valueRequired":true,"valueName":"search_term_string"}}],"inLanguage":"en-US"},{"@type":"Organization","@id":"https:\/\/wmtbaltic.lv\/#organization","name":"WMT Baltic","url":"https:\/\/wmtbaltic.lv\/","logo":{"@type":"ImageObject","inLanguage":"en-US","@id":"https:\/\/wmtbaltic.lv\/#\/schema\/logo\/image\/","url":"https:\/\/wmtbaltic.lv\/wp-content\/uploads\/2024\/12\/wmt-baltic-sia_107142_9_420x180.jpg","contentUrl":"https:\/\/wmtbaltic.lv\/wp-content\/uploads\/2024\/12\/wmt-baltic-sia_107142_9_420x180.jpg","width":420,"height":180,"caption":"WMT Baltic"},"image":{"@id":"https:\/\/wmtbaltic.lv\/#\/schema\/logo\/image\/"},"sameAs":["https:\/\/www.facebook.com\/WMT.Baltic.viscom\/?locale=lv_LV","https:\/\/www.instagram.com\/viscom_wmt\/"]}]}},"_links":{"self":[{"href":"https:\/\/wmtbaltic.lv\/en\/wp-json\/wp\/v2\/product\/16356","targetHints":{"allow":["GET"]}}],"collection":[{"href":"https:\/\/wmtbaltic.lv\/en\/wp-json\/wp\/v2\/product"}],"about":[{"href":"https:\/\/wmtbaltic.lv\/en\/wp-json\/wp\/v2\/types\/product"}],"replies":[{"embeddable":true,"href":"https:\/\/wmtbaltic.lv\/en\/wp-json\/wp\/v2\/comments?post=16356"}],"wp:featuredmedia":[{"embeddable":true,"href":"https:\/\/wmtbaltic.lv\/en\/wp-json\/wp\/v2\/media\/16357"}],"wp:attachment":[{"href":"https:\/\/wmtbaltic.lv\/en\/wp-json\/wp\/v2\/media?parent=16356"}],"wp:term":[{"taxonomy":"product_brand","embeddable":true,"href":"https:\/\/wmtbaltic.lv\/en\/wp-json\/wp\/v2\/product_brand?post=16356"},{"taxonomy":"product_cat","embeddable":true,"href":"https:\/\/wmtbaltic.lv\/en\/wp-json\/wp\/v2\/product_cat?post=16356"},{"taxonomy":"product_tag","embeddable":true,"href":"https:\/\/wmtbaltic.lv\/en\/wp-json\/wp\/v2\/product_tag?post=16356"}],"curies":[{"name":"wp","href":"https:\/\/api.w.org\/{rel}","templated":true}]}}