{"id":16243,"date":"2024-01-29T16:01:24","date_gmt":"2024-01-29T16:01:24","guid":{"rendered":"https:\/\/wmtbaltic.lv\/?post_type=product&#038;p=16243"},"modified":"2024-02-05T07:58:57","modified_gmt":"2024-02-05T07:58:57","slug":"termoplevju-komplekts-250mm-300mm-6gab","status":"publish","type":"product","link":"https:\/\/wmtbaltic.lv\/en\/product\/termoplevju-komplekts-250mm-300mm-6gab\/","title":{"rendered":"Termopl\u0113vju komplekts 250mm *300mm (6gab.)"},"content":{"rendered":"<p>Termopl\u0113vju komplekts 250mm *300mm (6gab.) viena kr\u0101sa p\u0113c izv\u0113les.<\/p>\n<p>S\u0113rija Poli-Flex Turbo. Piem\u0113rots plottergrie\u0161anai vai vienk\u0101r\u0161i ar \u0161\u0137\u0113r\u0113m.<\/p>\n<p>Var p\u0101rnest uz d\u0101\u017ead\u0101m v\u012brsmas, izmantojot termpr\u0113si (vai gludek\u013ci).<\/p>\n<p>Termop\u0101rne\u0161anas instrukcija:<\/p>\n<p>Spiediens vid\u0113jais 2.5-3 bar.<\/p>\n<p>Laiks un temperat\u016bra :<\/p>\n<p>3 sekundes 160\u00b0 vai\u00a0 5 sekundes 130\u00b0.<\/p>\n<p>Tehnisko inform\u0101ciju un kr\u0101su karti atrad\u012bsiet sada\u013c\u0101: <a href=\"https:\/\/wmtbaltic.lv\/product-category\/termoparnesana\/krasainas_termopleves\/termopleve-t-tape-poli-flex-turbo\/\"><strong>Termopl\u0113ve T-Tape POLI-FLEX<sup>\u00ae<\/sup>\u00a0TURBO<sup>\u00ae<\/sup><\/strong><\/a><\/p>\n<p>Ja rodas jaut\u0101jumi, dro\u0161i zvaniet vai rakstiet:<\/p>\n<p>e-pasts:\u00a0<a href=\"mailto:ttape@wmt.lv\">ttape@wmt.lv<\/a><\/p>\n<p>T\u0101lr.: +371 2551156\u00a0 \u00a0|\u00a0 \u00a0+371 67800830<\/p>\n<p>Ra\u017eot\u0101js : V\u0101cija.<\/p>\n","protected":false},"excerpt":{"rendered":"Termopl\u0113vju komplekts 250mm *300mm (6gab.) viena kr\u0101sa p\u0113c izv\u0113les. S\u0113rija Poli-Flex Turbo. Piem\u0113rots plottergrie\u0161anai vai vienk\u0101r\u0161i ar \u0161\u0137\u0113r\u0113m. Var p\u0101rnest uz d\u0101\u017ead\u0101m v\u012brsmas, izmantojot termpr\u0113si (vai gludek\u013ci). Termop\u0101rne\u0161anas instrukcija: Spiediens vid\u0113jais 2.5-3 bar. Laiks un temperat\u016bra : 3 sekundes 160\u00b0 vai\u00a0 5 sekundes 130\u00b0. Tehnisko inform\u0101ciju un kr\u0101su karti atrad\u012bsiet sada\u013c\u0101: Termopl\u0113ve T-Tape POLI-FLEX\u00ae\u00a0TURBO\u00ae Ja [...]","protected":false},"featured_media":16320,"comment_status":"closed","ping_status":"closed","template":"","meta":[],"product_brand":[],"product_cat":[456],"product_tag":[483,482,1247],"class_list":{"0":"post-16243","1":"product","2":"type-product","3":"status-publish","4":"has-post-thumbnail","6":"product_cat-termopleve-t-tape-poli-flex-turbo","7":"product_tag-krasainas_termopleves","8":"product_tag-termopleve","9":"product_tag-turbo","11":"first","12":"instock","13":"shipping-taxable","14":"purchasable","15":"product-type-variable"},"yoast_head":"<!-- This site is optimized with the Yoast SEO plugin v27.4 - https:\/\/yoast.com\/product\/yoast-seo-wordpress\/ -->\n<title>Termopl\u0113vju komplekts 250mm *300mm (6gab.) - WMT Baltic<\/title>\n<meta name=\"robots\" content=\"index, follow, max-snippet:-1, max-image-preview:large, max-video-preview:-1\" \/>\n<link rel=\"canonical\" href=\"https:\/\/wmtbaltic.lv\/product\/termoplevju-komplekts-250mm-300mm-6gab\/\" \/>\n<meta property=\"og:locale\" content=\"en_US\" \/>\n<meta property=\"og:type\" content=\"article\" \/>\n<meta property=\"og:title\" content=\"Termopl\u0113vju komplekts 250mm *300mm (6gab.) - WMT Baltic\" \/>\n<meta property=\"og:url\" content=\"https:\/\/wmtbaltic.lv\/product\/termoplevju-komplekts-250mm-300mm-6gab\/\" \/>\n<meta property=\"og:site_name\" content=\"WMT Baltic\" \/>\n<meta property=\"article:publisher\" content=\"https:\/\/www.facebook.com\/WMT.Baltic.viscom\/?locale=lv_LV\" \/>\n<meta property=\"article:modified_time\" content=\"2024-02-05T07:58:57+00:00\" \/>\n<meta property=\"og:image\" content=\"http:\/\/wmtbaltic.lv\/wp-content\/uploads\/2024\/01\/WORK-WORK-WORK-WORK-WORK.png\" \/>\n\t<meta property=\"og:image:width\" content=\"1080\" \/>\n\t<meta property=\"og:image:height\" content=\"1080\" \/>\n\t<meta property=\"og:image:type\" content=\"image\/png\" \/>\n<meta name=\"twitter:card\" content=\"summary_large_image\" \/>\n<meta name=\"twitter:label1\" content=\"Est. reading time\" \/>\n\t<meta name=\"twitter:data1\" content=\"1 minute\" \/>\n<script type=\"application\/ld+json\" class=\"yoast-schema-graph\">{\"@context\":\"https:\\\/\\\/schema.org\",\"@graph\":[{\"@type\":\"WebPage\",\"@id\":\"https:\\\/\\\/wmtbaltic.lv\\\/product\\\/termoplevju-komplekts-250mm-300mm-6gab\\\/\",\"url\":\"https:\\\/\\\/wmtbaltic.lv\\\/product\\\/termoplevju-komplekts-250mm-300mm-6gab\\\/\",\"name\":\"Termopl\u0113vju komplekts 250mm *300mm (6gab.) - WMT Baltic\",\"isPartOf\":{\"@id\":\"https:\\\/\\\/wmtbaltic.lv\\\/#website\"},\"primaryImageOfPage\":{\"@id\":\"https:\\\/\\\/wmtbaltic.lv\\\/product\\\/termoplevju-komplekts-250mm-300mm-6gab\\\/#primaryimage\"},\"image\":{\"@id\":\"https:\\\/\\\/wmtbaltic.lv\\\/product\\\/termoplevju-komplekts-250mm-300mm-6gab\\\/#primaryimage\"},\"thumbnailUrl\":\"https:\\\/\\\/wmtbaltic.lv\\\/wp-content\\\/uploads\\\/2024\\\/01\\\/WORK-WORK-WORK-WORK-WORK.png\",\"datePublished\":\"2024-01-29T16:01:24+00:00\",\"dateModified\":\"2024-02-05T07:58:57+00:00\",\"breadcrumb\":{\"@id\":\"https:\\\/\\\/wmtbaltic.lv\\\/product\\\/termoplevju-komplekts-250mm-300mm-6gab\\\/#breadcrumb\"},\"inLanguage\":\"en-US\",\"potentialAction\":[{\"@type\":\"ReadAction\",\"target\":[\"https:\\\/\\\/wmtbaltic.lv\\\/product\\\/termoplevju-komplekts-250mm-300mm-6gab\\\/\"]}]},{\"@type\":\"ImageObject\",\"inLanguage\":\"en-US\",\"@id\":\"https:\\\/\\\/wmtbaltic.lv\\\/product\\\/termoplevju-komplekts-250mm-300mm-6gab\\\/#primaryimage\",\"url\":\"https:\\\/\\\/wmtbaltic.lv\\\/wp-content\\\/uploads\\\/2024\\\/01\\\/WORK-WORK-WORK-WORK-WORK.png\",\"contentUrl\":\"https:\\\/\\\/wmtbaltic.lv\\\/wp-content\\\/uploads\\\/2024\\\/01\\\/WORK-WORK-WORK-WORK-WORK.png\",\"width\":1080,\"height\":1080,\"caption\":\"Termopl\u0113ves\"},{\"@type\":\"BreadcrumbList\",\"@id\":\"https:\\\/\\\/wmtbaltic.lv\\\/product\\\/termoplevju-komplekts-250mm-300mm-6gab\\\/#breadcrumb\",\"itemListElement\":[{\"@type\":\"ListItem\",\"position\":1,\"name\":\"Home\",\"item\":\"https:\\\/\\\/wmtbaltic.lv\\\/en\\\/\"},{\"@type\":\"ListItem\",\"position\":2,\"name\":\"Products\",\"item\":\"https:\\\/\\\/wmtbaltic.lv\\\/en\\\/shop\\\/\"},{\"@type\":\"ListItem\",\"position\":3,\"name\":\"Termopl\u0113vju komplekts 250mm *300mm (6gab.)\"}]},{\"@type\":\"WebSite\",\"@id\":\"https:\\\/\\\/wmtbaltic.lv\\\/#website\",\"url\":\"https:\\\/\\\/wmtbaltic.lv\\\/\",\"name\":\"WMT Baltic\",\"description\":\"Rekl\u0101mas produkti, pl\u0113ves\",\"publisher\":{\"@id\":\"https:\\\/\\\/wmtbaltic.lv\\\/#organization\"},\"potentialAction\":[{\"@type\":\"SearchAction\",\"target\":{\"@type\":\"EntryPoint\",\"urlTemplate\":\"https:\\\/\\\/wmtbaltic.lv\\\/?s={search_term_string}\"},\"query-input\":{\"@type\":\"PropertyValueSpecification\",\"valueRequired\":true,\"valueName\":\"search_term_string\"}}],\"inLanguage\":\"en-US\"},{\"@type\":\"Organization\",\"@id\":\"https:\\\/\\\/wmtbaltic.lv\\\/#organization\",\"name\":\"WMT Baltic\",\"url\":\"https:\\\/\\\/wmtbaltic.lv\\\/\",\"logo\":{\"@type\":\"ImageObject\",\"inLanguage\":\"en-US\",\"@id\":\"https:\\\/\\\/wmtbaltic.lv\\\/#\\\/schema\\\/logo\\\/image\\\/\",\"url\":\"https:\\\/\\\/wmtbaltic.lv\\\/wp-content\\\/uploads\\\/2024\\\/12\\\/wmt-baltic-sia_107142_9_420x180.jpg\",\"contentUrl\":\"https:\\\/\\\/wmtbaltic.lv\\\/wp-content\\\/uploads\\\/2024\\\/12\\\/wmt-baltic-sia_107142_9_420x180.jpg\",\"width\":420,\"height\":180,\"caption\":\"WMT Baltic\"},\"image\":{\"@id\":\"https:\\\/\\\/wmtbaltic.lv\\\/#\\\/schema\\\/logo\\\/image\\\/\"},\"sameAs\":[\"https:\\\/\\\/www.facebook.com\\\/WMT.Baltic.viscom\\\/?locale=lv_LV\",\"https:\\\/\\\/www.instagram.com\\\/viscom_wmt\\\/\"]}]}<\/script>\n<!-- \/ Yoast SEO plugin. -->","yoast_head_json":{"title":"Termopl\u0113vju komplekts 250mm *300mm (6gab.) - WMT Baltic","robots":{"index":"index","follow":"follow","max-snippet":"max-snippet:-1","max-image-preview":"max-image-preview:large","max-video-preview":"max-video-preview:-1"},"canonical":"https:\/\/wmtbaltic.lv\/product\/termoplevju-komplekts-250mm-300mm-6gab\/","og_locale":"en_US","og_type":"article","og_title":"Termopl\u0113vju komplekts 250mm *300mm (6gab.) - WMT Baltic","og_url":"https:\/\/wmtbaltic.lv\/product\/termoplevju-komplekts-250mm-300mm-6gab\/","og_site_name":"WMT Baltic","article_publisher":"https:\/\/www.facebook.com\/WMT.Baltic.viscom\/?locale=lv_LV","article_modified_time":"2024-02-05T07:58:57+00:00","og_image":[{"width":1080,"height":1080,"url":"http:\/\/wmtbaltic.lv\/wp-content\/uploads\/2024\/01\/WORK-WORK-WORK-WORK-WORK.png","type":"image\/png"}],"twitter_card":"summary_large_image","twitter_misc":{"Est. reading time":"1 minute"},"schema":{"@context":"https:\/\/schema.org","@graph":[{"@type":"WebPage","@id":"https:\/\/wmtbaltic.lv\/product\/termoplevju-komplekts-250mm-300mm-6gab\/","url":"https:\/\/wmtbaltic.lv\/product\/termoplevju-komplekts-250mm-300mm-6gab\/","name":"Termopl\u0113vju komplekts 250mm *300mm (6gab.) - WMT Baltic","isPartOf":{"@id":"https:\/\/wmtbaltic.lv\/#website"},"primaryImageOfPage":{"@id":"https:\/\/wmtbaltic.lv\/product\/termoplevju-komplekts-250mm-300mm-6gab\/#primaryimage"},"image":{"@id":"https:\/\/wmtbaltic.lv\/product\/termoplevju-komplekts-250mm-300mm-6gab\/#primaryimage"},"thumbnailUrl":"https:\/\/wmtbaltic.lv\/wp-content\/uploads\/2024\/01\/WORK-WORK-WORK-WORK-WORK.png","datePublished":"2024-01-29T16:01:24+00:00","dateModified":"2024-02-05T07:58:57+00:00","breadcrumb":{"@id":"https:\/\/wmtbaltic.lv\/product\/termoplevju-komplekts-250mm-300mm-6gab\/#breadcrumb"},"inLanguage":"en-US","potentialAction":[{"@type":"ReadAction","target":["https:\/\/wmtbaltic.lv\/product\/termoplevju-komplekts-250mm-300mm-6gab\/"]}]},{"@type":"ImageObject","inLanguage":"en-US","@id":"https:\/\/wmtbaltic.lv\/product\/termoplevju-komplekts-250mm-300mm-6gab\/#primaryimage","url":"https:\/\/wmtbaltic.lv\/wp-content\/uploads\/2024\/01\/WORK-WORK-WORK-WORK-WORK.png","contentUrl":"https:\/\/wmtbaltic.lv\/wp-content\/uploads\/2024\/01\/WORK-WORK-WORK-WORK-WORK.png","width":1080,"height":1080,"caption":"Termopl\u0113ves"},{"@type":"BreadcrumbList","@id":"https:\/\/wmtbaltic.lv\/product\/termoplevju-komplekts-250mm-300mm-6gab\/#breadcrumb","itemListElement":[{"@type":"ListItem","position":1,"name":"Home","item":"https:\/\/wmtbaltic.lv\/en\/"},{"@type":"ListItem","position":2,"name":"Products","item":"https:\/\/wmtbaltic.lv\/en\/shop\/"},{"@type":"ListItem","position":3,"name":"Termopl\u0113vju komplekts 250mm *300mm (6gab.)"}]},{"@type":"WebSite","@id":"https:\/\/wmtbaltic.lv\/#website","url":"https:\/\/wmtbaltic.lv\/","name":"WMT Baltic","description":"Rekl\u0101mas produkti, pl\u0113ves","publisher":{"@id":"https:\/\/wmtbaltic.lv\/#organization"},"potentialAction":[{"@type":"SearchAction","target":{"@type":"EntryPoint","urlTemplate":"https:\/\/wmtbaltic.lv\/?s={search_term_string}"},"query-input":{"@type":"PropertyValueSpecification","valueRequired":true,"valueName":"search_term_string"}}],"inLanguage":"en-US"},{"@type":"Organization","@id":"https:\/\/wmtbaltic.lv\/#organization","name":"WMT Baltic","url":"https:\/\/wmtbaltic.lv\/","logo":{"@type":"ImageObject","inLanguage":"en-US","@id":"https:\/\/wmtbaltic.lv\/#\/schema\/logo\/image\/","url":"https:\/\/wmtbaltic.lv\/wp-content\/uploads\/2024\/12\/wmt-baltic-sia_107142_9_420x180.jpg","contentUrl":"https:\/\/wmtbaltic.lv\/wp-content\/uploads\/2024\/12\/wmt-baltic-sia_107142_9_420x180.jpg","width":420,"height":180,"caption":"WMT Baltic"},"image":{"@id":"https:\/\/wmtbaltic.lv\/#\/schema\/logo\/image\/"},"sameAs":["https:\/\/www.facebook.com\/WMT.Baltic.viscom\/?locale=lv_LV","https:\/\/www.instagram.com\/viscom_wmt\/"]}]}},"_links":{"self":[{"href":"https:\/\/wmtbaltic.lv\/en\/wp-json\/wp\/v2\/product\/16243","targetHints":{"allow":["GET"]}}],"collection":[{"href":"https:\/\/wmtbaltic.lv\/en\/wp-json\/wp\/v2\/product"}],"about":[{"href":"https:\/\/wmtbaltic.lv\/en\/wp-json\/wp\/v2\/types\/product"}],"replies":[{"embeddable":true,"href":"https:\/\/wmtbaltic.lv\/en\/wp-json\/wp\/v2\/comments?post=16243"}],"wp:featuredmedia":[{"embeddable":true,"href":"https:\/\/wmtbaltic.lv\/en\/wp-json\/wp\/v2\/media\/16320"}],"wp:attachment":[{"href":"https:\/\/wmtbaltic.lv\/en\/wp-json\/wp\/v2\/media?parent=16243"}],"wp:term":[{"taxonomy":"product_brand","embeddable":true,"href":"https:\/\/wmtbaltic.lv\/en\/wp-json\/wp\/v2\/product_brand?post=16243"},{"taxonomy":"product_cat","embeddable":true,"href":"https:\/\/wmtbaltic.lv\/en\/wp-json\/wp\/v2\/product_cat?post=16243"},{"taxonomy":"product_tag","embeddable":true,"href":"https:\/\/wmtbaltic.lv\/en\/wp-json\/wp\/v2\/product_tag?post=16243"}],"curies":[{"name":"wp","href":"https:\/\/api.w.org\/{rel}","templated":true}]}}