{"id":16093,"date":"2023-11-29T10:26:51","date_gmt":"2023-11-29T10:26:51","guid":{"rendered":"https:\/\/wmtbaltic.lv\/?post_type=product&#038;p=16093"},"modified":"2024-11-28T11:50:57","modified_gmt":"2024-11-28T11:50:57","slug":"magnetiska-pleve-white-pet-ultraflat-300-1-37m-x-30","status":"publish","type":"product","link":"https:\/\/wmtbaltic.lv\/en\/product\/magnetiska-pleve-white-pet-ultraflat-300-1-37m-x-30\/","title":{"rendered":"Magn\u0113tiska pl\u0113ve White PET UltraFlat 300,1.37x 30m"},"content":{"rendered":"<p><strong>White PET UltraFlat 300<\/strong>\u00a0\u2013 elast\u012bga magn\u0113tisk\u0101 pl\u0101na pl\u0113ve ar baltu, mat\u0113tu PET virsmu. Pateicoties \u012bpa\u0161i pl\u0101nai virsmai, to var p\u0101rkl\u0101t l\u012bdz 2 sl\u0101\u0146iem.<\/p>\n<p>Produkts ide\u0101li piem\u0113rots bie\u017eai un \u0101trai rekl\u0101mai vai inform\u0101cijas nomai\u0146ai, to galvenok\u0101rt izmanto b\u0113rnud\u0101rzos, sp\u0113\u013cu laukumos, izgl\u012bt\u012bbas iest\u0101d\u0113s, veikalos , kafejn\u012bcas, birojas un t.t.<\/p>\n<p>Print &amp; Cut produkts.<br \/>\nParedz\u0113ta drukai ar solventa, ekosolventa, lateksa un UV-tint\u0113m.<\/p>\n<p>Biezums 300 \u00b5.<\/p>\n<p>Pl\u0113ves platums 1.37m.<\/p>\n<p>Rull\u012b 30m.<\/p>\n<p>&nbsp;<\/p>\n<p><strong>Jei norite \u012fsigyti magnetin\u0117 lipni pl\u0117vel\u0117 White PET UltraFlat 300, 1.37x 30m <\/strong><strong>prek\u0119 m\u016bs\u0173 ofise Lietuvoje,Vilniuje \u201dWMT Vilnius\u201dkambinkite: +37065562119, ra\u0161ykite: <a href=\"mailto:info@wmt.lt\">info@wmt.lt<\/a><\/strong><\/p>\n<p><strong>Bendravimui su ofisu Rygoje WMT Baltic SIA, Skambinkite: +371 67800830,ra\u0161ykite:\u00a0<a href=\"mailto:info@adv24.lv\">info@adv24.lv<\/a><\/strong><\/p>\n","protected":false},"excerpt":{"rendered":"White PET UltraFlat 300\u00a0\u2013 elast\u012bga magn\u0113tisk\u0101 pl\u0101na pl\u0113ve ar baltu, mat\u0113tu PET virsmu. Pateicoties \u012bpa\u0161i pl\u0101nai virsmai, to var p\u0101rkl\u0101t l\u012bdz 2 sl\u0101\u0146iem. Produkts ide\u0101li piem\u0113rots bie\u017eai un \u0101trai rekl\u0101mai vai inform\u0101cijas nomai\u0146ai, to galvenok\u0101rt izmanto b\u0113rnud\u0101rzos, sp\u0113\u013cu laukumos, izgl\u012bt\u012bbas iest\u0101d\u0113s, veikalos , kafejn\u012bcas, birojas un t.t. Print &amp; Cut produkts. Paredz\u0113ta drukai ar solventa, [...]","protected":false},"featured_media":16104,"comment_status":"closed","ping_status":"closed","template":"","meta":[],"product_brand":[],"product_cat":[416,179],"product_tag":[864,863],"class_list":{"0":"post-16093","1":"product","2":"type-product","3":"status-publish","4":"has-post-thumbnail","6":"product_cat-magnetiskas-limpleves","7":"product_cat-magnetiskas-pleves-drukai-nopirkt-riga","8":"product_tag-magneti-drukai","9":"product_tag-magnetiska-pleve","11":"first","12":"instock","13":"shipping-taxable","14":"purchasable","15":"product-type-simple"},"yoast_head":"<!-- This site is optimized with the Yoast SEO plugin v27.4 - https:\/\/yoast.com\/product\/yoast-seo-wordpress\/ -->\n<title>Magn\u0113tiska pl\u0113ve White PET UltraFlat 300 , nopirkt veikal\u0101 R\u012bg\u0101<\/title>\n<meta name=\"description\" content=\"White PET UltraFlat 300\u00a0\u2013 elast\u012bga magn\u0113tisk\u0101 pl\u0101na pl\u0113ve ar baltu, mat\u0113tu PET virsmu. Pateicoties \u012bpa\u0161i pl\u0101nai virsmai, to var p\u0101rkl\u0101t l\u012bdz 2 sl\u0101\u0146iem.\" \/>\n<meta name=\"robots\" content=\"index, follow, max-snippet:-1, max-image-preview:large, max-video-preview:-1\" \/>\n<link rel=\"canonical\" href=\"https:\/\/wmtbaltic.lv\/product\/magnetiska-pleve-white-pet-ultraflat-300-1-37m-x-30\/\" \/>\n<meta property=\"og:locale\" content=\"en_US\" \/>\n<meta property=\"og:type\" content=\"article\" \/>\n<meta property=\"og:title\" content=\"Magn\u0113tiska pl\u0113ve White PET UltraFlat 300 , nopirkt veikal\u0101 R\u012bg\u0101\" \/>\n<meta property=\"og:description\" content=\"White PET UltraFlat 300\u00a0\u2013 elast\u012bga magn\u0113tisk\u0101 pl\u0101na pl\u0113ve ar baltu, mat\u0113tu PET virsmu. Pateicoties \u012bpa\u0161i pl\u0101nai virsmai, to var p\u0101rkl\u0101t l\u012bdz 2 sl\u0101\u0146iem.\" \/>\n<meta property=\"og:url\" content=\"https:\/\/wmtbaltic.lv\/product\/magnetiska-pleve-white-pet-ultraflat-300-1-37m-x-30\/\" \/>\n<meta property=\"og:site_name\" content=\"WMT Baltic\" \/>\n<meta property=\"article:publisher\" content=\"https:\/\/www.facebook.com\/WMT.Baltic.viscom\/?locale=lv_LV\" \/>\n<meta property=\"article:modified_time\" content=\"2024-11-28T11:50:57+00:00\" \/>\n<meta property=\"og:image\" content=\"http:\/\/wmtbaltic.lv\/wp-content\/uploads\/2023\/11\/MB810-1.jpg\" \/>\n\t<meta property=\"og:image:width\" content=\"400\" \/>\n\t<meta property=\"og:image:height\" content=\"416\" \/>\n\t<meta property=\"og:image:type\" content=\"image\/jpeg\" \/>\n<meta name=\"twitter:card\" content=\"summary_large_image\" \/>\n<meta name=\"twitter:label1\" content=\"Est. reading time\" \/>\n\t<meta name=\"twitter:data1\" content=\"1 minute\" \/>\n<script type=\"application\/ld+json\" class=\"yoast-schema-graph\">{\"@context\":\"https:\\\/\\\/schema.org\",\"@graph\":[{\"@type\":\"WebPage\",\"@id\":\"https:\\\/\\\/wmtbaltic.lv\\\/product\\\/magnetiska-pleve-white-pet-ultraflat-300-1-37m-x-30\\\/\",\"url\":\"https:\\\/\\\/wmtbaltic.lv\\\/product\\\/magnetiska-pleve-white-pet-ultraflat-300-1-37m-x-30\\\/\",\"name\":\"Magn\u0113tiska pl\u0113ve White PET UltraFlat 300 , nopirkt veikal\u0101 R\u012bg\u0101\",\"isPartOf\":{\"@id\":\"https:\\\/\\\/wmtbaltic.lv\\\/#website\"},\"primaryImageOfPage\":{\"@id\":\"https:\\\/\\\/wmtbaltic.lv\\\/product\\\/magnetiska-pleve-white-pet-ultraflat-300-1-37m-x-30\\\/#primaryimage\"},\"image\":{\"@id\":\"https:\\\/\\\/wmtbaltic.lv\\\/product\\\/magnetiska-pleve-white-pet-ultraflat-300-1-37m-x-30\\\/#primaryimage\"},\"thumbnailUrl\":\"https:\\\/\\\/wmtbaltic.lv\\\/wp-content\\\/uploads\\\/2023\\\/11\\\/MB810-1.jpg\",\"datePublished\":\"2023-11-29T10:26:51+00:00\",\"dateModified\":\"2024-11-28T11:50:57+00:00\",\"description\":\"White PET UltraFlat 300\u00a0\u2013 elast\u012bga magn\u0113tisk\u0101 pl\u0101na pl\u0113ve ar baltu, mat\u0113tu PET virsmu. Pateicoties \u012bpa\u0161i pl\u0101nai virsmai, to var p\u0101rkl\u0101t l\u012bdz 2 sl\u0101\u0146iem.\",\"breadcrumb\":{\"@id\":\"https:\\\/\\\/wmtbaltic.lv\\\/product\\\/magnetiska-pleve-white-pet-ultraflat-300-1-37m-x-30\\\/#breadcrumb\"},\"inLanguage\":\"en-US\",\"potentialAction\":[{\"@type\":\"ReadAction\",\"target\":[\"https:\\\/\\\/wmtbaltic.lv\\\/product\\\/magnetiska-pleve-white-pet-ultraflat-300-1-37m-x-30\\\/\"]}]},{\"@type\":\"ImageObject\",\"inLanguage\":\"en-US\",\"@id\":\"https:\\\/\\\/wmtbaltic.lv\\\/product\\\/magnetiska-pleve-white-pet-ultraflat-300-1-37m-x-30\\\/#primaryimage\",\"url\":\"https:\\\/\\\/wmtbaltic.lv\\\/wp-content\\\/uploads\\\/2023\\\/11\\\/MB810-1.jpg\",\"contentUrl\":\"https:\\\/\\\/wmtbaltic.lv\\\/wp-content\\\/uploads\\\/2023\\\/11\\\/MB810-1.jpg\",\"width\":400,\"height\":416},{\"@type\":\"BreadcrumbList\",\"@id\":\"https:\\\/\\\/wmtbaltic.lv\\\/product\\\/magnetiska-pleve-white-pet-ultraflat-300-1-37m-x-30\\\/#breadcrumb\",\"itemListElement\":[{\"@type\":\"ListItem\",\"position\":1,\"name\":\"Home\",\"item\":\"https:\\\/\\\/wmtbaltic.lv\\\/en\\\/\"},{\"@type\":\"ListItem\",\"position\":2,\"name\":\"Products\",\"item\":\"https:\\\/\\\/wmtbaltic.lv\\\/en\\\/shop\\\/\"},{\"@type\":\"ListItem\",\"position\":3,\"name\":\"Magn\u0113tiska pl\u0113ve White PET UltraFlat 300,1.37x 30m\"}]},{\"@type\":\"WebSite\",\"@id\":\"https:\\\/\\\/wmtbaltic.lv\\\/#website\",\"url\":\"https:\\\/\\\/wmtbaltic.lv\\\/\",\"name\":\"WMT Baltic\",\"description\":\"Rekl\u0101mas produkti, pl\u0113ves\",\"publisher\":{\"@id\":\"https:\\\/\\\/wmtbaltic.lv\\\/#organization\"},\"potentialAction\":[{\"@type\":\"SearchAction\",\"target\":{\"@type\":\"EntryPoint\",\"urlTemplate\":\"https:\\\/\\\/wmtbaltic.lv\\\/?s={search_term_string}\"},\"query-input\":{\"@type\":\"PropertyValueSpecification\",\"valueRequired\":true,\"valueName\":\"search_term_string\"}}],\"inLanguage\":\"en-US\"},{\"@type\":\"Organization\",\"@id\":\"https:\\\/\\\/wmtbaltic.lv\\\/#organization\",\"name\":\"WMT Baltic\",\"url\":\"https:\\\/\\\/wmtbaltic.lv\\\/\",\"logo\":{\"@type\":\"ImageObject\",\"inLanguage\":\"en-US\",\"@id\":\"https:\\\/\\\/wmtbaltic.lv\\\/#\\\/schema\\\/logo\\\/image\\\/\",\"url\":\"https:\\\/\\\/wmtbaltic.lv\\\/wp-content\\\/uploads\\\/2024\\\/12\\\/wmt-baltic-sia_107142_9_420x180.jpg\",\"contentUrl\":\"https:\\\/\\\/wmtbaltic.lv\\\/wp-content\\\/uploads\\\/2024\\\/12\\\/wmt-baltic-sia_107142_9_420x180.jpg\",\"width\":420,\"height\":180,\"caption\":\"WMT Baltic\"},\"image\":{\"@id\":\"https:\\\/\\\/wmtbaltic.lv\\\/#\\\/schema\\\/logo\\\/image\\\/\"},\"sameAs\":[\"https:\\\/\\\/www.facebook.com\\\/WMT.Baltic.viscom\\\/?locale=lv_LV\",\"https:\\\/\\\/www.instagram.com\\\/viscom_wmt\\\/\"]}]}<\/script>\n<!-- \/ Yoast SEO plugin. -->","yoast_head_json":{"title":"Magn\u0113tiska pl\u0113ve White PET UltraFlat 300 , nopirkt veikal\u0101 R\u012bg\u0101","description":"White PET UltraFlat 300\u00a0\u2013 elast\u012bga magn\u0113tisk\u0101 pl\u0101na pl\u0113ve ar baltu, mat\u0113tu PET virsmu. Pateicoties \u012bpa\u0161i pl\u0101nai virsmai, to var p\u0101rkl\u0101t l\u012bdz 2 sl\u0101\u0146iem.","robots":{"index":"index","follow":"follow","max-snippet":"max-snippet:-1","max-image-preview":"max-image-preview:large","max-video-preview":"max-video-preview:-1"},"canonical":"https:\/\/wmtbaltic.lv\/product\/magnetiska-pleve-white-pet-ultraflat-300-1-37m-x-30\/","og_locale":"en_US","og_type":"article","og_title":"Magn\u0113tiska pl\u0113ve White PET UltraFlat 300 , nopirkt veikal\u0101 R\u012bg\u0101","og_description":"White PET UltraFlat 300\u00a0\u2013 elast\u012bga magn\u0113tisk\u0101 pl\u0101na pl\u0113ve ar baltu, mat\u0113tu PET virsmu. Pateicoties \u012bpa\u0161i pl\u0101nai virsmai, to var p\u0101rkl\u0101t l\u012bdz 2 sl\u0101\u0146iem.","og_url":"https:\/\/wmtbaltic.lv\/product\/magnetiska-pleve-white-pet-ultraflat-300-1-37m-x-30\/","og_site_name":"WMT Baltic","article_publisher":"https:\/\/www.facebook.com\/WMT.Baltic.viscom\/?locale=lv_LV","article_modified_time":"2024-11-28T11:50:57+00:00","og_image":[{"width":400,"height":416,"url":"http:\/\/wmtbaltic.lv\/wp-content\/uploads\/2023\/11\/MB810-1.jpg","type":"image\/jpeg"}],"twitter_card":"summary_large_image","twitter_misc":{"Est. reading time":"1 minute"},"schema":{"@context":"https:\/\/schema.org","@graph":[{"@type":"WebPage","@id":"https:\/\/wmtbaltic.lv\/product\/magnetiska-pleve-white-pet-ultraflat-300-1-37m-x-30\/","url":"https:\/\/wmtbaltic.lv\/product\/magnetiska-pleve-white-pet-ultraflat-300-1-37m-x-30\/","name":"Magn\u0113tiska pl\u0113ve White PET UltraFlat 300 , nopirkt veikal\u0101 R\u012bg\u0101","isPartOf":{"@id":"https:\/\/wmtbaltic.lv\/#website"},"primaryImageOfPage":{"@id":"https:\/\/wmtbaltic.lv\/product\/magnetiska-pleve-white-pet-ultraflat-300-1-37m-x-30\/#primaryimage"},"image":{"@id":"https:\/\/wmtbaltic.lv\/product\/magnetiska-pleve-white-pet-ultraflat-300-1-37m-x-30\/#primaryimage"},"thumbnailUrl":"https:\/\/wmtbaltic.lv\/wp-content\/uploads\/2023\/11\/MB810-1.jpg","datePublished":"2023-11-29T10:26:51+00:00","dateModified":"2024-11-28T11:50:57+00:00","description":"White PET UltraFlat 300\u00a0\u2013 elast\u012bga magn\u0113tisk\u0101 pl\u0101na pl\u0113ve ar baltu, mat\u0113tu PET virsmu. Pateicoties \u012bpa\u0161i pl\u0101nai virsmai, to var p\u0101rkl\u0101t l\u012bdz 2 sl\u0101\u0146iem.","breadcrumb":{"@id":"https:\/\/wmtbaltic.lv\/product\/magnetiska-pleve-white-pet-ultraflat-300-1-37m-x-30\/#breadcrumb"},"inLanguage":"en-US","potentialAction":[{"@type":"ReadAction","target":["https:\/\/wmtbaltic.lv\/product\/magnetiska-pleve-white-pet-ultraflat-300-1-37m-x-30\/"]}]},{"@type":"ImageObject","inLanguage":"en-US","@id":"https:\/\/wmtbaltic.lv\/product\/magnetiska-pleve-white-pet-ultraflat-300-1-37m-x-30\/#primaryimage","url":"https:\/\/wmtbaltic.lv\/wp-content\/uploads\/2023\/11\/MB810-1.jpg","contentUrl":"https:\/\/wmtbaltic.lv\/wp-content\/uploads\/2023\/11\/MB810-1.jpg","width":400,"height":416},{"@type":"BreadcrumbList","@id":"https:\/\/wmtbaltic.lv\/product\/magnetiska-pleve-white-pet-ultraflat-300-1-37m-x-30\/#breadcrumb","itemListElement":[{"@type":"ListItem","position":1,"name":"Home","item":"https:\/\/wmtbaltic.lv\/en\/"},{"@type":"ListItem","position":2,"name":"Products","item":"https:\/\/wmtbaltic.lv\/en\/shop\/"},{"@type":"ListItem","position":3,"name":"Magn\u0113tiska pl\u0113ve White PET UltraFlat 300,1.37x 30m"}]},{"@type":"WebSite","@id":"https:\/\/wmtbaltic.lv\/#website","url":"https:\/\/wmtbaltic.lv\/","name":"WMT Baltic","description":"Rekl\u0101mas produkti, pl\u0113ves","publisher":{"@id":"https:\/\/wmtbaltic.lv\/#organization"},"potentialAction":[{"@type":"SearchAction","target":{"@type":"EntryPoint","urlTemplate":"https:\/\/wmtbaltic.lv\/?s={search_term_string}"},"query-input":{"@type":"PropertyValueSpecification","valueRequired":true,"valueName":"search_term_string"}}],"inLanguage":"en-US"},{"@type":"Organization","@id":"https:\/\/wmtbaltic.lv\/#organization","name":"WMT Baltic","url":"https:\/\/wmtbaltic.lv\/","logo":{"@type":"ImageObject","inLanguage":"en-US","@id":"https:\/\/wmtbaltic.lv\/#\/schema\/logo\/image\/","url":"https:\/\/wmtbaltic.lv\/wp-content\/uploads\/2024\/12\/wmt-baltic-sia_107142_9_420x180.jpg","contentUrl":"https:\/\/wmtbaltic.lv\/wp-content\/uploads\/2024\/12\/wmt-baltic-sia_107142_9_420x180.jpg","width":420,"height":180,"caption":"WMT Baltic"},"image":{"@id":"https:\/\/wmtbaltic.lv\/#\/schema\/logo\/image\/"},"sameAs":["https:\/\/www.facebook.com\/WMT.Baltic.viscom\/?locale=lv_LV","https:\/\/www.instagram.com\/viscom_wmt\/"]}]}},"_links":{"self":[{"href":"https:\/\/wmtbaltic.lv\/en\/wp-json\/wp\/v2\/product\/16093","targetHints":{"allow":["GET"]}}],"collection":[{"href":"https:\/\/wmtbaltic.lv\/en\/wp-json\/wp\/v2\/product"}],"about":[{"href":"https:\/\/wmtbaltic.lv\/en\/wp-json\/wp\/v2\/types\/product"}],"replies":[{"embeddable":true,"href":"https:\/\/wmtbaltic.lv\/en\/wp-json\/wp\/v2\/comments?post=16093"}],"wp:featuredmedia":[{"embeddable":true,"href":"https:\/\/wmtbaltic.lv\/en\/wp-json\/wp\/v2\/media\/16104"}],"wp:attachment":[{"href":"https:\/\/wmtbaltic.lv\/en\/wp-json\/wp\/v2\/media?parent=16093"}],"wp:term":[{"taxonomy":"product_brand","embeddable":true,"href":"https:\/\/wmtbaltic.lv\/en\/wp-json\/wp\/v2\/product_brand?post=16093"},{"taxonomy":"product_cat","embeddable":true,"href":"https:\/\/wmtbaltic.lv\/en\/wp-json\/wp\/v2\/product_cat?post=16093"},{"taxonomy":"product_tag","embeddable":true,"href":"https:\/\/wmtbaltic.lv\/en\/wp-json\/wp\/v2\/product_tag?post=16093"}],"curies":[{"name":"wp","href":"https:\/\/api.w.org\/{rel}","templated":true}]}}