{"id":16073,"date":"2023-11-29T09:04:14","date_gmt":"2023-11-29T09:04:14","guid":{"rendered":"https:\/\/wmtbaltic.lv\/?post_type=product&#038;p=16073"},"modified":"2024-01-29T10:34:21","modified_gmt":"2024-01-29T10:34:21","slug":"ferita-pleve-ferropaper-pp-aslan-fp-260-1-37m-x-50m","status":"publish","type":"product","link":"https:\/\/wmtbaltic.lv\/en\/product\/ferita-pleve-ferropaper-pp-aslan-fp-260-1-37m-x-50m\/","title":{"rendered":"Fer\u012bta pl\u0113ve FerroPaper PP ASLAN FP 260, 1.37m x 50m"},"content":{"rendered":"<p><strong>FerroPaper PP ASLAN FP 260<\/strong> &#8211; fer\u012bta pl\u0113ve ar baltu, mat\u0113tu\u00a0 PP virsmu viegli piel\u012bp pie magn\u0113tisk\u0101s pl\u0113ves. Izmanto\u0161anai kombin\u0101cij\u0101 ar magn\u0113tisko pl\u0113vi ide\u0101li piem\u0113rota bie\u017eai un \u0101trai rekl\u0101mas vai inform\u0101cijas nomai\u0146ai &#8211; veikaliem, birojiem,transportam, kafejnic\u0101 un t.t..<\/p>\n<p>FerroPaper PP paredz\u0113ta drukai ar solventa, ekosolventa, lateksa un UV-tint\u0113m.<\/p>\n<p>FerroPaper PP var griezt ar \u0161\u0137\u0113r\u0113m, griez\u0113jiem, grie\u0161anas ma\u0161\u012bn\u0101m.<\/p>\n<p>Biezums 260 \u00b5<\/p>\n<p>Pl\u0113ves platums 1.37m.<\/p>\n<p>Rull\u012b 50m.<\/p>\n<p><strong>Tehnisk\u0101 inform\u0101cija<\/strong>: <a href=\"http:\/\/wmtbaltic.lv\/wp-content\/uploads\/2022\/06\/PP_FerroPaper_ASLAN_FP_260_e.pdf\">PP_FerroPaper_ASLAN_FP_260_e<\/a><\/p>\n<p>&nbsp;<\/p>\n<p><strong>Jei norite \u012fsigyti\u00a0 \u00a0FerroPaper PP ASLAN FP 260, 1.37 x50m <\/strong>\u00a0<strong>prek\u0119 m\u016bs\u0173 ofise Lietuvoje,Vilniuje \u201dWMT Vilnius\u201dkambinkite: +37065562119, ra\u0161ykite: <a href=\"mailto:info@wmt.lt\">info@wmt.lt<\/a><\/strong><\/p>\n<p><strong>Bendravimui su ofisu Rygoje WMT Baltic SIA, Skambinkite: +371 67800830,ra\u0161ykite: <a href=\"mailto:info@adv24.lv\">info@adv24.lv<\/a><\/strong><\/p>\n","protected":false},"excerpt":{"rendered":"FerroPaper PP ASLAN FP 260 - fer\u012bta pl\u0113ve ar baltu, mat\u0113tu\u00a0 PP virsmu viegli piel\u012bp pie magn\u0113tisk\u0101s pl\u0113ves. Izmanto\u0161anai kombin\u0101cij\u0101 ar magn\u0113tisko pl\u0113vi ide\u0101li piem\u0113rota bie\u017eai un \u0101trai rekl\u0101mas vai inform\u0101cijas nomai\u0146ai - veikaliem, birojiem,transportam, kafejnic\u0101 un t.t.. FerroPaper PP paredz\u0113ta drukai ar solventa, ekosolventa, lateksa un UV-tint\u0113m. FerroPaper PP var griezt ar \u0161\u0137\u0113r\u0113m, griez\u0113jiem, [...]","protected":false},"featured_media":16066,"template":"","meta":[],"product_brand":[],"product_cat":[416,179],"product_tag":[1120,864,863],"class_list":{"0":"post-16073","1":"product","2":"type-product","3":"status-publish","4":"has-post-thumbnail","6":"product_cat-magnetiskas-limpleves","7":"product_cat-magnetiskas-pleves-drukai-nopirkt-riga","8":"product_tag-ferropaper","9":"product_tag-magneti-drukai","10":"product_tag-magnetiska-pleve","12":"first","13":"instock","14":"shipping-taxable","15":"purchasable","16":"product-type-simple"},"yoast_head":"<!-- This site is optimized with the Yoast SEO plugin v27.4 - https:\/\/yoast.com\/product\/yoast-seo-wordpress\/ -->\n<title>Fer\u012bta pl\u0113ve FerroPaper PP ASLAN FP 260, 1.37m , nopirkt veikal\u0101 R\u012bg\u0101<\/title>\n<meta name=\"description\" content=\"fer\u012bta pl\u0113ve ar baltu, mat\u0113tu\u00a0 PP virsmu.\" \/>\n<meta name=\"robots\" content=\"index, follow, max-snippet:-1, max-image-preview:large, max-video-preview:-1\" \/>\n<link rel=\"canonical\" href=\"https:\/\/wmtbaltic.lv\/Produkts\/ferita-pleve-ferropaper-pp-aslan-fp-260-1-37m-x-50m\/\" \/>\n<meta property=\"og:locale\" content=\"en_US\" \/>\n<meta property=\"og:type\" content=\"article\" \/>\n<meta property=\"og:title\" content=\"Fer\u012bta pl\u0113ve FerroPaper PP ASLAN FP 260, 1.37m , nopirkt veikal\u0101 R\u012bg\u0101\" \/>\n<meta property=\"og:description\" content=\"fer\u012bta pl\u0113ve ar baltu, mat\u0113tu\u00a0 PP virsmu.\" \/>\n<meta property=\"og:url\" content=\"https:\/\/wmtbaltic.lv\/Produkts\/ferita-pleve-ferropaper-pp-aslan-fp-260-1-37m-x-50m\/\" \/>\n<meta property=\"og:site_name\" content=\"WMT Baltic\" \/>\n<meta property=\"article:publisher\" content=\"https:\/\/www.facebook.com\/WMT.Baltic.viscom\/?locale=lv_LV\" \/>\n<meta property=\"article:modified_time\" content=\"2024-01-29T10:34:21+00:00\" \/>\n<meta property=\"og:image\" content=\"http:\/\/wmtbaltic.lv\/wp-content\/uploads\/2023\/11\/Applying-adhesive-backed-1-1.png\" \/>\n\t<meta property=\"og:image:width\" content=\"618\" \/>\n\t<meta property=\"og:image:height\" content=\"598\" \/>\n\t<meta property=\"og:image:type\" content=\"image\/png\" \/>\n<meta name=\"twitter:card\" content=\"summary_large_image\" \/>\n<meta name=\"twitter:label1\" content=\"Est. reading time\" \/>\n\t<meta name=\"twitter:data1\" content=\"1 minute\" \/>\n<script type=\"application\/ld+json\" class=\"yoast-schema-graph\">{\"@context\":\"https:\\\/\\\/schema.org\",\"@graph\":[{\"@type\":\"WebPage\",\"@id\":\"https:\\\/\\\/wmtbaltic.lv\\\/Produkts\\\/ferita-pleve-ferropaper-pp-aslan-fp-260-1-37m-x-50m\\\/\",\"url\":\"https:\\\/\\\/wmtbaltic.lv\\\/Produkts\\\/ferita-pleve-ferropaper-pp-aslan-fp-260-1-37m-x-50m\\\/\",\"name\":\"Fer\u012bta pl\u0113ve FerroPaper PP ASLAN FP 260, 1.37m , nopirkt veikal\u0101 R\u012bg\u0101\",\"isPartOf\":{\"@id\":\"https:\\\/\\\/wmtbaltic.lv\\\/#website\"},\"primaryImageOfPage\":{\"@id\":\"https:\\\/\\\/wmtbaltic.lv\\\/Produkts\\\/ferita-pleve-ferropaper-pp-aslan-fp-260-1-37m-x-50m\\\/#primaryimage\"},\"image\":{\"@id\":\"https:\\\/\\\/wmtbaltic.lv\\\/Produkts\\\/ferita-pleve-ferropaper-pp-aslan-fp-260-1-37m-x-50m\\\/#primaryimage\"},\"thumbnailUrl\":\"https:\\\/\\\/wmtbaltic.lv\\\/wp-content\\\/uploads\\\/2023\\\/11\\\/Applying-adhesive-backed-1-1.png\",\"datePublished\":\"2023-11-29T09:04:14+00:00\",\"dateModified\":\"2024-01-29T10:34:21+00:00\",\"description\":\"fer\u012bta pl\u0113ve ar baltu, mat\u0113tu\u00a0 PP virsmu.\",\"breadcrumb\":{\"@id\":\"https:\\\/\\\/wmtbaltic.lv\\\/Produkts\\\/ferita-pleve-ferropaper-pp-aslan-fp-260-1-37m-x-50m\\\/#breadcrumb\"},\"inLanguage\":\"en-US\",\"potentialAction\":[{\"@type\":\"ReadAction\",\"target\":[\"https:\\\/\\\/wmtbaltic.lv\\\/Produkts\\\/ferita-pleve-ferropaper-pp-aslan-fp-260-1-37m-x-50m\\\/\"]}]},{\"@type\":\"ImageObject\",\"inLanguage\":\"en-US\",\"@id\":\"https:\\\/\\\/wmtbaltic.lv\\\/Produkts\\\/ferita-pleve-ferropaper-pp-aslan-fp-260-1-37m-x-50m\\\/#primaryimage\",\"url\":\"https:\\\/\\\/wmtbaltic.lv\\\/wp-content\\\/uploads\\\/2023\\\/11\\\/Applying-adhesive-backed-1-1.png\",\"contentUrl\":\"https:\\\/\\\/wmtbaltic.lv\\\/wp-content\\\/uploads\\\/2023\\\/11\\\/Applying-adhesive-backed-1-1.png\",\"width\":618,\"height\":598},{\"@type\":\"BreadcrumbList\",\"@id\":\"https:\\\/\\\/wmtbaltic.lv\\\/Produkts\\\/ferita-pleve-ferropaper-pp-aslan-fp-260-1-37m-x-50m\\\/#breadcrumb\",\"itemListElement\":[{\"@type\":\"ListItem\",\"position\":1,\"name\":\"Home\",\"item\":\"https:\\\/\\\/wmtbaltic.lv\\\/en\\\/\"},{\"@type\":\"ListItem\",\"position\":2,\"name\":\"Shop\",\"item\":\"https:\\\/\\\/wmtbaltic.lv\\\/shop\\\/\"},{\"@type\":\"ListItem\",\"position\":3,\"name\":\"Fer\u012bta pl\u0113ve FerroPaper PP ASLAN FP 260, 1.37m x 50m\"}]},{\"@type\":\"WebSite\",\"@id\":\"https:\\\/\\\/wmtbaltic.lv\\\/#website\",\"url\":\"https:\\\/\\\/wmtbaltic.lv\\\/\",\"name\":\"WMT Baltic\",\"description\":\"Rekl\u0101mas produkti, pl\u0113ves\",\"publisher\":{\"@id\":\"https:\\\/\\\/wmtbaltic.lv\\\/#organization\"},\"potentialAction\":[{\"@type\":\"SearchAction\",\"target\":{\"@type\":\"EntryPoint\",\"urlTemplate\":\"https:\\\/\\\/wmtbaltic.lv\\\/?s={search_term_string}\"},\"query-input\":{\"@type\":\"PropertyValueSpecification\",\"valueRequired\":true,\"valueName\":\"search_term_string\"}}],\"inLanguage\":\"en-US\"},{\"@type\":\"Organization\",\"@id\":\"https:\\\/\\\/wmtbaltic.lv\\\/#organization\",\"name\":\"WMT Baltic\",\"url\":\"https:\\\/\\\/wmtbaltic.lv\\\/\",\"logo\":{\"@type\":\"ImageObject\",\"inLanguage\":\"en-US\",\"@id\":\"https:\\\/\\\/wmtbaltic.lv\\\/#\\\/schema\\\/logo\\\/image\\\/\",\"url\":\"https:\\\/\\\/wmtbaltic.lv\\\/wp-content\\\/uploads\\\/2024\\\/12\\\/wmt-baltic-sia_107142_9_420x180.jpg\",\"contentUrl\":\"https:\\\/\\\/wmtbaltic.lv\\\/wp-content\\\/uploads\\\/2024\\\/12\\\/wmt-baltic-sia_107142_9_420x180.jpg\",\"width\":420,\"height\":180,\"caption\":\"WMT Baltic\"},\"image\":{\"@id\":\"https:\\\/\\\/wmtbaltic.lv\\\/#\\\/schema\\\/logo\\\/image\\\/\"},\"sameAs\":[\"https:\\\/\\\/www.facebook.com\\\/WMT.Baltic.viscom\\\/?locale=lv_LV\",\"https:\\\/\\\/www.instagram.com\\\/viscom_wmt\\\/\"]}]}<\/script>\n<!-- \/ Yoast SEO plugin. -->","yoast_head_json":{"title":"Fer\u012bta pl\u0113ve FerroPaper PP ASLAN FP 260, 1.37m , nopirkt veikal\u0101 R\u012bg\u0101","description":"fer\u012bta pl\u0113ve ar baltu, mat\u0113tu\u00a0 PP virsmu.","robots":{"index":"index","follow":"follow","max-snippet":"max-snippet:-1","max-image-preview":"max-image-preview:large","max-video-preview":"max-video-preview:-1"},"canonical":"https:\/\/wmtbaltic.lv\/Produkts\/ferita-pleve-ferropaper-pp-aslan-fp-260-1-37m-x-50m\/","og_locale":"en_US","og_type":"article","og_title":"Fer\u012bta pl\u0113ve FerroPaper PP ASLAN FP 260, 1.37m , nopirkt veikal\u0101 R\u012bg\u0101","og_description":"fer\u012bta pl\u0113ve ar baltu, mat\u0113tu\u00a0 PP virsmu.","og_url":"https:\/\/wmtbaltic.lv\/Produkts\/ferita-pleve-ferropaper-pp-aslan-fp-260-1-37m-x-50m\/","og_site_name":"WMT Baltic","article_publisher":"https:\/\/www.facebook.com\/WMT.Baltic.viscom\/?locale=lv_LV","article_modified_time":"2024-01-29T10:34:21+00:00","og_image":[{"width":618,"height":598,"url":"http:\/\/wmtbaltic.lv\/wp-content\/uploads\/2023\/11\/Applying-adhesive-backed-1-1.png","type":"image\/png"}],"twitter_card":"summary_large_image","twitter_misc":{"Est. reading time":"1 minute"},"schema":{"@context":"https:\/\/schema.org","@graph":[{"@type":"WebPage","@id":"https:\/\/wmtbaltic.lv\/Produkts\/ferita-pleve-ferropaper-pp-aslan-fp-260-1-37m-x-50m\/","url":"https:\/\/wmtbaltic.lv\/Produkts\/ferita-pleve-ferropaper-pp-aslan-fp-260-1-37m-x-50m\/","name":"Fer\u012bta pl\u0113ve FerroPaper PP ASLAN FP 260, 1.37m , nopirkt veikal\u0101 R\u012bg\u0101","isPartOf":{"@id":"https:\/\/wmtbaltic.lv\/#website"},"primaryImageOfPage":{"@id":"https:\/\/wmtbaltic.lv\/Produkts\/ferita-pleve-ferropaper-pp-aslan-fp-260-1-37m-x-50m\/#primaryimage"},"image":{"@id":"https:\/\/wmtbaltic.lv\/Produkts\/ferita-pleve-ferropaper-pp-aslan-fp-260-1-37m-x-50m\/#primaryimage"},"thumbnailUrl":"https:\/\/wmtbaltic.lv\/wp-content\/uploads\/2023\/11\/Applying-adhesive-backed-1-1.png","datePublished":"2023-11-29T09:04:14+00:00","dateModified":"2024-01-29T10:34:21+00:00","description":"fer\u012bta pl\u0113ve ar baltu, mat\u0113tu\u00a0 PP virsmu.","breadcrumb":{"@id":"https:\/\/wmtbaltic.lv\/Produkts\/ferita-pleve-ferropaper-pp-aslan-fp-260-1-37m-x-50m\/#breadcrumb"},"inLanguage":"en-US","potentialAction":[{"@type":"ReadAction","target":["https:\/\/wmtbaltic.lv\/Produkts\/ferita-pleve-ferropaper-pp-aslan-fp-260-1-37m-x-50m\/"]}]},{"@type":"ImageObject","inLanguage":"en-US","@id":"https:\/\/wmtbaltic.lv\/Produkts\/ferita-pleve-ferropaper-pp-aslan-fp-260-1-37m-x-50m\/#primaryimage","url":"https:\/\/wmtbaltic.lv\/wp-content\/uploads\/2023\/11\/Applying-adhesive-backed-1-1.png","contentUrl":"https:\/\/wmtbaltic.lv\/wp-content\/uploads\/2023\/11\/Applying-adhesive-backed-1-1.png","width":618,"height":598},{"@type":"BreadcrumbList","@id":"https:\/\/wmtbaltic.lv\/Produkts\/ferita-pleve-ferropaper-pp-aslan-fp-260-1-37m-x-50m\/#breadcrumb","itemListElement":[{"@type":"ListItem","position":1,"name":"Home","item":"https:\/\/wmtbaltic.lv\/en\/"},{"@type":"ListItem","position":2,"name":"Shop","item":"https:\/\/wmtbaltic.lv\/shop\/"},{"@type":"ListItem","position":3,"name":"Fer\u012bta pl\u0113ve FerroPaper PP ASLAN FP 260, 1.37m x 50m"}]},{"@type":"WebSite","@id":"https:\/\/wmtbaltic.lv\/#website","url":"https:\/\/wmtbaltic.lv\/","name":"WMT Baltic","description":"Rekl\u0101mas produkti, pl\u0113ves","publisher":{"@id":"https:\/\/wmtbaltic.lv\/#organization"},"potentialAction":[{"@type":"SearchAction","target":{"@type":"EntryPoint","urlTemplate":"https:\/\/wmtbaltic.lv\/?s={search_term_string}"},"query-input":{"@type":"PropertyValueSpecification","valueRequired":true,"valueName":"search_term_string"}}],"inLanguage":"en-US"},{"@type":"Organization","@id":"https:\/\/wmtbaltic.lv\/#organization","name":"WMT Baltic","url":"https:\/\/wmtbaltic.lv\/","logo":{"@type":"ImageObject","inLanguage":"en-US","@id":"https:\/\/wmtbaltic.lv\/#\/schema\/logo\/image\/","url":"https:\/\/wmtbaltic.lv\/wp-content\/uploads\/2024\/12\/wmt-baltic-sia_107142_9_420x180.jpg","contentUrl":"https:\/\/wmtbaltic.lv\/wp-content\/uploads\/2024\/12\/wmt-baltic-sia_107142_9_420x180.jpg","width":420,"height":180,"caption":"WMT Baltic"},"image":{"@id":"https:\/\/wmtbaltic.lv\/#\/schema\/logo\/image\/"},"sameAs":["https:\/\/www.facebook.com\/WMT.Baltic.viscom\/?locale=lv_LV","https:\/\/www.instagram.com\/viscom_wmt\/"]}]}},"_links":{"self":[{"href":"https:\/\/wmtbaltic.lv\/en\/wp-json\/wp\/v2\/product\/16073","targetHints":{"allow":["GET"]}}],"collection":[{"href":"https:\/\/wmtbaltic.lv\/en\/wp-json\/wp\/v2\/product"}],"about":[{"href":"https:\/\/wmtbaltic.lv\/en\/wp-json\/wp\/v2\/types\/product"}],"wp:featuredmedia":[{"embeddable":true,"href":"https:\/\/wmtbaltic.lv\/en\/wp-json\/wp\/v2\/media\/16066"}],"wp:attachment":[{"href":"https:\/\/wmtbaltic.lv\/en\/wp-json\/wp\/v2\/media?parent=16073"}],"wp:term":[{"taxonomy":"product_brand","embeddable":true,"href":"https:\/\/wmtbaltic.lv\/en\/wp-json\/wp\/v2\/product_brand?post=16073"},{"taxonomy":"product_cat","embeddable":true,"href":"https:\/\/wmtbaltic.lv\/en\/wp-json\/wp\/v2\/product_cat?post=16073"},{"taxonomy":"product_tag","embeddable":true,"href":"https:\/\/wmtbaltic.lv\/en\/wp-json\/wp\/v2\/product_tag?post=16073"}],"curies":[{"name":"wp","href":"https:\/\/api.w.org\/{rel}","templated":true}]}}