{"id":16056,"date":"2023-11-29T07:26:00","date_gmt":"2023-11-29T07:26:00","guid":{"rendered":"https:\/\/wmtbaltic.lv\/?post_type=product&#038;p=16056"},"modified":"2024-01-30T07:25:26","modified_gmt":"2024-01-30T07:25:26","slug":"magnetiska-pleve-white-pvc-matt-600-1-00m-x15","status":"publish","type":"product","link":"https:\/\/wmtbaltic.lv\/en\/product\/magnetiska-pleve-white-pvc-matt-600-1-00m-x15\/","title":{"rendered":"Magn\u0113tiska pl\u0113ve White PVC Matt 600,1.00m x15"},"content":{"rendered":"<p><strong>White PVC Matt 600<\/strong>\u00a0\u2013 magn\u0113tisk\u0101 pl\u0113ve ar baltu, mat\u0113tu PVH virsmu.<\/p>\n<p>Pielitojums:<br \/>\ndispleju sist\u0113ma, automa\u0161\u012bnu izk\u0101rtnes, viz\u012btkartes, ledusskapju magn\u0113ti, plauktu\/failu eti\u0137etes, \u0113dienkartes d\u0113\u013ci, rota\u013clietas, pl\u0101no\u0161anas d\u0113\u013ci, izgl\u012bt\u012bbas preces, pirk\u0161anas vietas, rekl\u0101mas preces.<\/p>\n<p>To var izmantot \u0101ra darbiem (6-12 m\u0113ne\u0161i) bez garantijas par ilgsto\u0161u iztur\u012bbu. Pak\u013cau\u0161ana sp\u0113c\u012bgam mitrumam, ultravioletajai gaismai<\/p>\n<p>Paredz\u0113ta drukai uz UV-flatbed printeriem un sietspeidei.<\/p>\n<p>Biezums 600 \u00b5.<br \/>\nCena par teko\u0161o metru.<br \/>\nPl\u0113ves platums 1.00m.<\/p>\n<p>Rull\u012b 15m<\/p>\n<p>&nbsp;<\/p>\n<p><strong>Jei norite \u012fsigyti magnetin\u0117 lipni pl\u0117vel\u0117 White PVC Matt 600, 1.00 x 15 m\u00a0 <\/strong><strong>prek\u0119 m\u016bs\u0173 ofise Lietuvoje,Vilniuje \u201dWMT Vilnius\u201dkambinkite: +37065562119, ra\u0161ykite: <a href=\"mailto:info@wmt.lt\">info@wmt.lt<\/a><\/strong><\/p>\n<p><strong>Bendravimui su ofisu Rygoje WMT Baltic SIA, Skambinkite: +371 67800830,ra\u0161ykite:\u00a0<a href=\"mailto:info@adv24.lv\">info@adv24.lv<\/a><\/strong><\/p>\n","protected":false},"excerpt":{"rendered":"White PVC Matt 600\u00a0\u2013 magn\u0113tisk\u0101 pl\u0113ve ar baltu, mat\u0113tu PVH virsmu. Pielitojums: displeju sist\u0113ma, automa\u0161\u012bnu izk\u0101rtnes, viz\u012btkartes, ledusskapju magn\u0113ti, plauktu\/failu eti\u0137etes, \u0113dienkartes d\u0113\u013ci, rota\u013clietas, pl\u0101no\u0161anas d\u0113\u013ci, izgl\u012bt\u012bbas preces, pirk\u0161anas vietas, rekl\u0101mas preces. To var izmantot \u0101ra darbiem (6-12 m\u0113ne\u0161i) bez garantijas par ilgsto\u0161u iztur\u012bbu. Pak\u013cau\u0161ana sp\u0113c\u012bgam mitrumam, ultravioletajai gaismai Paredz\u0113ta drukai uz UV-flatbed printeriem un [...]","protected":false},"featured_media":13555,"comment_status":"closed","ping_status":"closed","template":"","meta":[],"product_brand":[],"product_cat":[416,179],"product_tag":[864,863],"class_list":{"0":"post-16056","1":"product","2":"type-product","3":"status-publish","4":"has-post-thumbnail","6":"product_cat-magnetiskas-limpleves","7":"product_cat-magnetiskas-pleves-drukai-nopirkt-riga","8":"product_tag-magneti-drukai","9":"product_tag-magnetiska-pleve","11":"first","12":"instock","13":"shipping-taxable","14":"purchasable","15":"product-type-simple"},"yoast_head":"<!-- This site is optimized with the Yoast SEO plugin v27.5 - https:\/\/yoast.com\/product\/yoast-seo-wordpress\/ -->\n<title>Magn\u0113tiska pl\u0113ve White PVC Matt 600, 1.00m , nopirkt veikal\u0101 R\u012bg\u0101<\/title>\n<meta name=\"description\" content=\"magn\u0113tisk\u0101s automa\u0161\u012bnu izk\u0101rtnes, ledusskapju magn\u0113ti, \u0113dienkartes d\u0113\u013ci, rota\u013clietas, pl\u0101no\u0161anas d\u0113\u013ci, pirk\u0161anas vietas, rekl\u0101mas preces.\" \/>\n<meta name=\"robots\" content=\"index, follow, max-snippet:-1, max-image-preview:large, max-video-preview:-1\" \/>\n<link rel=\"canonical\" href=\"https:\/\/wmtbaltic.lv\/Produkts\/magnetiska-pleve-white-pvc-matt-600-1-00m-x15\/\" \/>\n<meta property=\"og:locale\" content=\"en_US\" \/>\n<meta property=\"og:type\" content=\"article\" \/>\n<meta property=\"og:title\" content=\"Magn\u0113tiska pl\u0113ve White PVC Matt 600, 1.00m , nopirkt veikal\u0101 R\u012bg\u0101\" \/>\n<meta property=\"og:description\" content=\"magn\u0113tisk\u0101s automa\u0161\u012bnu izk\u0101rtnes, ledusskapju magn\u0113ti, \u0113dienkartes d\u0113\u013ci, rota\u013clietas, pl\u0101no\u0161anas d\u0113\u013ci, pirk\u0161anas vietas, rekl\u0101mas preces.\" \/>\n<meta property=\"og:url\" content=\"https:\/\/wmtbaltic.lv\/Produkts\/magnetiska-pleve-white-pvc-matt-600-1-00m-x15\/\" \/>\n<meta property=\"og:site_name\" content=\"WMT Baltic\" \/>\n<meta property=\"article:publisher\" content=\"https:\/\/www.facebook.com\/WMT.Baltic.viscom\/?locale=lv_LV\" \/>\n<meta property=\"article:modified_time\" content=\"2024-01-30T07:25:26+00:00\" \/>\n<meta property=\"og:image\" content=\"http:\/\/wmtbaltic.lv\/wp-content\/uploads\/2021\/08\/Applying-adhesive-backed-1-1.png\" \/>\n\t<meta property=\"og:image:width\" content=\"618\" \/>\n\t<meta property=\"og:image:height\" content=\"598\" \/>\n\t<meta property=\"og:image:type\" content=\"image\/png\" \/>\n<meta name=\"twitter:card\" content=\"summary_large_image\" \/>\n<meta name=\"twitter:label1\" content=\"Est. reading time\" \/>\n\t<meta name=\"twitter:data1\" content=\"1 minute\" \/>\n<script type=\"application\/ld+json\" class=\"yoast-schema-graph\">{\"@context\":\"https:\\\/\\\/schema.org\",\"@graph\":[{\"@type\":\"WebPage\",\"@id\":\"https:\\\/\\\/wmtbaltic.lv\\\/Produkts\\\/magnetiska-pleve-white-pvc-matt-600-1-00m-x15\\\/\",\"url\":\"https:\\\/\\\/wmtbaltic.lv\\\/Produkts\\\/magnetiska-pleve-white-pvc-matt-600-1-00m-x15\\\/\",\"name\":\"Magn\u0113tiska pl\u0113ve White PVC Matt 600, 1.00m , nopirkt veikal\u0101 R\u012bg\u0101\",\"isPartOf\":{\"@id\":\"https:\\\/\\\/wmtbaltic.lv\\\/#website\"},\"primaryImageOfPage\":{\"@id\":\"https:\\\/\\\/wmtbaltic.lv\\\/Produkts\\\/magnetiska-pleve-white-pvc-matt-600-1-00m-x15\\\/#primaryimage\"},\"image\":{\"@id\":\"https:\\\/\\\/wmtbaltic.lv\\\/Produkts\\\/magnetiska-pleve-white-pvc-matt-600-1-00m-x15\\\/#primaryimage\"},\"thumbnailUrl\":\"https:\\\/\\\/wmtbaltic.lv\\\/wp-content\\\/uploads\\\/2021\\\/08\\\/Applying-adhesive-backed-1-1.png\",\"datePublished\":\"2023-11-29T07:26:00+00:00\",\"dateModified\":\"2024-01-30T07:25:26+00:00\",\"description\":\"magn\u0113tisk\u0101s automa\u0161\u012bnu izk\u0101rtnes, ledusskapju magn\u0113ti, \u0113dienkartes d\u0113\u013ci, rota\u013clietas, pl\u0101no\u0161anas d\u0113\u013ci, pirk\u0161anas vietas, rekl\u0101mas preces.\",\"breadcrumb\":{\"@id\":\"https:\\\/\\\/wmtbaltic.lv\\\/Produkts\\\/magnetiska-pleve-white-pvc-matt-600-1-00m-x15\\\/#breadcrumb\"},\"inLanguage\":\"en-US\",\"potentialAction\":[{\"@type\":\"ReadAction\",\"target\":[\"https:\\\/\\\/wmtbaltic.lv\\\/Produkts\\\/magnetiska-pleve-white-pvc-matt-600-1-00m-x15\\\/\"]}]},{\"@type\":\"ImageObject\",\"inLanguage\":\"en-US\",\"@id\":\"https:\\\/\\\/wmtbaltic.lv\\\/Produkts\\\/magnetiska-pleve-white-pvc-matt-600-1-00m-x15\\\/#primaryimage\",\"url\":\"https:\\\/\\\/wmtbaltic.lv\\\/wp-content\\\/uploads\\\/2021\\\/08\\\/Applying-adhesive-backed-1-1.png\",\"contentUrl\":\"https:\\\/\\\/wmtbaltic.lv\\\/wp-content\\\/uploads\\\/2021\\\/08\\\/Applying-adhesive-backed-1-1.png\",\"width\":618,\"height\":598},{\"@type\":\"BreadcrumbList\",\"@id\":\"https:\\\/\\\/wmtbaltic.lv\\\/Produkts\\\/magnetiska-pleve-white-pvc-matt-600-1-00m-x15\\\/#breadcrumb\",\"itemListElement\":[{\"@type\":\"ListItem\",\"position\":1,\"name\":\"Home\",\"item\":\"https:\\\/\\\/wmtbaltic.lv\\\/en\\\/\"},{\"@type\":\"ListItem\",\"position\":2,\"name\":\"Products\",\"item\":\"https:\\\/\\\/wmtbaltic.lv\\\/en\\\/shop\\\/\"},{\"@type\":\"ListItem\",\"position\":3,\"name\":\"Magn\u0113tiska pl\u0113ve White PVC Matt 600,1.00m x15\"}]},{\"@type\":\"WebSite\",\"@id\":\"https:\\\/\\\/wmtbaltic.lv\\\/#website\",\"url\":\"https:\\\/\\\/wmtbaltic.lv\\\/\",\"name\":\"WMT Baltic\",\"description\":\"Rekl\u0101mas produkti, pl\u0113ves\",\"publisher\":{\"@id\":\"https:\\\/\\\/wmtbaltic.lv\\\/#organization\"},\"potentialAction\":[{\"@type\":\"SearchAction\",\"target\":{\"@type\":\"EntryPoint\",\"urlTemplate\":\"https:\\\/\\\/wmtbaltic.lv\\\/?s={search_term_string}\"},\"query-input\":{\"@type\":\"PropertyValueSpecification\",\"valueRequired\":true,\"valueName\":\"search_term_string\"}}],\"inLanguage\":\"en-US\"},{\"@type\":\"Organization\",\"@id\":\"https:\\\/\\\/wmtbaltic.lv\\\/#organization\",\"name\":\"WMT Baltic\",\"url\":\"https:\\\/\\\/wmtbaltic.lv\\\/\",\"logo\":{\"@type\":\"ImageObject\",\"inLanguage\":\"en-US\",\"@id\":\"https:\\\/\\\/wmtbaltic.lv\\\/#\\\/schema\\\/logo\\\/image\\\/\",\"url\":\"https:\\\/\\\/wmtbaltic.lv\\\/wp-content\\\/uploads\\\/2024\\\/12\\\/wmt-baltic-sia_107142_9_420x180.jpg\",\"contentUrl\":\"https:\\\/\\\/wmtbaltic.lv\\\/wp-content\\\/uploads\\\/2024\\\/12\\\/wmt-baltic-sia_107142_9_420x180.jpg\",\"width\":420,\"height\":180,\"caption\":\"WMT Baltic\"},\"image\":{\"@id\":\"https:\\\/\\\/wmtbaltic.lv\\\/#\\\/schema\\\/logo\\\/image\\\/\"},\"sameAs\":[\"https:\\\/\\\/www.facebook.com\\\/WMT.Baltic.viscom\\\/?locale=lv_LV\",\"https:\\\/\\\/www.instagram.com\\\/viscom_wmt\\\/\"]}]}<\/script>\n<!-- \/ Yoast SEO plugin. -->","yoast_head_json":{"title":"Magn\u0113tiska pl\u0113ve White PVC Matt 600, 1.00m , nopirkt veikal\u0101 R\u012bg\u0101","description":"magn\u0113tisk\u0101s automa\u0161\u012bnu izk\u0101rtnes, ledusskapju magn\u0113ti, \u0113dienkartes d\u0113\u013ci, rota\u013clietas, pl\u0101no\u0161anas d\u0113\u013ci, pirk\u0161anas vietas, rekl\u0101mas preces.","robots":{"index":"index","follow":"follow","max-snippet":"max-snippet:-1","max-image-preview":"max-image-preview:large","max-video-preview":"max-video-preview:-1"},"canonical":"https:\/\/wmtbaltic.lv\/Produkts\/magnetiska-pleve-white-pvc-matt-600-1-00m-x15\/","og_locale":"en_US","og_type":"article","og_title":"Magn\u0113tiska pl\u0113ve White PVC Matt 600, 1.00m , nopirkt veikal\u0101 R\u012bg\u0101","og_description":"magn\u0113tisk\u0101s automa\u0161\u012bnu izk\u0101rtnes, ledusskapju magn\u0113ti, \u0113dienkartes d\u0113\u013ci, rota\u013clietas, pl\u0101no\u0161anas d\u0113\u013ci, pirk\u0161anas vietas, rekl\u0101mas preces.","og_url":"https:\/\/wmtbaltic.lv\/Produkts\/magnetiska-pleve-white-pvc-matt-600-1-00m-x15\/","og_site_name":"WMT Baltic","article_publisher":"https:\/\/www.facebook.com\/WMT.Baltic.viscom\/?locale=lv_LV","article_modified_time":"2024-01-30T07:25:26+00:00","og_image":[{"width":618,"height":598,"url":"http:\/\/wmtbaltic.lv\/wp-content\/uploads\/2021\/08\/Applying-adhesive-backed-1-1.png","type":"image\/png"}],"twitter_card":"summary_large_image","twitter_misc":{"Est. reading time":"1 minute"},"schema":{"@context":"https:\/\/schema.org","@graph":[{"@type":"WebPage","@id":"https:\/\/wmtbaltic.lv\/Produkts\/magnetiska-pleve-white-pvc-matt-600-1-00m-x15\/","url":"https:\/\/wmtbaltic.lv\/Produkts\/magnetiska-pleve-white-pvc-matt-600-1-00m-x15\/","name":"Magn\u0113tiska pl\u0113ve White PVC Matt 600, 1.00m , nopirkt veikal\u0101 R\u012bg\u0101","isPartOf":{"@id":"https:\/\/wmtbaltic.lv\/#website"},"primaryImageOfPage":{"@id":"https:\/\/wmtbaltic.lv\/Produkts\/magnetiska-pleve-white-pvc-matt-600-1-00m-x15\/#primaryimage"},"image":{"@id":"https:\/\/wmtbaltic.lv\/Produkts\/magnetiska-pleve-white-pvc-matt-600-1-00m-x15\/#primaryimage"},"thumbnailUrl":"https:\/\/wmtbaltic.lv\/wp-content\/uploads\/2021\/08\/Applying-adhesive-backed-1-1.png","datePublished":"2023-11-29T07:26:00+00:00","dateModified":"2024-01-30T07:25:26+00:00","description":"magn\u0113tisk\u0101s automa\u0161\u012bnu izk\u0101rtnes, ledusskapju magn\u0113ti, \u0113dienkartes d\u0113\u013ci, rota\u013clietas, pl\u0101no\u0161anas d\u0113\u013ci, pirk\u0161anas vietas, rekl\u0101mas preces.","breadcrumb":{"@id":"https:\/\/wmtbaltic.lv\/Produkts\/magnetiska-pleve-white-pvc-matt-600-1-00m-x15\/#breadcrumb"},"inLanguage":"en-US","potentialAction":[{"@type":"ReadAction","target":["https:\/\/wmtbaltic.lv\/Produkts\/magnetiska-pleve-white-pvc-matt-600-1-00m-x15\/"]}]},{"@type":"ImageObject","inLanguage":"en-US","@id":"https:\/\/wmtbaltic.lv\/Produkts\/magnetiska-pleve-white-pvc-matt-600-1-00m-x15\/#primaryimage","url":"https:\/\/wmtbaltic.lv\/wp-content\/uploads\/2021\/08\/Applying-adhesive-backed-1-1.png","contentUrl":"https:\/\/wmtbaltic.lv\/wp-content\/uploads\/2021\/08\/Applying-adhesive-backed-1-1.png","width":618,"height":598},{"@type":"BreadcrumbList","@id":"https:\/\/wmtbaltic.lv\/Produkts\/magnetiska-pleve-white-pvc-matt-600-1-00m-x15\/#breadcrumb","itemListElement":[{"@type":"ListItem","position":1,"name":"Home","item":"https:\/\/wmtbaltic.lv\/en\/"},{"@type":"ListItem","position":2,"name":"Products","item":"https:\/\/wmtbaltic.lv\/en\/shop\/"},{"@type":"ListItem","position":3,"name":"Magn\u0113tiska pl\u0113ve White PVC Matt 600,1.00m x15"}]},{"@type":"WebSite","@id":"https:\/\/wmtbaltic.lv\/#website","url":"https:\/\/wmtbaltic.lv\/","name":"WMT Baltic","description":"Rekl\u0101mas produkti, pl\u0113ves","publisher":{"@id":"https:\/\/wmtbaltic.lv\/#organization"},"potentialAction":[{"@type":"SearchAction","target":{"@type":"EntryPoint","urlTemplate":"https:\/\/wmtbaltic.lv\/?s={search_term_string}"},"query-input":{"@type":"PropertyValueSpecification","valueRequired":true,"valueName":"search_term_string"}}],"inLanguage":"en-US"},{"@type":"Organization","@id":"https:\/\/wmtbaltic.lv\/#organization","name":"WMT Baltic","url":"https:\/\/wmtbaltic.lv\/","logo":{"@type":"ImageObject","inLanguage":"en-US","@id":"https:\/\/wmtbaltic.lv\/#\/schema\/logo\/image\/","url":"https:\/\/wmtbaltic.lv\/wp-content\/uploads\/2024\/12\/wmt-baltic-sia_107142_9_420x180.jpg","contentUrl":"https:\/\/wmtbaltic.lv\/wp-content\/uploads\/2024\/12\/wmt-baltic-sia_107142_9_420x180.jpg","width":420,"height":180,"caption":"WMT Baltic"},"image":{"@id":"https:\/\/wmtbaltic.lv\/#\/schema\/logo\/image\/"},"sameAs":["https:\/\/www.facebook.com\/WMT.Baltic.viscom\/?locale=lv_LV","https:\/\/www.instagram.com\/viscom_wmt\/"]}]}},"_links":{"self":[{"href":"https:\/\/wmtbaltic.lv\/en\/wp-json\/wp\/v2\/product\/16056","targetHints":{"allow":["GET"]}}],"collection":[{"href":"https:\/\/wmtbaltic.lv\/en\/wp-json\/wp\/v2\/product"}],"about":[{"href":"https:\/\/wmtbaltic.lv\/en\/wp-json\/wp\/v2\/types\/product"}],"replies":[{"embeddable":true,"href":"https:\/\/wmtbaltic.lv\/en\/wp-json\/wp\/v2\/comments?post=16056"}],"wp:featuredmedia":[{"embeddable":true,"href":"https:\/\/wmtbaltic.lv\/en\/wp-json\/wp\/v2\/media\/13555"}],"wp:attachment":[{"href":"https:\/\/wmtbaltic.lv\/en\/wp-json\/wp\/v2\/media?parent=16056"}],"wp:term":[{"taxonomy":"product_brand","embeddable":true,"href":"https:\/\/wmtbaltic.lv\/en\/wp-json\/wp\/v2\/product_brand?post=16056"},{"taxonomy":"product_cat","embeddable":true,"href":"https:\/\/wmtbaltic.lv\/en\/wp-json\/wp\/v2\/product_cat?post=16056"},{"taxonomy":"product_tag","embeddable":true,"href":"https:\/\/wmtbaltic.lv\/en\/wp-json\/wp\/v2\/product_tag?post=16056"}],"curies":[{"name":"wp","href":"https:\/\/api.w.org\/{rel}","templated":true}]}}