{"id":16046,"date":"2023-11-29T06:18:28","date_gmt":"2023-11-29T06:18:28","guid":{"rendered":"https:\/\/wmtbaltic.lv\/?post_type=product&#038;p=16046"},"modified":"2024-01-30T07:11:42","modified_gmt":"2024-01-30T07:11:42","slug":"magnetiska-pleve-white-pvc-matt-850-1-00-15m","status":"publish","type":"product","link":"https:\/\/wmtbaltic.lv\/en\/product\/magnetiska-pleve-white-pvc-matt-850-1-00-15m\/","title":{"rendered":"Magn\u0113tiska pl\u0113ve White PVC Matt 850, 1.00 *15m"},"content":{"rendered":"<p><strong>White PVC 850<\/strong> \u2013 magn\u0113tiska pl\u0113ve ar baltu, mat\u0113tu PVH virsmu.<\/p>\n<p>Magn\u0113tisk\u0101 pl\u0113ve paredz\u0113ta liela un maza form\u0101ta rekl\u0101mu att\u0113lu veido\u0161anai.<\/p>\n<p>Sa\u0146emiet patst\u0101v\u012bgu rekl\u0101mu bez piep\u016bles, izmantojot savus piln\u012bb\u0101 personaliz\u0113tos biznesa transportl\u012bdzek\u013cu magn\u0113tus vai uzl\u012bmes bez l\u012bmsl\u0101\u0146a. J\u016bs varat uzdruk\u0101t J\u016bsu uz\u0146\u0113muma logotipu, saukli vai kr\u0101sas. Izmantojot \u0161o viegli lietojamo un p\u0101rvietojamo m\u0101rketinga l\u012bdzekli, j\u016bs varat p\u0101rv\u0113rst jebkuru auto par kust\u012bgu rekl\u0101mas elementu<\/p>\n<p>Paredz\u0113ta drukai uz UV-flatbed printeriem un sietspeidei.<\/p>\n<p>Biezums 850 \u00b5<\/p>\n<p>Pl\u0113ves platums 1.00m.<\/p>\n<p>Rull\u012b 15m.<\/p>\n<p>&nbsp;<\/p>\n<p><strong>Jei norite \u012fsigyti magnetin\u0117 lipni pl\u0117vel\u0117 White PVC Matt 850, 1.00 x 15m <\/strong><strong>prek\u0119 m\u016bs\u0173 ofise Lietuvoje,Vilniuje \u201dWMT Vilnius\u201dkambinkite: +37065562119, ra\u0161ykite: <a href=\"mailto:info@wmt.lt\">info@wmt.lt<\/a><\/strong><\/p>\n<p><strong>Bendravimui su ofisu Rygoje WMT Baltic SIA, Skambinkite: +371 67800830,ra\u0161ykite:\u00a0<a href=\"mailto:info@adv24.lv\">info@adv24.lv<\/a><\/strong><\/p>\n","protected":false},"excerpt":{"rendered":"White PVC 850 \u2013 magn\u0113tiska pl\u0113ve ar baltu, mat\u0113tu PVH virsmu. Magn\u0113tisk\u0101 pl\u0113ve paredz\u0113ta liela un maza form\u0101ta rekl\u0101mu att\u0113lu veido\u0161anai. Sa\u0146emiet patst\u0101v\u012bgu rekl\u0101mu bez piep\u016bles, izmantojot savus piln\u012bb\u0101 personaliz\u0113tos biznesa transportl\u012bdzek\u013cu magn\u0113tus vai uzl\u012bmes bez l\u012bmsl\u0101\u0146a. J\u016bs varat uzdruk\u0101t J\u016bsu uz\u0146\u0113muma logotipu, saukli vai kr\u0101sas. Izmantojot \u0161o viegli lietojamo un p\u0101rvietojamo m\u0101rketinga l\u012bdzekli, j\u016bs [...]","protected":false},"featured_media":16066,"comment_status":"closed","ping_status":"closed","template":"","meta":[],"product_brand":[],"product_cat":[416,179],"product_tag":[864,863,299],"class_list":{"0":"post-16046","1":"product","2":"type-product","3":"status-publish","4":"has-post-thumbnail","6":"product_cat-magnetiskas-limpleves","7":"product_cat-magnetiskas-pleves-drukai-nopirkt-riga","8":"product_tag-magneti-drukai","9":"product_tag-magnetiska-pleve","10":"product_tag-reklama","12":"first","13":"instock","14":"shipping-taxable","15":"purchasable","16":"product-type-simple"},"yoast_head":"<!-- This site is optimized with the Yoast SEO plugin v27.5 - https:\/\/yoast.com\/product\/yoast-seo-wordpress\/ -->\n<title>Magn\u0113tiska pl\u0113ve White PVC Matt 850, 1.00m , nopirkt veikal\u0101 R\u012bg\u0101<\/title>\n<meta name=\"description\" content=\"Magn\u0113tiska pl\u0113ve White PVC Matt 850.Biezums 850 \u00b5Pl\u0113ves platums 1.00m.Rull\u012b 15m.\" \/>\n<meta name=\"robots\" content=\"index, follow, max-snippet:-1, max-image-preview:large, max-video-preview:-1\" \/>\n<link rel=\"canonical\" href=\"https:\/\/wmtbaltic.lv\/Produkts\/magnetiska-pleve-white-pvc-matt-850-1-00-15m\/\" \/>\n<meta property=\"og:locale\" content=\"en_US\" \/>\n<meta property=\"og:type\" content=\"article\" \/>\n<meta property=\"og:title\" content=\"Magn\u0113tiska pl\u0113ve White PVC Matt 850, 1.00m , nopirkt veikal\u0101 R\u012bg\u0101\" \/>\n<meta property=\"og:description\" content=\"Magn\u0113tiska pl\u0113ve White PVC Matt 850.Biezums 850 \u00b5Pl\u0113ves platums 1.00m.Rull\u012b 15m.\" \/>\n<meta property=\"og:url\" content=\"https:\/\/wmtbaltic.lv\/Produkts\/magnetiska-pleve-white-pvc-matt-850-1-00-15m\/\" \/>\n<meta property=\"og:site_name\" content=\"WMT Baltic\" \/>\n<meta property=\"article:publisher\" content=\"https:\/\/www.facebook.com\/WMT.Baltic.viscom\/?locale=lv_LV\" \/>\n<meta property=\"article:modified_time\" content=\"2024-01-30T07:11:42+00:00\" \/>\n<meta property=\"og:image\" content=\"http:\/\/wmtbaltic.lv\/wp-content\/uploads\/2023\/11\/Applying-adhesive-backed-1-1.png\" \/>\n\t<meta property=\"og:image:width\" content=\"618\" \/>\n\t<meta property=\"og:image:height\" content=\"598\" \/>\n\t<meta property=\"og:image:type\" content=\"image\/png\" \/>\n<meta name=\"twitter:card\" content=\"summary_large_image\" \/>\n<meta name=\"twitter:label1\" content=\"Est. reading time\" \/>\n\t<meta name=\"twitter:data1\" content=\"1 minute\" \/>\n<script type=\"application\/ld+json\" class=\"yoast-schema-graph\">{\"@context\":\"https:\\\/\\\/schema.org\",\"@graph\":[{\"@type\":\"WebPage\",\"@id\":\"https:\\\/\\\/wmtbaltic.lv\\\/Produkts\\\/magnetiska-pleve-white-pvc-matt-850-1-00-15m\\\/\",\"url\":\"https:\\\/\\\/wmtbaltic.lv\\\/Produkts\\\/magnetiska-pleve-white-pvc-matt-850-1-00-15m\\\/\",\"name\":\"Magn\u0113tiska pl\u0113ve White PVC Matt 850, 1.00m , nopirkt veikal\u0101 R\u012bg\u0101\",\"isPartOf\":{\"@id\":\"https:\\\/\\\/wmtbaltic.lv\\\/#website\"},\"primaryImageOfPage\":{\"@id\":\"https:\\\/\\\/wmtbaltic.lv\\\/Produkts\\\/magnetiska-pleve-white-pvc-matt-850-1-00-15m\\\/#primaryimage\"},\"image\":{\"@id\":\"https:\\\/\\\/wmtbaltic.lv\\\/Produkts\\\/magnetiska-pleve-white-pvc-matt-850-1-00-15m\\\/#primaryimage\"},\"thumbnailUrl\":\"https:\\\/\\\/wmtbaltic.lv\\\/wp-content\\\/uploads\\\/2023\\\/11\\\/Applying-adhesive-backed-1-1.png\",\"datePublished\":\"2023-11-29T06:18:28+00:00\",\"dateModified\":\"2024-01-30T07:11:42+00:00\",\"description\":\"Magn\u0113tiska pl\u0113ve White PVC Matt 850.Biezums 850 \u00b5Pl\u0113ves platums 1.00m.Rull\u012b 15m.\",\"breadcrumb\":{\"@id\":\"https:\\\/\\\/wmtbaltic.lv\\\/Produkts\\\/magnetiska-pleve-white-pvc-matt-850-1-00-15m\\\/#breadcrumb\"},\"inLanguage\":\"en-US\",\"potentialAction\":[{\"@type\":\"ReadAction\",\"target\":[\"https:\\\/\\\/wmtbaltic.lv\\\/Produkts\\\/magnetiska-pleve-white-pvc-matt-850-1-00-15m\\\/\"]}]},{\"@type\":\"ImageObject\",\"inLanguage\":\"en-US\",\"@id\":\"https:\\\/\\\/wmtbaltic.lv\\\/Produkts\\\/magnetiska-pleve-white-pvc-matt-850-1-00-15m\\\/#primaryimage\",\"url\":\"https:\\\/\\\/wmtbaltic.lv\\\/wp-content\\\/uploads\\\/2023\\\/11\\\/Applying-adhesive-backed-1-1.png\",\"contentUrl\":\"https:\\\/\\\/wmtbaltic.lv\\\/wp-content\\\/uploads\\\/2023\\\/11\\\/Applying-adhesive-backed-1-1.png\",\"width\":618,\"height\":598},{\"@type\":\"BreadcrumbList\",\"@id\":\"https:\\\/\\\/wmtbaltic.lv\\\/Produkts\\\/magnetiska-pleve-white-pvc-matt-850-1-00-15m\\\/#breadcrumb\",\"itemListElement\":[{\"@type\":\"ListItem\",\"position\":1,\"name\":\"Home\",\"item\":\"https:\\\/\\\/wmtbaltic.lv\\\/en\\\/\"},{\"@type\":\"ListItem\",\"position\":2,\"name\":\"Products\",\"item\":\"https:\\\/\\\/wmtbaltic.lv\\\/en\\\/shop\\\/\"},{\"@type\":\"ListItem\",\"position\":3,\"name\":\"Magn\u0113tiska pl\u0113ve White PVC Matt 850, 1.00 *15m\"}]},{\"@type\":\"WebSite\",\"@id\":\"https:\\\/\\\/wmtbaltic.lv\\\/#website\",\"url\":\"https:\\\/\\\/wmtbaltic.lv\\\/\",\"name\":\"WMT Baltic\",\"description\":\"Rekl\u0101mas produkti, pl\u0113ves\",\"publisher\":{\"@id\":\"https:\\\/\\\/wmtbaltic.lv\\\/#organization\"},\"potentialAction\":[{\"@type\":\"SearchAction\",\"target\":{\"@type\":\"EntryPoint\",\"urlTemplate\":\"https:\\\/\\\/wmtbaltic.lv\\\/?s={search_term_string}\"},\"query-input\":{\"@type\":\"PropertyValueSpecification\",\"valueRequired\":true,\"valueName\":\"search_term_string\"}}],\"inLanguage\":\"en-US\"},{\"@type\":\"Organization\",\"@id\":\"https:\\\/\\\/wmtbaltic.lv\\\/#organization\",\"name\":\"WMT Baltic\",\"url\":\"https:\\\/\\\/wmtbaltic.lv\\\/\",\"logo\":{\"@type\":\"ImageObject\",\"inLanguage\":\"en-US\",\"@id\":\"https:\\\/\\\/wmtbaltic.lv\\\/#\\\/schema\\\/logo\\\/image\\\/\",\"url\":\"https:\\\/\\\/wmtbaltic.lv\\\/wp-content\\\/uploads\\\/2024\\\/12\\\/wmt-baltic-sia_107142_9_420x180.jpg\",\"contentUrl\":\"https:\\\/\\\/wmtbaltic.lv\\\/wp-content\\\/uploads\\\/2024\\\/12\\\/wmt-baltic-sia_107142_9_420x180.jpg\",\"width\":420,\"height\":180,\"caption\":\"WMT Baltic\"},\"image\":{\"@id\":\"https:\\\/\\\/wmtbaltic.lv\\\/#\\\/schema\\\/logo\\\/image\\\/\"},\"sameAs\":[\"https:\\\/\\\/www.facebook.com\\\/WMT.Baltic.viscom\\\/?locale=lv_LV\",\"https:\\\/\\\/www.instagram.com\\\/viscom_wmt\\\/\"]}]}<\/script>\n<!-- \/ Yoast SEO plugin. -->","yoast_head_json":{"title":"Magn\u0113tiska pl\u0113ve White PVC Matt 850, 1.00m , nopirkt veikal\u0101 R\u012bg\u0101","description":"Magn\u0113tiska pl\u0113ve White PVC Matt 850.Biezums 850 \u00b5Pl\u0113ves platums 1.00m.Rull\u012b 15m.","robots":{"index":"index","follow":"follow","max-snippet":"max-snippet:-1","max-image-preview":"max-image-preview:large","max-video-preview":"max-video-preview:-1"},"canonical":"https:\/\/wmtbaltic.lv\/Produkts\/magnetiska-pleve-white-pvc-matt-850-1-00-15m\/","og_locale":"en_US","og_type":"article","og_title":"Magn\u0113tiska pl\u0113ve White PVC Matt 850, 1.00m , nopirkt veikal\u0101 R\u012bg\u0101","og_description":"Magn\u0113tiska pl\u0113ve White PVC Matt 850.Biezums 850 \u00b5Pl\u0113ves platums 1.00m.Rull\u012b 15m.","og_url":"https:\/\/wmtbaltic.lv\/Produkts\/magnetiska-pleve-white-pvc-matt-850-1-00-15m\/","og_site_name":"WMT Baltic","article_publisher":"https:\/\/www.facebook.com\/WMT.Baltic.viscom\/?locale=lv_LV","article_modified_time":"2024-01-30T07:11:42+00:00","og_image":[{"width":618,"height":598,"url":"http:\/\/wmtbaltic.lv\/wp-content\/uploads\/2023\/11\/Applying-adhesive-backed-1-1.png","type":"image\/png"}],"twitter_card":"summary_large_image","twitter_misc":{"Est. reading time":"1 minute"},"schema":{"@context":"https:\/\/schema.org","@graph":[{"@type":"WebPage","@id":"https:\/\/wmtbaltic.lv\/Produkts\/magnetiska-pleve-white-pvc-matt-850-1-00-15m\/","url":"https:\/\/wmtbaltic.lv\/Produkts\/magnetiska-pleve-white-pvc-matt-850-1-00-15m\/","name":"Magn\u0113tiska pl\u0113ve White PVC Matt 850, 1.00m , nopirkt veikal\u0101 R\u012bg\u0101","isPartOf":{"@id":"https:\/\/wmtbaltic.lv\/#website"},"primaryImageOfPage":{"@id":"https:\/\/wmtbaltic.lv\/Produkts\/magnetiska-pleve-white-pvc-matt-850-1-00-15m\/#primaryimage"},"image":{"@id":"https:\/\/wmtbaltic.lv\/Produkts\/magnetiska-pleve-white-pvc-matt-850-1-00-15m\/#primaryimage"},"thumbnailUrl":"https:\/\/wmtbaltic.lv\/wp-content\/uploads\/2023\/11\/Applying-adhesive-backed-1-1.png","datePublished":"2023-11-29T06:18:28+00:00","dateModified":"2024-01-30T07:11:42+00:00","description":"Magn\u0113tiska pl\u0113ve White PVC Matt 850.Biezums 850 \u00b5Pl\u0113ves platums 1.00m.Rull\u012b 15m.","breadcrumb":{"@id":"https:\/\/wmtbaltic.lv\/Produkts\/magnetiska-pleve-white-pvc-matt-850-1-00-15m\/#breadcrumb"},"inLanguage":"en-US","potentialAction":[{"@type":"ReadAction","target":["https:\/\/wmtbaltic.lv\/Produkts\/magnetiska-pleve-white-pvc-matt-850-1-00-15m\/"]}]},{"@type":"ImageObject","inLanguage":"en-US","@id":"https:\/\/wmtbaltic.lv\/Produkts\/magnetiska-pleve-white-pvc-matt-850-1-00-15m\/#primaryimage","url":"https:\/\/wmtbaltic.lv\/wp-content\/uploads\/2023\/11\/Applying-adhesive-backed-1-1.png","contentUrl":"https:\/\/wmtbaltic.lv\/wp-content\/uploads\/2023\/11\/Applying-adhesive-backed-1-1.png","width":618,"height":598},{"@type":"BreadcrumbList","@id":"https:\/\/wmtbaltic.lv\/Produkts\/magnetiska-pleve-white-pvc-matt-850-1-00-15m\/#breadcrumb","itemListElement":[{"@type":"ListItem","position":1,"name":"Home","item":"https:\/\/wmtbaltic.lv\/en\/"},{"@type":"ListItem","position":2,"name":"Products","item":"https:\/\/wmtbaltic.lv\/en\/shop\/"},{"@type":"ListItem","position":3,"name":"Magn\u0113tiska pl\u0113ve White PVC Matt 850, 1.00 *15m"}]},{"@type":"WebSite","@id":"https:\/\/wmtbaltic.lv\/#website","url":"https:\/\/wmtbaltic.lv\/","name":"WMT Baltic","description":"Rekl\u0101mas produkti, pl\u0113ves","publisher":{"@id":"https:\/\/wmtbaltic.lv\/#organization"},"potentialAction":[{"@type":"SearchAction","target":{"@type":"EntryPoint","urlTemplate":"https:\/\/wmtbaltic.lv\/?s={search_term_string}"},"query-input":{"@type":"PropertyValueSpecification","valueRequired":true,"valueName":"search_term_string"}}],"inLanguage":"en-US"},{"@type":"Organization","@id":"https:\/\/wmtbaltic.lv\/#organization","name":"WMT Baltic","url":"https:\/\/wmtbaltic.lv\/","logo":{"@type":"ImageObject","inLanguage":"en-US","@id":"https:\/\/wmtbaltic.lv\/#\/schema\/logo\/image\/","url":"https:\/\/wmtbaltic.lv\/wp-content\/uploads\/2024\/12\/wmt-baltic-sia_107142_9_420x180.jpg","contentUrl":"https:\/\/wmtbaltic.lv\/wp-content\/uploads\/2024\/12\/wmt-baltic-sia_107142_9_420x180.jpg","width":420,"height":180,"caption":"WMT Baltic"},"image":{"@id":"https:\/\/wmtbaltic.lv\/#\/schema\/logo\/image\/"},"sameAs":["https:\/\/www.facebook.com\/WMT.Baltic.viscom\/?locale=lv_LV","https:\/\/www.instagram.com\/viscom_wmt\/"]}]}},"_links":{"self":[{"href":"https:\/\/wmtbaltic.lv\/en\/wp-json\/wp\/v2\/product\/16046","targetHints":{"allow":["GET"]}}],"collection":[{"href":"https:\/\/wmtbaltic.lv\/en\/wp-json\/wp\/v2\/product"}],"about":[{"href":"https:\/\/wmtbaltic.lv\/en\/wp-json\/wp\/v2\/types\/product"}],"replies":[{"embeddable":true,"href":"https:\/\/wmtbaltic.lv\/en\/wp-json\/wp\/v2\/comments?post=16046"}],"wp:featuredmedia":[{"embeddable":true,"href":"https:\/\/wmtbaltic.lv\/en\/wp-json\/wp\/v2\/media\/16066"}],"wp:attachment":[{"href":"https:\/\/wmtbaltic.lv\/en\/wp-json\/wp\/v2\/media?parent=16046"}],"wp:term":[{"taxonomy":"product_brand","embeddable":true,"href":"https:\/\/wmtbaltic.lv\/en\/wp-json\/wp\/v2\/product_brand?post=16046"},{"taxonomy":"product_cat","embeddable":true,"href":"https:\/\/wmtbaltic.lv\/en\/wp-json\/wp\/v2\/product_cat?post=16046"},{"taxonomy":"product_tag","embeddable":true,"href":"https:\/\/wmtbaltic.lv\/en\/wp-json\/wp\/v2\/product_tag?post=16046"}],"curies":[{"name":"wp","href":"https:\/\/api.w.org\/{rel}","templated":true}]}}