{"id":16020,"date":"2023-11-28T10:17:26","date_gmt":"2023-11-28T10:17:26","guid":{"rendered":"https:\/\/wmtbaltic.lv\/?post_type=product&#038;p=16020"},"modified":"2025-01-15T10:39:15","modified_gmt":"2025-01-15T10:39:15","slug":"limpleve-ekonomiska-serija-ri-mark-event-107-dark-grey-122m","status":"publish","type":"product","link":"https:\/\/wmtbaltic.lv\/en\/product\/limpleve-ekonomiska-serija-ri-mark-event-107-dark-grey-122m\/","title":{"rendered":"L\u012bmpl\u0113ve, ekonomisk\u0101 s\u0113rija Ri-mark Event 107 Dark Grey 1,22m"},"content":{"rendered":"<h4 class=\"title\"><strong>Ri-Mark Event \u012bstermi\u0146a, monom\u0113ra l\u012bmpl\u0113ve, piem\u0113rota taisnam virsm\u0101m. Ide\u0101li piem\u0113rota logotipu un uzrakstu ploter\u0113\u0161anai.<\/strong><\/h4>\n<div class=\"text\">\n<p><strong>Pl\u0113ves pielieto\u0161ana:<\/strong><\/p>\n<ul>\n<li>\u012bstermi\u0146a iek\u0161telpu un \u0101ra rekl\u0101m\u0101m.<\/li>\n<li>tirzniec\u012bbas viet\u0101m, izst\u0101\u017eu grafikai, skatlogiem, pane\u013ciem, burtiem, stendiem.<\/li>\n<\/ul>\n<p><strong>Norut\u012bga l\u012bdz\u00a0 5 gadiem<\/strong><\/p>\n<p><strong>Pl\u0113ves biezums 70 \u00b5<\/strong><\/p>\n<p><strong>Pl\u0113ves platums 1,22m.<\/strong><\/p>\n<p><strong>Rull\u012b 50 t\/m.<\/strong><\/p>\n<p><strong>Cena par teko\u0161o metru.<\/strong><\/p>\n<\/div>\n<p>&nbsp;<\/p>\n<h5><span style=\"color: #000000;\"><strong>Jei norite \u012fsigyti\u00a0 Ri-mark Event 107 Dark Grey 1,22m prek\u0119\u00a0 m\u016bs\u0173 ofise Lietuvoje,Vilniuje \u201dWMT Vilnius\u201dkambinkite: +37065562119, ra\u0161ykite: <a style=\"color: #000000;\" href=\"mailto:info@wmt.lt\">info@wmt.lt<\/a><\/strong><\/span><\/h5>\n<h5><span style=\"color: #000000;\"><strong>Bendravimui su ofisu Rygoje WMT Baltic SIA, Skambinkite: +371 67800830,ra\u0161ykite<\/strong>:\u00a0<strong><a style=\"color: #000000;\" href=\"mailto:info@adv24.lv\">info@adv24.lv<\/a><\/strong><\/span><\/h5>\n<p>&nbsp;<\/p>\n<p><img loading=\"lazy\" decoding=\"async\" class=\"alignnone size-full wp-image-15585\" src=\"http:\/\/wmtbaltic.lv\/wp-content\/uploads\/2022\/09\/krasu-kartes_ritrama_fedrigoni.jpg\" alt=\"\" width=\"860\" height=\"225\" srcset=\"https:\/\/wmtbaltic.lv\/wp-content\/uploads\/2022\/09\/krasu-kartes_ritrama_fedrigoni.jpg 860w, https:\/\/wmtbaltic.lv\/wp-content\/uploads\/2022\/09\/krasu-kartes_ritrama_fedrigoni-300x78.jpg 300w, https:\/\/wmtbaltic.lv\/wp-content\/uploads\/2022\/09\/krasu-kartes_ritrama_fedrigoni-768x201.jpg 768w, https:\/\/wmtbaltic.lv\/wp-content\/uploads\/2022\/09\/krasu-kartes_ritrama_fedrigoni-600x157.jpg 600w\" sizes=\"auto, (max-width: 860px) 100vw, 860px\" \/><\/p>\n","protected":false},"excerpt":{"rendered":"Ri-Mark Event \u012bstermi\u0146a, monom\u0113ra l\u012bmpl\u0113ve, piem\u0113rota taisnam virsm\u0101m. Ide\u0101li piem\u0113rota logotipu un uzrakstu ploter\u0113\u0161anai. Pl\u0113ves pielieto\u0161ana: \u012bstermi\u0146a iek\u0161telpu un \u0101ra rekl\u0101m\u0101m. tirzniec\u012bbas viet\u0101m, izst\u0101\u017eu grafikai, skatlogiem, pane\u013ciem, burtiem, stendiem. Norut\u012bga l\u012bdz\u00a0 5 gadiem Pl\u0113ves biezums 70 \u00b5 Pl\u0113ves platums 1,22m. Rull\u012b 50 t\/m. Cena par teko\u0161o metru. &nbsp; Jei norite \u012fsigyti\u00a0 Ri-mark Event 107 Dark [...]","protected":false},"featured_media":16022,"comment_status":"closed","ping_status":"closed","template":"","meta":[],"product_brand":[],"product_cat":[270],"product_tag":[1341,443,1340,1297,898],"class_list":{"0":"post-16020","1":"product","2":"type-product","3":"status-publish","4":"has-post-thumbnail","6":"product_cat-ekonomiskas-serijas-limpleve-we-3000","7":"product_tag-dark-gray","8":"product_tag-ekonomiska_serija","9":"product_tag-monomeras-limpleves","10":"product_tag-monomeras-pleves","11":"product_tag-ritrama","13":"first","14":"instock","15":"shipping-taxable","16":"purchasable","17":"product-type-simple"},"yoast_head":"<!-- This site is optimized with the Yoast SEO plugin v27.4 - https:\/\/yoast.com\/product\/yoast-seo-wordpress\/ -->\n<title>L\u012bmpl\u0113ve, ekonomisk\u0101 s\u0113rija Ri-mark Event 107 Dark Grey 1,22m - WMT Baltic<\/title>\n<meta name=\"description\" content=\"Ri-Mark Event \u012bstermi\u0146a, monom\u0113ra l\u012bmpl\u0113ve, piem\u0113rota taisnam virsm\u0101m. Ide\u0101li piem\u0113rota logotipu un uzrakstu ploter\u0113\u0161anai 1,22m, nopirkt R\u012bg\u0101.\" \/>\n<meta name=\"robots\" content=\"index, follow, max-snippet:-1, max-image-preview:large, max-video-preview:-1\" \/>\n<link rel=\"canonical\" href=\"https:\/\/wmtbaltic.lv\/product\/limpleve-ekonomiska-serija-ri-mark-event-107-dark-grey-122m\/\" \/>\n<meta property=\"og:locale\" content=\"en_US\" \/>\n<meta property=\"og:type\" content=\"article\" \/>\n<meta property=\"og:title\" content=\"L\u012bmpl\u0113ve, ekonomisk\u0101 s\u0113rija Ri-mark Event 107 Dark Grey 1,22m - WMT Baltic\" \/>\n<meta property=\"og:description\" content=\"Ri-Mark Event \u012bstermi\u0146a, monom\u0113ra l\u012bmpl\u0113ve, piem\u0113rota taisnam virsm\u0101m. Ide\u0101li piem\u0113rota logotipu un uzrakstu ploter\u0113\u0161anai 1,22m, nopirkt R\u012bg\u0101.\" \/>\n<meta property=\"og:url\" content=\"https:\/\/wmtbaltic.lv\/product\/limpleve-ekonomiska-serija-ri-mark-event-107-dark-grey-122m\/\" \/>\n<meta property=\"og:site_name\" content=\"WMT Baltic\" \/>\n<meta property=\"article:publisher\" content=\"https:\/\/www.facebook.com\/WMT.Baltic.viscom\/?locale=lv_LV\" \/>\n<meta property=\"article:modified_time\" content=\"2025-01-15T10:39:15+00:00\" \/>\n<meta property=\"og:image\" content=\"http:\/\/wmtbaltic.lv\/wp-content\/uploads\/2023\/11\/20260001-1.jpg\" \/>\n\t<meta property=\"og:image:width\" content=\"474\" \/>\n\t<meta property=\"og:image:height\" content=\"474\" \/>\n\t<meta property=\"og:image:type\" content=\"image\/jpeg\" \/>\n<meta name=\"twitter:card\" content=\"summary_large_image\" \/>\n<meta name=\"twitter:label1\" content=\"Est. reading time\" \/>\n\t<meta name=\"twitter:data1\" content=\"1 minute\" \/>\n<script type=\"application\/ld+json\" class=\"yoast-schema-graph\">{\"@context\":\"https:\\\/\\\/schema.org\",\"@graph\":[{\"@type\":\"WebPage\",\"@id\":\"https:\\\/\\\/wmtbaltic.lv\\\/product\\\/limpleve-ekonomiska-serija-ri-mark-event-107-dark-grey-122m\\\/\",\"url\":\"https:\\\/\\\/wmtbaltic.lv\\\/product\\\/limpleve-ekonomiska-serija-ri-mark-event-107-dark-grey-122m\\\/\",\"name\":\"L\u012bmpl\u0113ve, ekonomisk\u0101 s\u0113rija Ri-mark Event 107 Dark Grey 1,22m - WMT Baltic\",\"isPartOf\":{\"@id\":\"https:\\\/\\\/wmtbaltic.lv\\\/#website\"},\"primaryImageOfPage\":{\"@id\":\"https:\\\/\\\/wmtbaltic.lv\\\/product\\\/limpleve-ekonomiska-serija-ri-mark-event-107-dark-grey-122m\\\/#primaryimage\"},\"image\":{\"@id\":\"https:\\\/\\\/wmtbaltic.lv\\\/product\\\/limpleve-ekonomiska-serija-ri-mark-event-107-dark-grey-122m\\\/#primaryimage\"},\"thumbnailUrl\":\"https:\\\/\\\/wmtbaltic.lv\\\/wp-content\\\/uploads\\\/2023\\\/11\\\/20260001-1.jpg\",\"datePublished\":\"2023-11-28T10:17:26+00:00\",\"dateModified\":\"2025-01-15T10:39:15+00:00\",\"description\":\"Ri-Mark Event \u012bstermi\u0146a, monom\u0113ra l\u012bmpl\u0113ve, piem\u0113rota taisnam virsm\u0101m. Ide\u0101li piem\u0113rota logotipu un uzrakstu ploter\u0113\u0161anai 1,22m, nopirkt R\u012bg\u0101.\",\"breadcrumb\":{\"@id\":\"https:\\\/\\\/wmtbaltic.lv\\\/product\\\/limpleve-ekonomiska-serija-ri-mark-event-107-dark-grey-122m\\\/#breadcrumb\"},\"inLanguage\":\"en-US\",\"potentialAction\":[{\"@type\":\"ReadAction\",\"target\":[\"https:\\\/\\\/wmtbaltic.lv\\\/product\\\/limpleve-ekonomiska-serija-ri-mark-event-107-dark-grey-122m\\\/\"]}]},{\"@type\":\"ImageObject\",\"inLanguage\":\"en-US\",\"@id\":\"https:\\\/\\\/wmtbaltic.lv\\\/product\\\/limpleve-ekonomiska-serija-ri-mark-event-107-dark-grey-122m\\\/#primaryimage\",\"url\":\"https:\\\/\\\/wmtbaltic.lv\\\/wp-content\\\/uploads\\\/2023\\\/11\\\/20260001-1.jpg\",\"contentUrl\":\"https:\\\/\\\/wmtbaltic.lv\\\/wp-content\\\/uploads\\\/2023\\\/11\\\/20260001-1.jpg\",\"width\":474,\"height\":474},{\"@type\":\"BreadcrumbList\",\"@id\":\"https:\\\/\\\/wmtbaltic.lv\\\/product\\\/limpleve-ekonomiska-serija-ri-mark-event-107-dark-grey-122m\\\/#breadcrumb\",\"itemListElement\":[{\"@type\":\"ListItem\",\"position\":1,\"name\":\"Home\",\"item\":\"https:\\\/\\\/wmtbaltic.lv\\\/en\\\/\"},{\"@type\":\"ListItem\",\"position\":2,\"name\":\"Products\",\"item\":\"https:\\\/\\\/wmtbaltic.lv\\\/en\\\/shop\\\/\"},{\"@type\":\"ListItem\",\"position\":3,\"name\":\"L\u012bmpl\u0113ve, ekonomisk\u0101 s\u0113rija Ri-mark Event 107 Dark Grey 1,22m\"}]},{\"@type\":\"WebSite\",\"@id\":\"https:\\\/\\\/wmtbaltic.lv\\\/#website\",\"url\":\"https:\\\/\\\/wmtbaltic.lv\\\/\",\"name\":\"WMT Baltic\",\"description\":\"Rekl\u0101mas produkti, pl\u0113ves\",\"publisher\":{\"@id\":\"https:\\\/\\\/wmtbaltic.lv\\\/#organization\"},\"potentialAction\":[{\"@type\":\"SearchAction\",\"target\":{\"@type\":\"EntryPoint\",\"urlTemplate\":\"https:\\\/\\\/wmtbaltic.lv\\\/?s={search_term_string}\"},\"query-input\":{\"@type\":\"PropertyValueSpecification\",\"valueRequired\":true,\"valueName\":\"search_term_string\"}}],\"inLanguage\":\"en-US\"},{\"@type\":\"Organization\",\"@id\":\"https:\\\/\\\/wmtbaltic.lv\\\/#organization\",\"name\":\"WMT Baltic\",\"url\":\"https:\\\/\\\/wmtbaltic.lv\\\/\",\"logo\":{\"@type\":\"ImageObject\",\"inLanguage\":\"en-US\",\"@id\":\"https:\\\/\\\/wmtbaltic.lv\\\/#\\\/schema\\\/logo\\\/image\\\/\",\"url\":\"https:\\\/\\\/wmtbaltic.lv\\\/wp-content\\\/uploads\\\/2024\\\/12\\\/wmt-baltic-sia_107142_9_420x180.jpg\",\"contentUrl\":\"https:\\\/\\\/wmtbaltic.lv\\\/wp-content\\\/uploads\\\/2024\\\/12\\\/wmt-baltic-sia_107142_9_420x180.jpg\",\"width\":420,\"height\":180,\"caption\":\"WMT Baltic\"},\"image\":{\"@id\":\"https:\\\/\\\/wmtbaltic.lv\\\/#\\\/schema\\\/logo\\\/image\\\/\"},\"sameAs\":[\"https:\\\/\\\/www.facebook.com\\\/WMT.Baltic.viscom\\\/?locale=lv_LV\",\"https:\\\/\\\/www.instagram.com\\\/viscom_wmt\\\/\"]}]}<\/script>\n<!-- \/ Yoast SEO plugin. -->","yoast_head_json":{"title":"L\u012bmpl\u0113ve, ekonomisk\u0101 s\u0113rija Ri-mark Event 107 Dark Grey 1,22m - WMT Baltic","description":"Ri-Mark Event \u012bstermi\u0146a, monom\u0113ra l\u012bmpl\u0113ve, piem\u0113rota taisnam virsm\u0101m. Ide\u0101li piem\u0113rota logotipu un uzrakstu ploter\u0113\u0161anai 1,22m, nopirkt R\u012bg\u0101.","robots":{"index":"index","follow":"follow","max-snippet":"max-snippet:-1","max-image-preview":"max-image-preview:large","max-video-preview":"max-video-preview:-1"},"canonical":"https:\/\/wmtbaltic.lv\/product\/limpleve-ekonomiska-serija-ri-mark-event-107-dark-grey-122m\/","og_locale":"en_US","og_type":"article","og_title":"L\u012bmpl\u0113ve, ekonomisk\u0101 s\u0113rija Ri-mark Event 107 Dark Grey 1,22m - WMT Baltic","og_description":"Ri-Mark Event \u012bstermi\u0146a, monom\u0113ra l\u012bmpl\u0113ve, piem\u0113rota taisnam virsm\u0101m. Ide\u0101li piem\u0113rota logotipu un uzrakstu ploter\u0113\u0161anai 1,22m, nopirkt R\u012bg\u0101.","og_url":"https:\/\/wmtbaltic.lv\/product\/limpleve-ekonomiska-serija-ri-mark-event-107-dark-grey-122m\/","og_site_name":"WMT Baltic","article_publisher":"https:\/\/www.facebook.com\/WMT.Baltic.viscom\/?locale=lv_LV","article_modified_time":"2025-01-15T10:39:15+00:00","og_image":[{"width":474,"height":474,"url":"http:\/\/wmtbaltic.lv\/wp-content\/uploads\/2023\/11\/20260001-1.jpg","type":"image\/jpeg"}],"twitter_card":"summary_large_image","twitter_misc":{"Est. reading time":"1 minute"},"schema":{"@context":"https:\/\/schema.org","@graph":[{"@type":"WebPage","@id":"https:\/\/wmtbaltic.lv\/product\/limpleve-ekonomiska-serija-ri-mark-event-107-dark-grey-122m\/","url":"https:\/\/wmtbaltic.lv\/product\/limpleve-ekonomiska-serija-ri-mark-event-107-dark-grey-122m\/","name":"L\u012bmpl\u0113ve, ekonomisk\u0101 s\u0113rija Ri-mark Event 107 Dark Grey 1,22m - WMT Baltic","isPartOf":{"@id":"https:\/\/wmtbaltic.lv\/#website"},"primaryImageOfPage":{"@id":"https:\/\/wmtbaltic.lv\/product\/limpleve-ekonomiska-serija-ri-mark-event-107-dark-grey-122m\/#primaryimage"},"image":{"@id":"https:\/\/wmtbaltic.lv\/product\/limpleve-ekonomiska-serija-ri-mark-event-107-dark-grey-122m\/#primaryimage"},"thumbnailUrl":"https:\/\/wmtbaltic.lv\/wp-content\/uploads\/2023\/11\/20260001-1.jpg","datePublished":"2023-11-28T10:17:26+00:00","dateModified":"2025-01-15T10:39:15+00:00","description":"Ri-Mark Event \u012bstermi\u0146a, monom\u0113ra l\u012bmpl\u0113ve, piem\u0113rota taisnam virsm\u0101m. Ide\u0101li piem\u0113rota logotipu un uzrakstu ploter\u0113\u0161anai 1,22m, nopirkt R\u012bg\u0101.","breadcrumb":{"@id":"https:\/\/wmtbaltic.lv\/product\/limpleve-ekonomiska-serija-ri-mark-event-107-dark-grey-122m\/#breadcrumb"},"inLanguage":"en-US","potentialAction":[{"@type":"ReadAction","target":["https:\/\/wmtbaltic.lv\/product\/limpleve-ekonomiska-serija-ri-mark-event-107-dark-grey-122m\/"]}]},{"@type":"ImageObject","inLanguage":"en-US","@id":"https:\/\/wmtbaltic.lv\/product\/limpleve-ekonomiska-serija-ri-mark-event-107-dark-grey-122m\/#primaryimage","url":"https:\/\/wmtbaltic.lv\/wp-content\/uploads\/2023\/11\/20260001-1.jpg","contentUrl":"https:\/\/wmtbaltic.lv\/wp-content\/uploads\/2023\/11\/20260001-1.jpg","width":474,"height":474},{"@type":"BreadcrumbList","@id":"https:\/\/wmtbaltic.lv\/product\/limpleve-ekonomiska-serija-ri-mark-event-107-dark-grey-122m\/#breadcrumb","itemListElement":[{"@type":"ListItem","position":1,"name":"Home","item":"https:\/\/wmtbaltic.lv\/en\/"},{"@type":"ListItem","position":2,"name":"Products","item":"https:\/\/wmtbaltic.lv\/en\/shop\/"},{"@type":"ListItem","position":3,"name":"L\u012bmpl\u0113ve, ekonomisk\u0101 s\u0113rija Ri-mark Event 107 Dark Grey 1,22m"}]},{"@type":"WebSite","@id":"https:\/\/wmtbaltic.lv\/#website","url":"https:\/\/wmtbaltic.lv\/","name":"WMT Baltic","description":"Rekl\u0101mas produkti, pl\u0113ves","publisher":{"@id":"https:\/\/wmtbaltic.lv\/#organization"},"potentialAction":[{"@type":"SearchAction","target":{"@type":"EntryPoint","urlTemplate":"https:\/\/wmtbaltic.lv\/?s={search_term_string}"},"query-input":{"@type":"PropertyValueSpecification","valueRequired":true,"valueName":"search_term_string"}}],"inLanguage":"en-US"},{"@type":"Organization","@id":"https:\/\/wmtbaltic.lv\/#organization","name":"WMT Baltic","url":"https:\/\/wmtbaltic.lv\/","logo":{"@type":"ImageObject","inLanguage":"en-US","@id":"https:\/\/wmtbaltic.lv\/#\/schema\/logo\/image\/","url":"https:\/\/wmtbaltic.lv\/wp-content\/uploads\/2024\/12\/wmt-baltic-sia_107142_9_420x180.jpg","contentUrl":"https:\/\/wmtbaltic.lv\/wp-content\/uploads\/2024\/12\/wmt-baltic-sia_107142_9_420x180.jpg","width":420,"height":180,"caption":"WMT Baltic"},"image":{"@id":"https:\/\/wmtbaltic.lv\/#\/schema\/logo\/image\/"},"sameAs":["https:\/\/www.facebook.com\/WMT.Baltic.viscom\/?locale=lv_LV","https:\/\/www.instagram.com\/viscom_wmt\/"]}]}},"_links":{"self":[{"href":"https:\/\/wmtbaltic.lv\/en\/wp-json\/wp\/v2\/product\/16020","targetHints":{"allow":["GET"]}}],"collection":[{"href":"https:\/\/wmtbaltic.lv\/en\/wp-json\/wp\/v2\/product"}],"about":[{"href":"https:\/\/wmtbaltic.lv\/en\/wp-json\/wp\/v2\/types\/product"}],"replies":[{"embeddable":true,"href":"https:\/\/wmtbaltic.lv\/en\/wp-json\/wp\/v2\/comments?post=16020"}],"wp:featuredmedia":[{"embeddable":true,"href":"https:\/\/wmtbaltic.lv\/en\/wp-json\/wp\/v2\/media\/16022"}],"wp:attachment":[{"href":"https:\/\/wmtbaltic.lv\/en\/wp-json\/wp\/v2\/media?parent=16020"}],"wp:term":[{"taxonomy":"product_brand","embeddable":true,"href":"https:\/\/wmtbaltic.lv\/en\/wp-json\/wp\/v2\/product_brand?post=16020"},{"taxonomy":"product_cat","embeddable":true,"href":"https:\/\/wmtbaltic.lv\/en\/wp-json\/wp\/v2\/product_cat?post=16020"},{"taxonomy":"product_tag","embeddable":true,"href":"https:\/\/wmtbaltic.lv\/en\/wp-json\/wp\/v2\/product_tag?post=16020"}],"curies":[{"name":"wp","href":"https:\/\/api.w.org\/{rel}","templated":true}]}}