{"id":16013,"date":"2023-11-27T13:05:15","date_gmt":"2023-11-27T13:05:15","guid":{"rendered":"https:\/\/wmtbaltic.lv\/?post_type=product&#038;p=16013"},"modified":"2023-11-27T13:05:17","modified_gmt":"2023-11-27T13:05:17","slug":"transmatic-ts-100-70-p-elektriska-pneimatiska-termoprese","status":"publish","type":"product","link":"https:\/\/wmtbaltic.lv\/en\/product\/transmatic-ts-100-70-p-elektriska-pneimatiska-termoprese\/","title":{"rendered":"Transmatic TS 100\/70 P elektrisk\u0101 pneimatisk\u0101 termoprese"},"content":{"rendered":"<p><span><strong>Termoprese TS 100\/70 P<br \/>\n<\/strong><br \/>\nPusautom\u0101tiska prese ar sp\u0113c\u012bgu spiedienu.\u00a0<\/span><span>Elektronisks un digit\u0101ls sk\u0101rienekr\u0101ns ar vizu\u0101lu temperat\u016bras, spiediena un laika kontroli ar padomiem par iesp\u0113jam\u0101m k\u013c\u016bd\u0101m.<br \/>\n<\/span><\/p>\n<ul class=\"standard-arrow list-divider\">\n<li><span>Elektroniskie un digit\u0101lie instrumenti ar sk\u0101rienekr\u0101nu<\/span><\/li>\n<li><span>Iesp\u0113jamo k\u013c\u016bdu autom\u0101tiska regul\u0113\u0161ana<\/span><\/li>\n<li><span>Ikdienas un v\u0113sturisko gabalu skait\u012bt\u0101js<\/span><\/li>\n<\/ul>\n<p><strong>Tehnisk\u0101 inform\u0101cija:<\/strong><\/p>\n<p class=\"western\" align=\"left\"><span style=\"color: #000000;\">&#8211; Darba galda izm\u0113rs: <\/span><span style=\"color: #000000;\">100<\/span><span style=\"color: #000000;\">\u00d7<\/span><span style=\"color: #000000;\">70<\/span><span style=\"color: #000000;\"> cm<\/span><\/p>\n<p class=\"western\" align=\"left\"><span style=\"color: #000000;\">&#8211; Spriegums: <\/span><span style=\"color: #000000;\">380<\/span><span style=\"color: #000000;\">V vienf\u0101zes<\/span><\/p>\n<p class=\"western\" align=\"left\"><span style=\"color: #000000;\">&#8211; Elektr\u012bbas pat\u0113ri\u0146\u0161: KW <\/span><span style=\"color: #000000;\">4<\/span><span style=\"color: #000000;\">,<\/span><span style=\"color: #000000;\">5<\/span><\/p>\n<p class=\"western\" align=\"left\"><span style=\"color: #000000;\">&#8211; Ener\u0123ijas pat\u0113ri\u0146\u0161\/h: KW\/h <\/span><span style=\"color: #000000;\">2<\/span><span style=\"color: #000000;\">,2<\/span><\/p>\n<p class=\"western\" align=\"left\"><span style=\"color: #000000;\">&#8211; Temperat\u016bra: 50-255\u00b0C<\/span><\/p>\n<p class=\"western\" align=\"left\"><span style=\"color: #000000;\">&#8211; Regul\u0113jams laiks: 0-<\/span><span style=\"color: #000000;\">760<\/span><span style=\"color: #000000;\"> sek.<\/span><\/p>\n<p class=\"western\" align=\"left\"><span style=\"color: #000000;\">&#8211; Spiediens: <\/span><span style=\"color: #000000;\">400<\/span><span style=\"color: #000000;\"> gr\/cm2<\/span><\/p>\n<p class=\"western\" align=\"left\"><span style=\"color: #000000;\">&#8211; Neto svars: <\/span><span style=\"color: #000000;\">310<\/span><span style=\"color: #000000;\"> kg<\/span><\/p>\n<p align=\"left\">\n<p><a href=\"http:\/\/wmtbaltic.lv\/wp-content\/uploads\/2023\/11\/Brosura-Transmatic-TS-100-70p-elektriska-pneimatiska-termoprese.pdf\">Bro\u0161\u016bra Transmatic TS 100-70p elektrisk\u0101 pneimatisk\u0101 termoprese<\/a><\/p>\n","protected":false},"excerpt":{"rendered":"Pusautom\u0101tiska prese ar sp\u0113c\u012bgu spiedienu.\u00a0Elektronisks un digit\u0101ls sk\u0101rienekr\u0101ns ar vizu\u0101lu temperat\u016bras, spiediena un laika kontroli ar padomiem par iesp\u0113jam\u0101m k\u013c\u016bd\u0101m.","protected":false},"featured_media":16014,"comment_status":"closed","ping_status":"closed","template":"","meta":[],"product_brand":[],"product_cat":[258,428,260],"product_tag":[536,532,529,535],"class_list":{"0":"post-16013","1":"product","2":"type-product","3":"status-publish","4":"has-post-thumbnail","6":"product_cat-iekartas-un-izejmateriali","7":"product_cat-plakanas-automatiskas-termopreses","8":"product_cat-termopreses-iekartas-un-izejmateriali","9":"product_tag-elektriska","10":"product_tag-termoparnese","11":"product_tag-termoprese","12":"product_tag-transmatic","14":"first","15":"instock","16":"shipping-taxable","17":"product-type-simple"},"yoast_head":"<!-- This site is optimized with the Yoast SEO plugin v27.6 - https:\/\/yoast.com\/product\/yoast-seo-wordpress\/ -->\n<title>Transmatic TS 100\/70 P elektrisk\u0101 pneimatisk\u0101 termoprese - WMT Baltic<\/title>\n<meta name=\"description\" content=\"Pusautom\u0101tiska prese ar sp\u0113c\u012bgu spiedienu.\u00a0Elektronisks un digit\u0101ls sk\u0101rienekr\u0101ns ar vizu\u0101lu temperat\u016bras ts100\/70p, nopirkt R\u012bg\u0101.\" \/>\n<meta name=\"robots\" content=\"index, follow, max-snippet:-1, max-image-preview:large, max-video-preview:-1\" \/>\n<link rel=\"canonical\" href=\"https:\/\/wmtbaltic.lv\/Produkts\/transmatic-ts-100-70-p-elektriska-pneimatiska-termoprese\/\" \/>\n<meta property=\"og:locale\" content=\"en_US\" \/>\n<meta property=\"og:type\" content=\"article\" \/>\n<meta property=\"og:title\" content=\"Transmatic TS 100\/70 P elektrisk\u0101 pneimatisk\u0101 termoprese - WMT Baltic\" \/>\n<meta property=\"og:description\" content=\"Pusautom\u0101tiska prese ar sp\u0113c\u012bgu spiedienu.\u00a0Elektronisks un digit\u0101ls sk\u0101rienekr\u0101ns ar vizu\u0101lu temperat\u016bras ts100\/70p, nopirkt R\u012bg\u0101.\" \/>\n<meta property=\"og:url\" content=\"https:\/\/wmtbaltic.lv\/Produkts\/transmatic-ts-100-70-p-elektriska-pneimatiska-termoprese\/\" \/>\n<meta property=\"og:site_name\" content=\"WMT Baltic\" \/>\n<meta property=\"article:publisher\" content=\"https:\/\/www.facebook.com\/WMT.Baltic.viscom\/?locale=lv_LV\" \/>\n<meta property=\"article:modified_time\" content=\"2023-11-27T13:05:17+00:00\" \/>\n<meta property=\"og:image\" content=\"http:\/\/wmtbaltic.lv\/wp-content\/uploads\/2023\/11\/TS-100-70-P-TC-e1477039695771.jpg\" \/>\n\t<meta property=\"og:image:width\" content=\"2212\" \/>\n\t<meta property=\"og:image:height\" content=\"1381\" \/>\n\t<meta property=\"og:image:type\" content=\"image\/jpeg\" \/>\n<meta name=\"twitter:card\" content=\"summary_large_image\" \/>\n<meta name=\"twitter:label1\" content=\"Est. reading time\" \/>\n\t<meta name=\"twitter:data1\" content=\"1 minute\" \/>\n<script type=\"application\/ld+json\" class=\"yoast-schema-graph\">{\"@context\":\"https:\\\/\\\/schema.org\",\"@graph\":[{\"@type\":\"WebPage\",\"@id\":\"https:\\\/\\\/wmtbaltic.lv\\\/Produkts\\\/transmatic-ts-100-70-p-elektriska-pneimatiska-termoprese\\\/\",\"url\":\"https:\\\/\\\/wmtbaltic.lv\\\/Produkts\\\/transmatic-ts-100-70-p-elektriska-pneimatiska-termoprese\\\/\",\"name\":\"Transmatic TS 100\\\/70 P elektrisk\u0101 pneimatisk\u0101 termoprese - WMT Baltic\",\"isPartOf\":{\"@id\":\"https:\\\/\\\/wmtbaltic.lv\\\/#website\"},\"primaryImageOfPage\":{\"@id\":\"https:\\\/\\\/wmtbaltic.lv\\\/Produkts\\\/transmatic-ts-100-70-p-elektriska-pneimatiska-termoprese\\\/#primaryimage\"},\"image\":{\"@id\":\"https:\\\/\\\/wmtbaltic.lv\\\/Produkts\\\/transmatic-ts-100-70-p-elektriska-pneimatiska-termoprese\\\/#primaryimage\"},\"thumbnailUrl\":\"https:\\\/\\\/wmtbaltic.lv\\\/wp-content\\\/uploads\\\/2023\\\/11\\\/TS-100-70-P-TC-e1477039695771.jpg\",\"datePublished\":\"2023-11-27T13:05:15+00:00\",\"dateModified\":\"2023-11-27T13:05:17+00:00\",\"description\":\"Pusautom\u0101tiska prese ar sp\u0113c\u012bgu spiedienu.\u00a0Elektronisks un digit\u0101ls sk\u0101rienekr\u0101ns ar vizu\u0101lu temperat\u016bras ts100\\\/70p, nopirkt R\u012bg\u0101.\",\"breadcrumb\":{\"@id\":\"https:\\\/\\\/wmtbaltic.lv\\\/Produkts\\\/transmatic-ts-100-70-p-elektriska-pneimatiska-termoprese\\\/#breadcrumb\"},\"inLanguage\":\"en-US\",\"potentialAction\":[{\"@type\":\"ReadAction\",\"target\":[\"https:\\\/\\\/wmtbaltic.lv\\\/Produkts\\\/transmatic-ts-100-70-p-elektriska-pneimatiska-termoprese\\\/\"]}]},{\"@type\":\"ImageObject\",\"inLanguage\":\"en-US\",\"@id\":\"https:\\\/\\\/wmtbaltic.lv\\\/Produkts\\\/transmatic-ts-100-70-p-elektriska-pneimatiska-termoprese\\\/#primaryimage\",\"url\":\"https:\\\/\\\/wmtbaltic.lv\\\/wp-content\\\/uploads\\\/2023\\\/11\\\/TS-100-70-P-TC-e1477039695771.jpg\",\"contentUrl\":\"https:\\\/\\\/wmtbaltic.lv\\\/wp-content\\\/uploads\\\/2023\\\/11\\\/TS-100-70-P-TC-e1477039695771.jpg\",\"width\":2212,\"height\":1381},{\"@type\":\"BreadcrumbList\",\"@id\":\"https:\\\/\\\/wmtbaltic.lv\\\/Produkts\\\/transmatic-ts-100-70-p-elektriska-pneimatiska-termoprese\\\/#breadcrumb\",\"itemListElement\":[{\"@type\":\"ListItem\",\"position\":1,\"name\":\"Home\",\"item\":\"https:\\\/\\\/wmtbaltic.lv\\\/en\\\/\"},{\"@type\":\"ListItem\",\"position\":2,\"name\":\"Products\",\"item\":\"https:\\\/\\\/wmtbaltic.lv\\\/en\\\/shop\\\/\"},{\"@type\":\"ListItem\",\"position\":3,\"name\":\"Transmatic TS 100\\\/70 P elektrisk\u0101 pneimatisk\u0101 termoprese\"}]},{\"@type\":\"WebSite\",\"@id\":\"https:\\\/\\\/wmtbaltic.lv\\\/#website\",\"url\":\"https:\\\/\\\/wmtbaltic.lv\\\/\",\"name\":\"WMT Baltic\",\"description\":\"Rekl\u0101mas produkti, pl\u0113ves\",\"publisher\":{\"@id\":\"https:\\\/\\\/wmtbaltic.lv\\\/#organization\"},\"potentialAction\":[{\"@type\":\"SearchAction\",\"target\":{\"@type\":\"EntryPoint\",\"urlTemplate\":\"https:\\\/\\\/wmtbaltic.lv\\\/?s={search_term_string}\"},\"query-input\":{\"@type\":\"PropertyValueSpecification\",\"valueRequired\":true,\"valueName\":\"search_term_string\"}}],\"inLanguage\":\"en-US\"},{\"@type\":\"Organization\",\"@id\":\"https:\\\/\\\/wmtbaltic.lv\\\/#organization\",\"name\":\"WMT Baltic\",\"url\":\"https:\\\/\\\/wmtbaltic.lv\\\/\",\"logo\":{\"@type\":\"ImageObject\",\"inLanguage\":\"en-US\",\"@id\":\"https:\\\/\\\/wmtbaltic.lv\\\/#\\\/schema\\\/logo\\\/image\\\/\",\"url\":\"https:\\\/\\\/wmtbaltic.lv\\\/wp-content\\\/uploads\\\/2024\\\/12\\\/wmt-baltic-sia_107142_9_420x180.jpg\",\"contentUrl\":\"https:\\\/\\\/wmtbaltic.lv\\\/wp-content\\\/uploads\\\/2024\\\/12\\\/wmt-baltic-sia_107142_9_420x180.jpg\",\"width\":420,\"height\":180,\"caption\":\"WMT Baltic\"},\"image\":{\"@id\":\"https:\\\/\\\/wmtbaltic.lv\\\/#\\\/schema\\\/logo\\\/image\\\/\"},\"sameAs\":[\"https:\\\/\\\/www.facebook.com\\\/WMT.Baltic.viscom\\\/?locale=lv_LV\",\"https:\\\/\\\/www.instagram.com\\\/viscom_wmt\\\/\"]}]}<\/script>\n<!-- \/ Yoast SEO plugin. -->","yoast_head_json":{"title":"Transmatic TS 100\/70 P elektrisk\u0101 pneimatisk\u0101 termoprese - WMT Baltic","description":"Pusautom\u0101tiska prese ar sp\u0113c\u012bgu spiedienu.\u00a0Elektronisks un digit\u0101ls sk\u0101rienekr\u0101ns ar vizu\u0101lu temperat\u016bras ts100\/70p, nopirkt R\u012bg\u0101.","robots":{"index":"index","follow":"follow","max-snippet":"max-snippet:-1","max-image-preview":"max-image-preview:large","max-video-preview":"max-video-preview:-1"},"canonical":"https:\/\/wmtbaltic.lv\/Produkts\/transmatic-ts-100-70-p-elektriska-pneimatiska-termoprese\/","og_locale":"en_US","og_type":"article","og_title":"Transmatic TS 100\/70 P elektrisk\u0101 pneimatisk\u0101 termoprese - WMT Baltic","og_description":"Pusautom\u0101tiska prese ar sp\u0113c\u012bgu spiedienu.\u00a0Elektronisks un digit\u0101ls sk\u0101rienekr\u0101ns ar vizu\u0101lu temperat\u016bras ts100\/70p, nopirkt R\u012bg\u0101.","og_url":"https:\/\/wmtbaltic.lv\/Produkts\/transmatic-ts-100-70-p-elektriska-pneimatiska-termoprese\/","og_site_name":"WMT Baltic","article_publisher":"https:\/\/www.facebook.com\/WMT.Baltic.viscom\/?locale=lv_LV","article_modified_time":"2023-11-27T13:05:17+00:00","og_image":[{"width":2212,"height":1381,"url":"http:\/\/wmtbaltic.lv\/wp-content\/uploads\/2023\/11\/TS-100-70-P-TC-e1477039695771.jpg","type":"image\/jpeg"}],"twitter_card":"summary_large_image","twitter_misc":{"Est. reading time":"1 minute"},"schema":{"@context":"https:\/\/schema.org","@graph":[{"@type":"WebPage","@id":"https:\/\/wmtbaltic.lv\/Produkts\/transmatic-ts-100-70-p-elektriska-pneimatiska-termoprese\/","url":"https:\/\/wmtbaltic.lv\/Produkts\/transmatic-ts-100-70-p-elektriska-pneimatiska-termoprese\/","name":"Transmatic TS 100\/70 P elektrisk\u0101 pneimatisk\u0101 termoprese - WMT Baltic","isPartOf":{"@id":"https:\/\/wmtbaltic.lv\/#website"},"primaryImageOfPage":{"@id":"https:\/\/wmtbaltic.lv\/Produkts\/transmatic-ts-100-70-p-elektriska-pneimatiska-termoprese\/#primaryimage"},"image":{"@id":"https:\/\/wmtbaltic.lv\/Produkts\/transmatic-ts-100-70-p-elektriska-pneimatiska-termoprese\/#primaryimage"},"thumbnailUrl":"https:\/\/wmtbaltic.lv\/wp-content\/uploads\/2023\/11\/TS-100-70-P-TC-e1477039695771.jpg","datePublished":"2023-11-27T13:05:15+00:00","dateModified":"2023-11-27T13:05:17+00:00","description":"Pusautom\u0101tiska prese ar sp\u0113c\u012bgu spiedienu.\u00a0Elektronisks un digit\u0101ls sk\u0101rienekr\u0101ns ar vizu\u0101lu temperat\u016bras ts100\/70p, nopirkt R\u012bg\u0101.","breadcrumb":{"@id":"https:\/\/wmtbaltic.lv\/Produkts\/transmatic-ts-100-70-p-elektriska-pneimatiska-termoprese\/#breadcrumb"},"inLanguage":"en-US","potentialAction":[{"@type":"ReadAction","target":["https:\/\/wmtbaltic.lv\/Produkts\/transmatic-ts-100-70-p-elektriska-pneimatiska-termoprese\/"]}]},{"@type":"ImageObject","inLanguage":"en-US","@id":"https:\/\/wmtbaltic.lv\/Produkts\/transmatic-ts-100-70-p-elektriska-pneimatiska-termoprese\/#primaryimage","url":"https:\/\/wmtbaltic.lv\/wp-content\/uploads\/2023\/11\/TS-100-70-P-TC-e1477039695771.jpg","contentUrl":"https:\/\/wmtbaltic.lv\/wp-content\/uploads\/2023\/11\/TS-100-70-P-TC-e1477039695771.jpg","width":2212,"height":1381},{"@type":"BreadcrumbList","@id":"https:\/\/wmtbaltic.lv\/Produkts\/transmatic-ts-100-70-p-elektriska-pneimatiska-termoprese\/#breadcrumb","itemListElement":[{"@type":"ListItem","position":1,"name":"Home","item":"https:\/\/wmtbaltic.lv\/en\/"},{"@type":"ListItem","position":2,"name":"Products","item":"https:\/\/wmtbaltic.lv\/en\/shop\/"},{"@type":"ListItem","position":3,"name":"Transmatic TS 100\/70 P elektrisk\u0101 pneimatisk\u0101 termoprese"}]},{"@type":"WebSite","@id":"https:\/\/wmtbaltic.lv\/#website","url":"https:\/\/wmtbaltic.lv\/","name":"WMT Baltic","description":"Rekl\u0101mas produkti, pl\u0113ves","publisher":{"@id":"https:\/\/wmtbaltic.lv\/#organization"},"potentialAction":[{"@type":"SearchAction","target":{"@type":"EntryPoint","urlTemplate":"https:\/\/wmtbaltic.lv\/?s={search_term_string}"},"query-input":{"@type":"PropertyValueSpecification","valueRequired":true,"valueName":"search_term_string"}}],"inLanguage":"en-US"},{"@type":"Organization","@id":"https:\/\/wmtbaltic.lv\/#organization","name":"WMT Baltic","url":"https:\/\/wmtbaltic.lv\/","logo":{"@type":"ImageObject","inLanguage":"en-US","@id":"https:\/\/wmtbaltic.lv\/#\/schema\/logo\/image\/","url":"https:\/\/wmtbaltic.lv\/wp-content\/uploads\/2024\/12\/wmt-baltic-sia_107142_9_420x180.jpg","contentUrl":"https:\/\/wmtbaltic.lv\/wp-content\/uploads\/2024\/12\/wmt-baltic-sia_107142_9_420x180.jpg","width":420,"height":180,"caption":"WMT Baltic"},"image":{"@id":"https:\/\/wmtbaltic.lv\/#\/schema\/logo\/image\/"},"sameAs":["https:\/\/www.facebook.com\/WMT.Baltic.viscom\/?locale=lv_LV","https:\/\/www.instagram.com\/viscom_wmt\/"]}]}},"_links":{"self":[{"href":"https:\/\/wmtbaltic.lv\/en\/wp-json\/wp\/v2\/product\/16013","targetHints":{"allow":["GET"]}}],"collection":[{"href":"https:\/\/wmtbaltic.lv\/en\/wp-json\/wp\/v2\/product"}],"about":[{"href":"https:\/\/wmtbaltic.lv\/en\/wp-json\/wp\/v2\/types\/product"}],"replies":[{"embeddable":true,"href":"https:\/\/wmtbaltic.lv\/en\/wp-json\/wp\/v2\/comments?post=16013"}],"wp:featuredmedia":[{"embeddable":true,"href":"https:\/\/wmtbaltic.lv\/en\/wp-json\/wp\/v2\/media\/16014"}],"wp:attachment":[{"href":"https:\/\/wmtbaltic.lv\/en\/wp-json\/wp\/v2\/media?parent=16013"}],"wp:term":[{"taxonomy":"product_brand","embeddable":true,"href":"https:\/\/wmtbaltic.lv\/en\/wp-json\/wp\/v2\/product_brand?post=16013"},{"taxonomy":"product_cat","embeddable":true,"href":"https:\/\/wmtbaltic.lv\/en\/wp-json\/wp\/v2\/product_cat?post=16013"},{"taxonomy":"product_tag","embeddable":true,"href":"https:\/\/wmtbaltic.lv\/en\/wp-json\/wp\/v2\/product_tag?post=16013"}],"curies":[{"name":"wp","href":"https:\/\/api.w.org\/{rel}","templated":true}]}}