{"id":15979,"date":"2023-11-22T09:40:53","date_gmt":"2023-11-22T09:40:53","guid":{"rendered":"https:\/\/wmtbaltic.lv\/?post_type=product&#038;p=15979"},"modified":"2023-11-22T14:48:21","modified_gmt":"2023-11-22T14:48:21","slug":"transmatic-ts-2a-elektriska-pneimatiska-termoprese","status":"publish","type":"product","link":"https:\/\/wmtbaltic.lv\/en\/product\/transmatic-ts-2a-elektriska-pneimatiska-termoprese\/","title":{"rendered":"Transmatic TS 2A elektrisk\u0101 pneimatisk\u0101 termoprese"},"content":{"rendered":"<p>Pneimatisk\u0101 termoprese\u00a0ar vilk\u0161anas sist\u0113mu. Pusautom\u0101tiska pres\u0113\u0161ana ar sp\u0113c\u012bgu spiedienu.\u00a0Elektronisks un digit\u0101ls sk\u0101rienekr\u0101ns ar vizu\u0101lu temperat\u016bras, spiediena un laika kontroli ar padomiem par iesp\u0113jam\u0101m k\u013c\u016bd\u0101m.\u00a0Main\u0101ms zem pl\u0101ksnes, gabalu skait\u012bt\u0101js. Iesp\u0113ja ieg\u0101d\u0101ties v\u0101ci\u0146a piederumu k\u0101 papildu iesp\u0113ju.<\/p>\n<p><b>\u012apa\u0161as ma\u0161\u012bnas:<\/b><\/p>\n<ul>\n<li>Elektroniskie un digit\u0101lais sk\u0101rienekr\u0101ns ekrans<\/li>\n<li>Iesp\u0113jamo k\u013c\u016bdu autom\u0101tiska regul\u0113\u0161ana<\/li>\n<li>Ikdienas un v\u0113sturisko gabalu skait\u012bt\u0101js<\/li>\n<\/ul>\n<p><strong>Specifik\u0101cija:<br \/>\n<\/strong><\/p>\n<ul>\n<li>\u00a0Darba galda izm\u0113rs: 50 x 40cm<\/li>\n<li>Spriegums: 230 V<\/li>\n<li>Elektroener\u0123ijas pat\u0113ri\u0146\u0161: KW 2.2<\/li>\n<li>Elektroener\u0123ijas pat\u0113ri\u0146\u0161 stund\u0101: 1.0 KW\/h<\/li>\n<li>Temperat\u016bra: 50-255<sup>o<\/sup> C<\/li>\n<li>Taimera laika diapazons: 0-999 sek.<\/li>\n<li>Spiediena diapazons: 0-600 gr\/ cm<sup>2<\/sup><\/li>\n<li>Neto svars: 174 Kg<\/li>\n<\/ul>\n<p><strong>Piederumi:<br \/>\n<\/strong>Izm\u0113rs (cm)<br \/>\n13\u00d713 |\u00a015\u00d715 |\u00a030\u00d720 |\u00a030\u00d735 |\u00a038\u00d710 |\u00a038\u00d715 |\u00a038\u00d718 |\u00a038 \u00d7 28 |\u00a038 \u00d7 38<\/p>\n<p><strong>\u00a0<\/strong><\/p>\n<p>*Termopresi var ieg\u0101d\u0101ties ar papildapr\u012bkojumu \u2013 termoelementu cepur\u012bt\u0113m.<\/p>\n<p><strong><a href=\"http:\/\/wmtbaltic.lv\/wp-content\/uploads\/2023\/11\/Brosura-Transmatic-TS-2P-elektriska-pneimatiska-termoprese.pdf\">Bro\u0161\u016bra Transmatic TS 2P elektrisk\u0101 pneimatisk\u0101 termoprese<\/a><\/strong><\/p>\n","protected":false},"excerpt":{"rendered":"Pneimatisk\u0101 termoprese\u00a0ar vilk\u0161anas sist\u0113mu. Pusautom\u0101tiska pres\u0113\u0161ana ar sp\u0113c\u012bgu spiedienu.\u00a0Elektronisks un digit\u0101ls sk\u0101rienekr\u0101ns ar vizu\u0101lu temperat\u016bras, spiediena un laika kontroli ar padomiem par iesp\u0113jam\u0101m k\u013c\u016bd\u0101m.\u00a0Main\u0101ms zem pl\u0101ksnes, gabalu skait\u012bt\u0101js. Iesp\u0113ja ieg\u0101d\u0101ties v\u0101ci\u0146a piederumu k\u0101 papildu iesp\u0113ju.","protected":false},"featured_media":15981,"template":"","meta":[],"product_brand":[],"product_cat":[258,428,260],"product_tag":[536,532,529,535],"class_list":{"0":"post-15979","1":"product","2":"type-product","3":"status-publish","4":"has-post-thumbnail","6":"product_cat-iekartas-un-izejmateriali","7":"product_cat-plakanas-automatiskas-termopreses","8":"product_cat-termopreses-iekartas-un-izejmateriali","9":"product_tag-elektriska","10":"product_tag-termoparnese","11":"product_tag-termoprese","12":"product_tag-transmatic","14":"first","15":"instock","16":"shipping-taxable","17":"product-type-simple"},"yoast_head":"<!-- This site is optimized with the Yoast SEO plugin v27.3 - https:\/\/yoast.com\/product\/yoast-seo-wordpress\/ -->\n<title>Transmatic TS 2A elektrisk\u0101 pneimatisk\u0101 termoprese - WMT Baltic<\/title>\n<meta name=\"description\" content=\"Pneimatisk\u0101 termoprese\u00a0ar vilk\u0161anas sist\u0113mu. Elektronisks un digit\u0101ls sk\u0101rienekr\u0101ns ar vizu\u0101lu temperat\u016bras, spiediena un laika kontroli. Nopirkt R\u012bg\u0101\" \/>\n<meta name=\"robots\" content=\"index, follow, max-snippet:-1, max-image-preview:large, max-video-preview:-1\" \/>\n<link rel=\"canonical\" href=\"https:\/\/wmtbaltic.lv\/Produkts\/transmatic-ts-2a-elektriska-pneimatiska-termoprese\/\" \/>\n<meta property=\"og:locale\" content=\"en_US\" \/>\n<meta property=\"og:type\" content=\"article\" \/>\n<meta property=\"og:title\" content=\"Transmatic TS 2A elektrisk\u0101 pneimatisk\u0101 termoprese - WMT Baltic\" \/>\n<meta property=\"og:description\" content=\"Pneimatisk\u0101 termoprese\u00a0ar vilk\u0161anas sist\u0113mu. Elektronisks un digit\u0101ls sk\u0101rienekr\u0101ns ar vizu\u0101lu temperat\u016bras, spiediena un laika kontroli. Nopirkt R\u012bg\u0101\" \/>\n<meta property=\"og:url\" content=\"https:\/\/wmtbaltic.lv\/Produkts\/transmatic-ts-2a-elektriska-pneimatiska-termoprese\/\" \/>\n<meta property=\"og:site_name\" content=\"WMT Baltic\" \/>\n<meta property=\"article:publisher\" content=\"https:\/\/www.facebook.com\/WMT.Baltic.viscom\/?locale=lv_LV\" \/>\n<meta property=\"article:modified_time\" content=\"2023-11-22T14:48:21+00:00\" \/>\n<meta property=\"og:image\" content=\"http:\/\/wmtbaltic.lv\/wp-content\/uploads\/2023\/11\/TS-2-P-TC-e1487583262516-scaled.jpg\" \/>\n\t<meta property=\"og:image:width\" content=\"2482\" \/>\n\t<meta property=\"og:image:height\" content=\"2560\" \/>\n\t<meta property=\"og:image:type\" content=\"image\/jpeg\" \/>\n<meta name=\"twitter:card\" content=\"summary_large_image\" \/>\n<meta name=\"twitter:label1\" content=\"Est. reading time\" \/>\n\t<meta name=\"twitter:data1\" content=\"1 minute\" \/>\n<script type=\"application\/ld+json\" class=\"yoast-schema-graph\">{\"@context\":\"https:\\\/\\\/schema.org\",\"@graph\":[{\"@type\":\"WebPage\",\"@id\":\"https:\\\/\\\/wmtbaltic.lv\\\/Produkts\\\/transmatic-ts-2a-elektriska-pneimatiska-termoprese\\\/\",\"url\":\"https:\\\/\\\/wmtbaltic.lv\\\/Produkts\\\/transmatic-ts-2a-elektriska-pneimatiska-termoprese\\\/\",\"name\":\"Transmatic TS 2A elektrisk\u0101 pneimatisk\u0101 termoprese - WMT Baltic\",\"isPartOf\":{\"@id\":\"https:\\\/\\\/wmtbaltic.lv\\\/#website\"},\"primaryImageOfPage\":{\"@id\":\"https:\\\/\\\/wmtbaltic.lv\\\/Produkts\\\/transmatic-ts-2a-elektriska-pneimatiska-termoprese\\\/#primaryimage\"},\"image\":{\"@id\":\"https:\\\/\\\/wmtbaltic.lv\\\/Produkts\\\/transmatic-ts-2a-elektriska-pneimatiska-termoprese\\\/#primaryimage\"},\"thumbnailUrl\":\"https:\\\/\\\/wmtbaltic.lv\\\/wp-content\\\/uploads\\\/2023\\\/11\\\/TS-2-P-TC-e1487583262516-scaled.jpg\",\"datePublished\":\"2023-11-22T09:40:53+00:00\",\"dateModified\":\"2023-11-22T14:48:21+00:00\",\"description\":\"Pneimatisk\u0101 termoprese\u00a0ar vilk\u0161anas sist\u0113mu. Elektronisks un digit\u0101ls sk\u0101rienekr\u0101ns ar vizu\u0101lu temperat\u016bras, spiediena un laika kontroli. Nopirkt R\u012bg\u0101\",\"breadcrumb\":{\"@id\":\"https:\\\/\\\/wmtbaltic.lv\\\/Produkts\\\/transmatic-ts-2a-elektriska-pneimatiska-termoprese\\\/#breadcrumb\"},\"inLanguage\":\"en-US\",\"potentialAction\":[{\"@type\":\"ReadAction\",\"target\":[\"https:\\\/\\\/wmtbaltic.lv\\\/Produkts\\\/transmatic-ts-2a-elektriska-pneimatiska-termoprese\\\/\"]}]},{\"@type\":\"ImageObject\",\"inLanguage\":\"en-US\",\"@id\":\"https:\\\/\\\/wmtbaltic.lv\\\/Produkts\\\/transmatic-ts-2a-elektriska-pneimatiska-termoprese\\\/#primaryimage\",\"url\":\"https:\\\/\\\/wmtbaltic.lv\\\/wp-content\\\/uploads\\\/2023\\\/11\\\/TS-2-P-TC-e1487583262516-scaled.jpg\",\"contentUrl\":\"https:\\\/\\\/wmtbaltic.lv\\\/wp-content\\\/uploads\\\/2023\\\/11\\\/TS-2-P-TC-e1487583262516-scaled.jpg\",\"width\":2482,\"height\":2560},{\"@type\":\"BreadcrumbList\",\"@id\":\"https:\\\/\\\/wmtbaltic.lv\\\/Produkts\\\/transmatic-ts-2a-elektriska-pneimatiska-termoprese\\\/#breadcrumb\",\"itemListElement\":[{\"@type\":\"ListItem\",\"position\":1,\"name\":\"Home\",\"item\":\"https:\\\/\\\/wmtbaltic.lv\\\/en\\\/\"},{\"@type\":\"ListItem\",\"position\":2,\"name\":\"Shop\",\"item\":\"https:\\\/\\\/wmtbaltic.lv\\\/shop\\\/\"},{\"@type\":\"ListItem\",\"position\":3,\"name\":\"Transmatic TS 2A elektrisk\u0101 pneimatisk\u0101 termoprese\"}]},{\"@type\":\"WebSite\",\"@id\":\"https:\\\/\\\/wmtbaltic.lv\\\/#website\",\"url\":\"https:\\\/\\\/wmtbaltic.lv\\\/\",\"name\":\"WMT Baltic\",\"description\":\"Rekl\u0101mas produkti, pl\u0113ves\",\"publisher\":{\"@id\":\"https:\\\/\\\/wmtbaltic.lv\\\/#organization\"},\"potentialAction\":[{\"@type\":\"SearchAction\",\"target\":{\"@type\":\"EntryPoint\",\"urlTemplate\":\"https:\\\/\\\/wmtbaltic.lv\\\/?s={search_term_string}\"},\"query-input\":{\"@type\":\"PropertyValueSpecification\",\"valueRequired\":true,\"valueName\":\"search_term_string\"}}],\"inLanguage\":\"en-US\"},{\"@type\":\"Organization\",\"@id\":\"https:\\\/\\\/wmtbaltic.lv\\\/#organization\",\"name\":\"WMT Baltic\",\"url\":\"https:\\\/\\\/wmtbaltic.lv\\\/\",\"logo\":{\"@type\":\"ImageObject\",\"inLanguage\":\"en-US\",\"@id\":\"https:\\\/\\\/wmtbaltic.lv\\\/#\\\/schema\\\/logo\\\/image\\\/\",\"url\":\"https:\\\/\\\/wmtbaltic.lv\\\/wp-content\\\/uploads\\\/2024\\\/12\\\/wmt-baltic-sia_107142_9_420x180.jpg\",\"contentUrl\":\"https:\\\/\\\/wmtbaltic.lv\\\/wp-content\\\/uploads\\\/2024\\\/12\\\/wmt-baltic-sia_107142_9_420x180.jpg\",\"width\":420,\"height\":180,\"caption\":\"WMT Baltic\"},\"image\":{\"@id\":\"https:\\\/\\\/wmtbaltic.lv\\\/#\\\/schema\\\/logo\\\/image\\\/\"},\"sameAs\":[\"https:\\\/\\\/www.facebook.com\\\/WMT.Baltic.viscom\\\/?locale=lv_LV\",\"https:\\\/\\\/www.instagram.com\\\/viscom_wmt\\\/\"]}]}<\/script>\n<!-- \/ Yoast SEO plugin. -->","yoast_head_json":{"title":"Transmatic TS 2A elektrisk\u0101 pneimatisk\u0101 termoprese - WMT Baltic","description":"Pneimatisk\u0101 termoprese\u00a0ar vilk\u0161anas sist\u0113mu. Elektronisks un digit\u0101ls sk\u0101rienekr\u0101ns ar vizu\u0101lu temperat\u016bras, spiediena un laika kontroli. Nopirkt R\u012bg\u0101","robots":{"index":"index","follow":"follow","max-snippet":"max-snippet:-1","max-image-preview":"max-image-preview:large","max-video-preview":"max-video-preview:-1"},"canonical":"https:\/\/wmtbaltic.lv\/Produkts\/transmatic-ts-2a-elektriska-pneimatiska-termoprese\/","og_locale":"en_US","og_type":"article","og_title":"Transmatic TS 2A elektrisk\u0101 pneimatisk\u0101 termoprese - WMT Baltic","og_description":"Pneimatisk\u0101 termoprese\u00a0ar vilk\u0161anas sist\u0113mu. Elektronisks un digit\u0101ls sk\u0101rienekr\u0101ns ar vizu\u0101lu temperat\u016bras, spiediena un laika kontroli. Nopirkt R\u012bg\u0101","og_url":"https:\/\/wmtbaltic.lv\/Produkts\/transmatic-ts-2a-elektriska-pneimatiska-termoprese\/","og_site_name":"WMT Baltic","article_publisher":"https:\/\/www.facebook.com\/WMT.Baltic.viscom\/?locale=lv_LV","article_modified_time":"2023-11-22T14:48:21+00:00","og_image":[{"width":2482,"height":2560,"url":"http:\/\/wmtbaltic.lv\/wp-content\/uploads\/2023\/11\/TS-2-P-TC-e1487583262516-scaled.jpg","type":"image\/jpeg"}],"twitter_card":"summary_large_image","twitter_misc":{"Est. reading time":"1 minute"},"schema":{"@context":"https:\/\/schema.org","@graph":[{"@type":"WebPage","@id":"https:\/\/wmtbaltic.lv\/Produkts\/transmatic-ts-2a-elektriska-pneimatiska-termoprese\/","url":"https:\/\/wmtbaltic.lv\/Produkts\/transmatic-ts-2a-elektriska-pneimatiska-termoprese\/","name":"Transmatic TS 2A elektrisk\u0101 pneimatisk\u0101 termoprese - WMT Baltic","isPartOf":{"@id":"https:\/\/wmtbaltic.lv\/#website"},"primaryImageOfPage":{"@id":"https:\/\/wmtbaltic.lv\/Produkts\/transmatic-ts-2a-elektriska-pneimatiska-termoprese\/#primaryimage"},"image":{"@id":"https:\/\/wmtbaltic.lv\/Produkts\/transmatic-ts-2a-elektriska-pneimatiska-termoprese\/#primaryimage"},"thumbnailUrl":"https:\/\/wmtbaltic.lv\/wp-content\/uploads\/2023\/11\/TS-2-P-TC-e1487583262516-scaled.jpg","datePublished":"2023-11-22T09:40:53+00:00","dateModified":"2023-11-22T14:48:21+00:00","description":"Pneimatisk\u0101 termoprese\u00a0ar vilk\u0161anas sist\u0113mu. Elektronisks un digit\u0101ls sk\u0101rienekr\u0101ns ar vizu\u0101lu temperat\u016bras, spiediena un laika kontroli. Nopirkt R\u012bg\u0101","breadcrumb":{"@id":"https:\/\/wmtbaltic.lv\/Produkts\/transmatic-ts-2a-elektriska-pneimatiska-termoprese\/#breadcrumb"},"inLanguage":"en-US","potentialAction":[{"@type":"ReadAction","target":["https:\/\/wmtbaltic.lv\/Produkts\/transmatic-ts-2a-elektriska-pneimatiska-termoprese\/"]}]},{"@type":"ImageObject","inLanguage":"en-US","@id":"https:\/\/wmtbaltic.lv\/Produkts\/transmatic-ts-2a-elektriska-pneimatiska-termoprese\/#primaryimage","url":"https:\/\/wmtbaltic.lv\/wp-content\/uploads\/2023\/11\/TS-2-P-TC-e1487583262516-scaled.jpg","contentUrl":"https:\/\/wmtbaltic.lv\/wp-content\/uploads\/2023\/11\/TS-2-P-TC-e1487583262516-scaled.jpg","width":2482,"height":2560},{"@type":"BreadcrumbList","@id":"https:\/\/wmtbaltic.lv\/Produkts\/transmatic-ts-2a-elektriska-pneimatiska-termoprese\/#breadcrumb","itemListElement":[{"@type":"ListItem","position":1,"name":"Home","item":"https:\/\/wmtbaltic.lv\/en\/"},{"@type":"ListItem","position":2,"name":"Shop","item":"https:\/\/wmtbaltic.lv\/shop\/"},{"@type":"ListItem","position":3,"name":"Transmatic TS 2A elektrisk\u0101 pneimatisk\u0101 termoprese"}]},{"@type":"WebSite","@id":"https:\/\/wmtbaltic.lv\/#website","url":"https:\/\/wmtbaltic.lv\/","name":"WMT Baltic","description":"Rekl\u0101mas produkti, pl\u0113ves","publisher":{"@id":"https:\/\/wmtbaltic.lv\/#organization"},"potentialAction":[{"@type":"SearchAction","target":{"@type":"EntryPoint","urlTemplate":"https:\/\/wmtbaltic.lv\/?s={search_term_string}"},"query-input":{"@type":"PropertyValueSpecification","valueRequired":true,"valueName":"search_term_string"}}],"inLanguage":"en-US"},{"@type":"Organization","@id":"https:\/\/wmtbaltic.lv\/#organization","name":"WMT Baltic","url":"https:\/\/wmtbaltic.lv\/","logo":{"@type":"ImageObject","inLanguage":"en-US","@id":"https:\/\/wmtbaltic.lv\/#\/schema\/logo\/image\/","url":"https:\/\/wmtbaltic.lv\/wp-content\/uploads\/2024\/12\/wmt-baltic-sia_107142_9_420x180.jpg","contentUrl":"https:\/\/wmtbaltic.lv\/wp-content\/uploads\/2024\/12\/wmt-baltic-sia_107142_9_420x180.jpg","width":420,"height":180,"caption":"WMT Baltic"},"image":{"@id":"https:\/\/wmtbaltic.lv\/#\/schema\/logo\/image\/"},"sameAs":["https:\/\/www.facebook.com\/WMT.Baltic.viscom\/?locale=lv_LV","https:\/\/www.instagram.com\/viscom_wmt\/"]}]}},"_links":{"self":[{"href":"https:\/\/wmtbaltic.lv\/en\/wp-json\/wp\/v2\/product\/15979","targetHints":{"allow":["GET"]}}],"collection":[{"href":"https:\/\/wmtbaltic.lv\/en\/wp-json\/wp\/v2\/product"}],"about":[{"href":"https:\/\/wmtbaltic.lv\/en\/wp-json\/wp\/v2\/types\/product"}],"wp:featuredmedia":[{"embeddable":true,"href":"https:\/\/wmtbaltic.lv\/en\/wp-json\/wp\/v2\/media\/15981"}],"wp:attachment":[{"href":"https:\/\/wmtbaltic.lv\/en\/wp-json\/wp\/v2\/media?parent=15979"}],"wp:term":[{"taxonomy":"product_brand","embeddable":true,"href":"https:\/\/wmtbaltic.lv\/en\/wp-json\/wp\/v2\/product_brand?post=15979"},{"taxonomy":"product_cat","embeddable":true,"href":"https:\/\/wmtbaltic.lv\/en\/wp-json\/wp\/v2\/product_cat?post=15979"},{"taxonomy":"product_tag","embeddable":true,"href":"https:\/\/wmtbaltic.lv\/en\/wp-json\/wp\/v2\/product_tag?post=15979"}],"curies":[{"name":"wp","href":"https:\/\/api.w.org\/{rel}","templated":true}]}}