{"id":15965,"date":"2023-11-21T11:31:29","date_gmt":"2023-11-21T11:31:29","guid":{"rendered":"https:\/\/wmtbaltic.lv\/?post_type=product&#038;p=15965"},"modified":"2023-11-21T11:37:13","modified_gmt":"2023-11-21T11:37:13","slug":"transmatic-tmp-15a-elektriska-pneimatiska-termoprese","status":"publish","type":"product","link":"https:\/\/wmtbaltic.lv\/en\/product\/transmatic-tmp-15a-elektriska-pneimatiska-termoprese\/","title":{"rendered":"Transmatic TMP 15A elektrisk\u0101 pneimatisk\u0101 termoprese"},"content":{"rendered":"<p>Pneimatisk\u0101 prese ar autom\u0101tisku aug\u0161\u0113j\u0101s pl\u0101ksnes atv\u0113r\u0161anu un aizv\u0113r\u0161anu ar k\u0101jas ped\u0101li.\u00a0Tas ir apr\u012bkots ar roku dro\u0161\u012bbas ier\u012bci.\u00a0Laika un temperat\u016bras elektronisk\u0101 regul\u0113\u0161ana.\u00a0Tas ir piem\u0113rots jebkurai p\u0101rne\u0161anai uz jebkura audum<\/p>\n<p><strong>Piederumi:<\/strong><\/p>\n<ul>\n<li>Apak\u0161\u0113j\u0101 pl\u0101ksne main\u0101ma<br \/>\nIzm\u0113rs (cm): 4,5\u00d710 |\u00a010\u00d715<\/li>\n<\/ul>\n<p><strong>Specifik\u0101cija:<\/strong><\/p>\n<p>&nbsp;<\/p>\n<p>\u2013 Darba galda izm\u0113rs: 15\u00d715 cm<\/p>\n<p>\u2013 Spriegums: 230V vienf\u0101zes<\/p>\n<p>\u2013 Elektr\u012bbas pat\u0113ri\u0146\u0161: KW 0,4<\/p>\n<p>\u2013 Ener\u0123ijas pat\u0113ri\u0146\u0161\/h: KW\/h 0,25<\/p>\n<p>\u2013 Temperat\u016bra: 50-285\u00b0C<\/p>\n<p>\u2013 Regul\u0113jams laiks: 0-999,9 sek.<\/p>\n<p>\u2013 Spiediens: 1600-1800 gr\/cm2<\/p>\n<p>\u2013 Neto svars: 43 kg<\/p>\n","protected":false},"excerpt":{"rendered":"Pneimatisk\u0101 prese ar autom\u0101tisku aug\u0161\u0113j\u0101s pl\u0101ksnes atv\u0113r\u0161anu un aizv\u0113r\u0161anu ar k\u0101jas ped\u0101li.\u00a0Tas ir apr\u012bkots ar roku dro\u0161\u012bbas ier\u012bci.\u00a0Laika un temperat\u016bras elektronisk\u0101 regul\u0113\u0161ana.\u00a0Tas ir piem\u0113rots jebkurai p\u0101rne\u0161anai uz jebkura audum Piederumi: Apak\u0161\u0113j\u0101 pl\u0101ksne main\u0101ma Izm\u0113rs (cm): 4,5\u00d710 |\u00a010\u00d715 Specifik\u0101cija: &nbsp; \u2013 Darba galda izm\u0113rs: 15\u00d715 cm \u2013 Spriegums: 230V vienf\u0101zes \u2013 Elektr\u012bbas pat\u0113ri\u0146\u0161: KW 0,4 \u2013 [...]","protected":false},"featured_media":15967,"template":"","meta":[],"product_brand":[],"product_cat":[258,428,260],"product_tag":[536,532,529,535],"class_list":{"0":"post-15965","1":"product","2":"type-product","3":"status-publish","4":"has-post-thumbnail","6":"product_cat-iekartas-un-izejmateriali","7":"product_cat-plakanas-automatiskas-termopreses","8":"product_cat-termopreses-iekartas-un-izejmateriali","9":"product_tag-elektriska","10":"product_tag-termoparnese","11":"product_tag-termoprese","12":"product_tag-transmatic","14":"first","15":"instock","16":"shipping-taxable","17":"product-type-simple"},"yoast_head":"<!-- This site is optimized with the Yoast SEO plugin v27.5 - https:\/\/yoast.com\/product\/yoast-seo-wordpress\/ -->\n<title>Transmatic TMP 15A elektrisk\u0101 pneimatisk\u0101 termoprese - WMT Baltic<\/title>\n<meta name=\"description\" content=\"Pneimatisk\u0101 prese ar autom\u0101tisku aug\u0161\u0113j\u0101s pl\u0101ksnes atv\u0113r\u0161anu un aizv\u0113r\u0161anu ar k\u0101jas ped\u0101li.\u00a0Tas ir apr\u012bkots ar roku dro\u0161\u012bbas ier\u012bci. Nopirkt R\u012bga\" \/>\n<meta name=\"robots\" content=\"index, follow, max-snippet:-1, max-image-preview:large, max-video-preview:-1\" \/>\n<link rel=\"canonical\" href=\"https:\/\/wmtbaltic.lv\/Produkts\/transmatic-tmp-15a-elektriska-pneimatiska-termoprese\/\" \/>\n<meta property=\"og:locale\" content=\"en_US\" \/>\n<meta property=\"og:type\" content=\"article\" \/>\n<meta property=\"og:title\" content=\"Transmatic TMP 15A elektrisk\u0101 pneimatisk\u0101 termoprese - WMT Baltic\" \/>\n<meta property=\"og:description\" content=\"Pneimatisk\u0101 prese ar autom\u0101tisku aug\u0161\u0113j\u0101s pl\u0101ksnes atv\u0113r\u0161anu un aizv\u0113r\u0161anu ar k\u0101jas ped\u0101li.\u00a0Tas ir apr\u012bkots ar roku dro\u0161\u012bbas ier\u012bci. Nopirkt R\u012bga\" \/>\n<meta property=\"og:url\" content=\"https:\/\/wmtbaltic.lv\/Produkts\/transmatic-tmp-15a-elektriska-pneimatiska-termoprese\/\" \/>\n<meta property=\"og:site_name\" content=\"WMT Baltic\" \/>\n<meta property=\"article:publisher\" content=\"https:\/\/www.facebook.com\/WMT.Baltic.viscom\/?locale=lv_LV\" \/>\n<meta property=\"article:modified_time\" content=\"2023-11-21T11:37:13+00:00\" \/>\n<meta property=\"og:image\" content=\"http:\/\/wmtbaltic.lv\/wp-content\/uploads\/2023\/11\/TMP-15-h.jpg\" \/>\n\t<meta property=\"og:image:width\" content=\"401\" \/>\n\t<meta property=\"og:image:height\" content=\"332\" \/>\n\t<meta property=\"og:image:type\" content=\"image\/jpeg\" \/>\n<meta name=\"twitter:card\" content=\"summary_large_image\" \/>\n<meta name=\"twitter:label1\" content=\"Est. reading time\" \/>\n\t<meta name=\"twitter:data1\" content=\"1 minute\" \/>\n<script type=\"application\/ld+json\" class=\"yoast-schema-graph\">{\"@context\":\"https:\\\/\\\/schema.org\",\"@graph\":[{\"@type\":\"WebPage\",\"@id\":\"https:\\\/\\\/wmtbaltic.lv\\\/Produkts\\\/transmatic-tmp-15a-elektriska-pneimatiska-termoprese\\\/\",\"url\":\"https:\\\/\\\/wmtbaltic.lv\\\/Produkts\\\/transmatic-tmp-15a-elektriska-pneimatiska-termoprese\\\/\",\"name\":\"Transmatic TMP 15A elektrisk\u0101 pneimatisk\u0101 termoprese - WMT Baltic\",\"isPartOf\":{\"@id\":\"https:\\\/\\\/wmtbaltic.lv\\\/#website\"},\"primaryImageOfPage\":{\"@id\":\"https:\\\/\\\/wmtbaltic.lv\\\/Produkts\\\/transmatic-tmp-15a-elektriska-pneimatiska-termoprese\\\/#primaryimage\"},\"image\":{\"@id\":\"https:\\\/\\\/wmtbaltic.lv\\\/Produkts\\\/transmatic-tmp-15a-elektriska-pneimatiska-termoprese\\\/#primaryimage\"},\"thumbnailUrl\":\"https:\\\/\\\/wmtbaltic.lv\\\/wp-content\\\/uploads\\\/2023\\\/11\\\/TMP-15-h.jpg\",\"datePublished\":\"2023-11-21T11:31:29+00:00\",\"dateModified\":\"2023-11-21T11:37:13+00:00\",\"description\":\"Pneimatisk\u0101 prese ar autom\u0101tisku aug\u0161\u0113j\u0101s pl\u0101ksnes atv\u0113r\u0161anu un aizv\u0113r\u0161anu ar k\u0101jas ped\u0101li.\u00a0Tas ir apr\u012bkots ar roku dro\u0161\u012bbas ier\u012bci. Nopirkt R\u012bga\",\"breadcrumb\":{\"@id\":\"https:\\\/\\\/wmtbaltic.lv\\\/Produkts\\\/transmatic-tmp-15a-elektriska-pneimatiska-termoprese\\\/#breadcrumb\"},\"inLanguage\":\"en-US\",\"potentialAction\":[{\"@type\":\"ReadAction\",\"target\":[\"https:\\\/\\\/wmtbaltic.lv\\\/Produkts\\\/transmatic-tmp-15a-elektriska-pneimatiska-termoprese\\\/\"]}]},{\"@type\":\"ImageObject\",\"inLanguage\":\"en-US\",\"@id\":\"https:\\\/\\\/wmtbaltic.lv\\\/Produkts\\\/transmatic-tmp-15a-elektriska-pneimatiska-termoprese\\\/#primaryimage\",\"url\":\"https:\\\/\\\/wmtbaltic.lv\\\/wp-content\\\/uploads\\\/2023\\\/11\\\/TMP-15-h.jpg\",\"contentUrl\":\"https:\\\/\\\/wmtbaltic.lv\\\/wp-content\\\/uploads\\\/2023\\\/11\\\/TMP-15-h.jpg\",\"width\":401,\"height\":332},{\"@type\":\"BreadcrumbList\",\"@id\":\"https:\\\/\\\/wmtbaltic.lv\\\/Produkts\\\/transmatic-tmp-15a-elektriska-pneimatiska-termoprese\\\/#breadcrumb\",\"itemListElement\":[{\"@type\":\"ListItem\",\"position\":1,\"name\":\"Home\",\"item\":\"https:\\\/\\\/wmtbaltic.lv\\\/en\\\/\"},{\"@type\":\"ListItem\",\"position\":2,\"name\":\"Shop\",\"item\":\"https:\\\/\\\/wmtbaltic.lv\\\/shop\\\/\"},{\"@type\":\"ListItem\",\"position\":3,\"name\":\"Transmatic TMP 15A elektrisk\u0101 pneimatisk\u0101 termoprese\"}]},{\"@type\":\"WebSite\",\"@id\":\"https:\\\/\\\/wmtbaltic.lv\\\/#website\",\"url\":\"https:\\\/\\\/wmtbaltic.lv\\\/\",\"name\":\"WMT Baltic\",\"description\":\"Rekl\u0101mas produkti, pl\u0113ves\",\"publisher\":{\"@id\":\"https:\\\/\\\/wmtbaltic.lv\\\/#organization\"},\"potentialAction\":[{\"@type\":\"SearchAction\",\"target\":{\"@type\":\"EntryPoint\",\"urlTemplate\":\"https:\\\/\\\/wmtbaltic.lv\\\/?s={search_term_string}\"},\"query-input\":{\"@type\":\"PropertyValueSpecification\",\"valueRequired\":true,\"valueName\":\"search_term_string\"}}],\"inLanguage\":\"en-US\"},{\"@type\":\"Organization\",\"@id\":\"https:\\\/\\\/wmtbaltic.lv\\\/#organization\",\"name\":\"WMT Baltic\",\"url\":\"https:\\\/\\\/wmtbaltic.lv\\\/\",\"logo\":{\"@type\":\"ImageObject\",\"inLanguage\":\"en-US\",\"@id\":\"https:\\\/\\\/wmtbaltic.lv\\\/#\\\/schema\\\/logo\\\/image\\\/\",\"url\":\"https:\\\/\\\/wmtbaltic.lv\\\/wp-content\\\/uploads\\\/2024\\\/12\\\/wmt-baltic-sia_107142_9_420x180.jpg\",\"contentUrl\":\"https:\\\/\\\/wmtbaltic.lv\\\/wp-content\\\/uploads\\\/2024\\\/12\\\/wmt-baltic-sia_107142_9_420x180.jpg\",\"width\":420,\"height\":180,\"caption\":\"WMT Baltic\"},\"image\":{\"@id\":\"https:\\\/\\\/wmtbaltic.lv\\\/#\\\/schema\\\/logo\\\/image\\\/\"},\"sameAs\":[\"https:\\\/\\\/www.facebook.com\\\/WMT.Baltic.viscom\\\/?locale=lv_LV\",\"https:\\\/\\\/www.instagram.com\\\/viscom_wmt\\\/\"]}]}<\/script>\n<!-- \/ Yoast SEO plugin. -->","yoast_head_json":{"title":"Transmatic TMP 15A elektrisk\u0101 pneimatisk\u0101 termoprese - WMT Baltic","description":"Pneimatisk\u0101 prese ar autom\u0101tisku aug\u0161\u0113j\u0101s pl\u0101ksnes atv\u0113r\u0161anu un aizv\u0113r\u0161anu ar k\u0101jas ped\u0101li.\u00a0Tas ir apr\u012bkots ar roku dro\u0161\u012bbas ier\u012bci. Nopirkt R\u012bga","robots":{"index":"index","follow":"follow","max-snippet":"max-snippet:-1","max-image-preview":"max-image-preview:large","max-video-preview":"max-video-preview:-1"},"canonical":"https:\/\/wmtbaltic.lv\/Produkts\/transmatic-tmp-15a-elektriska-pneimatiska-termoprese\/","og_locale":"en_US","og_type":"article","og_title":"Transmatic TMP 15A elektrisk\u0101 pneimatisk\u0101 termoprese - WMT Baltic","og_description":"Pneimatisk\u0101 prese ar autom\u0101tisku aug\u0161\u0113j\u0101s pl\u0101ksnes atv\u0113r\u0161anu un aizv\u0113r\u0161anu ar k\u0101jas ped\u0101li.\u00a0Tas ir apr\u012bkots ar roku dro\u0161\u012bbas ier\u012bci. Nopirkt R\u012bga","og_url":"https:\/\/wmtbaltic.lv\/Produkts\/transmatic-tmp-15a-elektriska-pneimatiska-termoprese\/","og_site_name":"WMT Baltic","article_publisher":"https:\/\/www.facebook.com\/WMT.Baltic.viscom\/?locale=lv_LV","article_modified_time":"2023-11-21T11:37:13+00:00","og_image":[{"width":401,"height":332,"url":"http:\/\/wmtbaltic.lv\/wp-content\/uploads\/2023\/11\/TMP-15-h.jpg","type":"image\/jpeg"}],"twitter_card":"summary_large_image","twitter_misc":{"Est. reading time":"1 minute"},"schema":{"@context":"https:\/\/schema.org","@graph":[{"@type":"WebPage","@id":"https:\/\/wmtbaltic.lv\/Produkts\/transmatic-tmp-15a-elektriska-pneimatiska-termoprese\/","url":"https:\/\/wmtbaltic.lv\/Produkts\/transmatic-tmp-15a-elektriska-pneimatiska-termoprese\/","name":"Transmatic TMP 15A elektrisk\u0101 pneimatisk\u0101 termoprese - WMT Baltic","isPartOf":{"@id":"https:\/\/wmtbaltic.lv\/#website"},"primaryImageOfPage":{"@id":"https:\/\/wmtbaltic.lv\/Produkts\/transmatic-tmp-15a-elektriska-pneimatiska-termoprese\/#primaryimage"},"image":{"@id":"https:\/\/wmtbaltic.lv\/Produkts\/transmatic-tmp-15a-elektriska-pneimatiska-termoprese\/#primaryimage"},"thumbnailUrl":"https:\/\/wmtbaltic.lv\/wp-content\/uploads\/2023\/11\/TMP-15-h.jpg","datePublished":"2023-11-21T11:31:29+00:00","dateModified":"2023-11-21T11:37:13+00:00","description":"Pneimatisk\u0101 prese ar autom\u0101tisku aug\u0161\u0113j\u0101s pl\u0101ksnes atv\u0113r\u0161anu un aizv\u0113r\u0161anu ar k\u0101jas ped\u0101li.\u00a0Tas ir apr\u012bkots ar roku dro\u0161\u012bbas ier\u012bci. Nopirkt R\u012bga","breadcrumb":{"@id":"https:\/\/wmtbaltic.lv\/Produkts\/transmatic-tmp-15a-elektriska-pneimatiska-termoprese\/#breadcrumb"},"inLanguage":"en-US","potentialAction":[{"@type":"ReadAction","target":["https:\/\/wmtbaltic.lv\/Produkts\/transmatic-tmp-15a-elektriska-pneimatiska-termoprese\/"]}]},{"@type":"ImageObject","inLanguage":"en-US","@id":"https:\/\/wmtbaltic.lv\/Produkts\/transmatic-tmp-15a-elektriska-pneimatiska-termoprese\/#primaryimage","url":"https:\/\/wmtbaltic.lv\/wp-content\/uploads\/2023\/11\/TMP-15-h.jpg","contentUrl":"https:\/\/wmtbaltic.lv\/wp-content\/uploads\/2023\/11\/TMP-15-h.jpg","width":401,"height":332},{"@type":"BreadcrumbList","@id":"https:\/\/wmtbaltic.lv\/Produkts\/transmatic-tmp-15a-elektriska-pneimatiska-termoprese\/#breadcrumb","itemListElement":[{"@type":"ListItem","position":1,"name":"Home","item":"https:\/\/wmtbaltic.lv\/en\/"},{"@type":"ListItem","position":2,"name":"Shop","item":"https:\/\/wmtbaltic.lv\/shop\/"},{"@type":"ListItem","position":3,"name":"Transmatic TMP 15A elektrisk\u0101 pneimatisk\u0101 termoprese"}]},{"@type":"WebSite","@id":"https:\/\/wmtbaltic.lv\/#website","url":"https:\/\/wmtbaltic.lv\/","name":"WMT Baltic","description":"Rekl\u0101mas produkti, pl\u0113ves","publisher":{"@id":"https:\/\/wmtbaltic.lv\/#organization"},"potentialAction":[{"@type":"SearchAction","target":{"@type":"EntryPoint","urlTemplate":"https:\/\/wmtbaltic.lv\/?s={search_term_string}"},"query-input":{"@type":"PropertyValueSpecification","valueRequired":true,"valueName":"search_term_string"}}],"inLanguage":"en-US"},{"@type":"Organization","@id":"https:\/\/wmtbaltic.lv\/#organization","name":"WMT Baltic","url":"https:\/\/wmtbaltic.lv\/","logo":{"@type":"ImageObject","inLanguage":"en-US","@id":"https:\/\/wmtbaltic.lv\/#\/schema\/logo\/image\/","url":"https:\/\/wmtbaltic.lv\/wp-content\/uploads\/2024\/12\/wmt-baltic-sia_107142_9_420x180.jpg","contentUrl":"https:\/\/wmtbaltic.lv\/wp-content\/uploads\/2024\/12\/wmt-baltic-sia_107142_9_420x180.jpg","width":420,"height":180,"caption":"WMT Baltic"},"image":{"@id":"https:\/\/wmtbaltic.lv\/#\/schema\/logo\/image\/"},"sameAs":["https:\/\/www.facebook.com\/WMT.Baltic.viscom\/?locale=lv_LV","https:\/\/www.instagram.com\/viscom_wmt\/"]}]}},"_links":{"self":[{"href":"https:\/\/wmtbaltic.lv\/en\/wp-json\/wp\/v2\/product\/15965","targetHints":{"allow":["GET"]}}],"collection":[{"href":"https:\/\/wmtbaltic.lv\/en\/wp-json\/wp\/v2\/product"}],"about":[{"href":"https:\/\/wmtbaltic.lv\/en\/wp-json\/wp\/v2\/types\/product"}],"wp:featuredmedia":[{"embeddable":true,"href":"https:\/\/wmtbaltic.lv\/en\/wp-json\/wp\/v2\/media\/15967"}],"wp:attachment":[{"href":"https:\/\/wmtbaltic.lv\/en\/wp-json\/wp\/v2\/media?parent=15965"}],"wp:term":[{"taxonomy":"product_brand","embeddable":true,"href":"https:\/\/wmtbaltic.lv\/en\/wp-json\/wp\/v2\/product_brand?post=15965"},{"taxonomy":"product_cat","embeddable":true,"href":"https:\/\/wmtbaltic.lv\/en\/wp-json\/wp\/v2\/product_cat?post=15965"},{"taxonomy":"product_tag","embeddable":true,"href":"https:\/\/wmtbaltic.lv\/en\/wp-json\/wp\/v2\/product_tag?post=15965"}],"curies":[{"name":"wp","href":"https:\/\/api.w.org\/{rel}","templated":true}]}}