{"id":15960,"date":"2023-11-21T11:18:24","date_gmt":"2023-11-21T11:18:24","guid":{"rendered":"https:\/\/wmtbaltic.lv\/?post_type=product&#038;p=15960"},"modified":"2023-11-24T09:26:06","modified_gmt":"2023-11-24T09:26:06","slug":"transmatic-tmp-17-elektriska-pneimatiska-termoprese","status":"publish","type":"product","link":"https:\/\/wmtbaltic.lv\/en\/product\/transmatic-tmp-17-elektriska-pneimatiska-termoprese\/","title":{"rendered":"Transmatic TMP 17 elektrisk\u0101 pneimatisk\u0101 termoprese"},"content":{"rendered":"<p>Pneimatisk\u0101 termoprese ar rot\u0113jo\u0161u galvu, kas nodro\u0161ina liel\u0101ku ra\u017eo\u0161anas apjomu. Divas stacijas pal\u012bdz p\u0101rn\u0113s\u0101t un sagatavot otru ap\u0123\u0113rba gabalu, nospie\u017eot otru gabalu. Laika un temperat\u016bras regul\u0113\u0161ana funkcija. Autom\u0101tisk\u0101 visu veidu v\u0101ci\u0146u blo\u0137\u0113\u0161anas sist\u0113ma.<\/p>\n<p><strong>Specifik\u0101cija:<\/strong><\/p>\n<p>\u2013 Darba galda izm\u0113rs: 15\u00d710 cm<\/p>\n<p>\u2013 Spriegums: 230V vienf\u0101zes<\/p>\n<p>\u2013 Elektr\u012bbas pat\u0113ri\u0146\u0161: KW 0,4<\/p>\n<p>\u2013 Ener\u0123ijas pat\u0113ri\u0146\u0161\/h: KW\/h 0,25<\/p>\n<p>\u2013 Temperat\u016bra: 50-255\u00b0C<\/p>\n<p>\u2013 Regul\u0113jams laiks: 0-999,9 sek.<\/p>\n<p>\u2013 Spiediens: 800-400 gr\/cm2<\/p>\n<p>\u2013 Neto svars: 45,5 kg<\/p>\n<p>&nbsp;<\/p>\n<p><a href=\"http:\/\/wmtbaltic.lv\/wp-content\/uploads\/2023\/11\/Brosura-Transmatic-TMP-17-elektriska-pneimatiska-termoprese.pdf\">Bro\u0161\u016bra Transmatic TMP 17 elektrisk\u0101 pneimatisk\u0101 termoprese<\/a><\/p>\n","protected":false},"excerpt":{"rendered":"Pneimatisk\u0101 termoprese ar rot\u0113jo\u0161u galvu, kas nodro\u0161ina liel\u0101ku ra\u017eo\u0161anas apjomu. Divas stacijas pal\u012bdz p\u0101rn\u0113s\u0101t un sagatavot otru ap\u0123\u0113rba gabalu, nospie\u017eot otru gabalu.\u00a0 Autom\u0101tiska visu veidu v\u0101ci\u0146u blo\u0137\u0113\u0161anas sist\u0113ma.","protected":false},"featured_media":15961,"template":"","meta":[],"product_brand":[],"product_cat":[258,244,260],"product_tag":[536,532,529,535],"class_list":{"0":"post-15960","1":"product","2":"type-product","3":"status-publish","4":"has-post-thumbnail","6":"product_cat-iekartas-un-izejmateriali","7":"product_cat-specialas-termopreses","8":"product_cat-termopreses-iekartas-un-izejmateriali","9":"product_tag-elektriska","10":"product_tag-termoparnese","11":"product_tag-termoprese","12":"product_tag-transmatic","14":"first","15":"instock","16":"shipping-taxable","17":"product-type-simple"},"yoast_head":"<!-- This site is optimized with the Yoast SEO plugin v27.5 - https:\/\/yoast.com\/product\/yoast-seo-wordpress\/ -->\n<title>Transmatic TMP 17 elektrisk\u0101 pneimatisk\u0101 termoprese - WMT Baltic<\/title>\n<meta name=\"robots\" content=\"index, follow, max-snippet:-1, max-image-preview:large, max-video-preview:-1\" \/>\n<link rel=\"canonical\" href=\"https:\/\/wmtbaltic.lv\/Produkts\/transmatic-tmp-17-elektriska-pneimatiska-termoprese\/\" \/>\n<meta property=\"og:locale\" content=\"en_US\" \/>\n<meta property=\"og:type\" content=\"article\" \/>\n<meta property=\"og:title\" content=\"Transmatic TMP 17 elektrisk\u0101 pneimatisk\u0101 termoprese - WMT Baltic\" \/>\n<meta property=\"og:description\" content=\"Pneimatisk\u0101 termoprese ar rot\u0113jo\u0161u galvu, kas nodro\u0161ina liel\u0101ku ra\u017eo\u0161anas apjomu. Divas stacijas pal\u012bdz p\u0101rn\u0113s\u0101t un sagatavot otru ap\u0123\u0113rba gabalu, nospie\u017eot otru gabalu.\u00a0 Autom\u0101tiska visu veidu v\u0101ci\u0146u blo\u0137\u0113\u0161anas sist\u0113ma.\" \/>\n<meta property=\"og:url\" content=\"https:\/\/wmtbaltic.lv\/Produkts\/transmatic-tmp-17-elektriska-pneimatiska-termoprese\/\" \/>\n<meta property=\"og:site_name\" content=\"WMT Baltic\" \/>\n<meta property=\"article:publisher\" content=\"https:\/\/www.facebook.com\/WMT.Baltic.viscom\/?locale=lv_LV\" \/>\n<meta property=\"article:modified_time\" content=\"2023-11-24T09:26:06+00:00\" \/>\n<meta property=\"og:image\" content=\"http:\/\/wmtbaltic.lv\/wp-content\/uploads\/2023\/11\/TMP-17-T.jpg\" \/>\n\t<meta property=\"og:image:width\" content=\"2500\" \/>\n\t<meta property=\"og:image:height\" content=\"1875\" \/>\n\t<meta property=\"og:image:type\" content=\"image\/jpeg\" \/>\n<meta name=\"twitter:card\" content=\"summary_large_image\" \/>\n<meta name=\"twitter:label1\" content=\"Est. reading time\" \/>\n\t<meta name=\"twitter:data1\" content=\"1 minute\" \/>\n<script type=\"application\/ld+json\" class=\"yoast-schema-graph\">{\"@context\":\"https:\\\/\\\/schema.org\",\"@graph\":[{\"@type\":\"WebPage\",\"@id\":\"https:\\\/\\\/wmtbaltic.lv\\\/Produkts\\\/transmatic-tmp-17-elektriska-pneimatiska-termoprese\\\/\",\"url\":\"https:\\\/\\\/wmtbaltic.lv\\\/Produkts\\\/transmatic-tmp-17-elektriska-pneimatiska-termoprese\\\/\",\"name\":\"Transmatic TMP 17 elektrisk\u0101 pneimatisk\u0101 termoprese - WMT Baltic\",\"isPartOf\":{\"@id\":\"https:\\\/\\\/wmtbaltic.lv\\\/#website\"},\"primaryImageOfPage\":{\"@id\":\"https:\\\/\\\/wmtbaltic.lv\\\/Produkts\\\/transmatic-tmp-17-elektriska-pneimatiska-termoprese\\\/#primaryimage\"},\"image\":{\"@id\":\"https:\\\/\\\/wmtbaltic.lv\\\/Produkts\\\/transmatic-tmp-17-elektriska-pneimatiska-termoprese\\\/#primaryimage\"},\"thumbnailUrl\":\"https:\\\/\\\/wmtbaltic.lv\\\/wp-content\\\/uploads\\\/2023\\\/11\\\/TMP-17-T.jpg\",\"datePublished\":\"2023-11-21T11:18:24+00:00\",\"dateModified\":\"2023-11-24T09:26:06+00:00\",\"breadcrumb\":{\"@id\":\"https:\\\/\\\/wmtbaltic.lv\\\/Produkts\\\/transmatic-tmp-17-elektriska-pneimatiska-termoprese\\\/#breadcrumb\"},\"inLanguage\":\"en-US\",\"potentialAction\":[{\"@type\":\"ReadAction\",\"target\":[\"https:\\\/\\\/wmtbaltic.lv\\\/Produkts\\\/transmatic-tmp-17-elektriska-pneimatiska-termoprese\\\/\"]}]},{\"@type\":\"ImageObject\",\"inLanguage\":\"en-US\",\"@id\":\"https:\\\/\\\/wmtbaltic.lv\\\/Produkts\\\/transmatic-tmp-17-elektriska-pneimatiska-termoprese\\\/#primaryimage\",\"url\":\"https:\\\/\\\/wmtbaltic.lv\\\/wp-content\\\/uploads\\\/2023\\\/11\\\/TMP-17-T.jpg\",\"contentUrl\":\"https:\\\/\\\/wmtbaltic.lv\\\/wp-content\\\/uploads\\\/2023\\\/11\\\/TMP-17-T.jpg\",\"width\":2500,\"height\":1875},{\"@type\":\"BreadcrumbList\",\"@id\":\"https:\\\/\\\/wmtbaltic.lv\\\/Produkts\\\/transmatic-tmp-17-elektriska-pneimatiska-termoprese\\\/#breadcrumb\",\"itemListElement\":[{\"@type\":\"ListItem\",\"position\":1,\"name\":\"Home\",\"item\":\"https:\\\/\\\/wmtbaltic.lv\\\/en\\\/\"},{\"@type\":\"ListItem\",\"position\":2,\"name\":\"Shop\",\"item\":\"https:\\\/\\\/wmtbaltic.lv\\\/shop\\\/\"},{\"@type\":\"ListItem\",\"position\":3,\"name\":\"Transmatic TMP 17 elektrisk\u0101 pneimatisk\u0101 termoprese\"}]},{\"@type\":\"WebSite\",\"@id\":\"https:\\\/\\\/wmtbaltic.lv\\\/#website\",\"url\":\"https:\\\/\\\/wmtbaltic.lv\\\/\",\"name\":\"WMT Baltic\",\"description\":\"Rekl\u0101mas produkti, pl\u0113ves\",\"publisher\":{\"@id\":\"https:\\\/\\\/wmtbaltic.lv\\\/#organization\"},\"potentialAction\":[{\"@type\":\"SearchAction\",\"target\":{\"@type\":\"EntryPoint\",\"urlTemplate\":\"https:\\\/\\\/wmtbaltic.lv\\\/?s={search_term_string}\"},\"query-input\":{\"@type\":\"PropertyValueSpecification\",\"valueRequired\":true,\"valueName\":\"search_term_string\"}}],\"inLanguage\":\"en-US\"},{\"@type\":\"Organization\",\"@id\":\"https:\\\/\\\/wmtbaltic.lv\\\/#organization\",\"name\":\"WMT Baltic\",\"url\":\"https:\\\/\\\/wmtbaltic.lv\\\/\",\"logo\":{\"@type\":\"ImageObject\",\"inLanguage\":\"en-US\",\"@id\":\"https:\\\/\\\/wmtbaltic.lv\\\/#\\\/schema\\\/logo\\\/image\\\/\",\"url\":\"https:\\\/\\\/wmtbaltic.lv\\\/wp-content\\\/uploads\\\/2024\\\/12\\\/wmt-baltic-sia_107142_9_420x180.jpg\",\"contentUrl\":\"https:\\\/\\\/wmtbaltic.lv\\\/wp-content\\\/uploads\\\/2024\\\/12\\\/wmt-baltic-sia_107142_9_420x180.jpg\",\"width\":420,\"height\":180,\"caption\":\"WMT Baltic\"},\"image\":{\"@id\":\"https:\\\/\\\/wmtbaltic.lv\\\/#\\\/schema\\\/logo\\\/image\\\/\"},\"sameAs\":[\"https:\\\/\\\/www.facebook.com\\\/WMT.Baltic.viscom\\\/?locale=lv_LV\",\"https:\\\/\\\/www.instagram.com\\\/viscom_wmt\\\/\"]}]}<\/script>\n<!-- \/ Yoast SEO plugin. -->","yoast_head_json":{"title":"Transmatic TMP 17 elektrisk\u0101 pneimatisk\u0101 termoprese - WMT Baltic","robots":{"index":"index","follow":"follow","max-snippet":"max-snippet:-1","max-image-preview":"max-image-preview:large","max-video-preview":"max-video-preview:-1"},"canonical":"https:\/\/wmtbaltic.lv\/Produkts\/transmatic-tmp-17-elektriska-pneimatiska-termoprese\/","og_locale":"en_US","og_type":"article","og_title":"Transmatic TMP 17 elektrisk\u0101 pneimatisk\u0101 termoprese - WMT Baltic","og_description":"Pneimatisk\u0101 termoprese ar rot\u0113jo\u0161u galvu, kas nodro\u0161ina liel\u0101ku ra\u017eo\u0161anas apjomu. Divas stacijas pal\u012bdz p\u0101rn\u0113s\u0101t un sagatavot otru ap\u0123\u0113rba gabalu, nospie\u017eot otru gabalu.\u00a0 Autom\u0101tiska visu veidu v\u0101ci\u0146u blo\u0137\u0113\u0161anas sist\u0113ma.","og_url":"https:\/\/wmtbaltic.lv\/Produkts\/transmatic-tmp-17-elektriska-pneimatiska-termoprese\/","og_site_name":"WMT Baltic","article_publisher":"https:\/\/www.facebook.com\/WMT.Baltic.viscom\/?locale=lv_LV","article_modified_time":"2023-11-24T09:26:06+00:00","og_image":[{"width":2500,"height":1875,"url":"http:\/\/wmtbaltic.lv\/wp-content\/uploads\/2023\/11\/TMP-17-T.jpg","type":"image\/jpeg"}],"twitter_card":"summary_large_image","twitter_misc":{"Est. reading time":"1 minute"},"schema":{"@context":"https:\/\/schema.org","@graph":[{"@type":"WebPage","@id":"https:\/\/wmtbaltic.lv\/Produkts\/transmatic-tmp-17-elektriska-pneimatiska-termoprese\/","url":"https:\/\/wmtbaltic.lv\/Produkts\/transmatic-tmp-17-elektriska-pneimatiska-termoprese\/","name":"Transmatic TMP 17 elektrisk\u0101 pneimatisk\u0101 termoprese - WMT Baltic","isPartOf":{"@id":"https:\/\/wmtbaltic.lv\/#website"},"primaryImageOfPage":{"@id":"https:\/\/wmtbaltic.lv\/Produkts\/transmatic-tmp-17-elektriska-pneimatiska-termoprese\/#primaryimage"},"image":{"@id":"https:\/\/wmtbaltic.lv\/Produkts\/transmatic-tmp-17-elektriska-pneimatiska-termoprese\/#primaryimage"},"thumbnailUrl":"https:\/\/wmtbaltic.lv\/wp-content\/uploads\/2023\/11\/TMP-17-T.jpg","datePublished":"2023-11-21T11:18:24+00:00","dateModified":"2023-11-24T09:26:06+00:00","breadcrumb":{"@id":"https:\/\/wmtbaltic.lv\/Produkts\/transmatic-tmp-17-elektriska-pneimatiska-termoprese\/#breadcrumb"},"inLanguage":"en-US","potentialAction":[{"@type":"ReadAction","target":["https:\/\/wmtbaltic.lv\/Produkts\/transmatic-tmp-17-elektriska-pneimatiska-termoprese\/"]}]},{"@type":"ImageObject","inLanguage":"en-US","@id":"https:\/\/wmtbaltic.lv\/Produkts\/transmatic-tmp-17-elektriska-pneimatiska-termoprese\/#primaryimage","url":"https:\/\/wmtbaltic.lv\/wp-content\/uploads\/2023\/11\/TMP-17-T.jpg","contentUrl":"https:\/\/wmtbaltic.lv\/wp-content\/uploads\/2023\/11\/TMP-17-T.jpg","width":2500,"height":1875},{"@type":"BreadcrumbList","@id":"https:\/\/wmtbaltic.lv\/Produkts\/transmatic-tmp-17-elektriska-pneimatiska-termoprese\/#breadcrumb","itemListElement":[{"@type":"ListItem","position":1,"name":"Home","item":"https:\/\/wmtbaltic.lv\/en\/"},{"@type":"ListItem","position":2,"name":"Shop","item":"https:\/\/wmtbaltic.lv\/shop\/"},{"@type":"ListItem","position":3,"name":"Transmatic TMP 17 elektrisk\u0101 pneimatisk\u0101 termoprese"}]},{"@type":"WebSite","@id":"https:\/\/wmtbaltic.lv\/#website","url":"https:\/\/wmtbaltic.lv\/","name":"WMT Baltic","description":"Rekl\u0101mas produkti, pl\u0113ves","publisher":{"@id":"https:\/\/wmtbaltic.lv\/#organization"},"potentialAction":[{"@type":"SearchAction","target":{"@type":"EntryPoint","urlTemplate":"https:\/\/wmtbaltic.lv\/?s={search_term_string}"},"query-input":{"@type":"PropertyValueSpecification","valueRequired":true,"valueName":"search_term_string"}}],"inLanguage":"en-US"},{"@type":"Organization","@id":"https:\/\/wmtbaltic.lv\/#organization","name":"WMT Baltic","url":"https:\/\/wmtbaltic.lv\/","logo":{"@type":"ImageObject","inLanguage":"en-US","@id":"https:\/\/wmtbaltic.lv\/#\/schema\/logo\/image\/","url":"https:\/\/wmtbaltic.lv\/wp-content\/uploads\/2024\/12\/wmt-baltic-sia_107142_9_420x180.jpg","contentUrl":"https:\/\/wmtbaltic.lv\/wp-content\/uploads\/2024\/12\/wmt-baltic-sia_107142_9_420x180.jpg","width":420,"height":180,"caption":"WMT Baltic"},"image":{"@id":"https:\/\/wmtbaltic.lv\/#\/schema\/logo\/image\/"},"sameAs":["https:\/\/www.facebook.com\/WMT.Baltic.viscom\/?locale=lv_LV","https:\/\/www.instagram.com\/viscom_wmt\/"]}]}},"_links":{"self":[{"href":"https:\/\/wmtbaltic.lv\/en\/wp-json\/wp\/v2\/product\/15960","targetHints":{"allow":["GET"]}}],"collection":[{"href":"https:\/\/wmtbaltic.lv\/en\/wp-json\/wp\/v2\/product"}],"about":[{"href":"https:\/\/wmtbaltic.lv\/en\/wp-json\/wp\/v2\/types\/product"}],"wp:featuredmedia":[{"embeddable":true,"href":"https:\/\/wmtbaltic.lv\/en\/wp-json\/wp\/v2\/media\/15961"}],"wp:attachment":[{"href":"https:\/\/wmtbaltic.lv\/en\/wp-json\/wp\/v2\/media?parent=15960"}],"wp:term":[{"taxonomy":"product_brand","embeddable":true,"href":"https:\/\/wmtbaltic.lv\/en\/wp-json\/wp\/v2\/product_brand?post=15960"},{"taxonomy":"product_cat","embeddable":true,"href":"https:\/\/wmtbaltic.lv\/en\/wp-json\/wp\/v2\/product_cat?post=15960"},{"taxonomy":"product_tag","embeddable":true,"href":"https:\/\/wmtbaltic.lv\/en\/wp-json\/wp\/v2\/product_tag?post=15960"}],"curies":[{"name":"wp","href":"https:\/\/api.w.org\/{rel}","templated":true}]}}