{"id":15955,"date":"2023-11-21T10:28:49","date_gmt":"2023-11-21T10:28:49","guid":{"rendered":"https:\/\/wmtbaltic.lv\/?post_type=product&#038;p=15955"},"modified":"2023-11-24T07:28:23","modified_gmt":"2023-11-24T07:28:23","slug":"transmatic-tmp-4-elektriska-pneimatiska-termoprese","status":"publish","type":"product","link":"https:\/\/wmtbaltic.lv\/en\/product\/transmatic-tmp-4-elektriska-pneimatiska-termoprese\/","title":{"rendered":"Transmatic TMP 4 elektrisk\u0101 pneimatisk\u0101 termoprese"},"content":{"rendered":"<p><strong>Termoprese TMP 4<\/strong><\/p>\n<p>Pneimatisk\u0101 termoprese ar rot\u0113jo\u0161u galvu, kas nodro\u0161ina liel\u0101ku ra\u017eo\u0161anas apjomu. Divas stacijas pal\u012bdz p\u0101rn\u0113s\u0101t un sagatavot otru ap\u0123\u0113rba gabalu, nospie\u017eot otru gabalu. Elektronisk\u0101 laika un temperat\u016bras regul\u0113\u0161ana funkcija.Iesp\u0113jamo k\u013c\u016bdu autom\u0101tiska regul\u0113\u0161ana. Main\u0101mas pl\u0101ksnes (10,5 x 15 cm vai 10 x 4,5 cm).<\/p>\n<p><strong><span style=\"font-size: large;\">Tehnisk\u0101 inform\u0101cija:<\/span><\/strong><\/p>\n<p>&#8211; Darba galda izm\u0113rs: 15\u00d715 cm<\/p>\n<p>&#8211; Spriegums: 230V vienf\u0101zes<\/p>\n<p>&#8211; Elektr\u012bbas pat\u0113ri\u0146\u0161: KW 0,4<\/p>\n<p>&#8211; Ener\u0123ijas pat\u0113ri\u0146\u0161\/h: KW\/h 0,25<\/p>\n<p>&#8211; Temperat\u016bra: 50-255\u00b0C<\/p>\n<p>&#8211; Regul\u0113jams laiks: 0-999,9 sek.<\/p>\n<p>&#8211; Spiediens: 800-400 gr\/cm2<\/p>\n<p>&#8211; Neto svars: 45,5 kg<\/p>\n<p><a href=\"http:\/\/wmtbaltic.lv\/wp-content\/uploads\/2023\/11\/Brosura-Transmatic-TMP-4-elektriska-pneimatiska-termoprese.pdf\">Bro\u0161\u016bra Transmatic TMP 4 elektrisk\u0101 pneimatisk\u0101 termoprese<\/a><\/p>\n","protected":false},"excerpt":{"rendered":"Pneimatisk\u0101 termuprese ar rot\u0113jo\u0161u galvu, kas nodro\u0161ina liel\u0101ku ra\u017eo\u0161anas apjomu. Divas stacijas pal\u012bdz p\u0101rn\u0113s\u0101t un sagatavot otru ap\u0123\u0113rba gabalu, nospie\u017eot otru gabalu. Elektronisk\u0101 laika un temperat\u016bras regul\u0113\u0161ana funkcija. Main\u0101mas pl\u0101ksnes (10,5 x 15 cm vai 10 x 4,5 cm).","protected":false},"featured_media":15956,"template":"","meta":[],"product_brand":[],"product_cat":[258,428,260],"product_tag":[536,532,529,535],"class_list":{"0":"post-15955","1":"product","2":"type-product","3":"status-publish","4":"has-post-thumbnail","6":"product_cat-iekartas-un-izejmateriali","7":"product_cat-plakanas-automatiskas-termopreses","8":"product_cat-termopreses-iekartas-un-izejmateriali","9":"product_tag-elektriska","10":"product_tag-termoparnese","11":"product_tag-termoprese","12":"product_tag-transmatic","14":"first","15":"instock","16":"shipping-taxable","17":"product-type-simple"},"yoast_head":"<!-- This site is optimized with the Yoast SEO plugin v27.5 - https:\/\/yoast.com\/product\/yoast-seo-wordpress\/ -->\n<title>Transmatic TMP 4 elektrisk\u0101 pneimatisk\u0101 termoprese - WMT Baltic<\/title>\n<meta name=\"robots\" content=\"index, follow, max-snippet:-1, max-image-preview:large, max-video-preview:-1\" \/>\n<link rel=\"canonical\" href=\"https:\/\/wmtbaltic.lv\/Produkts\/transmatic-tmp-4-elektriska-pneimatiska-termoprese\/\" \/>\n<meta property=\"og:locale\" content=\"en_US\" \/>\n<meta property=\"og:type\" content=\"article\" \/>\n<meta property=\"og:title\" content=\"Transmatic TMP 4 elektrisk\u0101 pneimatisk\u0101 termoprese - WMT Baltic\" \/>\n<meta property=\"og:description\" content=\"Pneimatisk\u0101 termuprese ar rot\u0113jo\u0161u galvu, kas nodro\u0161ina liel\u0101ku ra\u017eo\u0161anas apjomu. Divas stacijas pal\u012bdz p\u0101rn\u0113s\u0101t un sagatavot otru ap\u0123\u0113rba gabalu, nospie\u017eot otru gabalu. Elektronisk\u0101 laika un temperat\u016bras regul\u0113\u0161ana funkcija. Main\u0101mas pl\u0101ksnes (10,5 x 15 cm vai 10 x 4,5 cm).\" \/>\n<meta property=\"og:url\" content=\"https:\/\/wmtbaltic.lv\/Produkts\/transmatic-tmp-4-elektriska-pneimatiska-termoprese\/\" \/>\n<meta property=\"og:site_name\" content=\"WMT Baltic\" \/>\n<meta property=\"article:publisher\" content=\"https:\/\/www.facebook.com\/WMT.Baltic.viscom\/?locale=lv_LV\" \/>\n<meta property=\"article:modified_time\" content=\"2023-11-24T07:28:23+00:00\" \/>\n<meta property=\"og:image\" content=\"http:\/\/wmtbaltic.lv\/wp-content\/uploads\/2023\/11\/TMP-4-T-e1524578723392.jpg\" \/>\n\t<meta property=\"og:image:width\" content=\"2225\" \/>\n\t<meta property=\"og:image:height\" content=\"1737\" \/>\n\t<meta property=\"og:image:type\" content=\"image\/jpeg\" \/>\n<meta name=\"twitter:card\" content=\"summary_large_image\" \/>\n<meta name=\"twitter:label1\" content=\"Est. reading time\" \/>\n\t<meta name=\"twitter:data1\" content=\"1 minute\" \/>\n<script type=\"application\/ld+json\" class=\"yoast-schema-graph\">{\"@context\":\"https:\\\/\\\/schema.org\",\"@graph\":[{\"@type\":\"WebPage\",\"@id\":\"https:\\\/\\\/wmtbaltic.lv\\\/Produkts\\\/transmatic-tmp-4-elektriska-pneimatiska-termoprese\\\/\",\"url\":\"https:\\\/\\\/wmtbaltic.lv\\\/Produkts\\\/transmatic-tmp-4-elektriska-pneimatiska-termoprese\\\/\",\"name\":\"Transmatic TMP 4 elektrisk\u0101 pneimatisk\u0101 termoprese - WMT Baltic\",\"isPartOf\":{\"@id\":\"https:\\\/\\\/wmtbaltic.lv\\\/#website\"},\"primaryImageOfPage\":{\"@id\":\"https:\\\/\\\/wmtbaltic.lv\\\/Produkts\\\/transmatic-tmp-4-elektriska-pneimatiska-termoprese\\\/#primaryimage\"},\"image\":{\"@id\":\"https:\\\/\\\/wmtbaltic.lv\\\/Produkts\\\/transmatic-tmp-4-elektriska-pneimatiska-termoprese\\\/#primaryimage\"},\"thumbnailUrl\":\"https:\\\/\\\/wmtbaltic.lv\\\/wp-content\\\/uploads\\\/2023\\\/11\\\/TMP-4-T-e1524578723392.jpg\",\"datePublished\":\"2023-11-21T10:28:49+00:00\",\"dateModified\":\"2023-11-24T07:28:23+00:00\",\"breadcrumb\":{\"@id\":\"https:\\\/\\\/wmtbaltic.lv\\\/Produkts\\\/transmatic-tmp-4-elektriska-pneimatiska-termoprese\\\/#breadcrumb\"},\"inLanguage\":\"en-US\",\"potentialAction\":[{\"@type\":\"ReadAction\",\"target\":[\"https:\\\/\\\/wmtbaltic.lv\\\/Produkts\\\/transmatic-tmp-4-elektriska-pneimatiska-termoprese\\\/\"]}]},{\"@type\":\"ImageObject\",\"inLanguage\":\"en-US\",\"@id\":\"https:\\\/\\\/wmtbaltic.lv\\\/Produkts\\\/transmatic-tmp-4-elektriska-pneimatiska-termoprese\\\/#primaryimage\",\"url\":\"https:\\\/\\\/wmtbaltic.lv\\\/wp-content\\\/uploads\\\/2023\\\/11\\\/TMP-4-T-e1524578723392.jpg\",\"contentUrl\":\"https:\\\/\\\/wmtbaltic.lv\\\/wp-content\\\/uploads\\\/2023\\\/11\\\/TMP-4-T-e1524578723392.jpg\",\"width\":2225,\"height\":1737},{\"@type\":\"BreadcrumbList\",\"@id\":\"https:\\\/\\\/wmtbaltic.lv\\\/Produkts\\\/transmatic-tmp-4-elektriska-pneimatiska-termoprese\\\/#breadcrumb\",\"itemListElement\":[{\"@type\":\"ListItem\",\"position\":1,\"name\":\"Home\",\"item\":\"https:\\\/\\\/wmtbaltic.lv\\\/en\\\/\"},{\"@type\":\"ListItem\",\"position\":2,\"name\":\"Shop\",\"item\":\"https:\\\/\\\/wmtbaltic.lv\\\/shop\\\/\"},{\"@type\":\"ListItem\",\"position\":3,\"name\":\"Transmatic TMP 4 elektrisk\u0101 pneimatisk\u0101 termoprese\"}]},{\"@type\":\"WebSite\",\"@id\":\"https:\\\/\\\/wmtbaltic.lv\\\/#website\",\"url\":\"https:\\\/\\\/wmtbaltic.lv\\\/\",\"name\":\"WMT Baltic\",\"description\":\"Rekl\u0101mas produkti, pl\u0113ves\",\"publisher\":{\"@id\":\"https:\\\/\\\/wmtbaltic.lv\\\/#organization\"},\"potentialAction\":[{\"@type\":\"SearchAction\",\"target\":{\"@type\":\"EntryPoint\",\"urlTemplate\":\"https:\\\/\\\/wmtbaltic.lv\\\/?s={search_term_string}\"},\"query-input\":{\"@type\":\"PropertyValueSpecification\",\"valueRequired\":true,\"valueName\":\"search_term_string\"}}],\"inLanguage\":\"en-US\"},{\"@type\":\"Organization\",\"@id\":\"https:\\\/\\\/wmtbaltic.lv\\\/#organization\",\"name\":\"WMT Baltic\",\"url\":\"https:\\\/\\\/wmtbaltic.lv\\\/\",\"logo\":{\"@type\":\"ImageObject\",\"inLanguage\":\"en-US\",\"@id\":\"https:\\\/\\\/wmtbaltic.lv\\\/#\\\/schema\\\/logo\\\/image\\\/\",\"url\":\"https:\\\/\\\/wmtbaltic.lv\\\/wp-content\\\/uploads\\\/2024\\\/12\\\/wmt-baltic-sia_107142_9_420x180.jpg\",\"contentUrl\":\"https:\\\/\\\/wmtbaltic.lv\\\/wp-content\\\/uploads\\\/2024\\\/12\\\/wmt-baltic-sia_107142_9_420x180.jpg\",\"width\":420,\"height\":180,\"caption\":\"WMT Baltic\"},\"image\":{\"@id\":\"https:\\\/\\\/wmtbaltic.lv\\\/#\\\/schema\\\/logo\\\/image\\\/\"},\"sameAs\":[\"https:\\\/\\\/www.facebook.com\\\/WMT.Baltic.viscom\\\/?locale=lv_LV\",\"https:\\\/\\\/www.instagram.com\\\/viscom_wmt\\\/\"]}]}<\/script>\n<!-- \/ Yoast SEO plugin. -->","yoast_head_json":{"title":"Transmatic TMP 4 elektrisk\u0101 pneimatisk\u0101 termoprese - WMT Baltic","robots":{"index":"index","follow":"follow","max-snippet":"max-snippet:-1","max-image-preview":"max-image-preview:large","max-video-preview":"max-video-preview:-1"},"canonical":"https:\/\/wmtbaltic.lv\/Produkts\/transmatic-tmp-4-elektriska-pneimatiska-termoprese\/","og_locale":"en_US","og_type":"article","og_title":"Transmatic TMP 4 elektrisk\u0101 pneimatisk\u0101 termoprese - WMT Baltic","og_description":"Pneimatisk\u0101 termuprese ar rot\u0113jo\u0161u galvu, kas nodro\u0161ina liel\u0101ku ra\u017eo\u0161anas apjomu. Divas stacijas pal\u012bdz p\u0101rn\u0113s\u0101t un sagatavot otru ap\u0123\u0113rba gabalu, nospie\u017eot otru gabalu. Elektronisk\u0101 laika un temperat\u016bras regul\u0113\u0161ana funkcija. Main\u0101mas pl\u0101ksnes (10,5 x 15 cm vai 10 x 4,5 cm).","og_url":"https:\/\/wmtbaltic.lv\/Produkts\/transmatic-tmp-4-elektriska-pneimatiska-termoprese\/","og_site_name":"WMT Baltic","article_publisher":"https:\/\/www.facebook.com\/WMT.Baltic.viscom\/?locale=lv_LV","article_modified_time":"2023-11-24T07:28:23+00:00","og_image":[{"width":2225,"height":1737,"url":"http:\/\/wmtbaltic.lv\/wp-content\/uploads\/2023\/11\/TMP-4-T-e1524578723392.jpg","type":"image\/jpeg"}],"twitter_card":"summary_large_image","twitter_misc":{"Est. reading time":"1 minute"},"schema":{"@context":"https:\/\/schema.org","@graph":[{"@type":"WebPage","@id":"https:\/\/wmtbaltic.lv\/Produkts\/transmatic-tmp-4-elektriska-pneimatiska-termoprese\/","url":"https:\/\/wmtbaltic.lv\/Produkts\/transmatic-tmp-4-elektriska-pneimatiska-termoprese\/","name":"Transmatic TMP 4 elektrisk\u0101 pneimatisk\u0101 termoprese - WMT Baltic","isPartOf":{"@id":"https:\/\/wmtbaltic.lv\/#website"},"primaryImageOfPage":{"@id":"https:\/\/wmtbaltic.lv\/Produkts\/transmatic-tmp-4-elektriska-pneimatiska-termoprese\/#primaryimage"},"image":{"@id":"https:\/\/wmtbaltic.lv\/Produkts\/transmatic-tmp-4-elektriska-pneimatiska-termoprese\/#primaryimage"},"thumbnailUrl":"https:\/\/wmtbaltic.lv\/wp-content\/uploads\/2023\/11\/TMP-4-T-e1524578723392.jpg","datePublished":"2023-11-21T10:28:49+00:00","dateModified":"2023-11-24T07:28:23+00:00","breadcrumb":{"@id":"https:\/\/wmtbaltic.lv\/Produkts\/transmatic-tmp-4-elektriska-pneimatiska-termoprese\/#breadcrumb"},"inLanguage":"en-US","potentialAction":[{"@type":"ReadAction","target":["https:\/\/wmtbaltic.lv\/Produkts\/transmatic-tmp-4-elektriska-pneimatiska-termoprese\/"]}]},{"@type":"ImageObject","inLanguage":"en-US","@id":"https:\/\/wmtbaltic.lv\/Produkts\/transmatic-tmp-4-elektriska-pneimatiska-termoprese\/#primaryimage","url":"https:\/\/wmtbaltic.lv\/wp-content\/uploads\/2023\/11\/TMP-4-T-e1524578723392.jpg","contentUrl":"https:\/\/wmtbaltic.lv\/wp-content\/uploads\/2023\/11\/TMP-4-T-e1524578723392.jpg","width":2225,"height":1737},{"@type":"BreadcrumbList","@id":"https:\/\/wmtbaltic.lv\/Produkts\/transmatic-tmp-4-elektriska-pneimatiska-termoprese\/#breadcrumb","itemListElement":[{"@type":"ListItem","position":1,"name":"Home","item":"https:\/\/wmtbaltic.lv\/en\/"},{"@type":"ListItem","position":2,"name":"Shop","item":"https:\/\/wmtbaltic.lv\/shop\/"},{"@type":"ListItem","position":3,"name":"Transmatic TMP 4 elektrisk\u0101 pneimatisk\u0101 termoprese"}]},{"@type":"WebSite","@id":"https:\/\/wmtbaltic.lv\/#website","url":"https:\/\/wmtbaltic.lv\/","name":"WMT Baltic","description":"Rekl\u0101mas produkti, pl\u0113ves","publisher":{"@id":"https:\/\/wmtbaltic.lv\/#organization"},"potentialAction":[{"@type":"SearchAction","target":{"@type":"EntryPoint","urlTemplate":"https:\/\/wmtbaltic.lv\/?s={search_term_string}"},"query-input":{"@type":"PropertyValueSpecification","valueRequired":true,"valueName":"search_term_string"}}],"inLanguage":"en-US"},{"@type":"Organization","@id":"https:\/\/wmtbaltic.lv\/#organization","name":"WMT Baltic","url":"https:\/\/wmtbaltic.lv\/","logo":{"@type":"ImageObject","inLanguage":"en-US","@id":"https:\/\/wmtbaltic.lv\/#\/schema\/logo\/image\/","url":"https:\/\/wmtbaltic.lv\/wp-content\/uploads\/2024\/12\/wmt-baltic-sia_107142_9_420x180.jpg","contentUrl":"https:\/\/wmtbaltic.lv\/wp-content\/uploads\/2024\/12\/wmt-baltic-sia_107142_9_420x180.jpg","width":420,"height":180,"caption":"WMT Baltic"},"image":{"@id":"https:\/\/wmtbaltic.lv\/#\/schema\/logo\/image\/"},"sameAs":["https:\/\/www.facebook.com\/WMT.Baltic.viscom\/?locale=lv_LV","https:\/\/www.instagram.com\/viscom_wmt\/"]}]}},"_links":{"self":[{"href":"https:\/\/wmtbaltic.lv\/en\/wp-json\/wp\/v2\/product\/15955","targetHints":{"allow":["GET"]}}],"collection":[{"href":"https:\/\/wmtbaltic.lv\/en\/wp-json\/wp\/v2\/product"}],"about":[{"href":"https:\/\/wmtbaltic.lv\/en\/wp-json\/wp\/v2\/types\/product"}],"wp:featuredmedia":[{"embeddable":true,"href":"https:\/\/wmtbaltic.lv\/en\/wp-json\/wp\/v2\/media\/15956"}],"wp:attachment":[{"href":"https:\/\/wmtbaltic.lv\/en\/wp-json\/wp\/v2\/media?parent=15955"}],"wp:term":[{"taxonomy":"product_brand","embeddable":true,"href":"https:\/\/wmtbaltic.lv\/en\/wp-json\/wp\/v2\/product_brand?post=15955"},{"taxonomy":"product_cat","embeddable":true,"href":"https:\/\/wmtbaltic.lv\/en\/wp-json\/wp\/v2\/product_cat?post=15955"},{"taxonomy":"product_tag","embeddable":true,"href":"https:\/\/wmtbaltic.lv\/en\/wp-json\/wp\/v2\/product_tag?post=15955"}],"curies":[{"name":"wp","href":"https:\/\/api.w.org\/{rel}","templated":true}]}}