{"id":15950,"date":"2023-11-21T07:21:57","date_gmt":"2023-11-21T07:21:57","guid":{"rendered":"https:\/\/wmtbaltic.lv\/?post_type=product&#038;p=15950"},"modified":"2023-11-27T09:42:45","modified_gmt":"2023-11-27T09:42:45","slug":"transmatic-rev-2ca-elektriska-termoprese-copy","status":"publish","type":"product","link":"https:\/\/wmtbaltic.lv\/en\/product\/transmatic-rev-2ca-elektriska-termoprese-copy\/","title":{"rendered":"Transmatic REV 2CA elektrisk\u0101 termoprese"},"content":{"rendered":"<p><span class=\"HwtZe\" lang=\"lv\"><span class=\"jCAhz ChMk0b\"><span class=\"ryNqvb\">Elektrisk\u0101 termoprese\u00a0 prese ar priek\u0161\u0113jo atveri, sp\u0113c\u012bgu konstrukciju un labu spiedienu.<\/span><\/span> <span class=\"jCAhz ChMk0b\"><span class=\"ryNqvb\">Nav nepiecie\u0161ams saspiests gaiss.<\/span><\/span> <span class=\"jCAhz ChMk0b\"><span class=\"ryNqvb\">Elektronisks un digit\u0101ls sk\u0101rienekr\u0101ns ar temperat\u016bras, spiediena un laika kontroli ar padomiem par iesp\u0113jam\u0101m k\u013c\u016bd\u0101m.<\/span><\/span> <span class=\"jCAhz ChMk0b\"><span class=\"ryNqvb\">Main\u0101ms zem. pl\u0101ksnes.<\/span><\/span> <span class=\"jCAhz ChMk0b\"><span class=\"ryNqvb\">Gabalu skait\u012bt\u0101js.<\/span><\/span> <strong><span class=\"jCAhz ChMk0b\"><span class=\"ryNqvb\">Modelis 2C : aizv\u0113r\u0161ana, izmantojot s\u0101nu pogas \/ Autom\u0101tiska atv\u0113r\u0161ana<\/span><\/span> <span class=\"jCAhz ChMk0b\"><span class=\"ryNqvb\">Modelis 2CA: aizv\u0113r\u0161an\u0101s \/ atv\u0113r\u0161ana autom\u0101tiski (bez aksesu\u0101riem cepurem)<\/span><\/span><\/strong><\/span><\/p>\n<ul>\n<li><span class=\"HwtZe\" lang=\"lv\"><span class=\"jCAhz ChMk0b\"><span class=\"ryNqvb\">Elektroniskie un digit\u0101lie instrumenti ar sk\u0101rienekr\u0101nu<\/span><\/span><\/span><\/li>\n<li><span class=\"HwtZe\" lang=\"lv\"><span class=\"jCAhz ChMk0b\"><span class=\"ryNqvb\">4 s\u0101kotn\u0113jo iestat\u012bjumu iestat\u012b\u0161ana un uzglab\u0101\u0161ana<\/span><\/span><\/span><\/li>\n<li><span class=\"HwtZe\" lang=\"lv\"> <span class=\"jCAhz ChMk0b\"><span class=\"ryNqvb\">Iesp\u0113jamo k\u013c\u016bdu autom\u0101tiska regul\u0113\u0161ana<\/span><\/span><\/span><\/li>\n<li>Nomex-cover<\/li>\n<\/ul>\n<p><strong><span class=\"HwtZe\" lang=\"lv\"><span class=\"jCAhz ChMk0b\"><span class=\"ryNqvb\">Tehniskais apraksts<\/span><\/span><\/span><\/strong><\/p>\n<table style=\"height: 174px;\" width=\"444\">\n<tbody>\n<tr>\n<td><span class=\"HwtZe\" lang=\"lv\"><span class=\"jCAhz ChMk0b\"><span class=\"ryNqvb\">Pl\u0101ksnes izm\u0113rs<\/span><\/span><\/span><\/td>\n<td>50\u00d740 cm<\/td>\n<\/tr>\n<tr>\n<td><span class=\"HwtZe\" lang=\"lv\"><span class=\"jCAhz ChMk0b\"><span class=\"ryNqvb\">Pa\u0161reiz\u0113j\u0101 <\/span><\/span><\/span><\/td>\n<td>230 V <span class=\"HwtZe\" lang=\"lv\"><span class=\"jCAhz ChMk0b\"><span class=\"ryNqvb\">vienf\u0101ze<\/span><\/span><\/span><\/td>\n<\/tr>\n<tr>\n<td><span class=\"HwtZe\" lang=\"lv\"><span class=\"jCAhz ChMk0b\"><span class=\"ryNqvb\">Jaudas pat\u0113ri\u0146\u0161 <\/span><\/span><\/span><\/td>\n<td>KW 2,2<\/td>\n<\/tr>\n<tr>\n<td><span class=\"HwtZe\" lang=\"lv\"><span class=\"jCAhz ChMk0b\"><span class=\"ryNqvb\">Jaudas pat\u0113ri\u0146\u0161<\/span><\/span><\/span><\/td>\n<td>KW\/H 1,0<\/td>\n<\/tr>\n<tr>\n<td><span class=\"HwtZe\" lang=\"lv\"><span class=\"jCAhz ChMk0b\"><span class=\"ryNqvb\">Temperat\u016bra<\/span><\/span><\/span><\/td>\n<td>50-255\u00b0 C<\/td>\n<\/tr>\n<tr>\n<td><span class=\"HwtZe\" lang=\"lv\"><span class=\"jCAhz ChMk0b\"><span class=\"ryNqvb\">Regul\u0113jams laiks<\/span><\/span><\/span><\/td>\n<td>0-999,9 sec.<\/td>\n<\/tr>\n<tr>\n<td><span class=\"HwtZe\" lang=\"lv\"><span class=\"jCAhz ChMk0b\"><span class=\"ryNqvb\">Spiediens<\/span><\/span><\/span><\/td>\n<td>600 gr\/cm2<\/td>\n<\/tr>\n<tr>\n<td><span class=\"HwtZe\" lang=\"lv\"><span class=\"jCAhz ChMk0b\"><span class=\"ryNqvb\">Neto svars <\/span><\/span><\/span><\/td>\n<td>85\/96 Kg<\/td>\n<\/tr>\n<\/tbody>\n<\/table>\n<h4><a href=\"https:\/\/www.transmaticsrl.com\/wp-content\/uploads\/2019\/10\/REV-2C.pdf\">Transmatic REV-2C elektrisk\u0101 termoprese, Bro\u0161\u016bra<\/a><\/h4>\n","protected":false},"excerpt":{"rendered":"Elektrisk\u0101 termoprese\u00a0 prese ar priek\u0161\u0113jo atveri, sp\u0113c\u012bgu konstrukciju un labu spiedienu. Nav nepiecie\u0161ams saspiests gaiss. Elektronisks un digit\u0101ls sk\u0101rienekr\u0101ns ar temperat\u016bras, spiediena un laika kontroli ar padomiem par iesp\u0113jam\u0101m k\u013c\u016bd\u0101m. Main\u0101ms zem. pl\u0101ksnes. Gabalu skait\u012bt\u0101js. Modelis 2C : aizv\u0113r\u0161ana, izmantojot s\u0101nu pogas \/ Autom\u0101tiska atv\u0113r\u0161ana Modelis 2CA: aizv\u0113r\u0161an\u0101s \/ atv\u0113r\u0161ana autom\u0101tiski (bez aksesu\u0101riem cepurem) Elektroniskie [...]","protected":false},"featured_media":4832,"comment_status":"closed","ping_status":"closed","template":"","meta":[],"product_brand":[],"product_cat":[428,260],"product_tag":[536,532,529,535],"class_list":{"0":"post-15950","1":"product","2":"type-product","3":"status-publish","4":"has-post-thumbnail","6":"product_cat-plakanas-automatiskas-termopreses","7":"product_cat-termopreses-iekartas-un-izejmateriali","8":"product_tag-elektriska","9":"product_tag-termoparnese","10":"product_tag-termoprese","11":"product_tag-transmatic","13":"first","14":"instock","15":"shipping-taxable","16":"product-type-simple"},"yoast_head":"<!-- This site is optimized with the Yoast SEO plugin v27.6 - https:\/\/yoast.com\/product\/yoast-seo-wordpress\/ -->\n<title>Transmatic REV 2C elektrisk\u0101 termoprese, WMT Baltic, R\u012bga<\/title>\n<meta name=\"description\" content=\"Elektrisk\u0101 termoprese ar nob\u012bd\u0101mu darba galdu (priek\u0161pus\u0113). Iztur\u012bga konstrukcija nodro\u0161ina sp\u0113c\u012bgu spiedienu. Gaisa kompresors nav vajadz\u012bgs. Elektroniska laika un temperat\u016bras regul\u0113\u0161ana ar pazi\u0146ojumu par iesp\u0113jamo k\u013c\u016bdu. Ir iesp\u0113ja izmantot citu izm\u0113ru plates. Izstr\u0101d\u0101jumu skait\u012bt\u0101js, Nomex p\u0101rkl\u0101jums. Termoprese aizveras ar pogu, autom\u0101tiski atveras.\" \/>\n<meta name=\"robots\" content=\"index, follow, max-snippet:-1, max-image-preview:large, max-video-preview:-1\" \/>\n<link rel=\"canonical\" href=\"https:\/\/wmtbaltic.lv\/Produkts\/transmatic-rev-2ca-elektriska-termoprese-copy\/\" \/>\n<meta property=\"og:locale\" content=\"en_US\" \/>\n<meta property=\"og:type\" content=\"article\" \/>\n<meta property=\"og:title\" content=\"Transmatic REV 2C elektrisk\u0101 termoprese, WMT Baltic, R\u012bga\" \/>\n<meta property=\"og:description\" content=\"Elektrisk\u0101 termoprese ar nob\u012bd\u0101mu darba galdu (priek\u0161pus\u0113). Iztur\u012bga konstrukcija nodro\u0161ina sp\u0113c\u012bgu spiedienu. Gaisa kompresors nav vajadz\u012bgs. Elektroniska laika un temperat\u016bras regul\u0113\u0161ana ar pazi\u0146ojumu par iesp\u0113jamo k\u013c\u016bdu. Ir iesp\u0113ja izmantot citu izm\u0113ru plates. Izstr\u0101d\u0101jumu skait\u012bt\u0101js, Nomex p\u0101rkl\u0101jums. Termoprese aizveras ar pogu, autom\u0101tiski atveras.\" \/>\n<meta property=\"og:url\" content=\"https:\/\/wmtbaltic.lv\/Produkts\/transmatic-rev-2ca-elektriska-termoprese-copy\/\" \/>\n<meta property=\"og:site_name\" content=\"WMT Baltic\" \/>\n<meta property=\"article:publisher\" content=\"https:\/\/www.facebook.com\/WMT.Baltic.viscom\/?locale=lv_LV\" \/>\n<meta property=\"article:modified_time\" content=\"2023-11-27T09:42:45+00:00\" \/>\n<meta property=\"og:image\" content=\"http:\/\/wmtbaltic.lv\/wp-content\/uploads\/2021\/02\/REV-2-C-APERTA-1-e1498832922376.jpg\" \/>\n\t<meta property=\"og:image:width\" content=\"2031\" \/>\n\t<meta property=\"og:image:height\" content=\"1668\" \/>\n\t<meta property=\"og:image:type\" content=\"image\/jpeg\" \/>\n<meta name=\"twitter:card\" content=\"summary_large_image\" \/>\n<meta name=\"twitter:label1\" content=\"Est. reading time\" \/>\n\t<meta name=\"twitter:data1\" content=\"1 minute\" \/>\n<script type=\"application\/ld+json\" class=\"yoast-schema-graph\">{\"@context\":\"https:\\\/\\\/schema.org\",\"@graph\":[{\"@type\":\"WebPage\",\"@id\":\"https:\\\/\\\/wmtbaltic.lv\\\/Produkts\\\/transmatic-rev-2ca-elektriska-termoprese-copy\\\/\",\"url\":\"https:\\\/\\\/wmtbaltic.lv\\\/Produkts\\\/transmatic-rev-2ca-elektriska-termoprese-copy\\\/\",\"name\":\"Transmatic REV 2C elektrisk\u0101 termoprese, WMT Baltic, R\u012bga\",\"isPartOf\":{\"@id\":\"https:\\\/\\\/wmtbaltic.lv\\\/#website\"},\"primaryImageOfPage\":{\"@id\":\"https:\\\/\\\/wmtbaltic.lv\\\/Produkts\\\/transmatic-rev-2ca-elektriska-termoprese-copy\\\/#primaryimage\"},\"image\":{\"@id\":\"https:\\\/\\\/wmtbaltic.lv\\\/Produkts\\\/transmatic-rev-2ca-elektriska-termoprese-copy\\\/#primaryimage\"},\"thumbnailUrl\":\"https:\\\/\\\/wmtbaltic.lv\\\/wp-content\\\/uploads\\\/2021\\\/02\\\/REV-2-C-APERTA-1-e1498832922376.jpg\",\"datePublished\":\"2023-11-21T07:21:57+00:00\",\"dateModified\":\"2023-11-27T09:42:45+00:00\",\"description\":\"Elektrisk\u0101 termoprese ar nob\u012bd\u0101mu darba galdu (priek\u0161pus\u0113). Iztur\u012bga konstrukcija nodro\u0161ina sp\u0113c\u012bgu spiedienu. Gaisa kompresors nav vajadz\u012bgs. Elektroniska laika un temperat\u016bras regul\u0113\u0161ana ar pazi\u0146ojumu par iesp\u0113jamo k\u013c\u016bdu. Ir iesp\u0113ja izmantot citu izm\u0113ru plates. Izstr\u0101d\u0101jumu skait\u012bt\u0101js, Nomex p\u0101rkl\u0101jums. Termoprese aizveras ar pogu, autom\u0101tiski atveras.\",\"breadcrumb\":{\"@id\":\"https:\\\/\\\/wmtbaltic.lv\\\/Produkts\\\/transmatic-rev-2ca-elektriska-termoprese-copy\\\/#breadcrumb\"},\"inLanguage\":\"en-US\",\"potentialAction\":[{\"@type\":\"ReadAction\",\"target\":[\"https:\\\/\\\/wmtbaltic.lv\\\/Produkts\\\/transmatic-rev-2ca-elektriska-termoprese-copy\\\/\"]}]},{\"@type\":\"ImageObject\",\"inLanguage\":\"en-US\",\"@id\":\"https:\\\/\\\/wmtbaltic.lv\\\/Produkts\\\/transmatic-rev-2ca-elektriska-termoprese-copy\\\/#primaryimage\",\"url\":\"https:\\\/\\\/wmtbaltic.lv\\\/wp-content\\\/uploads\\\/2021\\\/02\\\/REV-2-C-APERTA-1-e1498832922376.jpg\",\"contentUrl\":\"https:\\\/\\\/wmtbaltic.lv\\\/wp-content\\\/uploads\\\/2021\\\/02\\\/REV-2-C-APERTA-1-e1498832922376.jpg\",\"width\":2031,\"height\":1668},{\"@type\":\"BreadcrumbList\",\"@id\":\"https:\\\/\\\/wmtbaltic.lv\\\/Produkts\\\/transmatic-rev-2ca-elektriska-termoprese-copy\\\/#breadcrumb\",\"itemListElement\":[{\"@type\":\"ListItem\",\"position\":1,\"name\":\"Home\",\"item\":\"https:\\\/\\\/wmtbaltic.lv\\\/en\\\/\"},{\"@type\":\"ListItem\",\"position\":2,\"name\":\"Products\",\"item\":\"https:\\\/\\\/wmtbaltic.lv\\\/en\\\/shop\\\/\"},{\"@type\":\"ListItem\",\"position\":3,\"name\":\"Transmatic REV 2CA elektrisk\u0101 termoprese\"}]},{\"@type\":\"WebSite\",\"@id\":\"https:\\\/\\\/wmtbaltic.lv\\\/#website\",\"url\":\"https:\\\/\\\/wmtbaltic.lv\\\/\",\"name\":\"WMT Baltic\",\"description\":\"Rekl\u0101mas produkti, pl\u0113ves\",\"publisher\":{\"@id\":\"https:\\\/\\\/wmtbaltic.lv\\\/#organization\"},\"potentialAction\":[{\"@type\":\"SearchAction\",\"target\":{\"@type\":\"EntryPoint\",\"urlTemplate\":\"https:\\\/\\\/wmtbaltic.lv\\\/?s={search_term_string}\"},\"query-input\":{\"@type\":\"PropertyValueSpecification\",\"valueRequired\":true,\"valueName\":\"search_term_string\"}}],\"inLanguage\":\"en-US\"},{\"@type\":\"Organization\",\"@id\":\"https:\\\/\\\/wmtbaltic.lv\\\/#organization\",\"name\":\"WMT Baltic\",\"url\":\"https:\\\/\\\/wmtbaltic.lv\\\/\",\"logo\":{\"@type\":\"ImageObject\",\"inLanguage\":\"en-US\",\"@id\":\"https:\\\/\\\/wmtbaltic.lv\\\/#\\\/schema\\\/logo\\\/image\\\/\",\"url\":\"https:\\\/\\\/wmtbaltic.lv\\\/wp-content\\\/uploads\\\/2024\\\/12\\\/wmt-baltic-sia_107142_9_420x180.jpg\",\"contentUrl\":\"https:\\\/\\\/wmtbaltic.lv\\\/wp-content\\\/uploads\\\/2024\\\/12\\\/wmt-baltic-sia_107142_9_420x180.jpg\",\"width\":420,\"height\":180,\"caption\":\"WMT Baltic\"},\"image\":{\"@id\":\"https:\\\/\\\/wmtbaltic.lv\\\/#\\\/schema\\\/logo\\\/image\\\/\"},\"sameAs\":[\"https:\\\/\\\/www.facebook.com\\\/WMT.Baltic.viscom\\\/?locale=lv_LV\",\"https:\\\/\\\/www.instagram.com\\\/viscom_wmt\\\/\"]}]}<\/script>\n<!-- \/ Yoast SEO plugin. -->","yoast_head_json":{"title":"Transmatic REV 2C elektrisk\u0101 termoprese, WMT Baltic, R\u012bga","description":"Elektrisk\u0101 termoprese ar nob\u012bd\u0101mu darba galdu (priek\u0161pus\u0113). Iztur\u012bga konstrukcija nodro\u0161ina sp\u0113c\u012bgu spiedienu. Gaisa kompresors nav vajadz\u012bgs. Elektroniska laika un temperat\u016bras regul\u0113\u0161ana ar pazi\u0146ojumu par iesp\u0113jamo k\u013c\u016bdu. Ir iesp\u0113ja izmantot citu izm\u0113ru plates. Izstr\u0101d\u0101jumu skait\u012bt\u0101js, Nomex p\u0101rkl\u0101jums. Termoprese aizveras ar pogu, autom\u0101tiski atveras.","robots":{"index":"index","follow":"follow","max-snippet":"max-snippet:-1","max-image-preview":"max-image-preview:large","max-video-preview":"max-video-preview:-1"},"canonical":"https:\/\/wmtbaltic.lv\/Produkts\/transmatic-rev-2ca-elektriska-termoprese-copy\/","og_locale":"en_US","og_type":"article","og_title":"Transmatic REV 2C elektrisk\u0101 termoprese, WMT Baltic, R\u012bga","og_description":"Elektrisk\u0101 termoprese ar nob\u012bd\u0101mu darba galdu (priek\u0161pus\u0113). Iztur\u012bga konstrukcija nodro\u0161ina sp\u0113c\u012bgu spiedienu. Gaisa kompresors nav vajadz\u012bgs. Elektroniska laika un temperat\u016bras regul\u0113\u0161ana ar pazi\u0146ojumu par iesp\u0113jamo k\u013c\u016bdu. Ir iesp\u0113ja izmantot citu izm\u0113ru plates. Izstr\u0101d\u0101jumu skait\u012bt\u0101js, Nomex p\u0101rkl\u0101jums. Termoprese aizveras ar pogu, autom\u0101tiski atveras.","og_url":"https:\/\/wmtbaltic.lv\/Produkts\/transmatic-rev-2ca-elektriska-termoprese-copy\/","og_site_name":"WMT Baltic","article_publisher":"https:\/\/www.facebook.com\/WMT.Baltic.viscom\/?locale=lv_LV","article_modified_time":"2023-11-27T09:42:45+00:00","og_image":[{"width":2031,"height":1668,"url":"http:\/\/wmtbaltic.lv\/wp-content\/uploads\/2021\/02\/REV-2-C-APERTA-1-e1498832922376.jpg","type":"image\/jpeg"}],"twitter_card":"summary_large_image","twitter_misc":{"Est. reading time":"1 minute"},"schema":{"@context":"https:\/\/schema.org","@graph":[{"@type":"WebPage","@id":"https:\/\/wmtbaltic.lv\/Produkts\/transmatic-rev-2ca-elektriska-termoprese-copy\/","url":"https:\/\/wmtbaltic.lv\/Produkts\/transmatic-rev-2ca-elektriska-termoprese-copy\/","name":"Transmatic REV 2C elektrisk\u0101 termoprese, WMT Baltic, R\u012bga","isPartOf":{"@id":"https:\/\/wmtbaltic.lv\/#website"},"primaryImageOfPage":{"@id":"https:\/\/wmtbaltic.lv\/Produkts\/transmatic-rev-2ca-elektriska-termoprese-copy\/#primaryimage"},"image":{"@id":"https:\/\/wmtbaltic.lv\/Produkts\/transmatic-rev-2ca-elektriska-termoprese-copy\/#primaryimage"},"thumbnailUrl":"https:\/\/wmtbaltic.lv\/wp-content\/uploads\/2021\/02\/REV-2-C-APERTA-1-e1498832922376.jpg","datePublished":"2023-11-21T07:21:57+00:00","dateModified":"2023-11-27T09:42:45+00:00","description":"Elektrisk\u0101 termoprese ar nob\u012bd\u0101mu darba galdu (priek\u0161pus\u0113). Iztur\u012bga konstrukcija nodro\u0161ina sp\u0113c\u012bgu spiedienu. Gaisa kompresors nav vajadz\u012bgs. Elektroniska laika un temperat\u016bras regul\u0113\u0161ana ar pazi\u0146ojumu par iesp\u0113jamo k\u013c\u016bdu. Ir iesp\u0113ja izmantot citu izm\u0113ru plates. Izstr\u0101d\u0101jumu skait\u012bt\u0101js, Nomex p\u0101rkl\u0101jums. Termoprese aizveras ar pogu, autom\u0101tiski atveras.","breadcrumb":{"@id":"https:\/\/wmtbaltic.lv\/Produkts\/transmatic-rev-2ca-elektriska-termoprese-copy\/#breadcrumb"},"inLanguage":"en-US","potentialAction":[{"@type":"ReadAction","target":["https:\/\/wmtbaltic.lv\/Produkts\/transmatic-rev-2ca-elektriska-termoprese-copy\/"]}]},{"@type":"ImageObject","inLanguage":"en-US","@id":"https:\/\/wmtbaltic.lv\/Produkts\/transmatic-rev-2ca-elektriska-termoprese-copy\/#primaryimage","url":"https:\/\/wmtbaltic.lv\/wp-content\/uploads\/2021\/02\/REV-2-C-APERTA-1-e1498832922376.jpg","contentUrl":"https:\/\/wmtbaltic.lv\/wp-content\/uploads\/2021\/02\/REV-2-C-APERTA-1-e1498832922376.jpg","width":2031,"height":1668},{"@type":"BreadcrumbList","@id":"https:\/\/wmtbaltic.lv\/Produkts\/transmatic-rev-2ca-elektriska-termoprese-copy\/#breadcrumb","itemListElement":[{"@type":"ListItem","position":1,"name":"Home","item":"https:\/\/wmtbaltic.lv\/en\/"},{"@type":"ListItem","position":2,"name":"Products","item":"https:\/\/wmtbaltic.lv\/en\/shop\/"},{"@type":"ListItem","position":3,"name":"Transmatic REV 2CA elektrisk\u0101 termoprese"}]},{"@type":"WebSite","@id":"https:\/\/wmtbaltic.lv\/#website","url":"https:\/\/wmtbaltic.lv\/","name":"WMT Baltic","description":"Rekl\u0101mas produkti, pl\u0113ves","publisher":{"@id":"https:\/\/wmtbaltic.lv\/#organization"},"potentialAction":[{"@type":"SearchAction","target":{"@type":"EntryPoint","urlTemplate":"https:\/\/wmtbaltic.lv\/?s={search_term_string}"},"query-input":{"@type":"PropertyValueSpecification","valueRequired":true,"valueName":"search_term_string"}}],"inLanguage":"en-US"},{"@type":"Organization","@id":"https:\/\/wmtbaltic.lv\/#organization","name":"WMT Baltic","url":"https:\/\/wmtbaltic.lv\/","logo":{"@type":"ImageObject","inLanguage":"en-US","@id":"https:\/\/wmtbaltic.lv\/#\/schema\/logo\/image\/","url":"https:\/\/wmtbaltic.lv\/wp-content\/uploads\/2024\/12\/wmt-baltic-sia_107142_9_420x180.jpg","contentUrl":"https:\/\/wmtbaltic.lv\/wp-content\/uploads\/2024\/12\/wmt-baltic-sia_107142_9_420x180.jpg","width":420,"height":180,"caption":"WMT Baltic"},"image":{"@id":"https:\/\/wmtbaltic.lv\/#\/schema\/logo\/image\/"},"sameAs":["https:\/\/www.facebook.com\/WMT.Baltic.viscom\/?locale=lv_LV","https:\/\/www.instagram.com\/viscom_wmt\/"]}]}},"_links":{"self":[{"href":"https:\/\/wmtbaltic.lv\/en\/wp-json\/wp\/v2\/product\/15950","targetHints":{"allow":["GET"]}}],"collection":[{"href":"https:\/\/wmtbaltic.lv\/en\/wp-json\/wp\/v2\/product"}],"about":[{"href":"https:\/\/wmtbaltic.lv\/en\/wp-json\/wp\/v2\/types\/product"}],"replies":[{"embeddable":true,"href":"https:\/\/wmtbaltic.lv\/en\/wp-json\/wp\/v2\/comments?post=15950"}],"wp:featuredmedia":[{"embeddable":true,"href":"https:\/\/wmtbaltic.lv\/en\/wp-json\/wp\/v2\/media\/4832"}],"wp:attachment":[{"href":"https:\/\/wmtbaltic.lv\/en\/wp-json\/wp\/v2\/media?parent=15950"}],"wp:term":[{"taxonomy":"product_brand","embeddable":true,"href":"https:\/\/wmtbaltic.lv\/en\/wp-json\/wp\/v2\/product_brand?post=15950"},{"taxonomy":"product_cat","embeddable":true,"href":"https:\/\/wmtbaltic.lv\/en\/wp-json\/wp\/v2\/product_cat?post=15950"},{"taxonomy":"product_tag","embeddable":true,"href":"https:\/\/wmtbaltic.lv\/en\/wp-json\/wp\/v2\/product_tag?post=15950"}],"curies":[{"name":"wp","href":"https:\/\/api.w.org\/{rel}","templated":true}]}}