{"id":15936,"date":"2023-11-17T13:07:17","date_gmt":"2023-11-17T13:07:17","guid":{"rendered":"https:\/\/wmtbaltic.lv\/?post_type=product&#038;p=15936"},"modified":"2023-11-22T10:00:27","modified_gmt":"2023-11-22T10:00:27","slug":"transmatic-rev-3s-sa-elektriska-termoprese","status":"publish","type":"product","link":"https:\/\/wmtbaltic.lv\/en\/product\/transmatic-rev-3s-sa-elektriska-termoprese\/","title":{"rendered":"Transmatic REV 3S elektrisk\u0101 termoprese"},"content":{"rendered":"<p>Elektrisk\u0101 termoprese ar s\u0101nu atv\u0113rumu, sp\u0113c\u012bgu konstrukciju un labu spiedienu. Nav nepiecie\u0161ams saspiests gaiss. Elektroniskais un digit\u0101lais sk\u0101rienekr\u0101ns ar vizu\u0101lu temperat\u016bras un laika kontroli ar padomu par iesp\u0113jam\u0101m k\u013c\u016bd\u0101m. Main\u0101ms zempl\u0101ksnes. Gabalu skait\u012bt\u0101js, Nomex p\u0101rkl\u0101jums. Ir iesp\u0113ja ieg\u0101d\u0101ties cepures piederumus termop\u0101rne\u0161anai k\u0101 papildu opciju.<\/p>\n<ul>\n<li><span class=\"HwtZe\" lang=\"lv\"><span class=\"jCAhz ChMk0b\"><span class=\"ryNqvb\">4 s\u0101kotn\u0113jo iestat\u012bjumu iestat\u012b\u0161ana un uzglab\u0101\u0161ana<\/span><\/span><\/span><\/li>\n<li><span class=\"HwtZe\" lang=\"lv\"><span class=\"jCAhz ChMk0b\"><span class=\"ryNqvb\">Iesp\u0113jamo k\u013c\u016bdu autom\u0101tiska regul\u0113\u0161ana<\/span><\/span><\/span><\/li>\n<\/ul>\n<p>&nbsp;<\/p>\n<p><strong>Modelis 3S : Aizv\u0113r\u0161ana, izmantojot s\u0101nu pogas \/ Autom\u0101tiska atv\u0113r\u0161anaModelis 3SA: Aizv\u0113r\u0161ana \/ atv\u0113r\u0161ana Autom\u0101tiska (bez cepuru piederumu iesp\u0113jas)<\/strong><\/p>\n<p><strong>Tehnisk\u0101 inform\u0101cija<\/strong><\/p>\n<table style=\"height: 145px;\" border=\"0\" width=\"475\" cellspacing=\"1\" cellpadding=\"1\">\n<tbody>\n<tr>\n<td class=\"lg\"><span class=\"HwtZe\" lang=\"lv\"><span class=\"jCAhz ChMk0b\"><span class=\"ryNqvb\">Pl\u0101ksnes izm\u0113rs<\/span><\/span><\/span><\/td>\n<td class=\"rg\">50\u00d740 cm<\/td>\n<\/tr>\n<tr>\n<td class=\"lw\"><span class=\"HwtZe\" lang=\"lv\"><span class=\"jCAhz ChMk0b\"><span class=\"ryNqvb\">Pa\u0161reiz\u0113j\u0101<\/span><\/span><\/span><\/td>\n<td class=\"rw\">230 V<span class=\"HwtZe\" lang=\"lv\"><span class=\"jCAhz ChMk0b\"><span class=\"ryNqvb\">vienf\u0101ze<\/span><\/span><\/span><\/td>\n<\/tr>\n<tr>\n<td class=\"lg\"><span class=\"HwtZe\" lang=\"lv\"><span class=\"jCAhz ChMk0b\"><span class=\"ryNqvb\">Jaudas pat\u0113ri\u0146\u0161<\/span><\/span><\/span><\/td>\n<td class=\"rg\">KW 2,2<\/td>\n<\/tr>\n<tr>\n<td class=\"lw\"><span class=\"HwtZe\" lang=\"lv\"><span class=\"jCAhz ChMk0b\"><span class=\"ryNqvb\">Jaudas pat\u0113ri\u0146\u0161\/h<\/span><\/span><\/span><\/td>\n<td class=\"rw\">1.0 Kw\/h<\/td>\n<\/tr>\n<tr>\n<td class=\"lg\"><span class=\"HwtZe\" lang=\"lv\"><span class=\"jCAhz ChMk0b\"><span class=\"ryNqvb\">Temperat\u016bra<\/span><\/span><\/span><\/td>\n<td class=\"rg\">40\u00b0-255\u00b0 C<\/td>\n<\/tr>\n<tr>\n<td class=\"lw\"><span class=\"HwtZe\" lang=\"lv\"><span class=\"jCAhz ChMk0b\"><span class=\"ryNqvb\">Regul\u0113jams laiks<\/span><\/span><\/span><\/td>\n<td class=\"rw\">999,9 sec.<\/td>\n<\/tr>\n<tr>\n<td class=\"lg\"><span class=\"HwtZe\" lang=\"lv\"><span class=\"jCAhz ChMk0b\"><span class=\"ryNqvb\">Spiediens<\/span><\/span><\/span><\/td>\n<td class=\"rg\">600 gr\/cm2<\/td>\n<\/tr>\n<tr>\n<td class=\"lw\"><span class=\"HwtZe\" lang=\"lv\"><span class=\"jCAhz ChMk0b\"><span class=\"ryNqvb\">Neto svars<\/span><\/span><\/span><\/td>\n<td class=\"rw\">77\/88 Kg<\/td>\n<\/tr>\n<\/tbody>\n<\/table>\n<p>&nbsp;<\/p>\n<p><a href=\"http:\/\/wmtbaltic.lv\/wp-content\/uploads\/2023\/11\/Brochure-REV-3S.pdf\">Brochure-REV-3S<\/a><\/p>\n","protected":false},"excerpt":{"rendered":"Elektrisk\u0101 termoprese ar s\u0101nu atv\u0113rumu, sp\u0113c\u012bgu konstrukciju un labu spiedienu. Nav nepiecie\u0161ams saspiests gaiss. Elektroniskais un digit\u0101lais sk\u0101rienekr\u0101ns ar vizu\u0101lu temperat\u016bras un laika kontroli ar padomu par iesp\u0113jam\u0101m k\u013c\u016bd\u0101m. Main\u0101ms zempl\u0101ksnes. Gabalu skait\u012bt\u0101js, Nomex p\u0101rkl\u0101jums. Ir iesp\u0113ja ieg\u0101d\u0101ties cepures piederumus termop\u0101rne\u0161anai k\u0101 papildu opciju. 4 s\u0101kotn\u0113jo iestat\u012bjumu iestat\u012b\u0161ana un uzglab\u0101\u0161ana Iesp\u0113jamo k\u013c\u016bdu autom\u0101tiska regul\u0113\u0161ana &nbsp; [...]","protected":false},"featured_media":15937,"template":"","meta":[],"product_brand":[],"product_cat":[258,428,260],"product_tag":[536,1337,529,535],"class_list":{"0":"post-15936","1":"product","2":"type-product","3":"status-publish","4":"has-post-thumbnail","6":"product_cat-iekartas-un-izejmateriali","7":"product_cat-plakanas-automatiskas-termopreses","8":"product_cat-termopreses-iekartas-un-izejmateriali","9":"product_tag-elektriska","10":"product_tag-rev3s-sa","11":"product_tag-termoprese","12":"product_tag-transmatic","14":"first","15":"instock","16":"shipping-taxable","17":"product-type-simple"},"yoast_head":"<!-- This site is optimized with the Yoast SEO plugin v27.5 - https:\/\/yoast.com\/product\/yoast-seo-wordpress\/ -->\n<title>Transmatic REV 3S elektrisk\u0101 termoprese - WMT Baltic<\/title>\n<meta name=\"robots\" content=\"index, follow, max-snippet:-1, max-image-preview:large, max-video-preview:-1\" \/>\n<link rel=\"canonical\" href=\"https:\/\/wmtbaltic.lv\/Produkts\/transmatic-rev-3s-sa-elektriska-termoprese\/\" \/>\n<meta property=\"og:locale\" content=\"en_US\" \/>\n<meta property=\"og:type\" content=\"article\" \/>\n<meta property=\"og:title\" content=\"Transmatic REV 3S elektrisk\u0101 termoprese - WMT Baltic\" \/>\n<meta property=\"og:url\" content=\"https:\/\/wmtbaltic.lv\/Produkts\/transmatic-rev-3s-sa-elektriska-termoprese\/\" \/>\n<meta property=\"og:site_name\" content=\"WMT Baltic\" \/>\n<meta property=\"article:publisher\" content=\"https:\/\/www.facebook.com\/WMT.Baltic.viscom\/?locale=lv_LV\" \/>\n<meta property=\"article:modified_time\" content=\"2023-11-22T10:00:27+00:00\" \/>\n<meta property=\"og:image\" content=\"http:\/\/wmtbaltic.lv\/wp-content\/uploads\/2023\/11\/REV-3S-TC-e1485435819216-scaled.jpg\" \/>\n\t<meta property=\"og:image:width\" content=\"2560\" \/>\n\t<meta property=\"og:image:height\" content=\"2177\" \/>\n\t<meta property=\"og:image:type\" content=\"image\/jpeg\" \/>\n<meta name=\"twitter:card\" content=\"summary_large_image\" \/>\n<meta name=\"twitter:label1\" content=\"Est. reading time\" \/>\n\t<meta name=\"twitter:data1\" content=\"1 minute\" \/>\n<script type=\"application\/ld+json\" class=\"yoast-schema-graph\">{\"@context\":\"https:\\\/\\\/schema.org\",\"@graph\":[{\"@type\":\"WebPage\",\"@id\":\"https:\\\/\\\/wmtbaltic.lv\\\/Produkts\\\/transmatic-rev-3s-sa-elektriska-termoprese\\\/\",\"url\":\"https:\\\/\\\/wmtbaltic.lv\\\/Produkts\\\/transmatic-rev-3s-sa-elektriska-termoprese\\\/\",\"name\":\"Transmatic REV 3S elektrisk\u0101 termoprese - WMT Baltic\",\"isPartOf\":{\"@id\":\"https:\\\/\\\/wmtbaltic.lv\\\/#website\"},\"primaryImageOfPage\":{\"@id\":\"https:\\\/\\\/wmtbaltic.lv\\\/Produkts\\\/transmatic-rev-3s-sa-elektriska-termoprese\\\/#primaryimage\"},\"image\":{\"@id\":\"https:\\\/\\\/wmtbaltic.lv\\\/Produkts\\\/transmatic-rev-3s-sa-elektriska-termoprese\\\/#primaryimage\"},\"thumbnailUrl\":\"https:\\\/\\\/wmtbaltic.lv\\\/wp-content\\\/uploads\\\/2023\\\/11\\\/REV-3S-TC-e1485435819216-scaled.jpg\",\"datePublished\":\"2023-11-17T13:07:17+00:00\",\"dateModified\":\"2023-11-22T10:00:27+00:00\",\"breadcrumb\":{\"@id\":\"https:\\\/\\\/wmtbaltic.lv\\\/Produkts\\\/transmatic-rev-3s-sa-elektriska-termoprese\\\/#breadcrumb\"},\"inLanguage\":\"en-US\",\"potentialAction\":[{\"@type\":\"ReadAction\",\"target\":[\"https:\\\/\\\/wmtbaltic.lv\\\/Produkts\\\/transmatic-rev-3s-sa-elektriska-termoprese\\\/\"]}]},{\"@type\":\"ImageObject\",\"inLanguage\":\"en-US\",\"@id\":\"https:\\\/\\\/wmtbaltic.lv\\\/Produkts\\\/transmatic-rev-3s-sa-elektriska-termoprese\\\/#primaryimage\",\"url\":\"https:\\\/\\\/wmtbaltic.lv\\\/wp-content\\\/uploads\\\/2023\\\/11\\\/REV-3S-TC-e1485435819216-scaled.jpg\",\"contentUrl\":\"https:\\\/\\\/wmtbaltic.lv\\\/wp-content\\\/uploads\\\/2023\\\/11\\\/REV-3S-TC-e1485435819216-scaled.jpg\",\"width\":2560,\"height\":2177},{\"@type\":\"BreadcrumbList\",\"@id\":\"https:\\\/\\\/wmtbaltic.lv\\\/Produkts\\\/transmatic-rev-3s-sa-elektriska-termoprese\\\/#breadcrumb\",\"itemListElement\":[{\"@type\":\"ListItem\",\"position\":1,\"name\":\"Home\",\"item\":\"https:\\\/\\\/wmtbaltic.lv\\\/en\\\/\"},{\"@type\":\"ListItem\",\"position\":2,\"name\":\"Shop\",\"item\":\"https:\\\/\\\/wmtbaltic.lv\\\/shop\\\/\"},{\"@type\":\"ListItem\",\"position\":3,\"name\":\"Transmatic REV 3S elektrisk\u0101 termoprese\"}]},{\"@type\":\"WebSite\",\"@id\":\"https:\\\/\\\/wmtbaltic.lv\\\/#website\",\"url\":\"https:\\\/\\\/wmtbaltic.lv\\\/\",\"name\":\"WMT Baltic\",\"description\":\"Rekl\u0101mas produkti, pl\u0113ves\",\"publisher\":{\"@id\":\"https:\\\/\\\/wmtbaltic.lv\\\/#organization\"},\"potentialAction\":[{\"@type\":\"SearchAction\",\"target\":{\"@type\":\"EntryPoint\",\"urlTemplate\":\"https:\\\/\\\/wmtbaltic.lv\\\/?s={search_term_string}\"},\"query-input\":{\"@type\":\"PropertyValueSpecification\",\"valueRequired\":true,\"valueName\":\"search_term_string\"}}],\"inLanguage\":\"en-US\"},{\"@type\":\"Organization\",\"@id\":\"https:\\\/\\\/wmtbaltic.lv\\\/#organization\",\"name\":\"WMT Baltic\",\"url\":\"https:\\\/\\\/wmtbaltic.lv\\\/\",\"logo\":{\"@type\":\"ImageObject\",\"inLanguage\":\"en-US\",\"@id\":\"https:\\\/\\\/wmtbaltic.lv\\\/#\\\/schema\\\/logo\\\/image\\\/\",\"url\":\"https:\\\/\\\/wmtbaltic.lv\\\/wp-content\\\/uploads\\\/2024\\\/12\\\/wmt-baltic-sia_107142_9_420x180.jpg\",\"contentUrl\":\"https:\\\/\\\/wmtbaltic.lv\\\/wp-content\\\/uploads\\\/2024\\\/12\\\/wmt-baltic-sia_107142_9_420x180.jpg\",\"width\":420,\"height\":180,\"caption\":\"WMT Baltic\"},\"image\":{\"@id\":\"https:\\\/\\\/wmtbaltic.lv\\\/#\\\/schema\\\/logo\\\/image\\\/\"},\"sameAs\":[\"https:\\\/\\\/www.facebook.com\\\/WMT.Baltic.viscom\\\/?locale=lv_LV\",\"https:\\\/\\\/www.instagram.com\\\/viscom_wmt\\\/\"]}]}<\/script>\n<!-- \/ Yoast SEO plugin. -->","yoast_head_json":{"title":"Transmatic REV 3S elektrisk\u0101 termoprese - WMT Baltic","robots":{"index":"index","follow":"follow","max-snippet":"max-snippet:-1","max-image-preview":"max-image-preview:large","max-video-preview":"max-video-preview:-1"},"canonical":"https:\/\/wmtbaltic.lv\/Produkts\/transmatic-rev-3s-sa-elektriska-termoprese\/","og_locale":"en_US","og_type":"article","og_title":"Transmatic REV 3S elektrisk\u0101 termoprese - WMT Baltic","og_url":"https:\/\/wmtbaltic.lv\/Produkts\/transmatic-rev-3s-sa-elektriska-termoprese\/","og_site_name":"WMT Baltic","article_publisher":"https:\/\/www.facebook.com\/WMT.Baltic.viscom\/?locale=lv_LV","article_modified_time":"2023-11-22T10:00:27+00:00","og_image":[{"width":2560,"height":2177,"url":"http:\/\/wmtbaltic.lv\/wp-content\/uploads\/2023\/11\/REV-3S-TC-e1485435819216-scaled.jpg","type":"image\/jpeg"}],"twitter_card":"summary_large_image","twitter_misc":{"Est. reading time":"1 minute"},"schema":{"@context":"https:\/\/schema.org","@graph":[{"@type":"WebPage","@id":"https:\/\/wmtbaltic.lv\/Produkts\/transmatic-rev-3s-sa-elektriska-termoprese\/","url":"https:\/\/wmtbaltic.lv\/Produkts\/transmatic-rev-3s-sa-elektriska-termoprese\/","name":"Transmatic REV 3S elektrisk\u0101 termoprese - WMT Baltic","isPartOf":{"@id":"https:\/\/wmtbaltic.lv\/#website"},"primaryImageOfPage":{"@id":"https:\/\/wmtbaltic.lv\/Produkts\/transmatic-rev-3s-sa-elektriska-termoprese\/#primaryimage"},"image":{"@id":"https:\/\/wmtbaltic.lv\/Produkts\/transmatic-rev-3s-sa-elektriska-termoprese\/#primaryimage"},"thumbnailUrl":"https:\/\/wmtbaltic.lv\/wp-content\/uploads\/2023\/11\/REV-3S-TC-e1485435819216-scaled.jpg","datePublished":"2023-11-17T13:07:17+00:00","dateModified":"2023-11-22T10:00:27+00:00","breadcrumb":{"@id":"https:\/\/wmtbaltic.lv\/Produkts\/transmatic-rev-3s-sa-elektriska-termoprese\/#breadcrumb"},"inLanguage":"en-US","potentialAction":[{"@type":"ReadAction","target":["https:\/\/wmtbaltic.lv\/Produkts\/transmatic-rev-3s-sa-elektriska-termoprese\/"]}]},{"@type":"ImageObject","inLanguage":"en-US","@id":"https:\/\/wmtbaltic.lv\/Produkts\/transmatic-rev-3s-sa-elektriska-termoprese\/#primaryimage","url":"https:\/\/wmtbaltic.lv\/wp-content\/uploads\/2023\/11\/REV-3S-TC-e1485435819216-scaled.jpg","contentUrl":"https:\/\/wmtbaltic.lv\/wp-content\/uploads\/2023\/11\/REV-3S-TC-e1485435819216-scaled.jpg","width":2560,"height":2177},{"@type":"BreadcrumbList","@id":"https:\/\/wmtbaltic.lv\/Produkts\/transmatic-rev-3s-sa-elektriska-termoprese\/#breadcrumb","itemListElement":[{"@type":"ListItem","position":1,"name":"Home","item":"https:\/\/wmtbaltic.lv\/en\/"},{"@type":"ListItem","position":2,"name":"Shop","item":"https:\/\/wmtbaltic.lv\/shop\/"},{"@type":"ListItem","position":3,"name":"Transmatic REV 3S elektrisk\u0101 termoprese"}]},{"@type":"WebSite","@id":"https:\/\/wmtbaltic.lv\/#website","url":"https:\/\/wmtbaltic.lv\/","name":"WMT Baltic","description":"Rekl\u0101mas produkti, pl\u0113ves","publisher":{"@id":"https:\/\/wmtbaltic.lv\/#organization"},"potentialAction":[{"@type":"SearchAction","target":{"@type":"EntryPoint","urlTemplate":"https:\/\/wmtbaltic.lv\/?s={search_term_string}"},"query-input":{"@type":"PropertyValueSpecification","valueRequired":true,"valueName":"search_term_string"}}],"inLanguage":"en-US"},{"@type":"Organization","@id":"https:\/\/wmtbaltic.lv\/#organization","name":"WMT Baltic","url":"https:\/\/wmtbaltic.lv\/","logo":{"@type":"ImageObject","inLanguage":"en-US","@id":"https:\/\/wmtbaltic.lv\/#\/schema\/logo\/image\/","url":"https:\/\/wmtbaltic.lv\/wp-content\/uploads\/2024\/12\/wmt-baltic-sia_107142_9_420x180.jpg","contentUrl":"https:\/\/wmtbaltic.lv\/wp-content\/uploads\/2024\/12\/wmt-baltic-sia_107142_9_420x180.jpg","width":420,"height":180,"caption":"WMT Baltic"},"image":{"@id":"https:\/\/wmtbaltic.lv\/#\/schema\/logo\/image\/"},"sameAs":["https:\/\/www.facebook.com\/WMT.Baltic.viscom\/?locale=lv_LV","https:\/\/www.instagram.com\/viscom_wmt\/"]}]}},"_links":{"self":[{"href":"https:\/\/wmtbaltic.lv\/en\/wp-json\/wp\/v2\/product\/15936","targetHints":{"allow":["GET"]}}],"collection":[{"href":"https:\/\/wmtbaltic.lv\/en\/wp-json\/wp\/v2\/product"}],"about":[{"href":"https:\/\/wmtbaltic.lv\/en\/wp-json\/wp\/v2\/types\/product"}],"wp:featuredmedia":[{"embeddable":true,"href":"https:\/\/wmtbaltic.lv\/en\/wp-json\/wp\/v2\/media\/15937"}],"wp:attachment":[{"href":"https:\/\/wmtbaltic.lv\/en\/wp-json\/wp\/v2\/media?parent=15936"}],"wp:term":[{"taxonomy":"product_brand","embeddable":true,"href":"https:\/\/wmtbaltic.lv\/en\/wp-json\/wp\/v2\/product_brand?post=15936"},{"taxonomy":"product_cat","embeddable":true,"href":"https:\/\/wmtbaltic.lv\/en\/wp-json\/wp\/v2\/product_cat?post=15936"},{"taxonomy":"product_tag","embeddable":true,"href":"https:\/\/wmtbaltic.lv\/en\/wp-json\/wp\/v2\/product_tag?post=15936"}],"curies":[{"name":"wp","href":"https:\/\/api.w.org\/{rel}","templated":true}]}}