{"id":15927,"date":"2023-11-15T13:35:02","date_gmt":"2023-11-15T13:35:02","guid":{"rendered":"https:\/\/wmtbaltic.lv\/?post_type=product&#038;p=15927"},"modified":"2023-11-15T13:35:06","modified_gmt":"2023-11-15T13:35:06","slug":"stativs-rc-710-2","status":"publish","type":"product","link":"https:\/\/wmtbaltic.lv\/en\/product\/stativs-rc-710-2\/","title":{"rendered":"Stat\u012bvs RC 710"},"content":{"rendered":"<p><strong>Stat\u012bvs ar stiliz\u0113tu un ergonomisku dizainu giljot\u012bn\u0101m RC 710<\/strong><\/p>\n<p>Izgatavots no t\u0113rauda, taj\u0101 ir darba pl\u0101ni ar form\u0113jo\u0161o malu, ko veido stiliz\u0113tas un ergonomisk\u0101m l\u012bnij\u0101m;<br \/>\nkr\u0101sots elektrostatisk\u0101 lauk\u0101 ar pulverkr\u0101su pret skr\u0101p\u0113jumiem, iztur\u012bgs pret \u0101rvides apst\u0101k\u013ciem;<\/p>\n<p>&nbsp;<\/p>\n<p><b>Neto svars: <\/b>11<span lang=\"lv-LV\">,800<\/span><\/p>\n<p><b>Stat\u012bva<\/b><b> kop\u0113jais izm\u0113rs: <\/b>H 730 mm<\/p>\n<p>&nbsp;<\/p>\n<p>Manu\u0101lie giljot\u012bnas no \u201c<b>RC Systems\u00a0<\/b><b>Giljot\u012bna RC 710<\/b>\u201d hobijiem, skolai, m\u0101j\u0101m, foto un birojam<br \/>\nVisa m\u016bsu iek\u0101rtu konstrukcija ir izgatavota no t\u0113rauda ar pl\u0101niem un veidojo\u0161\u0101m mal\u0101m ar stiliz\u0113t\u0101m ergonomisk\u0101m l\u012bnij\u0101m, kas kr\u0101sotas elektrostatisk\u0101 lauk\u0101 ar pretskr\u0101p\u0113jumu pulveri, kas ilgst pat atkl\u0101t\u0101s viet\u0101s.<br \/>\nRC griez\u0113ju kl\u0101sts ir apr\u012bkots ar s\u0101nu griez\u0113ju, kas noved pap\u012bru prec\u012bzi l\u012bdz asmenim un pretasmeni, kas \u013cauj \u013coti labi griezt da\u017eu mm\/collu pap\u012brs, piem\u0113ram, viz\u012btkartes.<\/p>\n","protected":false},"excerpt":{"rendered":"Stat\u012bvs ar stiliz\u0113tu un ergonomisku dizainu giljot\u012bn\u0101m RC 710 Izgatavots no t\u0113rauda, taj\u0101 ir darba pl\u0101ni ar form\u0113jo\u0161o malu, ko veido stiliz\u0113tas un ergonomisk\u0101m l\u012bnij\u0101m; kr\u0101sots elektrostatisk\u0101 lauk\u0101 ar pulverkr\u0101su pret skr\u0101p\u0113jumiem, iztur\u012bgs pret \u0101rvides apst\u0101k\u013ciem; &nbsp; Neto svars: 11,800 Stat\u012bva kop\u0113jais izm\u0113rs: H 730 mm &nbsp; Manu\u0101lie giljot\u012bnas no \u201cRC Systems\u00a0Giljot\u012bna RC 710\u201d hobijiem, [...]","protected":false},"featured_media":15929,"comment_status":"closed","ping_status":"closed","template":"","meta":[],"product_brand":[],"product_cat":[71,258,259],"product_tag":[725,502,723],"class_list":{"0":"post-15927","1":"product","2":"type-product","3":"status-publish","4":"has-post-thumbnail","6":"product_cat-griesana-locisana-rievosana","7":"product_cat-iekartas-un-izejmateriali","8":"product_cat-rc-systems","9":"product_tag-giljotina","10":"product_tag-griesana","11":"product_tag-rc-systems","13":"first","14":"instock","15":"shipping-taxable","16":"purchasable","17":"product-type-simple"},"yoast_head":"<!-- This site is optimized with the Yoast SEO plugin v27.4 - https:\/\/yoast.com\/product\/yoast-seo-wordpress\/ -->\n<title>Stat\u012bvs RC 710 - WMT Baltic<\/title>\n<meta name=\"description\" content=\"Stat\u012bvs ar stiliz\u0113tu un ergonomisku dizainu giljot\u012bn\u0101m RC 710, Neto svars: 11,800\u00a0Stat\u012bva kop\u0113jais izm\u0113rs: H 730 mm, Nopirkt R\u012bg\u0101\" \/>\n<meta name=\"robots\" content=\"index, follow, max-snippet:-1, max-image-preview:large, max-video-preview:-1\" \/>\n<link rel=\"canonical\" href=\"https:\/\/wmtbaltic.lv\/Produkts\/stativs-rc-710-2\/\" \/>\n<meta property=\"og:locale\" content=\"en_US\" \/>\n<meta property=\"og:type\" content=\"article\" \/>\n<meta property=\"og:title\" content=\"Stat\u012bvs RC 710 - WMT Baltic\" \/>\n<meta property=\"og:description\" content=\"Stat\u012bvs ar stiliz\u0113tu un ergonomisku dizainu giljot\u012bn\u0101m RC 710, Neto svars: 11,800\u00a0Stat\u012bva kop\u0113jais izm\u0113rs: H 730 mm, Nopirkt R\u012bg\u0101\" \/>\n<meta property=\"og:url\" content=\"https:\/\/wmtbaltic.lv\/Produkts\/stativs-rc-710-2\/\" \/>\n<meta property=\"og:site_name\" content=\"WMT Baltic\" \/>\n<meta property=\"article:publisher\" content=\"https:\/\/www.facebook.com\/WMT.Baltic.viscom\/?locale=lv_LV\" \/>\n<meta property=\"article:modified_time\" content=\"2023-11-15T13:35:06+00:00\" \/>\n<meta property=\"og:image\" content=\"http:\/\/wmtbaltic.lv\/wp-content\/uploads\/2023\/11\/stand-710-img.4.jpg\" \/>\n\t<meta property=\"og:image:width\" content=\"640\" \/>\n\t<meta property=\"og:image:height\" content=\"480\" \/>\n\t<meta property=\"og:image:type\" content=\"image\/jpeg\" \/>\n<meta name=\"twitter:card\" content=\"summary_large_image\" \/>\n<meta name=\"twitter:label1\" content=\"Est. reading time\" \/>\n\t<meta name=\"twitter:data1\" content=\"1 minute\" \/>\n<script type=\"application\/ld+json\" class=\"yoast-schema-graph\">{\"@context\":\"https:\\\/\\\/schema.org\",\"@graph\":[{\"@type\":\"WebPage\",\"@id\":\"https:\\\/\\\/wmtbaltic.lv\\\/Produkts\\\/stativs-rc-710-2\\\/\",\"url\":\"https:\\\/\\\/wmtbaltic.lv\\\/Produkts\\\/stativs-rc-710-2\\\/\",\"name\":\"Stat\u012bvs RC 710 - WMT Baltic\",\"isPartOf\":{\"@id\":\"https:\\\/\\\/wmtbaltic.lv\\\/#website\"},\"primaryImageOfPage\":{\"@id\":\"https:\\\/\\\/wmtbaltic.lv\\\/Produkts\\\/stativs-rc-710-2\\\/#primaryimage\"},\"image\":{\"@id\":\"https:\\\/\\\/wmtbaltic.lv\\\/Produkts\\\/stativs-rc-710-2\\\/#primaryimage\"},\"thumbnailUrl\":\"https:\\\/\\\/wmtbaltic.lv\\\/wp-content\\\/uploads\\\/2023\\\/11\\\/stand-710-img.4.jpg\",\"datePublished\":\"2023-11-15T13:35:02+00:00\",\"dateModified\":\"2023-11-15T13:35:06+00:00\",\"description\":\"Stat\u012bvs ar stiliz\u0113tu un ergonomisku dizainu giljot\u012bn\u0101m RC 710, Neto svars: 11,800\u00a0Stat\u012bva kop\u0113jais izm\u0113rs: H 730 mm, Nopirkt R\u012bg\u0101\",\"breadcrumb\":{\"@id\":\"https:\\\/\\\/wmtbaltic.lv\\\/Produkts\\\/stativs-rc-710-2\\\/#breadcrumb\"},\"inLanguage\":\"en-US\",\"potentialAction\":[{\"@type\":\"ReadAction\",\"target\":[\"https:\\\/\\\/wmtbaltic.lv\\\/Produkts\\\/stativs-rc-710-2\\\/\"]}]},{\"@type\":\"ImageObject\",\"inLanguage\":\"en-US\",\"@id\":\"https:\\\/\\\/wmtbaltic.lv\\\/Produkts\\\/stativs-rc-710-2\\\/#primaryimage\",\"url\":\"https:\\\/\\\/wmtbaltic.lv\\\/wp-content\\\/uploads\\\/2023\\\/11\\\/stand-710-img.4.jpg\",\"contentUrl\":\"https:\\\/\\\/wmtbaltic.lv\\\/wp-content\\\/uploads\\\/2023\\\/11\\\/stand-710-img.4.jpg\",\"width\":640,\"height\":480},{\"@type\":\"BreadcrumbList\",\"@id\":\"https:\\\/\\\/wmtbaltic.lv\\\/Produkts\\\/stativs-rc-710-2\\\/#breadcrumb\",\"itemListElement\":[{\"@type\":\"ListItem\",\"position\":1,\"name\":\"Home\",\"item\":\"https:\\\/\\\/wmtbaltic.lv\\\/en\\\/\"},{\"@type\":\"ListItem\",\"position\":2,\"name\":\"Products\",\"item\":\"https:\\\/\\\/wmtbaltic.lv\\\/en\\\/shop\\\/\"},{\"@type\":\"ListItem\",\"position\":3,\"name\":\"Stat\u012bvs RC 710\"}]},{\"@type\":\"WebSite\",\"@id\":\"https:\\\/\\\/wmtbaltic.lv\\\/#website\",\"url\":\"https:\\\/\\\/wmtbaltic.lv\\\/\",\"name\":\"WMT Baltic\",\"description\":\"Rekl\u0101mas produkti, pl\u0113ves\",\"publisher\":{\"@id\":\"https:\\\/\\\/wmtbaltic.lv\\\/#organization\"},\"potentialAction\":[{\"@type\":\"SearchAction\",\"target\":{\"@type\":\"EntryPoint\",\"urlTemplate\":\"https:\\\/\\\/wmtbaltic.lv\\\/?s={search_term_string}\"},\"query-input\":{\"@type\":\"PropertyValueSpecification\",\"valueRequired\":true,\"valueName\":\"search_term_string\"}}],\"inLanguage\":\"en-US\"},{\"@type\":\"Organization\",\"@id\":\"https:\\\/\\\/wmtbaltic.lv\\\/#organization\",\"name\":\"WMT Baltic\",\"url\":\"https:\\\/\\\/wmtbaltic.lv\\\/\",\"logo\":{\"@type\":\"ImageObject\",\"inLanguage\":\"en-US\",\"@id\":\"https:\\\/\\\/wmtbaltic.lv\\\/#\\\/schema\\\/logo\\\/image\\\/\",\"url\":\"https:\\\/\\\/wmtbaltic.lv\\\/wp-content\\\/uploads\\\/2024\\\/12\\\/wmt-baltic-sia_107142_9_420x180.jpg\",\"contentUrl\":\"https:\\\/\\\/wmtbaltic.lv\\\/wp-content\\\/uploads\\\/2024\\\/12\\\/wmt-baltic-sia_107142_9_420x180.jpg\",\"width\":420,\"height\":180,\"caption\":\"WMT Baltic\"},\"image\":{\"@id\":\"https:\\\/\\\/wmtbaltic.lv\\\/#\\\/schema\\\/logo\\\/image\\\/\"},\"sameAs\":[\"https:\\\/\\\/www.facebook.com\\\/WMT.Baltic.viscom\\\/?locale=lv_LV\",\"https:\\\/\\\/www.instagram.com\\\/viscom_wmt\\\/\"]}]}<\/script>\n<!-- \/ Yoast SEO plugin. -->","yoast_head_json":{"title":"Stat\u012bvs RC 710 - WMT Baltic","description":"Stat\u012bvs ar stiliz\u0113tu un ergonomisku dizainu giljot\u012bn\u0101m RC 710, Neto svars: 11,800\u00a0Stat\u012bva kop\u0113jais izm\u0113rs: H 730 mm, Nopirkt R\u012bg\u0101","robots":{"index":"index","follow":"follow","max-snippet":"max-snippet:-1","max-image-preview":"max-image-preview:large","max-video-preview":"max-video-preview:-1"},"canonical":"https:\/\/wmtbaltic.lv\/Produkts\/stativs-rc-710-2\/","og_locale":"en_US","og_type":"article","og_title":"Stat\u012bvs RC 710 - WMT Baltic","og_description":"Stat\u012bvs ar stiliz\u0113tu un ergonomisku dizainu giljot\u012bn\u0101m RC 710, Neto svars: 11,800\u00a0Stat\u012bva kop\u0113jais izm\u0113rs: H 730 mm, Nopirkt R\u012bg\u0101","og_url":"https:\/\/wmtbaltic.lv\/Produkts\/stativs-rc-710-2\/","og_site_name":"WMT Baltic","article_publisher":"https:\/\/www.facebook.com\/WMT.Baltic.viscom\/?locale=lv_LV","article_modified_time":"2023-11-15T13:35:06+00:00","og_image":[{"width":640,"height":480,"url":"http:\/\/wmtbaltic.lv\/wp-content\/uploads\/2023\/11\/stand-710-img.4.jpg","type":"image\/jpeg"}],"twitter_card":"summary_large_image","twitter_misc":{"Est. reading time":"1 minute"},"schema":{"@context":"https:\/\/schema.org","@graph":[{"@type":"WebPage","@id":"https:\/\/wmtbaltic.lv\/Produkts\/stativs-rc-710-2\/","url":"https:\/\/wmtbaltic.lv\/Produkts\/stativs-rc-710-2\/","name":"Stat\u012bvs RC 710 - WMT Baltic","isPartOf":{"@id":"https:\/\/wmtbaltic.lv\/#website"},"primaryImageOfPage":{"@id":"https:\/\/wmtbaltic.lv\/Produkts\/stativs-rc-710-2\/#primaryimage"},"image":{"@id":"https:\/\/wmtbaltic.lv\/Produkts\/stativs-rc-710-2\/#primaryimage"},"thumbnailUrl":"https:\/\/wmtbaltic.lv\/wp-content\/uploads\/2023\/11\/stand-710-img.4.jpg","datePublished":"2023-11-15T13:35:02+00:00","dateModified":"2023-11-15T13:35:06+00:00","description":"Stat\u012bvs ar stiliz\u0113tu un ergonomisku dizainu giljot\u012bn\u0101m RC 710, Neto svars: 11,800\u00a0Stat\u012bva kop\u0113jais izm\u0113rs: H 730 mm, Nopirkt R\u012bg\u0101","breadcrumb":{"@id":"https:\/\/wmtbaltic.lv\/Produkts\/stativs-rc-710-2\/#breadcrumb"},"inLanguage":"en-US","potentialAction":[{"@type":"ReadAction","target":["https:\/\/wmtbaltic.lv\/Produkts\/stativs-rc-710-2\/"]}]},{"@type":"ImageObject","inLanguage":"en-US","@id":"https:\/\/wmtbaltic.lv\/Produkts\/stativs-rc-710-2\/#primaryimage","url":"https:\/\/wmtbaltic.lv\/wp-content\/uploads\/2023\/11\/stand-710-img.4.jpg","contentUrl":"https:\/\/wmtbaltic.lv\/wp-content\/uploads\/2023\/11\/stand-710-img.4.jpg","width":640,"height":480},{"@type":"BreadcrumbList","@id":"https:\/\/wmtbaltic.lv\/Produkts\/stativs-rc-710-2\/#breadcrumb","itemListElement":[{"@type":"ListItem","position":1,"name":"Home","item":"https:\/\/wmtbaltic.lv\/en\/"},{"@type":"ListItem","position":2,"name":"Products","item":"https:\/\/wmtbaltic.lv\/en\/shop\/"},{"@type":"ListItem","position":3,"name":"Stat\u012bvs RC 710"}]},{"@type":"WebSite","@id":"https:\/\/wmtbaltic.lv\/#website","url":"https:\/\/wmtbaltic.lv\/","name":"WMT Baltic","description":"Rekl\u0101mas produkti, pl\u0113ves","publisher":{"@id":"https:\/\/wmtbaltic.lv\/#organization"},"potentialAction":[{"@type":"SearchAction","target":{"@type":"EntryPoint","urlTemplate":"https:\/\/wmtbaltic.lv\/?s={search_term_string}"},"query-input":{"@type":"PropertyValueSpecification","valueRequired":true,"valueName":"search_term_string"}}],"inLanguage":"en-US"},{"@type":"Organization","@id":"https:\/\/wmtbaltic.lv\/#organization","name":"WMT Baltic","url":"https:\/\/wmtbaltic.lv\/","logo":{"@type":"ImageObject","inLanguage":"en-US","@id":"https:\/\/wmtbaltic.lv\/#\/schema\/logo\/image\/","url":"https:\/\/wmtbaltic.lv\/wp-content\/uploads\/2024\/12\/wmt-baltic-sia_107142_9_420x180.jpg","contentUrl":"https:\/\/wmtbaltic.lv\/wp-content\/uploads\/2024\/12\/wmt-baltic-sia_107142_9_420x180.jpg","width":420,"height":180,"caption":"WMT Baltic"},"image":{"@id":"https:\/\/wmtbaltic.lv\/#\/schema\/logo\/image\/"},"sameAs":["https:\/\/www.facebook.com\/WMT.Baltic.viscom\/?locale=lv_LV","https:\/\/www.instagram.com\/viscom_wmt\/"]}]}},"_links":{"self":[{"href":"https:\/\/wmtbaltic.lv\/en\/wp-json\/wp\/v2\/product\/15927","targetHints":{"allow":["GET"]}}],"collection":[{"href":"https:\/\/wmtbaltic.lv\/en\/wp-json\/wp\/v2\/product"}],"about":[{"href":"https:\/\/wmtbaltic.lv\/en\/wp-json\/wp\/v2\/types\/product"}],"replies":[{"embeddable":true,"href":"https:\/\/wmtbaltic.lv\/en\/wp-json\/wp\/v2\/comments?post=15927"}],"wp:featuredmedia":[{"embeddable":true,"href":"https:\/\/wmtbaltic.lv\/en\/wp-json\/wp\/v2\/media\/15929"}],"wp:attachment":[{"href":"https:\/\/wmtbaltic.lv\/en\/wp-json\/wp\/v2\/media?parent=15927"}],"wp:term":[{"taxonomy":"product_brand","embeddable":true,"href":"https:\/\/wmtbaltic.lv\/en\/wp-json\/wp\/v2\/product_brand?post=15927"},{"taxonomy":"product_cat","embeddable":true,"href":"https:\/\/wmtbaltic.lv\/en\/wp-json\/wp\/v2\/product_cat?post=15927"},{"taxonomy":"product_tag","embeddable":true,"href":"https:\/\/wmtbaltic.lv\/en\/wp-json\/wp\/v2\/product_tag?post=15927"}],"curies":[{"name":"wp","href":"https:\/\/api.w.org\/{rel}","templated":true}]}}