{"id":15882,"date":"2023-11-14T10:54:16","date_gmt":"2023-11-14T10:54:16","guid":{"rendered":"https:\/\/wmtbaltic.lv\/?post_type=product&#038;p=15882"},"modified":"2023-11-14T10:54:20","modified_gmt":"2023-11-14T10:54:20","slug":"giljotina-rc-451","status":"publish","type":"product","link":"https:\/\/wmtbaltic.lv\/en\/product\/giljotina-rc-451\/","title":{"rendered":"Giljot\u012bna RC 451"},"content":{"rendered":"<p>Manu\u0101lie giljot\u012bnas no \u201c<b>RC Systems <\/b><span style=\"color: #000000;\"><b>Giljot\u012bna RC 451\u00a0(s\u0113rija 3)<\/b><\/span>\u201d hobijiem, skolai, m\u0101j\u0101m, foto un birojam<br \/>\nVisa m\u016bsu iek\u0101rtu konstrukcija ir izgatavota no t\u0113rauda ar pl\u0101niem un veidojo\u0161\u0101m mal\u0101m ar stiliz\u0113t\u0101m ergonomisk\u0101m l\u012bnij\u0101m, kas kr\u0101sotas elektrostatisk\u0101 lauk\u0101 ar pretskr\u0101p\u0113jumu pulveri, kas ilgst pat atkl\u0101t\u0101s viet\u0101s.<br \/>\nRC griez\u0113ju kl\u0101sts ir apr\u012bkots ar s\u0101nu griez\u0113ju, kas noved pap\u012bru prec\u012bzi l\u012bdz asmenim un pretasmeni, kas \u013cauj \u013coti labi griezt da\u017eu mm\/collu pap\u012brs, piem\u0113ram, viz\u012btkartes.<\/p>\n<p><b>TEHNISK\u0100 INFO<\/b><span style=\"color: #000000;\"><b>RM\u0100CIJA Giljot\u012bna RC 451\u00a0<\/b><\/span><span style=\"color: #000000;\"><b>(s\u0113rija 3)<\/b><\/span><\/p>\n<p><b>Grie\u0161anas garums:<\/b> 450 mm<\/p>\n<p><b>Grie\u0161anas jauda:<\/b> 20 loksnes (80 gr.\/m2) vai 24 loksnes (70 gr.\/m2)<\/p>\n<p><b>Grie\u0161anas biezums:<\/b> 3 mm<\/p>\n<p><b>Pap\u012bra preses sist\u0113ma:<\/b> Manu\u0101l\u0101 ar ergonomisku dizainu<br \/>\n<b>Dro\u0161\u012bbas <\/b><span lang=\"ru-RU\"><b>aizsardz\u012bba<\/b><\/span><span lang=\"ru-RU\">: <\/span><span lang=\"ru-RU\">Dro\u0161\u012bbas<\/span> aizsargs, izgatavots no caursp\u012bd\u012bga nedal\u0101m\u0101 sint\u0113tisk\u0101 stikla<\/p>\n<p><i><b>Sietspiede UNI form\u0101ts:<\/b><\/i><\/p>\n<ul>\n<li><span lang=\"lv-LV\">A<\/span><span lang=\"ru-RU\">inava<\/span> <span lang=\"ru-RU\">un portrets<\/span><span lang=\"ru-RU\">: <\/span><span lang=\"ru-RU\">A<\/span><span lang=\"lv-LV\">nsi B,<\/span> <span lang=\"lv-LV\">A3, B4<\/span><\/li>\n<li><span lang=\"lv-LV\">Formats: 81\/2 x 13 \u2013 C4, A4, B5, C5, A5, B6, C6, A6<\/span><\/li>\n<li>Griezuma l\u012bnija 60\u00b0 &#8211; 45\u00b0 &#8211; 30\u00b0<\/li>\n<\/ul>\n<p><b>M\u0113rskala:<\/b> milimetri un collas<\/p>\n<p><b>Grie\u0161anas zona:<\/b> L 450\u00a0x\u00a0W 332<\/p>\n<p><b>Stat\u012bva<\/b><b> kop\u0113jais izm\u0113rs:<\/b> L 674 x W 372 x H 510<\/p>\n<p><b>Neto svars: <\/b><span lang=\"lv-LV\"><b>4<\/b><\/span><span lang=\"lv-LV\">,<\/span><span lang=\"lv-LV\">800<\/span> \u0122iljotina<\/p>\n","protected":false},"excerpt":{"rendered":"Manu\u0101lie giljot\u012bnas no \u201cRC Systems Giljot\u012bna RC 451\u00a0(s\u0113rija 3)\u201d hobijiem, skolai, m\u0101j\u0101m, foto un birojam Visa m\u016bsu iek\u0101rtu konstrukcija ir izgatavota no t\u0113rauda ar pl\u0101niem un veidojo\u0161\u0101m mal\u0101m ar stiliz\u0113t\u0101m ergonomisk\u0101m l\u012bnij\u0101m, kas kr\u0101sotas elektrostatisk\u0101 lauk\u0101 ar pretskr\u0101p\u0113jumu pulveri, kas ilgst pat atkl\u0101t\u0101s viet\u0101s. RC griez\u0113ju kl\u0101sts ir apr\u012bkots ar s\u0101nu griez\u0113ju, kas noved pap\u012bru [...]","protected":false},"featured_media":15874,"comment_status":"closed","ping_status":"closed","template":"","meta":[],"product_brand":[],"product_cat":[71,258,259],"product_tag":[725,502,723],"class_list":{"0":"post-15882","1":"product","2":"type-product","3":"status-publish","4":"has-post-thumbnail","6":"product_cat-griesana-locisana-rievosana","7":"product_cat-iekartas-un-izejmateriali","8":"product_cat-rc-systems","9":"product_tag-giljotina","10":"product_tag-griesana","11":"product_tag-rc-systems","13":"first","14":"instock","15":"shipping-taxable","16":"purchasable","17":"product-type-simple"},"yoast_head":"<!-- This site is optimized with the Yoast SEO plugin v27.4 - https:\/\/yoast.com\/product\/yoast-seo-wordpress\/ -->\n<title>Giljot\u012bna RC 451 - WMT Baltic<\/title>\n<meta name=\"description\" content=\"Grie\u0161anas garums: 450 mmGrie\u0161anas jauda: 20 loksnes (80 gr.\/m2) vai 24 loksnes (70 gr.\/m2)Grie\u0161anas biezums: 3 mm. Nopirkt R\u012bg\u0101\" \/>\n<meta name=\"robots\" content=\"index, follow, max-snippet:-1, max-image-preview:large, max-video-preview:-1\" \/>\n<link rel=\"canonical\" href=\"https:\/\/wmtbaltic.lv\/Produkts\/giljotina-rc-451\/\" \/>\n<meta property=\"og:locale\" content=\"en_US\" \/>\n<meta property=\"og:type\" content=\"article\" \/>\n<meta property=\"og:title\" content=\"Giljot\u012bna RC 451 - WMT Baltic\" \/>\n<meta property=\"og:description\" content=\"Grie\u0161anas garums: 450 mmGrie\u0161anas jauda: 20 loksnes (80 gr.\/m2) vai 24 loksnes (70 gr.\/m2)Grie\u0161anas biezums: 3 mm. Nopirkt R\u012bg\u0101\" \/>\n<meta property=\"og:url\" content=\"https:\/\/wmtbaltic.lv\/Produkts\/giljotina-rc-451\/\" \/>\n<meta property=\"og:site_name\" content=\"WMT Baltic\" \/>\n<meta property=\"article:publisher\" content=\"https:\/\/www.facebook.com\/WMT.Baltic.viscom\/?locale=lv_LV\" \/>\n<meta property=\"article:modified_time\" content=\"2023-11-14T10:54:20+00:00\" \/>\n<meta property=\"og:image\" content=\"http:\/\/wmtbaltic.lv\/wp-content\/uploads\/2021\/04\/1rc-321_S3_1.jpg\" \/>\n\t<meta property=\"og:image:width\" content=\"976\" \/>\n\t<meta property=\"og:image:height\" content=\"719\" \/>\n\t<meta property=\"og:image:type\" content=\"image\/jpeg\" \/>\n<meta name=\"twitter:card\" content=\"summary_large_image\" \/>\n<meta name=\"twitter:label1\" content=\"Est. reading time\" \/>\n\t<meta name=\"twitter:data1\" content=\"1 minute\" \/>\n<script type=\"application\/ld+json\" class=\"yoast-schema-graph\">{\"@context\":\"https:\\\/\\\/schema.org\",\"@graph\":[{\"@type\":\"WebPage\",\"@id\":\"https:\\\/\\\/wmtbaltic.lv\\\/Produkts\\\/giljotina-rc-451\\\/\",\"url\":\"https:\\\/\\\/wmtbaltic.lv\\\/Produkts\\\/giljotina-rc-451\\\/\",\"name\":\"Giljot\u012bna RC 451 - WMT Baltic\",\"isPartOf\":{\"@id\":\"https:\\\/\\\/wmtbaltic.lv\\\/#website\"},\"primaryImageOfPage\":{\"@id\":\"https:\\\/\\\/wmtbaltic.lv\\\/Produkts\\\/giljotina-rc-451\\\/#primaryimage\"},\"image\":{\"@id\":\"https:\\\/\\\/wmtbaltic.lv\\\/Produkts\\\/giljotina-rc-451\\\/#primaryimage\"},\"thumbnailUrl\":\"https:\\\/\\\/wmtbaltic.lv\\\/wp-content\\\/uploads\\\/2021\\\/04\\\/1rc-321_S3_1.jpg\",\"datePublished\":\"2023-11-14T10:54:16+00:00\",\"dateModified\":\"2023-11-14T10:54:20+00:00\",\"description\":\"Grie\u0161anas garums: 450 mmGrie\u0161anas jauda: 20 loksnes (80 gr.\\\/m2) vai 24 loksnes (70 gr.\\\/m2)Grie\u0161anas biezums: 3 mm. Nopirkt R\u012bg\u0101\",\"breadcrumb\":{\"@id\":\"https:\\\/\\\/wmtbaltic.lv\\\/Produkts\\\/giljotina-rc-451\\\/#breadcrumb\"},\"inLanguage\":\"en-US\",\"potentialAction\":[{\"@type\":\"ReadAction\",\"target\":[\"https:\\\/\\\/wmtbaltic.lv\\\/Produkts\\\/giljotina-rc-451\\\/\"]}]},{\"@type\":\"ImageObject\",\"inLanguage\":\"en-US\",\"@id\":\"https:\\\/\\\/wmtbaltic.lv\\\/Produkts\\\/giljotina-rc-451\\\/#primaryimage\",\"url\":\"https:\\\/\\\/wmtbaltic.lv\\\/wp-content\\\/uploads\\\/2021\\\/04\\\/1rc-321_S3_1.jpg\",\"contentUrl\":\"https:\\\/\\\/wmtbaltic.lv\\\/wp-content\\\/uploads\\\/2021\\\/04\\\/1rc-321_S3_1.jpg\",\"width\":976,\"height\":719},{\"@type\":\"BreadcrumbList\",\"@id\":\"https:\\\/\\\/wmtbaltic.lv\\\/Produkts\\\/giljotina-rc-451\\\/#breadcrumb\",\"itemListElement\":[{\"@type\":\"ListItem\",\"position\":1,\"name\":\"Home\",\"item\":\"https:\\\/\\\/wmtbaltic.lv\\\/en\\\/\"},{\"@type\":\"ListItem\",\"position\":2,\"name\":\"Products\",\"item\":\"https:\\\/\\\/wmtbaltic.lv\\\/en\\\/shop\\\/\"},{\"@type\":\"ListItem\",\"position\":3,\"name\":\"Giljot\u012bna RC 451\"}]},{\"@type\":\"WebSite\",\"@id\":\"https:\\\/\\\/wmtbaltic.lv\\\/#website\",\"url\":\"https:\\\/\\\/wmtbaltic.lv\\\/\",\"name\":\"WMT Baltic\",\"description\":\"Rekl\u0101mas produkti, pl\u0113ves\",\"publisher\":{\"@id\":\"https:\\\/\\\/wmtbaltic.lv\\\/#organization\"},\"potentialAction\":[{\"@type\":\"SearchAction\",\"target\":{\"@type\":\"EntryPoint\",\"urlTemplate\":\"https:\\\/\\\/wmtbaltic.lv\\\/?s={search_term_string}\"},\"query-input\":{\"@type\":\"PropertyValueSpecification\",\"valueRequired\":true,\"valueName\":\"search_term_string\"}}],\"inLanguage\":\"en-US\"},{\"@type\":\"Organization\",\"@id\":\"https:\\\/\\\/wmtbaltic.lv\\\/#organization\",\"name\":\"WMT Baltic\",\"url\":\"https:\\\/\\\/wmtbaltic.lv\\\/\",\"logo\":{\"@type\":\"ImageObject\",\"inLanguage\":\"en-US\",\"@id\":\"https:\\\/\\\/wmtbaltic.lv\\\/#\\\/schema\\\/logo\\\/image\\\/\",\"url\":\"https:\\\/\\\/wmtbaltic.lv\\\/wp-content\\\/uploads\\\/2024\\\/12\\\/wmt-baltic-sia_107142_9_420x180.jpg\",\"contentUrl\":\"https:\\\/\\\/wmtbaltic.lv\\\/wp-content\\\/uploads\\\/2024\\\/12\\\/wmt-baltic-sia_107142_9_420x180.jpg\",\"width\":420,\"height\":180,\"caption\":\"WMT Baltic\"},\"image\":{\"@id\":\"https:\\\/\\\/wmtbaltic.lv\\\/#\\\/schema\\\/logo\\\/image\\\/\"},\"sameAs\":[\"https:\\\/\\\/www.facebook.com\\\/WMT.Baltic.viscom\\\/?locale=lv_LV\",\"https:\\\/\\\/www.instagram.com\\\/viscom_wmt\\\/\"]}]}<\/script>\n<!-- \/ Yoast SEO plugin. -->","yoast_head_json":{"title":"Giljot\u012bna RC 451 - WMT Baltic","description":"Grie\u0161anas garums: 450 mmGrie\u0161anas jauda: 20 loksnes (80 gr.\/m2) vai 24 loksnes (70 gr.\/m2)Grie\u0161anas biezums: 3 mm. Nopirkt R\u012bg\u0101","robots":{"index":"index","follow":"follow","max-snippet":"max-snippet:-1","max-image-preview":"max-image-preview:large","max-video-preview":"max-video-preview:-1"},"canonical":"https:\/\/wmtbaltic.lv\/Produkts\/giljotina-rc-451\/","og_locale":"en_US","og_type":"article","og_title":"Giljot\u012bna RC 451 - WMT Baltic","og_description":"Grie\u0161anas garums: 450 mmGrie\u0161anas jauda: 20 loksnes (80 gr.\/m2) vai 24 loksnes (70 gr.\/m2)Grie\u0161anas biezums: 3 mm. Nopirkt R\u012bg\u0101","og_url":"https:\/\/wmtbaltic.lv\/Produkts\/giljotina-rc-451\/","og_site_name":"WMT Baltic","article_publisher":"https:\/\/www.facebook.com\/WMT.Baltic.viscom\/?locale=lv_LV","article_modified_time":"2023-11-14T10:54:20+00:00","og_image":[{"width":976,"height":719,"url":"http:\/\/wmtbaltic.lv\/wp-content\/uploads\/2021\/04\/1rc-321_S3_1.jpg","type":"image\/jpeg"}],"twitter_card":"summary_large_image","twitter_misc":{"Est. reading time":"1 minute"},"schema":{"@context":"https:\/\/schema.org","@graph":[{"@type":"WebPage","@id":"https:\/\/wmtbaltic.lv\/Produkts\/giljotina-rc-451\/","url":"https:\/\/wmtbaltic.lv\/Produkts\/giljotina-rc-451\/","name":"Giljot\u012bna RC 451 - WMT Baltic","isPartOf":{"@id":"https:\/\/wmtbaltic.lv\/#website"},"primaryImageOfPage":{"@id":"https:\/\/wmtbaltic.lv\/Produkts\/giljotina-rc-451\/#primaryimage"},"image":{"@id":"https:\/\/wmtbaltic.lv\/Produkts\/giljotina-rc-451\/#primaryimage"},"thumbnailUrl":"https:\/\/wmtbaltic.lv\/wp-content\/uploads\/2021\/04\/1rc-321_S3_1.jpg","datePublished":"2023-11-14T10:54:16+00:00","dateModified":"2023-11-14T10:54:20+00:00","description":"Grie\u0161anas garums: 450 mmGrie\u0161anas jauda: 20 loksnes (80 gr.\/m2) vai 24 loksnes (70 gr.\/m2)Grie\u0161anas biezums: 3 mm. Nopirkt R\u012bg\u0101","breadcrumb":{"@id":"https:\/\/wmtbaltic.lv\/Produkts\/giljotina-rc-451\/#breadcrumb"},"inLanguage":"en-US","potentialAction":[{"@type":"ReadAction","target":["https:\/\/wmtbaltic.lv\/Produkts\/giljotina-rc-451\/"]}]},{"@type":"ImageObject","inLanguage":"en-US","@id":"https:\/\/wmtbaltic.lv\/Produkts\/giljotina-rc-451\/#primaryimage","url":"https:\/\/wmtbaltic.lv\/wp-content\/uploads\/2021\/04\/1rc-321_S3_1.jpg","contentUrl":"https:\/\/wmtbaltic.lv\/wp-content\/uploads\/2021\/04\/1rc-321_S3_1.jpg","width":976,"height":719},{"@type":"BreadcrumbList","@id":"https:\/\/wmtbaltic.lv\/Produkts\/giljotina-rc-451\/#breadcrumb","itemListElement":[{"@type":"ListItem","position":1,"name":"Home","item":"https:\/\/wmtbaltic.lv\/en\/"},{"@type":"ListItem","position":2,"name":"Products","item":"https:\/\/wmtbaltic.lv\/en\/shop\/"},{"@type":"ListItem","position":3,"name":"Giljot\u012bna RC 451"}]},{"@type":"WebSite","@id":"https:\/\/wmtbaltic.lv\/#website","url":"https:\/\/wmtbaltic.lv\/","name":"WMT Baltic","description":"Rekl\u0101mas produkti, pl\u0113ves","publisher":{"@id":"https:\/\/wmtbaltic.lv\/#organization"},"potentialAction":[{"@type":"SearchAction","target":{"@type":"EntryPoint","urlTemplate":"https:\/\/wmtbaltic.lv\/?s={search_term_string}"},"query-input":{"@type":"PropertyValueSpecification","valueRequired":true,"valueName":"search_term_string"}}],"inLanguage":"en-US"},{"@type":"Organization","@id":"https:\/\/wmtbaltic.lv\/#organization","name":"WMT Baltic","url":"https:\/\/wmtbaltic.lv\/","logo":{"@type":"ImageObject","inLanguage":"en-US","@id":"https:\/\/wmtbaltic.lv\/#\/schema\/logo\/image\/","url":"https:\/\/wmtbaltic.lv\/wp-content\/uploads\/2024\/12\/wmt-baltic-sia_107142_9_420x180.jpg","contentUrl":"https:\/\/wmtbaltic.lv\/wp-content\/uploads\/2024\/12\/wmt-baltic-sia_107142_9_420x180.jpg","width":420,"height":180,"caption":"WMT Baltic"},"image":{"@id":"https:\/\/wmtbaltic.lv\/#\/schema\/logo\/image\/"},"sameAs":["https:\/\/www.facebook.com\/WMT.Baltic.viscom\/?locale=lv_LV","https:\/\/www.instagram.com\/viscom_wmt\/"]}]}},"_links":{"self":[{"href":"https:\/\/wmtbaltic.lv\/en\/wp-json\/wp\/v2\/product\/15882","targetHints":{"allow":["GET"]}}],"collection":[{"href":"https:\/\/wmtbaltic.lv\/en\/wp-json\/wp\/v2\/product"}],"about":[{"href":"https:\/\/wmtbaltic.lv\/en\/wp-json\/wp\/v2\/types\/product"}],"replies":[{"embeddable":true,"href":"https:\/\/wmtbaltic.lv\/en\/wp-json\/wp\/v2\/comments?post=15882"}],"wp:featuredmedia":[{"embeddable":true,"href":"https:\/\/wmtbaltic.lv\/en\/wp-json\/wp\/v2\/media\/15874"}],"wp:attachment":[{"href":"https:\/\/wmtbaltic.lv\/en\/wp-json\/wp\/v2\/media?parent=15882"}],"wp:term":[{"taxonomy":"product_brand","embeddable":true,"href":"https:\/\/wmtbaltic.lv\/en\/wp-json\/wp\/v2\/product_brand?post=15882"},{"taxonomy":"product_cat","embeddable":true,"href":"https:\/\/wmtbaltic.lv\/en\/wp-json\/wp\/v2\/product_cat?post=15882"},{"taxonomy":"product_tag","embeddable":true,"href":"https:\/\/wmtbaltic.lv\/en\/wp-json\/wp\/v2\/product_tag?post=15882"}],"curies":[{"name":"wp","href":"https:\/\/api.w.org\/{rel}","templated":true}]}}