{"id":15837,"date":"2023-11-14T08:00:32","date_gmt":"2023-11-14T08:00:32","guid":{"rendered":"https:\/\/wmtbaltic.lv\/?post_type=product&#038;p=15837"},"modified":"2023-11-14T09:52:47","modified_gmt":"2023-11-14T09:52:47","slug":"stativs-rc-960","status":"publish","type":"product","link":"https:\/\/wmtbaltic.lv\/en\/product\/stativs-rc-960\/","title":{"rendered":"Stat\u012bvs\u00a0Cut RC 960"},"content":{"rendered":"<p>RC Systems \u201c<strong>S<\/strong><b>tat\u012bvs<\/b>\u00a0<b>Cut RC <\/b><b>960<\/b>\u201d<br \/>\nStat\u012bvs trimmeriem\u00a0 Rolling-Cut\u00a0 RC 960. Stat\u012bvam ir t\u0113rauda pamatne ar s\u0101nu mal\u0101m, kas izgatavotas no plastmasas. Pel\u0113ka kr\u0101sa RAL 7036. Kr\u0101sota ar pulverkr\u0101su pret skr\u0101p\u0113jumiem.<\/p>\n<p><b>TEHNISK\u0100 INFORM\u0100CIJA<\/b>\u00a0<b> <\/b><\/p>\n<p><b>Grie\u0161anas garums:<\/b> 960 mm<\/p>\n<p><b>Grie\u0161anas jauda:<\/b> 5 loksnes (80 gr.\/m2) vai 7 loksnes (70 gr.\/m2)<\/p>\n<p><b>Grie\u0161anas biezums:<\/b> 1 mm<\/p>\n<p><b>Pap\u012bra preses sist\u0113ma:<\/b> Autom\u0101tiska pap\u012bra prese<\/p>\n<p><i><b>Sietspiede UNI form\u0101ts:<\/b><\/i><\/p>\n<ul>\n<li><span lang=\"lv-LV\">A<\/span><span lang=\"ru-RU\">inava<\/span> <span lang=\"ru-RU\">un portrets<\/span><span lang=\"ru-RU\">: <\/span><span lang=\"lv-LV\">A1, A2, <\/span><span lang=\"lv-LV\">A3, A4, A5, A6, B3, B4, B5.<\/span><\/li>\n<li>Griezuma l\u012bnija 60\u00b0 &#8211; 45\u00b0 &#8211; 30\u00b0<\/li>\n<\/ul>\n<p><b>M\u0113rskala:<\/b> milimetri un collas<\/p>\n<p><b>Grie\u0161anas zona:<\/b> L 960\u00a0x\u00a0W 170<\/p>\n<p><b>Stat\u012bva<\/b><b> kop\u0113jais izm\u0113rs:<\/b> L 1145 x W 400 (ar stendu) x H 820 (ar stendu)<\/p>\n<p><b>Neto svars: <\/b><span lang=\"lv-LV\">5<\/span><span lang=\"lv-LV\">,<\/span><span lang=\"lv-LV\">700<\/span> kg Stat\u012bvs + \u0122iljotina 5,310<\/p>\n","protected":false},"excerpt":{"rendered":"RC Systems \u201cStat\u012bvs\u00a0Cut RC 960\u201d Stat\u012bvs trimmeriem\u00a0 Rolling-Cut\u00a0 RC 960. Stat\u012bvam ir t\u0113rauda pamatne ar s\u0101nu mal\u0101m, kas izgatavotas no plastmasas. Pel\u0113ka kr\u0101sa RAL 7036. Kr\u0101sota ar pulverkr\u0101su pret skr\u0101p\u0113jumiem. TEHNISK\u0100 INFORM\u0100CIJA\u00a0 Grie\u0161anas garums: 960 mm Grie\u0161anas jauda: 5 loksnes (80 gr.\/m2) vai 7 loksnes (70 gr.\/m2) Grie\u0161anas biezums: 1 mm Pap\u012bra preses sist\u0113ma: Autom\u0101tiska [...]","protected":false},"featured_media":15848,"comment_status":"closed","ping_status":"closed","template":"","meta":[],"product_brand":[],"product_cat":[71,258,259],"product_tag":[502,729,490,723,717,724],"class_list":{"0":"post-15837","1":"product","2":"type-product","3":"status-publish","4":"has-post-thumbnail","6":"product_cat-griesana-locisana-rievosana","7":"product_cat-iekartas-un-izejmateriali","8":"product_cat-rc-systems","9":"product_tag-griesana","10":"product_tag-iekartas","11":"product_tag-locisana","12":"product_tag-rc-systems","13":"product_tag-rievosana","14":"product_tag-stativs","16":"first","17":"instock","18":"shipping-taxable","19":"purchasable","20":"product-type-simple"},"yoast_head":"<!-- This site is optimized with the Yoast SEO plugin v27.4 - https:\/\/yoast.com\/product\/yoast-seo-wordpress\/ -->\n<title>Stat\u012bvs\u00a0Cut RC 960 - WMT Baltic<\/title>\n<meta name=\"description\" content=\"Grie\u0161anas garums: 960 mmGrie\u0161anas jauda: 5 loksnes (80 gr.\/m2) vai 7 loksnes (70 gr.\/m2)Grie\u0161anas biezums: 1 mm. Nopirkt R\u012bg\u0101\" \/>\n<meta name=\"robots\" content=\"index, follow, max-snippet:-1, max-image-preview:large, max-video-preview:-1\" \/>\n<link rel=\"canonical\" href=\"https:\/\/wmtbaltic.lv\/Produkts\/stativs-rc-960\/\" \/>\n<meta property=\"og:locale\" content=\"en_US\" \/>\n<meta property=\"og:type\" content=\"article\" \/>\n<meta property=\"og:title\" content=\"Stat\u012bvs\u00a0Cut RC 960 - WMT Baltic\" \/>\n<meta property=\"og:description\" content=\"Grie\u0161anas garums: 960 mmGrie\u0161anas jauda: 5 loksnes (80 gr.\/m2) vai 7 loksnes (70 gr.\/m2)Grie\u0161anas biezums: 1 mm. Nopirkt R\u012bg\u0101\" \/>\n<meta property=\"og:url\" content=\"https:\/\/wmtbaltic.lv\/Produkts\/stativs-rc-960\/\" \/>\n<meta property=\"og:site_name\" content=\"WMT Baltic\" \/>\n<meta property=\"article:publisher\" content=\"https:\/\/www.facebook.com\/WMT.Baltic.viscom\/?locale=lv_LV\" \/>\n<meta property=\"article:modified_time\" content=\"2023-11-14T09:52:47+00:00\" \/>\n<meta property=\"og:image\" content=\"http:\/\/wmtbaltic.lv\/wp-content\/uploads\/2023\/11\/trimmer_rolling_rc_960_ep_with_stand-1.jpg\" \/>\n\t<meta property=\"og:image:width\" content=\"692\" \/>\n\t<meta property=\"og:image:height\" content=\"665\" \/>\n\t<meta property=\"og:image:type\" content=\"image\/jpeg\" \/>\n<meta name=\"twitter:card\" content=\"summary_large_image\" \/>\n<meta name=\"twitter:label1\" content=\"Est. reading time\" \/>\n\t<meta name=\"twitter:data1\" content=\"1 minute\" \/>\n<script type=\"application\/ld+json\" class=\"yoast-schema-graph\">{\"@context\":\"https:\\\/\\\/schema.org\",\"@graph\":[{\"@type\":\"WebPage\",\"@id\":\"https:\\\/\\\/wmtbaltic.lv\\\/Produkts\\\/stativs-rc-960\\\/\",\"url\":\"https:\\\/\\\/wmtbaltic.lv\\\/Produkts\\\/stativs-rc-960\\\/\",\"name\":\"Stat\u012bvs\u00a0Cut RC 960 - WMT Baltic\",\"isPartOf\":{\"@id\":\"https:\\\/\\\/wmtbaltic.lv\\\/#website\"},\"primaryImageOfPage\":{\"@id\":\"https:\\\/\\\/wmtbaltic.lv\\\/Produkts\\\/stativs-rc-960\\\/#primaryimage\"},\"image\":{\"@id\":\"https:\\\/\\\/wmtbaltic.lv\\\/Produkts\\\/stativs-rc-960\\\/#primaryimage\"},\"thumbnailUrl\":\"https:\\\/\\\/wmtbaltic.lv\\\/wp-content\\\/uploads\\\/2023\\\/11\\\/trimmer_rolling_rc_960_ep_with_stand-1.jpg\",\"datePublished\":\"2023-11-14T08:00:32+00:00\",\"dateModified\":\"2023-11-14T09:52:47+00:00\",\"description\":\"Grie\u0161anas garums: 960 mmGrie\u0161anas jauda: 5 loksnes (80 gr.\\\/m2) vai 7 loksnes (70 gr.\\\/m2)Grie\u0161anas biezums: 1 mm. Nopirkt R\u012bg\u0101\",\"breadcrumb\":{\"@id\":\"https:\\\/\\\/wmtbaltic.lv\\\/Produkts\\\/stativs-rc-960\\\/#breadcrumb\"},\"inLanguage\":\"en-US\",\"potentialAction\":[{\"@type\":\"ReadAction\",\"target\":[\"https:\\\/\\\/wmtbaltic.lv\\\/Produkts\\\/stativs-rc-960\\\/\"]}]},{\"@type\":\"ImageObject\",\"inLanguage\":\"en-US\",\"@id\":\"https:\\\/\\\/wmtbaltic.lv\\\/Produkts\\\/stativs-rc-960\\\/#primaryimage\",\"url\":\"https:\\\/\\\/wmtbaltic.lv\\\/wp-content\\\/uploads\\\/2023\\\/11\\\/trimmer_rolling_rc_960_ep_with_stand-1.jpg\",\"contentUrl\":\"https:\\\/\\\/wmtbaltic.lv\\\/wp-content\\\/uploads\\\/2023\\\/11\\\/trimmer_rolling_rc_960_ep_with_stand-1.jpg\",\"width\":692,\"height\":665},{\"@type\":\"BreadcrumbList\",\"@id\":\"https:\\\/\\\/wmtbaltic.lv\\\/Produkts\\\/stativs-rc-960\\\/#breadcrumb\",\"itemListElement\":[{\"@type\":\"ListItem\",\"position\":1,\"name\":\"Home\",\"item\":\"https:\\\/\\\/wmtbaltic.lv\\\/en\\\/\"},{\"@type\":\"ListItem\",\"position\":2,\"name\":\"Products\",\"item\":\"https:\\\/\\\/wmtbaltic.lv\\\/en\\\/shop\\\/\"},{\"@type\":\"ListItem\",\"position\":3,\"name\":\"Stat\u012bvs\u00a0Cut RC 960\"}]},{\"@type\":\"WebSite\",\"@id\":\"https:\\\/\\\/wmtbaltic.lv\\\/#website\",\"url\":\"https:\\\/\\\/wmtbaltic.lv\\\/\",\"name\":\"WMT Baltic\",\"description\":\"Rekl\u0101mas produkti, pl\u0113ves\",\"publisher\":{\"@id\":\"https:\\\/\\\/wmtbaltic.lv\\\/#organization\"},\"potentialAction\":[{\"@type\":\"SearchAction\",\"target\":{\"@type\":\"EntryPoint\",\"urlTemplate\":\"https:\\\/\\\/wmtbaltic.lv\\\/?s={search_term_string}\"},\"query-input\":{\"@type\":\"PropertyValueSpecification\",\"valueRequired\":true,\"valueName\":\"search_term_string\"}}],\"inLanguage\":\"en-US\"},{\"@type\":\"Organization\",\"@id\":\"https:\\\/\\\/wmtbaltic.lv\\\/#organization\",\"name\":\"WMT Baltic\",\"url\":\"https:\\\/\\\/wmtbaltic.lv\\\/\",\"logo\":{\"@type\":\"ImageObject\",\"inLanguage\":\"en-US\",\"@id\":\"https:\\\/\\\/wmtbaltic.lv\\\/#\\\/schema\\\/logo\\\/image\\\/\",\"url\":\"https:\\\/\\\/wmtbaltic.lv\\\/wp-content\\\/uploads\\\/2024\\\/12\\\/wmt-baltic-sia_107142_9_420x180.jpg\",\"contentUrl\":\"https:\\\/\\\/wmtbaltic.lv\\\/wp-content\\\/uploads\\\/2024\\\/12\\\/wmt-baltic-sia_107142_9_420x180.jpg\",\"width\":420,\"height\":180,\"caption\":\"WMT Baltic\"},\"image\":{\"@id\":\"https:\\\/\\\/wmtbaltic.lv\\\/#\\\/schema\\\/logo\\\/image\\\/\"},\"sameAs\":[\"https:\\\/\\\/www.facebook.com\\\/WMT.Baltic.viscom\\\/?locale=lv_LV\",\"https:\\\/\\\/www.instagram.com\\\/viscom_wmt\\\/\"]}]}<\/script>\n<!-- \/ Yoast SEO plugin. -->","yoast_head_json":{"title":"Stat\u012bvs\u00a0Cut RC 960 - WMT Baltic","description":"Grie\u0161anas garums: 960 mmGrie\u0161anas jauda: 5 loksnes (80 gr.\/m2) vai 7 loksnes (70 gr.\/m2)Grie\u0161anas biezums: 1 mm. Nopirkt R\u012bg\u0101","robots":{"index":"index","follow":"follow","max-snippet":"max-snippet:-1","max-image-preview":"max-image-preview:large","max-video-preview":"max-video-preview:-1"},"canonical":"https:\/\/wmtbaltic.lv\/Produkts\/stativs-rc-960\/","og_locale":"en_US","og_type":"article","og_title":"Stat\u012bvs\u00a0Cut RC 960 - WMT Baltic","og_description":"Grie\u0161anas garums: 960 mmGrie\u0161anas jauda: 5 loksnes (80 gr.\/m2) vai 7 loksnes (70 gr.\/m2)Grie\u0161anas biezums: 1 mm. Nopirkt R\u012bg\u0101","og_url":"https:\/\/wmtbaltic.lv\/Produkts\/stativs-rc-960\/","og_site_name":"WMT Baltic","article_publisher":"https:\/\/www.facebook.com\/WMT.Baltic.viscom\/?locale=lv_LV","article_modified_time":"2023-11-14T09:52:47+00:00","og_image":[{"width":692,"height":665,"url":"http:\/\/wmtbaltic.lv\/wp-content\/uploads\/2023\/11\/trimmer_rolling_rc_960_ep_with_stand-1.jpg","type":"image\/jpeg"}],"twitter_card":"summary_large_image","twitter_misc":{"Est. reading time":"1 minute"},"schema":{"@context":"https:\/\/schema.org","@graph":[{"@type":"WebPage","@id":"https:\/\/wmtbaltic.lv\/Produkts\/stativs-rc-960\/","url":"https:\/\/wmtbaltic.lv\/Produkts\/stativs-rc-960\/","name":"Stat\u012bvs\u00a0Cut RC 960 - WMT Baltic","isPartOf":{"@id":"https:\/\/wmtbaltic.lv\/#website"},"primaryImageOfPage":{"@id":"https:\/\/wmtbaltic.lv\/Produkts\/stativs-rc-960\/#primaryimage"},"image":{"@id":"https:\/\/wmtbaltic.lv\/Produkts\/stativs-rc-960\/#primaryimage"},"thumbnailUrl":"https:\/\/wmtbaltic.lv\/wp-content\/uploads\/2023\/11\/trimmer_rolling_rc_960_ep_with_stand-1.jpg","datePublished":"2023-11-14T08:00:32+00:00","dateModified":"2023-11-14T09:52:47+00:00","description":"Grie\u0161anas garums: 960 mmGrie\u0161anas jauda: 5 loksnes (80 gr.\/m2) vai 7 loksnes (70 gr.\/m2)Grie\u0161anas biezums: 1 mm. Nopirkt R\u012bg\u0101","breadcrumb":{"@id":"https:\/\/wmtbaltic.lv\/Produkts\/stativs-rc-960\/#breadcrumb"},"inLanguage":"en-US","potentialAction":[{"@type":"ReadAction","target":["https:\/\/wmtbaltic.lv\/Produkts\/stativs-rc-960\/"]}]},{"@type":"ImageObject","inLanguage":"en-US","@id":"https:\/\/wmtbaltic.lv\/Produkts\/stativs-rc-960\/#primaryimage","url":"https:\/\/wmtbaltic.lv\/wp-content\/uploads\/2023\/11\/trimmer_rolling_rc_960_ep_with_stand-1.jpg","contentUrl":"https:\/\/wmtbaltic.lv\/wp-content\/uploads\/2023\/11\/trimmer_rolling_rc_960_ep_with_stand-1.jpg","width":692,"height":665},{"@type":"BreadcrumbList","@id":"https:\/\/wmtbaltic.lv\/Produkts\/stativs-rc-960\/#breadcrumb","itemListElement":[{"@type":"ListItem","position":1,"name":"Home","item":"https:\/\/wmtbaltic.lv\/en\/"},{"@type":"ListItem","position":2,"name":"Products","item":"https:\/\/wmtbaltic.lv\/en\/shop\/"},{"@type":"ListItem","position":3,"name":"Stat\u012bvs\u00a0Cut RC 960"}]},{"@type":"WebSite","@id":"https:\/\/wmtbaltic.lv\/#website","url":"https:\/\/wmtbaltic.lv\/","name":"WMT Baltic","description":"Rekl\u0101mas produkti, pl\u0113ves","publisher":{"@id":"https:\/\/wmtbaltic.lv\/#organization"},"potentialAction":[{"@type":"SearchAction","target":{"@type":"EntryPoint","urlTemplate":"https:\/\/wmtbaltic.lv\/?s={search_term_string}"},"query-input":{"@type":"PropertyValueSpecification","valueRequired":true,"valueName":"search_term_string"}}],"inLanguage":"en-US"},{"@type":"Organization","@id":"https:\/\/wmtbaltic.lv\/#organization","name":"WMT Baltic","url":"https:\/\/wmtbaltic.lv\/","logo":{"@type":"ImageObject","inLanguage":"en-US","@id":"https:\/\/wmtbaltic.lv\/#\/schema\/logo\/image\/","url":"https:\/\/wmtbaltic.lv\/wp-content\/uploads\/2024\/12\/wmt-baltic-sia_107142_9_420x180.jpg","contentUrl":"https:\/\/wmtbaltic.lv\/wp-content\/uploads\/2024\/12\/wmt-baltic-sia_107142_9_420x180.jpg","width":420,"height":180,"caption":"WMT Baltic"},"image":{"@id":"https:\/\/wmtbaltic.lv\/#\/schema\/logo\/image\/"},"sameAs":["https:\/\/www.facebook.com\/WMT.Baltic.viscom\/?locale=lv_LV","https:\/\/www.instagram.com\/viscom_wmt\/"]}]}},"_links":{"self":[{"href":"https:\/\/wmtbaltic.lv\/en\/wp-json\/wp\/v2\/product\/15837","targetHints":{"allow":["GET"]}}],"collection":[{"href":"https:\/\/wmtbaltic.lv\/en\/wp-json\/wp\/v2\/product"}],"about":[{"href":"https:\/\/wmtbaltic.lv\/en\/wp-json\/wp\/v2\/types\/product"}],"replies":[{"embeddable":true,"href":"https:\/\/wmtbaltic.lv\/en\/wp-json\/wp\/v2\/comments?post=15837"}],"wp:featuredmedia":[{"embeddable":true,"href":"https:\/\/wmtbaltic.lv\/en\/wp-json\/wp\/v2\/media\/15848"}],"wp:attachment":[{"href":"https:\/\/wmtbaltic.lv\/en\/wp-json\/wp\/v2\/media?parent=15837"}],"wp:term":[{"taxonomy":"product_brand","embeddable":true,"href":"https:\/\/wmtbaltic.lv\/en\/wp-json\/wp\/v2\/product_brand?post=15837"},{"taxonomy":"product_cat","embeddable":true,"href":"https:\/\/wmtbaltic.lv\/en\/wp-json\/wp\/v2\/product_cat?post=15837"},{"taxonomy":"product_tag","embeddable":true,"href":"https:\/\/wmtbaltic.lv\/en\/wp-json\/wp\/v2\/product_tag?post=15837"}],"curies":[{"name":"wp","href":"https:\/\/api.w.org\/{rel}","templated":true}]}}