{"id":15796,"date":"2023-11-13T13:50:50","date_gmt":"2023-11-13T13:50:50","guid":{"rendered":"https:\/\/wmtbaltic.lv\/?post_type=product&#038;p=15796"},"modified":"2023-11-14T08:45:07","modified_gmt":"2023-11-14T08:45:07","slug":"trimmeris-rc-360","status":"publish","type":"product","link":"https:\/\/wmtbaltic.lv\/en\/product\/trimmeris-rc-360\/","title":{"rendered":"Trimmeris RC 360"},"content":{"rendered":"<p>Manu\u0101la pap\u012bra giljot\u012bna no RC Systems \u201c<span style=\"color: #000000;\"><b>Trimmeris <\/b><\/span><span style=\"color: #000000;\"><b>Cut RC 360<\/b><\/span><b> <\/b>\u201d hobijam, skolai, m\u0101jai, foto un birojam &#8211; form\u0101ts A4. Giljot\u012bnai ir t\u0113rauda pamatne ar s\u0101nu mal\u0101m, kas izgatavotas no plastmasas. Pel\u0113ka kr\u0101sa RAL 7036. Kr\u0101sota ar pulverkr\u0101su pret skr\u0101p\u0113jumiem. Caursp\u012bd\u012bga un autom\u0101tiska pap\u012bra prese.<\/p>\n<p><b>TEHNISK\u0100 INFORM\u0100CIJA Trim<\/b><strong>meris Cut RC 360<\/strong><b> <\/b><\/p>\n<p><b>Grie\u0161anas garums:<\/b> 360 mm<\/p>\n<p><b>Grie\u0161anas jauda:<\/b> 10 loksnes (80 gr.\/m2) vai 13 loksnes (70 gr.\/m2)<\/p>\n<p><b>Grie\u0161anas biezums:<\/b> 1 mm<\/p>\n<p><b>Pap\u012bra preses sist\u0113ma:<\/b> Caursp\u012bd\u012bga un autom\u0101tiska pap\u012bra prese<\/p>\n<p><i><b>Sietspiede UNI form\u0101ts:<\/b><\/i><\/p>\n<ul>\n<li><span lang=\"lv-LV\">Foto<\/span> <span lang=\"lv-LV\">formats: 20&#215;30, 20&#215;25, 18&#215;24, 13&#215;18, 10&#215;15<\/span><\/li>\n<li><span lang=\"lv-LV\">A<\/span><span lang=\"ru-RU\">inava<\/span> <span lang=\"ru-RU\">un portrets<\/span><span lang=\"ru-RU\">: <\/span><span lang=\"lv-LV\">A5, A6<\/span><\/li>\n<li>Griezuma l\u012bnija 60\u00b0 &#8211; 45\u00b0 &#8211; 30\u00b0<\/li>\n<\/ul>\n<p><b>M\u0113rskala:<\/b> milimetri un collas<\/p>\n<p><b>Grie\u0161anas zona:<\/b> L 360\u00a0x\u00a0W 170<\/p>\n<p><b>Giljot\u012bnas kop\u0113jais izm\u0113rs:<\/b> L 545 x W 200 x H 70<\/p>\n<p><b>Neto svars: <\/b><span lang=\"lv-LV\">1<\/span><span lang=\"lv-LV\">,<\/span><span lang=\"lv-LV\">84<\/span><span lang=\"lv-LV\">0<\/span> kg<\/p>\n<iframe loading=\"lazy\"  id=\"_ytid_47860\"  width=\"780\" height=\"439\"  data-origwidth=\"780\" data-origheight=\"439\" src=\"https:\/\/www.youtube.com\/embed\/c_vt-Ytzp-8?enablejsapi=1&autoplay=0&cc_load_policy=0&cc_lang_pref=&iv_load_policy=1&loop=0&rel=1&fs=1&playsinline=0&autohide=2&theme=dark&color=red&controls=1&disablekb=0&\" class=\"__youtube_prefs__  no-lazyload\" title=\"YouTube player\"  allow=\"fullscreen; accelerometer; autoplay; clipboard-write; encrypted-media; gyroscope; picture-in-picture; web-share\" referrerpolicy=\"strict-origin-when-cross-origin\" allowfullscreen data-no-lazy=\"1\" data-skipgform_ajax_framebjll=\"\"><\/iframe>\n","protected":false},"excerpt":{"rendered":"Manu\u0101la pap\u012bra giljot\u012bna no RC Systems \u201cTrimmeris Cut RC 360 \u201d hobijam, skolai, m\u0101jai, foto un birojam - form\u0101ts A4. Giljot\u012bnai ir t\u0113rauda pamatne ar s\u0101nu mal\u0101m, kas izgatavotas no plastmasas. Pel\u0113ka kr\u0101sa RAL 7036. Kr\u0101sota ar pulverkr\u0101su pret skr\u0101p\u0113jumiem. Caursp\u012bd\u012bga un autom\u0101tiska pap\u012bra prese. TEHNISK\u0100 INFORM\u0100CIJA Trimmeris Cut RC 360 Grie\u0161anas garums: 360 mm [...]","protected":false},"featured_media":15852,"comment_status":"closed","ping_status":"closed","template":"","meta":[],"product_brand":[],"product_cat":[71,258,259],"product_tag":[725,502,490,723,717],"class_list":{"0":"post-15796","1":"product","2":"type-product","3":"status-publish","4":"has-post-thumbnail","6":"product_cat-griesana-locisana-rievosana","7":"product_cat-iekartas-un-izejmateriali","8":"product_cat-rc-systems","9":"product_tag-giljotina","10":"product_tag-griesana","11":"product_tag-locisana","12":"product_tag-rc-systems","13":"product_tag-rievosana","15":"first","16":"instock","17":"shipping-taxable","18":"purchasable","19":"product-type-simple"},"yoast_head":"<!-- This site is optimized with the Yoast SEO plugin v27.4 - https:\/\/yoast.com\/product\/yoast-seo-wordpress\/ -->\n<title>Trimmeris RC 360 - WMT Baltic<\/title>\n<meta name=\"description\" content=\"Trimmeris Cut RC 360Grie\u0161anas garums: 360 mmGrie\u0161anas jauda: 10 loksnes (80 gr.\/m2) vai 13 loksnes (70 gr.\/m2)Grie\u0161anas biezums: 1 mm, nopirkt R\u012bga\" \/>\n<meta name=\"robots\" content=\"index, follow, max-snippet:-1, max-image-preview:large, max-video-preview:-1\" \/>\n<link rel=\"canonical\" href=\"https:\/\/wmtbaltic.lv\/Produkts\/trimmeris-rc-360\/\" \/>\n<meta property=\"og:locale\" content=\"en_US\" \/>\n<meta property=\"og:type\" content=\"article\" \/>\n<meta property=\"og:title\" content=\"Trimmeris RC 360 - WMT Baltic\" \/>\n<meta property=\"og:description\" content=\"Trimmeris Cut RC 360Grie\u0161anas garums: 360 mmGrie\u0161anas jauda: 10 loksnes (80 gr.\/m2) vai 13 loksnes (70 gr.\/m2)Grie\u0161anas biezums: 1 mm, nopirkt R\u012bga\" \/>\n<meta property=\"og:url\" content=\"https:\/\/wmtbaltic.lv\/Produkts\/trimmeris-rc-360\/\" \/>\n<meta property=\"og:site_name\" content=\"WMT Baltic\" \/>\n<meta property=\"article:publisher\" content=\"https:\/\/www.facebook.com\/WMT.Baltic.viscom\/?locale=lv_LV\" \/>\n<meta property=\"article:modified_time\" content=\"2023-11-14T08:45:07+00:00\" \/>\n<meta property=\"og:image\" content=\"http:\/\/wmtbaltic.lv\/wp-content\/uploads\/2023\/11\/rolling_rc_320_left_lw-2.jpg\" \/>\n\t<meta property=\"og:image:width\" content=\"851\" \/>\n\t<meta property=\"og:image:height\" content=\"649\" \/>\n\t<meta property=\"og:image:type\" content=\"image\/jpeg\" \/>\n<meta name=\"twitter:card\" content=\"summary_large_image\" \/>\n<meta name=\"twitter:label1\" content=\"Est. reading time\" \/>\n\t<meta name=\"twitter:data1\" content=\"1 minute\" \/>\n<script type=\"application\/ld+json\" class=\"yoast-schema-graph\">{\"@context\":\"https:\\\/\\\/schema.org\",\"@graph\":[{\"@type\":\"WebPage\",\"@id\":\"https:\\\/\\\/wmtbaltic.lv\\\/Produkts\\\/trimmeris-rc-360\\\/\",\"url\":\"https:\\\/\\\/wmtbaltic.lv\\\/Produkts\\\/trimmeris-rc-360\\\/\",\"name\":\"Trimmeris RC 360 - WMT Baltic\",\"isPartOf\":{\"@id\":\"https:\\\/\\\/wmtbaltic.lv\\\/#website\"},\"primaryImageOfPage\":{\"@id\":\"https:\\\/\\\/wmtbaltic.lv\\\/Produkts\\\/trimmeris-rc-360\\\/#primaryimage\"},\"image\":{\"@id\":\"https:\\\/\\\/wmtbaltic.lv\\\/Produkts\\\/trimmeris-rc-360\\\/#primaryimage\"},\"thumbnailUrl\":\"https:\\\/\\\/wmtbaltic.lv\\\/wp-content\\\/uploads\\\/2023\\\/11\\\/rolling_rc_320_left_lw-2.jpg\",\"datePublished\":\"2023-11-13T13:50:50+00:00\",\"dateModified\":\"2023-11-14T08:45:07+00:00\",\"description\":\"Trimmeris Cut RC 360Grie\u0161anas garums: 360 mmGrie\u0161anas jauda: 10 loksnes (80 gr.\\\/m2) vai 13 loksnes (70 gr.\\\/m2)Grie\u0161anas biezums: 1 mm, nopirkt R\u012bga\",\"breadcrumb\":{\"@id\":\"https:\\\/\\\/wmtbaltic.lv\\\/Produkts\\\/trimmeris-rc-360\\\/#breadcrumb\"},\"inLanguage\":\"en-US\",\"potentialAction\":[{\"@type\":\"ReadAction\",\"target\":[\"https:\\\/\\\/wmtbaltic.lv\\\/Produkts\\\/trimmeris-rc-360\\\/\"]}]},{\"@type\":\"ImageObject\",\"inLanguage\":\"en-US\",\"@id\":\"https:\\\/\\\/wmtbaltic.lv\\\/Produkts\\\/trimmeris-rc-360\\\/#primaryimage\",\"url\":\"https:\\\/\\\/wmtbaltic.lv\\\/wp-content\\\/uploads\\\/2023\\\/11\\\/rolling_rc_320_left_lw-2.jpg\",\"contentUrl\":\"https:\\\/\\\/wmtbaltic.lv\\\/wp-content\\\/uploads\\\/2023\\\/11\\\/rolling_rc_320_left_lw-2.jpg\",\"width\":851,\"height\":649},{\"@type\":\"BreadcrumbList\",\"@id\":\"https:\\\/\\\/wmtbaltic.lv\\\/Produkts\\\/trimmeris-rc-360\\\/#breadcrumb\",\"itemListElement\":[{\"@type\":\"ListItem\",\"position\":1,\"name\":\"Home\",\"item\":\"https:\\\/\\\/wmtbaltic.lv\\\/en\\\/\"},{\"@type\":\"ListItem\",\"position\":2,\"name\":\"Products\",\"item\":\"https:\\\/\\\/wmtbaltic.lv\\\/en\\\/shop\\\/\"},{\"@type\":\"ListItem\",\"position\":3,\"name\":\"Trimmeris RC 360\"}]},{\"@type\":\"WebSite\",\"@id\":\"https:\\\/\\\/wmtbaltic.lv\\\/#website\",\"url\":\"https:\\\/\\\/wmtbaltic.lv\\\/\",\"name\":\"WMT Baltic\",\"description\":\"Rekl\u0101mas produkti, pl\u0113ves\",\"publisher\":{\"@id\":\"https:\\\/\\\/wmtbaltic.lv\\\/#organization\"},\"potentialAction\":[{\"@type\":\"SearchAction\",\"target\":{\"@type\":\"EntryPoint\",\"urlTemplate\":\"https:\\\/\\\/wmtbaltic.lv\\\/?s={search_term_string}\"},\"query-input\":{\"@type\":\"PropertyValueSpecification\",\"valueRequired\":true,\"valueName\":\"search_term_string\"}}],\"inLanguage\":\"en-US\"},{\"@type\":\"Organization\",\"@id\":\"https:\\\/\\\/wmtbaltic.lv\\\/#organization\",\"name\":\"WMT Baltic\",\"url\":\"https:\\\/\\\/wmtbaltic.lv\\\/\",\"logo\":{\"@type\":\"ImageObject\",\"inLanguage\":\"en-US\",\"@id\":\"https:\\\/\\\/wmtbaltic.lv\\\/#\\\/schema\\\/logo\\\/image\\\/\",\"url\":\"https:\\\/\\\/wmtbaltic.lv\\\/wp-content\\\/uploads\\\/2024\\\/12\\\/wmt-baltic-sia_107142_9_420x180.jpg\",\"contentUrl\":\"https:\\\/\\\/wmtbaltic.lv\\\/wp-content\\\/uploads\\\/2024\\\/12\\\/wmt-baltic-sia_107142_9_420x180.jpg\",\"width\":420,\"height\":180,\"caption\":\"WMT Baltic\"},\"image\":{\"@id\":\"https:\\\/\\\/wmtbaltic.lv\\\/#\\\/schema\\\/logo\\\/image\\\/\"},\"sameAs\":[\"https:\\\/\\\/www.facebook.com\\\/WMT.Baltic.viscom\\\/?locale=lv_LV\",\"https:\\\/\\\/www.instagram.com\\\/viscom_wmt\\\/\"]}]}<\/script>\n<!-- \/ Yoast SEO plugin. -->","yoast_head_json":{"title":"Trimmeris RC 360 - WMT Baltic","description":"Trimmeris Cut RC 360Grie\u0161anas garums: 360 mmGrie\u0161anas jauda: 10 loksnes (80 gr.\/m2) vai 13 loksnes (70 gr.\/m2)Grie\u0161anas biezums: 1 mm, nopirkt R\u012bga","robots":{"index":"index","follow":"follow","max-snippet":"max-snippet:-1","max-image-preview":"max-image-preview:large","max-video-preview":"max-video-preview:-1"},"canonical":"https:\/\/wmtbaltic.lv\/Produkts\/trimmeris-rc-360\/","og_locale":"en_US","og_type":"article","og_title":"Trimmeris RC 360 - WMT Baltic","og_description":"Trimmeris Cut RC 360Grie\u0161anas garums: 360 mmGrie\u0161anas jauda: 10 loksnes (80 gr.\/m2) vai 13 loksnes (70 gr.\/m2)Grie\u0161anas biezums: 1 mm, nopirkt R\u012bga","og_url":"https:\/\/wmtbaltic.lv\/Produkts\/trimmeris-rc-360\/","og_site_name":"WMT Baltic","article_publisher":"https:\/\/www.facebook.com\/WMT.Baltic.viscom\/?locale=lv_LV","article_modified_time":"2023-11-14T08:45:07+00:00","og_image":[{"width":851,"height":649,"url":"http:\/\/wmtbaltic.lv\/wp-content\/uploads\/2023\/11\/rolling_rc_320_left_lw-2.jpg","type":"image\/jpeg"}],"twitter_card":"summary_large_image","twitter_misc":{"Est. reading time":"1 minute"},"schema":{"@context":"https:\/\/schema.org","@graph":[{"@type":"WebPage","@id":"https:\/\/wmtbaltic.lv\/Produkts\/trimmeris-rc-360\/","url":"https:\/\/wmtbaltic.lv\/Produkts\/trimmeris-rc-360\/","name":"Trimmeris RC 360 - WMT Baltic","isPartOf":{"@id":"https:\/\/wmtbaltic.lv\/#website"},"primaryImageOfPage":{"@id":"https:\/\/wmtbaltic.lv\/Produkts\/trimmeris-rc-360\/#primaryimage"},"image":{"@id":"https:\/\/wmtbaltic.lv\/Produkts\/trimmeris-rc-360\/#primaryimage"},"thumbnailUrl":"https:\/\/wmtbaltic.lv\/wp-content\/uploads\/2023\/11\/rolling_rc_320_left_lw-2.jpg","datePublished":"2023-11-13T13:50:50+00:00","dateModified":"2023-11-14T08:45:07+00:00","description":"Trimmeris Cut RC 360Grie\u0161anas garums: 360 mmGrie\u0161anas jauda: 10 loksnes (80 gr.\/m2) vai 13 loksnes (70 gr.\/m2)Grie\u0161anas biezums: 1 mm, nopirkt R\u012bga","breadcrumb":{"@id":"https:\/\/wmtbaltic.lv\/Produkts\/trimmeris-rc-360\/#breadcrumb"},"inLanguage":"en-US","potentialAction":[{"@type":"ReadAction","target":["https:\/\/wmtbaltic.lv\/Produkts\/trimmeris-rc-360\/"]}]},{"@type":"ImageObject","inLanguage":"en-US","@id":"https:\/\/wmtbaltic.lv\/Produkts\/trimmeris-rc-360\/#primaryimage","url":"https:\/\/wmtbaltic.lv\/wp-content\/uploads\/2023\/11\/rolling_rc_320_left_lw-2.jpg","contentUrl":"https:\/\/wmtbaltic.lv\/wp-content\/uploads\/2023\/11\/rolling_rc_320_left_lw-2.jpg","width":851,"height":649},{"@type":"BreadcrumbList","@id":"https:\/\/wmtbaltic.lv\/Produkts\/trimmeris-rc-360\/#breadcrumb","itemListElement":[{"@type":"ListItem","position":1,"name":"Home","item":"https:\/\/wmtbaltic.lv\/en\/"},{"@type":"ListItem","position":2,"name":"Products","item":"https:\/\/wmtbaltic.lv\/en\/shop\/"},{"@type":"ListItem","position":3,"name":"Trimmeris RC 360"}]},{"@type":"WebSite","@id":"https:\/\/wmtbaltic.lv\/#website","url":"https:\/\/wmtbaltic.lv\/","name":"WMT Baltic","description":"Rekl\u0101mas produkti, pl\u0113ves","publisher":{"@id":"https:\/\/wmtbaltic.lv\/#organization"},"potentialAction":[{"@type":"SearchAction","target":{"@type":"EntryPoint","urlTemplate":"https:\/\/wmtbaltic.lv\/?s={search_term_string}"},"query-input":{"@type":"PropertyValueSpecification","valueRequired":true,"valueName":"search_term_string"}}],"inLanguage":"en-US"},{"@type":"Organization","@id":"https:\/\/wmtbaltic.lv\/#organization","name":"WMT Baltic","url":"https:\/\/wmtbaltic.lv\/","logo":{"@type":"ImageObject","inLanguage":"en-US","@id":"https:\/\/wmtbaltic.lv\/#\/schema\/logo\/image\/","url":"https:\/\/wmtbaltic.lv\/wp-content\/uploads\/2024\/12\/wmt-baltic-sia_107142_9_420x180.jpg","contentUrl":"https:\/\/wmtbaltic.lv\/wp-content\/uploads\/2024\/12\/wmt-baltic-sia_107142_9_420x180.jpg","width":420,"height":180,"caption":"WMT Baltic"},"image":{"@id":"https:\/\/wmtbaltic.lv\/#\/schema\/logo\/image\/"},"sameAs":["https:\/\/www.facebook.com\/WMT.Baltic.viscom\/?locale=lv_LV","https:\/\/www.instagram.com\/viscom_wmt\/"]}]}},"_links":{"self":[{"href":"https:\/\/wmtbaltic.lv\/en\/wp-json\/wp\/v2\/product\/15796","targetHints":{"allow":["GET"]}}],"collection":[{"href":"https:\/\/wmtbaltic.lv\/en\/wp-json\/wp\/v2\/product"}],"about":[{"href":"https:\/\/wmtbaltic.lv\/en\/wp-json\/wp\/v2\/types\/product"}],"replies":[{"embeddable":true,"href":"https:\/\/wmtbaltic.lv\/en\/wp-json\/wp\/v2\/comments?post=15796"}],"wp:featuredmedia":[{"embeddable":true,"href":"https:\/\/wmtbaltic.lv\/en\/wp-json\/wp\/v2\/media\/15852"}],"wp:attachment":[{"href":"https:\/\/wmtbaltic.lv\/en\/wp-json\/wp\/v2\/media?parent=15796"}],"wp:term":[{"taxonomy":"product_brand","embeddable":true,"href":"https:\/\/wmtbaltic.lv\/en\/wp-json\/wp\/v2\/product_brand?post=15796"},{"taxonomy":"product_cat","embeddable":true,"href":"https:\/\/wmtbaltic.lv\/en\/wp-json\/wp\/v2\/product_cat?post=15796"},{"taxonomy":"product_tag","embeddable":true,"href":"https:\/\/wmtbaltic.lv\/en\/wp-json\/wp\/v2\/product_tag?post=15796"}],"curies":[{"name":"wp","href":"https:\/\/api.w.org\/{rel}","templated":true}]}}