{"id":15773,"date":"2023-11-13T09:59:57","date_gmt":"2023-11-13T09:59:57","guid":{"rendered":"https:\/\/wmtbaltic.lv\/?post_type=product&#038;p=15773"},"modified":"2023-11-14T08:26:31","modified_gmt":"2023-11-14T08:26:31","slug":"giljotina-cut-rc-260","status":"publish","type":"product","link":"https:\/\/wmtbaltic.lv\/en\/product\/giljotina-cut-rc-260\/","title":{"rendered":"Trimmeris Rolling-Cut RC 260"},"content":{"rendered":"<p>Manu\u0101la pap\u012bra giljot\u012bna no RC Systems \u201cTrimmer Rolling-Cut RC 260\u201d hobijam, skolai, m\u0101jai, foto un birojam &#8211; form\u0101ts A4. Giljot\u012bnai ir t\u0113rauda pamatne ar s\u0101nu mal\u0101m, kas izgatavotas no plastmasas. Pel\u0113ka kr\u0101sa RAL 7036. Kr\u0101sota ar pulverkr\u0101su pret skr\u0101p\u0113jumiem. Caursp\u012bd\u012bga un autom\u0101tiska pap\u012bra prese.<\/p>\n<p><strong>TEHNISK\u0100 INFORM\u0100CIJA<\/strong><\/p>\n<p>Grie\u0161anas garums: 260 mm<\/p>\n<p>Grie\u0161anas jauda: 10 loksnes (80 gr.\/m2) vai 13 loksnes (70 gr.\/m2)<\/p>\n<p>Grie\u0161anas biezums: 1 mm<\/p>\n<p>Pap\u012bra preses sist\u0113ma: Caursp\u012bd\u012bga un autom\u0101tiska pap\u012bra prese<\/p>\n<p>Sietspiede UNI form\u0101ts:<\/p>\n<ul>\n<li>Ainava un portrets: A5, A6 &#8211;<\/li>\n<li>Ainava: A4\u00a0\u2014 fotoatt\u0113la form\u0101ts: 20\u00a0x\u00a030\u00a0\u2014 20\u00a0x\u00a025\u00a0x\u00a018\u00a0x\u00a024\u00a0\u2014<\/li>\n<li>13 x 18 &#8211; 10 x 15 &#8211; 10 &#8220;x 8&#8243; &#8211; 8&#8243; x 6&#8243; &#8211; 7&#8243; x 5&#8243; &#8211; 6&#8243; x 4&#8221; &#8211;<\/li>\n<li>Griezuma l\u012bnija 60\u00b0 &#8211; 45\u00b0 &#8211; 30\u00b0<\/li>\n<\/ul>\n<p>M\u0113rskala: milimetri un collas<\/p>\n<p>Grie\u0161anas zona: 260\u00a0x\u00a0170<\/p>\n<p>Giljot\u012bnas kop\u0113jais izm\u0113rs: 445 x W 200 x A 70<\/p>\n<p>Neto svars: 1530 kg<\/p>\n","protected":false},"excerpt":{"rendered":"Manu\u0101la pap\u012bra giljot\u012bna no RC Systems \u201cTrimmer Rolling-Cut RC 260\u201d hobijam, skolai, m\u0101jai, foto un birojam - form\u0101ts A4. Giljot\u012bnai ir t\u0113rauda pamatne ar s\u0101nu mal\u0101m, kas izgatavotas no plastmasas. Pel\u0113ka kr\u0101sa RAL 7036. Kr\u0101sota ar pulverkr\u0101su pret skr\u0101p\u0113jumiem. Caursp\u012bd\u012bga un autom\u0101tiska pap\u012bra prese. TEHNISK\u0100 INFORM\u0100CIJA Grie\u0161anas garums: 260 mm Grie\u0161anas jauda: 10 loksnes (80 [...]","protected":false},"featured_media":15831,"comment_status":"closed","ping_status":"closed","template":"","meta":[],"product_brand":[],"product_cat":[71,258,259],"product_tag":[725,531,723,1333],"class_list":{"0":"post-15773","1":"product","2":"type-product","3":"status-publish","4":"has-post-thumbnail","6":"product_cat-griesana-locisana-rievosana","7":"product_cat-iekartas-un-izejmateriali","8":"product_cat-rc-systems","9":"product_tag-giljotina","10":"product_tag-manuala","11":"product_tag-rc-systems","12":"product_tag-trimmer-rolling-cut-rc-260","14":"first","15":"instock","16":"shipping-taxable","17":"purchasable","18":"product-type-simple"},"yoast_head":"<!-- This site is optimized with the Yoast SEO plugin v27.6 - https:\/\/yoast.com\/product\/yoast-seo-wordpress\/ -->\n<title>Trimmeris Rolling-Cut RC 260 - WMT Baltic<\/title>\n<meta name=\"description\" content=\"Pap\u012bra preses sist\u0113ma: Caursp\u012bd\u012bga un autom\u0101tiska pap\u012bra preseSietspiede UNI form\u0101ts:Ainava un portrets: A5, A6 -Ainava: A4\u00a0\u2014 fotoatt\u0113la\" \/>\n<meta name=\"robots\" content=\"index, follow, max-snippet:-1, max-image-preview:large, max-video-preview:-1\" \/>\n<link rel=\"canonical\" href=\"https:\/\/wmtbaltic.lv\/Produkts\/giljotina-cut-rc-260\/\" \/>\n<meta property=\"og:locale\" content=\"en_US\" \/>\n<meta property=\"og:type\" content=\"article\" \/>\n<meta property=\"og:title\" content=\"Trimmeris Rolling-Cut RC 260 - WMT Baltic\" \/>\n<meta property=\"og:description\" content=\"Pap\u012bra preses sist\u0113ma: Caursp\u012bd\u012bga un autom\u0101tiska pap\u012bra preseSietspiede UNI form\u0101ts:Ainava un portrets: A5, A6 -Ainava: A4\u00a0\u2014 fotoatt\u0113la\" \/>\n<meta property=\"og:url\" content=\"https:\/\/wmtbaltic.lv\/Produkts\/giljotina-cut-rc-260\/\" \/>\n<meta property=\"og:site_name\" content=\"WMT Baltic\" \/>\n<meta property=\"article:publisher\" content=\"https:\/\/www.facebook.com\/WMT.Baltic.viscom\/?locale=lv_LV\" \/>\n<meta property=\"article:modified_time\" content=\"2023-11-14T08:26:31+00:00\" \/>\n<meta property=\"og:image\" content=\"http:\/\/wmtbaltic.lv\/wp-content\/uploads\/2023\/11\/rolling_rc_260_left-1.jpg\" \/>\n\t<meta property=\"og:image:width\" content=\"940\" \/>\n\t<meta property=\"og:image:height\" content=\"704\" \/>\n\t<meta property=\"og:image:type\" content=\"image\/jpeg\" \/>\n<meta name=\"twitter:card\" content=\"summary_large_image\" \/>\n<meta name=\"twitter:label1\" content=\"Est. reading time\" \/>\n\t<meta name=\"twitter:data1\" content=\"1 minute\" \/>\n<script type=\"application\/ld+json\" class=\"yoast-schema-graph\">{\"@context\":\"https:\\\/\\\/schema.org\",\"@graph\":[{\"@type\":\"WebPage\",\"@id\":\"https:\\\/\\\/wmtbaltic.lv\\\/Produkts\\\/giljotina-cut-rc-260\\\/\",\"url\":\"https:\\\/\\\/wmtbaltic.lv\\\/Produkts\\\/giljotina-cut-rc-260\\\/\",\"name\":\"Trimmeris Rolling-Cut RC 260 - WMT Baltic\",\"isPartOf\":{\"@id\":\"https:\\\/\\\/wmtbaltic.lv\\\/#website\"},\"primaryImageOfPage\":{\"@id\":\"https:\\\/\\\/wmtbaltic.lv\\\/Produkts\\\/giljotina-cut-rc-260\\\/#primaryimage\"},\"image\":{\"@id\":\"https:\\\/\\\/wmtbaltic.lv\\\/Produkts\\\/giljotina-cut-rc-260\\\/#primaryimage\"},\"thumbnailUrl\":\"https:\\\/\\\/wmtbaltic.lv\\\/wp-content\\\/uploads\\\/2023\\\/11\\\/rolling_rc_260_left-1.jpg\",\"datePublished\":\"2023-11-13T09:59:57+00:00\",\"dateModified\":\"2023-11-14T08:26:31+00:00\",\"description\":\"Pap\u012bra preses sist\u0113ma: Caursp\u012bd\u012bga un autom\u0101tiska pap\u012bra preseSietspiede UNI form\u0101ts:Ainava un portrets: A5, A6 -Ainava: A4\u00a0\u2014 fotoatt\u0113la\",\"breadcrumb\":{\"@id\":\"https:\\\/\\\/wmtbaltic.lv\\\/Produkts\\\/giljotina-cut-rc-260\\\/#breadcrumb\"},\"inLanguage\":\"en-US\",\"potentialAction\":[{\"@type\":\"ReadAction\",\"target\":[\"https:\\\/\\\/wmtbaltic.lv\\\/Produkts\\\/giljotina-cut-rc-260\\\/\"]}]},{\"@type\":\"ImageObject\",\"inLanguage\":\"en-US\",\"@id\":\"https:\\\/\\\/wmtbaltic.lv\\\/Produkts\\\/giljotina-cut-rc-260\\\/#primaryimage\",\"url\":\"https:\\\/\\\/wmtbaltic.lv\\\/wp-content\\\/uploads\\\/2023\\\/11\\\/rolling_rc_260_left-1.jpg\",\"contentUrl\":\"https:\\\/\\\/wmtbaltic.lv\\\/wp-content\\\/uploads\\\/2023\\\/11\\\/rolling_rc_260_left-1.jpg\",\"width\":940,\"height\":704},{\"@type\":\"BreadcrumbList\",\"@id\":\"https:\\\/\\\/wmtbaltic.lv\\\/Produkts\\\/giljotina-cut-rc-260\\\/#breadcrumb\",\"itemListElement\":[{\"@type\":\"ListItem\",\"position\":1,\"name\":\"Home\",\"item\":\"https:\\\/\\\/wmtbaltic.lv\\\/en\\\/\"},{\"@type\":\"ListItem\",\"position\":2,\"name\":\"Products\",\"item\":\"https:\\\/\\\/wmtbaltic.lv\\\/en\\\/shop\\\/\"},{\"@type\":\"ListItem\",\"position\":3,\"name\":\"Trimmeris Rolling-Cut RC 260\"}]},{\"@type\":\"WebSite\",\"@id\":\"https:\\\/\\\/wmtbaltic.lv\\\/#website\",\"url\":\"https:\\\/\\\/wmtbaltic.lv\\\/\",\"name\":\"WMT Baltic\",\"description\":\"Rekl\u0101mas produkti, pl\u0113ves\",\"publisher\":{\"@id\":\"https:\\\/\\\/wmtbaltic.lv\\\/#organization\"},\"potentialAction\":[{\"@type\":\"SearchAction\",\"target\":{\"@type\":\"EntryPoint\",\"urlTemplate\":\"https:\\\/\\\/wmtbaltic.lv\\\/?s={search_term_string}\"},\"query-input\":{\"@type\":\"PropertyValueSpecification\",\"valueRequired\":true,\"valueName\":\"search_term_string\"}}],\"inLanguage\":\"en-US\"},{\"@type\":\"Organization\",\"@id\":\"https:\\\/\\\/wmtbaltic.lv\\\/#organization\",\"name\":\"WMT Baltic\",\"url\":\"https:\\\/\\\/wmtbaltic.lv\\\/\",\"logo\":{\"@type\":\"ImageObject\",\"inLanguage\":\"en-US\",\"@id\":\"https:\\\/\\\/wmtbaltic.lv\\\/#\\\/schema\\\/logo\\\/image\\\/\",\"url\":\"https:\\\/\\\/wmtbaltic.lv\\\/wp-content\\\/uploads\\\/2024\\\/12\\\/wmt-baltic-sia_107142_9_420x180.jpg\",\"contentUrl\":\"https:\\\/\\\/wmtbaltic.lv\\\/wp-content\\\/uploads\\\/2024\\\/12\\\/wmt-baltic-sia_107142_9_420x180.jpg\",\"width\":420,\"height\":180,\"caption\":\"WMT Baltic\"},\"image\":{\"@id\":\"https:\\\/\\\/wmtbaltic.lv\\\/#\\\/schema\\\/logo\\\/image\\\/\"},\"sameAs\":[\"https:\\\/\\\/www.facebook.com\\\/WMT.Baltic.viscom\\\/?locale=lv_LV\",\"https:\\\/\\\/www.instagram.com\\\/viscom_wmt\\\/\"]}]}<\/script>\n<!-- \/ Yoast SEO plugin. -->","yoast_head_json":{"title":"Trimmeris Rolling-Cut RC 260 - WMT Baltic","description":"Pap\u012bra preses sist\u0113ma: Caursp\u012bd\u012bga un autom\u0101tiska pap\u012bra preseSietspiede UNI form\u0101ts:Ainava un portrets: A5, A6 -Ainava: A4\u00a0\u2014 fotoatt\u0113la","robots":{"index":"index","follow":"follow","max-snippet":"max-snippet:-1","max-image-preview":"max-image-preview:large","max-video-preview":"max-video-preview:-1"},"canonical":"https:\/\/wmtbaltic.lv\/Produkts\/giljotina-cut-rc-260\/","og_locale":"en_US","og_type":"article","og_title":"Trimmeris Rolling-Cut RC 260 - WMT Baltic","og_description":"Pap\u012bra preses sist\u0113ma: Caursp\u012bd\u012bga un autom\u0101tiska pap\u012bra preseSietspiede UNI form\u0101ts:Ainava un portrets: A5, A6 -Ainava: A4\u00a0\u2014 fotoatt\u0113la","og_url":"https:\/\/wmtbaltic.lv\/Produkts\/giljotina-cut-rc-260\/","og_site_name":"WMT Baltic","article_publisher":"https:\/\/www.facebook.com\/WMT.Baltic.viscom\/?locale=lv_LV","article_modified_time":"2023-11-14T08:26:31+00:00","og_image":[{"width":940,"height":704,"url":"http:\/\/wmtbaltic.lv\/wp-content\/uploads\/2023\/11\/rolling_rc_260_left-1.jpg","type":"image\/jpeg"}],"twitter_card":"summary_large_image","twitter_misc":{"Est. reading time":"1 minute"},"schema":{"@context":"https:\/\/schema.org","@graph":[{"@type":"WebPage","@id":"https:\/\/wmtbaltic.lv\/Produkts\/giljotina-cut-rc-260\/","url":"https:\/\/wmtbaltic.lv\/Produkts\/giljotina-cut-rc-260\/","name":"Trimmeris Rolling-Cut RC 260 - WMT Baltic","isPartOf":{"@id":"https:\/\/wmtbaltic.lv\/#website"},"primaryImageOfPage":{"@id":"https:\/\/wmtbaltic.lv\/Produkts\/giljotina-cut-rc-260\/#primaryimage"},"image":{"@id":"https:\/\/wmtbaltic.lv\/Produkts\/giljotina-cut-rc-260\/#primaryimage"},"thumbnailUrl":"https:\/\/wmtbaltic.lv\/wp-content\/uploads\/2023\/11\/rolling_rc_260_left-1.jpg","datePublished":"2023-11-13T09:59:57+00:00","dateModified":"2023-11-14T08:26:31+00:00","description":"Pap\u012bra preses sist\u0113ma: Caursp\u012bd\u012bga un autom\u0101tiska pap\u012bra preseSietspiede UNI form\u0101ts:Ainava un portrets: A5, A6 -Ainava: A4\u00a0\u2014 fotoatt\u0113la","breadcrumb":{"@id":"https:\/\/wmtbaltic.lv\/Produkts\/giljotina-cut-rc-260\/#breadcrumb"},"inLanguage":"en-US","potentialAction":[{"@type":"ReadAction","target":["https:\/\/wmtbaltic.lv\/Produkts\/giljotina-cut-rc-260\/"]}]},{"@type":"ImageObject","inLanguage":"en-US","@id":"https:\/\/wmtbaltic.lv\/Produkts\/giljotina-cut-rc-260\/#primaryimage","url":"https:\/\/wmtbaltic.lv\/wp-content\/uploads\/2023\/11\/rolling_rc_260_left-1.jpg","contentUrl":"https:\/\/wmtbaltic.lv\/wp-content\/uploads\/2023\/11\/rolling_rc_260_left-1.jpg","width":940,"height":704},{"@type":"BreadcrumbList","@id":"https:\/\/wmtbaltic.lv\/Produkts\/giljotina-cut-rc-260\/#breadcrumb","itemListElement":[{"@type":"ListItem","position":1,"name":"Home","item":"https:\/\/wmtbaltic.lv\/en\/"},{"@type":"ListItem","position":2,"name":"Products","item":"https:\/\/wmtbaltic.lv\/en\/shop\/"},{"@type":"ListItem","position":3,"name":"Trimmeris Rolling-Cut RC 260"}]},{"@type":"WebSite","@id":"https:\/\/wmtbaltic.lv\/#website","url":"https:\/\/wmtbaltic.lv\/","name":"WMT Baltic","description":"Rekl\u0101mas produkti, pl\u0113ves","publisher":{"@id":"https:\/\/wmtbaltic.lv\/#organization"},"potentialAction":[{"@type":"SearchAction","target":{"@type":"EntryPoint","urlTemplate":"https:\/\/wmtbaltic.lv\/?s={search_term_string}"},"query-input":{"@type":"PropertyValueSpecification","valueRequired":true,"valueName":"search_term_string"}}],"inLanguage":"en-US"},{"@type":"Organization","@id":"https:\/\/wmtbaltic.lv\/#organization","name":"WMT Baltic","url":"https:\/\/wmtbaltic.lv\/","logo":{"@type":"ImageObject","inLanguage":"en-US","@id":"https:\/\/wmtbaltic.lv\/#\/schema\/logo\/image\/","url":"https:\/\/wmtbaltic.lv\/wp-content\/uploads\/2024\/12\/wmt-baltic-sia_107142_9_420x180.jpg","contentUrl":"https:\/\/wmtbaltic.lv\/wp-content\/uploads\/2024\/12\/wmt-baltic-sia_107142_9_420x180.jpg","width":420,"height":180,"caption":"WMT Baltic"},"image":{"@id":"https:\/\/wmtbaltic.lv\/#\/schema\/logo\/image\/"},"sameAs":["https:\/\/www.facebook.com\/WMT.Baltic.viscom\/?locale=lv_LV","https:\/\/www.instagram.com\/viscom_wmt\/"]}]}},"_links":{"self":[{"href":"https:\/\/wmtbaltic.lv\/en\/wp-json\/wp\/v2\/product\/15773","targetHints":{"allow":["GET"]}}],"collection":[{"href":"https:\/\/wmtbaltic.lv\/en\/wp-json\/wp\/v2\/product"}],"about":[{"href":"https:\/\/wmtbaltic.lv\/en\/wp-json\/wp\/v2\/types\/product"}],"replies":[{"embeddable":true,"href":"https:\/\/wmtbaltic.lv\/en\/wp-json\/wp\/v2\/comments?post=15773"}],"wp:featuredmedia":[{"embeddable":true,"href":"https:\/\/wmtbaltic.lv\/en\/wp-json\/wp\/v2\/media\/15831"}],"wp:attachment":[{"href":"https:\/\/wmtbaltic.lv\/en\/wp-json\/wp\/v2\/media?parent=15773"}],"wp:term":[{"taxonomy":"product_brand","embeddable":true,"href":"https:\/\/wmtbaltic.lv\/en\/wp-json\/wp\/v2\/product_brand?post=15773"},{"taxonomy":"product_cat","embeddable":true,"href":"https:\/\/wmtbaltic.lv\/en\/wp-json\/wp\/v2\/product_cat?post=15773"},{"taxonomy":"product_tag","embeddable":true,"href":"https:\/\/wmtbaltic.lv\/en\/wp-json\/wp\/v2\/product_tag?post=15773"}],"curies":[{"name":"wp","href":"https:\/\/api.w.org\/{rel}","templated":true}]}}