{"id":15753,"date":"2023-11-08T14:00:15","date_gmt":"2023-11-08T14:00:15","guid":{"rendered":"https:\/\/wmtbaltic.lv\/?post_type=product&#038;p=15753"},"modified":"2023-11-08T14:27:49","modified_gmt":"2023-11-08T14:27:49","slug":"turetajs-galda-plaksnitem-salzburg","status":"publish","type":"product","link":"https:\/\/wmtbaltic.lv\/en\/product\/turetajs-galda-plaksnitem-salzburg\/","title":{"rendered":"Tur\u0113t\u0101js galda pl\u0101ksn\u012bt\u0113m Salzburg"},"content":{"rendered":"","protected":false},"excerpt":{"rendered":"<strong>Salzburg<\/strong> \u2013 tur\u0113t\u0101js no ner\u016bs\u0113jo\u0161a t\u0113rauda 3-8mm biezu galda pl\u0101ksn\u012bt\u0113m.\r\n\r\nDiametrs \u2013 12 mm.\r\n\r\nS<span class=\"HwtZe\" lang=\"lv\"><span class=\"jCAhz ChMk0b\"><span class=\"ryNqvb\">l\u012bpuma le\u0146\u0137is<\/span><\/span><\/span>\u00a0- 62 <span id=\"MathJax-Element-9-Frame\" class=\"MathJax\"><span id=\"MathJax-Span-37\" class=\"math\"><span id=\"MathJax-Span-38\" class=\"mrow\"><span id=\"MathJax-Span-39\" class=\"mrow\"><span id=\"MathJax-Span-40\" class=\"mi\">\u00b0<\/span><\/span><\/span><\/span><\/span>\r\n\r\nCauruma diametrs \u2013 9 mm.","protected":false},"featured_media":15754,"template":"","meta":[],"product_brand":[],"product_cat":[951,949],"product_tag":[1332],"class_list":{"0":"post-15753","1":"product","2":"type-product","3":"status-publish","4":"has-post-thumbnail","6":"product_cat-speciali-stiprinajumi","7":"product_cat-stiprinajums-pie-sienas","8":"product_tag-galda-plaksnisu-tuetajs","10":"first","11":"instock","12":"shipping-taxable","13":"purchasable","14":"product-type-simple"},"yoast_head":"<!-- This site is optimized with the Yoast SEO plugin v27.4 - https:\/\/yoast.com\/product\/yoast-seo-wordpress\/ -->\n<title>Tur\u0113t\u0101js galda pl\u0101ksn\u012bt\u0113m Salzburg , nopirkt veikal\u0101 R\u012bg\u0101<\/title>\n<meta name=\"robots\" content=\"index, follow, max-snippet:-1, max-image-preview:large, max-video-preview:-1\" \/>\n<link rel=\"canonical\" href=\"https:\/\/wmtbaltic.lv\/Produkts\/turetajs-galda-plaksnitem-salzburg\/\" \/>\n<meta property=\"og:locale\" content=\"en_US\" \/>\n<meta property=\"og:type\" content=\"article\" \/>\n<meta property=\"og:title\" content=\"Tur\u0113t\u0101js galda pl\u0101ksn\u012bt\u0113m Salzburg , nopirkt veikal\u0101 R\u012bg\u0101\" \/>\n<meta property=\"og:description\" content=\"Salzburg \u2013 tur\u0113t\u0101js no ner\u016bs\u0113jo\u0161a t\u0113rauda 3-8mm biezu galda pl\u0101ksn\u012bt\u0113m.  Diametrs \u2013 12 mm.  Sl\u012bpuma le\u0146\u0137is\u00a0- 62 \u00b0  Cauruma diametrs \u2013 9 mm.\" \/>\n<meta property=\"og:url\" content=\"https:\/\/wmtbaltic.lv\/Produkts\/turetajs-galda-plaksnitem-salzburg\/\" \/>\n<meta property=\"og:site_name\" content=\"WMT Baltic\" \/>\n<meta property=\"article:publisher\" content=\"https:\/\/www.facebook.com\/WMT.Baltic.viscom\/?locale=lv_LV\" \/>\n<meta property=\"article:modified_time\" content=\"2023-11-08T14:27:49+00:00\" \/>\n<meta property=\"og:image\" content=\"http:\/\/wmtbaltic.lv\/wp-content\/uploads\/2023\/11\/Stiprinajums-Salzburg.png\" \/>\n\t<meta property=\"og:image:width\" content=\"768\" \/>\n\t<meta property=\"og:image:height\" content=\"768\" \/>\n\t<meta property=\"og:image:type\" content=\"image\/png\" \/>\n<meta name=\"twitter:card\" content=\"summary_large_image\" \/>\n<script type=\"application\/ld+json\" class=\"yoast-schema-graph\">{\"@context\":\"https:\\\/\\\/schema.org\",\"@graph\":[{\"@type\":\"WebPage\",\"@id\":\"https:\\\/\\\/wmtbaltic.lv\\\/Produkts\\\/turetajs-galda-plaksnitem-salzburg\\\/\",\"url\":\"https:\\\/\\\/wmtbaltic.lv\\\/Produkts\\\/turetajs-galda-plaksnitem-salzburg\\\/\",\"name\":\"Tur\u0113t\u0101js galda pl\u0101ksn\u012bt\u0113m Salzburg , nopirkt veikal\u0101 R\u012bg\u0101\",\"isPartOf\":{\"@id\":\"https:\\\/\\\/wmtbaltic.lv\\\/#website\"},\"primaryImageOfPage\":{\"@id\":\"https:\\\/\\\/wmtbaltic.lv\\\/Produkts\\\/turetajs-galda-plaksnitem-salzburg\\\/#primaryimage\"},\"image\":{\"@id\":\"https:\\\/\\\/wmtbaltic.lv\\\/Produkts\\\/turetajs-galda-plaksnitem-salzburg\\\/#primaryimage\"},\"thumbnailUrl\":\"https:\\\/\\\/wmtbaltic.lv\\\/wp-content\\\/uploads\\\/2023\\\/11\\\/Stiprinajums-Salzburg.png\",\"datePublished\":\"2023-11-08T14:00:15+00:00\",\"dateModified\":\"2023-11-08T14:27:49+00:00\",\"breadcrumb\":{\"@id\":\"https:\\\/\\\/wmtbaltic.lv\\\/Produkts\\\/turetajs-galda-plaksnitem-salzburg\\\/#breadcrumb\"},\"inLanguage\":\"en-US\",\"potentialAction\":[{\"@type\":\"ReadAction\",\"target\":[\"https:\\\/\\\/wmtbaltic.lv\\\/Produkts\\\/turetajs-galda-plaksnitem-salzburg\\\/\"]}]},{\"@type\":\"ImageObject\",\"inLanguage\":\"en-US\",\"@id\":\"https:\\\/\\\/wmtbaltic.lv\\\/Produkts\\\/turetajs-galda-plaksnitem-salzburg\\\/#primaryimage\",\"url\":\"https:\\\/\\\/wmtbaltic.lv\\\/wp-content\\\/uploads\\\/2023\\\/11\\\/Stiprinajums-Salzburg.png\",\"contentUrl\":\"https:\\\/\\\/wmtbaltic.lv\\\/wp-content\\\/uploads\\\/2023\\\/11\\\/Stiprinajums-Salzburg.png\",\"width\":768,\"height\":768},{\"@type\":\"BreadcrumbList\",\"@id\":\"https:\\\/\\\/wmtbaltic.lv\\\/Produkts\\\/turetajs-galda-plaksnitem-salzburg\\\/#breadcrumb\",\"itemListElement\":[{\"@type\":\"ListItem\",\"position\":1,\"name\":\"Home\",\"item\":\"https:\\\/\\\/wmtbaltic.lv\\\/en\\\/\"},{\"@type\":\"ListItem\",\"position\":2,\"name\":\"Shop\",\"item\":\"https:\\\/\\\/wmtbaltic.lv\\\/shop\\\/\"},{\"@type\":\"ListItem\",\"position\":3,\"name\":\"Tur\u0113t\u0101js galda pl\u0101ksn\u012bt\u0113m Salzburg\"}]},{\"@type\":\"WebSite\",\"@id\":\"https:\\\/\\\/wmtbaltic.lv\\\/#website\",\"url\":\"https:\\\/\\\/wmtbaltic.lv\\\/\",\"name\":\"WMT Baltic\",\"description\":\"Rekl\u0101mas produkti, pl\u0113ves\",\"publisher\":{\"@id\":\"https:\\\/\\\/wmtbaltic.lv\\\/#organization\"},\"potentialAction\":[{\"@type\":\"SearchAction\",\"target\":{\"@type\":\"EntryPoint\",\"urlTemplate\":\"https:\\\/\\\/wmtbaltic.lv\\\/?s={search_term_string}\"},\"query-input\":{\"@type\":\"PropertyValueSpecification\",\"valueRequired\":true,\"valueName\":\"search_term_string\"}}],\"inLanguage\":\"en-US\"},{\"@type\":\"Organization\",\"@id\":\"https:\\\/\\\/wmtbaltic.lv\\\/#organization\",\"name\":\"WMT Baltic\",\"url\":\"https:\\\/\\\/wmtbaltic.lv\\\/\",\"logo\":{\"@type\":\"ImageObject\",\"inLanguage\":\"en-US\",\"@id\":\"https:\\\/\\\/wmtbaltic.lv\\\/#\\\/schema\\\/logo\\\/image\\\/\",\"url\":\"https:\\\/\\\/wmtbaltic.lv\\\/wp-content\\\/uploads\\\/2024\\\/12\\\/wmt-baltic-sia_107142_9_420x180.jpg\",\"contentUrl\":\"https:\\\/\\\/wmtbaltic.lv\\\/wp-content\\\/uploads\\\/2024\\\/12\\\/wmt-baltic-sia_107142_9_420x180.jpg\",\"width\":420,\"height\":180,\"caption\":\"WMT Baltic\"},\"image\":{\"@id\":\"https:\\\/\\\/wmtbaltic.lv\\\/#\\\/schema\\\/logo\\\/image\\\/\"},\"sameAs\":[\"https:\\\/\\\/www.facebook.com\\\/WMT.Baltic.viscom\\\/?locale=lv_LV\",\"https:\\\/\\\/www.instagram.com\\\/viscom_wmt\\\/\"]}]}<\/script>\n<!-- \/ Yoast SEO plugin. -->","yoast_head_json":{"title":"Tur\u0113t\u0101js galda pl\u0101ksn\u012bt\u0113m Salzburg , nopirkt veikal\u0101 R\u012bg\u0101","robots":{"index":"index","follow":"follow","max-snippet":"max-snippet:-1","max-image-preview":"max-image-preview:large","max-video-preview":"max-video-preview:-1"},"canonical":"https:\/\/wmtbaltic.lv\/Produkts\/turetajs-galda-plaksnitem-salzburg\/","og_locale":"en_US","og_type":"article","og_title":"Tur\u0113t\u0101js galda pl\u0101ksn\u012bt\u0113m Salzburg , nopirkt veikal\u0101 R\u012bg\u0101","og_description":"Salzburg \u2013 tur\u0113t\u0101js no ner\u016bs\u0113jo\u0161a t\u0113rauda 3-8mm biezu galda pl\u0101ksn\u012bt\u0113m.  Diametrs \u2013 12 mm.  Sl\u012bpuma le\u0146\u0137is\u00a0- 62 \u00b0  Cauruma diametrs \u2013 9 mm.","og_url":"https:\/\/wmtbaltic.lv\/Produkts\/turetajs-galda-plaksnitem-salzburg\/","og_site_name":"WMT Baltic","article_publisher":"https:\/\/www.facebook.com\/WMT.Baltic.viscom\/?locale=lv_LV","article_modified_time":"2023-11-08T14:27:49+00:00","og_image":[{"width":768,"height":768,"url":"http:\/\/wmtbaltic.lv\/wp-content\/uploads\/2023\/11\/Stiprinajums-Salzburg.png","type":"image\/png"}],"twitter_card":"summary_large_image","schema":{"@context":"https:\/\/schema.org","@graph":[{"@type":"WebPage","@id":"https:\/\/wmtbaltic.lv\/Produkts\/turetajs-galda-plaksnitem-salzburg\/","url":"https:\/\/wmtbaltic.lv\/Produkts\/turetajs-galda-plaksnitem-salzburg\/","name":"Tur\u0113t\u0101js galda pl\u0101ksn\u012bt\u0113m Salzburg , nopirkt veikal\u0101 R\u012bg\u0101","isPartOf":{"@id":"https:\/\/wmtbaltic.lv\/#website"},"primaryImageOfPage":{"@id":"https:\/\/wmtbaltic.lv\/Produkts\/turetajs-galda-plaksnitem-salzburg\/#primaryimage"},"image":{"@id":"https:\/\/wmtbaltic.lv\/Produkts\/turetajs-galda-plaksnitem-salzburg\/#primaryimage"},"thumbnailUrl":"https:\/\/wmtbaltic.lv\/wp-content\/uploads\/2023\/11\/Stiprinajums-Salzburg.png","datePublished":"2023-11-08T14:00:15+00:00","dateModified":"2023-11-08T14:27:49+00:00","breadcrumb":{"@id":"https:\/\/wmtbaltic.lv\/Produkts\/turetajs-galda-plaksnitem-salzburg\/#breadcrumb"},"inLanguage":"en-US","potentialAction":[{"@type":"ReadAction","target":["https:\/\/wmtbaltic.lv\/Produkts\/turetajs-galda-plaksnitem-salzburg\/"]}]},{"@type":"ImageObject","inLanguage":"en-US","@id":"https:\/\/wmtbaltic.lv\/Produkts\/turetajs-galda-plaksnitem-salzburg\/#primaryimage","url":"https:\/\/wmtbaltic.lv\/wp-content\/uploads\/2023\/11\/Stiprinajums-Salzburg.png","contentUrl":"https:\/\/wmtbaltic.lv\/wp-content\/uploads\/2023\/11\/Stiprinajums-Salzburg.png","width":768,"height":768},{"@type":"BreadcrumbList","@id":"https:\/\/wmtbaltic.lv\/Produkts\/turetajs-galda-plaksnitem-salzburg\/#breadcrumb","itemListElement":[{"@type":"ListItem","position":1,"name":"Home","item":"https:\/\/wmtbaltic.lv\/en\/"},{"@type":"ListItem","position":2,"name":"Shop","item":"https:\/\/wmtbaltic.lv\/shop\/"},{"@type":"ListItem","position":3,"name":"Tur\u0113t\u0101js galda pl\u0101ksn\u012bt\u0113m Salzburg"}]},{"@type":"WebSite","@id":"https:\/\/wmtbaltic.lv\/#website","url":"https:\/\/wmtbaltic.lv\/","name":"WMT Baltic","description":"Rekl\u0101mas produkti, pl\u0113ves","publisher":{"@id":"https:\/\/wmtbaltic.lv\/#organization"},"potentialAction":[{"@type":"SearchAction","target":{"@type":"EntryPoint","urlTemplate":"https:\/\/wmtbaltic.lv\/?s={search_term_string}"},"query-input":{"@type":"PropertyValueSpecification","valueRequired":true,"valueName":"search_term_string"}}],"inLanguage":"en-US"},{"@type":"Organization","@id":"https:\/\/wmtbaltic.lv\/#organization","name":"WMT Baltic","url":"https:\/\/wmtbaltic.lv\/","logo":{"@type":"ImageObject","inLanguage":"en-US","@id":"https:\/\/wmtbaltic.lv\/#\/schema\/logo\/image\/","url":"https:\/\/wmtbaltic.lv\/wp-content\/uploads\/2024\/12\/wmt-baltic-sia_107142_9_420x180.jpg","contentUrl":"https:\/\/wmtbaltic.lv\/wp-content\/uploads\/2024\/12\/wmt-baltic-sia_107142_9_420x180.jpg","width":420,"height":180,"caption":"WMT Baltic"},"image":{"@id":"https:\/\/wmtbaltic.lv\/#\/schema\/logo\/image\/"},"sameAs":["https:\/\/www.facebook.com\/WMT.Baltic.viscom\/?locale=lv_LV","https:\/\/www.instagram.com\/viscom_wmt\/"]}]}},"_links":{"self":[{"href":"https:\/\/wmtbaltic.lv\/en\/wp-json\/wp\/v2\/product\/15753","targetHints":{"allow":["GET"]}}],"collection":[{"href":"https:\/\/wmtbaltic.lv\/en\/wp-json\/wp\/v2\/product"}],"about":[{"href":"https:\/\/wmtbaltic.lv\/en\/wp-json\/wp\/v2\/types\/product"}],"wp:featuredmedia":[{"embeddable":true,"href":"https:\/\/wmtbaltic.lv\/en\/wp-json\/wp\/v2\/media\/15754"}],"wp:attachment":[{"href":"https:\/\/wmtbaltic.lv\/en\/wp-json\/wp\/v2\/media?parent=15753"}],"wp:term":[{"taxonomy":"product_brand","embeddable":true,"href":"https:\/\/wmtbaltic.lv\/en\/wp-json\/wp\/v2\/product_brand?post=15753"},{"taxonomy":"product_cat","embeddable":true,"href":"https:\/\/wmtbaltic.lv\/en\/wp-json\/wp\/v2\/product_cat?post=15753"},{"taxonomy":"product_tag","embeddable":true,"href":"https:\/\/wmtbaltic.lv\/en\/wp-json\/wp\/v2\/product_tag?post=15753"}],"curies":[{"name":"wp","href":"https:\/\/api.w.org\/{rel}","templated":true}]}}