{"id":15667,"date":"2023-10-31T14:58:10","date_gmt":"2023-10-31T14:58:10","guid":{"rendered":"https:\/\/wmtbaltic.lv\/?post_type=product&#038;p=15667"},"modified":"2024-12-04T13:58:23","modified_gmt":"2024-12-04T13:58:23","slug":"limpleve-polimera-ri-mark-platinum-p838-ocean-blue-1-22m","status":"publish","type":"product","link":"https:\/\/wmtbaltic.lv\/en\/product\/limpleve-polimera-ri-mark-platinum-p838-ocean-blue-1-22m\/","title":{"rendered":"L\u012bmpl\u0113ve, polim\u0113ra Ri-Mark Platinum P838 Ocean Blue 1.22m"},"content":{"rendered":"<div class=\"product media\">\n<h4 class=\"title\">Ri-Mark Platinum s\u0113rijas\u00a0 l\u012bmpl\u0113ves ide\u0101li piem\u0113rotas vid\u0113ja vai ilgtermi\u0146a iek\u0161\u0113jai un \u0101r\u0113jai lieto\u0161anai.<\/h4>\n<div class=\"text\">\n<p>Ri-Mark Platinum l\u012bmpl\u0113ves piem\u0113rotas taisnam un izliekt\u0101m virsm\u0101m ( 2D)<\/p>\n<p>Norut\u012bga l\u012bdz 10 gadiem<\/p>\n<p><strong>Pl\u0113ves pielieto\u0161ana:<\/strong><\/p>\n<ul>\n<li>Automa\u0161inu aplik\u0101ciju veido\u0161anai, skatlogu dekor\u0113\u0161anai,uzrakstu izgatavo\u0161anai<\/li>\n<li>Ilgtermi\u0146a iek\u0161telpu un \u0101rtelpu rekl\u0101ma<\/li>\n<li>Nor\u0101\u017eu z\u012bmes<\/li>\n<\/ul>\n<p><strong>Pl\u0113ves platums 1.22m.<\/strong><\/p>\n<p><strong>Biezums 65 \u00b5<\/strong><\/p>\n<p><strong>Rull\u012b 50m<\/strong><\/p>\n<p><strong>Cena nor\u0101d\u012bta\u00a0 par teko\u0161o metru<\/strong><\/p>\n<\/div>\n<\/div>\n<div>\n<div><span class=\"HwtZe\" lang=\"lv\"><span class=\"jCAhz ChMk0b\"><span class=\"ryNqvb\">Ritrama Platinum ir lieliska alternat\u012bva Oracal 551, Mactac 9800 un Avery 700 s\u0113rij\u0101m.<\/span><\/span><\/span><\/div>\n<\/div>\n<div><\/div>\n<div>\n<p><strong>Jei norite \u012fsigyti Ri-Mark Platinum P838 Ocean Blue 1.22m\u00a0 prek\u0119\u00a0 m\u016bs\u0173 ofise Lietuvoje,Vilniuje \u201dWMT Vilnius\u201dkambinkite: +37065562119, ra\u0161ykite:<\/strong>\u00a0<a href=\"mailto:info@wmt.lt\">info@wmt.lt<\/a><\/p>\n<p><strong>Bendravimui su ofisu Rygoje WMT Baltic SIA, Skambinkite: +371 67800830,ra\u0161ykite<\/strong>:\u00a0<a href=\"mailto:info@adv24.lv\">info@adv24.lv<\/a><\/p>\n<\/div>\n<div><\/div>\n<div><a href=\"http:\/\/wmtbaltic.lv\/wp-content\/uploads\/2023\/04\/ri-mark_series_colourcard_platinum.pdf\">Ritrama RI-Mark Platinum kr\u0101su karte<\/a><\/div>\n<div>\n<p><a href=\"http:\/\/wmtbaltic.lv\/wp-content\/uploads\/2023\/04\/Ri-mark_-platinum-series-TDS.pdf\">Ri-mark_ platinum series TDS\u00a0\u00a0<\/a><img loading=\"lazy\" decoding=\"async\" class=\"alignnone size-full wp-image-15585\" src=\"http:\/\/wmtbaltic.lv\/wp-content\/uploads\/2022\/09\/krasu-kartes_ritrama_fedrigoni.jpg\" alt=\"\" width=\"860\" height=\"225\" srcset=\"https:\/\/wmtbaltic.lv\/wp-content\/uploads\/2022\/09\/krasu-kartes_ritrama_fedrigoni.jpg 860w, https:\/\/wmtbaltic.lv\/wp-content\/uploads\/2022\/09\/krasu-kartes_ritrama_fedrigoni-300x78.jpg 300w, https:\/\/wmtbaltic.lv\/wp-content\/uploads\/2022\/09\/krasu-kartes_ritrama_fedrigoni-768x201.jpg 768w, https:\/\/wmtbaltic.lv\/wp-content\/uploads\/2022\/09\/krasu-kartes_ritrama_fedrigoni-600x157.jpg 600w\" sizes=\"auto, (max-width: 860px) 100vw, 860px\" \/><\/p>\n<\/div>\n","protected":false},"excerpt":{"rendered":"Ri-Mark Platinum s\u0113rijas\u00a0 l\u012bmpl\u0113ves ide\u0101li piem\u0113rotas vid\u0113ja vai ilgtermi\u0146a iek\u0161\u0113jai un \u0101r\u0113jai lieto\u0161anai. Ri-Mark Platinum l\u012bmpl\u0113ves piem\u0113rotas taisnam un izliekt\u0101m virsm\u0101m ( 2D) Norut\u012bga l\u012bdz 10 gadiem Pl\u0113ves pielieto\u0161ana: Automa\u0161inu aplik\u0101ciju veido\u0161anai, skatlogu dekor\u0113\u0161anai,uzrakstu izgatavo\u0161anai Ilgtermi\u0146a iek\u0161telpu un \u0101rtelpu rekl\u0101ma Nor\u0101\u017eu z\u012bmes Pl\u0113ves platums 1.22m. Biezums 65 \u00b5 Rull\u012b 50m Cena nor\u0101d\u012bta\u00a0 par teko\u0161o metru [...]","protected":false},"featured_media":15670,"comment_status":"closed","ping_status":"closed","template":"","meta":[],"product_brand":[],"product_cat":[296,602],"product_tag":[1391,1270,1265,1390,1269,1271],"class_list":{"0":"post-15667","1":"product","2":"type-product","3":"status-publish","4":"has-post-thumbnail","6":"product_cat-ilgstosas-pielietosanas-limpleve","7":"product_cat-ritrama","8":"product_tag-lipnios-pleveles","9":"product_tag-platinum","10":"product_tag-polimera-limpleve","11":"product_tag-polimerines","12":"product_tag-ri-mark","13":"product_tag-virsmam","15":"first","16":"instock","17":"shipping-taxable","18":"purchasable","19":"product-type-simple"},"yoast_head":"<!-- This site is optimized with the Yoast SEO plugin v27.4 - https:\/\/yoast.com\/product\/yoast-seo-wordpress\/ -->\n<title>L\u012bmpl\u0113ve, polim\u0113ra Ri-Mark Platinum P838 Ocean Blue 1.22m - WMT Baltic<\/title>\n<meta name=\"description\" content=\"L\u012bmpl\u0113ve, polim\u0113ra Ri-Mark Platinum P838 Ocean Blue 1.22m\" \/>\n<meta name=\"robots\" content=\"index, follow, max-snippet:-1, max-image-preview:large, max-video-preview:-1\" \/>\n<link rel=\"canonical\" href=\"https:\/\/wmtbaltic.lv\/product\/limpleve-polimera-ri-mark-platinum-p838-ocean-blue-1-22m\/\" \/>\n<meta property=\"og:locale\" content=\"en_US\" \/>\n<meta property=\"og:type\" content=\"article\" \/>\n<meta property=\"og:title\" content=\"L\u012bmpl\u0113ve, polim\u0113ra Ri-Mark Platinum P838 Ocean Blue 1.22m - WMT Baltic\" \/>\n<meta property=\"og:description\" content=\"L\u012bmpl\u0113ve, polim\u0113ra Ri-Mark Platinum P838 Ocean Blue 1.22m\" \/>\n<meta property=\"og:url\" content=\"https:\/\/wmtbaltic.lv\/product\/limpleve-polimera-ri-mark-platinum-p838-ocean-blue-1-22m\/\" \/>\n<meta property=\"og:site_name\" content=\"WMT Baltic\" \/>\n<meta property=\"article:publisher\" content=\"https:\/\/www.facebook.com\/WMT.Baltic.viscom\/?locale=lv_LV\" \/>\n<meta property=\"article:modified_time\" content=\"2024-12-04T13:58:23+00:00\" \/>\n<meta property=\"og:image\" content=\"http:\/\/wmtbaltic.lv\/wp-content\/uploads\/2023\/10\/ocean-blue.jpg\" \/>\n\t<meta property=\"og:image:width\" content=\"427\" \/>\n\t<meta property=\"og:image:height\" content=\"428\" \/>\n\t<meta property=\"og:image:type\" content=\"image\/jpeg\" \/>\n<meta name=\"twitter:card\" content=\"summary_large_image\" \/>\n<meta name=\"twitter:label1\" content=\"Est. reading time\" \/>\n\t<meta name=\"twitter:data1\" content=\"1 minute\" \/>\n<script type=\"application\/ld+json\" class=\"yoast-schema-graph\">{\"@context\":\"https:\\\/\\\/schema.org\",\"@graph\":[{\"@type\":\"WebPage\",\"@id\":\"https:\\\/\\\/wmtbaltic.lv\\\/product\\\/limpleve-polimera-ri-mark-platinum-p838-ocean-blue-1-22m\\\/\",\"url\":\"https:\\\/\\\/wmtbaltic.lv\\\/product\\\/limpleve-polimera-ri-mark-platinum-p838-ocean-blue-1-22m\\\/\",\"name\":\"L\u012bmpl\u0113ve, polim\u0113ra Ri-Mark Platinum P838 Ocean Blue 1.22m - WMT Baltic\",\"isPartOf\":{\"@id\":\"https:\\\/\\\/wmtbaltic.lv\\\/#website\"},\"primaryImageOfPage\":{\"@id\":\"https:\\\/\\\/wmtbaltic.lv\\\/product\\\/limpleve-polimera-ri-mark-platinum-p838-ocean-blue-1-22m\\\/#primaryimage\"},\"image\":{\"@id\":\"https:\\\/\\\/wmtbaltic.lv\\\/product\\\/limpleve-polimera-ri-mark-platinum-p838-ocean-blue-1-22m\\\/#primaryimage\"},\"thumbnailUrl\":\"https:\\\/\\\/wmtbaltic.lv\\\/wp-content\\\/uploads\\\/2023\\\/10\\\/ocean-blue.jpg\",\"datePublished\":\"2023-10-31T14:58:10+00:00\",\"dateModified\":\"2024-12-04T13:58:23+00:00\",\"description\":\"L\u012bmpl\u0113ve, polim\u0113ra Ri-Mark Platinum P838 Ocean Blue 1.22m\",\"breadcrumb\":{\"@id\":\"https:\\\/\\\/wmtbaltic.lv\\\/product\\\/limpleve-polimera-ri-mark-platinum-p838-ocean-blue-1-22m\\\/#breadcrumb\"},\"inLanguage\":\"en-US\",\"potentialAction\":[{\"@type\":\"ReadAction\",\"target\":[\"https:\\\/\\\/wmtbaltic.lv\\\/product\\\/limpleve-polimera-ri-mark-platinum-p838-ocean-blue-1-22m\\\/\"]}]},{\"@type\":\"ImageObject\",\"inLanguage\":\"en-US\",\"@id\":\"https:\\\/\\\/wmtbaltic.lv\\\/product\\\/limpleve-polimera-ri-mark-platinum-p838-ocean-blue-1-22m\\\/#primaryimage\",\"url\":\"https:\\\/\\\/wmtbaltic.lv\\\/wp-content\\\/uploads\\\/2023\\\/10\\\/ocean-blue.jpg\",\"contentUrl\":\"https:\\\/\\\/wmtbaltic.lv\\\/wp-content\\\/uploads\\\/2023\\\/10\\\/ocean-blue.jpg\",\"width\":427,\"height\":428},{\"@type\":\"BreadcrumbList\",\"@id\":\"https:\\\/\\\/wmtbaltic.lv\\\/product\\\/limpleve-polimera-ri-mark-platinum-p838-ocean-blue-1-22m\\\/#breadcrumb\",\"itemListElement\":[{\"@type\":\"ListItem\",\"position\":1,\"name\":\"Home\",\"item\":\"https:\\\/\\\/wmtbaltic.lv\\\/en\\\/\"},{\"@type\":\"ListItem\",\"position\":2,\"name\":\"Products\",\"item\":\"https:\\\/\\\/wmtbaltic.lv\\\/en\\\/shop\\\/\"},{\"@type\":\"ListItem\",\"position\":3,\"name\":\"L\u012bmpl\u0113ve, polim\u0113ra Ri-Mark Platinum P838 Ocean Blue 1.22m\"}]},{\"@type\":\"WebSite\",\"@id\":\"https:\\\/\\\/wmtbaltic.lv\\\/#website\",\"url\":\"https:\\\/\\\/wmtbaltic.lv\\\/\",\"name\":\"WMT Baltic\",\"description\":\"Rekl\u0101mas produkti, pl\u0113ves\",\"publisher\":{\"@id\":\"https:\\\/\\\/wmtbaltic.lv\\\/#organization\"},\"potentialAction\":[{\"@type\":\"SearchAction\",\"target\":{\"@type\":\"EntryPoint\",\"urlTemplate\":\"https:\\\/\\\/wmtbaltic.lv\\\/?s={search_term_string}\"},\"query-input\":{\"@type\":\"PropertyValueSpecification\",\"valueRequired\":true,\"valueName\":\"search_term_string\"}}],\"inLanguage\":\"en-US\"},{\"@type\":\"Organization\",\"@id\":\"https:\\\/\\\/wmtbaltic.lv\\\/#organization\",\"name\":\"WMT Baltic\",\"url\":\"https:\\\/\\\/wmtbaltic.lv\\\/\",\"logo\":{\"@type\":\"ImageObject\",\"inLanguage\":\"en-US\",\"@id\":\"https:\\\/\\\/wmtbaltic.lv\\\/#\\\/schema\\\/logo\\\/image\\\/\",\"url\":\"https:\\\/\\\/wmtbaltic.lv\\\/wp-content\\\/uploads\\\/2024\\\/12\\\/wmt-baltic-sia_107142_9_420x180.jpg\",\"contentUrl\":\"https:\\\/\\\/wmtbaltic.lv\\\/wp-content\\\/uploads\\\/2024\\\/12\\\/wmt-baltic-sia_107142_9_420x180.jpg\",\"width\":420,\"height\":180,\"caption\":\"WMT Baltic\"},\"image\":{\"@id\":\"https:\\\/\\\/wmtbaltic.lv\\\/#\\\/schema\\\/logo\\\/image\\\/\"},\"sameAs\":[\"https:\\\/\\\/www.facebook.com\\\/WMT.Baltic.viscom\\\/?locale=lv_LV\",\"https:\\\/\\\/www.instagram.com\\\/viscom_wmt\\\/\"]}]}<\/script>\n<!-- \/ Yoast SEO plugin. -->","yoast_head_json":{"title":"L\u012bmpl\u0113ve, polim\u0113ra Ri-Mark Platinum P838 Ocean Blue 1.22m - WMT Baltic","description":"L\u012bmpl\u0113ve, polim\u0113ra Ri-Mark Platinum P838 Ocean Blue 1.22m","robots":{"index":"index","follow":"follow","max-snippet":"max-snippet:-1","max-image-preview":"max-image-preview:large","max-video-preview":"max-video-preview:-1"},"canonical":"https:\/\/wmtbaltic.lv\/product\/limpleve-polimera-ri-mark-platinum-p838-ocean-blue-1-22m\/","og_locale":"en_US","og_type":"article","og_title":"L\u012bmpl\u0113ve, polim\u0113ra Ri-Mark Platinum P838 Ocean Blue 1.22m - WMT Baltic","og_description":"L\u012bmpl\u0113ve, polim\u0113ra Ri-Mark Platinum P838 Ocean Blue 1.22m","og_url":"https:\/\/wmtbaltic.lv\/product\/limpleve-polimera-ri-mark-platinum-p838-ocean-blue-1-22m\/","og_site_name":"WMT Baltic","article_publisher":"https:\/\/www.facebook.com\/WMT.Baltic.viscom\/?locale=lv_LV","article_modified_time":"2024-12-04T13:58:23+00:00","og_image":[{"width":427,"height":428,"url":"http:\/\/wmtbaltic.lv\/wp-content\/uploads\/2023\/10\/ocean-blue.jpg","type":"image\/jpeg"}],"twitter_card":"summary_large_image","twitter_misc":{"Est. reading time":"1 minute"},"schema":{"@context":"https:\/\/schema.org","@graph":[{"@type":"WebPage","@id":"https:\/\/wmtbaltic.lv\/product\/limpleve-polimera-ri-mark-platinum-p838-ocean-blue-1-22m\/","url":"https:\/\/wmtbaltic.lv\/product\/limpleve-polimera-ri-mark-platinum-p838-ocean-blue-1-22m\/","name":"L\u012bmpl\u0113ve, polim\u0113ra Ri-Mark Platinum P838 Ocean Blue 1.22m - WMT Baltic","isPartOf":{"@id":"https:\/\/wmtbaltic.lv\/#website"},"primaryImageOfPage":{"@id":"https:\/\/wmtbaltic.lv\/product\/limpleve-polimera-ri-mark-platinum-p838-ocean-blue-1-22m\/#primaryimage"},"image":{"@id":"https:\/\/wmtbaltic.lv\/product\/limpleve-polimera-ri-mark-platinum-p838-ocean-blue-1-22m\/#primaryimage"},"thumbnailUrl":"https:\/\/wmtbaltic.lv\/wp-content\/uploads\/2023\/10\/ocean-blue.jpg","datePublished":"2023-10-31T14:58:10+00:00","dateModified":"2024-12-04T13:58:23+00:00","description":"L\u012bmpl\u0113ve, polim\u0113ra Ri-Mark Platinum P838 Ocean Blue 1.22m","breadcrumb":{"@id":"https:\/\/wmtbaltic.lv\/product\/limpleve-polimera-ri-mark-platinum-p838-ocean-blue-1-22m\/#breadcrumb"},"inLanguage":"en-US","potentialAction":[{"@type":"ReadAction","target":["https:\/\/wmtbaltic.lv\/product\/limpleve-polimera-ri-mark-platinum-p838-ocean-blue-1-22m\/"]}]},{"@type":"ImageObject","inLanguage":"en-US","@id":"https:\/\/wmtbaltic.lv\/product\/limpleve-polimera-ri-mark-platinum-p838-ocean-blue-1-22m\/#primaryimage","url":"https:\/\/wmtbaltic.lv\/wp-content\/uploads\/2023\/10\/ocean-blue.jpg","contentUrl":"https:\/\/wmtbaltic.lv\/wp-content\/uploads\/2023\/10\/ocean-blue.jpg","width":427,"height":428},{"@type":"BreadcrumbList","@id":"https:\/\/wmtbaltic.lv\/product\/limpleve-polimera-ri-mark-platinum-p838-ocean-blue-1-22m\/#breadcrumb","itemListElement":[{"@type":"ListItem","position":1,"name":"Home","item":"https:\/\/wmtbaltic.lv\/en\/"},{"@type":"ListItem","position":2,"name":"Products","item":"https:\/\/wmtbaltic.lv\/en\/shop\/"},{"@type":"ListItem","position":3,"name":"L\u012bmpl\u0113ve, polim\u0113ra Ri-Mark Platinum P838 Ocean Blue 1.22m"}]},{"@type":"WebSite","@id":"https:\/\/wmtbaltic.lv\/#website","url":"https:\/\/wmtbaltic.lv\/","name":"WMT Baltic","description":"Rekl\u0101mas produkti, pl\u0113ves","publisher":{"@id":"https:\/\/wmtbaltic.lv\/#organization"},"potentialAction":[{"@type":"SearchAction","target":{"@type":"EntryPoint","urlTemplate":"https:\/\/wmtbaltic.lv\/?s={search_term_string}"},"query-input":{"@type":"PropertyValueSpecification","valueRequired":true,"valueName":"search_term_string"}}],"inLanguage":"en-US"},{"@type":"Organization","@id":"https:\/\/wmtbaltic.lv\/#organization","name":"WMT Baltic","url":"https:\/\/wmtbaltic.lv\/","logo":{"@type":"ImageObject","inLanguage":"en-US","@id":"https:\/\/wmtbaltic.lv\/#\/schema\/logo\/image\/","url":"https:\/\/wmtbaltic.lv\/wp-content\/uploads\/2024\/12\/wmt-baltic-sia_107142_9_420x180.jpg","contentUrl":"https:\/\/wmtbaltic.lv\/wp-content\/uploads\/2024\/12\/wmt-baltic-sia_107142_9_420x180.jpg","width":420,"height":180,"caption":"WMT Baltic"},"image":{"@id":"https:\/\/wmtbaltic.lv\/#\/schema\/logo\/image\/"},"sameAs":["https:\/\/www.facebook.com\/WMT.Baltic.viscom\/?locale=lv_LV","https:\/\/www.instagram.com\/viscom_wmt\/"]}]}},"_links":{"self":[{"href":"https:\/\/wmtbaltic.lv\/en\/wp-json\/wp\/v2\/product\/15667","targetHints":{"allow":["GET"]}}],"collection":[{"href":"https:\/\/wmtbaltic.lv\/en\/wp-json\/wp\/v2\/product"}],"about":[{"href":"https:\/\/wmtbaltic.lv\/en\/wp-json\/wp\/v2\/types\/product"}],"replies":[{"embeddable":true,"href":"https:\/\/wmtbaltic.lv\/en\/wp-json\/wp\/v2\/comments?post=15667"}],"wp:featuredmedia":[{"embeddable":true,"href":"https:\/\/wmtbaltic.lv\/en\/wp-json\/wp\/v2\/media\/15670"}],"wp:attachment":[{"href":"https:\/\/wmtbaltic.lv\/en\/wp-json\/wp\/v2\/media?parent=15667"}],"wp:term":[{"taxonomy":"product_brand","embeddable":true,"href":"https:\/\/wmtbaltic.lv\/en\/wp-json\/wp\/v2\/product_brand?post=15667"},{"taxonomy":"product_cat","embeddable":true,"href":"https:\/\/wmtbaltic.lv\/en\/wp-json\/wp\/v2\/product_cat?post=15667"},{"taxonomy":"product_tag","embeddable":true,"href":"https:\/\/wmtbaltic.lv\/en\/wp-json\/wp\/v2\/product_tag?post=15667"}],"curies":[{"name":"wp","href":"https:\/\/api.w.org\/{rel}","templated":true}]}}