{"id":15558,"date":"2023-10-26T13:35:10","date_gmt":"2023-10-26T13:35:10","guid":{"rendered":"https:\/\/wmtbaltic.lv\/?post_type=product&#038;p=15558"},"modified":"2024-03-06T10:21:00","modified_gmt":"2024-03-06T10:21:00","slug":"papira-locisanas-iekarta-cfm-700","status":"publish","type":"product","link":"https:\/\/wmtbaltic.lv\/en\/product\/papira-locisanas-iekarta-cfm-700\/","title":{"rendered":"Pap\u012bra loc\u012b\u0161anas iek\u0101rta CFM 700"},"content":{"rendered":"<p><strong>Pap\u012bra loc\u012b\u0161anas iek\u0101rta CFM 700<\/strong><\/p>\n<p>Efekt\u012bva ier\u012bce pap\u012bra loc\u012b\u0161anai l\u012bdz par A3 izm\u0113ram. Viegli lietojama ier\u012bce, kas \u013cauj saloc\u012bt loksnes\u00a0 da\u017e\u0101dos veidos. Sal\u012bdzin\u0101jum\u0101 ar CFM 600, CFM 700 ir apr\u012bkots ar vair\u0101k funkcij\u0101m, piem\u0113ram lente k\u0101rt\u012bg\u0101kai pap\u012bra sa\u0146em\u0161anai, skait\u012btaja bloks, u.c..<\/p>\n<p>\u012apa\u0161\u012bbas<\/p>\n<p>-Iztur\u012bga met\u0101la konstrukcija<br \/>\n-Autom\u0101tiska lapu pado\u0161anas sist\u0113ma<br \/>\n-Autom\u0101tiska pap\u012bra biezuma regul\u0113\u0161ana<br \/>\n-Vienk\u0101r\u0161a pap\u012bra izm\u0113ra nomai\u0146a<br \/>\n-Perfor\u0101cijas rite\u0146i<br \/>\n-\u0100trums l\u012bdz 120 loksn\u0113m A4\/min<br \/>\n-Tr\u016bksto\u0161a pap\u012bra indikators<br \/>\n-Nep\u0101rtraukta \u0101truma regul\u0113\u0161ana<br \/>\n-Skait\u012bt\u0101js<br \/>\n-Viegli lietojams<\/p>\n<p>\u0100trums 70-120 A4 loksnes\/min.<br \/>\nLoc\u012b\u0161anas veidi: standarta, viena, dubult\u0101 paral\u0113le, bro\u0161\u016bra, krusteniskais loc\u012bjums<br \/>\nForm\u0101ts SRA3, A3, A4, A5<br \/>\nLok\u0161\u0146u svars 80-160 g\/m2<br \/>\nKapacit\u0101te: 300 loksnes (80g\/m2)<br \/>\nIevietojamo lok\u0161\u0146u skaits 300 loksnes (80g\/m2)<br \/>\nIzm\u0113ri 1130 x 460 x 480 mm<br \/>\nIepakojuma izm\u0113ri: 660 x 560 x 450 mm<br \/>\nSvars: \u00a0\u00a0 nett 28 kg, gross 33,5 kg<\/p>\n<p>Spriegums\/ Frekvence 230 V \/ 50 Hz<\/p>\n<iframe loading=\"lazy\"  id=\"_ytid_28992\"  width=\"780\" height=\"439\"  data-origwidth=\"780\" data-origheight=\"439\" src=\"https:\/\/www.youtube.com\/embed\/EmeuoBwWOmk?enablejsapi=1&autoplay=0&cc_load_policy=0&cc_lang_pref=&iv_load_policy=1&loop=0&rel=1&fs=1&playsinline=0&autohide=2&theme=dark&color=red&controls=1&disablekb=0&\" class=\"__youtube_prefs__  no-lazyload\" title=\"YouTube player\"  allow=\"fullscreen; accelerometer; autoplay; clipboard-write; encrypted-media; gyroscope; picture-in-picture; web-share\" referrerpolicy=\"strict-origin-when-cross-origin\" allowfullscreen data-no-lazy=\"1\" data-skipgform_ajax_framebjll=\"\"><\/iframe>\n","protected":false},"excerpt":{"rendered":"Pap\u012bra loc\u012b\u0161anas iek\u0101rta CFM 700 Efekt\u012bva ier\u012bce pap\u012bra loc\u012b\u0161anai l\u012bdz par A3 izm\u0113ram. Viegli lietojama ier\u012bce, kas \u013cauj saloc\u012bt loksnes\u00a0 da\u017e\u0101dos veidos. Sal\u012bdzin\u0101jum\u0101 ar CFM 600, CFM 700 ir apr\u012bkots ar vair\u0101k funkcij\u0101m, piem\u0113ram lente k\u0101rt\u012bg\u0101kai pap\u012bra sa\u0146em\u0161anai, skait\u012btaja bloks, u.c.. \u012apa\u0161\u012bbas -Iztur\u012bga met\u0101la konstrukcija -Autom\u0101tiska lapu pado\u0161anas sist\u0113ma -Autom\u0101tiska pap\u012bra biezuma regul\u0113\u0161ana -Vienk\u0101r\u0161a pap\u012bra [...]","protected":false},"featured_media":15567,"comment_status":"closed","ping_status":"closed","template":"","meta":[],"product_brand":[],"product_cat":[426,71,258],"product_tag":[1325,1326,489],"class_list":{"0":"post-15558","1":"product","2":"type-product","3":"status-publish","4":"has-post-thumbnail","6":"product_cat-cyklos","7":"product_cat-griesana-locisana-rievosana","8":"product_cat-iekartas-un-izejmateriali","9":"product_tag-cfm-700","10":"product_tag-locisanas-iekarta","11":"product_tag-papira-locisana","13":"first","14":"instock","15":"shipping-taxable","16":"purchasable","17":"product-type-simple"},"yoast_head":"<!-- This site is optimized with the Yoast SEO plugin v27.4 - https:\/\/yoast.com\/product\/yoast-seo-wordpress\/ -->\n<title>Pap\u012bra loc\u012b\u0161anas iek\u0101rta CFM 700 - WMT Baltic<\/title>\n<meta name=\"description\" content=\"Ier\u012bce pap\u012bra loc\u012b\u0161anai l\u012bdz par A3 izm\u0113ram. Viegli lietojama ier\u012bce, kas \u013cauj saloc\u012bt loksnes\u00a0 da\u017e\u0101dos veidos. Nopirtk wmtbaltic\" \/>\n<meta name=\"robots\" content=\"index, follow, max-snippet:-1, max-image-preview:large, max-video-preview:-1\" \/>\n<link rel=\"canonical\" href=\"https:\/\/wmtbaltic.lv\/Produkts\/papira-locisanas-iekarta-cfm-700\/\" \/>\n<meta property=\"og:locale\" content=\"en_US\" \/>\n<meta property=\"og:type\" content=\"article\" \/>\n<meta property=\"og:title\" content=\"Pap\u012bra loc\u012b\u0161anas iek\u0101rta CFM 700 - WMT Baltic\" \/>\n<meta property=\"og:description\" content=\"Ier\u012bce pap\u012bra loc\u012b\u0161anai l\u012bdz par A3 izm\u0113ram. Viegli lietojama ier\u012bce, kas \u013cauj saloc\u012bt loksnes\u00a0 da\u017e\u0101dos veidos. Nopirtk wmtbaltic\" \/>\n<meta property=\"og:url\" content=\"https:\/\/wmtbaltic.lv\/Produkts\/papira-locisanas-iekarta-cfm-700\/\" \/>\n<meta property=\"og:site_name\" content=\"WMT Baltic\" \/>\n<meta property=\"article:publisher\" content=\"https:\/\/www.facebook.com\/WMT.Baltic.viscom\/?locale=lv_LV\" \/>\n<meta property=\"article:modified_time\" content=\"2024-03-06T10:21:00+00:00\" \/>\n<meta property=\"og:image\" content=\"http:\/\/wmtbaltic.lv\/wp-content\/uploads\/2023\/10\/Paper-Folder-CFM-700.jpg\" \/>\n\t<meta property=\"og:image:width\" content=\"1224\" \/>\n\t<meta property=\"og:image:height\" content=\"854\" \/>\n\t<meta property=\"og:image:type\" content=\"image\/jpeg\" \/>\n<meta name=\"twitter:card\" content=\"summary_large_image\" \/>\n<meta name=\"twitter:label1\" content=\"Est. reading time\" \/>\n\t<meta name=\"twitter:data1\" content=\"1 minute\" \/>\n<script type=\"application\/ld+json\" class=\"yoast-schema-graph\">{\"@context\":\"https:\\\/\\\/schema.org\",\"@graph\":[{\"@type\":\"WebPage\",\"@id\":\"https:\\\/\\\/wmtbaltic.lv\\\/Produkts\\\/papira-locisanas-iekarta-cfm-700\\\/\",\"url\":\"https:\\\/\\\/wmtbaltic.lv\\\/Produkts\\\/papira-locisanas-iekarta-cfm-700\\\/\",\"name\":\"Pap\u012bra loc\u012b\u0161anas iek\u0101rta CFM 700 - WMT Baltic\",\"isPartOf\":{\"@id\":\"https:\\\/\\\/wmtbaltic.lv\\\/#website\"},\"primaryImageOfPage\":{\"@id\":\"https:\\\/\\\/wmtbaltic.lv\\\/Produkts\\\/papira-locisanas-iekarta-cfm-700\\\/#primaryimage\"},\"image\":{\"@id\":\"https:\\\/\\\/wmtbaltic.lv\\\/Produkts\\\/papira-locisanas-iekarta-cfm-700\\\/#primaryimage\"},\"thumbnailUrl\":\"https:\\\/\\\/wmtbaltic.lv\\\/wp-content\\\/uploads\\\/2023\\\/10\\\/Paper-Folder-CFM-700.jpg\",\"datePublished\":\"2023-10-26T13:35:10+00:00\",\"dateModified\":\"2024-03-06T10:21:00+00:00\",\"description\":\"Ier\u012bce pap\u012bra loc\u012b\u0161anai l\u012bdz par A3 izm\u0113ram. Viegli lietojama ier\u012bce, kas \u013cauj saloc\u012bt loksnes\u00a0 da\u017e\u0101dos veidos. Nopirtk wmtbaltic\",\"breadcrumb\":{\"@id\":\"https:\\\/\\\/wmtbaltic.lv\\\/Produkts\\\/papira-locisanas-iekarta-cfm-700\\\/#breadcrumb\"},\"inLanguage\":\"en-US\",\"potentialAction\":[{\"@type\":\"ReadAction\",\"target\":[\"https:\\\/\\\/wmtbaltic.lv\\\/Produkts\\\/papira-locisanas-iekarta-cfm-700\\\/\"]}]},{\"@type\":\"ImageObject\",\"inLanguage\":\"en-US\",\"@id\":\"https:\\\/\\\/wmtbaltic.lv\\\/Produkts\\\/papira-locisanas-iekarta-cfm-700\\\/#primaryimage\",\"url\":\"https:\\\/\\\/wmtbaltic.lv\\\/wp-content\\\/uploads\\\/2023\\\/10\\\/Paper-Folder-CFM-700.jpg\",\"contentUrl\":\"https:\\\/\\\/wmtbaltic.lv\\\/wp-content\\\/uploads\\\/2023\\\/10\\\/Paper-Folder-CFM-700.jpg\",\"width\":1224,\"height\":854},{\"@type\":\"BreadcrumbList\",\"@id\":\"https:\\\/\\\/wmtbaltic.lv\\\/Produkts\\\/papira-locisanas-iekarta-cfm-700\\\/#breadcrumb\",\"itemListElement\":[{\"@type\":\"ListItem\",\"position\":1,\"name\":\"Home\",\"item\":\"https:\\\/\\\/wmtbaltic.lv\\\/en\\\/\"},{\"@type\":\"ListItem\",\"position\":2,\"name\":\"Products\",\"item\":\"https:\\\/\\\/wmtbaltic.lv\\\/en\\\/shop\\\/\"},{\"@type\":\"ListItem\",\"position\":3,\"name\":\"Pap\u012bra loc\u012b\u0161anas iek\u0101rta CFM 700\"}]},{\"@type\":\"WebSite\",\"@id\":\"https:\\\/\\\/wmtbaltic.lv\\\/#website\",\"url\":\"https:\\\/\\\/wmtbaltic.lv\\\/\",\"name\":\"WMT Baltic\",\"description\":\"Rekl\u0101mas produkti, pl\u0113ves\",\"publisher\":{\"@id\":\"https:\\\/\\\/wmtbaltic.lv\\\/#organization\"},\"potentialAction\":[{\"@type\":\"SearchAction\",\"target\":{\"@type\":\"EntryPoint\",\"urlTemplate\":\"https:\\\/\\\/wmtbaltic.lv\\\/?s={search_term_string}\"},\"query-input\":{\"@type\":\"PropertyValueSpecification\",\"valueRequired\":true,\"valueName\":\"search_term_string\"}}],\"inLanguage\":\"en-US\"},{\"@type\":\"Organization\",\"@id\":\"https:\\\/\\\/wmtbaltic.lv\\\/#organization\",\"name\":\"WMT Baltic\",\"url\":\"https:\\\/\\\/wmtbaltic.lv\\\/\",\"logo\":{\"@type\":\"ImageObject\",\"inLanguage\":\"en-US\",\"@id\":\"https:\\\/\\\/wmtbaltic.lv\\\/#\\\/schema\\\/logo\\\/image\\\/\",\"url\":\"https:\\\/\\\/wmtbaltic.lv\\\/wp-content\\\/uploads\\\/2024\\\/12\\\/wmt-baltic-sia_107142_9_420x180.jpg\",\"contentUrl\":\"https:\\\/\\\/wmtbaltic.lv\\\/wp-content\\\/uploads\\\/2024\\\/12\\\/wmt-baltic-sia_107142_9_420x180.jpg\",\"width\":420,\"height\":180,\"caption\":\"WMT Baltic\"},\"image\":{\"@id\":\"https:\\\/\\\/wmtbaltic.lv\\\/#\\\/schema\\\/logo\\\/image\\\/\"},\"sameAs\":[\"https:\\\/\\\/www.facebook.com\\\/WMT.Baltic.viscom\\\/?locale=lv_LV\",\"https:\\\/\\\/www.instagram.com\\\/viscom_wmt\\\/\"]}]}<\/script>\n<!-- \/ Yoast SEO plugin. -->","yoast_head_json":{"title":"Pap\u012bra loc\u012b\u0161anas iek\u0101rta CFM 700 - WMT Baltic","description":"Ier\u012bce pap\u012bra loc\u012b\u0161anai l\u012bdz par A3 izm\u0113ram. Viegli lietojama ier\u012bce, kas \u013cauj saloc\u012bt loksnes\u00a0 da\u017e\u0101dos veidos. Nopirtk wmtbaltic","robots":{"index":"index","follow":"follow","max-snippet":"max-snippet:-1","max-image-preview":"max-image-preview:large","max-video-preview":"max-video-preview:-1"},"canonical":"https:\/\/wmtbaltic.lv\/Produkts\/papira-locisanas-iekarta-cfm-700\/","og_locale":"en_US","og_type":"article","og_title":"Pap\u012bra loc\u012b\u0161anas iek\u0101rta CFM 700 - WMT Baltic","og_description":"Ier\u012bce pap\u012bra loc\u012b\u0161anai l\u012bdz par A3 izm\u0113ram. Viegli lietojama ier\u012bce, kas \u013cauj saloc\u012bt loksnes\u00a0 da\u017e\u0101dos veidos. Nopirtk wmtbaltic","og_url":"https:\/\/wmtbaltic.lv\/Produkts\/papira-locisanas-iekarta-cfm-700\/","og_site_name":"WMT Baltic","article_publisher":"https:\/\/www.facebook.com\/WMT.Baltic.viscom\/?locale=lv_LV","article_modified_time":"2024-03-06T10:21:00+00:00","og_image":[{"width":1224,"height":854,"url":"http:\/\/wmtbaltic.lv\/wp-content\/uploads\/2023\/10\/Paper-Folder-CFM-700.jpg","type":"image\/jpeg"}],"twitter_card":"summary_large_image","twitter_misc":{"Est. reading time":"1 minute"},"schema":{"@context":"https:\/\/schema.org","@graph":[{"@type":"WebPage","@id":"https:\/\/wmtbaltic.lv\/Produkts\/papira-locisanas-iekarta-cfm-700\/","url":"https:\/\/wmtbaltic.lv\/Produkts\/papira-locisanas-iekarta-cfm-700\/","name":"Pap\u012bra loc\u012b\u0161anas iek\u0101rta CFM 700 - WMT Baltic","isPartOf":{"@id":"https:\/\/wmtbaltic.lv\/#website"},"primaryImageOfPage":{"@id":"https:\/\/wmtbaltic.lv\/Produkts\/papira-locisanas-iekarta-cfm-700\/#primaryimage"},"image":{"@id":"https:\/\/wmtbaltic.lv\/Produkts\/papira-locisanas-iekarta-cfm-700\/#primaryimage"},"thumbnailUrl":"https:\/\/wmtbaltic.lv\/wp-content\/uploads\/2023\/10\/Paper-Folder-CFM-700.jpg","datePublished":"2023-10-26T13:35:10+00:00","dateModified":"2024-03-06T10:21:00+00:00","description":"Ier\u012bce pap\u012bra loc\u012b\u0161anai l\u012bdz par A3 izm\u0113ram. Viegli lietojama ier\u012bce, kas \u013cauj saloc\u012bt loksnes\u00a0 da\u017e\u0101dos veidos. Nopirtk wmtbaltic","breadcrumb":{"@id":"https:\/\/wmtbaltic.lv\/Produkts\/papira-locisanas-iekarta-cfm-700\/#breadcrumb"},"inLanguage":"en-US","potentialAction":[{"@type":"ReadAction","target":["https:\/\/wmtbaltic.lv\/Produkts\/papira-locisanas-iekarta-cfm-700\/"]}]},{"@type":"ImageObject","inLanguage":"en-US","@id":"https:\/\/wmtbaltic.lv\/Produkts\/papira-locisanas-iekarta-cfm-700\/#primaryimage","url":"https:\/\/wmtbaltic.lv\/wp-content\/uploads\/2023\/10\/Paper-Folder-CFM-700.jpg","contentUrl":"https:\/\/wmtbaltic.lv\/wp-content\/uploads\/2023\/10\/Paper-Folder-CFM-700.jpg","width":1224,"height":854},{"@type":"BreadcrumbList","@id":"https:\/\/wmtbaltic.lv\/Produkts\/papira-locisanas-iekarta-cfm-700\/#breadcrumb","itemListElement":[{"@type":"ListItem","position":1,"name":"Home","item":"https:\/\/wmtbaltic.lv\/en\/"},{"@type":"ListItem","position":2,"name":"Products","item":"https:\/\/wmtbaltic.lv\/en\/shop\/"},{"@type":"ListItem","position":3,"name":"Pap\u012bra loc\u012b\u0161anas iek\u0101rta CFM 700"}]},{"@type":"WebSite","@id":"https:\/\/wmtbaltic.lv\/#website","url":"https:\/\/wmtbaltic.lv\/","name":"WMT Baltic","description":"Rekl\u0101mas produkti, pl\u0113ves","publisher":{"@id":"https:\/\/wmtbaltic.lv\/#organization"},"potentialAction":[{"@type":"SearchAction","target":{"@type":"EntryPoint","urlTemplate":"https:\/\/wmtbaltic.lv\/?s={search_term_string}"},"query-input":{"@type":"PropertyValueSpecification","valueRequired":true,"valueName":"search_term_string"}}],"inLanguage":"en-US"},{"@type":"Organization","@id":"https:\/\/wmtbaltic.lv\/#organization","name":"WMT Baltic","url":"https:\/\/wmtbaltic.lv\/","logo":{"@type":"ImageObject","inLanguage":"en-US","@id":"https:\/\/wmtbaltic.lv\/#\/schema\/logo\/image\/","url":"https:\/\/wmtbaltic.lv\/wp-content\/uploads\/2024\/12\/wmt-baltic-sia_107142_9_420x180.jpg","contentUrl":"https:\/\/wmtbaltic.lv\/wp-content\/uploads\/2024\/12\/wmt-baltic-sia_107142_9_420x180.jpg","width":420,"height":180,"caption":"WMT Baltic"},"image":{"@id":"https:\/\/wmtbaltic.lv\/#\/schema\/logo\/image\/"},"sameAs":["https:\/\/www.facebook.com\/WMT.Baltic.viscom\/?locale=lv_LV","https:\/\/www.instagram.com\/viscom_wmt\/"]}]}},"_links":{"self":[{"href":"https:\/\/wmtbaltic.lv\/en\/wp-json\/wp\/v2\/product\/15558","targetHints":{"allow":["GET"]}}],"collection":[{"href":"https:\/\/wmtbaltic.lv\/en\/wp-json\/wp\/v2\/product"}],"about":[{"href":"https:\/\/wmtbaltic.lv\/en\/wp-json\/wp\/v2\/types\/product"}],"replies":[{"embeddable":true,"href":"https:\/\/wmtbaltic.lv\/en\/wp-json\/wp\/v2\/comments?post=15558"}],"wp:featuredmedia":[{"embeddable":true,"href":"https:\/\/wmtbaltic.lv\/en\/wp-json\/wp\/v2\/media\/15567"}],"wp:attachment":[{"href":"https:\/\/wmtbaltic.lv\/en\/wp-json\/wp\/v2\/media?parent=15558"}],"wp:term":[{"taxonomy":"product_brand","embeddable":true,"href":"https:\/\/wmtbaltic.lv\/en\/wp-json\/wp\/v2\/product_brand?post=15558"},{"taxonomy":"product_cat","embeddable":true,"href":"https:\/\/wmtbaltic.lv\/en\/wp-json\/wp\/v2\/product_cat?post=15558"},{"taxonomy":"product_tag","embeddable":true,"href":"https:\/\/wmtbaltic.lv\/en\/wp-json\/wp\/v2\/product_tag?post=15558"}],"curies":[{"name":"wp","href":"https:\/\/api.w.org\/{rel}","templated":true}]}}