{"id":15549,"date":"2023-10-26T13:25:25","date_gmt":"2023-10-26T13:25:25","guid":{"rendered":"https:\/\/wmtbaltic.lv\/?post_type=product&#038;p=15549"},"modified":"2023-10-26T13:25:30","modified_gmt":"2023-10-26T13:25:30","slug":"papira-locisanas-iekarta-trifold-360","status":"publish","type":"product","link":"https:\/\/wmtbaltic.lv\/en\/product\/papira-locisanas-iekarta-trifold-360\/","title":{"rendered":"Pap\u012bra loc\u012b\u0161anas iek\u0101rta TriFold 360"},"content":{"rendered":"<p><strong>Pap\u012bra loc\u012b\u0161anas iek\u0101rta TriFold 360<\/strong><\/p>\n<p>Loc\u012b\u0161anas galds TriFold 360 ir paredz\u0113ts galvenok\u0101rt iepriek\u0161 saloc\u012bta materi\u0101la loc\u012b\u0161anai l\u012bdz 350 gsm. Ier\u012bci ir ide\u0101li kombin\u0113t ar Cyklos rievot\u0101jiem GPM 450 Speed vai AirSpeed 450, ta\u010du to var izmantot ar\u012b ar konkur\u0113jo\u0161iem citu z\u012bmolu iek\u0101rt\u0101m. TriFold 360 \u013cauj izveidot 5 loc\u012b\u0161anas veidus, tostarp visizplat\u012bt\u0101kos 1\/2, C vai Z. Salokums tiek pan\u0101kts, apvienojot manu\u0101li regul\u0113jamas loc\u012b\u0161anas pl\u0101ksnes un liela diametra gumijas rull\u012b\u0161us. \u0160is vienk\u0101r\u0161ais un l\u0113tais, bet revolucion\u0101rais risin\u0101jums \u013c\u0101va izveidot vienu no vispiepras\u012bt\u0101kajiem produktiem zemas ra\u017eo\u0161anas digit\u0101l\u0101s preses pasaul\u0113.<\/p>\n<p>\u012apa\u0161\u012bbas:<\/p>\n<p>&#8211; Profesion\u0101ls loc\u012bjums visu veidu pap\u012briem l\u012bdz 350 gsm<br \/>\n&#8211; 5\u00a0loc\u012b\u0161anas veidi, tostarp 3\u00a0visizplat\u012bt\u0101kie (1\/2, C, Z)<br \/>\n&#8211; vienk\u0101r\u0161s savienojums ar Cyklos creaser GPM 450 Speed un AirSpeed 450<br \/>\n&#8211; iesp\u0113jama savieno\u0161ana ar citu z\u012bmolu iek\u0101rt\u0101m<br \/>\n&#8211; iztur\u012bga, bet vienk\u0101r\u0161a konstrukcija par lielisku cenu<br \/>\n&#8211; prec\u012bzs, smuki izgludin\u0101ts loc\u012bjums<\/p>\n<p>Tehnisk\u0101 specifik\u0101cija:<\/p>\n<p>Pap\u012brs: 80 \u2013 350 gsm<\/p>\n<p>Pap\u012bra form\u0101ti: SRA3, A3, A4, A5, netipiskie form\u0101ti<\/p>\n<p>\u0100trums: l\u012bdz 6.000 loksnes\/h<\/p>\n<p>Loc\u012bjuma garums: x = 460mm, y = 320mm<\/p>\n<p>Transportgalda izm\u0113ri: L=620mm, W=360mm<\/p>\n<p>Izm\u0113ri: L = 1635mm, W = 565mm, H=1310mm<\/p>\n<p>Svars: 113kg (netto), 148kg (brutto)<\/p>\n<p>Spiegums\/Frekvence: 230V \/ 50Hz<\/p>\n<p><a href=\"http:\/\/wmtbaltic.lv\/wp-content\/uploads\/2023\/10\/Lietosanas-instrukcija-TriFold-360.pdf\">Lieto\u0161anas instrukcija TriFold 360<\/a><\/p>\n<p><a href=\"http:\/\/wmtbaltic.lv\/wp-content\/uploads\/2023\/10\/Brosura_trifold_360.pdf\">Bro\u0161\u016bra_trifold_360<\/a><\/p>\n<iframe loading=\"lazy\"  id=\"_ytid_12393\"  width=\"780\" height=\"439\"  data-origwidth=\"780\" data-origheight=\"439\" src=\"https:\/\/www.youtube.com\/embed\/CuM6f4n6Sjk?enablejsapi=1&autoplay=0&cc_load_policy=0&cc_lang_pref=&iv_load_policy=1&loop=0&rel=1&fs=1&playsinline=0&autohide=2&theme=dark&color=red&controls=1&disablekb=0&\" class=\"__youtube_prefs__  no-lazyload\" title=\"YouTube player\"  allow=\"fullscreen; accelerometer; autoplay; clipboard-write; encrypted-media; gyroscope; picture-in-picture; web-share\" referrerpolicy=\"strict-origin-when-cross-origin\" allowfullscreen data-no-lazy=\"1\" data-skipgform_ajax_framebjll=\"\"><\/iframe>\n","protected":false},"excerpt":{"rendered":"Pap\u012bra loc\u012b\u0161anas iek\u0101rta TriFold 360 Loc\u012b\u0161anas galds TriFold 360 ir paredz\u0113ts galvenok\u0101rt iepriek\u0161 saloc\u012bta materi\u0101la loc\u012b\u0161anai l\u012bdz 350 gsm. Ier\u012bci ir ide\u0101li kombin\u0113t ar Cyklos rievot\u0101jiem GPM 450 Speed vai AirSpeed 450, ta\u010du to var izmantot ar\u012b ar konkur\u0113jo\u0161iem citu z\u012bmolu iek\u0101rt\u0101m. TriFold 360 \u013cauj izveidot 5 loc\u012b\u0161anas veidus, tostarp visizplat\u012bt\u0101kos 1\/2, C vai Z. [...]","protected":false},"featured_media":15552,"comment_status":"closed","ping_status":"closed","template":"","meta":[],"product_brand":[],"product_cat":[426,71,258],"product_tag":[491,1323,1322,1324],"class_list":{"0":"post-15549","1":"product","2":"type-product","3":"status-publish","4":"has-post-thumbnail","6":"product_cat-cyklos","7":"product_cat-griesana-locisana-rievosana","8":"product_cat-iekartas-un-izejmateriali","9":"product_tag-iekarta","10":"product_tag-locisanas","11":"product_tag-papira","12":"product_tag-trifold_360","14":"first","15":"instock","16":"shipping-taxable","17":"product-type-simple"},"yoast_head":"<!-- This site is optimized with the Yoast SEO plugin v27.4 - https:\/\/yoast.com\/product\/yoast-seo-wordpress\/ -->\n<title>Pap\u012bra loc\u012b\u0161anas iek\u0101rta TriFold 360 - WMT Baltic<\/title>\n<meta name=\"description\" content=\"Loc\u012b\u0161anas galds TriFold 360 ir paredz\u0113ts galvenok\u0101rt iepriek\u0161 saloc\u012bta materi\u0101la loc\u012b\u0161anai l\u012bdz 350 gsm.\" \/>\n<meta name=\"robots\" content=\"index, follow, max-snippet:-1, max-image-preview:large, max-video-preview:-1\" \/>\n<link rel=\"canonical\" href=\"https:\/\/wmtbaltic.lv\/Produkts\/papira-locisanas-iekarta-trifold-360\/\" \/>\n<meta property=\"og:locale\" content=\"en_US\" \/>\n<meta property=\"og:type\" content=\"article\" \/>\n<meta property=\"og:title\" content=\"Pap\u012bra loc\u012b\u0161anas iek\u0101rta TriFold 360 - WMT Baltic\" \/>\n<meta property=\"og:description\" content=\"Loc\u012b\u0161anas galds TriFold 360 ir paredz\u0113ts galvenok\u0101rt iepriek\u0161 saloc\u012bta materi\u0101la loc\u012b\u0161anai l\u012bdz 350 gsm.\" \/>\n<meta property=\"og:url\" content=\"https:\/\/wmtbaltic.lv\/Produkts\/papira-locisanas-iekarta-trifold-360\/\" \/>\n<meta property=\"og:site_name\" content=\"WMT Baltic\" \/>\n<meta property=\"article:publisher\" content=\"https:\/\/www.facebook.com\/WMT.Baltic.viscom\/?locale=lv_LV\" \/>\n<meta property=\"article:modified_time\" content=\"2023-10-26T13:25:30+00:00\" \/>\n<meta property=\"og:image\" content=\"http:\/\/wmtbaltic.lv\/wp-content\/uploads\/2023\/10\/TriFold-360-2f748362.jpg\" \/>\n\t<meta property=\"og:image:width\" content=\"1170\" \/>\n\t<meta property=\"og:image:height\" content=\"937\" \/>\n\t<meta property=\"og:image:type\" content=\"image\/jpeg\" \/>\n<meta name=\"twitter:card\" content=\"summary_large_image\" \/>\n<meta name=\"twitter:label1\" content=\"Est. reading time\" \/>\n\t<meta name=\"twitter:data1\" content=\"1 minute\" \/>\n<script type=\"application\/ld+json\" class=\"yoast-schema-graph\">{\"@context\":\"https:\\\/\\\/schema.org\",\"@graph\":[{\"@type\":\"WebPage\",\"@id\":\"https:\\\/\\\/wmtbaltic.lv\\\/Produkts\\\/papira-locisanas-iekarta-trifold-360\\\/\",\"url\":\"https:\\\/\\\/wmtbaltic.lv\\\/Produkts\\\/papira-locisanas-iekarta-trifold-360\\\/\",\"name\":\"Pap\u012bra loc\u012b\u0161anas iek\u0101rta TriFold 360 - WMT Baltic\",\"isPartOf\":{\"@id\":\"https:\\\/\\\/wmtbaltic.lv\\\/#website\"},\"primaryImageOfPage\":{\"@id\":\"https:\\\/\\\/wmtbaltic.lv\\\/Produkts\\\/papira-locisanas-iekarta-trifold-360\\\/#primaryimage\"},\"image\":{\"@id\":\"https:\\\/\\\/wmtbaltic.lv\\\/Produkts\\\/papira-locisanas-iekarta-trifold-360\\\/#primaryimage\"},\"thumbnailUrl\":\"https:\\\/\\\/wmtbaltic.lv\\\/wp-content\\\/uploads\\\/2023\\\/10\\\/TriFold-360-2f748362.jpg\",\"datePublished\":\"2023-10-26T13:25:25+00:00\",\"dateModified\":\"2023-10-26T13:25:30+00:00\",\"description\":\"Loc\u012b\u0161anas galds TriFold 360 ir paredz\u0113ts galvenok\u0101rt iepriek\u0161 saloc\u012bta materi\u0101la loc\u012b\u0161anai l\u012bdz 350 gsm.\",\"breadcrumb\":{\"@id\":\"https:\\\/\\\/wmtbaltic.lv\\\/Produkts\\\/papira-locisanas-iekarta-trifold-360\\\/#breadcrumb\"},\"inLanguage\":\"en-US\",\"potentialAction\":[{\"@type\":\"ReadAction\",\"target\":[\"https:\\\/\\\/wmtbaltic.lv\\\/Produkts\\\/papira-locisanas-iekarta-trifold-360\\\/\"]}]},{\"@type\":\"ImageObject\",\"inLanguage\":\"en-US\",\"@id\":\"https:\\\/\\\/wmtbaltic.lv\\\/Produkts\\\/papira-locisanas-iekarta-trifold-360\\\/#primaryimage\",\"url\":\"https:\\\/\\\/wmtbaltic.lv\\\/wp-content\\\/uploads\\\/2023\\\/10\\\/TriFold-360-2f748362.jpg\",\"contentUrl\":\"https:\\\/\\\/wmtbaltic.lv\\\/wp-content\\\/uploads\\\/2023\\\/10\\\/TriFold-360-2f748362.jpg\",\"width\":1170,\"height\":937},{\"@type\":\"BreadcrumbList\",\"@id\":\"https:\\\/\\\/wmtbaltic.lv\\\/Produkts\\\/papira-locisanas-iekarta-trifold-360\\\/#breadcrumb\",\"itemListElement\":[{\"@type\":\"ListItem\",\"position\":1,\"name\":\"Home\",\"item\":\"https:\\\/\\\/wmtbaltic.lv\\\/en\\\/\"},{\"@type\":\"ListItem\",\"position\":2,\"name\":\"Products\",\"item\":\"https:\\\/\\\/wmtbaltic.lv\\\/en\\\/shop\\\/\"},{\"@type\":\"ListItem\",\"position\":3,\"name\":\"Pap\u012bra loc\u012b\u0161anas iek\u0101rta TriFold 360\"}]},{\"@type\":\"WebSite\",\"@id\":\"https:\\\/\\\/wmtbaltic.lv\\\/#website\",\"url\":\"https:\\\/\\\/wmtbaltic.lv\\\/\",\"name\":\"WMT Baltic\",\"description\":\"Rekl\u0101mas produkti, pl\u0113ves\",\"publisher\":{\"@id\":\"https:\\\/\\\/wmtbaltic.lv\\\/#organization\"},\"potentialAction\":[{\"@type\":\"SearchAction\",\"target\":{\"@type\":\"EntryPoint\",\"urlTemplate\":\"https:\\\/\\\/wmtbaltic.lv\\\/?s={search_term_string}\"},\"query-input\":{\"@type\":\"PropertyValueSpecification\",\"valueRequired\":true,\"valueName\":\"search_term_string\"}}],\"inLanguage\":\"en-US\"},{\"@type\":\"Organization\",\"@id\":\"https:\\\/\\\/wmtbaltic.lv\\\/#organization\",\"name\":\"WMT Baltic\",\"url\":\"https:\\\/\\\/wmtbaltic.lv\\\/\",\"logo\":{\"@type\":\"ImageObject\",\"inLanguage\":\"en-US\",\"@id\":\"https:\\\/\\\/wmtbaltic.lv\\\/#\\\/schema\\\/logo\\\/image\\\/\",\"url\":\"https:\\\/\\\/wmtbaltic.lv\\\/wp-content\\\/uploads\\\/2024\\\/12\\\/wmt-baltic-sia_107142_9_420x180.jpg\",\"contentUrl\":\"https:\\\/\\\/wmtbaltic.lv\\\/wp-content\\\/uploads\\\/2024\\\/12\\\/wmt-baltic-sia_107142_9_420x180.jpg\",\"width\":420,\"height\":180,\"caption\":\"WMT Baltic\"},\"image\":{\"@id\":\"https:\\\/\\\/wmtbaltic.lv\\\/#\\\/schema\\\/logo\\\/image\\\/\"},\"sameAs\":[\"https:\\\/\\\/www.facebook.com\\\/WMT.Baltic.viscom\\\/?locale=lv_LV\",\"https:\\\/\\\/www.instagram.com\\\/viscom_wmt\\\/\"]}]}<\/script>\n<!-- \/ Yoast SEO plugin. -->","yoast_head_json":{"title":"Pap\u012bra loc\u012b\u0161anas iek\u0101rta TriFold 360 - WMT Baltic","description":"Loc\u012b\u0161anas galds TriFold 360 ir paredz\u0113ts galvenok\u0101rt iepriek\u0161 saloc\u012bta materi\u0101la loc\u012b\u0161anai l\u012bdz 350 gsm.","robots":{"index":"index","follow":"follow","max-snippet":"max-snippet:-1","max-image-preview":"max-image-preview:large","max-video-preview":"max-video-preview:-1"},"canonical":"https:\/\/wmtbaltic.lv\/Produkts\/papira-locisanas-iekarta-trifold-360\/","og_locale":"en_US","og_type":"article","og_title":"Pap\u012bra loc\u012b\u0161anas iek\u0101rta TriFold 360 - WMT Baltic","og_description":"Loc\u012b\u0161anas galds TriFold 360 ir paredz\u0113ts galvenok\u0101rt iepriek\u0161 saloc\u012bta materi\u0101la loc\u012b\u0161anai l\u012bdz 350 gsm.","og_url":"https:\/\/wmtbaltic.lv\/Produkts\/papira-locisanas-iekarta-trifold-360\/","og_site_name":"WMT Baltic","article_publisher":"https:\/\/www.facebook.com\/WMT.Baltic.viscom\/?locale=lv_LV","article_modified_time":"2023-10-26T13:25:30+00:00","og_image":[{"width":1170,"height":937,"url":"http:\/\/wmtbaltic.lv\/wp-content\/uploads\/2023\/10\/TriFold-360-2f748362.jpg","type":"image\/jpeg"}],"twitter_card":"summary_large_image","twitter_misc":{"Est. reading time":"1 minute"},"schema":{"@context":"https:\/\/schema.org","@graph":[{"@type":"WebPage","@id":"https:\/\/wmtbaltic.lv\/Produkts\/papira-locisanas-iekarta-trifold-360\/","url":"https:\/\/wmtbaltic.lv\/Produkts\/papira-locisanas-iekarta-trifold-360\/","name":"Pap\u012bra loc\u012b\u0161anas iek\u0101rta TriFold 360 - WMT Baltic","isPartOf":{"@id":"https:\/\/wmtbaltic.lv\/#website"},"primaryImageOfPage":{"@id":"https:\/\/wmtbaltic.lv\/Produkts\/papira-locisanas-iekarta-trifold-360\/#primaryimage"},"image":{"@id":"https:\/\/wmtbaltic.lv\/Produkts\/papira-locisanas-iekarta-trifold-360\/#primaryimage"},"thumbnailUrl":"https:\/\/wmtbaltic.lv\/wp-content\/uploads\/2023\/10\/TriFold-360-2f748362.jpg","datePublished":"2023-10-26T13:25:25+00:00","dateModified":"2023-10-26T13:25:30+00:00","description":"Loc\u012b\u0161anas galds TriFold 360 ir paredz\u0113ts galvenok\u0101rt iepriek\u0161 saloc\u012bta materi\u0101la loc\u012b\u0161anai l\u012bdz 350 gsm.","breadcrumb":{"@id":"https:\/\/wmtbaltic.lv\/Produkts\/papira-locisanas-iekarta-trifold-360\/#breadcrumb"},"inLanguage":"en-US","potentialAction":[{"@type":"ReadAction","target":["https:\/\/wmtbaltic.lv\/Produkts\/papira-locisanas-iekarta-trifold-360\/"]}]},{"@type":"ImageObject","inLanguage":"en-US","@id":"https:\/\/wmtbaltic.lv\/Produkts\/papira-locisanas-iekarta-trifold-360\/#primaryimage","url":"https:\/\/wmtbaltic.lv\/wp-content\/uploads\/2023\/10\/TriFold-360-2f748362.jpg","contentUrl":"https:\/\/wmtbaltic.lv\/wp-content\/uploads\/2023\/10\/TriFold-360-2f748362.jpg","width":1170,"height":937},{"@type":"BreadcrumbList","@id":"https:\/\/wmtbaltic.lv\/Produkts\/papira-locisanas-iekarta-trifold-360\/#breadcrumb","itemListElement":[{"@type":"ListItem","position":1,"name":"Home","item":"https:\/\/wmtbaltic.lv\/en\/"},{"@type":"ListItem","position":2,"name":"Products","item":"https:\/\/wmtbaltic.lv\/en\/shop\/"},{"@type":"ListItem","position":3,"name":"Pap\u012bra loc\u012b\u0161anas iek\u0101rta TriFold 360"}]},{"@type":"WebSite","@id":"https:\/\/wmtbaltic.lv\/#website","url":"https:\/\/wmtbaltic.lv\/","name":"WMT Baltic","description":"Rekl\u0101mas produkti, pl\u0113ves","publisher":{"@id":"https:\/\/wmtbaltic.lv\/#organization"},"potentialAction":[{"@type":"SearchAction","target":{"@type":"EntryPoint","urlTemplate":"https:\/\/wmtbaltic.lv\/?s={search_term_string}"},"query-input":{"@type":"PropertyValueSpecification","valueRequired":true,"valueName":"search_term_string"}}],"inLanguage":"en-US"},{"@type":"Organization","@id":"https:\/\/wmtbaltic.lv\/#organization","name":"WMT Baltic","url":"https:\/\/wmtbaltic.lv\/","logo":{"@type":"ImageObject","inLanguage":"en-US","@id":"https:\/\/wmtbaltic.lv\/#\/schema\/logo\/image\/","url":"https:\/\/wmtbaltic.lv\/wp-content\/uploads\/2024\/12\/wmt-baltic-sia_107142_9_420x180.jpg","contentUrl":"https:\/\/wmtbaltic.lv\/wp-content\/uploads\/2024\/12\/wmt-baltic-sia_107142_9_420x180.jpg","width":420,"height":180,"caption":"WMT Baltic"},"image":{"@id":"https:\/\/wmtbaltic.lv\/#\/schema\/logo\/image\/"},"sameAs":["https:\/\/www.facebook.com\/WMT.Baltic.viscom\/?locale=lv_LV","https:\/\/www.instagram.com\/viscom_wmt\/"]}]}},"_links":{"self":[{"href":"https:\/\/wmtbaltic.lv\/en\/wp-json\/wp\/v2\/product\/15549","targetHints":{"allow":["GET"]}}],"collection":[{"href":"https:\/\/wmtbaltic.lv\/en\/wp-json\/wp\/v2\/product"}],"about":[{"href":"https:\/\/wmtbaltic.lv\/en\/wp-json\/wp\/v2\/types\/product"}],"replies":[{"embeddable":true,"href":"https:\/\/wmtbaltic.lv\/en\/wp-json\/wp\/v2\/comments?post=15549"}],"wp:featuredmedia":[{"embeddable":true,"href":"https:\/\/wmtbaltic.lv\/en\/wp-json\/wp\/v2\/media\/15552"}],"wp:attachment":[{"href":"https:\/\/wmtbaltic.lv\/en\/wp-json\/wp\/v2\/media?parent=15549"}],"wp:term":[{"taxonomy":"product_brand","embeddable":true,"href":"https:\/\/wmtbaltic.lv\/en\/wp-json\/wp\/v2\/product_brand?post=15549"},{"taxonomy":"product_cat","embeddable":true,"href":"https:\/\/wmtbaltic.lv\/en\/wp-json\/wp\/v2\/product_cat?post=15549"},{"taxonomy":"product_tag","embeddable":true,"href":"https:\/\/wmtbaltic.lv\/en\/wp-json\/wp\/v2\/product_tag?post=15549"}],"curies":[{"name":"wp","href":"https:\/\/api.w.org\/{rel}","templated":true}]}}