{"id":15531,"date":"2023-10-25T13:22:18","date_gmt":"2023-10-25T13:22:18","guid":{"rendered":"https:\/\/wmtbaltic.lv\/?post_type=product&#038;p=15531"},"modified":"2023-12-07T10:12:14","modified_gmt":"2023-12-07T10:12:14","slug":"cyklos-euro-punch-caurumotajs-ep-35","status":"publish","type":"product","link":"https:\/\/wmtbaltic.lv\/en\/product\/cyklos-euro-punch-caurumotajs-ep-35\/","title":{"rendered":"CYKLOS Euro punch caurumot\u0101js EP 35"},"content":{"rendered":"<p>Vienk\u0101r\u0161a ier\u012bce \u201cEuro Punch\u201d perfor\u0113\u0161anai.<\/p>\n<p>Tehnisk\u0101 inform\u0101cija:<\/p>\n<p>Max. grie\u0161anas biezums\u00a0 1,5 mm<\/p>\n<p>Izm\u0113ri\u00a0 300 x 250 x 92 mm<\/p>\n<p>Ier\u012bces svars 3 Kg<\/p>\n<p><a href=\"http:\/\/wmtbaltic.lv\/wp-content\/uploads\/2023\/10\/Brosura_ep_35.pdf\">Bro\u0161\u016bra_ep_35<\/a><\/p>\n<iframe loading=\"lazy\"  id=\"_ytid_77505\"  width=\"780\" height=\"439\"  data-origwidth=\"780\" data-origheight=\"439\" src=\"https:\/\/www.youtube.com\/embed\/9bsWxiIX_60?enablejsapi=1&autoplay=0&cc_load_policy=0&cc_lang_pref=&iv_load_policy=1&loop=0&rel=1&fs=1&playsinline=0&autohide=2&theme=dark&color=red&controls=1&disablekb=0&\" class=\"__youtube_prefs__  no-lazyload\" title=\"YouTube player\"  allow=\"fullscreen; accelerometer; autoplay; clipboard-write; encrypted-media; gyroscope; picture-in-picture; web-share\" referrerpolicy=\"strict-origin-when-cross-origin\" allowfullscreen data-no-lazy=\"1\" data-skipgform_ajax_framebjll=\"\"><\/iframe>\n<p>&nbsp;<\/p>\n","protected":false},"excerpt":{"rendered":"Vienk\u0101r\u0161a ier\u012bce \u201cEuro Punch\u201d perfor\u0113\u0161anai. Tehnisk\u0101 inform\u0101cija: Max. grie\u0161anas biezums\u00a0 1,5 mm Izm\u0113ri\u00a0 300 x 250 x 92 mm Ier\u012bces svars 3 Kg Bro\u0161\u016bra_ep_35 &nbsp;","protected":false},"featured_media":15538,"comment_status":"closed","ping_status":"closed","template":"","meta":[],"product_brand":[],"product_cat":[426,71,258],"product_tag":[1321,1319,1320],"class_list":{"0":"post-15531","1":"product","2":"type-product","3":"status-publish","4":"has-post-thumbnail","6":"product_cat-cyklos","7":"product_cat-griesana-locisana-rievosana","8":"product_cat-iekartas-un-izejmateriali","9":"product_tag-caurumotajs","10":"product_tag-euro-punch","11":"product_tag-perforesana","13":"first","14":"instock","15":"shipping-taxable","16":"purchasable","17":"product-type-simple"},"yoast_head":"<!-- This site is optimized with the Yoast SEO plugin v27.4 - https:\/\/yoast.com\/product\/yoast-seo-wordpress\/ -->\n<title>CYKLOS Euro punch caurumot\u0101js EP 35 - WMT Baltic<\/title>\n<meta name=\"description\" content=\"Vienk\u0101r\u0161a ier\u012bce \u201cEuro Punch\u201d perfor\u0113\u0161anai.Tehnisk\u0101 inform\u0101cija:Max. grie\u0161anas biezums\u00a0 1,5 mmIzm\u0113ri\u00a0 300 x 250 x 92 mmIer\u012bces svars 3 Kg\" \/>\n<meta name=\"robots\" content=\"index, follow, max-snippet:-1, max-image-preview:large, max-video-preview:-1\" \/>\n<link rel=\"canonical\" href=\"https:\/\/wmtbaltic.lv\/Produkts\/cyklos-euro-punch-caurumotajs-ep-35\/\" \/>\n<meta property=\"og:locale\" content=\"en_US\" \/>\n<meta property=\"og:type\" content=\"article\" \/>\n<meta property=\"og:title\" content=\"CYKLOS Euro punch caurumot\u0101js EP 35 - WMT Baltic\" \/>\n<meta property=\"og:description\" content=\"Vienk\u0101r\u0161a ier\u012bce \u201cEuro Punch\u201d perfor\u0113\u0161anai.Tehnisk\u0101 inform\u0101cija:Max. grie\u0161anas biezums\u00a0 1,5 mmIzm\u0113ri\u00a0 300 x 250 x 92 mmIer\u012bces svars 3 Kg\" \/>\n<meta property=\"og:url\" content=\"https:\/\/wmtbaltic.lv\/Produkts\/cyklos-euro-punch-caurumotajs-ep-35\/\" \/>\n<meta property=\"og:site_name\" content=\"WMT Baltic\" \/>\n<meta property=\"article:publisher\" content=\"https:\/\/www.facebook.com\/WMT.Baltic.viscom\/?locale=lv_LV\" \/>\n<meta property=\"article:modified_time\" content=\"2023-12-07T10:12:14+00:00\" \/>\n<meta property=\"og:image\" content=\"http:\/\/wmtbaltic.lv\/wp-content\/uploads\/2023\/10\/Euro-Punch-EP-35-b1ce63c5.jpg\" \/>\n\t<meta property=\"og:image:width\" content=\"742\" \/>\n\t<meta property=\"og:image:height\" content=\"704\" \/>\n\t<meta property=\"og:image:type\" content=\"image\/jpeg\" \/>\n<meta name=\"twitter:card\" content=\"summary_large_image\" \/>\n<meta name=\"twitter:label1\" content=\"Est. reading time\" \/>\n\t<meta name=\"twitter:data1\" content=\"1 minute\" \/>\n<script type=\"application\/ld+json\" class=\"yoast-schema-graph\">{\"@context\":\"https:\\\/\\\/schema.org\",\"@graph\":[{\"@type\":\"WebPage\",\"@id\":\"https:\\\/\\\/wmtbaltic.lv\\\/Produkts\\\/cyklos-euro-punch-caurumotajs-ep-35\\\/\",\"url\":\"https:\\\/\\\/wmtbaltic.lv\\\/Produkts\\\/cyklos-euro-punch-caurumotajs-ep-35\\\/\",\"name\":\"CYKLOS Euro punch caurumot\u0101js EP 35 - WMT Baltic\",\"isPartOf\":{\"@id\":\"https:\\\/\\\/wmtbaltic.lv\\\/#website\"},\"primaryImageOfPage\":{\"@id\":\"https:\\\/\\\/wmtbaltic.lv\\\/Produkts\\\/cyklos-euro-punch-caurumotajs-ep-35\\\/#primaryimage\"},\"image\":{\"@id\":\"https:\\\/\\\/wmtbaltic.lv\\\/Produkts\\\/cyklos-euro-punch-caurumotajs-ep-35\\\/#primaryimage\"},\"thumbnailUrl\":\"https:\\\/\\\/wmtbaltic.lv\\\/wp-content\\\/uploads\\\/2023\\\/10\\\/Euro-Punch-EP-35-b1ce63c5.jpg\",\"datePublished\":\"2023-10-25T13:22:18+00:00\",\"dateModified\":\"2023-12-07T10:12:14+00:00\",\"description\":\"Vienk\u0101r\u0161a ier\u012bce \u201cEuro Punch\u201d perfor\u0113\u0161anai.Tehnisk\u0101 inform\u0101cija:Max. grie\u0161anas biezums\u00a0 1,5 mmIzm\u0113ri\u00a0 300 x 250 x 92 mmIer\u012bces svars 3 Kg\",\"breadcrumb\":{\"@id\":\"https:\\\/\\\/wmtbaltic.lv\\\/Produkts\\\/cyklos-euro-punch-caurumotajs-ep-35\\\/#breadcrumb\"},\"inLanguage\":\"en-US\",\"potentialAction\":[{\"@type\":\"ReadAction\",\"target\":[\"https:\\\/\\\/wmtbaltic.lv\\\/Produkts\\\/cyklos-euro-punch-caurumotajs-ep-35\\\/\"]}]},{\"@type\":\"ImageObject\",\"inLanguage\":\"en-US\",\"@id\":\"https:\\\/\\\/wmtbaltic.lv\\\/Produkts\\\/cyklos-euro-punch-caurumotajs-ep-35\\\/#primaryimage\",\"url\":\"https:\\\/\\\/wmtbaltic.lv\\\/wp-content\\\/uploads\\\/2023\\\/10\\\/Euro-Punch-EP-35-b1ce63c5.jpg\",\"contentUrl\":\"https:\\\/\\\/wmtbaltic.lv\\\/wp-content\\\/uploads\\\/2023\\\/10\\\/Euro-Punch-EP-35-b1ce63c5.jpg\",\"width\":742,\"height\":704},{\"@type\":\"BreadcrumbList\",\"@id\":\"https:\\\/\\\/wmtbaltic.lv\\\/Produkts\\\/cyklos-euro-punch-caurumotajs-ep-35\\\/#breadcrumb\",\"itemListElement\":[{\"@type\":\"ListItem\",\"position\":1,\"name\":\"Home\",\"item\":\"https:\\\/\\\/wmtbaltic.lv\\\/en\\\/\"},{\"@type\":\"ListItem\",\"position\":2,\"name\":\"Products\",\"item\":\"https:\\\/\\\/wmtbaltic.lv\\\/en\\\/shop\\\/\"},{\"@type\":\"ListItem\",\"position\":3,\"name\":\"CYKLOS Euro punch caurumot\u0101js EP 35\"}]},{\"@type\":\"WebSite\",\"@id\":\"https:\\\/\\\/wmtbaltic.lv\\\/#website\",\"url\":\"https:\\\/\\\/wmtbaltic.lv\\\/\",\"name\":\"WMT Baltic\",\"description\":\"Rekl\u0101mas produkti, pl\u0113ves\",\"publisher\":{\"@id\":\"https:\\\/\\\/wmtbaltic.lv\\\/#organization\"},\"potentialAction\":[{\"@type\":\"SearchAction\",\"target\":{\"@type\":\"EntryPoint\",\"urlTemplate\":\"https:\\\/\\\/wmtbaltic.lv\\\/?s={search_term_string}\"},\"query-input\":{\"@type\":\"PropertyValueSpecification\",\"valueRequired\":true,\"valueName\":\"search_term_string\"}}],\"inLanguage\":\"en-US\"},{\"@type\":\"Organization\",\"@id\":\"https:\\\/\\\/wmtbaltic.lv\\\/#organization\",\"name\":\"WMT Baltic\",\"url\":\"https:\\\/\\\/wmtbaltic.lv\\\/\",\"logo\":{\"@type\":\"ImageObject\",\"inLanguage\":\"en-US\",\"@id\":\"https:\\\/\\\/wmtbaltic.lv\\\/#\\\/schema\\\/logo\\\/image\\\/\",\"url\":\"https:\\\/\\\/wmtbaltic.lv\\\/wp-content\\\/uploads\\\/2024\\\/12\\\/wmt-baltic-sia_107142_9_420x180.jpg\",\"contentUrl\":\"https:\\\/\\\/wmtbaltic.lv\\\/wp-content\\\/uploads\\\/2024\\\/12\\\/wmt-baltic-sia_107142_9_420x180.jpg\",\"width\":420,\"height\":180,\"caption\":\"WMT Baltic\"},\"image\":{\"@id\":\"https:\\\/\\\/wmtbaltic.lv\\\/#\\\/schema\\\/logo\\\/image\\\/\"},\"sameAs\":[\"https:\\\/\\\/www.facebook.com\\\/WMT.Baltic.viscom\\\/?locale=lv_LV\",\"https:\\\/\\\/www.instagram.com\\\/viscom_wmt\\\/\"]}]}<\/script>\n<!-- \/ Yoast SEO plugin. -->","yoast_head_json":{"title":"CYKLOS Euro punch caurumot\u0101js EP 35 - WMT Baltic","description":"Vienk\u0101r\u0161a ier\u012bce \u201cEuro Punch\u201d perfor\u0113\u0161anai.Tehnisk\u0101 inform\u0101cija:Max. grie\u0161anas biezums\u00a0 1,5 mmIzm\u0113ri\u00a0 300 x 250 x 92 mmIer\u012bces svars 3 Kg","robots":{"index":"index","follow":"follow","max-snippet":"max-snippet:-1","max-image-preview":"max-image-preview:large","max-video-preview":"max-video-preview:-1"},"canonical":"https:\/\/wmtbaltic.lv\/Produkts\/cyklos-euro-punch-caurumotajs-ep-35\/","og_locale":"en_US","og_type":"article","og_title":"CYKLOS Euro punch caurumot\u0101js EP 35 - WMT Baltic","og_description":"Vienk\u0101r\u0161a ier\u012bce \u201cEuro Punch\u201d perfor\u0113\u0161anai.Tehnisk\u0101 inform\u0101cija:Max. grie\u0161anas biezums\u00a0 1,5 mmIzm\u0113ri\u00a0 300 x 250 x 92 mmIer\u012bces svars 3 Kg","og_url":"https:\/\/wmtbaltic.lv\/Produkts\/cyklos-euro-punch-caurumotajs-ep-35\/","og_site_name":"WMT Baltic","article_publisher":"https:\/\/www.facebook.com\/WMT.Baltic.viscom\/?locale=lv_LV","article_modified_time":"2023-12-07T10:12:14+00:00","og_image":[{"width":742,"height":704,"url":"http:\/\/wmtbaltic.lv\/wp-content\/uploads\/2023\/10\/Euro-Punch-EP-35-b1ce63c5.jpg","type":"image\/jpeg"}],"twitter_card":"summary_large_image","twitter_misc":{"Est. reading time":"1 minute"},"schema":{"@context":"https:\/\/schema.org","@graph":[{"@type":"WebPage","@id":"https:\/\/wmtbaltic.lv\/Produkts\/cyklos-euro-punch-caurumotajs-ep-35\/","url":"https:\/\/wmtbaltic.lv\/Produkts\/cyklos-euro-punch-caurumotajs-ep-35\/","name":"CYKLOS Euro punch caurumot\u0101js EP 35 - WMT Baltic","isPartOf":{"@id":"https:\/\/wmtbaltic.lv\/#website"},"primaryImageOfPage":{"@id":"https:\/\/wmtbaltic.lv\/Produkts\/cyklos-euro-punch-caurumotajs-ep-35\/#primaryimage"},"image":{"@id":"https:\/\/wmtbaltic.lv\/Produkts\/cyklos-euro-punch-caurumotajs-ep-35\/#primaryimage"},"thumbnailUrl":"https:\/\/wmtbaltic.lv\/wp-content\/uploads\/2023\/10\/Euro-Punch-EP-35-b1ce63c5.jpg","datePublished":"2023-10-25T13:22:18+00:00","dateModified":"2023-12-07T10:12:14+00:00","description":"Vienk\u0101r\u0161a ier\u012bce \u201cEuro Punch\u201d perfor\u0113\u0161anai.Tehnisk\u0101 inform\u0101cija:Max. grie\u0161anas biezums\u00a0 1,5 mmIzm\u0113ri\u00a0 300 x 250 x 92 mmIer\u012bces svars 3 Kg","breadcrumb":{"@id":"https:\/\/wmtbaltic.lv\/Produkts\/cyklos-euro-punch-caurumotajs-ep-35\/#breadcrumb"},"inLanguage":"en-US","potentialAction":[{"@type":"ReadAction","target":["https:\/\/wmtbaltic.lv\/Produkts\/cyklos-euro-punch-caurumotajs-ep-35\/"]}]},{"@type":"ImageObject","inLanguage":"en-US","@id":"https:\/\/wmtbaltic.lv\/Produkts\/cyklos-euro-punch-caurumotajs-ep-35\/#primaryimage","url":"https:\/\/wmtbaltic.lv\/wp-content\/uploads\/2023\/10\/Euro-Punch-EP-35-b1ce63c5.jpg","contentUrl":"https:\/\/wmtbaltic.lv\/wp-content\/uploads\/2023\/10\/Euro-Punch-EP-35-b1ce63c5.jpg","width":742,"height":704},{"@type":"BreadcrumbList","@id":"https:\/\/wmtbaltic.lv\/Produkts\/cyklos-euro-punch-caurumotajs-ep-35\/#breadcrumb","itemListElement":[{"@type":"ListItem","position":1,"name":"Home","item":"https:\/\/wmtbaltic.lv\/en\/"},{"@type":"ListItem","position":2,"name":"Products","item":"https:\/\/wmtbaltic.lv\/en\/shop\/"},{"@type":"ListItem","position":3,"name":"CYKLOS Euro punch caurumot\u0101js EP 35"}]},{"@type":"WebSite","@id":"https:\/\/wmtbaltic.lv\/#website","url":"https:\/\/wmtbaltic.lv\/","name":"WMT Baltic","description":"Rekl\u0101mas produkti, pl\u0113ves","publisher":{"@id":"https:\/\/wmtbaltic.lv\/#organization"},"potentialAction":[{"@type":"SearchAction","target":{"@type":"EntryPoint","urlTemplate":"https:\/\/wmtbaltic.lv\/?s={search_term_string}"},"query-input":{"@type":"PropertyValueSpecification","valueRequired":true,"valueName":"search_term_string"}}],"inLanguage":"en-US"},{"@type":"Organization","@id":"https:\/\/wmtbaltic.lv\/#organization","name":"WMT Baltic","url":"https:\/\/wmtbaltic.lv\/","logo":{"@type":"ImageObject","inLanguage":"en-US","@id":"https:\/\/wmtbaltic.lv\/#\/schema\/logo\/image\/","url":"https:\/\/wmtbaltic.lv\/wp-content\/uploads\/2024\/12\/wmt-baltic-sia_107142_9_420x180.jpg","contentUrl":"https:\/\/wmtbaltic.lv\/wp-content\/uploads\/2024\/12\/wmt-baltic-sia_107142_9_420x180.jpg","width":420,"height":180,"caption":"WMT Baltic"},"image":{"@id":"https:\/\/wmtbaltic.lv\/#\/schema\/logo\/image\/"},"sameAs":["https:\/\/www.facebook.com\/WMT.Baltic.viscom\/?locale=lv_LV","https:\/\/www.instagram.com\/viscom_wmt\/"]}]}},"_links":{"self":[{"href":"https:\/\/wmtbaltic.lv\/en\/wp-json\/wp\/v2\/product\/15531","targetHints":{"allow":["GET"]}}],"collection":[{"href":"https:\/\/wmtbaltic.lv\/en\/wp-json\/wp\/v2\/product"}],"about":[{"href":"https:\/\/wmtbaltic.lv\/en\/wp-json\/wp\/v2\/types\/product"}],"replies":[{"embeddable":true,"href":"https:\/\/wmtbaltic.lv\/en\/wp-json\/wp\/v2\/comments?post=15531"}],"wp:featuredmedia":[{"embeddable":true,"href":"https:\/\/wmtbaltic.lv\/en\/wp-json\/wp\/v2\/media\/15538"}],"wp:attachment":[{"href":"https:\/\/wmtbaltic.lv\/en\/wp-json\/wp\/v2\/media?parent=15531"}],"wp:term":[{"taxonomy":"product_brand","embeddable":true,"href":"https:\/\/wmtbaltic.lv\/en\/wp-json\/wp\/v2\/product_brand?post=15531"},{"taxonomy":"product_cat","embeddable":true,"href":"https:\/\/wmtbaltic.lv\/en\/wp-json\/wp\/v2\/product_cat?post=15531"},{"taxonomy":"product_tag","embeddable":true,"href":"https:\/\/wmtbaltic.lv\/en\/wp-json\/wp\/v2\/product_tag?post=15531"}],"curies":[{"name":"wp","href":"https:\/\/api.w.org\/{rel}","templated":true}]}}