{"id":15525,"date":"2023-10-25T13:08:09","date_gmt":"2023-10-25T13:08:09","guid":{"rendered":"https:\/\/wmtbaltic.lv\/?post_type=product&#038;p=15525"},"modified":"2026-03-30T08:12:25","modified_gmt":"2026-03-30T08:12:25","slug":"cyklos-izcirsanas-prese-c-press-440","status":"publish","type":"product","link":"https:\/\/wmtbaltic.lv\/en\/product\/cyklos-izcirsanas-prese-c-press-440\/","title":{"rendered":"CYKLOS Izcir\u0161anas prese C-PRESS 440"},"content":{"rendered":"<p>Mas\u012bva, smaga met\u0101la izcir\u0161anas prese ar darba virsmas platumu l\u012bdz 440 mm,paredz\u0113ta, lai izcirstu v\u0101ci\u0146us, puzles, viz\u012btkartes un citus produktus biezum\u0101 l\u012bdz 1,5 mm. Ievietojot standarta grie\u0161anas formu starp diviem \u0161\u012bs iek\u0101rtas cilindriem, var tikt izgrieztas da\u017e\u0101das pap\u012bra formas un citi materi\u0101li. \u0160o ier\u012bci var vad\u012bt ar\u012b ar ped\u0101\u013ca pal\u012bdz\u012bbu.<\/p>\n<p>\u012apa\u0161\u012bbas:<\/p>\n<ul>\n<li>Pamat\u012bga un iztur\u012bga konstrukcija<\/li>\n<li>Regul\u0113jams darb\u012bbas augstums<\/li>\n<li>Manu\u0101la un ped\u0101\u013ca vad\u012bba<\/li>\n<li>Iesp\u0113jams griezt mazus objektus plastik\u0101ta iepakojum\u0101 (baterijas, rota\u013clietas, u.c..)<\/li>\n<li>Papildu grie\u0161anas forma<\/li>\n<li>Viegli lietot<\/li>\n<\/ul>\n<p>Tehnisk\u0101 inform\u0101cija:<\/p>\n<p>Darba virsma: 440 mm<\/p>\n<p>Darb\u012bbas augstums: 20-70 mm<\/p>\n<p>Maksim\u0101lais materi\u0101la biezums izcir\u0161anai: 2 mm<\/p>\n<p>Izm\u0113rs: 820 x 510 x 390 mm<\/p>\n<p>Svars: 53 Kg<\/p>\n<p>Spriegums\/ Frekvence: 230 V\/ 50 Hz<\/p>\n<p><a href=\"http:\/\/wmtbaltic.lv\/wp-content\/uploads\/2023\/10\/Brosura_cpress_440.pdf\">Bro\u0161\u016bra_cpress_440<\/a><\/p>\n<iframe loading=\"lazy\"  id=\"_ytid_18741\"  width=\"780\" height=\"439\"  data-origwidth=\"780\" data-origheight=\"439\" src=\"https:\/\/www.youtube.com\/embed\/6wj0Jottc54?enablejsapi=1&autoplay=0&cc_load_policy=0&cc_lang_pref=&iv_load_policy=1&loop=0&rel=1&fs=1&playsinline=0&autohide=2&theme=dark&color=red&controls=1&disablekb=0&\" class=\"__youtube_prefs__  no-lazyload\" title=\"YouTube player\"  allow=\"fullscreen; accelerometer; autoplay; clipboard-write; encrypted-media; gyroscope; picture-in-picture; web-share\" referrerpolicy=\"strict-origin-when-cross-origin\" allowfullscreen data-no-lazy=\"1\" data-skipgform_ajax_framebjll=\"\"><\/iframe>\n","protected":false},"excerpt":{"rendered":"Mas\u012bva, smaga met\u0101la izcir\u0161anas prese ar darba virsmas platumu l\u012bdz 440 mm,paredz\u0113ta, lai izcirstu v\u0101ci\u0146us, puzles, viz\u012btkartes un citus produktus biezum\u0101 l\u012bdz 1,5 mm. Ievietojot standarta grie\u0161anas formu starp diviem \u0161\u012bs iek\u0101rtas cilindriem, var tikt izgrieztas da\u017e\u0101das pap\u012bra formas un citi materi\u0101li. \u0160o ier\u012bci var vad\u012bt ar\u012b ar ped\u0101\u013ca pal\u012bdz\u012bbu. \u012apa\u0161\u012bbas: Pamat\u012bga un iztur\u012bga konstrukcija [...]","protected":false},"featured_media":15526,"comment_status":"closed","ping_status":"closed","template":"","meta":[],"product_brand":[],"product_cat":[426,71,258],"product_tag":[1318,729,1317],"class_list":{"0":"post-15525","1":"product","2":"type-product","3":"status-publish","4":"has-post-thumbnail","6":"product_cat-cyklos","7":"product_cat-griesana-locisana-rievosana","8":"product_cat-iekartas-un-izejmateriali","9":"product_tag-c-press-440","10":"product_tag-iekartas","11":"product_tag-izcirsanas-prese","13":"first","14":"instock","15":"shipping-taxable","16":"purchasable","17":"product-type-simple"},"yoast_head":"<!-- This site is optimized with the Yoast SEO plugin v27.4 - https:\/\/yoast.com\/product\/yoast-seo-wordpress\/ -->\n<title>CYKLOS Izcir\u0161anas prese C-PRESS 440 - WMT Baltic<\/title>\n<meta name=\"description\" content=\"izcir\u0161anas prese ar darba virsmas platumu l\u012bdz 440 mm,paredz\u0113ta, lai izcirstu v\u0101ci\u0146us, puzles, viz\u012btkartes un citus produktus biezum\u0101 l\u012bdz 1,5 mm.\" \/>\n<meta name=\"robots\" content=\"index, follow, max-snippet:-1, max-image-preview:large, max-video-preview:-1\" \/>\n<link rel=\"canonical\" href=\"https:\/\/wmtbaltic.lv\/product\/cyklos-izcirsanas-prese-c-press-440\/\" \/>\n<meta property=\"og:locale\" content=\"en_US\" \/>\n<meta property=\"og:type\" content=\"article\" \/>\n<meta property=\"og:title\" content=\"CYKLOS Izcir\u0161anas prese C-PRESS 440 - WMT Baltic\" \/>\n<meta property=\"og:description\" content=\"izcir\u0161anas prese ar darba virsmas platumu l\u012bdz 440 mm,paredz\u0113ta, lai izcirstu v\u0101ci\u0146us, puzles, viz\u012btkartes un citus produktus biezum\u0101 l\u012bdz 1,5 mm.\" \/>\n<meta property=\"og:url\" content=\"https:\/\/wmtbaltic.lv\/product\/cyklos-izcirsanas-prese-c-press-440\/\" \/>\n<meta property=\"og:site_name\" content=\"WMT Baltic\" \/>\n<meta property=\"article:publisher\" content=\"https:\/\/www.facebook.com\/WMT.Baltic.viscom\/?locale=lv_LV\" \/>\n<meta property=\"article:modified_time\" content=\"2026-03-30T08:12:25+00:00\" \/>\n<meta property=\"og:image\" content=\"http:\/\/wmtbaltic.lv\/wp-content\/uploads\/2023\/10\/Die-Cutting-Press-C-PRESS-440.jpg\" \/>\n\t<meta property=\"og:image:width\" content=\"1421\" \/>\n\t<meta property=\"og:image:height\" content=\"926\" \/>\n\t<meta property=\"og:image:type\" content=\"image\/jpeg\" \/>\n<meta name=\"twitter:card\" content=\"summary_large_image\" \/>\n<meta name=\"twitter:label1\" content=\"Est. reading time\" \/>\n\t<meta name=\"twitter:data1\" content=\"1 minute\" \/>\n<script type=\"application\/ld+json\" class=\"yoast-schema-graph\">{\"@context\":\"https:\\\/\\\/schema.org\",\"@graph\":[{\"@type\":\"WebPage\",\"@id\":\"https:\\\/\\\/wmtbaltic.lv\\\/product\\\/cyklos-izcirsanas-prese-c-press-440\\\/\",\"url\":\"https:\\\/\\\/wmtbaltic.lv\\\/product\\\/cyklos-izcirsanas-prese-c-press-440\\\/\",\"name\":\"CYKLOS Izcir\u0161anas prese C-PRESS 440 - WMT Baltic\",\"isPartOf\":{\"@id\":\"https:\\\/\\\/wmtbaltic.lv\\\/#website\"},\"primaryImageOfPage\":{\"@id\":\"https:\\\/\\\/wmtbaltic.lv\\\/product\\\/cyklos-izcirsanas-prese-c-press-440\\\/#primaryimage\"},\"image\":{\"@id\":\"https:\\\/\\\/wmtbaltic.lv\\\/product\\\/cyklos-izcirsanas-prese-c-press-440\\\/#primaryimage\"},\"thumbnailUrl\":\"https:\\\/\\\/wmtbaltic.lv\\\/wp-content\\\/uploads\\\/2023\\\/10\\\/Die-Cutting-Press-C-PRESS-440.jpg\",\"datePublished\":\"2023-10-25T13:08:09+00:00\",\"dateModified\":\"2026-03-30T08:12:25+00:00\",\"description\":\"izcir\u0161anas prese ar darba virsmas platumu l\u012bdz 440 mm,paredz\u0113ta, lai izcirstu v\u0101ci\u0146us, puzles, viz\u012btkartes un citus produktus biezum\u0101 l\u012bdz 1,5 mm.\",\"breadcrumb\":{\"@id\":\"https:\\\/\\\/wmtbaltic.lv\\\/product\\\/cyklos-izcirsanas-prese-c-press-440\\\/#breadcrumb\"},\"inLanguage\":\"en-US\",\"potentialAction\":[{\"@type\":\"ReadAction\",\"target\":[\"https:\\\/\\\/wmtbaltic.lv\\\/product\\\/cyklos-izcirsanas-prese-c-press-440\\\/\"]}]},{\"@type\":\"ImageObject\",\"inLanguage\":\"en-US\",\"@id\":\"https:\\\/\\\/wmtbaltic.lv\\\/product\\\/cyklos-izcirsanas-prese-c-press-440\\\/#primaryimage\",\"url\":\"https:\\\/\\\/wmtbaltic.lv\\\/wp-content\\\/uploads\\\/2023\\\/10\\\/Die-Cutting-Press-C-PRESS-440.jpg\",\"contentUrl\":\"https:\\\/\\\/wmtbaltic.lv\\\/wp-content\\\/uploads\\\/2023\\\/10\\\/Die-Cutting-Press-C-PRESS-440.jpg\",\"width\":1421,\"height\":926},{\"@type\":\"BreadcrumbList\",\"@id\":\"https:\\\/\\\/wmtbaltic.lv\\\/product\\\/cyklos-izcirsanas-prese-c-press-440\\\/#breadcrumb\",\"itemListElement\":[{\"@type\":\"ListItem\",\"position\":1,\"name\":\"Home\",\"item\":\"https:\\\/\\\/wmtbaltic.lv\\\/en\\\/\"},{\"@type\":\"ListItem\",\"position\":2,\"name\":\"Products\",\"item\":\"https:\\\/\\\/wmtbaltic.lv\\\/en\\\/shop\\\/\"},{\"@type\":\"ListItem\",\"position\":3,\"name\":\"CYKLOS Izcir\u0161anas prese C-PRESS 440\"}]},{\"@type\":\"WebSite\",\"@id\":\"https:\\\/\\\/wmtbaltic.lv\\\/#website\",\"url\":\"https:\\\/\\\/wmtbaltic.lv\\\/\",\"name\":\"WMT Baltic\",\"description\":\"Rekl\u0101mas produkti, pl\u0113ves\",\"publisher\":{\"@id\":\"https:\\\/\\\/wmtbaltic.lv\\\/#organization\"},\"potentialAction\":[{\"@type\":\"SearchAction\",\"target\":{\"@type\":\"EntryPoint\",\"urlTemplate\":\"https:\\\/\\\/wmtbaltic.lv\\\/?s={search_term_string}\"},\"query-input\":{\"@type\":\"PropertyValueSpecification\",\"valueRequired\":true,\"valueName\":\"search_term_string\"}}],\"inLanguage\":\"en-US\"},{\"@type\":\"Organization\",\"@id\":\"https:\\\/\\\/wmtbaltic.lv\\\/#organization\",\"name\":\"WMT Baltic\",\"url\":\"https:\\\/\\\/wmtbaltic.lv\\\/\",\"logo\":{\"@type\":\"ImageObject\",\"inLanguage\":\"en-US\",\"@id\":\"https:\\\/\\\/wmtbaltic.lv\\\/#\\\/schema\\\/logo\\\/image\\\/\",\"url\":\"https:\\\/\\\/wmtbaltic.lv\\\/wp-content\\\/uploads\\\/2024\\\/12\\\/wmt-baltic-sia_107142_9_420x180.jpg\",\"contentUrl\":\"https:\\\/\\\/wmtbaltic.lv\\\/wp-content\\\/uploads\\\/2024\\\/12\\\/wmt-baltic-sia_107142_9_420x180.jpg\",\"width\":420,\"height\":180,\"caption\":\"WMT Baltic\"},\"image\":{\"@id\":\"https:\\\/\\\/wmtbaltic.lv\\\/#\\\/schema\\\/logo\\\/image\\\/\"},\"sameAs\":[\"https:\\\/\\\/www.facebook.com\\\/WMT.Baltic.viscom\\\/?locale=lv_LV\",\"https:\\\/\\\/www.instagram.com\\\/viscom_wmt\\\/\"]}]}<\/script>\n<!-- \/ Yoast SEO plugin. -->","yoast_head_json":{"title":"CYKLOS Izcir\u0161anas prese C-PRESS 440 - WMT Baltic","description":"izcir\u0161anas prese ar darba virsmas platumu l\u012bdz 440 mm,paredz\u0113ta, lai izcirstu v\u0101ci\u0146us, puzles, viz\u012btkartes un citus produktus biezum\u0101 l\u012bdz 1,5 mm.","robots":{"index":"index","follow":"follow","max-snippet":"max-snippet:-1","max-image-preview":"max-image-preview:large","max-video-preview":"max-video-preview:-1"},"canonical":"https:\/\/wmtbaltic.lv\/product\/cyklos-izcirsanas-prese-c-press-440\/","og_locale":"en_US","og_type":"article","og_title":"CYKLOS Izcir\u0161anas prese C-PRESS 440 - WMT Baltic","og_description":"izcir\u0161anas prese ar darba virsmas platumu l\u012bdz 440 mm,paredz\u0113ta, lai izcirstu v\u0101ci\u0146us, puzles, viz\u012btkartes un citus produktus biezum\u0101 l\u012bdz 1,5 mm.","og_url":"https:\/\/wmtbaltic.lv\/product\/cyklos-izcirsanas-prese-c-press-440\/","og_site_name":"WMT Baltic","article_publisher":"https:\/\/www.facebook.com\/WMT.Baltic.viscom\/?locale=lv_LV","article_modified_time":"2026-03-30T08:12:25+00:00","og_image":[{"width":1421,"height":926,"url":"http:\/\/wmtbaltic.lv\/wp-content\/uploads\/2023\/10\/Die-Cutting-Press-C-PRESS-440.jpg","type":"image\/jpeg"}],"twitter_card":"summary_large_image","twitter_misc":{"Est. reading time":"1 minute"},"schema":{"@context":"https:\/\/schema.org","@graph":[{"@type":"WebPage","@id":"https:\/\/wmtbaltic.lv\/product\/cyklos-izcirsanas-prese-c-press-440\/","url":"https:\/\/wmtbaltic.lv\/product\/cyklos-izcirsanas-prese-c-press-440\/","name":"CYKLOS Izcir\u0161anas prese C-PRESS 440 - WMT Baltic","isPartOf":{"@id":"https:\/\/wmtbaltic.lv\/#website"},"primaryImageOfPage":{"@id":"https:\/\/wmtbaltic.lv\/product\/cyklos-izcirsanas-prese-c-press-440\/#primaryimage"},"image":{"@id":"https:\/\/wmtbaltic.lv\/product\/cyklos-izcirsanas-prese-c-press-440\/#primaryimage"},"thumbnailUrl":"https:\/\/wmtbaltic.lv\/wp-content\/uploads\/2023\/10\/Die-Cutting-Press-C-PRESS-440.jpg","datePublished":"2023-10-25T13:08:09+00:00","dateModified":"2026-03-30T08:12:25+00:00","description":"izcir\u0161anas prese ar darba virsmas platumu l\u012bdz 440 mm,paredz\u0113ta, lai izcirstu v\u0101ci\u0146us, puzles, viz\u012btkartes un citus produktus biezum\u0101 l\u012bdz 1,5 mm.","breadcrumb":{"@id":"https:\/\/wmtbaltic.lv\/product\/cyklos-izcirsanas-prese-c-press-440\/#breadcrumb"},"inLanguage":"en-US","potentialAction":[{"@type":"ReadAction","target":["https:\/\/wmtbaltic.lv\/product\/cyklos-izcirsanas-prese-c-press-440\/"]}]},{"@type":"ImageObject","inLanguage":"en-US","@id":"https:\/\/wmtbaltic.lv\/product\/cyklos-izcirsanas-prese-c-press-440\/#primaryimage","url":"https:\/\/wmtbaltic.lv\/wp-content\/uploads\/2023\/10\/Die-Cutting-Press-C-PRESS-440.jpg","contentUrl":"https:\/\/wmtbaltic.lv\/wp-content\/uploads\/2023\/10\/Die-Cutting-Press-C-PRESS-440.jpg","width":1421,"height":926},{"@type":"BreadcrumbList","@id":"https:\/\/wmtbaltic.lv\/product\/cyklos-izcirsanas-prese-c-press-440\/#breadcrumb","itemListElement":[{"@type":"ListItem","position":1,"name":"Home","item":"https:\/\/wmtbaltic.lv\/en\/"},{"@type":"ListItem","position":2,"name":"Products","item":"https:\/\/wmtbaltic.lv\/en\/shop\/"},{"@type":"ListItem","position":3,"name":"CYKLOS Izcir\u0161anas prese C-PRESS 440"}]},{"@type":"WebSite","@id":"https:\/\/wmtbaltic.lv\/#website","url":"https:\/\/wmtbaltic.lv\/","name":"WMT Baltic","description":"Rekl\u0101mas produkti, pl\u0113ves","publisher":{"@id":"https:\/\/wmtbaltic.lv\/#organization"},"potentialAction":[{"@type":"SearchAction","target":{"@type":"EntryPoint","urlTemplate":"https:\/\/wmtbaltic.lv\/?s={search_term_string}"},"query-input":{"@type":"PropertyValueSpecification","valueRequired":true,"valueName":"search_term_string"}}],"inLanguage":"en-US"},{"@type":"Organization","@id":"https:\/\/wmtbaltic.lv\/#organization","name":"WMT Baltic","url":"https:\/\/wmtbaltic.lv\/","logo":{"@type":"ImageObject","inLanguage":"en-US","@id":"https:\/\/wmtbaltic.lv\/#\/schema\/logo\/image\/","url":"https:\/\/wmtbaltic.lv\/wp-content\/uploads\/2024\/12\/wmt-baltic-sia_107142_9_420x180.jpg","contentUrl":"https:\/\/wmtbaltic.lv\/wp-content\/uploads\/2024\/12\/wmt-baltic-sia_107142_9_420x180.jpg","width":420,"height":180,"caption":"WMT Baltic"},"image":{"@id":"https:\/\/wmtbaltic.lv\/#\/schema\/logo\/image\/"},"sameAs":["https:\/\/www.facebook.com\/WMT.Baltic.viscom\/?locale=lv_LV","https:\/\/www.instagram.com\/viscom_wmt\/"]}]}},"_links":{"self":[{"href":"https:\/\/wmtbaltic.lv\/en\/wp-json\/wp\/v2\/product\/15525","targetHints":{"allow":["GET"]}}],"collection":[{"href":"https:\/\/wmtbaltic.lv\/en\/wp-json\/wp\/v2\/product"}],"about":[{"href":"https:\/\/wmtbaltic.lv\/en\/wp-json\/wp\/v2\/types\/product"}],"replies":[{"embeddable":true,"href":"https:\/\/wmtbaltic.lv\/en\/wp-json\/wp\/v2\/comments?post=15525"}],"wp:featuredmedia":[{"embeddable":true,"href":"https:\/\/wmtbaltic.lv\/en\/wp-json\/wp\/v2\/media\/15526"}],"wp:attachment":[{"href":"https:\/\/wmtbaltic.lv\/en\/wp-json\/wp\/v2\/media?parent=15525"}],"wp:term":[{"taxonomy":"product_brand","embeddable":true,"href":"https:\/\/wmtbaltic.lv\/en\/wp-json\/wp\/v2\/product_brand?post=15525"},{"taxonomy":"product_cat","embeddable":true,"href":"https:\/\/wmtbaltic.lv\/en\/wp-json\/wp\/v2\/product_cat?post=15525"},{"taxonomy":"product_tag","embeddable":true,"href":"https:\/\/wmtbaltic.lv\/en\/wp-json\/wp\/v2\/product_tag?post=15525"}],"curies":[{"name":"wp","href":"https:\/\/api.w.org\/{rel}","templated":true}]}}