{"id":15520,"date":"2023-10-25T12:35:34","date_gmt":"2023-10-25T12:35:34","guid":{"rendered":"https:\/\/wmtbaltic.lv\/?post_type=product&#038;p=15520"},"modified":"2024-01-15T09:14:17","modified_gmt":"2024-01-15T09:14:17","slug":"drukas-limpleve-3d-cast-slide-tack-c50-balta","status":"publish","type":"product","link":"https:\/\/wmtbaltic.lv\/en\/product\/drukas-limpleve-3d-cast-slide-tack-c50-balta\/","title":{"rendered":"Drukas l\u012bmpl\u0113ve 3D, CAST SLIDE TACK C50, balta,"},"content":{"rendered":"<p><span id=\"page51R_mcid79\" class=\"markedContent\"><span dir=\"ltr\" role=\"presentation\"><span id=\"page51R_mcid81\" class=\"markedContent\">Inovat\u012bva liet\u0101 pl\u0113ve ar l\u012bmi, kas &#8220;str\u0101d\u0101&#8221; piespie\u017eot un \u013cauj prec\u012bzi novietot att\u0113lu uz virsmas. Ide\u0101li piem\u0113rota pilnai auto<\/span><span id=\"page51R_mcid82\" class=\"markedContent\"><br role=\"presentation\" \/>apl\u012bm\u0113\u0161anai. Druka ar visa veida lielform\u0101ta printeriem. Pl\u0113ve ir pl\u0101na &#8211; ide\u0101li piem\u0113rota ilgsto\u0161\u0101m eti\u0137et\u0113m<\/span><\/span><\/span><\/p>\n<p>Liet\u0101 drukas l\u012bmpl\u0113ve 3D.<br \/>\n&#8211; CAST SLIDE TACK C50<br \/>\n&#8211; balta<br \/>\n<span id=\"page51R_mcid3\" class=\"markedContent\">Ru\u013c\u013ca platums: <\/span><span id=\"page51R_mcid14\" class=\"markedContent\">1.52 x 50m<\/span><br \/>\n&#8211; 8-10 <span id=\"page51R_mcid80\" class=\"markedContent\"><span dir=\"ltr\" role=\"presentation\">gadi<\/span><\/span><\/p>\n<p><strong>Tehniskasi apraksts:<\/strong> <a href=\"http:\/\/wmtbaltic.lv\/wp-content\/uploads\/2023\/10\/Ri_Jet_C50_Ultimate_Slide___Tack___uk___issue_2_de03.pdf\">Ri_Jet_C50_Ultimate_Slide___Tack___uk___issue_2_de03<\/a><\/p>\n<p>&nbsp;<\/p>\n<p>&nbsp;<\/p>\n<iframe loading=\"lazy\"  id=\"_ytid_53359\"  width=\"780\" height=\"439\"  data-origwidth=\"780\" data-origheight=\"439\" src=\"https:\/\/www.youtube.com\/embed\/3DDy1OFJJTE?enablejsapi=1&autoplay=0&cc_load_policy=0&cc_lang_pref=&iv_load_policy=1&loop=0&rel=1&fs=1&playsinline=0&autohide=2&theme=dark&color=red&controls=1&disablekb=0&\" class=\"__youtube_prefs__  no-lazyload\" title=\"YouTube player\"  allow=\"fullscreen; accelerometer; autoplay; clipboard-write; encrypted-media; gyroscope; picture-in-picture; web-share\" referrerpolicy=\"strict-origin-when-cross-origin\" allowfullscreen data-no-lazy=\"1\" data-skipgform_ajax_framebjll=\"\"><\/iframe>\n","protected":false},"excerpt":{"rendered":"Inovat\u012bva liet\u0101 pl\u0113ve ar l\u012bmi, kas \"str\u0101d\u0101\" piespie\u017eot un \u013cauj prec\u012bzi novietot att\u0113lu uz virsmas. Ide\u0101li piem\u0113rota pilnai autoapl\u012bm\u0113\u0161anai. Druka ar visa veida lielform\u0101ta printeriem. Pl\u0113ve ir pl\u0101na - ide\u0101li piem\u0113rota ilgsto\u0161\u0101m eti\u0137et\u0113m Liet\u0101 drukas l\u012bmpl\u0113ve 3D. - CAST SLIDE TACK C50 - balta Ru\u013c\u013ca platums: 1.52 x 50m - 8-10 gadi Tehniskasi apraksts: Ri_Jet_C50_Ultimate_Slide___Tack___uk___issue_2_de03 [...]","protected":false},"featured_media":15775,"template":"","meta":[],"product_brand":[],"product_cat":[172,445],"product_tag":[965,1316,1315,1257],"class_list":{"0":"post-15520","1":"product","2":"type-product","3":"status-publish","4":"has-post-thumbnail","6":"product_cat-limpleves-drukai","7":"product_cat-polimera-limpleves","8":"product_tag-3d","9":"product_tag-balta","10":"product_tag-cast-slide-tack","11":"product_tag-limpleve","13":"first","14":"instock","15":"shipping-taxable","16":"purchasable","17":"product-type-simple"},"yoast_head":"<!-- This site is optimized with the Yoast SEO plugin v27.4 - https:\/\/yoast.com\/product\/yoast-seo-wordpress\/ -->\n<title>Drukas l\u012bmpl\u0113ve 3D, CAST SLIDE TACK C50, balta, - WMT Baltic<\/title>\n<meta name=\"description\" content=\"Inovat\u012bva liet\u0101 pl\u0113ve ar l\u012bmi, kas &quot;str\u0101d\u0101&quot; piespie\u017eot un \u013cauj prec\u012bzi novietot att\u0113lu uz virsmas. Ide\u0101li piem\u0113rota pilnai autoapl\u012bm\u0113\u0161anai. Druka ar visa veida lielform\u0101ta printeriem. Pl\u0113ve ir pl\u0101na - ide\u0101li piem\u0113rota ilgsto\u0161\u0101m eti\u0137et\u0113m. Pirkt Riga\" \/>\n<meta name=\"robots\" content=\"index, follow, max-snippet:-1, max-image-preview:large, max-video-preview:-1\" \/>\n<link rel=\"canonical\" href=\"https:\/\/wmtbaltic.lv\/Produkts\/drukas-limpleve-3d-cast-slide-tack-c50-balta\/\" \/>\n<meta property=\"og:locale\" content=\"en_US\" \/>\n<meta property=\"og:type\" content=\"article\" \/>\n<meta property=\"og:title\" content=\"Drukas l\u012bmpl\u0113ve 3D, CAST SLIDE TACK C50, balta, - WMT Baltic\" \/>\n<meta property=\"og:description\" content=\"Inovat\u012bva liet\u0101 pl\u0113ve ar l\u012bmi, kas &quot;str\u0101d\u0101&quot; piespie\u017eot un \u013cauj prec\u012bzi novietot att\u0113lu uz virsmas. Ide\u0101li piem\u0113rota pilnai autoapl\u012bm\u0113\u0161anai. Druka ar visa veida lielform\u0101ta printeriem. Pl\u0113ve ir pl\u0101na - ide\u0101li piem\u0113rota ilgsto\u0161\u0101m eti\u0137et\u0113m. Pirkt Riga\" \/>\n<meta property=\"og:url\" content=\"https:\/\/wmtbaltic.lv\/Produkts\/drukas-limpleve-3d-cast-slide-tack-c50-balta\/\" \/>\n<meta property=\"og:site_name\" content=\"WMT Baltic\" \/>\n<meta property=\"article:publisher\" content=\"https:\/\/www.facebook.com\/WMT.Baltic.viscom\/?locale=lv_LV\" \/>\n<meta property=\"article:modified_time\" content=\"2024-01-15T09:14:17+00:00\" \/>\n<meta property=\"og:image\" content=\"http:\/\/wmtbaltic.lv\/wp-content\/uploads\/2023\/10\/08587-2-1000x1000-1.png\" \/>\n\t<meta property=\"og:image:width\" content=\"1000\" \/>\n\t<meta property=\"og:image:height\" content=\"1000\" \/>\n\t<meta property=\"og:image:type\" content=\"image\/png\" \/>\n<meta name=\"twitter:card\" content=\"summary_large_image\" \/>\n<meta name=\"twitter:label1\" content=\"Est. reading time\" \/>\n\t<meta name=\"twitter:data1\" content=\"1 minute\" \/>\n<script type=\"application\/ld+json\" class=\"yoast-schema-graph\">{\"@context\":\"https:\\\/\\\/schema.org\",\"@graph\":[{\"@type\":\"WebPage\",\"@id\":\"https:\\\/\\\/wmtbaltic.lv\\\/Produkts\\\/drukas-limpleve-3d-cast-slide-tack-c50-balta\\\/\",\"url\":\"https:\\\/\\\/wmtbaltic.lv\\\/Produkts\\\/drukas-limpleve-3d-cast-slide-tack-c50-balta\\\/\",\"name\":\"Drukas l\u012bmpl\u0113ve 3D, CAST SLIDE TACK C50, balta, - WMT Baltic\",\"isPartOf\":{\"@id\":\"https:\\\/\\\/wmtbaltic.lv\\\/#website\"},\"primaryImageOfPage\":{\"@id\":\"https:\\\/\\\/wmtbaltic.lv\\\/Produkts\\\/drukas-limpleve-3d-cast-slide-tack-c50-balta\\\/#primaryimage\"},\"image\":{\"@id\":\"https:\\\/\\\/wmtbaltic.lv\\\/Produkts\\\/drukas-limpleve-3d-cast-slide-tack-c50-balta\\\/#primaryimage\"},\"thumbnailUrl\":\"https:\\\/\\\/wmtbaltic.lv\\\/wp-content\\\/uploads\\\/2023\\\/10\\\/08587-2-1000x1000-1.png\",\"datePublished\":\"2023-10-25T12:35:34+00:00\",\"dateModified\":\"2024-01-15T09:14:17+00:00\",\"description\":\"Inovat\u012bva liet\u0101 pl\u0113ve ar l\u012bmi, kas \\\"str\u0101d\u0101\\\" piespie\u017eot un \u013cauj prec\u012bzi novietot att\u0113lu uz virsmas. Ide\u0101li piem\u0113rota pilnai autoapl\u012bm\u0113\u0161anai. Druka ar visa veida lielform\u0101ta printeriem. Pl\u0113ve ir pl\u0101na - ide\u0101li piem\u0113rota ilgsto\u0161\u0101m eti\u0137et\u0113m. Pirkt Riga\",\"breadcrumb\":{\"@id\":\"https:\\\/\\\/wmtbaltic.lv\\\/Produkts\\\/drukas-limpleve-3d-cast-slide-tack-c50-balta\\\/#breadcrumb\"},\"inLanguage\":\"en-US\",\"potentialAction\":[{\"@type\":\"ReadAction\",\"target\":[\"https:\\\/\\\/wmtbaltic.lv\\\/Produkts\\\/drukas-limpleve-3d-cast-slide-tack-c50-balta\\\/\"]}]},{\"@type\":\"ImageObject\",\"inLanguage\":\"en-US\",\"@id\":\"https:\\\/\\\/wmtbaltic.lv\\\/Produkts\\\/drukas-limpleve-3d-cast-slide-tack-c50-balta\\\/#primaryimage\",\"url\":\"https:\\\/\\\/wmtbaltic.lv\\\/wp-content\\\/uploads\\\/2023\\\/10\\\/08587-2-1000x1000-1.png\",\"contentUrl\":\"https:\\\/\\\/wmtbaltic.lv\\\/wp-content\\\/uploads\\\/2023\\\/10\\\/08587-2-1000x1000-1.png\",\"width\":1000,\"height\":1000},{\"@type\":\"BreadcrumbList\",\"@id\":\"https:\\\/\\\/wmtbaltic.lv\\\/Produkts\\\/drukas-limpleve-3d-cast-slide-tack-c50-balta\\\/#breadcrumb\",\"itemListElement\":[{\"@type\":\"ListItem\",\"position\":1,\"name\":\"Home\",\"item\":\"https:\\\/\\\/wmtbaltic.lv\\\/en\\\/\"},{\"@type\":\"ListItem\",\"position\":2,\"name\":\"Shop\",\"item\":\"https:\\\/\\\/wmtbaltic.lv\\\/shop\\\/\"},{\"@type\":\"ListItem\",\"position\":3,\"name\":\"Drukas l\u012bmpl\u0113ve 3D, CAST SLIDE TACK C50, balta,\"}]},{\"@type\":\"WebSite\",\"@id\":\"https:\\\/\\\/wmtbaltic.lv\\\/#website\",\"url\":\"https:\\\/\\\/wmtbaltic.lv\\\/\",\"name\":\"WMT Baltic\",\"description\":\"Rekl\u0101mas produkti, pl\u0113ves\",\"publisher\":{\"@id\":\"https:\\\/\\\/wmtbaltic.lv\\\/#organization\"},\"potentialAction\":[{\"@type\":\"SearchAction\",\"target\":{\"@type\":\"EntryPoint\",\"urlTemplate\":\"https:\\\/\\\/wmtbaltic.lv\\\/?s={search_term_string}\"},\"query-input\":{\"@type\":\"PropertyValueSpecification\",\"valueRequired\":true,\"valueName\":\"search_term_string\"}}],\"inLanguage\":\"en-US\"},{\"@type\":\"Organization\",\"@id\":\"https:\\\/\\\/wmtbaltic.lv\\\/#organization\",\"name\":\"WMT Baltic\",\"url\":\"https:\\\/\\\/wmtbaltic.lv\\\/\",\"logo\":{\"@type\":\"ImageObject\",\"inLanguage\":\"en-US\",\"@id\":\"https:\\\/\\\/wmtbaltic.lv\\\/#\\\/schema\\\/logo\\\/image\\\/\",\"url\":\"https:\\\/\\\/wmtbaltic.lv\\\/wp-content\\\/uploads\\\/2024\\\/12\\\/wmt-baltic-sia_107142_9_420x180.jpg\",\"contentUrl\":\"https:\\\/\\\/wmtbaltic.lv\\\/wp-content\\\/uploads\\\/2024\\\/12\\\/wmt-baltic-sia_107142_9_420x180.jpg\",\"width\":420,\"height\":180,\"caption\":\"WMT Baltic\"},\"image\":{\"@id\":\"https:\\\/\\\/wmtbaltic.lv\\\/#\\\/schema\\\/logo\\\/image\\\/\"},\"sameAs\":[\"https:\\\/\\\/www.facebook.com\\\/WMT.Baltic.viscom\\\/?locale=lv_LV\",\"https:\\\/\\\/www.instagram.com\\\/viscom_wmt\\\/\"]}]}<\/script>\n<!-- \/ Yoast SEO plugin. -->","yoast_head_json":{"title":"Drukas l\u012bmpl\u0113ve 3D, CAST SLIDE TACK C50, balta, - WMT Baltic","description":"Inovat\u012bva liet\u0101 pl\u0113ve ar l\u012bmi, kas \"str\u0101d\u0101\" piespie\u017eot un \u013cauj prec\u012bzi novietot att\u0113lu uz virsmas. Ide\u0101li piem\u0113rota pilnai autoapl\u012bm\u0113\u0161anai. Druka ar visa veida lielform\u0101ta printeriem. Pl\u0113ve ir pl\u0101na - ide\u0101li piem\u0113rota ilgsto\u0161\u0101m eti\u0137et\u0113m. Pirkt Riga","robots":{"index":"index","follow":"follow","max-snippet":"max-snippet:-1","max-image-preview":"max-image-preview:large","max-video-preview":"max-video-preview:-1"},"canonical":"https:\/\/wmtbaltic.lv\/Produkts\/drukas-limpleve-3d-cast-slide-tack-c50-balta\/","og_locale":"en_US","og_type":"article","og_title":"Drukas l\u012bmpl\u0113ve 3D, CAST SLIDE TACK C50, balta, - WMT Baltic","og_description":"Inovat\u012bva liet\u0101 pl\u0113ve ar l\u012bmi, kas \"str\u0101d\u0101\" piespie\u017eot un \u013cauj prec\u012bzi novietot att\u0113lu uz virsmas. Ide\u0101li piem\u0113rota pilnai autoapl\u012bm\u0113\u0161anai. Druka ar visa veida lielform\u0101ta printeriem. Pl\u0113ve ir pl\u0101na - ide\u0101li piem\u0113rota ilgsto\u0161\u0101m eti\u0137et\u0113m. Pirkt Riga","og_url":"https:\/\/wmtbaltic.lv\/Produkts\/drukas-limpleve-3d-cast-slide-tack-c50-balta\/","og_site_name":"WMT Baltic","article_publisher":"https:\/\/www.facebook.com\/WMT.Baltic.viscom\/?locale=lv_LV","article_modified_time":"2024-01-15T09:14:17+00:00","og_image":[{"width":1000,"height":1000,"url":"http:\/\/wmtbaltic.lv\/wp-content\/uploads\/2023\/10\/08587-2-1000x1000-1.png","type":"image\/png"}],"twitter_card":"summary_large_image","twitter_misc":{"Est. reading time":"1 minute"},"schema":{"@context":"https:\/\/schema.org","@graph":[{"@type":"WebPage","@id":"https:\/\/wmtbaltic.lv\/Produkts\/drukas-limpleve-3d-cast-slide-tack-c50-balta\/","url":"https:\/\/wmtbaltic.lv\/Produkts\/drukas-limpleve-3d-cast-slide-tack-c50-balta\/","name":"Drukas l\u012bmpl\u0113ve 3D, CAST SLIDE TACK C50, balta, - WMT Baltic","isPartOf":{"@id":"https:\/\/wmtbaltic.lv\/#website"},"primaryImageOfPage":{"@id":"https:\/\/wmtbaltic.lv\/Produkts\/drukas-limpleve-3d-cast-slide-tack-c50-balta\/#primaryimage"},"image":{"@id":"https:\/\/wmtbaltic.lv\/Produkts\/drukas-limpleve-3d-cast-slide-tack-c50-balta\/#primaryimage"},"thumbnailUrl":"https:\/\/wmtbaltic.lv\/wp-content\/uploads\/2023\/10\/08587-2-1000x1000-1.png","datePublished":"2023-10-25T12:35:34+00:00","dateModified":"2024-01-15T09:14:17+00:00","description":"Inovat\u012bva liet\u0101 pl\u0113ve ar l\u012bmi, kas \"str\u0101d\u0101\" piespie\u017eot un \u013cauj prec\u012bzi novietot att\u0113lu uz virsmas. Ide\u0101li piem\u0113rota pilnai autoapl\u012bm\u0113\u0161anai. Druka ar visa veida lielform\u0101ta printeriem. Pl\u0113ve ir pl\u0101na - ide\u0101li piem\u0113rota ilgsto\u0161\u0101m eti\u0137et\u0113m. Pirkt Riga","breadcrumb":{"@id":"https:\/\/wmtbaltic.lv\/Produkts\/drukas-limpleve-3d-cast-slide-tack-c50-balta\/#breadcrumb"},"inLanguage":"en-US","potentialAction":[{"@type":"ReadAction","target":["https:\/\/wmtbaltic.lv\/Produkts\/drukas-limpleve-3d-cast-slide-tack-c50-balta\/"]}]},{"@type":"ImageObject","inLanguage":"en-US","@id":"https:\/\/wmtbaltic.lv\/Produkts\/drukas-limpleve-3d-cast-slide-tack-c50-balta\/#primaryimage","url":"https:\/\/wmtbaltic.lv\/wp-content\/uploads\/2023\/10\/08587-2-1000x1000-1.png","contentUrl":"https:\/\/wmtbaltic.lv\/wp-content\/uploads\/2023\/10\/08587-2-1000x1000-1.png","width":1000,"height":1000},{"@type":"BreadcrumbList","@id":"https:\/\/wmtbaltic.lv\/Produkts\/drukas-limpleve-3d-cast-slide-tack-c50-balta\/#breadcrumb","itemListElement":[{"@type":"ListItem","position":1,"name":"Home","item":"https:\/\/wmtbaltic.lv\/en\/"},{"@type":"ListItem","position":2,"name":"Shop","item":"https:\/\/wmtbaltic.lv\/shop\/"},{"@type":"ListItem","position":3,"name":"Drukas l\u012bmpl\u0113ve 3D, CAST SLIDE TACK C50, balta,"}]},{"@type":"WebSite","@id":"https:\/\/wmtbaltic.lv\/#website","url":"https:\/\/wmtbaltic.lv\/","name":"WMT Baltic","description":"Rekl\u0101mas produkti, pl\u0113ves","publisher":{"@id":"https:\/\/wmtbaltic.lv\/#organization"},"potentialAction":[{"@type":"SearchAction","target":{"@type":"EntryPoint","urlTemplate":"https:\/\/wmtbaltic.lv\/?s={search_term_string}"},"query-input":{"@type":"PropertyValueSpecification","valueRequired":true,"valueName":"search_term_string"}}],"inLanguage":"en-US"},{"@type":"Organization","@id":"https:\/\/wmtbaltic.lv\/#organization","name":"WMT Baltic","url":"https:\/\/wmtbaltic.lv\/","logo":{"@type":"ImageObject","inLanguage":"en-US","@id":"https:\/\/wmtbaltic.lv\/#\/schema\/logo\/image\/","url":"https:\/\/wmtbaltic.lv\/wp-content\/uploads\/2024\/12\/wmt-baltic-sia_107142_9_420x180.jpg","contentUrl":"https:\/\/wmtbaltic.lv\/wp-content\/uploads\/2024\/12\/wmt-baltic-sia_107142_9_420x180.jpg","width":420,"height":180,"caption":"WMT Baltic"},"image":{"@id":"https:\/\/wmtbaltic.lv\/#\/schema\/logo\/image\/"},"sameAs":["https:\/\/www.facebook.com\/WMT.Baltic.viscom\/?locale=lv_LV","https:\/\/www.instagram.com\/viscom_wmt\/"]}]}},"_links":{"self":[{"href":"https:\/\/wmtbaltic.lv\/en\/wp-json\/wp\/v2\/product\/15520","targetHints":{"allow":["GET"]}}],"collection":[{"href":"https:\/\/wmtbaltic.lv\/en\/wp-json\/wp\/v2\/product"}],"about":[{"href":"https:\/\/wmtbaltic.lv\/en\/wp-json\/wp\/v2\/types\/product"}],"wp:featuredmedia":[{"embeddable":true,"href":"https:\/\/wmtbaltic.lv\/en\/wp-json\/wp\/v2\/media\/15775"}],"wp:attachment":[{"href":"https:\/\/wmtbaltic.lv\/en\/wp-json\/wp\/v2\/media?parent=15520"}],"wp:term":[{"taxonomy":"product_brand","embeddable":true,"href":"https:\/\/wmtbaltic.lv\/en\/wp-json\/wp\/v2\/product_brand?post=15520"},{"taxonomy":"product_cat","embeddable":true,"href":"https:\/\/wmtbaltic.lv\/en\/wp-json\/wp\/v2\/product_cat?post=15520"},{"taxonomy":"product_tag","embeddable":true,"href":"https:\/\/wmtbaltic.lv\/en\/wp-json\/wp\/v2\/product_tag?post=15520"}],"curies":[{"name":"wp","href":"https:\/\/api.w.org\/{rel}","templated":true}]}}